{"id":20101,"date":"2019-10-23T16:18:37","date_gmt":"2019-10-23T15:18:37","guid":{"rendered":"https:\/\/www.italcaffe.it\/kaffeekapseln-arabica-kolumbien\/"},"modified":"2022-02-18T17:02:04","modified_gmt":"2022-02-18T16:02:04","slug":"kapseln-arabica-colombia","status":"publish","type":"page","link":"https:\/\/italcaffe.it\/de\/produkte\/kapseln-und-pad-linie\/kapseln-arabica-colombia\/","title":{"rendered":"KAFFEEKAPSELN ARABICA KOLUMBIEN"},"content":{"rendered":"<div class=\"wpb-content-wrapper\"><p>[vc_section el_class=&#8221;wrap-content-limit&#8221;][vc_row el_class=&#8221;wrap-content-limit&#8221;][vc_column][vc_custom_heading divider=&#8221;yes&#8221; text=&#8221;Kaffeekapseln Arabica Kolumbien&#8221; font_container=&#8221;tag:h1|font_size:24px|text_align:center|color:%23000000|line_height:24px&#8221; use_theme_fonts=&#8221;yes&#8221; el_class=&#8221;text-uppercase&#8221;][\/vc_column][\/vc_row][vc_row][vc_column width=&#8221;1\/2&#8243;][vc_gallery type=&#8221;flexslider_slide&#8221; interval=&#8221;5&#8243; images=&#8221;28525,28767,28763,28828&#8243; img_size=&#8221;570&#215;760&#8243; onclick=&#8221;&#8221; el_class=&#8221;flexslider-prodotti&#8221;][\/vc_column][vc_column width=&#8221;1\/2&#8243;][vc_raw_html]JTNDZGl2JTIwY2xhc3MlM0QlMjJ3b29jb21tZXJjZS1wcm9kdWN0LWRldGFpbHNfX3Nob3J0LWRlc2NyaXB0aW9uJTIyJTNFJTBBJTIwJTIwJTIwJTIwJTNDaDIlMjBjbGFzcyUzRCUyMnByb2R1Y3RfdGl0bGUlMjBlbnRyeS10aXRsZSUyMHRleHQtdXBwZXJjYXNlJTIwcHRfXzMwJTIyJTNFTWVya21hbGUlMjBkZXMlMjBLYWZmZWUlRTIlODAlOThzJTNDJTJGaDIlM0UlMEElMjAlMjAlMjAlMjAlM0NkaXYlMjBjbGFzcyUzRCUyMmphcy1yb3clMjIlM0UlMEElMjAlMjAlMjAlMjAlMjAlMjAlMjAlMjAlM0NkaXYlMjBjbGFzcyUzRCUyMmphcy1jb2wtbWQtNSUyMHRleHQtcmlnaHQlMjBjdXMtcHJvZmlsby1zZW5zb3JpYWxlLW5vbWUlMjIlM0UlM0NzcGFuJTIwY2xhc3MlM0QlMjJ0ZXh0LXVwcGVyY2FzZSUyMiUzRVIlQzMlQjZzdGVuJTNDJTJGc3BhbiUzRSUzQyUyRmRpdiUzRSUwQSUyMCUyMCUyMCUyMCUyMCUyMCUyMCUyMCUzQ2RpdiUyMGNsYXNzJTNEJTIyamFzLWNvbC1tZC03JTIyJTNFJTNDc3BhbiUyMGNsYXNzJTNEJTIyY3VzLXByb2ZpbG8tc2Vuc29yaWFsZS1jaGljY2hpJTIwY3VzLXByb2ZpbG8tc2Vuc29yaWFsZS1jaGljY2hpLTMlMjIlM0UlM0MlMkZzcGFuJTNFJTNDJTJGZGl2JTNFJTBBJTIwJTIwJTIwJTIwJTNDJTJGZGl2JTNFJTBBJTIwJTIwJTIwJTIwJTNDZGl2JTIwY2xhc3MlM0QlMjJqYXMtcm93JTIyJTNFJTBBJTIwJTIwJTIwJTIwJTIwJTIwJTIwJTIwJTNDZGl2JTIwY2xhc3MlM0QlMjJqYXMtY29sLW1kLTUlMjB0ZXh0LXJpZ2h0JTIwY3VzLXByb2ZpbG8tc2Vuc29yaWFsZS1ub21lJTIyJTNFJTNDc3BhbiUyMGNsYXNzJTNEJTIydGV4dC11cHBlcmNhc2UlMjIlM0VLJUMzJUI2cnBlciUzQyUyRnNwYW4lM0UlM0MlMkZkaXYlM0UlMEElMjAlMjAlMjAlMjAlMjAlMjAlMjAlMjAlM0NkaXYlMjBjbGFzcyUzRCUyMmphcy1jb2wtbWQtNyUyMiUzRSUzQ3NwYW4lMjBjbGFzcyUzRCUyMmN1cy1wcm9maWxvLXNlbnNvcmlhbGUtY2hpY2NoaSUyMGN1cy1wcm9maWxvLXNlbnNvcmlhbGUtY2hpY2NoaS0zJTIyJTNFJTNDJTJGc3BhbiUzRSUzQyUyRmRpdiUzRSUwQSUyMCUyMCUyMCUyMCUzQyUyRmRpdiUzRSUwQSUyMCUyMCUyMCUyMCUzQ2RpdiUyMGNsYXNzJTNEJTIyamFzLXJvdyUyMiUzRSUwQSUyMCUyMCUyMCUyMCUyMCUyMCUyMCUyMCUzQ2RpdiUyMGNsYXNzJTNEJTIyamFzLWNvbC1tZC01JTIwdGV4dC1yaWdodCUyMGN1cy1wcm9maWxvLXNlbnNvcmlhbGUtbm9tZSUyMiUzRSUzQ3NwYW4lMjBjbGFzcyUzRCUyMnRleHQtdXBwZXJjYXNlJTIyJTNFUyVDMyVBNHVyZSUzQyUyRnNwYW4lM0UlM0MlMkZkaXYlM0UlMEElMjAlMjAlMjAlMjAlMjAlMjAlMjAlMjAlM0NkaXYlMjBjbGFzcyUzRCUyMmphcy1jb2wtbWQtNyUyMiUzRSUzQ3NwYW4lMjBjbGFzcyUzRCUyMmN1cy1wcm9maWxvLXNlbnNvcmlhbGUtY2hpY2NoaSUyMGN1cy1wcm9maWxvLXNlbnNvcmlhbGUtY2hpY2NoaS00JTIyJTNFJTNDJTJGc3BhbiUzRSUzQyUyRmRpdiUzRSUwQSUyMCUyMCUyMCUyMCUzQyUyRmRpdiUzRSUwQSUyMCUyMCUyMCUyMCUzQ2RpdiUyMGNsYXNzJTNEJTIyamFzLXJvdyUyMiUzRSUwQSUyMCUyMCUyMCUyMCUyMCUyMCUyMCUyMCUzQ2RpdiUyMGNsYXNzJTNEJTIyamFzLWNvbC1tZC01JTIwdGV4dC1yaWdodCUyMGN1cy1wcm9maWxvLXNlbnNvcmlhbGUtbm9tZSUyMiUzRSUzQ3NwYW4lMjBjbGFzcyUzRCUyMnRleHQtdXBwZXJjYXNlJTIyJTNFSW50ZW5zaXQlQzMlQTR0JTNDJTJGc3BhbiUzRSUzQyUyRmRpdiUzRSUwQSUyMCUyMCUyMCUyMCUyMCUyMCUyMCUyMCUzQ2RpdiUyMGNsYXNzJTNEJTIyamFzLWNvbC1tZC03JTIyJTNFJTNDc3BhbiUyMGNsYXNzJTNEJTIyY3VzLXByb2ZpbG8tc2Vuc29yaWFsZS1jaGljY2hpJTIwY3VzLXByb2ZpbG8tc2Vuc29yaWFsZS1jaGljY2hpLTQlMjIlM0UlM0MlMkZzcGFuJTNFJTNDJTJGZGl2JTNFJTBBJTIwJTIwJTIwJTIwJTNDJTJGZGl2JTNFJTBBJTIwJTIwJTIwJTIwJTNDZGl2JTIwY2xhc3MlM0QlMjJqYXMtcm93JTIyJTNFJTBBJTIwJTIwJTIwJTIwJTIwJTIwJTIwJTIwJTNDZGl2JTIwY2xhc3MlM0QlMjJqYXMtY29sLW1kLTUlMjB0ZXh0LXJpZ2h0JTIwY3VzLXByb2ZpbG8tc2Vuc29yaWFsZS1ub21lJTIyJTNFJTNDc3BhbiUyMGNsYXNzJTNEJTIydGV4dC11cHBlcmNhc2UlMjIlM0VBcm9tYSUzQyUyRnNwYW4lM0UlM0MlMkZkaXYlM0UlMEElMjAlMjAlMjAlMjAlMjAlMjAlMjAlMjAlM0NkaXYlMjBjbGFzcyUzRCUyMmphcy1jb2wtbWQtNyUyMiUzRSUwQSUyMCUyMCUyMCUyMCUyMCUyMCUyMCUyMCUyMCUyMCUyMCUyMCUzQ3NwYW4lMjBjbGFzcyUzRCUyMmN1cy1wcm9maWxvLXNlbnNvcmlhbGUtY2hpY2NoaSUyMGN1cy1wcm9maWxvLXNlbnNvcmlhbGUtY2hpY2NoaS0zJTIyJTNFJTNDJTJGc3BhbiUzRSUzQyUyRmRpdiUzRSUwQSUyMCUyMCUyMCUyMCUzQyUyRmRpdiUzRSUwQSUzQyUyRmRpdiUzRQ==[\/vc_raw_html][vc_wp_text]<\/p>\n<p>Italienisch Espresso Hergestellt mit Kaffee 100% Arabica aus Kolumbien. Kaffee mit gutem K\u00f6rper. Mittlere S\u00e4uregehalt mit Aromen von kandierten Zitrusfr\u00fcchten. Die auf Nuancen von reifen Pflaumen und getrockneten Datteln treffen. Der Nachgeschmack offerback eine \u00fcberraschende Spur von dunklem Kakao und Rosinen.<\/p>\n<p>Kapseln kompatibel mit den Maschinen der Marke Nespresso\u00ae f\u00fcr den privaten Gebrauch. Das Markenzeichen Nespresso\u00ae ist nicht im Besitz der Italcaff\u00e8 S.p.A. oder anderen dieser Firma angeschlossenen Gesellschaften.<\/p>\n<p>[\/vc_wp_text][\/vc_column][\/vc_row][\/vc_section][vc_section el_class=&#8221;wrap-home-pillars&#8221; css=&#8221;.vc_custom_1562852209382{border-bottom-width: 5px !important;border-bottom-color: #ffffff !important;border-bottom-style: solid !important;}&#8221;][vc_row css=&#8221;.vc_custom_1570542705221{padding-top: 50px !important;padding-bottom: 25px !important;background-color: #e40520 !important;}&#8221;][vc_column width=&#8221;1\/3&#8243; css=&#8221;.vc_custom_1570542690545{margin-bottom: 0px !important;padding-bottom: 0px !important;background-color: #e40520 !important;}&#8221;][vc_raw_html css=&#8221;.vc_custom_1563817998237{margin-top: 0px !important;margin-bottom: 0px !important;padding-top: 0px !important;padding-bottom: 0px !important;}&#8221;]JTNDZGl2JTIwY2xhc3MlM0QlMjJqYXMtc2VydmljZSUyMHRjJTIwd3JhcC1ob21lLXBpbGxhcnMtc2luZ2xlJTIwYm9yZGVyLXJpZ2h0LXdoaXRlJTIyJTNFJTBBJTNDYSUyMGhyZWYlM0QlMjJodHRwcyUzQSUyRiUyRnd3dy5pdGFsY2FmZmUuaXQlMkZzaG9wJTJGbWlvLWFjY291bnQlMkYlMjIlM0UlMEElM0NkaXYlMjBjbGFzcyUzRCUyMmljb24lMjBtZWRpdW0lMjBjcCUyMiUyMHN0eWxlJTNEJTIyY29sb3IlM0ElMjAlMjNmZmZmZmYlM0IlMjIlM0UlMEElM0NpJTIwY2xhc3MlM0QlMjJwZS03cy1jYXIlMjBpY28tY3VzLXNjb250byUyMiUzRSUzQyUyRmklM0UlMEElM0MlMkZkaXYlM0UlMEElM0NkaXYlMjBjbGFzcyUzRCUyMmNvbnRlbnQlMjIlM0UlM0NoMyUyMGNsYXNzJTNEJTIydGl0bGUlMjBjcCUyMHR1JTIwZnNfXzE0JTIwbWdfXzAlMjBtYl9fNSUyMHRleHQtdXBwZXJjYXNlJTIyJTIwc3R5bGUlM0QlMjJjb2xvciUzQSUyMCUyM2ZmZmZmZiUzQiUyMiUzRVNjb250byUyMHNwZWNpYWxlJTIwLTEwJTI1JTNDJTJGaDMlM0UlM0NwJTIwY2xhc3MlM0QlMjJtZ19fMCUyMiUyMHN0eWxlJTNEJTIyY29sb3IlM0ElMjAlMjNmZmZmZmYlM0IlMjIlM0VwZXIlMjBDbGllbnRpJTIwcmVnaXN0cmF0aSUzQyUyRnAlM0UlM0MlMkZkaXYlM0UlMEElMEElMEElM0MlMkZhJTNFJTBBJTNDJTJGZGl2JTNF[\/vc_raw_html][\/vc_column][vc_column width=&#8221;1\/3&#8243; css=&#8221;.vc_custom_1570542697425{background-color: #e40520 !important;}&#8221;][vc_raw_html css=&#8221;.vc_custom_1563818255259{margin-top: 0px !important;margin-bottom: 0px !important;padding-top: 0px !important;padding-bottom: 0px !important;}&#8221;]PGRpdiBjbGFzcz0iamFzLXNlcnZpY2UgdGMgd3JhcC1ob21lLXBpbGxhcnMtc2luZ2xlIGJvcmRlci1yaWdodC13aGl0ZSI+DQo8YSBocmVmPSJodHRwczovL3d3dy5pdGFsY2FmZmUuaXQvIj4NCg0KPGRpdiBjbGFzcz0iaWNvbiBtZWRpdW0gY3AiIHN0eWxlPSJjb2xvcjogI2ZmZmZmZjsiPjxpIGNsYXNzPSJwZS03cy10aW1lciI+PC9pPjwvZGl2PjxkaXYgY2xhc3M9ImNvbnRlbnQiPjxoMyBjbGFzcz0idGl0bGUgY3AgdHUgZnNfXzE0IG1nX18wIG1iX181IiBzdHlsZT0iY29sb3I6ICNmZmZmZmY7Ij5CRVNURUxMRU4gU0lFIE9OTElORTwvaDM+PHAgY2xhc3M9Im1nX18wIiBzdHlsZT0iY29sb3I6ICNmZmZmZmY7Ij4yNCBTdHVuZGVuIGFtIFRhZzwvcD48L2Rpdj4NCjwvYT4NCjwvZGl2Pg==[\/vc_raw_html][\/vc_column][vc_column width=&#8221;1\/3&#8243; css=&#8221;.vc_custom_1563818085979{margin-top: 0px !important;margin-bottom: 0px !important;padding-top: 0px !important;padding-bottom: 0px !important;}&#8221;][vc_raw_html css=&#8221;.vc_custom_1564068944959{margin-top: 0px !important;margin-bottom: 0px !important;padding-top: 0px !important;padding-bottom: 0px !important;}&#8221;]JTNDZGl2JTIwY2xhc3MlM0QlMjJqYXMtc2VydmljZSUyMHRjJTIwd3JhcC1ob21lLXBpbGxhcnMtc2luZ2xlJTIyJTNFJTBBJTNDYSUzRSUwQSUwQSUzQ2RpdiUyMGNsYXNzJTNEJTIyaWNvbiUyMG1lZGl1bSUyMGNwJTIyJTIwc3R5bGUlM0QlMjJjb2xvciUzQSUyMCUyM2ZmZmZmZiUzQiUyMiUzRSUzQ2klMjBjbGFzcyUzRCUyMnBlLTdzLWRpYW1vbmQlMjIlM0UlM0MlMkZpJTNFJTNDJTJGZGl2JTNFJTNDZGl2JTIwY2xhc3MlM0QlMjJjb250ZW50JTIyJTNFJTNDaDMlMjBjbGFzcyUzRCUyMnRpdGxlJTIwY3AlMjB0dSUyMGZzX18xNCUyMG1nX18wJTIwbWJfXzUlMjIlMjBzdHlsZSUzRCUyMmNvbG9yJTNBJTIwJTIzZmZmZmZmJTNCJTIyJTNFU0NFR0xJJTIwTEElMjBRVUFMSVQlQzMlODAlM0MlMkZoMyUzRSUzQ3AlMjBjbGFzcyUzRCUyMm1nX18wJTIyJTIwc3R5bGUlM0QlMjJjb2xvciUzQSUyMCUyM2ZmZmZmZiUzQiUyMiUzRUklMjBtaWdsaW9yaSUyMGNhZmYlQzMlQTglMjBkYWwlMjBtb25kbyUyMG5lbGxhJTIwbm9zdHJhJTIwdGVycmElM0MlMkZwJTNFJTNDJTJGZGl2JTNFJTBBJTBBJTNDJTJGYSUzRSUwQSUzQyUyRmRpdiUzRQ==[\/vc_raw_html][\/vc_column][\/vc_row][\/vc_section][vc_row][vc_column][vc_empty_space height=&#8221;100px&#8221;][\/vc_column][\/vc_row]<\/p>\n<\/div>","protected":false},"excerpt":{"rendered":"<p>[vc_section el_class=&#8221;wrap-content-limit&#8221;][vc_row el_class=&#8221;wrap-content-limit&#8221;][vc_column][vc_custom_heading divider=&#8221;yes&#8221; text=&#8221;Kaffeekapseln Arabica Kolumbien&#8221; font_container=&#8221;tag:h1|font_size:24px|text_align:center|color:%23000000|line_height:24px&#8221; use_theme_fonts=&#8221;yes&#8221; el_class=&#8221;text-uppercase&#8221;][\/vc_column][\/vc_row][vc_row][vc_column width=&#8221;1\/2&#8243;][vc_gallery type=&#8221;flexslider_slide&#8221; interval=&#8221;5&#8243; images=&#8221;28525,28767,28763,28828&#8243; img_size=&#8221;570&#215;760&#8243; onclick=&#8221;&#8221; el_class=&#8221;flexslider-prodotti&#8221;][\/vc_column][vc_column width=&#8221;1\/2&#8243;][vc_raw_html]JTNDZGl2JTIwY2xhc3MlM0QlMjJ3b29jb21tZXJjZS1wcm9kdWN0LWRldGFpbHNfX3Nob3J0LWRlc2NyaXB0aW9uJTIyJTNFJTBBJTIwJTIwJTIwJTIwJTNDaDIlMjBjbGFzcyUzRCUyMnByb2R1Y3RfdGl0bGUlMjBlbnRyeS10aXRsZSUyMHRleHQtdXBwZXJjYXNlJTIwcHRfXzMwJTIyJTNFTWVya21hbGUlMjBkZXMlMjBLYWZmZWUlRTIlODAlOThzJTNDJTJGaDIlM0UlMEElMjAlMjAlMjAlMjAlM0NkaXYlMjBjbGFzcyUzRCUyMmphcy1yb3clMjIlM0UlMEElMjAlMjAlMjAlMjAlMjAlMjAlMjAlMjAlM0NkaXYlMjBjbGFzcyUzRCUyMmphcy1jb2wtbWQtNSUyMHRleHQtcmlnaHQlMjBjdXMtcHJvZmlsby1zZW5zb3JpYWxlLW5vbWUlMjIlM0UlM0NzcGFuJTIwY2xhc3MlM0QlMjJ0ZXh0LXVwcGVyY2FzZSUyMiUzRVIlQzMlQjZzdGVuJTNDJTJGc3BhbiUzRSUzQyUyRmRpdiUzRSUwQSUyMCUyMCUyMCUyMCUyMCUyMCUyMCUyMCUzQ2RpdiUyMGNsYXNzJTNEJTIyamFzLWNvbC1tZC03JTIyJTNFJTNDc3BhbiUyMGNsYXNzJTNEJTIyY3VzLXByb2ZpbG8tc2Vuc29yaWFsZS1jaGljY2hpJTIwY3VzLXByb2ZpbG8tc2Vuc29yaWFsZS1jaGljY2hpLTMlMjIlM0UlM0MlMkZzcGFuJTNFJTNDJTJGZGl2JTNFJTBBJTIwJTIwJTIwJTIwJTNDJTJGZGl2JTNFJTBBJTIwJTIwJTIwJTIwJTNDZGl2JTIwY2xhc3MlM0QlMjJqYXMtcm93JTIyJTNFJTBBJTIwJTIwJTIwJTIwJTIwJTIwJTIwJTIwJTNDZGl2JTIwY2xhc3MlM0QlMjJqYXMtY29sLW1kLTUlMjB0ZXh0LXJpZ2h0JTIwY3VzLXByb2ZpbG8tc2Vuc29yaWFsZS1ub21lJTIyJTNFJTNDc3BhbiUyMGNsYXNzJTNEJTIydGV4dC11cHBlcmNhc2UlMjIlM0VLJUMzJUI2cnBlciUzQyUyRnNwYW4lM0UlM0MlMkZkaXYlM0UlMEElMjAlMjAlMjAlMjAlMjAlMjAlMjAlMjAlM0NkaXYlMjBjbGFzcyUzRCUyMmphcy1jb2wtbWQtNyUyMiUzRSUzQ3NwYW4lMjBjbGFzcyUzRCUyMmN1cy1wcm9maWxvLXNlbnNvcmlhbGUtY2hpY2NoaSUyMGN1cy1wcm9maWxvLXNlbnNvcmlhbGUtY2hpY2NoaS0zJTIyJTNFJTNDJTJGc3BhbiUzRSUzQyUyRmRpdiUzRSUwQSUyMCUyMCUyMCUyMCUzQyUyRmRpdiUzRSUwQSUyMCUyMCUyMCUyMCUzQ2RpdiUyMGNsYXNzJTNEJTIyamFzLXJvdyUyMiUzRSUwQSUyMCUyMCUyMCUyMCUyMCUyMCUyMCUyMCUzQ2RpdiUyMGNsYXNzJTNEJTIyamFzLWNvbC1tZC01JTIwdGV4dC1yaWdodCUyMGN1cy1wcm9maWxvLXNlbnNvcmlhbGUtbm9tZSUyMiUzRSUzQ3NwYW4lMjBjbGFzcyUzRCUyMnRleHQtdXBwZXJjYXNlJTIyJTNFUyVDMyVBNHVyZSUzQyUyRnNwYW4lM0UlM0MlMkZkaXYlM0UlMEElMjAlMjAlMjAlMjAlMjAlMjAlMjAlMjAlM0NkaXYlMjBjbGFzcyUzRCUyMmphcy1jb2wtbWQtNyUyMiUzRSUzQ3NwYW4lMjBjbGFzcyUzRCUyMmN1cy1wcm9maWxvLXNlbnNvcmlhbGUtY2hpY2NoaSUyMGN1cy1wcm9maWxvLXNlbnNvcmlhbGUtY2hpY2NoaS00JTIyJTNFJTNDJTJGc3BhbiUzRSUzQyUyRmRpdiUzRSUwQSUyMCUyMCUyMCUyMCUzQyUyRmRpdiUzRSUwQSUyMCUyMCUyMCUyMCUzQ2RpdiUyMGNsYXNzJTNEJTIyamFzLXJvdyUyMiUzRSUwQSUyMCUyMCUyMCUyMCUyMCUyMCUyMCUyMCUzQ2RpdiUyMGNsYXNzJTNEJTIyamFzLWNvbC1tZC01JTIwdGV4dC1yaWdodCUyMGN1cy1wcm9maWxvLXNlbnNvcmlhbGUtbm9tZSUyMiUzRSUzQ3NwYW4lMjBjbGFzcyUzRCUyMnRleHQtdXBwZXJjYXNlJTIyJTNFSW50ZW5zaXQlQzMlQTR0JTNDJTJGc3BhbiUzRSUzQyUyRmRpdiUzRSUwQSUyMCUyMCUyMCUyMCUyMCUyMCUyMCUyMCUzQ2RpdiUyMGNsYXNzJTNEJTIyamFzLWNvbC1tZC03JTIyJTNFJTNDc3BhbiUyMGNsYXNzJTNEJTIyY3VzLXByb2ZpbG8tc2Vuc29yaWFsZS1jaGljY2hpJTIwY3VzLXByb2ZpbG8tc2Vuc29yaWFsZS1jaGljY2hpLTQlMjIlM0UlM0MlMkZzcGFuJTNFJTNDJTJGZGl2JTNFJTBBJTIwJTIwJTIwJTIwJTNDJTJGZGl2JTNFJTBBJTIwJTIwJTIwJTIwJTNDZGl2JTIwY2xhc3MlM0QlMjJqYXMtcm93JTIyJTNFJTBBJTIwJTIwJTIwJTIwJTIwJTIwJTIwJTIwJTNDZGl2JTIwY2xhc3MlM0QlMjJqYXMtY29sLW1kLTUlMjB0ZXh0LXJpZ2h0JTIwY3VzLXByb2ZpbG8tc2Vuc29yaWFsZS1ub21lJTIyJTNFJTNDc3BhbiUyMGNsYXNzJTNEJTIydGV4dC11cHBlcmNhc2UlMjIlM0VBcm9tYSUzQyUyRnNwYW4lM0UlM0MlMkZkaXYlM0UlMEElMjAlMjAlMjAlMjAlMjAlMjAlMjAlMjAlM0NkaXYlMjBjbGFzcyUzRCUyMmphcy1jb2wtbWQtNyUyMiUzRSUwQSUyMCUyMCUyMCUyMCUyMCUyMCUyMCUyMCUyMCUyMCUyMCUyMCUzQ3NwYW4lMjBjbGFzcyUzRCUyMmN1cy1wcm9maWxvLXNlbnNvcmlhbGUtY2hpY2NoaSUyMGN1cy1wcm9maWxvLXNlbnNvcmlhbGUtY2hpY2NoaS0zJTIyJTNFJTNDJTJGc3BhbiUzRSUzQyUyRmRpdiUzRSUwQSUyMCUyMCUyMCUyMCUzQyUyRmRpdiUzRSUwQSUzQyUyRmRpdiUzRQ==[\/vc_raw_html][vc_wp_text] Italienisch Espresso Hergestellt mit Kaffee 100% Arabica aus Kolumbien. Kaffee mit gutem K\u00f6rper. Mittlere S\u00e4uregehalt mit Aromen von kandierten Zitrusfr\u00fcchten. Die auf Nuancen von reifen Pflaumen und getrockneten Datteln treffen. Der Nachgeschmack offerback eine \u00fcberraschende Spur von [&hellip;]<\/p>\n","protected":false},"author":1,"featured_media":28525,"parent":20238,"menu_order":1,"comment_status":"closed","ping_status":"closed","template":"","meta":{"_acf_changed":false,"footnotes":""},"class_list":["post-20101","page","type-page","status-publish","has-post-thumbnail","hentry"],"acf":[],"yoast_head":"<!-- This site is optimized with the Yoast SEO plugin v27.0 - https:\/\/yoast.com\/product\/yoast-seo-wordpress\/ -->\n<title>Der beste Espresso, in den Kapseln Colombia | Italcaff\u00e8<\/title>\n<meta name=\"description\" content=\"Die Kapseln Arabica Colombia verleihen dem Kaffee einen ausgezeichneten Geschmack. Probieren Sie sie auch mit Kaffeemaschinen Nespresso aus!\" \/>\n<meta name=\"robots\" content=\"index, follow, max-snippet:-1, max-image-preview:large, max-video-preview:-1\" \/>\n<link rel=\"canonical\" href=\"https:\/\/italcaffe.it\/de\/produkte\/kapseln-und-pad-linie\/kapseln-arabica-colombia\/\" \/>\n<meta property=\"og:locale\" content=\"de_DE\" \/>\n<meta property=\"og:type\" content=\"article\" \/>\n<meta property=\"og:title\" content=\"Der beste Espresso, in den Kapseln Colombia | Italcaff\u00e8\" \/>\n<meta property=\"og:description\" content=\"Die Kapseln Arabica Colombia verleihen dem Kaffee einen ausgezeichneten Geschmack. Probieren Sie sie auch mit Kaffeemaschinen Nespresso aus!\" \/>\n<meta property=\"og:url\" content=\"https:\/\/italcaffe.it\/de\/produkte\/kapseln-und-pad-linie\/kapseln-arabica-colombia\/\" \/>\n<meta property=\"og:site_name\" content=\"Italcaff\u00e8\" \/>\n<meta property=\"article:modified_time\" content=\"2022-02-18T16:02:04+00:00\" \/>\n<meta property=\"og:image\" content=\"https:\/\/italcaffe.it\/wp-content\/uploads\/2021\/12\/Fronte-Colombia.jpg\" \/>\n\t<meta property=\"og:image:width\" content=\"825\" \/>\n\t<meta property=\"og:image:height\" content=\"1000\" \/>\n\t<meta property=\"og:image:type\" content=\"image\/jpeg\" \/>\n<meta name=\"twitter:card\" content=\"summary_large_image\" \/>\n<meta name=\"twitter:label1\" content=\"Gesch\u00e4tzte Lesezeit\" \/>\n\t<meta name=\"twitter:data1\" content=\"4\u00a0Minuten\" \/>\n<script type=\"application\/ld+json\" class=\"yoast-schema-graph\">{\"@context\":\"https:\/\/schema.org\",\"@graph\":[{\"@type\":\"WebPage\",\"@id\":\"https:\/\/italcaffe.it\/de\/produkte\/kapseln-und-pad-linie\/kapseln-arabica-colombia\/\",\"url\":\"https:\/\/italcaffe.it\/de\/produkte\/kapseln-und-pad-linie\/kapseln-arabica-colombia\/\",\"name\":\"Der beste Espresso, in den Kapseln Colombia | Italcaff\u00e8\",\"isPartOf\":{\"@id\":\"https:\/\/italcaffe.it\/de\/#website\"},\"primaryImageOfPage\":{\"@id\":\"https:\/\/italcaffe.it\/de\/produkte\/kapseln-und-pad-linie\/kapseln-arabica-colombia\/#primaryimage\"},\"image\":{\"@id\":\"https:\/\/italcaffe.it\/de\/produkte\/kapseln-und-pad-linie\/kapseln-arabica-colombia\/#primaryimage\"},\"thumbnailUrl\":\"https:\/\/italcaffe.it\/wp-content\/uploads\/2021\/12\/Fronte-Colombia.jpg\",\"datePublished\":\"2019-10-23T15:18:37+00:00\",\"dateModified\":\"2022-02-18T16:02:04+00:00\",\"description\":\"Die Kapseln Arabica Colombia verleihen dem Kaffee einen ausgezeichneten Geschmack. Probieren Sie sie auch mit Kaffeemaschinen Nespresso aus!\",\"breadcrumb\":{\"@id\":\"https:\/\/italcaffe.it\/de\/produkte\/kapseln-und-pad-linie\/kapseln-arabica-colombia\/#breadcrumb\"},\"inLanguage\":\"de\",\"potentialAction\":[{\"@type\":\"ReadAction\",\"target\":[\"https:\/\/italcaffe.it\/de\/produkte\/kapseln-und-pad-linie\/kapseln-arabica-colombia\/\"]}]},{\"@type\":\"ImageObject\",\"inLanguage\":\"de\",\"@id\":\"https:\/\/italcaffe.it\/de\/produkte\/kapseln-und-pad-linie\/kapseln-arabica-colombia\/#primaryimage\",\"url\":\"https:\/\/italcaffe.it\/wp-content\/uploads\/2021\/12\/Fronte-Colombia.jpg\",\"contentUrl\":\"https:\/\/italcaffe.it\/wp-content\/uploads\/2021\/12\/Fronte-Colombia.jpg\",\"width\":825,\"height\":1000,\"caption\":\"Capsule caff\u00e8 espresso Colombia Italcaff\u00e8 compatbili Nespresso Aluminium\"},{\"@type\":\"BreadcrumbList\",\"@id\":\"https:\/\/italcaffe.it\/de\/produkte\/kapseln-und-pad-linie\/kapseln-arabica-colombia\/#breadcrumb\",\"itemListElement\":[{\"@type\":\"ListItem\",\"position\":1,\"name\":\"Home\",\"item\":\"https:\/\/italcaffe.it\/de\/\"},{\"@type\":\"ListItem\",\"position\":2,\"name\":\"Produkte\",\"item\":\"https:\/\/italcaffe.it\/de\/produkte\/\"},{\"@type\":\"ListItem\",\"position\":3,\"name\":\"KAPSEL- UND PAD-LINIE\",\"item\":\"https:\/\/italcaffe.it\/de\/produkte\/kapseln-und-pad-linie\/\"},{\"@type\":\"ListItem\",\"position\":4,\"name\":\"KAFFEEKAPSELN ARABICA KOLUMBIEN\"}]},{\"@type\":\"WebSite\",\"@id\":\"https:\/\/italcaffe.it\/de\/#website\",\"url\":\"https:\/\/italcaffe.it\/de\/\",\"name\":\"Italcaff\u00e8\",\"description\":\"50 Anni insieme\",\"potentialAction\":[{\"@type\":\"SearchAction\",\"target\":{\"@type\":\"EntryPoint\",\"urlTemplate\":\"https:\/\/italcaffe.it\/de\/?s={search_term_string}\"},\"query-input\":{\"@type\":\"PropertyValueSpecification\",\"valueRequired\":true,\"valueName\":\"search_term_string\"}}],\"inLanguage\":\"de\"}]}<\/script>\n<!-- \/ Yoast SEO plugin. -->","yoast_head_json":{"title":"Der beste Espresso, in den Kapseln Colombia | Italcaff\u00e8","description":"Die Kapseln Arabica Colombia verleihen dem Kaffee einen ausgezeichneten Geschmack. Probieren Sie sie auch mit Kaffeemaschinen Nespresso aus!","robots":{"index":"index","follow":"follow","max-snippet":"max-snippet:-1","max-image-preview":"max-image-preview:large","max-video-preview":"max-video-preview:-1"},"canonical":"https:\/\/italcaffe.it\/de\/produkte\/kapseln-und-pad-linie\/kapseln-arabica-colombia\/","og_locale":"de_DE","og_type":"article","og_title":"Der beste Espresso, in den Kapseln Colombia | Italcaff\u00e8","og_description":"Die Kapseln Arabica Colombia verleihen dem Kaffee einen ausgezeichneten Geschmack. Probieren Sie sie auch mit Kaffeemaschinen Nespresso aus!","og_url":"https:\/\/italcaffe.it\/de\/produkte\/kapseln-und-pad-linie\/kapseln-arabica-colombia\/","og_site_name":"Italcaff\u00e8","article_modified_time":"2022-02-18T16:02:04+00:00","og_image":[{"width":825,"height":1000,"url":"https:\/\/italcaffe.it\/wp-content\/uploads\/2021\/12\/Fronte-Colombia.jpg","type":"image\/jpeg"}],"twitter_card":"summary_large_image","twitter_misc":{"Gesch\u00e4tzte Lesezeit":"4\u00a0Minuten"},"schema":{"@context":"https:\/\/schema.org","@graph":[{"@type":"WebPage","@id":"https:\/\/italcaffe.it\/de\/produkte\/kapseln-und-pad-linie\/kapseln-arabica-colombia\/","url":"https:\/\/italcaffe.it\/de\/produkte\/kapseln-und-pad-linie\/kapseln-arabica-colombia\/","name":"Der beste Espresso, in den Kapseln Colombia | Italcaff\u00e8","isPartOf":{"@id":"https:\/\/italcaffe.it\/de\/#website"},"primaryImageOfPage":{"@id":"https:\/\/italcaffe.it\/de\/produkte\/kapseln-und-pad-linie\/kapseln-arabica-colombia\/#primaryimage"},"image":{"@id":"https:\/\/italcaffe.it\/de\/produkte\/kapseln-und-pad-linie\/kapseln-arabica-colombia\/#primaryimage"},"thumbnailUrl":"https:\/\/italcaffe.it\/wp-content\/uploads\/2021\/12\/Fronte-Colombia.jpg","datePublished":"2019-10-23T15:18:37+00:00","dateModified":"2022-02-18T16:02:04+00:00","description":"Die Kapseln Arabica Colombia verleihen dem Kaffee einen ausgezeichneten Geschmack. Probieren Sie sie auch mit Kaffeemaschinen Nespresso aus!","breadcrumb":{"@id":"https:\/\/italcaffe.it\/de\/produkte\/kapseln-und-pad-linie\/kapseln-arabica-colombia\/#breadcrumb"},"inLanguage":"de","potentialAction":[{"@type":"ReadAction","target":["https:\/\/italcaffe.it\/de\/produkte\/kapseln-und-pad-linie\/kapseln-arabica-colombia\/"]}]},{"@type":"ImageObject","inLanguage":"de","@id":"https:\/\/italcaffe.it\/de\/produkte\/kapseln-und-pad-linie\/kapseln-arabica-colombia\/#primaryimage","url":"https:\/\/italcaffe.it\/wp-content\/uploads\/2021\/12\/Fronte-Colombia.jpg","contentUrl":"https:\/\/italcaffe.it\/wp-content\/uploads\/2021\/12\/Fronte-Colombia.jpg","width":825,"height":1000,"caption":"Capsule caff\u00e8 espresso Colombia Italcaff\u00e8 compatbili Nespresso Aluminium"},{"@type":"BreadcrumbList","@id":"https:\/\/italcaffe.it\/de\/produkte\/kapseln-und-pad-linie\/kapseln-arabica-colombia\/#breadcrumb","itemListElement":[{"@type":"ListItem","position":1,"name":"Home","item":"https:\/\/italcaffe.it\/de\/"},{"@type":"ListItem","position":2,"name":"Produkte","item":"https:\/\/italcaffe.it\/de\/produkte\/"},{"@type":"ListItem","position":3,"name":"KAPSEL- UND PAD-LINIE","item":"https:\/\/italcaffe.it\/de\/produkte\/kapseln-und-pad-linie\/"},{"@type":"ListItem","position":4,"name":"KAFFEEKAPSELN ARABICA KOLUMBIEN"}]},{"@type":"WebSite","@id":"https:\/\/italcaffe.it\/de\/#website","url":"https:\/\/italcaffe.it\/de\/","name":"Italcaff\u00e8","description":"50 Anni insieme","potentialAction":[{"@type":"SearchAction","target":{"@type":"EntryPoint","urlTemplate":"https:\/\/italcaffe.it\/de\/?s={search_term_string}"},"query-input":{"@type":"PropertyValueSpecification","valueRequired":true,"valueName":"search_term_string"}}],"inLanguage":"de"}]}},"_links":{"self":[{"href":"https:\/\/italcaffe.it\/de\/wp-json\/wp\/v2\/pages\/20101","targetHints":{"allow":["GET"]}}],"collection":[{"href":"https:\/\/italcaffe.it\/de\/wp-json\/wp\/v2\/pages"}],"about":[{"href":"https:\/\/italcaffe.it\/de\/wp-json\/wp\/v2\/types\/page"}],"author":[{"embeddable":true,"href":"https:\/\/italcaffe.it\/de\/wp-json\/wp\/v2\/users\/1"}],"replies":[{"embeddable":true,"href":"https:\/\/italcaffe.it\/de\/wp-json\/wp\/v2\/comments?post=20101"}],"version-history":[{"count":0,"href":"https:\/\/italcaffe.it\/de\/wp-json\/wp\/v2\/pages\/20101\/revisions"}],"up":[{"embeddable":true,"href":"https:\/\/italcaffe.it\/de\/wp-json\/wp\/v2\/pages\/20238"}],"wp:featuredmedia":[{"embeddable":true,"href":"https:\/\/italcaffe.it\/de\/wp-json\/wp\/v2\/media\/28525"}],"wp:attachment":[{"href":"https:\/\/italcaffe.it\/de\/wp-json\/wp\/v2\/media?parent=20101"}],"curies":[{"name":"wp","href":"https:\/\/api.w.org\/{rel}","templated":true}]}}