{"id":20113,"date":"2019-10-23T17:04:13","date_gmt":"2019-10-23T16:04:13","guid":{"rendered":"https:\/\/www.italcaffe.it\/espresso-bar-in-pads\/"},"modified":"2021-07-13T16:24:27","modified_gmt":"2021-07-13T15:24:27","slug":"espresso-bar-in-pads","status":"publish","type":"page","link":"https:\/\/italcaffe.it\/de\/produkte\/kapseln-und-pad-linie\/espresso-bar-in-pads\/","title":{"rendered":"ESPRESSO BAR IN PADS"},"content":{"rendered":"<div class=\"wpb-content-wrapper\"><p>[vc_section el_class=&#8221;wrap-content-limit&#8221;][vc_row el_class=&#8221;wrap-content-limit&#8221;][vc_column][vc_custom_heading divider=&#8221;yes&#8221; text=&#8221;Espresso Bar in Pads&#8221; font_container=&#8221;tag:h1|font_size:24px|text_align:center|color:%23000000|line_height:24px&#8221; use_theme_fonts=&#8221;yes&#8221; el_class=&#8221;text-uppercase&#8221;][\/vc_column][\/vc_row][vc_row][vc_column width=&#8221;1\/2&#8243;][vc_gallery type=&#8221;flexslider_slide&#8221; interval=&#8221;5&#8243; images=&#8221;10102,10094&#8243; img_size=&#8221;570&#215;760&#8243; onclick=&#8221;&#8221; el_class=&#8221;flexslider-prodotti&#8221;][\/vc_column][vc_column width=&#8221;1\/2&#8243;][vc_empty_space height=&#8221;50px&#8221;][vc_wp_text]Die Pads von Italcaff\u00e8 werden aus einer Mischung der besten Kaffees der Welt zubereitet. Sie werden gleichm\u00e4\u00dfig gemahlen und im Voraus abgewogen und gepresst.<\/p>\n<p>Unsere Einweg-Pads haben den Vorteil, ein langfristig haltbares Produkt anzubieten, dessen Eigenschaften perfekt erhalten bleiben.<\/p>\n<p>Gewicht der Pads jeweils 7 Gramm.[\/vc_wp_text][\/vc_column][\/vc_row][\/vc_section][vc_section el_class=&#8221;wrap-home-pillars&#8221; css=&#8221;.vc_custom_1562852209382{border-bottom-width: 5px !important;border-bottom-color: #ffffff !important;border-bottom-style: solid !important;}&#8221;][vc_row css=&#8221;.vc_custom_1570542705221{padding-top: 50px !important;padding-bottom: 25px !important;background-color: #e40520 !important;}&#8221;][vc_column width=&#8221;1\/3&#8243; css=&#8221;.vc_custom_1570542690545{margin-bottom: 0px !important;padding-bottom: 0px !important;background-color: #e40520 !important;}&#8221;][vc_raw_html css=&#8221;.vc_custom_1626189843809{margin-top: 0px !important;margin-bottom: 0px !important;padding-top: 0px !important;padding-bottom: 0px !important;}&#8221;]JTNDZGl2JTIwY2xhc3MlM0QlMjJqYXMtc2VydmljZSUyMHRjJTIwd3JhcC1ob21lLXBpbGxhcnMtc2luZ2xlJTIwYm9yZGVyLXJpZ2h0LXdoaXRlJTIyJTNFJTBBJTNDYSUyMGhyZWYlM0QlMjJodHRwcyUzQSUyRiUyRnd3dy5pdGFsY2FmZmUuaXQlMkZkZSUyRnNob3AlMkZteS1hY2NvdW50JTJGJTIyJTNFJTBBJTNDZGl2JTIwY2xhc3MlM0QlMjJpY29uJTIwbWVkaXVtJTIwY3AlMjIlMjBzdHlsZSUzRCUyMmNvbG9yJTNBJTIwJTIzZmZmZmZmJTNCJTIyJTNFJTBBJTNDaSUyMGNsYXNzJTNEJTIycGUtN3MtY2FyJTIwaWNvLWN1cy1zY29udG8lMjIlM0UlM0MlMkZpJTNFJTBBJTNDJTJGZGl2JTNFJTBBJTNDZGl2JTIwY2xhc3MlM0QlMjJjb250ZW50JTIyJTNFJTNDaDMlMjBjbGFzcyUzRCUyMnRpdGxlJTIwY3AlMjB0dSUyMGZzX18xNCUyMG1nX18wJTIwbWJfXzUlMjB0ZXh0LXVwcGVyY2FzZSUyMiUyMHN0eWxlJTNEJTIyY29sb3IlM0ElMjAlMjNmZmZmZmYlM0IlMjIlM0UxMCUyNSUyMEYlQzMlOUNSJTIwUkVHSVNUUklFUlRFJTIwSyVDMyU5Q05ERU4lM0MlMkZoMyUzRSUzQ3AlMjBjbGFzcyUzRCUyMm1nX18wJTIyJTIwc3R5bGUlM0QlMjJjb2xvciUzQSUyMCUyM2ZmZmZmZiUzQiUyMiUzRWYlQzMlQkNyJTIwcmVnaXN0cmllcnRlJTIwS3VuZGVuJTNDJTJGcCUzRSUzQyUyRmRpdiUzRSUwQSUwQSUwQSUzQyUyRmElM0UlMEElM0MlMkZkaXYlM0U=[\/vc_raw_html][\/vc_column][vc_column width=&#8221;1\/3&#8243; css=&#8221;.vc_custom_1570542697425{background-color: #e40520 !important;}&#8221;][vc_raw_html css=&#8221;.vc_custom_1626189853560{margin-top: 0px !important;margin-bottom: 0px !important;padding-top: 0px !important;padding-bottom: 0px !important;}&#8221;]JTNDZGl2JTIwY2xhc3MlM0QlMjJqYXMtc2VydmljZSUyMHRjJTIwd3JhcC1ob21lLXBpbGxhcnMtc2luZ2xlJTIwYm9yZGVyLXJpZ2h0LXdoaXRlJTIyJTNFJTBBJTNDYSUyMGhyZWYlM0QlMjJodHRwcyUzQSUyRiUyRnd3dy5pdGFsY2FmZmUuaXQlMkZkZSUyRnNob3AlMkZrYWZmZWVib2huZW4lMkZlc3ByZXNzby1ib2huZW4lMkZjYXNhLWl0YWxjYWZmZS01MDBnJTJGJTIyJTNFJTBBJTBBJTNDZGl2JTIwY2xhc3MlM0QlMjJpY29uJTIwbWVkaXVtJTIwY3AlMjIlMjBzdHlsZSUzRCUyMmNvbG9yJTNBJTIwJTIzZmZmZmZmJTNCJTIyJTNFJTNDaSUyMGNsYXNzJTNEJTIycGUtN3MtdGltZXIlMjIlM0UlM0MlMkZpJTNFJTNDJTJGZGl2JTNFJTNDZGl2JTIwY2xhc3MlM0QlMjJjb250ZW50JTIyJTNFJTNDaDMlMjBjbGFzcyUzRCUyMnRpdGxlJTIwY3AlMjB0dSUyMGZzX18xNCUyMG1nX18wJTIwbWJfXzUlMjIlMjBzdHlsZSUzRCUyMmNvbG9yJTNBJTIwJTIzZmZmZmZmJTNCJTIyJTNFQmVzdGVsbGVuJTIwc2llJTIwb25saW5lJTNDJTJGaDMlM0UlM0NwJTIwY2xhc3MlM0QlMjJtZ19fMCUyMiUyMHN0eWxlJTNEJTIyY29sb3IlM0ElMjAlMjNmZmZmZmYlM0IlMjIlM0UyNCUyMFN0dW5kZW4lMjBhbSUyMFRhZyUzQyUyRnAlM0UlM0MlMkZkaXYlM0UlMEElM0MlMkZhJTNFJTBBJTNDJTJGZGl2JTNF[\/vc_raw_html][\/vc_column][vc_column width=&#8221;1\/3&#8243; css=&#8221;.vc_custom_1563818085979{margin-top: 0px !important;margin-bottom: 0px !important;padding-top: 0px !important;padding-bottom: 0px !important;}&#8221;][vc_raw_html css=&#8221;.vc_custom_1626189862807{margin-top: 0px !important;margin-bottom: 0px !important;padding-top: 0px !important;padding-bottom: 0px !important;}&#8221;]JTNDZGl2JTIwY2xhc3MlM0QlMjJqYXMtc2VydmljZSUyMHRjJTIwd3JhcC1ob21lLXBpbGxhcnMtc2luZ2xlJTIyJTNFJTBBJTNDYSUzRSUwQSUwQSUzQ2RpdiUyMGNsYXNzJTNEJTIyaWNvbiUyMG1lZGl1bSUyMGNwJTIyJTIwc3R5bGUlM0QlMjJjb2xvciUzQSUyMCUyM2ZmZmZmZiUzQiUyMiUzRSUzQ2klMjBjbGFzcyUzRCUyMnBlLTdzLWRpYW1vbmQlMjIlM0UlM0MlMkZpJTNFJTNDJTJGZGl2JTNFJTNDZGl2JTIwY2xhc3MlM0QlMjJjb250ZW50JTIyJTNFJTNDaDMlMjBjbGFzcyUzRCUyMnRpdGxlJTIwY3AlMjB0dSUyMGZzX18xNCUyMG1nX18wJTIwbWJfXzUlMjIlMjBzdHlsZSUzRCUyMmNvbG9yJTNBJTIwJTIzZmZmZmZmJTNCJTIyJTNFUXVhbGl0JUMzJUE0dHNhdXN3YWhsJTNDJTJGaDMlM0UlM0NwJTIwY2xhc3MlM0QlMjJtZ19fMCUyMiUyMHN0eWxlJTNEJTIyY29sb3IlM0ElMjAlMjNmZmZmZmYlM0IlMjIlM0VkaWUlMjBiZXN0ZW4lMjBLYWZmZWVzb3J0ZW4lMjBkZXIlMjBXZWx0JTIwaW4lMjB1bnNlcmVyJTIwSGVpbWF0JTNDJTJGcCUzRSUzQyUyRmRpdiUzRSUwQSUwQSUzQyUyRmElM0UlMEElM0MlMkZkaXYlM0U=[\/vc_raw_html][\/vc_column][\/vc_row][\/vc_section][vc_row][vc_column][vc_empty_space height=&#8221;100px&#8221;][\/vc_column][\/vc_row]<\/p>\n<\/div>","protected":false},"excerpt":{"rendered":"<p>[vc_section el_class=&#8221;wrap-content-limit&#8221;][vc_row el_class=&#8221;wrap-content-limit&#8221;][vc_column][vc_custom_heading divider=&#8221;yes&#8221; text=&#8221;Espresso Bar in Pads&#8221; font_container=&#8221;tag:h1|font_size:24px|text_align:center|color:%23000000|line_height:24px&#8221; use_theme_fonts=&#8221;yes&#8221; el_class=&#8221;text-uppercase&#8221;][\/vc_column][\/vc_row][vc_row][vc_column width=&#8221;1\/2&#8243;][vc_gallery type=&#8221;flexslider_slide&#8221; interval=&#8221;5&#8243; images=&#8221;10102,10094&#8243; img_size=&#8221;570&#215;760&#8243; onclick=&#8221;&#8221; el_class=&#8221;flexslider-prodotti&#8221;][\/vc_column][vc_column width=&#8221;1\/2&#8243;][vc_empty_space height=&#8221;50px&#8221;][vc_wp_text]Die Pads von Italcaff\u00e8 werden aus einer Mischung der besten Kaffees der Welt zubereitet. Sie werden gleichm\u00e4\u00dfig gemahlen und im Voraus abgewogen und gepresst. Unsere Einweg-Pads haben den Vorteil, ein langfristig haltbares Produkt anzubieten, dessen Eigenschaften [&hellip;]<\/p>\n","protected":false},"author":3,"featured_media":10102,"parent":20238,"menu_order":1,"comment_status":"closed","ping_status":"closed","template":"","meta":{"_acf_changed":false,"footnotes":""},"class_list":["post-20113","page","type-page","status-publish","has-post-thumbnail","hentry"],"acf":[],"yoast_head":"<!-- This site is optimized with the Yoast SEO plugin v27.0 - https:\/\/yoast.com\/product\/yoast-seo-wordpress\/ -->\n<title>Der beste Espresso Bar in Pads | Italcaff\u00e8<\/title>\n<meta name=\"description\" content=\"Espresso Bar in Pads: der beste Kaffee der Welt in Pads, kompatibel mit allen Maschinen im 44-mm-Format. F\u00fcr einen cremigen und aromatischen Espresso.\" \/>\n<meta name=\"robots\" content=\"index, follow, max-snippet:-1, max-image-preview:large, max-video-preview:-1\" \/>\n<link rel=\"canonical\" href=\"https:\/\/italcaffe.it\/de\/produkte\/kapseln-und-pad-linie\/espresso-bar-in-pads\/\" \/>\n<meta property=\"og:locale\" content=\"de_DE\" \/>\n<meta property=\"og:type\" content=\"article\" \/>\n<meta property=\"og:title\" content=\"Der beste Espresso Bar in Pads | Italcaff\u00e8\" \/>\n<meta property=\"og:description\" content=\"Espresso Bar in Pads: der beste Kaffee der Welt in Pads, kompatibel mit allen Maschinen im 44-mm-Format. F\u00fcr einen cremigen und aromatischen Espresso.\" \/>\n<meta property=\"og:url\" content=\"https:\/\/italcaffe.it\/de\/produkte\/kapseln-und-pad-linie\/espresso-bar-in-pads\/\" \/>\n<meta property=\"og:site_name\" content=\"Italcaff\u00e8\" \/>\n<meta property=\"article:modified_time\" content=\"2021-07-13T15:24:27+00:00\" \/>\n<meta property=\"og:image\" content=\"https:\/\/italcaffe.it\/wp-content\/uploads\/2016\/05\/cialde18_1.jpg\" \/>\n\t<meta property=\"og:image:width\" content=\"825\" \/>\n\t<meta property=\"og:image:height\" content=\"1100\" \/>\n\t<meta property=\"og:image:type\" content=\"image\/jpeg\" \/>\n<meta name=\"twitter:card\" content=\"summary_large_image\" \/>\n<meta name=\"twitter:label1\" content=\"Gesch\u00e4tzte Lesezeit\" \/>\n\t<meta name=\"twitter:data1\" content=\"3\u00a0Minuten\" \/>\n<script type=\"application\/ld+json\" class=\"yoast-schema-graph\">{\"@context\":\"https:\/\/schema.org\",\"@graph\":[{\"@type\":\"WebPage\",\"@id\":\"https:\/\/italcaffe.it\/de\/produkte\/kapseln-und-pad-linie\/espresso-bar-in-pads\/\",\"url\":\"https:\/\/italcaffe.it\/de\/produkte\/kapseln-und-pad-linie\/espresso-bar-in-pads\/\",\"name\":\"Der beste Espresso Bar in Pads | Italcaff\u00e8\",\"isPartOf\":{\"@id\":\"https:\/\/italcaffe.it\/de\/#website\"},\"primaryImageOfPage\":{\"@id\":\"https:\/\/italcaffe.it\/de\/produkte\/kapseln-und-pad-linie\/espresso-bar-in-pads\/#primaryimage\"},\"image\":{\"@id\":\"https:\/\/italcaffe.it\/de\/produkte\/kapseln-und-pad-linie\/espresso-bar-in-pads\/#primaryimage\"},\"thumbnailUrl\":\"https:\/\/italcaffe.it\/wp-content\/uploads\/2016\/05\/cialde18_1.jpg\",\"datePublished\":\"2019-10-23T16:04:13+00:00\",\"dateModified\":\"2021-07-13T15:24:27+00:00\",\"description\":\"Espresso Bar in Pads: der beste Kaffee der Welt in Pads, kompatibel mit allen Maschinen im 44-mm-Format. F\u00fcr einen cremigen und aromatischen Espresso.\",\"breadcrumb\":{\"@id\":\"https:\/\/italcaffe.it\/de\/produkte\/kapseln-und-pad-linie\/espresso-bar-in-pads\/#breadcrumb\"},\"inLanguage\":\"de\",\"potentialAction\":[{\"@type\":\"ReadAction\",\"target\":[\"https:\/\/italcaffe.it\/de\/produkte\/kapseln-und-pad-linie\/espresso-bar-in-pads\/\"]}]},{\"@type\":\"ImageObject\",\"inLanguage\":\"de\",\"@id\":\"https:\/\/italcaffe.it\/de\/produkte\/kapseln-und-pad-linie\/espresso-bar-in-pads\/#primaryimage\",\"url\":\"https:\/\/italcaffe.it\/wp-content\/uploads\/2016\/05\/cialde18_1.jpg\",\"contentUrl\":\"https:\/\/italcaffe.it\/wp-content\/uploads\/2016\/05\/cialde18_1.jpg\",\"width\":825,\"height\":1100,\"caption\":\"ESE Kaffeepads Italcaff\u00e8 Espresso Bar 44mm 18 Stk Kaffee Pad Kaffee-pads Espressopads cialde caff\u00e8 caffe cafe kaffe Espressopads Kaffee Pad Kaffee-pads Easy Serving Espresso E.S.E. Kaffee-Pad\"},{\"@type\":\"BreadcrumbList\",\"@id\":\"https:\/\/italcaffe.it\/de\/produkte\/kapseln-und-pad-linie\/espresso-bar-in-pads\/#breadcrumb\",\"itemListElement\":[{\"@type\":\"ListItem\",\"position\":1,\"name\":\"Home\",\"item\":\"https:\/\/italcaffe.it\/de\/\"},{\"@type\":\"ListItem\",\"position\":2,\"name\":\"Produkte\",\"item\":\"https:\/\/italcaffe.it\/de\/produkte\/\"},{\"@type\":\"ListItem\",\"position\":3,\"name\":\"KAPSEL- UND PAD-LINIE\",\"item\":\"https:\/\/italcaffe.it\/de\/produkte\/kapseln-und-pad-linie\/\"},{\"@type\":\"ListItem\",\"position\":4,\"name\":\"ESPRESSO BAR IN PADS\"}]},{\"@type\":\"WebSite\",\"@id\":\"https:\/\/italcaffe.it\/de\/#website\",\"url\":\"https:\/\/italcaffe.it\/de\/\",\"name\":\"Italcaff\u00e8\",\"description\":\"50 Anni insieme\",\"potentialAction\":[{\"@type\":\"SearchAction\",\"target\":{\"@type\":\"EntryPoint\",\"urlTemplate\":\"https:\/\/italcaffe.it\/de\/?s={search_term_string}\"},\"query-input\":{\"@type\":\"PropertyValueSpecification\",\"valueRequired\":true,\"valueName\":\"search_term_string\"}}],\"inLanguage\":\"de\"}]}<\/script>\n<!-- \/ Yoast SEO plugin. -->","yoast_head_json":{"title":"Der beste Espresso Bar in Pads | Italcaff\u00e8","description":"Espresso Bar in Pads: der beste Kaffee der Welt in Pads, kompatibel mit allen Maschinen im 44-mm-Format. F\u00fcr einen cremigen und aromatischen Espresso.","robots":{"index":"index","follow":"follow","max-snippet":"max-snippet:-1","max-image-preview":"max-image-preview:large","max-video-preview":"max-video-preview:-1"},"canonical":"https:\/\/italcaffe.it\/de\/produkte\/kapseln-und-pad-linie\/espresso-bar-in-pads\/","og_locale":"de_DE","og_type":"article","og_title":"Der beste Espresso Bar in Pads | Italcaff\u00e8","og_description":"Espresso Bar in Pads: der beste Kaffee der Welt in Pads, kompatibel mit allen Maschinen im 44-mm-Format. F\u00fcr einen cremigen und aromatischen Espresso.","og_url":"https:\/\/italcaffe.it\/de\/produkte\/kapseln-und-pad-linie\/espresso-bar-in-pads\/","og_site_name":"Italcaff\u00e8","article_modified_time":"2021-07-13T15:24:27+00:00","og_image":[{"width":825,"height":1100,"url":"https:\/\/italcaffe.it\/wp-content\/uploads\/2016\/05\/cialde18_1.jpg","type":"image\/jpeg"}],"twitter_card":"summary_large_image","twitter_misc":{"Gesch\u00e4tzte Lesezeit":"3\u00a0Minuten"},"schema":{"@context":"https:\/\/schema.org","@graph":[{"@type":"WebPage","@id":"https:\/\/italcaffe.it\/de\/produkte\/kapseln-und-pad-linie\/espresso-bar-in-pads\/","url":"https:\/\/italcaffe.it\/de\/produkte\/kapseln-und-pad-linie\/espresso-bar-in-pads\/","name":"Der beste Espresso Bar in Pads | Italcaff\u00e8","isPartOf":{"@id":"https:\/\/italcaffe.it\/de\/#website"},"primaryImageOfPage":{"@id":"https:\/\/italcaffe.it\/de\/produkte\/kapseln-und-pad-linie\/espresso-bar-in-pads\/#primaryimage"},"image":{"@id":"https:\/\/italcaffe.it\/de\/produkte\/kapseln-und-pad-linie\/espresso-bar-in-pads\/#primaryimage"},"thumbnailUrl":"https:\/\/italcaffe.it\/wp-content\/uploads\/2016\/05\/cialde18_1.jpg","datePublished":"2019-10-23T16:04:13+00:00","dateModified":"2021-07-13T15:24:27+00:00","description":"Espresso Bar in Pads: der beste Kaffee der Welt in Pads, kompatibel mit allen Maschinen im 44-mm-Format. F\u00fcr einen cremigen und aromatischen Espresso.","breadcrumb":{"@id":"https:\/\/italcaffe.it\/de\/produkte\/kapseln-und-pad-linie\/espresso-bar-in-pads\/#breadcrumb"},"inLanguage":"de","potentialAction":[{"@type":"ReadAction","target":["https:\/\/italcaffe.it\/de\/produkte\/kapseln-und-pad-linie\/espresso-bar-in-pads\/"]}]},{"@type":"ImageObject","inLanguage":"de","@id":"https:\/\/italcaffe.it\/de\/produkte\/kapseln-und-pad-linie\/espresso-bar-in-pads\/#primaryimage","url":"https:\/\/italcaffe.it\/wp-content\/uploads\/2016\/05\/cialde18_1.jpg","contentUrl":"https:\/\/italcaffe.it\/wp-content\/uploads\/2016\/05\/cialde18_1.jpg","width":825,"height":1100,"caption":"ESE Kaffeepads Italcaff\u00e8 Espresso Bar 44mm 18 Stk Kaffee Pad Kaffee-pads Espressopads cialde caff\u00e8 caffe cafe kaffe Espressopads Kaffee Pad Kaffee-pads Easy Serving Espresso E.S.E. Kaffee-Pad"},{"@type":"BreadcrumbList","@id":"https:\/\/italcaffe.it\/de\/produkte\/kapseln-und-pad-linie\/espresso-bar-in-pads\/#breadcrumb","itemListElement":[{"@type":"ListItem","position":1,"name":"Home","item":"https:\/\/italcaffe.it\/de\/"},{"@type":"ListItem","position":2,"name":"Produkte","item":"https:\/\/italcaffe.it\/de\/produkte\/"},{"@type":"ListItem","position":3,"name":"KAPSEL- UND PAD-LINIE","item":"https:\/\/italcaffe.it\/de\/produkte\/kapseln-und-pad-linie\/"},{"@type":"ListItem","position":4,"name":"ESPRESSO BAR IN PADS"}]},{"@type":"WebSite","@id":"https:\/\/italcaffe.it\/de\/#website","url":"https:\/\/italcaffe.it\/de\/","name":"Italcaff\u00e8","description":"50 Anni insieme","potentialAction":[{"@type":"SearchAction","target":{"@type":"EntryPoint","urlTemplate":"https:\/\/italcaffe.it\/de\/?s={search_term_string}"},"query-input":{"@type":"PropertyValueSpecification","valueRequired":true,"valueName":"search_term_string"}}],"inLanguage":"de"}]}},"_links":{"self":[{"href":"https:\/\/italcaffe.it\/de\/wp-json\/wp\/v2\/pages\/20113","targetHints":{"allow":["GET"]}}],"collection":[{"href":"https:\/\/italcaffe.it\/de\/wp-json\/wp\/v2\/pages"}],"about":[{"href":"https:\/\/italcaffe.it\/de\/wp-json\/wp\/v2\/types\/page"}],"author":[{"embeddable":true,"href":"https:\/\/italcaffe.it\/de\/wp-json\/wp\/v2\/users\/3"}],"replies":[{"embeddable":true,"href":"https:\/\/italcaffe.it\/de\/wp-json\/wp\/v2\/comments?post=20113"}],"version-history":[{"count":0,"href":"https:\/\/italcaffe.it\/de\/wp-json\/wp\/v2\/pages\/20113\/revisions"}],"up":[{"embeddable":true,"href":"https:\/\/italcaffe.it\/de\/wp-json\/wp\/v2\/pages\/20238"}],"wp:featuredmedia":[{"embeddable":true,"href":"https:\/\/italcaffe.it\/de\/wp-json\/wp\/v2\/media\/10102"}],"wp:attachment":[{"href":"https:\/\/italcaffe.it\/de\/wp-json\/wp\/v2\/media?parent=20113"}],"curies":[{"name":"wp","href":"https:\/\/api.w.org\/{rel}","templated":true}]}}