{"id":20138,"date":"2019-10-24T09:09:36","date_gmt":"2019-10-24T08:09:36","guid":{"rendered":"https:\/\/www.italcaffe.it\/arabica-tansania-in-kapseln\/"},"modified":"2022-02-18T17:04:56","modified_gmt":"2022-02-18T16:04:56","slug":"arabica-tansania-in-kapseln","status":"publish","type":"page","link":"https:\/\/italcaffe.it\/de\/produkte\/kapseln-und-pad-linie\/arabica-tansania-in-kapseln\/","title":{"rendered":"ARABICA TANSANIA IN KAPSELN"},"content":{"rendered":"<div class=\"wpb-content-wrapper\"><p>[vc_section el_class=&#8221;wrap-content-limit&#8221;][vc_row el_class=&#8221;wrap-content-limit&#8221;][vc_column][vc_custom_heading divider=&#8221;yes&#8221; text=&#8221;Arabica Tansania in Kapseln&#8221; font_container=&#8221;tag:h1|font_size:24px|text_align:center|color:%23000000|line_height:24px&#8221; use_theme_fonts=&#8221;yes&#8221; el_class=&#8221;text-uppercase&#8221;][\/vc_column][\/vc_row][vc_row][vc_column width=&#8221;1\/2&#8243;][vc_gallery type=&#8221;flexslider_slide&#8221; interval=&#8221;5&#8243; images=&#8221;28533,28791,28787,28828&#8243; img_size=&#8221;570&#215;760&#8243; onclick=&#8221;&#8221; el_class=&#8221;flexslider-prodotti&#8221;][\/vc_column][vc_column width=&#8221;1\/2&#8243;][vc_raw_html]JTNDZGl2JTIwY2xhc3MlM0QlMjJ3b29jb21tZXJjZS1wcm9kdWN0LWRldGFpbHNfX3Nob3J0LWRlc2NyaXB0aW9uJTIyJTNFJTBBJTIwJTIwJTIwJTIwJTNDaDIlMjBjbGFzcyUzRCUyMnByb2R1Y3RfdGl0bGUlMjBlbnRyeS10aXRsZSUyMHRleHQtdXBwZXJjYXNlJTIwcHRfXzMwJTIyJTNFTWVya21hbGUlMjBkZXMlMjBLYWZmZWUlRTIlODAlOThzJTNDJTJGaDIlM0UlMEElMjAlMjAlMjAlMjAlM0NkaXYlMjBjbGFzcyUzRCUyMmphcy1yb3clMjIlM0UlMEElMjAlMjAlMjAlMjAlMjAlMjAlMjAlMjAlM0NkaXYlMjBjbGFzcyUzRCUyMmphcy1jb2wtbWQtNSUyMHRleHQtcmlnaHQlMjBjdXMtcHJvZmlsby1zZW5zb3JpYWxlLW5vbWUlMjIlM0UlM0NzcGFuJTIwY2xhc3MlM0QlMjJ0ZXh0LXVwcGVyY2FzZSUyMiUzRVIlQzMlQjZzdGVuJTNDJTJGc3BhbiUzRSUzQyUyRmRpdiUzRSUwQSUyMCUyMCUyMCUyMCUyMCUyMCUyMCUyMCUzQ2RpdiUyMGNsYXNzJTNEJTIyamFzLWNvbC1tZC03JTIyJTNFJTNDc3BhbiUyMGNsYXNzJTNEJTIyY3VzLXByb2ZpbG8tc2Vuc29yaWFsZS1jaGljY2hpJTIwY3VzLXByb2ZpbG8tc2Vuc29yaWFsZS1jaGljY2hpLTMlMjIlM0UlM0MlMkZzcGFuJTNFJTNDJTJGZGl2JTNFJTBBJTIwJTIwJTIwJTIwJTNDJTJGZGl2JTNFJTBBJTIwJTIwJTIwJTIwJTNDZGl2JTIwY2xhc3MlM0QlMjJqYXMtcm93JTIyJTNFJTBBJTIwJTIwJTIwJTIwJTIwJTIwJTIwJTIwJTNDZGl2JTIwY2xhc3MlM0QlMjJqYXMtY29sLW1kLTUlMjB0ZXh0LXJpZ2h0JTIwY3VzLXByb2ZpbG8tc2Vuc29yaWFsZS1ub21lJTIyJTNFJTNDc3BhbiUyMGNsYXNzJTNEJTIydGV4dC11cHBlcmNhc2UlMjIlM0VLJUMzJUI2cnBlciUzQyUyRnNwYW4lM0UlM0MlMkZkaXYlM0UlMEElMjAlMjAlMjAlMjAlMjAlMjAlMjAlMjAlM0NkaXYlMjBjbGFzcyUzRCUyMmphcy1jb2wtbWQtNyUyMiUzRSUzQ3NwYW4lMjBjbGFzcyUzRCUyMmN1cy1wcm9maWxvLXNlbnNvcmlhbGUtY2hpY2NoaSUyMGN1cy1wcm9maWxvLXNlbnNvcmlhbGUtY2hpY2NoaS01JTIyJTNFJTNDJTJGc3BhbiUzRSUzQyUyRmRpdiUzRSUwQSUyMCUyMCUyMCUyMCUzQyUyRmRpdiUzRSUwQSUyMCUyMCUyMCUyMCUzQ2RpdiUyMGNsYXNzJTNEJTIyamFzLXJvdyUyMiUzRSUwQSUyMCUyMCUyMCUyMCUyMCUyMCUyMCUyMCUzQ2RpdiUyMGNsYXNzJTNEJTIyamFzLWNvbC1tZC01JTIwdGV4dC1yaWdodCUyMGN1cy1wcm9maWxvLXNlbnNvcmlhbGUtbm9tZSUyMiUzRSUzQ3NwYW4lMjBjbGFzcyUzRCUyMnRleHQtdXBwZXJjYXNlJTIyJTNFUyVDMyVBNHVyZSUzQyUyRnNwYW4lM0UlM0MlMkZkaXYlM0UlMEElMjAlMjAlMjAlMjAlMjAlMjAlMjAlMjAlM0NkaXYlMjBjbGFzcyUzRCUyMmphcy1jb2wtbWQtNyUyMiUzRSUzQ3NwYW4lMjBjbGFzcyUzRCUyMmN1cy1wcm9maWxvLXNlbnNvcmlhbGUtY2hpY2NoaSUyMGN1cy1wcm9maWxvLXNlbnNvcmlhbGUtY2hpY2NoaS01JTIyJTNFJTNDJTJGc3BhbiUzRSUzQyUyRmRpdiUzRSUwQSUyMCUyMCUyMCUyMCUzQyUyRmRpdiUzRSUwQSUyMCUyMCUyMCUyMCUzQ2RpdiUyMGNsYXNzJTNEJTIyamFzLXJvdyUyMiUzRSUwQSUyMCUyMCUyMCUyMCUyMCUyMCUyMCUyMCUzQ2RpdiUyMGNsYXNzJTNEJTIyamFzLWNvbC1tZC01JTIwdGV4dC1yaWdodCUyMGN1cy1wcm9maWxvLXNlbnNvcmlhbGUtbm9tZSUyMiUzRSUzQ3NwYW4lMjBjbGFzcyUzRCUyMnRleHQtdXBwZXJjYXNlJTIyJTNFSW50ZW5zaXQlQzMlQTR0JTNDJTJGc3BhbiUzRSUzQyUyRmRpdiUzRSUwQSUyMCUyMCUyMCUyMCUyMCUyMCUyMCUyMCUzQ2RpdiUyMGNsYXNzJTNEJTIyamFzLWNvbC1tZC03JTIyJTNFJTNDc3BhbiUyMGNsYXNzJTNEJTIyY3VzLXByb2ZpbG8tc2Vuc29yaWFsZS1jaGljY2hpJTIwY3VzLXByb2ZpbG8tc2Vuc29yaWFsZS1jaGljY2hpLTQlMjIlM0UlM0MlMkZzcGFuJTNFJTNDJTJGZGl2JTNFJTBBJTIwJTIwJTIwJTIwJTNDJTJGZGl2JTNFJTBBJTIwJTIwJTIwJTIwJTNDZGl2JTIwY2xhc3MlM0QlMjJqYXMtcm93JTIyJTNFJTBBJTIwJTIwJTIwJTIwJTIwJTIwJTIwJTIwJTNDZGl2JTIwY2xhc3MlM0QlMjJqYXMtY29sLW1kLTUlMjB0ZXh0LXJpZ2h0JTIwY3VzLXByb2ZpbG8tc2Vuc29yaWFsZS1ub21lJTIyJTNFJTNDc3BhbiUyMGNsYXNzJTNEJTIydGV4dC11cHBlcmNhc2UlMjIlM0VBcm9tYSUzQyUyRnNwYW4lM0UlM0MlMkZkaXYlM0UlMEElMjAlMjAlMjAlMjAlMjAlMjAlMjAlMjAlM0NkaXYlMjBjbGFzcyUzRCUyMmphcy1jb2wtbWQtNyUyMiUzRSUwQSUyMCUyMCUyMCUyMCUyMCUyMCUyMCUyMCUyMCUyMCUyMCUyMCUzQ3NwYW4lMjBjbGFzcyUzRCUyMmN1cy1wcm9maWxvLXNlbnNvcmlhbGUtY2hpY2NoaSUyMGN1cy1wcm9maWxvLXNlbnNvcmlhbGUtY2hpY2NoaS0zJTIyJTNFJTNDJTJGc3BhbiUzRSUzQyUyRmRpdiUzRSUwQSUyMCUyMCUyMCUyMCUzQyUyRmRpdiUzRSUwQSUzQyUyRmRpdiUzRQ==[\/vc_raw_html][vc_wp_text]<\/p>\n<p>100% Arabica gemahlen Espresso Kaffee aus Tansania. Kaffee mit einer angenehmen, aromatischen Basis und Nuance von s\u00fc\u00dfer Frucht, Haselnuss und Mandel. Schwacher S\u00e4uregehalt mit rohem Honig im Nageschmack.<\/p>\n<p>Italcaff\u00e8 produziert Kaffee-Mischungen f\u00fcr Espresso und Kaffees von h\u00f6chster Qualit\u00e4t. F\u00fcr dieses Produkt w\u00e4hlen wir nur die beste Kaffee aus Tansania. Einzeldosis-Kapseln in einer Schutzatmosph\u00e4re verpackt, um das Aroma und die Frische des Kaffees zu bewahren.<\/p>\n<p>Das Markenzeichen Nespresso\u00ae ist nicht im Besitz der Italcaff\u00e8 S.p.A. oder anderen dieser Firma angeschlossenen Gesellschaften.<\/p>\n<p>[\/vc_wp_text][\/vc_column][\/vc_row][\/vc_section][vc_section el_class=&#8221;wrap-home-pillars&#8221; css=&#8221;.vc_custom_1562852209382{border-bottom-width: 5px !important;border-bottom-color: #ffffff !important;border-bottom-style: solid !important;}&#8221;][vc_row css=&#8221;.vc_custom_1570542705221{padding-top: 50px !important;padding-bottom: 25px !important;background-color: #e40520 !important;}&#8221;][vc_column width=&#8221;1\/3&#8243; css=&#8221;.vc_custom_1570542690545{margin-bottom: 0px !important;padding-bottom: 0px !important;background-color: #e40520 !important;}&#8221;][vc_raw_html css=&#8221;.vc_custom_1563817998237{margin-top: 0px !important;margin-bottom: 0px !important;padding-top: 0px !important;padding-bottom: 0px !important;}&#8221;]PGRpdiBjbGFzcz0iamFzLXNlcnZpY2UgdGMgd3JhcC1ob21lLXBpbGxhcnMtc2luZ2xlIGJvcmRlci1yaWdodC13aGl0ZSI+CjxhIGhyZWY9Imh0dHBzOi8vd3d3Lml0YWxjYWZmZS5pdC9kZS9zaG9wLWRldS9teS1hY2NvdW50LyI+CjxkaXYgY2xhc3M9Imljb24gbWVkaXVtIGNwIiBzdHlsZT0iY29sb3I6ICNmZmZmZmY7Ij4KPGkgY2xhc3M9InBlLTdzLWNhciBpY28tY3VzLXNjb250byI+PC9pPgo8L2Rpdj4KPGRpdiBjbGFzcz0iY29udGVudCI+PGgzIGNsYXNzPSJ0aXRsZSBjcCB0dSBmc19fMTQgbWdfXzAgbWJfXzUgdGV4dC11cHBlcmNhc2UiIHN0eWxlPSJjb2xvcjogI2ZmZmZmZjsiPjEwJSBmw7xyIHJlZ2lzdHJpZXJ0ZSBLdW5kZW48L2gzPjxwIGNsYXNzPSJtZ19fMCIgc3R5bGU9ImNvbG9yOiAjZmZmZmZmOyI+ZsO8ciByZWdpc3RyaWVydGUgS3VuZGVuPC9wPjwvZGl2PgoKCjwvYT4KPC9kaXY+[\/vc_raw_html][\/vc_column][vc_column width=&#8221;1\/3&#8243; css=&#8221;.vc_custom_1570542697425{background-color: #e40520 !important;}&#8221;][vc_raw_html css=&#8221;.vc_custom_1563818255259{margin-top: 0px !important;margin-bottom: 0px !important;padding-top: 0px !important;padding-bottom: 0px !important;}&#8221;]PGRpdiBjbGFzcz0iamFzLXNlcnZpY2UgdGMgd3JhcC1ob21lLXBpbGxhcnMtc2luZ2xlIGJvcmRlci1yaWdodC13aGl0ZSI+CjxhIGhyZWY9Imh0dHBzOi8vd3d3Lml0YWxjYWZmZS5pdC9kZS9zaG9wLWRldS8iPgoKPGRpdiBjbGFzcz0iaWNvbiBtZWRpdW0gY3AiIHN0eWxlPSJjb2xvcjogI2ZmZmZmZjsiPjxpIGNsYXNzPSJwZS03cy10aW1lciI+PC9pPjwvZGl2PjxkaXYgY2xhc3M9ImNvbnRlbnQiPjxoMyBjbGFzcz0idGl0bGUgY3AgdHUgZnNfXzE0IG1nX18wIG1iX181IiBzdHlsZT0iY29sb3I6ICNmZmZmZmY7Ij5CRVNURUxMRU4gU0lFIE9OTElORTwvaDM+PHAgY2xhc3M9Im1nX18wIiBzdHlsZT0iY29sb3I6ICNmZmZmZmY7Ij4yNCBTdHVuZGVuIGFtIFRhZzwvcD48L2Rpdj4KPC9hPgo8L2Rpdj4=[\/vc_raw_html][\/vc_column][vc_column width=&#8221;1\/3&#8243; css=&#8221;.vc_custom_1563818085979{margin-top: 0px !important;margin-bottom: 0px !important;padding-top: 0px !important;padding-bottom: 0px !important;}&#8221;][vc_raw_html css=&#8221;.vc_custom_1564068944959{margin-top: 0px !important;margin-bottom: 0px !important;padding-top: 0px !important;padding-bottom: 0px !important;}&#8221;]PGRpdiBjbGFzcz0iamFzLXNlcnZpY2UgdGMgd3JhcC1ob21lLXBpbGxhcnMtc2luZ2xlIj4KPGE+Cgo8ZGl2IGNsYXNzPSJpY29uIG1lZGl1bSBjcCIgc3R5bGU9ImNvbG9yOiAjZmZmZmZmOyI+PGkgY2xhc3M9InBlLTdzLWRpYW1vbmQiPjwvaT48L2Rpdj48ZGl2IGNsYXNzPSJjb250ZW50Ij48aDMgY2xhc3M9InRpdGxlIGNwIHR1IGZzX18xNCBtZ19fMCBtYl9fNSIgc3R5bGU9ImNvbG9yOiAjZmZmZmZmOyI+UVVBTElUw4RUU0FVU1dBSEw8L2gzPjxwIGNsYXNzPSJtZ19fMCIgc3R5bGU9ImNvbG9yOiAjZmZmZmZmOyI+ZGllIGJlc3RlbiBLYWZmZWVzb3J0ZW4gZGVyIFdlbHQgaW4gdW5zZXJlciBIZWltYXQuPC9wPjwvZGl2PgoKPC9hPgo8L2Rpdj4=[\/vc_raw_html][\/vc_column][\/vc_row][\/vc_section][vc_row][vc_column][vc_empty_space height=&#8221;100px&#8221;][\/vc_column][\/vc_row]<\/p>\n<\/div>","protected":false},"excerpt":{"rendered":"<p>[vc_section el_class=&#8221;wrap-content-limit&#8221;][vc_row el_class=&#8221;wrap-content-limit&#8221;][vc_column][vc_custom_heading divider=&#8221;yes&#8221; text=&#8221;Arabica Tansania in Kapseln&#8221; font_container=&#8221;tag:h1|font_size:24px|text_align:center|color:%23000000|line_height:24px&#8221; use_theme_fonts=&#8221;yes&#8221; el_class=&#8221;text-uppercase&#8221;][\/vc_column][\/vc_row][vc_row][vc_column width=&#8221;1\/2&#8243;][vc_gallery type=&#8221;flexslider_slide&#8221; interval=&#8221;5&#8243; images=&#8221;28533,28791,28787,28828&#8243; img_size=&#8221;570&#215;760&#8243; onclick=&#8221;&#8221; el_class=&#8221;flexslider-prodotti&#8221;][\/vc_column][vc_column width=&#8221;1\/2&#8243;][vc_raw_html]JTNDZGl2JTIwY2xhc3MlM0QlMjJ3b29jb21tZXJjZS1wcm9kdWN0LWRldGFpbHNfX3Nob3J0LWRlc2NyaXB0aW9uJTIyJTNFJTBBJTIwJTIwJTIwJTIwJTNDaDIlMjBjbGFzcyUzRCUyMnByb2R1Y3RfdGl0bGUlMjBlbnRyeS10aXRsZSUyMHRleHQtdXBwZXJjYXNlJTIwcHRfXzMwJTIyJTNFTWVya21hbGUlMjBkZXMlMjBLYWZmZWUlRTIlODAlOThzJTNDJTJGaDIlM0UlMEElMjAlMjAlMjAlMjAlM0NkaXYlMjBjbGFzcyUzRCUyMmphcy1yb3clMjIlM0UlMEElMjAlMjAlMjAlMjAlMjAlMjAlMjAlMjAlM0NkaXYlMjBjbGFzcyUzRCUyMmphcy1jb2wtbWQtNSUyMHRleHQtcmlnaHQlMjBjdXMtcHJvZmlsby1zZW5zb3JpYWxlLW5vbWUlMjIlM0UlM0NzcGFuJTIwY2xhc3MlM0QlMjJ0ZXh0LXVwcGVyY2FzZSUyMiUzRVIlQzMlQjZzdGVuJTNDJTJGc3BhbiUzRSUzQyUyRmRpdiUzRSUwQSUyMCUyMCUyMCUyMCUyMCUyMCUyMCUyMCUzQ2RpdiUyMGNsYXNzJTNEJTIyamFzLWNvbC1tZC03JTIyJTNFJTNDc3BhbiUyMGNsYXNzJTNEJTIyY3VzLXByb2ZpbG8tc2Vuc29yaWFsZS1jaGljY2hpJTIwY3VzLXByb2ZpbG8tc2Vuc29yaWFsZS1jaGljY2hpLTMlMjIlM0UlM0MlMkZzcGFuJTNFJTNDJTJGZGl2JTNFJTBBJTIwJTIwJTIwJTIwJTNDJTJGZGl2JTNFJTBBJTIwJTIwJTIwJTIwJTNDZGl2JTIwY2xhc3MlM0QlMjJqYXMtcm93JTIyJTNFJTBBJTIwJTIwJTIwJTIwJTIwJTIwJTIwJTIwJTNDZGl2JTIwY2xhc3MlM0QlMjJqYXMtY29sLW1kLTUlMjB0ZXh0LXJpZ2h0JTIwY3VzLXByb2ZpbG8tc2Vuc29yaWFsZS1ub21lJTIyJTNFJTNDc3BhbiUyMGNsYXNzJTNEJTIydGV4dC11cHBlcmNhc2UlMjIlM0VLJUMzJUI2cnBlciUzQyUyRnNwYW4lM0UlM0MlMkZkaXYlM0UlMEElMjAlMjAlMjAlMjAlMjAlMjAlMjAlMjAlM0NkaXYlMjBjbGFzcyUzRCUyMmphcy1jb2wtbWQtNyUyMiUzRSUzQ3NwYW4lMjBjbGFzcyUzRCUyMmN1cy1wcm9maWxvLXNlbnNvcmlhbGUtY2hpY2NoaSUyMGN1cy1wcm9maWxvLXNlbnNvcmlhbGUtY2hpY2NoaS01JTIyJTNFJTNDJTJGc3BhbiUzRSUzQyUyRmRpdiUzRSUwQSUyMCUyMCUyMCUyMCUzQyUyRmRpdiUzRSUwQSUyMCUyMCUyMCUyMCUzQ2RpdiUyMGNsYXNzJTNEJTIyamFzLXJvdyUyMiUzRSUwQSUyMCUyMCUyMCUyMCUyMCUyMCUyMCUyMCUzQ2RpdiUyMGNsYXNzJTNEJTIyamFzLWNvbC1tZC01JTIwdGV4dC1yaWdodCUyMGN1cy1wcm9maWxvLXNlbnNvcmlhbGUtbm9tZSUyMiUzRSUzQ3NwYW4lMjBjbGFzcyUzRCUyMnRleHQtdXBwZXJjYXNlJTIyJTNFUyVDMyVBNHVyZSUzQyUyRnNwYW4lM0UlM0MlMkZkaXYlM0UlMEElMjAlMjAlMjAlMjAlMjAlMjAlMjAlMjAlM0NkaXYlMjBjbGFzcyUzRCUyMmphcy1jb2wtbWQtNyUyMiUzRSUzQ3NwYW4lMjBjbGFzcyUzRCUyMmN1cy1wcm9maWxvLXNlbnNvcmlhbGUtY2hpY2NoaSUyMGN1cy1wcm9maWxvLXNlbnNvcmlhbGUtY2hpY2NoaS01JTIyJTNFJTNDJTJGc3BhbiUzRSUzQyUyRmRpdiUzRSUwQSUyMCUyMCUyMCUyMCUzQyUyRmRpdiUzRSUwQSUyMCUyMCUyMCUyMCUzQ2RpdiUyMGNsYXNzJTNEJTIyamFzLXJvdyUyMiUzRSUwQSUyMCUyMCUyMCUyMCUyMCUyMCUyMCUyMCUzQ2RpdiUyMGNsYXNzJTNEJTIyamFzLWNvbC1tZC01JTIwdGV4dC1yaWdodCUyMGN1cy1wcm9maWxvLXNlbnNvcmlhbGUtbm9tZSUyMiUzRSUzQ3NwYW4lMjBjbGFzcyUzRCUyMnRleHQtdXBwZXJjYXNlJTIyJTNFSW50ZW5zaXQlQzMlQTR0JTNDJTJGc3BhbiUzRSUzQyUyRmRpdiUzRSUwQSUyMCUyMCUyMCUyMCUyMCUyMCUyMCUyMCUzQ2RpdiUyMGNsYXNzJTNEJTIyamFzLWNvbC1tZC03JTIyJTNFJTNDc3BhbiUyMGNsYXNzJTNEJTIyY3VzLXByb2ZpbG8tc2Vuc29yaWFsZS1jaGljY2hpJTIwY3VzLXByb2ZpbG8tc2Vuc29yaWFsZS1jaGljY2hpLTQlMjIlM0UlM0MlMkZzcGFuJTNFJTNDJTJGZGl2JTNFJTBBJTIwJTIwJTIwJTIwJTNDJTJGZGl2JTNFJTBBJTIwJTIwJTIwJTIwJTNDZGl2JTIwY2xhc3MlM0QlMjJqYXMtcm93JTIyJTNFJTBBJTIwJTIwJTIwJTIwJTIwJTIwJTIwJTIwJTNDZGl2JTIwY2xhc3MlM0QlMjJqYXMtY29sLW1kLTUlMjB0ZXh0LXJpZ2h0JTIwY3VzLXByb2ZpbG8tc2Vuc29yaWFsZS1ub21lJTIyJTNFJTNDc3BhbiUyMGNsYXNzJTNEJTIydGV4dC11cHBlcmNhc2UlMjIlM0VBcm9tYSUzQyUyRnNwYW4lM0UlM0MlMkZkaXYlM0UlMEElMjAlMjAlMjAlMjAlMjAlMjAlMjAlMjAlM0NkaXYlMjBjbGFzcyUzRCUyMmphcy1jb2wtbWQtNyUyMiUzRSUwQSUyMCUyMCUyMCUyMCUyMCUyMCUyMCUyMCUyMCUyMCUyMCUyMCUzQ3NwYW4lMjBjbGFzcyUzRCUyMmN1cy1wcm9maWxvLXNlbnNvcmlhbGUtY2hpY2NoaSUyMGN1cy1wcm9maWxvLXNlbnNvcmlhbGUtY2hpY2NoaS0zJTIyJTNFJTNDJTJGc3BhbiUzRSUzQyUyRmRpdiUzRSUwQSUyMCUyMCUyMCUyMCUzQyUyRmRpdiUzRSUwQSUzQyUyRmRpdiUzRQ==[\/vc_raw_html][vc_wp_text] 100% Arabica gemahlen Espresso Kaffee aus Tansania. Kaffee mit einer angenehmen, aromatischen Basis und Nuance von s\u00fc\u00dfer Frucht, Haselnuss und Mandel. Schwacher S\u00e4uregehalt mit rohem Honig im Nageschmack. Italcaff\u00e8 produziert Kaffee-Mischungen f\u00fcr Espresso und Kaffees von [&hellip;]<\/p>\n","protected":false},"author":3,"featured_media":28533,"parent":20238,"menu_order":1,"comment_status":"closed","ping_status":"closed","template":"","meta":{"_acf_changed":false,"footnotes":""},"class_list":["post-20138","page","type-page","status-publish","has-post-thumbnail","hentry"],"acf":[],"yoast_head":"<!-- This site is optimized with the Yoast SEO plugin v27.0 - https:\/\/yoast.com\/product\/yoast-seo-wordpress\/ -->\n<title>Der beste Espresso, in den Kapseln Arabica Tanzania | Italcaff\u00e8<\/title>\n<meta name=\"description\" content=\"Arabica Tanzania ist ein k\u00f6stlicher Kaffee, der in Einzeldosis-Kapseln f\u00fcr zu Hause und das B\u00fcro erh\u00e4ltlich ist. Espresso mit Noten von s\u00fc\u00dfer Frucht, Haselnuss und Mandel.\" \/>\n<meta name=\"robots\" content=\"index, follow, max-snippet:-1, max-image-preview:large, max-video-preview:-1\" \/>\n<link rel=\"canonical\" href=\"https:\/\/italcaffe.it\/de\/produkte\/kapseln-und-pad-linie\/arabica-tansania-in-kapseln\/\" \/>\n<meta property=\"og:locale\" content=\"de_DE\" \/>\n<meta property=\"og:type\" content=\"article\" \/>\n<meta property=\"og:title\" content=\"Der beste Espresso, in den Kapseln Arabica Tanzania | Italcaff\u00e8\" \/>\n<meta property=\"og:description\" content=\"Arabica Tanzania ist ein k\u00f6stlicher Kaffee, der in Einzeldosis-Kapseln f\u00fcr zu Hause und das B\u00fcro erh\u00e4ltlich ist. Espresso mit Noten von s\u00fc\u00dfer Frucht, Haselnuss und Mandel.\" \/>\n<meta property=\"og:url\" content=\"https:\/\/italcaffe.it\/de\/produkte\/kapseln-und-pad-linie\/arabica-tansania-in-kapseln\/\" \/>\n<meta property=\"og:site_name\" content=\"Italcaff\u00e8\" \/>\n<meta property=\"article:modified_time\" content=\"2022-02-18T16:04:56+00:00\" \/>\n<meta property=\"og:image\" content=\"https:\/\/italcaffe.it\/wp-content\/uploads\/2021\/12\/Fronte-Tanzania.jpg\" \/>\n\t<meta property=\"og:image:width\" content=\"825\" \/>\n\t<meta property=\"og:image:height\" content=\"1000\" \/>\n\t<meta property=\"og:image:type\" content=\"image\/jpeg\" \/>\n<meta name=\"twitter:card\" content=\"summary_large_image\" \/>\n<meta name=\"twitter:label1\" content=\"Gesch\u00e4tzte Lesezeit\" \/>\n\t<meta name=\"twitter:data1\" content=\"4\u00a0Minuten\" \/>\n<script type=\"application\/ld+json\" class=\"yoast-schema-graph\">{\"@context\":\"https:\/\/schema.org\",\"@graph\":[{\"@type\":\"WebPage\",\"@id\":\"https:\/\/italcaffe.it\/de\/produkte\/kapseln-und-pad-linie\/arabica-tansania-in-kapseln\/\",\"url\":\"https:\/\/italcaffe.it\/de\/produkte\/kapseln-und-pad-linie\/arabica-tansania-in-kapseln\/\",\"name\":\"Der beste Espresso, in den Kapseln Arabica Tanzania | Italcaff\u00e8\",\"isPartOf\":{\"@id\":\"https:\/\/italcaffe.it\/de\/#website\"},\"primaryImageOfPage\":{\"@id\":\"https:\/\/italcaffe.it\/de\/produkte\/kapseln-und-pad-linie\/arabica-tansania-in-kapseln\/#primaryimage\"},\"image\":{\"@id\":\"https:\/\/italcaffe.it\/de\/produkte\/kapseln-und-pad-linie\/arabica-tansania-in-kapseln\/#primaryimage\"},\"thumbnailUrl\":\"https:\/\/italcaffe.it\/wp-content\/uploads\/2021\/12\/Fronte-Tanzania.jpg\",\"datePublished\":\"2019-10-24T08:09:36+00:00\",\"dateModified\":\"2022-02-18T16:04:56+00:00\",\"description\":\"Arabica Tanzania ist ein k\u00f6stlicher Kaffee, der in Einzeldosis-Kapseln f\u00fcr zu Hause und das B\u00fcro erh\u00e4ltlich ist. Espresso mit Noten von s\u00fc\u00dfer Frucht, Haselnuss und Mandel.\",\"breadcrumb\":{\"@id\":\"https:\/\/italcaffe.it\/de\/produkte\/kapseln-und-pad-linie\/arabica-tansania-in-kapseln\/#breadcrumb\"},\"inLanguage\":\"de\",\"potentialAction\":[{\"@type\":\"ReadAction\",\"target\":[\"https:\/\/italcaffe.it\/de\/produkte\/kapseln-und-pad-linie\/arabica-tansania-in-kapseln\/\"]}]},{\"@type\":\"ImageObject\",\"inLanguage\":\"de\",\"@id\":\"https:\/\/italcaffe.it\/de\/produkte\/kapseln-und-pad-linie\/arabica-tansania-in-kapseln\/#primaryimage\",\"url\":\"https:\/\/italcaffe.it\/wp-content\/uploads\/2021\/12\/Fronte-Tanzania.jpg\",\"contentUrl\":\"https:\/\/italcaffe.it\/wp-content\/uploads\/2021\/12\/Fronte-Tanzania.jpg\",\"width\":825,\"height\":1000,\"caption\":\"Capsule caff\u00e8 espresso Tanzania Italcaff\u00e8 compatbili Nespresso Aluminium\"},{\"@type\":\"BreadcrumbList\",\"@id\":\"https:\/\/italcaffe.it\/de\/produkte\/kapseln-und-pad-linie\/arabica-tansania-in-kapseln\/#breadcrumb\",\"itemListElement\":[{\"@type\":\"ListItem\",\"position\":1,\"name\":\"Home\",\"item\":\"https:\/\/italcaffe.it\/de\/\"},{\"@type\":\"ListItem\",\"position\":2,\"name\":\"Produkte\",\"item\":\"https:\/\/italcaffe.it\/de\/produkte\/\"},{\"@type\":\"ListItem\",\"position\":3,\"name\":\"KAPSEL- UND PAD-LINIE\",\"item\":\"https:\/\/italcaffe.it\/de\/produkte\/kapseln-und-pad-linie\/\"},{\"@type\":\"ListItem\",\"position\":4,\"name\":\"ARABICA TANSANIA IN KAPSELN\"}]},{\"@type\":\"WebSite\",\"@id\":\"https:\/\/italcaffe.it\/de\/#website\",\"url\":\"https:\/\/italcaffe.it\/de\/\",\"name\":\"Italcaff\u00e8\",\"description\":\"50 Anni insieme\",\"potentialAction\":[{\"@type\":\"SearchAction\",\"target\":{\"@type\":\"EntryPoint\",\"urlTemplate\":\"https:\/\/italcaffe.it\/de\/?s={search_term_string}\"},\"query-input\":{\"@type\":\"PropertyValueSpecification\",\"valueRequired\":true,\"valueName\":\"search_term_string\"}}],\"inLanguage\":\"de\"}]}<\/script>\n<!-- \/ Yoast SEO plugin. -->","yoast_head_json":{"title":"Der beste Espresso, in den Kapseln Arabica Tanzania | Italcaff\u00e8","description":"Arabica Tanzania ist ein k\u00f6stlicher Kaffee, der in Einzeldosis-Kapseln f\u00fcr zu Hause und das B\u00fcro erh\u00e4ltlich ist. Espresso mit Noten von s\u00fc\u00dfer Frucht, Haselnuss und Mandel.","robots":{"index":"index","follow":"follow","max-snippet":"max-snippet:-1","max-image-preview":"max-image-preview:large","max-video-preview":"max-video-preview:-1"},"canonical":"https:\/\/italcaffe.it\/de\/produkte\/kapseln-und-pad-linie\/arabica-tansania-in-kapseln\/","og_locale":"de_DE","og_type":"article","og_title":"Der beste Espresso, in den Kapseln Arabica Tanzania | Italcaff\u00e8","og_description":"Arabica Tanzania ist ein k\u00f6stlicher Kaffee, der in Einzeldosis-Kapseln f\u00fcr zu Hause und das B\u00fcro erh\u00e4ltlich ist. Espresso mit Noten von s\u00fc\u00dfer Frucht, Haselnuss und Mandel.","og_url":"https:\/\/italcaffe.it\/de\/produkte\/kapseln-und-pad-linie\/arabica-tansania-in-kapseln\/","og_site_name":"Italcaff\u00e8","article_modified_time":"2022-02-18T16:04:56+00:00","og_image":[{"width":825,"height":1000,"url":"https:\/\/italcaffe.it\/wp-content\/uploads\/2021\/12\/Fronte-Tanzania.jpg","type":"image\/jpeg"}],"twitter_card":"summary_large_image","twitter_misc":{"Gesch\u00e4tzte Lesezeit":"4\u00a0Minuten"},"schema":{"@context":"https:\/\/schema.org","@graph":[{"@type":"WebPage","@id":"https:\/\/italcaffe.it\/de\/produkte\/kapseln-und-pad-linie\/arabica-tansania-in-kapseln\/","url":"https:\/\/italcaffe.it\/de\/produkte\/kapseln-und-pad-linie\/arabica-tansania-in-kapseln\/","name":"Der beste Espresso, in den Kapseln Arabica Tanzania | Italcaff\u00e8","isPartOf":{"@id":"https:\/\/italcaffe.it\/de\/#website"},"primaryImageOfPage":{"@id":"https:\/\/italcaffe.it\/de\/produkte\/kapseln-und-pad-linie\/arabica-tansania-in-kapseln\/#primaryimage"},"image":{"@id":"https:\/\/italcaffe.it\/de\/produkte\/kapseln-und-pad-linie\/arabica-tansania-in-kapseln\/#primaryimage"},"thumbnailUrl":"https:\/\/italcaffe.it\/wp-content\/uploads\/2021\/12\/Fronte-Tanzania.jpg","datePublished":"2019-10-24T08:09:36+00:00","dateModified":"2022-02-18T16:04:56+00:00","description":"Arabica Tanzania ist ein k\u00f6stlicher Kaffee, der in Einzeldosis-Kapseln f\u00fcr zu Hause und das B\u00fcro erh\u00e4ltlich ist. Espresso mit Noten von s\u00fc\u00dfer Frucht, Haselnuss und Mandel.","breadcrumb":{"@id":"https:\/\/italcaffe.it\/de\/produkte\/kapseln-und-pad-linie\/arabica-tansania-in-kapseln\/#breadcrumb"},"inLanguage":"de","potentialAction":[{"@type":"ReadAction","target":["https:\/\/italcaffe.it\/de\/produkte\/kapseln-und-pad-linie\/arabica-tansania-in-kapseln\/"]}]},{"@type":"ImageObject","inLanguage":"de","@id":"https:\/\/italcaffe.it\/de\/produkte\/kapseln-und-pad-linie\/arabica-tansania-in-kapseln\/#primaryimage","url":"https:\/\/italcaffe.it\/wp-content\/uploads\/2021\/12\/Fronte-Tanzania.jpg","contentUrl":"https:\/\/italcaffe.it\/wp-content\/uploads\/2021\/12\/Fronte-Tanzania.jpg","width":825,"height":1000,"caption":"Capsule caff\u00e8 espresso Tanzania Italcaff\u00e8 compatbili Nespresso Aluminium"},{"@type":"BreadcrumbList","@id":"https:\/\/italcaffe.it\/de\/produkte\/kapseln-und-pad-linie\/arabica-tansania-in-kapseln\/#breadcrumb","itemListElement":[{"@type":"ListItem","position":1,"name":"Home","item":"https:\/\/italcaffe.it\/de\/"},{"@type":"ListItem","position":2,"name":"Produkte","item":"https:\/\/italcaffe.it\/de\/produkte\/"},{"@type":"ListItem","position":3,"name":"KAPSEL- UND PAD-LINIE","item":"https:\/\/italcaffe.it\/de\/produkte\/kapseln-und-pad-linie\/"},{"@type":"ListItem","position":4,"name":"ARABICA TANSANIA IN KAPSELN"}]},{"@type":"WebSite","@id":"https:\/\/italcaffe.it\/de\/#website","url":"https:\/\/italcaffe.it\/de\/","name":"Italcaff\u00e8","description":"50 Anni insieme","potentialAction":[{"@type":"SearchAction","target":{"@type":"EntryPoint","urlTemplate":"https:\/\/italcaffe.it\/de\/?s={search_term_string}"},"query-input":{"@type":"PropertyValueSpecification","valueRequired":true,"valueName":"search_term_string"}}],"inLanguage":"de"}]}},"_links":{"self":[{"href":"https:\/\/italcaffe.it\/de\/wp-json\/wp\/v2\/pages\/20138","targetHints":{"allow":["GET"]}}],"collection":[{"href":"https:\/\/italcaffe.it\/de\/wp-json\/wp\/v2\/pages"}],"about":[{"href":"https:\/\/italcaffe.it\/de\/wp-json\/wp\/v2\/types\/page"}],"author":[{"embeddable":true,"href":"https:\/\/italcaffe.it\/de\/wp-json\/wp\/v2\/users\/3"}],"replies":[{"embeddable":true,"href":"https:\/\/italcaffe.it\/de\/wp-json\/wp\/v2\/comments?post=20138"}],"version-history":[{"count":0,"href":"https:\/\/italcaffe.it\/de\/wp-json\/wp\/v2\/pages\/20138\/revisions"}],"up":[{"embeddable":true,"href":"https:\/\/italcaffe.it\/de\/wp-json\/wp\/v2\/pages\/20238"}],"wp:featuredmedia":[{"embeddable":true,"href":"https:\/\/italcaffe.it\/de\/wp-json\/wp\/v2\/media\/28533"}],"wp:attachment":[{"href":"https:\/\/italcaffe.it\/de\/wp-json\/wp\/v2\/media?parent=20138"}],"curies":[{"name":"wp","href":"https:\/\/api.w.org\/{rel}","templated":true}]}}