{"id":20158,"date":"2019-10-24T09:33:19","date_gmt":"2019-10-24T08:33:19","guid":{"rendered":"https:\/\/www.italcaffe.it\/espresso-casa-500g\/"},"modified":"2021-04-13T16:47:16","modified_gmt":"2021-04-13T15:47:16","slug":"espresso-casa-500g","status":"publish","type":"page","link":"https:\/\/italcaffe.it\/de\/produkte\/retail-linie\/espresso-casa-500g\/","title":{"rendered":"ESPRESSO CASA 500g"},"content":{"rendered":"<div class=\"wpb-content-wrapper\"><p>[vc_section el_class=&#8221;wrap-content-limit&#8221;][vc_row el_class=&#8221;wrap-content-limit&#8221;][vc_column][vc_raw_html]JTNDaDIlMjBzdHlsZSUzRCUyMmZvbnQtc2l6ZSUzQSUyMDI0cHglM0JsaW5lLWhlaWdodCUzQSUyMDI0cHglM0J0ZXh0LWFsaWduJTNBJTIwY2VudGVyJTIyJTIwY2xhc3MlM0QlMjJ2Y19jdXN0b21faGVhZGluZyUyMHRleHQtdXBwZXJjYXNlJTIwZGl2aWRlciUyMHByJTIyJTNFRXNwcmVzc28lMjBDYXNhJTIwNTAwJTNDc3BhbiUyMGNsYXNzJTNEJTIydGV4dC1sb3dlcmNhc2UlMjIlM0VnJTNDJTJGaDIlM0U=[\/vc_raw_html][\/vc_column][\/vc_row][vc_row][vc_column width=&#8221;1\/2&#8243;][vc_gallery type=&#8221;flexslider_slide&#8221; interval=&#8221;5&#8243; images=&#8221;9510,9526,9514,9522&#8243; img_size=&#8221;570&#215;760&#8243; onclick=&#8221;&#8221; el_class=&#8221;flexslider-prodotti&#8221;][\/vc_column][vc_column width=&#8221;1\/2&#8243;][vc_empty_space height=&#8221;50px&#8221;][vc_raw_html]JTNDZGl2JTIwY2xhc3MlM0QlMjJ3b29jb21tZXJjZS1wcm9kdWN0LWRldGFpbHNfX3Nob3J0LWRlc2NyaXB0aW9uJTIyJTNFJTBBJTNDaDIlMjBjbGFzcyUzRCUyMnByb2R1Y3RfdGl0bGUlMjBlbnRyeS10aXRsZSUyMHRleHQtdXBwZXJjYXNlJTIwcHRfXzMwJTIyJTNFTUVSS01BTEUlMjBERVMlMjBLQUZGRUUlRTIlODAlOThTJTNDJTJGaDIlM0UlMEElM0NkaXYlMjBjbGFzcyUzRCUyMmphcy1yb3clMjIlM0UlMEElM0NkaXYlMjBjbGFzcyUzRCUyMmphcy1jb2wtbWQtNSUyMHRleHQtcmlnaHQlMjBjdXMtcHJvZmlsby1zZW5zb3JpYWxlLW5vbWUlMjIlM0UlMEElM0NzcGFuJTIwY2xhc3MlM0QlMjJ0ZXh0LXVwcGVyY2FzZSUyMiUzRVIlQzMlOTZTVEVOJTNDJTJGc3BhbiUzRSUzQyUyRmRpdiUzRSUzQ2RpdiUyMGNsYXNzJTNEJTIyamFzLWNvbC1tZC03JTIyJTNFJTNDc3BhbiUyMGNsYXNzJTNEJTIyY3VzLXByb2ZpbG8tc2Vuc29yaWFsZS1jaGljY2hpJTIwY3VzLXByb2ZpbG8tc2Vuc29yaWFsZS1jaGljY2hpLTMlMjIlM0UlM0MlMkZzcGFuJTNFJTNDJTJGZGl2JTNFJTNDJTJGZGl2JTNFJTNDZGl2JTIwY2xhc3MlM0QlMjJqYXMtcm93JTIyJTNFJTNDZGl2JTIwY2xhc3MlM0QlMjJqYXMtY29sLW1kLTUlMjB0ZXh0LXJpZ2h0JTIwY3VzLXByb2ZpbG8tc2Vuc29yaWFsZS1ub21lJTIyJTNFJTNDc3BhbiUyMGNsYXNzJTNEJTIydGV4dC11cHBlcmNhc2UlMjIlM0VLJUMzJTk2UlBFUiUzQyUyRnNwYW4lM0UlM0MlMkZkaXYlM0UlM0NkaXYlMjBjbGFzcyUzRCUyMmphcy1jb2wtbWQtNyUyMiUzRSUzQ3NwYW4lMjBjbGFzcyUzRCUyMmN1cy1wcm9maWxvLXNlbnNvcmlhbGUtY2hpY2NoaSUyMGN1cy1wcm9maWxvLXNlbnNvcmlhbGUtY2hpY2NoaS00JTIyJTNFJTNDJTJGc3BhbiUzRSUzQyUyRmRpdiUzRSUzQyUyRmRpdiUzRSUzQ2RpdiUyMGNsYXNzJTNEJTIyamFzLXJvdyUyMiUzRSUzQ2RpdiUyMGNsYXNzJTNEJTIyamFzLWNvbC1tZC01JTIwdGV4dC1yaWdodCUyMGN1cy1wcm9maWxvLXNlbnNvcmlhbGUtbm9tZSUyMiUzRSUzQ3NwYW4lMjBjbGFzcyUzRCUyMnRleHQtdXBwZXJjYXNlJTIyJTNFQXJvbWElM0MlMkZzcGFuJTNFJTNDJTJGZGl2JTNFJTNDZGl2JTIwY2xhc3MlM0QlMjJqYXMtY29sLW1kLTclMjIlM0UlM0NzcGFuJTIwY2xhc3MlM0QlMjJjdXMtcHJvZmlsby1zZW5zb3JpYWxlLWNoaWNjaGklMjBjdXMtcHJvZmlsby1zZW5zb3JpYWxlLWNoaWNjaGktNCUyMiUzRSUzQyUyRnNwYW4lM0UlM0MlMkZkaXYlM0UlM0MlMkZkaXYlM0UlM0NkaXYlMjBjbGFzcyUzRCUyMmphcy1yb3clMjIlM0UlM0NkaXYlMjBjbGFzcyUzRCUyMmphcy1jb2wtbWQtNSUyMHRleHQtcmlnaHQlMjBjdXMtcHJvZmlsby1zZW5zb3JpYWxlLW5vbWUlMjIlM0UlM0NzcGFuJTIwY2xhc3MlM0QlMjJ0ZXh0LXVwcGVyY2FzZSUyMiUzRVMlQzMlOUNTUyUzQyUyRnNwYW4lM0UlM0MlMkZkaXYlM0UlM0NkaXYlMjBjbGFzcyUzRCUyMmphcy1jb2wtbWQtNyUyMiUzRSUzQ3NwYW4lMjBjbGFzcyUzRCUyMmN1cy1wcm9maWxvLXNlbnNvcmlhbGUtY2hpY2NoaSUyMGN1cy1wcm9maWxvLXNlbnNvcmlhbGUtY2hpY2NoaS00JTIyJTNFNSUzQyUyRnNwYW4lM0UlM0MlMkZkaXYlM0UlM0MlMkZkaXYlM0UlM0NkaXYlMjBjbGFzcyUzRCUyMmphcy1yb3clMjIlM0UlM0NkaXYlMjBjbGFzcyUzRCUyMmphcy1jb2wtbWQtNSUyMHRleHQtcmlnaHQlMjBjdXMtcHJvZmlsby1zZW5zb3JpYWxlLW5vbWUlMjIlM0UlM0NzcGFuJTIwY2xhc3MlM0QlMjJ0ZXh0LXVwcGVyY2FzZSUyMiUzRVMlQzMlODRVUkUlMEElM0MlMkZzcGFuJTNFJTNDJTJGZGl2JTNFJTNDZGl2JTIwY2xhc3MlM0QlMjJqYXMtY29sLW1kLTclMjIlM0UlM0NzcGFuJTIwY2xhc3MlM0QlMjJjdXMtcHJvZmlsby1zZW5zb3JpYWxlLWNoaWNjaGklMjBjdXMtcHJvZmlsby1zZW5zb3JpYWxlLWNoaWNjaGktMiUyMiUzRSUzQyUyRnNwYW4lM0UlMEElM0MlMkZkaXYlM0UlMEElM0MlMkZkaXYlM0UlMEElM0MlMkZkaXYlM0U=[\/vc_raw_html][vc_wp_text]Eine ideale Kaffeemischung f\u00fcr die Heim-Espressomaschine.<\/p>\n<p>Sie wird durch die perfekte Mischung der wertvollen Sorten Arabica und Robusta erzielt und sorgf\u00e4ltig dosiert, um Ihnen den wahren italienischen Espresso anzubieten.<\/p>\n<p>Ganze Espressobohnen in sch\u00fctzender Atmosph\u00e4re verpackt, um Geschmack und Frische zu erhalten. Vier Seiten versiegelten Beutel von 500g mit unidirektionalem Aromaschutzventil.[\/vc_wp_text][\/vc_column][\/vc_row][\/vc_section][vc_section el_class=&#8221;wrap-home-pillars&#8221; css=&#8221;.vc_custom_1562852209382{border-bottom-width: 5px !important;border-bottom-color: #ffffff !important;border-bottom-style: solid !important;}&#8221;][vc_row css=&#8221;.vc_custom_1570542705221{padding-top: 50px !important;padding-bottom: 25px !important;background-color: #e40520 !important;}&#8221;][vc_column width=&#8221;1\/3&#8243; css=&#8221;.vc_custom_1570542690545{margin-bottom: 0px !important;padding-bottom: 0px !important;background-color: #e40520 !important;}&#8221;][vc_raw_html css=&#8221;.vc_custom_1590506504046{margin-top: 0px !important;margin-bottom: 0px !important;padding-top: 0px !important;padding-bottom: 0px !important;}&#8221;]JTNDZGl2JTIwY2xhc3MlM0QlMjJqYXMtc2VydmljZSUyMHRjJTIwd3JhcC1ob21lLXBpbGxhcnMtc2luZ2xlJTIwYm9yZGVyLXJpZ2h0LXdoaXRlJTIyJTNFJTBBJTNDYSUyMGhyZWYlM0QlMjJodHRwcyUzQSUyRiUyRnd3dy5pdGFsY2FmZmUuaXQlMkZkZSUyRnNob3AlMkZteS1hY2NvdW50JTJGJTIyJTNFJTBBJTNDZGl2JTIwY2xhc3MlM0QlMjJpY29uJTIwbWVkaXVtJTIwY3AlMjIlMjBzdHlsZSUzRCUyMmNvbG9yJTNBJTIwJTIzZmZmZmZmJTNCJTIyJTNFJTBBJTNDaSUyMGNsYXNzJTNEJTIycGUtN3MtY2FyJTIwaWNvLWN1cy1zY29udG8lMjIlM0UlM0MlMkZpJTNFJTBBJTNDJTJGZGl2JTNFJTBBJTNDZGl2JTIwY2xhc3MlM0QlMjJjb250ZW50JTIyJTNFJTNDaDMlMjBjbGFzcyUzRCUyMnRpdGxlJTIwY3AlMjB0dSUyMGZzX18xNCUyMG1nX18wJTIwbWJfXzUlMjB0ZXh0LXVwcGVyY2FzZSUyMiUyMHN0eWxlJTNEJTIyY29sb3IlM0ElMjAlMjNmZmZmZmYlM0IlMjIlM0UxMCUyNSUyMEYlQzMlOUNSJTIwUkVHSVNUUklFUlRFJTIwSyVDMyU5Q05ERU4lM0MlMkZoMyUzRSUzQ3AlMjBjbGFzcyUzRCUyMm1nX18wJTIyJTIwc3R5bGUlM0QlMjJjb2xvciUzQSUyMCUyM2ZmZmZmZiUzQiUyMiUzRWYlQzMlQkNyJTIwcmVnaXN0cmllcnRlJTIwS3VuZGVuJTNDJTJGcCUzRSUzQyUyRmRpdiUzRSUwQSUwQSUwQSUzQyUyRmElM0UlMEElM0MlMkZkaXYlM0U=[\/vc_raw_html][\/vc_column][vc_column width=&#8221;1\/3&#8243; css=&#8221;.vc_custom_1570542697425{background-color: #e40520 !important;}&#8221;][vc_raw_html css=&#8221;.vc_custom_1590506540852{margin-top: 0px !important;margin-bottom: 0px !important;padding-top: 0px !important;padding-bottom: 0px !important;}&#8221;]JTNDZGl2JTIwY2xhc3MlM0QlMjJqYXMtc2VydmljZSUyMHRjJTIwd3JhcC1ob21lLXBpbGxhcnMtc2luZ2xlJTIwYm9yZGVyLXJpZ2h0LXdoaXRlJTIyJTNFJTBBJTNDYSUyMGhyZWYlM0QlMjJodHRwcyUzQSUyRiUyRnd3dy5pdGFsY2FmZmUuaXQlMkZkZSUyRnNob3AlMkZrYWZmZWVib2huZW4lMkZlc3ByZXNzby1ib2huZW4lMkZjYXNhLWl0YWxjYWZmZS01MDBnJTJGJTIyJTNFJTBBJTBBJTNDZGl2JTIwY2xhc3MlM0QlMjJpY29uJTIwbWVkaXVtJTIwY3AlMjIlMjBzdHlsZSUzRCUyMmNvbG9yJTNBJTIwJTIzZmZmZmZmJTNCJTIyJTNFJTNDaSUyMGNsYXNzJTNEJTIycGUtN3MtdGltZXIlMjIlM0UlM0MlMkZpJTNFJTNDJTJGZGl2JTNFJTNDZGl2JTIwY2xhc3MlM0QlMjJjb250ZW50JTIyJTNFJTNDaDMlMjBjbGFzcyUzRCUyMnRpdGxlJTIwY3AlMjB0dSUyMGZzX18xNCUyMG1nX18wJTIwbWJfXzUlMjIlMjBzdHlsZSUzRCUyMmNvbG9yJTNBJTIwJTIzZmZmZmZmJTNCJTIyJTNFQmVzdGVsbGVuJTIwc2llJTIwb25saW5lJTNDJTJGaDMlM0UlM0NwJTIwY2xhc3MlM0QlMjJtZ19fMCUyMiUyMHN0eWxlJTNEJTIyY29sb3IlM0ElMjAlMjNmZmZmZmYlM0IlMjIlM0UyNCUyMFN0dW5kZW4lMjBhbSUyMFRhZyUzQyUyRnAlM0UlM0MlMkZkaXYlM0UlMEElM0MlMkZhJTNFJTBBJTNDJTJGZGl2JTNF[\/vc_raw_html][\/vc_column][vc_column width=&#8221;1\/3&#8243; css=&#8221;.vc_custom_1563818085979{margin-top: 0px !important;margin-bottom: 0px !important;padding-top: 0px !important;padding-bottom: 0px !important;}&#8221;][vc_raw_html css=&#8221;.vc_custom_1590506567360{margin-top: 0px !important;margin-bottom: 0px !important;padding-top: 0px !important;padding-bottom: 0px !important;}&#8221;]JTNDZGl2JTIwY2xhc3MlM0QlMjJqYXMtc2VydmljZSUyMHRjJTIwd3JhcC1ob21lLXBpbGxhcnMtc2luZ2xlJTIyJTNFJTBBJTNDYSUzRSUwQSUwQSUzQ2RpdiUyMGNsYXNzJTNEJTIyaWNvbiUyMG1lZGl1bSUyMGNwJTIyJTIwc3R5bGUlM0QlMjJjb2xvciUzQSUyMCUyM2ZmZmZmZiUzQiUyMiUzRSUzQ2klMjBjbGFzcyUzRCUyMnBlLTdzLWRpYW1vbmQlMjIlM0UlM0MlMkZpJTNFJTNDJTJGZGl2JTNFJTNDZGl2JTIwY2xhc3MlM0QlMjJjb250ZW50JTIyJTNFJTNDaDMlMjBjbGFzcyUzRCUyMnRpdGxlJTIwY3AlMjB0dSUyMGZzX18xNCUyMG1nX18wJTIwbWJfXzUlMjIlMjBzdHlsZSUzRCUyMmNvbG9yJTNBJTIwJTIzZmZmZmZmJTNCJTIyJTNFUXVhbGl0JUMzJUE0dHNhdXN3YWhsJTNDJTJGaDMlM0UlM0NwJTIwY2xhc3MlM0QlMjJtZ19fMCUyMiUyMHN0eWxlJTNEJTIyY29sb3IlM0ElMjAlMjNmZmZmZmYlM0IlMjIlM0VkaWUlMjBiZXN0ZW4lMjBLYWZmZWVzb3J0ZW4lMjBkZXIlMjBXZWx0JTIwaW4lMjB1bnNlcmVyJTIwSGVpbWF0JTNDJTJGcCUzRSUzQyUyRmRpdiUzRSUwQSUwQSUzQyUyRmElM0UlMEElM0MlMkZkaXYlM0U=[\/vc_raw_html][\/vc_column][\/vc_row][\/vc_section][vc_row][vc_column][vc_empty_space height=&#8221;100px&#8221;][\/vc_column][\/vc_row]<\/p>\n<\/div>","protected":false},"excerpt":{"rendered":"<p>[vc_section el_class=&#8221;wrap-content-limit&#8221;][vc_row el_class=&#8221;wrap-content-limit&#8221;][vc_column][vc_raw_html]JTNDaDIlMjBzdHlsZSUzRCUyMmZvbnQtc2l6ZSUzQSUyMDI0cHglM0JsaW5lLWhlaWdodCUzQSUyMDI0cHglM0J0ZXh0LWFsaWduJTNBJTIwY2VudGVyJTIyJTIwY2xhc3MlM0QlMjJ2Y19jdXN0b21faGVhZGluZyUyMHRleHQtdXBwZXJjYXNlJTIwZGl2aWRlciUyMHByJTIyJTNFRXNwcmVzc28lMjBDYXNhJTIwNTAwJTNDc3BhbiUyMGNsYXNzJTNEJTIydGV4dC1sb3dlcmNhc2UlMjIlM0VnJTNDJTJGaDIlM0U=[\/vc_raw_html][\/vc_column][\/vc_row][vc_row][vc_column width=&#8221;1\/2&#8243;][vc_gallery type=&#8221;flexslider_slide&#8221; interval=&#8221;5&#8243; images=&#8221;9510,9526,9514,9522&#8243; img_size=&#8221;570&#215;760&#8243; onclick=&#8221;&#8221; el_class=&#8221;flexslider-prodotti&#8221;][\/vc_column][vc_column width=&#8221;1\/2&#8243;][vc_empty_space height=&#8221;50px&#8221;][vc_raw_html]JTNDZGl2JTIwY2xhc3MlM0QlMjJ3b29jb21tZXJjZS1wcm9kdWN0LWRldGFpbHNfX3Nob3J0LWRlc2NyaXB0aW9uJTIyJTNFJTBBJTNDaDIlMjBjbGFzcyUzRCUyMnByb2R1Y3RfdGl0bGUlMjBlbnRyeS10aXRsZSUyMHRleHQtdXBwZXJjYXNlJTIwcHRfXzMwJTIyJTNFTUVSS01BTEUlMjBERVMlMjBLQUZGRUUlRTIlODAlOThTJTNDJTJGaDIlM0UlMEElM0NkaXYlMjBjbGFzcyUzRCUyMmphcy1yb3clMjIlM0UlMEElM0NkaXYlMjBjbGFzcyUzRCUyMmphcy1jb2wtbWQtNSUyMHRleHQtcmlnaHQlMjBjdXMtcHJvZmlsby1zZW5zb3JpYWxlLW5vbWUlMjIlM0UlMEElM0NzcGFuJTIwY2xhc3MlM0QlMjJ0ZXh0LXVwcGVyY2FzZSUyMiUzRVIlQzMlOTZTVEVOJTNDJTJGc3BhbiUzRSUzQyUyRmRpdiUzRSUzQ2RpdiUyMGNsYXNzJTNEJTIyamFzLWNvbC1tZC03JTIyJTNFJTNDc3BhbiUyMGNsYXNzJTNEJTIyY3VzLXByb2ZpbG8tc2Vuc29yaWFsZS1jaGljY2hpJTIwY3VzLXByb2ZpbG8tc2Vuc29yaWFsZS1jaGljY2hpLTMlMjIlM0UlM0MlMkZzcGFuJTNFJTNDJTJGZGl2JTNFJTNDJTJGZGl2JTNFJTNDZGl2JTIwY2xhc3MlM0QlMjJqYXMtcm93JTIyJTNFJTNDZGl2JTIwY2xhc3MlM0QlMjJqYXMtY29sLW1kLTUlMjB0ZXh0LXJpZ2h0JTIwY3VzLXByb2ZpbG8tc2Vuc29yaWFsZS1ub21lJTIyJTNFJTNDc3BhbiUyMGNsYXNzJTNEJTIydGV4dC11cHBlcmNhc2UlMjIlM0VLJUMzJTk2UlBFUiUzQyUyRnNwYW4lM0UlM0MlMkZkaXYlM0UlM0NkaXYlMjBjbGFzcyUzRCUyMmphcy1jb2wtbWQtNyUyMiUzRSUzQ3NwYW4lMjBjbGFzcyUzRCUyMmN1cy1wcm9maWxvLXNlbnNvcmlhbGUtY2hpY2NoaSUyMGN1cy1wcm9maWxvLXNlbnNvcmlhbGUtY2hpY2NoaS00JTIyJTNFJTNDJTJGc3BhbiUzRSUzQyUyRmRpdiUzRSUzQyUyRmRpdiUzRSUzQ2RpdiUyMGNsYXNzJTNEJTIyamFzLXJvdyUyMiUzRSUzQ2RpdiUyMGNsYXNzJTNEJTIyamFzLWNvbC1tZC01JTIwdGV4dC1yaWdodCUyMGN1cy1wcm9maWxvLXNlbnNvcmlhbGUtbm9tZSUyMiUzRSUzQ3NwYW4lMjBjbGFzcyUzRCUyMnRleHQtdXBwZXJjYXNlJTIyJTNFQXJvbWElM0MlMkZzcGFuJTNFJTNDJTJGZGl2JTNFJTNDZGl2JTIwY2xhc3MlM0QlMjJqYXMtY29sLW1kLTclMjIlM0UlM0NzcGFuJTIwY2xhc3MlM0QlMjJjdXMtcHJvZmlsby1zZW5zb3JpYWxlLWNoaWNjaGklMjBjdXMtcHJvZmlsby1zZW5zb3JpYWxlLWNoaWNjaGktNCUyMiUzRSUzQyUyRnNwYW4lM0UlM0MlMkZkaXYlM0UlM0MlMkZkaXYlM0UlM0NkaXYlMjBjbGFzcyUzRCUyMmphcy1yb3clMjIlM0UlM0NkaXYlMjBjbGFzcyUzRCUyMmphcy1jb2wtbWQtNSUyMHRleHQtcmlnaHQlMjBjdXMtcHJvZmlsby1zZW5zb3JpYWxlLW5vbWUlMjIlM0UlM0NzcGFuJTIwY2xhc3MlM0QlMjJ0ZXh0LXVwcGVyY2FzZSUyMiUzRVMlQzMlOUNTUyUzQyUyRnNwYW4lM0UlM0MlMkZkaXYlM0UlM0NkaXYlMjBjbGFzcyUzRCUyMmphcy1jb2wtbWQtNyUyMiUzRSUzQ3NwYW4lMjBjbGFzcyUzRCUyMmN1cy1wcm9maWxvLXNlbnNvcmlhbGUtY2hpY2NoaSUyMGN1cy1wcm9maWxvLXNlbnNvcmlhbGUtY2hpY2NoaS00JTIyJTNFNSUzQyUyRnNwYW4lM0UlM0MlMkZkaXYlM0UlM0MlMkZkaXYlM0UlM0NkaXYlMjBjbGFzcyUzRCUyMmphcy1yb3clMjIlM0UlM0NkaXYlMjBjbGFzcyUzRCUyMmphcy1jb2wtbWQtNSUyMHRleHQtcmlnaHQlMjBjdXMtcHJvZmlsby1zZW5zb3JpYWxlLW5vbWUlMjIlM0UlM0NzcGFuJTIwY2xhc3MlM0QlMjJ0ZXh0LXVwcGVyY2FzZSUyMiUzRVMlQzMlODRVUkUlMEElM0MlMkZzcGFuJTNFJTNDJTJGZGl2JTNFJTNDZGl2JTIwY2xhc3MlM0QlMjJqYXMtY29sLW1kLTclMjIlM0UlM0NzcGFuJTIwY2xhc3MlM0QlMjJjdXMtcHJvZmlsby1zZW5zb3JpYWxlLWNoaWNjaGklMjBjdXMtcHJvZmlsby1zZW5zb3JpYWxlLWNoaWNjaGktMiUyMiUzRSUzQyUyRnNwYW4lM0UlMEElM0MlMkZkaXYlM0UlMEElM0MlMkZkaXYlM0UlMEElM0MlMkZkaXYlM0U=[\/vc_raw_html][vc_wp_text]Eine ideale Kaffeemischung f\u00fcr die Heim-Espressomaschine. Sie wird durch die perfekte Mischung der wertvollen Sorten Arabica und Robusta erzielt und sorgf\u00e4ltig dosiert, um Ihnen den wahren italienischen Espresso anzubieten. Ganze Espressobohnen in sch\u00fctzender Atmosph\u00e4re verpackt, um Geschmack und Frische zu erhalten. Vier Seiten versiegelten [&hellip;]<\/p>\n","protected":false},"author":3,"featured_media":28283,"parent":20248,"menu_order":1,"comment_status":"closed","ping_status":"closed","template":"","meta":{"_acf_changed":false,"footnotes":""},"class_list":["post-20158","page","type-page","status-publish","has-post-thumbnail","hentry"],"acf":[],"yoast_head":"<!-- This site is optimized with the Yoast SEO plugin v27.0 - https:\/\/yoast.com\/product\/yoast-seo-wordpress\/ -->\n<title>Gemahlene Kaffeebohnen f\u00fcr zu Hause | Kaffee Espresso Casa 500g<\/title>\n<meta name=\"description\" content=\"Riskieren Sie nicht, dass Ihnen der Kaffeevorrat ausgeht! Die Linie Espresso Casa ist eine Bohnenmischung im 500-g-Format.\" \/>\n<meta name=\"robots\" content=\"index, follow, max-snippet:-1, max-image-preview:large, max-video-preview:-1\" \/>\n<link rel=\"canonical\" href=\"https:\/\/italcaffe.it\/de\/produkte\/retail-linie\/espresso-casa-500g\/\" \/>\n<meta property=\"og:locale\" content=\"de_DE\" \/>\n<meta property=\"og:type\" content=\"article\" \/>\n<meta property=\"og:title\" content=\"Gemahlene Kaffeebohnen f\u00fcr zu Hause | Kaffee Espresso Casa 500g\" \/>\n<meta property=\"og:description\" content=\"Riskieren Sie nicht, dass Ihnen der Kaffeevorrat ausgeht! Die Linie Espresso Casa ist eine Bohnenmischung im 500-g-Format.\" \/>\n<meta property=\"og:url\" content=\"https:\/\/italcaffe.it\/de\/produkte\/retail-linie\/espresso-casa-500g\/\" \/>\n<meta property=\"og:site_name\" content=\"Italcaff\u00e8\" \/>\n<meta property=\"article:modified_time\" content=\"2021-04-13T15:47:16+00:00\" \/>\n<meta property=\"og:image\" content=\"https:\/\/italcaffe.it\/wp-content\/uploads\/2021\/09\/EspCasa500g2021-Ruotato.jpg\" \/>\n\t<meta property=\"og:image:width\" content=\"825\" \/>\n\t<meta property=\"og:image:height\" content=\"1100\" \/>\n\t<meta property=\"og:image:type\" content=\"image\/jpeg\" \/>\n<meta name=\"twitter:card\" content=\"summary_large_image\" \/>\n<meta name=\"twitter:label1\" content=\"Gesch\u00e4tzte Lesezeit\" \/>\n\t<meta name=\"twitter:data1\" content=\"4\u00a0Minuten\" \/>\n<script type=\"application\/ld+json\" class=\"yoast-schema-graph\">{\"@context\":\"https:\/\/schema.org\",\"@graph\":[{\"@type\":\"WebPage\",\"@id\":\"https:\/\/italcaffe.it\/de\/produkte\/retail-linie\/espresso-casa-500g\/\",\"url\":\"https:\/\/italcaffe.it\/de\/produkte\/retail-linie\/espresso-casa-500g\/\",\"name\":\"Gemahlene Kaffeebohnen f\u00fcr zu Hause | Kaffee Espresso Casa 500g\",\"isPartOf\":{\"@id\":\"https:\/\/italcaffe.it\/de\/#website\"},\"primaryImageOfPage\":{\"@id\":\"https:\/\/italcaffe.it\/de\/produkte\/retail-linie\/espresso-casa-500g\/#primaryimage\"},\"image\":{\"@id\":\"https:\/\/italcaffe.it\/de\/produkte\/retail-linie\/espresso-casa-500g\/#primaryimage\"},\"thumbnailUrl\":\"https:\/\/italcaffe.it\/wp-content\/uploads\/2021\/09\/EspCasa500g2021-Ruotato.jpg\",\"datePublished\":\"2019-10-24T08:33:19+00:00\",\"dateModified\":\"2021-04-13T15:47:16+00:00\",\"description\":\"Riskieren Sie nicht, dass Ihnen der Kaffeevorrat ausgeht! Die Linie Espresso Casa ist eine Bohnenmischung im 500-g-Format.\",\"breadcrumb\":{\"@id\":\"https:\/\/italcaffe.it\/de\/produkte\/retail-linie\/espresso-casa-500g\/#breadcrumb\"},\"inLanguage\":\"de\",\"potentialAction\":[{\"@type\":\"ReadAction\",\"target\":[\"https:\/\/italcaffe.it\/de\/produkte\/retail-linie\/espresso-casa-500g\/\"]}]},{\"@type\":\"ImageObject\",\"inLanguage\":\"de\",\"@id\":\"https:\/\/italcaffe.it\/de\/produkte\/retail-linie\/espresso-casa-500g\/#primaryimage\",\"url\":\"https:\/\/italcaffe.it\/wp-content\/uploads\/2021\/09\/EspCasa500g2021-Ruotato.jpg\",\"contentUrl\":\"https:\/\/italcaffe.it\/wp-content\/uploads\/2021\/09\/EspCasa500g2021-Ruotato.jpg\",\"width\":825,\"height\":1100,\"caption\":\"Italcaff\u00e8 Espresso Casa Kaffeebohnen 500g Italienischer Kaffee Espresso Ganze Bohne.\"},{\"@type\":\"BreadcrumbList\",\"@id\":\"https:\/\/italcaffe.it\/de\/produkte\/retail-linie\/espresso-casa-500g\/#breadcrumb\",\"itemListElement\":[{\"@type\":\"ListItem\",\"position\":1,\"name\":\"Home\",\"item\":\"https:\/\/italcaffe.it\/de\/\"},{\"@type\":\"ListItem\",\"position\":2,\"name\":\"Produkte\",\"item\":\"https:\/\/italcaffe.it\/de\/produkte\/\"},{\"@type\":\"ListItem\",\"position\":3,\"name\":\"RETAIL-LINIE\",\"item\":\"https:\/\/italcaffe.it\/de\/produkte\/retail-linie\/\"},{\"@type\":\"ListItem\",\"position\":4,\"name\":\"ESPRESSO CASA 500g\"}]},{\"@type\":\"WebSite\",\"@id\":\"https:\/\/italcaffe.it\/de\/#website\",\"url\":\"https:\/\/italcaffe.it\/de\/\",\"name\":\"Italcaff\u00e8\",\"description\":\"50 Anni insieme\",\"potentialAction\":[{\"@type\":\"SearchAction\",\"target\":{\"@type\":\"EntryPoint\",\"urlTemplate\":\"https:\/\/italcaffe.it\/de\/?s={search_term_string}\"},\"query-input\":{\"@type\":\"PropertyValueSpecification\",\"valueRequired\":true,\"valueName\":\"search_term_string\"}}],\"inLanguage\":\"de\"}]}<\/script>\n<!-- \/ Yoast SEO plugin. -->","yoast_head_json":{"title":"Gemahlene Kaffeebohnen f\u00fcr zu Hause | Kaffee Espresso Casa 500g","description":"Riskieren Sie nicht, dass Ihnen der Kaffeevorrat ausgeht! Die Linie Espresso Casa ist eine Bohnenmischung im 500-g-Format.","robots":{"index":"index","follow":"follow","max-snippet":"max-snippet:-1","max-image-preview":"max-image-preview:large","max-video-preview":"max-video-preview:-1"},"canonical":"https:\/\/italcaffe.it\/de\/produkte\/retail-linie\/espresso-casa-500g\/","og_locale":"de_DE","og_type":"article","og_title":"Gemahlene Kaffeebohnen f\u00fcr zu Hause | Kaffee Espresso Casa 500g","og_description":"Riskieren Sie nicht, dass Ihnen der Kaffeevorrat ausgeht! Die Linie Espresso Casa ist eine Bohnenmischung im 500-g-Format.","og_url":"https:\/\/italcaffe.it\/de\/produkte\/retail-linie\/espresso-casa-500g\/","og_site_name":"Italcaff\u00e8","article_modified_time":"2021-04-13T15:47:16+00:00","og_image":[{"width":825,"height":1100,"url":"https:\/\/italcaffe.it\/wp-content\/uploads\/2021\/09\/EspCasa500g2021-Ruotato.jpg","type":"image\/jpeg"}],"twitter_card":"summary_large_image","twitter_misc":{"Gesch\u00e4tzte Lesezeit":"4\u00a0Minuten"},"schema":{"@context":"https:\/\/schema.org","@graph":[{"@type":"WebPage","@id":"https:\/\/italcaffe.it\/de\/produkte\/retail-linie\/espresso-casa-500g\/","url":"https:\/\/italcaffe.it\/de\/produkte\/retail-linie\/espresso-casa-500g\/","name":"Gemahlene Kaffeebohnen f\u00fcr zu Hause | Kaffee Espresso Casa 500g","isPartOf":{"@id":"https:\/\/italcaffe.it\/de\/#website"},"primaryImageOfPage":{"@id":"https:\/\/italcaffe.it\/de\/produkte\/retail-linie\/espresso-casa-500g\/#primaryimage"},"image":{"@id":"https:\/\/italcaffe.it\/de\/produkte\/retail-linie\/espresso-casa-500g\/#primaryimage"},"thumbnailUrl":"https:\/\/italcaffe.it\/wp-content\/uploads\/2021\/09\/EspCasa500g2021-Ruotato.jpg","datePublished":"2019-10-24T08:33:19+00:00","dateModified":"2021-04-13T15:47:16+00:00","description":"Riskieren Sie nicht, dass Ihnen der Kaffeevorrat ausgeht! Die Linie Espresso Casa ist eine Bohnenmischung im 500-g-Format.","breadcrumb":{"@id":"https:\/\/italcaffe.it\/de\/produkte\/retail-linie\/espresso-casa-500g\/#breadcrumb"},"inLanguage":"de","potentialAction":[{"@type":"ReadAction","target":["https:\/\/italcaffe.it\/de\/produkte\/retail-linie\/espresso-casa-500g\/"]}]},{"@type":"ImageObject","inLanguage":"de","@id":"https:\/\/italcaffe.it\/de\/produkte\/retail-linie\/espresso-casa-500g\/#primaryimage","url":"https:\/\/italcaffe.it\/wp-content\/uploads\/2021\/09\/EspCasa500g2021-Ruotato.jpg","contentUrl":"https:\/\/italcaffe.it\/wp-content\/uploads\/2021\/09\/EspCasa500g2021-Ruotato.jpg","width":825,"height":1100,"caption":"Italcaff\u00e8 Espresso Casa Kaffeebohnen 500g Italienischer Kaffee Espresso Ganze Bohne."},{"@type":"BreadcrumbList","@id":"https:\/\/italcaffe.it\/de\/produkte\/retail-linie\/espresso-casa-500g\/#breadcrumb","itemListElement":[{"@type":"ListItem","position":1,"name":"Home","item":"https:\/\/italcaffe.it\/de\/"},{"@type":"ListItem","position":2,"name":"Produkte","item":"https:\/\/italcaffe.it\/de\/produkte\/"},{"@type":"ListItem","position":3,"name":"RETAIL-LINIE","item":"https:\/\/italcaffe.it\/de\/produkte\/retail-linie\/"},{"@type":"ListItem","position":4,"name":"ESPRESSO CASA 500g"}]},{"@type":"WebSite","@id":"https:\/\/italcaffe.it\/de\/#website","url":"https:\/\/italcaffe.it\/de\/","name":"Italcaff\u00e8","description":"50 Anni insieme","potentialAction":[{"@type":"SearchAction","target":{"@type":"EntryPoint","urlTemplate":"https:\/\/italcaffe.it\/de\/?s={search_term_string}"},"query-input":{"@type":"PropertyValueSpecification","valueRequired":true,"valueName":"search_term_string"}}],"inLanguage":"de"}]}},"_links":{"self":[{"href":"https:\/\/italcaffe.it\/de\/wp-json\/wp\/v2\/pages\/20158","targetHints":{"allow":["GET"]}}],"collection":[{"href":"https:\/\/italcaffe.it\/de\/wp-json\/wp\/v2\/pages"}],"about":[{"href":"https:\/\/italcaffe.it\/de\/wp-json\/wp\/v2\/types\/page"}],"author":[{"embeddable":true,"href":"https:\/\/italcaffe.it\/de\/wp-json\/wp\/v2\/users\/3"}],"replies":[{"embeddable":true,"href":"https:\/\/italcaffe.it\/de\/wp-json\/wp\/v2\/comments?post=20158"}],"version-history":[{"count":0,"href":"https:\/\/italcaffe.it\/de\/wp-json\/wp\/v2\/pages\/20158\/revisions"}],"up":[{"embeddable":true,"href":"https:\/\/italcaffe.it\/de\/wp-json\/wp\/v2\/pages\/20248"}],"wp:featuredmedia":[{"embeddable":true,"href":"https:\/\/italcaffe.it\/de\/wp-json\/wp\/v2\/media\/28283"}],"wp:attachment":[{"href":"https:\/\/italcaffe.it\/de\/wp-json\/wp\/v2\/media?parent=20158"}],"curies":[{"name":"wp","href":"https:\/\/api.w.org\/{rel}","templated":true}]}}