{"id":20302,"date":"2019-11-14T16:03:13","date_gmt":"2019-11-14T15:03:13","guid":{"rendered":"https:\/\/www.italcaffe.it\/produkte\/zubehor-und-speciality-linie\/porzellantassen\/"},"modified":"2021-07-13T15:47:10","modified_gmt":"2021-07-13T14:47:10","slug":"porzellantassen","status":"publish","type":"page","link":"https:\/\/italcaffe.it\/de\/produkte\/zubehor-und-speciality-linie\/porzellantassen\/","title":{"rendered":"PORZELLANTASSEN"},"content":{"rendered":"<div class=\"wpb-content-wrapper\"><p>[vc_section el_class=&#8221;wrap-content-limit&#8221;][vc_row el_class=&#8221;wrap-content-limit&#8221;][vc_column][vc_custom_heading divider=&#8221;yes&#8221; text=&#8221;PORZELLANTASSEN&#8221; font_container=&#8221;tag:h1|font_size:24px|text_align:center|color:%23000000|line_height:24px&#8221; use_theme_fonts=&#8221;yes&#8221; el_class=&#8221;text-uppercase&#8221;][\/vc_column][\/vc_row][vc_row][vc_column width=&#8221;1\/2&#8243;][vc_gallery type=&#8221;flexslider_slide&#8221; interval=&#8221;5&#8243; images=&#8221;8442,8406&#8243; img_size=&#8221;570&#215;760&#8243; onclick=&#8221;&#8221; el_class=&#8221;flexslider-prodotti&#8221;][\/vc_column][vc_column width=&#8221;1\/2&#8243;][vc_empty_space height=&#8221;50px&#8221;][vc_wp_text]Espresso- oder Cappuccinotassen aus feinstem Porzellan, die durch ihre Dekoration mit einfachen Pinselstrichen an das Land Italien erinnern, das uns umgibt.<\/p>\n<p>Eine Hommage an unser wundersch\u00f6nes Land Italien f\u00fcr Ihre Lokal.[\/vc_wp_text][\/vc_column][\/vc_row][\/vc_section][vc_section el_class=&#8221;wrap-home-pillars&#8221; css=&#8221;.vc_custom_1562852209382{border-bottom-width: 5px !important;border-bottom-color: #ffffff !important;border-bottom-style: solid !important;}&#8221;][vc_row css=&#8221;.vc_custom_1570542705221{padding-top: 50px !important;padding-bottom: 25px !important;background-color: #e40520 !important;}&#8221;][vc_column width=&#8221;1\/3&#8243; css=&#8221;.vc_custom_1570542690545{margin-bottom: 0px !important;padding-bottom: 0px !important;background-color: #e40520 !important;}&#8221;][vc_raw_html css=&#8221;.vc_custom_1563817998237{margin-top: 0px !important;margin-bottom: 0px !important;padding-top: 0px !important;padding-bottom: 0px !important;}&#8221;]PGRpdiBjbGFzcz0iamFzLXNlcnZpY2UgdGMgd3JhcC1ob21lLXBpbGxhcnMtc2luZ2xlIGJvcmRlci1yaWdodC13aGl0ZSI+CjxhIGhyZWY9Imh0dHBzOi8vd3d3Lml0YWxjYWZmZS5pdC9kZS9zaG9wLWRldS9teS1hY2NvdW50LyI+CjxkaXYgY2xhc3M9Imljb24gbWVkaXVtIGNwIiBzdHlsZT0iY29sb3I6ICNmZmZmZmY7Ij4KPGkgY2xhc3M9InBlLTdzLWNhciBpY28tY3VzLXNjb250byI+PC9pPgo8L2Rpdj4KPGRpdiBjbGFzcz0iY29udGVudCI+PGgzIGNsYXNzPSJ0aXRsZSBjcCB0dSBmc19fMTQgbWdfXzAgbWJfXzUgdGV4dC11cHBlcmNhc2UiIHN0eWxlPSJjb2xvcjogI2ZmZmZmZjsiPjEwJSBmw7xyIHJlZ2lzdHJpZXJ0ZSBLdW5kZW48L2gzPjxwIGNsYXNzPSJtZ19fMCIgc3R5bGU9ImNvbG9yOiAjZmZmZmZmOyI+ZsO8ciByZWdpc3RyaWVydGUgS3VuZGVuPC9wPjwvZGl2PgoKCjwvYT4KPC9kaXY+[\/vc_raw_html][\/vc_column][vc_column width=&#8221;1\/3&#8243; css=&#8221;.vc_custom_1570542697425{background-color: #e40520 !important;}&#8221;][vc_raw_html css=&#8221;.vc_custom_1563818255259{margin-top: 0px !important;margin-bottom: 0px !important;padding-top: 0px !important;padding-bottom: 0px !important;}&#8221;]PGRpdiBjbGFzcz0iamFzLXNlcnZpY2UgdGMgd3JhcC1ob21lLXBpbGxhcnMtc2luZ2xlIGJvcmRlci1yaWdodC13aGl0ZSI+CjxhIGhyZWY9Imh0dHBzOi8vd3d3Lml0YWxjYWZmZS5pdC9kZS9zaG9wLWRldS8iPgoKPGRpdiBjbGFzcz0iaWNvbiBtZWRpdW0gY3AiIHN0eWxlPSJjb2xvcjogI2ZmZmZmZjsiPjxpIGNsYXNzPSJwZS03cy10aW1lciI+PC9pPjwvZGl2PjxkaXYgY2xhc3M9ImNvbnRlbnQiPjxoMyBjbGFzcz0idGl0bGUgY3AgdHUgZnNfXzE0IG1nX18wIG1iX181IiBzdHlsZT0iY29sb3I6ICNmZmZmZmY7Ij5CRVNURUxMRU4gU0lFIE9OTElORTwvaDM+PHAgY2xhc3M9Im1nX18wIiBzdHlsZT0iY29sb3I6ICNmZmZmZmY7Ij4yNCBTdHVuZGVuIGFtIFRhZzwvcD48L2Rpdj4KPC9hPgo8L2Rpdj4=[\/vc_raw_html][\/vc_column][vc_column width=&#8221;1\/3&#8243; css=&#8221;.vc_custom_1563818085979{margin-top: 0px !important;margin-bottom: 0px !important;padding-top: 0px !important;padding-bottom: 0px !important;}&#8221;][vc_raw_html css=&#8221;.vc_custom_1564068944959{margin-top: 0px !important;margin-bottom: 0px !important;padding-top: 0px !important;padding-bottom: 0px !important;}&#8221;]PGRpdiBjbGFzcz0iamFzLXNlcnZpY2UgdGMgd3JhcC1ob21lLXBpbGxhcnMtc2luZ2xlIj4KPGE+Cgo8ZGl2IGNsYXNzPSJpY29uIG1lZGl1bSBjcCIgc3R5bGU9ImNvbG9yOiAjZmZmZmZmOyI+PGkgY2xhc3M9InBlLTdzLWRpYW1vbmQiPjwvaT48L2Rpdj48ZGl2IGNsYXNzPSJjb250ZW50Ij48aDMgY2xhc3M9InRpdGxlIGNwIHR1IGZzX18xNCBtZ19fMCBtYl9fNSIgc3R5bGU9ImNvbG9yOiAjZmZmZmZmOyI+UVVBTElUw4RUU0FVU1dBSEw8L2gzPjxwIGNsYXNzPSJtZ19fMCIgc3R5bGU9ImNvbG9yOiAjZmZmZmZmOyI+ZGllIGJlc3RlbiBLYWZmZWVzb3J0ZW4gZGVyIFdlbHQgaW4gdW5zZXJlciBIZWltYXQuPC9wPjwvZGl2PgoKPC9hPgo8L2Rpdj4=[\/vc_raw_html][\/vc_column][\/vc_row][\/vc_section][vc_row][vc_column][vc_empty_space height=&#8221;100px&#8221;][\/vc_column][\/vc_row]<\/p>\n<\/div>","protected":false},"excerpt":{"rendered":"<p>[vc_section el_class=&#8221;wrap-content-limit&#8221;][vc_row el_class=&#8221;wrap-content-limit&#8221;][vc_column][vc_custom_heading divider=&#8221;yes&#8221; text=&#8221;PORZELLANTASSEN&#8221; font_container=&#8221;tag:h1|font_size:24px|text_align:center|color:%23000000|line_height:24px&#8221; use_theme_fonts=&#8221;yes&#8221; el_class=&#8221;text-uppercase&#8221;][\/vc_column][\/vc_row][vc_row][vc_column width=&#8221;1\/2&#8243;][vc_gallery type=&#8221;flexslider_slide&#8221; interval=&#8221;5&#8243; images=&#8221;8442,8406&#8243; img_size=&#8221;570&#215;760&#8243; onclick=&#8221;&#8221; el_class=&#8221;flexslider-prodotti&#8221;][\/vc_column][vc_column width=&#8221;1\/2&#8243;][vc_empty_space height=&#8221;50px&#8221;][vc_wp_text]Espresso- oder Cappuccinotassen aus feinstem Porzellan, die durch ihre Dekoration mit einfachen Pinselstrichen an das Land Italien erinnern, das uns umgibt. Eine Hommage an unser wundersch\u00f6nes Land Italien f\u00fcr Ihre Lokal.[\/vc_wp_text][\/vc_column][\/vc_row][\/vc_section][vc_section el_class=&#8221;wrap-home-pillars&#8221; css=&#8221;.vc_custom_1562852209382{border-bottom-width: 5px !important;border-bottom-color: #ffffff !important;border-bottom-style: solid !important;}&#8221;][vc_row [&hellip;]<\/p>\n","protected":false},"author":3,"featured_media":8442,"parent":20270,"menu_order":1,"comment_status":"closed","ping_status":"closed","template":"","meta":{"_acf_changed":false,"footnotes":""},"class_list":["post-20302","page","type-page","status-publish","has-post-thumbnail","hentry"],"acf":[],"yoast_head":"<!-- This site is optimized with the Yoast SEO plugin v27.0 - https:\/\/yoast.com\/product\/yoast-seo-wordpress\/ -->\n<title>Individuell gestaltbare Porzellantassen | Italcaff\u00e8<\/title>\n<meta name=\"description\" content=\"Cappuccino-Tassen aus feinstem Porzellan, von Italcaff\u00e8 als Hommage an unsere wundersch\u00f6nen Gebiete mit einfachen grafischen Symbolen individuell gestaltet.\" \/>\n<meta name=\"robots\" content=\"index, follow, max-snippet:-1, max-image-preview:large, max-video-preview:-1\" \/>\n<link rel=\"canonical\" href=\"https:\/\/italcaffe.it\/de\/produkte\/zubehor-und-speciality-linie\/porzellantassen\/\" \/>\n<meta property=\"og:locale\" content=\"de_DE\" \/>\n<meta property=\"og:type\" content=\"article\" \/>\n<meta property=\"og:title\" content=\"Individuell gestaltbare Porzellantassen | Italcaff\u00e8\" \/>\n<meta property=\"og:description\" content=\"Cappuccino-Tassen aus feinstem Porzellan, von Italcaff\u00e8 als Hommage an unsere wundersch\u00f6nen Gebiete mit einfachen grafischen Symbolen individuell gestaltet.\" \/>\n<meta property=\"og:url\" content=\"https:\/\/italcaffe.it\/de\/produkte\/zubehor-und-speciality-linie\/porzellantassen\/\" \/>\n<meta property=\"og:site_name\" content=\"Italcaff\u00e8\" \/>\n<meta property=\"article:modified_time\" content=\"2021-07-13T14:47:10+00:00\" \/>\n<meta property=\"og:image\" content=\"https:\/\/italcaffe.it\/wp-content\/uploads\/2019\/10\/22-tazza.jpg\" \/>\n\t<meta property=\"og:image:width\" content=\"825\" \/>\n\t<meta property=\"og:image:height\" content=\"1100\" \/>\n\t<meta property=\"og:image:type\" content=\"image\/jpeg\" \/>\n<meta name=\"twitter:card\" content=\"summary_large_image\" \/>\n<meta name=\"twitter:label1\" content=\"Gesch\u00e4tzte Lesezeit\" \/>\n\t<meta name=\"twitter:data1\" content=\"2\u00a0Minuten\" \/>\n<script type=\"application\/ld+json\" class=\"yoast-schema-graph\">{\"@context\":\"https:\/\/schema.org\",\"@graph\":[{\"@type\":\"WebPage\",\"@id\":\"https:\/\/italcaffe.it\/de\/produkte\/zubehor-und-speciality-linie\/porzellantassen\/\",\"url\":\"https:\/\/italcaffe.it\/de\/produkte\/zubehor-und-speciality-linie\/porzellantassen\/\",\"name\":\"Individuell gestaltbare Porzellantassen | Italcaff\u00e8\",\"isPartOf\":{\"@id\":\"https:\/\/italcaffe.it\/de\/#website\"},\"primaryImageOfPage\":{\"@id\":\"https:\/\/italcaffe.it\/de\/produkte\/zubehor-und-speciality-linie\/porzellantassen\/#primaryimage\"},\"image\":{\"@id\":\"https:\/\/italcaffe.it\/de\/produkte\/zubehor-und-speciality-linie\/porzellantassen\/#primaryimage\"},\"thumbnailUrl\":\"https:\/\/italcaffe.it\/wp-content\/uploads\/2019\/10\/22-tazza.jpg\",\"datePublished\":\"2019-11-14T15:03:13+00:00\",\"dateModified\":\"2021-07-13T14:47:10+00:00\",\"description\":\"Cappuccino-Tassen aus feinstem Porzellan, von Italcaff\u00e8 als Hommage an unsere wundersch\u00f6nen Gebiete mit einfachen grafischen Symbolen individuell gestaltet.\",\"breadcrumb\":{\"@id\":\"https:\/\/italcaffe.it\/de\/produkte\/zubehor-und-speciality-linie\/porzellantassen\/#breadcrumb\"},\"inLanguage\":\"de\",\"potentialAction\":[{\"@type\":\"ReadAction\",\"target\":[\"https:\/\/italcaffe.it\/de\/produkte\/zubehor-und-speciality-linie\/porzellantassen\/\"]}]},{\"@type\":\"ImageObject\",\"inLanguage\":\"de\",\"@id\":\"https:\/\/italcaffe.it\/de\/produkte\/zubehor-und-speciality-linie\/porzellantassen\/#primaryimage\",\"url\":\"https:\/\/italcaffe.it\/wp-content\/uploads\/2019\/10\/22-tazza.jpg\",\"contentUrl\":\"https:\/\/italcaffe.it\/wp-content\/uploads\/2019\/10\/22-tazza.jpg\",\"width\":825,\"height\":1100,\"caption\":\"Tazze in porcellana Italcaff\u00e8\"},{\"@type\":\"BreadcrumbList\",\"@id\":\"https:\/\/italcaffe.it\/de\/produkte\/zubehor-und-speciality-linie\/porzellantassen\/#breadcrumb\",\"itemListElement\":[{\"@type\":\"ListItem\",\"position\":1,\"name\":\"Home\",\"item\":\"https:\/\/italcaffe.it\/de\/\"},{\"@type\":\"ListItem\",\"position\":2,\"name\":\"Produkte\",\"item\":\"https:\/\/italcaffe.it\/de\/produkte\/\"},{\"@type\":\"ListItem\",\"position\":3,\"name\":\"ZUBEH\u00d6R- UND SPECIALITY-LINIE\",\"item\":\"https:\/\/italcaffe.it\/de\/produkte\/zubehor-und-speciality-linie\/\"},{\"@type\":\"ListItem\",\"position\":4,\"name\":\"PORZELLANTASSEN\"}]},{\"@type\":\"WebSite\",\"@id\":\"https:\/\/italcaffe.it\/de\/#website\",\"url\":\"https:\/\/italcaffe.it\/de\/\",\"name\":\"Italcaff\u00e8\",\"description\":\"50 Anni insieme\",\"potentialAction\":[{\"@type\":\"SearchAction\",\"target\":{\"@type\":\"EntryPoint\",\"urlTemplate\":\"https:\/\/italcaffe.it\/de\/?s={search_term_string}\"},\"query-input\":{\"@type\":\"PropertyValueSpecification\",\"valueRequired\":true,\"valueName\":\"search_term_string\"}}],\"inLanguage\":\"de\"}]}<\/script>\n<!-- \/ Yoast SEO plugin. -->","yoast_head_json":{"title":"Individuell gestaltbare Porzellantassen | Italcaff\u00e8","description":"Cappuccino-Tassen aus feinstem Porzellan, von Italcaff\u00e8 als Hommage an unsere wundersch\u00f6nen Gebiete mit einfachen grafischen Symbolen individuell gestaltet.","robots":{"index":"index","follow":"follow","max-snippet":"max-snippet:-1","max-image-preview":"max-image-preview:large","max-video-preview":"max-video-preview:-1"},"canonical":"https:\/\/italcaffe.it\/de\/produkte\/zubehor-und-speciality-linie\/porzellantassen\/","og_locale":"de_DE","og_type":"article","og_title":"Individuell gestaltbare Porzellantassen | Italcaff\u00e8","og_description":"Cappuccino-Tassen aus feinstem Porzellan, von Italcaff\u00e8 als Hommage an unsere wundersch\u00f6nen Gebiete mit einfachen grafischen Symbolen individuell gestaltet.","og_url":"https:\/\/italcaffe.it\/de\/produkte\/zubehor-und-speciality-linie\/porzellantassen\/","og_site_name":"Italcaff\u00e8","article_modified_time":"2021-07-13T14:47:10+00:00","og_image":[{"width":825,"height":1100,"url":"https:\/\/italcaffe.it\/wp-content\/uploads\/2019\/10\/22-tazza.jpg","type":"image\/jpeg"}],"twitter_card":"summary_large_image","twitter_misc":{"Gesch\u00e4tzte Lesezeit":"2\u00a0Minuten"},"schema":{"@context":"https:\/\/schema.org","@graph":[{"@type":"WebPage","@id":"https:\/\/italcaffe.it\/de\/produkte\/zubehor-und-speciality-linie\/porzellantassen\/","url":"https:\/\/italcaffe.it\/de\/produkte\/zubehor-und-speciality-linie\/porzellantassen\/","name":"Individuell gestaltbare Porzellantassen | Italcaff\u00e8","isPartOf":{"@id":"https:\/\/italcaffe.it\/de\/#website"},"primaryImageOfPage":{"@id":"https:\/\/italcaffe.it\/de\/produkte\/zubehor-und-speciality-linie\/porzellantassen\/#primaryimage"},"image":{"@id":"https:\/\/italcaffe.it\/de\/produkte\/zubehor-und-speciality-linie\/porzellantassen\/#primaryimage"},"thumbnailUrl":"https:\/\/italcaffe.it\/wp-content\/uploads\/2019\/10\/22-tazza.jpg","datePublished":"2019-11-14T15:03:13+00:00","dateModified":"2021-07-13T14:47:10+00:00","description":"Cappuccino-Tassen aus feinstem Porzellan, von Italcaff\u00e8 als Hommage an unsere wundersch\u00f6nen Gebiete mit einfachen grafischen Symbolen individuell gestaltet.","breadcrumb":{"@id":"https:\/\/italcaffe.it\/de\/produkte\/zubehor-und-speciality-linie\/porzellantassen\/#breadcrumb"},"inLanguage":"de","potentialAction":[{"@type":"ReadAction","target":["https:\/\/italcaffe.it\/de\/produkte\/zubehor-und-speciality-linie\/porzellantassen\/"]}]},{"@type":"ImageObject","inLanguage":"de","@id":"https:\/\/italcaffe.it\/de\/produkte\/zubehor-und-speciality-linie\/porzellantassen\/#primaryimage","url":"https:\/\/italcaffe.it\/wp-content\/uploads\/2019\/10\/22-tazza.jpg","contentUrl":"https:\/\/italcaffe.it\/wp-content\/uploads\/2019\/10\/22-tazza.jpg","width":825,"height":1100,"caption":"Tazze in porcellana Italcaff\u00e8"},{"@type":"BreadcrumbList","@id":"https:\/\/italcaffe.it\/de\/produkte\/zubehor-und-speciality-linie\/porzellantassen\/#breadcrumb","itemListElement":[{"@type":"ListItem","position":1,"name":"Home","item":"https:\/\/italcaffe.it\/de\/"},{"@type":"ListItem","position":2,"name":"Produkte","item":"https:\/\/italcaffe.it\/de\/produkte\/"},{"@type":"ListItem","position":3,"name":"ZUBEH\u00d6R- UND SPECIALITY-LINIE","item":"https:\/\/italcaffe.it\/de\/produkte\/zubehor-und-speciality-linie\/"},{"@type":"ListItem","position":4,"name":"PORZELLANTASSEN"}]},{"@type":"WebSite","@id":"https:\/\/italcaffe.it\/de\/#website","url":"https:\/\/italcaffe.it\/de\/","name":"Italcaff\u00e8","description":"50 Anni insieme","potentialAction":[{"@type":"SearchAction","target":{"@type":"EntryPoint","urlTemplate":"https:\/\/italcaffe.it\/de\/?s={search_term_string}"},"query-input":{"@type":"PropertyValueSpecification","valueRequired":true,"valueName":"search_term_string"}}],"inLanguage":"de"}]}},"_links":{"self":[{"href":"https:\/\/italcaffe.it\/de\/wp-json\/wp\/v2\/pages\/20302","targetHints":{"allow":["GET"]}}],"collection":[{"href":"https:\/\/italcaffe.it\/de\/wp-json\/wp\/v2\/pages"}],"about":[{"href":"https:\/\/italcaffe.it\/de\/wp-json\/wp\/v2\/types\/page"}],"author":[{"embeddable":true,"href":"https:\/\/italcaffe.it\/de\/wp-json\/wp\/v2\/users\/3"}],"replies":[{"embeddable":true,"href":"https:\/\/italcaffe.it\/de\/wp-json\/wp\/v2\/comments?post=20302"}],"version-history":[{"count":0,"href":"https:\/\/italcaffe.it\/de\/wp-json\/wp\/v2\/pages\/20302\/revisions"}],"up":[{"embeddable":true,"href":"https:\/\/italcaffe.it\/de\/wp-json\/wp\/v2\/pages\/20270"}],"wp:featuredmedia":[{"embeddable":true,"href":"https:\/\/italcaffe.it\/de\/wp-json\/wp\/v2\/media\/8442"}],"wp:attachment":[{"href":"https:\/\/italcaffe.it\/de\/wp-json\/wp\/v2\/media?parent=20302"}],"curies":[{"name":"wp","href":"https:\/\/api.w.org\/{rel}","templated":true}]}}