{"id":20331,"date":"2019-12-02T16:01:09","date_gmt":"2019-12-02T15:01:09","guid":{"rendered":"https:\/\/www.italcaffe.it\/produkte\/espresso-linie\/dolce-crema-1000-g\/"},"modified":"2020-05-14T22:17:39","modified_gmt":"2020-05-14T21:17:39","slug":"dolce-crema-1000-g","status":"publish","type":"page","link":"https:\/\/italcaffe.it\/de\/produkte\/espresso-linie\/dolce-crema-1000-g\/","title":{"rendered":"DOLCE CREMA 1000 g"},"content":{"rendered":"<div class=\"wpb-content-wrapper\"><p>[vc_section el_class=&#8221;wrap-content-limit&#8221;][vc_row el_class=&#8221;wrap-content-limit&#8221;][vc_column][vc_raw_html]JTNDaDIlMjBzdHlsZSUzRCUyMmZvbnQtc2l6ZSUzQSUyMDI0cHglM0JsaW5lLWhlaWdodCUzQSUyMDI0cHglM0J0ZXh0LWFsaWduJTNBJTIwY2VudGVyJTIyJTIwY2xhc3MlM0QlMjJ2Y19jdXN0b21faGVhZGluZyUyMHRleHQtdXBwZXJjYXNlJTIwZGl2aWRlciUyMHByJTIyJTNFRG9sY2UlMjBDcmVtYSUyMDEwMDAlM0NzcGFuJTIwY2xhc3MlM0QlMjJ0ZXh0LWxvd2VyY2FzZSUyMiUzRWclM0MlMkZoMiUzRQ==[\/vc_raw_html][\/vc_column][\/vc_row][vc_row][vc_column width=&#8221;1\/2&#8243;][vc_gallery type=&#8221;flexslider_slide&#8221; interval=&#8221;5&#8243; images=&#8221;8302,8318&#8243; img_size=&#8221;570&#215;760&#8243; onclick=&#8221;&#8221; el_class=&#8221;flexslider-prodotti&#8221;][\/vc_column][vc_column width=&#8221;1\/2&#8243;][vc_empty_space height=&#8221;50px&#8221;][vc_raw_html]PGRpdiBjbGFzcz0id29vY29tbWVyY2UtcHJvZHVjdC1kZXRhaWxzX19zaG9ydC1kZXNjcmlwdGlvbiI+CgkJPGgyIGNsYXNzPSJwcm9kdWN0X3RpdGxlIGVudHJ5LXRpdGxlIHRleHQtdXBwZXJjYXNlIHB0X18zMCI+TWVya21hbGUgZGVzIEthZmZlZeKAmHM8L2gyPgkJPGRpdiBjbGFzcz0iamFzLXJvdyI+PGRpdiBjbGFzcz0iamFzLWNvbC1tZC01IHRleHQtcmlnaHQgY3VzLXByb2ZpbG8tc2Vuc29yaWFsZS1ub21lIj48c3BhbiBjbGFzcz0idGV4dC11cHBlcmNhc2UiPlLDtnN0ZW48L3NwYW4+PC9kaXY+PGRpdiBjbGFzcz0iamFzLWNvbC1tZC03Ij48c3BhbiBjbGFzcz0iY3VzLXByb2ZpbG8tc2Vuc29yaWFsZS1jaGljY2hpIGN1cy1wcm9maWxvLXNlbnNvcmlhbGUtY2hpY2NoaS0zIj48L3NwYW4+PC9kaXY+PC9kaXY+PGRpdiBjbGFzcz0iamFzLXJvdyI+PGRpdiBjbGFzcz0iamFzLWNvbC1tZC01IHRleHQtcmlnaHQgY3VzLXByb2ZpbG8tc2Vuc29yaWFsZS1ub21lIj48c3BhbiBjbGFzcz0idGV4dC11cHBlcmNhc2UiPkvDtnJwZXI8L3NwYW4+PC9kaXY+PGRpdiBjbGFzcz0iamFzLWNvbC1tZC03Ij48c3BhbiBjbGFzcz0iY3VzLXByb2ZpbG8tc2Vuc29yaWFsZS1jaGljY2hpIGN1cy1wcm9maWxvLXNlbnNvcmlhbGUtY2hpY2NoaS01Ij48L3NwYW4+PC9kaXY+PC9kaXY+PGRpdiBjbGFzcz0iamFzLXJvdyI+PGRpdiBjbGFzcz0iamFzLWNvbC1tZC01IHRleHQtcmlnaHQgY3VzLXByb2ZpbG8tc2Vuc29yaWFsZS1ub21lIj48c3BhbiBjbGFzcz0idGV4dC11cHBlcmNhc2UiPkFyb21hPC9zcGFuPjwvZGl2PjxkaXYgY2xhc3M9Imphcy1jb2wtbWQtNyI+PHNwYW4gY2xhc3M9ImN1cy1wcm9maWxvLXNlbnNvcmlhbGUtY2hpY2NoaSBjdXMtcHJvZmlsby1zZW5zb3JpYWxlLWNoaWNjaGktMyI+PC9zcGFuPjwvZGl2PjwvZGl2PjxkaXYgY2xhc3M9Imphcy1yb3ciPjxkaXYgY2xhc3M9Imphcy1jb2wtbWQtNSB0ZXh0LXJpZ2h0IGN1cy1wcm9maWxvLXNlbnNvcmlhbGUtbm9tZSI+PHNwYW4gY2xhc3M9InRleHQtdXBwZXJjYXNlIj5Tw7zDn2U8L3NwYW4+PC9kaXY+PGRpdiBjbGFzcz0iamFzLWNvbC1tZC03Ij48c3BhbiBjbGFzcz0iY3VzLXByb2ZpbG8tc2Vuc29yaWFsZS1jaGljY2hpIGN1cy1wcm9maWxvLXNlbnNvcmlhbGUtY2hpY2NoaS0yIj48L3NwYW4+PC9kaXY+PC9kaXY+PGRpdiBjbGFzcz0iamFzLXJvdyI+PGRpdiBjbGFzcz0iamFzLWNvbC1tZC01IHRleHQtcmlnaHQgY3VzLXByb2ZpbG8tc2Vuc29yaWFsZS1ub21lIj48c3BhbiBjbGFzcz0idGV4dC11cHBlcmNhc2UiPlPDpHVyZTwvc3Bhbj48L2Rpdj48ZGl2IGNsYXNzPSJqYXMtY29sLW1kLTciPjxzcGFuIGNsYXNzPSJjdXMtcHJvZmlsby1zZW5zb3JpYWxlLWNoaWNjaGkgY3VzLXByb2ZpbG8tc2Vuc29yaWFsZS1jaGljY2hpLTEiPjwvc3Bhbj48L2Rpdj48L2Rpdj4KCTwvZGl2Pg==[\/vc_raw_html][vc_wp_text]Italcaff\u00e8 Espresso Kaffeebohnen Dolce Crema 1kg Kaffee ganze Bohnen ist eine sehr sahniges Getr\u00e4nk, das durch einen Bonbon-gekennzeichnet wird, reiches und schweres Aroma.<br \/>\nBohne f\u00fcr Vollautomaten und Sieb-tr\u00e4ger. Kaffeespezialit\u00e4t in ganzen Bohnen mit ausgewogenem Aroma und samtig feiner Crema. Ger\u00f6stete Kaffeebohnen in einer sch\u00fctzenden Atmosph\u00e4re verpackt.<br \/>\nBeutel von 1000 g mit unidirektionalem Aromaschutzventil. Diese Eigenschaften garantieren eine bessere Haltbarkeit sowie eine h\u00f6here Qualit\u00e4t des Produkts im Vergleich zu den \u00fcblichen Kaffeebeuteln, die Sie auf dem Markt finden. KaffeeBohnen 1kg Italcaff\u00e8 Espresso Dolce Crema Kaffee ganze Bohne.[\/vc_wp_text][\/vc_column][\/vc_row][\/vc_section][vc_section el_class=&#8221;wrap-home-pillars&#8221; css=&#8221;.vc_custom_1562852209382{border-bottom-width: 5px !important;border-bottom-color: #ffffff !important;border-bottom-style: solid !important;}&#8221;][vc_row css=&#8221;.vc_custom_1570542705221{padding-top: 50px !important;padding-bottom: 25px !important;background-color: #e40520 !important;}&#8221;][vc_column width=&#8221;1\/3&#8243; css=&#8221;.vc_custom_1570542690545{margin-bottom: 0px !important;padding-bottom: 0px !important;background-color: #e40520 !important;}&#8221;][vc_raw_html css=&#8221;.vc_custom_1589490680916{margin-top: 0px !important;margin-bottom: 0px !important;padding-top: 0px !important;padding-bottom: 0px !important;}&#8221;]JTNDZGl2JTIwY2xhc3MlM0QlMjJqYXMtc2VydmljZSUyMHRjJTIwd3JhcC1ob21lLXBpbGxhcnMtc2luZ2xlJTIwYm9yZGVyLXJpZ2h0LXdoaXRlJTIyJTNFJTBBJTNDYSUyMGhyZWYlM0QlMjJodHRwcyUzQSUyRiUyRnd3dy5pdGFsY2FmZmUuaXQlMkZkZSUyRnNob3AlMkZteS1hY2NvdW50JTJGJTIyJTNFJTBBJTNDZGl2JTIwY2xhc3MlM0QlMjJpY29uJTIwbWVkaXVtJTIwY3AlMjIlMjBzdHlsZSUzRCUyMmNvbG9yJTNBJTIwJTIzZmZmZmZmJTNCJTIyJTNFJTBBJTNDaSUyMGNsYXNzJTNEJTIycGUtN3MtY2FyJTIwaWNvLWN1cy1zY29udG8lMjIlM0UlM0MlMkZpJTNFJTBBJTNDJTJGZGl2JTNFJTBBJTNDZGl2JTIwY2xhc3MlM0QlMjJjb250ZW50JTIyJTNFJTNDaDMlMjBjbGFzcyUzRCUyMnRpdGxlJTIwY3AlMjB0dSUyMGZzX18xNCUyMG1nX18wJTIwbWJfXzUlMjB0ZXh0LXVwcGVyY2FzZSUyMiUyMHN0eWxlJTNEJTIyY29sb3IlM0ElMjAlMjNmZmZmZmYlM0IlMjIlM0UxMCUyNSUyMEYlQzMlOUNSJTIwUkVHSVNUUklFUlRFJTIwSyVDMyU5Q05ERU4lM0MlMkZoMyUzRSUzQ3AlMjBjbGFzcyUzRCUyMm1nX18wJTIyJTIwc3R5bGUlM0QlMjJjb2xvciUzQSUyMCUyM2ZmZmZmZiUzQiUyMiUzRWYlQzMlQkNyJTIwcmVnaXN0cmllcnRlJTIwS3VuZGVuJTNDJTJGcCUzRSUzQyUyRmRpdiUzRSUwQSUwQSUwQSUzQyUyRmElM0UlMEElM0MlMkZkaXYlM0U=[\/vc_raw_html][\/vc_column][vc_column width=&#8221;1\/3&#8243; css=&#8221;.vc_custom_1570542697425{background-color: #e40520 !important;}&#8221;][vc_raw_html css=&#8221;.vc_custom_1589491056227{margin-top: 0px !important;margin-bottom: 0px !important;padding-top: 0px !important;padding-bottom: 0px !important;}&#8221;]JTNDZGl2JTIwY2xhc3MlM0QlMjJqYXMtc2VydmljZSUyMHRjJTIwd3JhcC1ob21lLXBpbGxhcnMtc2luZ2xlJTIwYm9yZGVyLXJpZ2h0LXdoaXRlJTIyJTNFJTBBJTNDYSUyMGhyZWYlM0QlMjJodHRwcyUzQSUyRiUyRnd3dy5pdGFsY2FmZmUuaXQlMkZkZSUyRnNob3AlMkZrYWZmZWVib2huZW4lMkZlc3ByZXNzby1ib2huZW4lMkZkb2xjZS1jcmVtYS1pdGFsY2FmZmUtMWtnJTJGJTIyJTNFJTBBJTBBJTNDZGl2JTIwY2xhc3MlM0QlMjJpY29uJTIwbWVkaXVtJTIwY3AlMjIlMjBzdHlsZSUzRCUyMmNvbG9yJTNBJTIwJTIzZmZmZmZmJTNCJTIyJTNFJTNDaSUyMGNsYXNzJTNEJTIycGUtN3MtdGltZXIlMjIlM0UlM0MlMkZpJTNFJTNDJTJGZGl2JTNFJTNDZGl2JTIwY2xhc3MlM0QlMjJjb250ZW50JTIyJTNFJTNDaDMlMjBjbGFzcyUzRCUyMnRpdGxlJTIwY3AlMjB0dSUyMGZzX18xNCUyMG1nX18wJTIwbWJfXzUlMjIlMjBzdHlsZSUzRCUyMmNvbG9yJTNBJTIwJTIzZmZmZmZmJTNCJTIyJTNFQmVzdGVsbGVuJTIwc2llJTIwb25saW5lJTNDJTJGaDMlM0UlM0NwJTIwY2xhc3MlM0QlMjJtZ19fMCUyMiUyMHN0eWxlJTNEJTIyY29sb3IlM0ElMjAlMjNmZmZmZmYlM0IlMjIlM0UyNCUyMFN0dW5kZW4lMjBhbSUyMFRhZyUzQyUyRnAlM0UlM0MlMkZkaXYlM0UlMEElM0MlMkZhJTNFJTBBJTNDJTJGZGl2JTNF[\/vc_raw_html][\/vc_column][vc_column width=&#8221;1\/3&#8243; css=&#8221;.vc_custom_1563818085979{margin-top: 0px !important;margin-bottom: 0px !important;padding-top: 0px !important;padding-bottom: 0px !important;}&#8221;][vc_raw_html css=&#8221;.vc_custom_1589490688230{margin-top: 0px !important;margin-bottom: 0px !important;padding-top: 0px !important;padding-bottom: 0px !important;}&#8221;]JTNDZGl2JTIwY2xhc3MlM0QlMjJqYXMtc2VydmljZSUyMHRjJTIwd3JhcC1ob21lLXBpbGxhcnMtc2luZ2xlJTIyJTNFJTBBJTNDYSUyRiUyMiUzRSUwQSUwQSUzQ2RpdiUyMGNsYXNzJTNEJTIyaWNvbiUyMG1lZGl1bSUyMGNwJTIyJTIwc3R5bGUlM0QlMjJjb2xvciUzQSUyMCUyM2ZmZmZmZiUzQiUyMiUzRSUzQ2klMjBjbGFzcyUzRCUyMnBlLTdzLWRpYW1vbmQlMjIlM0UlM0MlMkZpJTNFJTNDJTJGZGl2JTNFJTNDZGl2JTIwY2xhc3MlM0QlMjJjb250ZW50JTIyJTNFJTNDaDMlMjBjbGFzcyUzRCUyMnRpdGxlJTIwY3AlMjB0dSUyMGZzX18xNCUyMG1nX18wJTIwbWJfXzUlMjIlMjBzdHlsZSUzRCUyMmNvbG9yJTNBJTIwJTIzZmZmZmZmJTNCJTIyJTNFUVVBTElUJUMzJTg0VFNBVVNXQUhMJTNDJTJGaDMlM0UlM0NwJTIwY2xhc3MlM0QlMjJtZ19fMCUyMiUyMHN0eWxlJTNEJTIyY29sb3IlM0ElMjAlMjNmZmZmZmYlM0IlMjIlM0VkaWUlMjBiZXN0ZW4lMjBLYWZmZWVzb3J0ZW4lMjBkZXIlMjBXZWx0JTIwaW4lMjB1bnNlcmVyJTIwSGVpbWF0LiUzQyUyRnAlM0UlM0MlMkZkaXYlM0UlMEElMEElM0MlMkZhJTNFJTBBJTNDJTJGZGl2JTNF[\/vc_raw_html][\/vc_column][\/vc_row][\/vc_section][vc_row][vc_column][vc_empty_space height=&#8221;100px&#8221;][\/vc_column][\/vc_row]<\/p>\n<\/div>","protected":false},"excerpt":{"rendered":"<p>[vc_section el_class=&#8221;wrap-content-limit&#8221;][vc_row el_class=&#8221;wrap-content-limit&#8221;][vc_column][vc_raw_html]JTNDaDIlMjBzdHlsZSUzRCUyMmZvbnQtc2l6ZSUzQSUyMDI0cHglM0JsaW5lLWhlaWdodCUzQSUyMDI0cHglM0J0ZXh0LWFsaWduJTNBJTIwY2VudGVyJTIyJTIwY2xhc3MlM0QlMjJ2Y19jdXN0b21faGVhZGluZyUyMHRleHQtdXBwZXJjYXNlJTIwZGl2aWRlciUyMHByJTIyJTNFRG9sY2UlMjBDcmVtYSUyMDEwMDAlM0NzcGFuJTIwY2xhc3MlM0QlMjJ0ZXh0LWxvd2VyY2FzZSUyMiUzRWclM0MlMkZoMiUzRQ==[\/vc_raw_html][\/vc_column][\/vc_row][vc_row][vc_column width=&#8221;1\/2&#8243;][vc_gallery type=&#8221;flexslider_slide&#8221; interval=&#8221;5&#8243; images=&#8221;8302,8318&#8243; img_size=&#8221;570&#215;760&#8243; onclick=&#8221;&#8221; el_class=&#8221;flexslider-prodotti&#8221;][\/vc_column][vc_column width=&#8221;1\/2&#8243;][vc_empty_space height=&#8221;50px&#8221;][vc_raw_html]PGRpdiBjbGFzcz0id29vY29tbWVyY2UtcHJvZHVjdC1kZXRhaWxzX19zaG9ydC1kZXNjcmlwdGlvbiI+CgkJPGgyIGNsYXNzPSJwcm9kdWN0X3RpdGxlIGVudHJ5LXRpdGxlIHRleHQtdXBwZXJjYXNlIHB0X18zMCI+TWVya21hbGUgZGVzIEthZmZlZeKAmHM8L2gyPgkJPGRpdiBjbGFzcz0iamFzLXJvdyI+PGRpdiBjbGFzcz0iamFzLWNvbC1tZC01IHRleHQtcmlnaHQgY3VzLXByb2ZpbG8tc2Vuc29yaWFsZS1ub21lIj48c3BhbiBjbGFzcz0idGV4dC11cHBlcmNhc2UiPlLDtnN0ZW48L3NwYW4+PC9kaXY+PGRpdiBjbGFzcz0iamFzLWNvbC1tZC03Ij48c3BhbiBjbGFzcz0iY3VzLXByb2ZpbG8tc2Vuc29yaWFsZS1jaGljY2hpIGN1cy1wcm9maWxvLXNlbnNvcmlhbGUtY2hpY2NoaS0zIj48L3NwYW4+PC9kaXY+PC9kaXY+PGRpdiBjbGFzcz0iamFzLXJvdyI+PGRpdiBjbGFzcz0iamFzLWNvbC1tZC01IHRleHQtcmlnaHQgY3VzLXByb2ZpbG8tc2Vuc29yaWFsZS1ub21lIj48c3BhbiBjbGFzcz0idGV4dC11cHBlcmNhc2UiPkvDtnJwZXI8L3NwYW4+PC9kaXY+PGRpdiBjbGFzcz0iamFzLWNvbC1tZC03Ij48c3BhbiBjbGFzcz0iY3VzLXByb2ZpbG8tc2Vuc29yaWFsZS1jaGljY2hpIGN1cy1wcm9maWxvLXNlbnNvcmlhbGUtY2hpY2NoaS01Ij48L3NwYW4+PC9kaXY+PC9kaXY+PGRpdiBjbGFzcz0iamFzLXJvdyI+PGRpdiBjbGFzcz0iamFzLWNvbC1tZC01IHRleHQtcmlnaHQgY3VzLXByb2ZpbG8tc2Vuc29yaWFsZS1ub21lIj48c3BhbiBjbGFzcz0idGV4dC11cHBlcmNhc2UiPkFyb21hPC9zcGFuPjwvZGl2PjxkaXYgY2xhc3M9Imphcy1jb2wtbWQtNyI+PHNwYW4gY2xhc3M9ImN1cy1wcm9maWxvLXNlbnNvcmlhbGUtY2hpY2NoaSBjdXMtcHJvZmlsby1zZW5zb3JpYWxlLWNoaWNjaGktMyI+PC9zcGFuPjwvZGl2PjwvZGl2PjxkaXYgY2xhc3M9Imphcy1yb3ciPjxkaXYgY2xhc3M9Imphcy1jb2wtbWQtNSB0ZXh0LXJpZ2h0IGN1cy1wcm9maWxvLXNlbnNvcmlhbGUtbm9tZSI+PHNwYW4gY2xhc3M9InRleHQtdXBwZXJjYXNlIj5Tw7zDn2U8L3NwYW4+PC9kaXY+PGRpdiBjbGFzcz0iamFzLWNvbC1tZC03Ij48c3BhbiBjbGFzcz0iY3VzLXByb2ZpbG8tc2Vuc29yaWFsZS1jaGljY2hpIGN1cy1wcm9maWxvLXNlbnNvcmlhbGUtY2hpY2NoaS0yIj48L3NwYW4+PC9kaXY+PC9kaXY+PGRpdiBjbGFzcz0iamFzLXJvdyI+PGRpdiBjbGFzcz0iamFzLWNvbC1tZC01IHRleHQtcmlnaHQgY3VzLXByb2ZpbG8tc2Vuc29yaWFsZS1ub21lIj48c3BhbiBjbGFzcz0idGV4dC11cHBlcmNhc2UiPlPDpHVyZTwvc3Bhbj48L2Rpdj48ZGl2IGNsYXNzPSJqYXMtY29sLW1kLTciPjxzcGFuIGNsYXNzPSJjdXMtcHJvZmlsby1zZW5zb3JpYWxlLWNoaWNjaGkgY3VzLXByb2ZpbG8tc2Vuc29yaWFsZS1jaGljY2hpLTEiPjwvc3Bhbj48L2Rpdj48L2Rpdj4KCTwvZGl2Pg==[\/vc_raw_html][vc_wp_text]Italcaff\u00e8 Espresso Kaffeebohnen Dolce Crema 1kg Kaffee ganze Bohnen ist eine sehr sahniges Getr\u00e4nk, das durch einen Bonbon-gekennzeichnet wird, reiches und schweres Aroma. Bohne f\u00fcr Vollautomaten und Sieb-tr\u00e4ger. Kaffeespezialit\u00e4t in ganzen Bohnen mit ausgewogenem Aroma und samtig feiner Crema. Ger\u00f6stete Kaffeebohnen in einer sch\u00fctzenden [&hellip;]<\/p>\n","protected":false},"author":3,"featured_media":8302,"parent":20253,"menu_order":1,"comment_status":"closed","ping_status":"closed","template":"","meta":{"_acf_changed":false,"footnotes":""},"class_list":["post-20331","page","type-page","status-publish","has-post-thumbnail","hentry"],"acf":[],"yoast_head":"<!-- This site is optimized with the Yoast SEO plugin v27.0 - https:\/\/yoast.com\/product\/yoast-seo-wordpress\/ -->\n<title>Die Espresso-Linie f\u00fcr Kaffee-Bars und Restaurants | Dolce Crema 1000g<\/title>\n<meta name=\"description\" content=\"Dolce Crema bietet Kaffee-Bars und Restaurants eine Mischung aus edlen Kaffeesorten mit einem einzigartigen und unverwechselbaren Geschmack.\" \/>\n<meta name=\"robots\" content=\"index, follow, max-snippet:-1, max-image-preview:large, max-video-preview:-1\" \/>\n<link rel=\"canonical\" href=\"https:\/\/italcaffe.it\/de\/produkte\/espresso-linie\/dolce-crema-1000-g\/\" \/>\n<meta property=\"og:locale\" content=\"de_DE\" \/>\n<meta property=\"og:type\" content=\"article\" \/>\n<meta property=\"og:title\" content=\"Die Espresso-Linie f\u00fcr Kaffee-Bars und Restaurants | Dolce Crema 1000g\" \/>\n<meta property=\"og:description\" content=\"Dolce Crema bietet Kaffee-Bars und Restaurants eine Mischung aus edlen Kaffeesorten mit einem einzigartigen und unverwechselbaren Geschmack.\" \/>\n<meta property=\"og:url\" content=\"https:\/\/italcaffe.it\/de\/produkte\/espresso-linie\/dolce-crema-1000-g\/\" \/>\n<meta property=\"og:site_name\" content=\"Italcaff\u00e8\" \/>\n<meta property=\"article:modified_time\" content=\"2020-05-14T21:17:39+00:00\" \/>\n<meta property=\"og:image\" content=\"https:\/\/italcaffe.it\/wp-content\/uploads\/2019\/10\/01-dolcecrema.jpg\" \/>\n\t<meta property=\"og:image:width\" content=\"825\" \/>\n\t<meta property=\"og:image:height\" content=\"1100\" \/>\n\t<meta property=\"og:image:type\" content=\"image\/jpeg\" \/>\n<meta name=\"twitter:card\" content=\"summary_large_image\" \/>\n<meta name=\"twitter:label1\" content=\"Gesch\u00e4tzte Lesezeit\" \/>\n\t<meta name=\"twitter:data1\" content=\"4\u00a0Minuten\" \/>\n<script type=\"application\/ld+json\" class=\"yoast-schema-graph\">{\"@context\":\"https:\/\/schema.org\",\"@graph\":[{\"@type\":\"WebPage\",\"@id\":\"https:\/\/italcaffe.it\/de\/produkte\/espresso-linie\/dolce-crema-1000-g\/\",\"url\":\"https:\/\/italcaffe.it\/de\/produkte\/espresso-linie\/dolce-crema-1000-g\/\",\"name\":\"Die Espresso-Linie f\u00fcr Kaffee-Bars und Restaurants | Dolce Crema 1000g\",\"isPartOf\":{\"@id\":\"https:\/\/italcaffe.it\/de\/#website\"},\"primaryImageOfPage\":{\"@id\":\"https:\/\/italcaffe.it\/de\/produkte\/espresso-linie\/dolce-crema-1000-g\/#primaryimage\"},\"image\":{\"@id\":\"https:\/\/italcaffe.it\/de\/produkte\/espresso-linie\/dolce-crema-1000-g\/#primaryimage\"},\"thumbnailUrl\":\"https:\/\/italcaffe.it\/wp-content\/uploads\/2019\/10\/01-dolcecrema.jpg\",\"datePublished\":\"2019-12-02T15:01:09+00:00\",\"dateModified\":\"2020-05-14T21:17:39+00:00\",\"description\":\"Dolce Crema bietet Kaffee-Bars und Restaurants eine Mischung aus edlen Kaffeesorten mit einem einzigartigen und unverwechselbaren Geschmack.\",\"breadcrumb\":{\"@id\":\"https:\/\/italcaffe.it\/de\/produkte\/espresso-linie\/dolce-crema-1000-g\/#breadcrumb\"},\"inLanguage\":\"de\",\"potentialAction\":[{\"@type\":\"ReadAction\",\"target\":[\"https:\/\/italcaffe.it\/de\/produkte\/espresso-linie\/dolce-crema-1000-g\/\"]}]},{\"@type\":\"ImageObject\",\"inLanguage\":\"de\",\"@id\":\"https:\/\/italcaffe.it\/de\/produkte\/espresso-linie\/dolce-crema-1000-g\/#primaryimage\",\"url\":\"https:\/\/italcaffe.it\/wp-content\/uploads\/2019\/10\/01-dolcecrema.jpg\",\"contentUrl\":\"https:\/\/italcaffe.it\/wp-content\/uploads\/2019\/10\/01-dolcecrema.jpg\",\"width\":825,\"height\":1100,\"caption\":\"Italcaff\u00e8 Espresso Dolce Crema Kaffee ganze Bohne 1Kg Kaffeebohnen espressobohnen.\"},{\"@type\":\"BreadcrumbList\",\"@id\":\"https:\/\/italcaffe.it\/de\/produkte\/espresso-linie\/dolce-crema-1000-g\/#breadcrumb\",\"itemListElement\":[{\"@type\":\"ListItem\",\"position\":1,\"name\":\"Home\",\"item\":\"https:\/\/italcaffe.it\/de\/\"},{\"@type\":\"ListItem\",\"position\":2,\"name\":\"Produkte\",\"item\":\"https:\/\/italcaffe.it\/de\/produkte\/\"},{\"@type\":\"ListItem\",\"position\":3,\"name\":\"ESPRESSO-LINIE\",\"item\":\"https:\/\/italcaffe.it\/de\/produkte\/espresso-linie\/\"},{\"@type\":\"ListItem\",\"position\":4,\"name\":\"DOLCE CREMA 1000 g\"}]},{\"@type\":\"WebSite\",\"@id\":\"https:\/\/italcaffe.it\/de\/#website\",\"url\":\"https:\/\/italcaffe.it\/de\/\",\"name\":\"Italcaff\u00e8\",\"description\":\"50 Anni insieme\",\"potentialAction\":[{\"@type\":\"SearchAction\",\"target\":{\"@type\":\"EntryPoint\",\"urlTemplate\":\"https:\/\/italcaffe.it\/de\/?s={search_term_string}\"},\"query-input\":{\"@type\":\"PropertyValueSpecification\",\"valueRequired\":true,\"valueName\":\"search_term_string\"}}],\"inLanguage\":\"de\"}]}<\/script>\n<!-- \/ Yoast SEO plugin. -->","yoast_head_json":{"title":"Die Espresso-Linie f\u00fcr Kaffee-Bars und Restaurants | Dolce Crema 1000g","description":"Dolce Crema bietet Kaffee-Bars und Restaurants eine Mischung aus edlen Kaffeesorten mit einem einzigartigen und unverwechselbaren Geschmack.","robots":{"index":"index","follow":"follow","max-snippet":"max-snippet:-1","max-image-preview":"max-image-preview:large","max-video-preview":"max-video-preview:-1"},"canonical":"https:\/\/italcaffe.it\/de\/produkte\/espresso-linie\/dolce-crema-1000-g\/","og_locale":"de_DE","og_type":"article","og_title":"Die Espresso-Linie f\u00fcr Kaffee-Bars und Restaurants | Dolce Crema 1000g","og_description":"Dolce Crema bietet Kaffee-Bars und Restaurants eine Mischung aus edlen Kaffeesorten mit einem einzigartigen und unverwechselbaren Geschmack.","og_url":"https:\/\/italcaffe.it\/de\/produkte\/espresso-linie\/dolce-crema-1000-g\/","og_site_name":"Italcaff\u00e8","article_modified_time":"2020-05-14T21:17:39+00:00","og_image":[{"width":825,"height":1100,"url":"https:\/\/italcaffe.it\/wp-content\/uploads\/2019\/10\/01-dolcecrema.jpg","type":"image\/jpeg"}],"twitter_card":"summary_large_image","twitter_misc":{"Gesch\u00e4tzte Lesezeit":"4\u00a0Minuten"},"schema":{"@context":"https:\/\/schema.org","@graph":[{"@type":"WebPage","@id":"https:\/\/italcaffe.it\/de\/produkte\/espresso-linie\/dolce-crema-1000-g\/","url":"https:\/\/italcaffe.it\/de\/produkte\/espresso-linie\/dolce-crema-1000-g\/","name":"Die Espresso-Linie f\u00fcr Kaffee-Bars und Restaurants | Dolce Crema 1000g","isPartOf":{"@id":"https:\/\/italcaffe.it\/de\/#website"},"primaryImageOfPage":{"@id":"https:\/\/italcaffe.it\/de\/produkte\/espresso-linie\/dolce-crema-1000-g\/#primaryimage"},"image":{"@id":"https:\/\/italcaffe.it\/de\/produkte\/espresso-linie\/dolce-crema-1000-g\/#primaryimage"},"thumbnailUrl":"https:\/\/italcaffe.it\/wp-content\/uploads\/2019\/10\/01-dolcecrema.jpg","datePublished":"2019-12-02T15:01:09+00:00","dateModified":"2020-05-14T21:17:39+00:00","description":"Dolce Crema bietet Kaffee-Bars und Restaurants eine Mischung aus edlen Kaffeesorten mit einem einzigartigen und unverwechselbaren Geschmack.","breadcrumb":{"@id":"https:\/\/italcaffe.it\/de\/produkte\/espresso-linie\/dolce-crema-1000-g\/#breadcrumb"},"inLanguage":"de","potentialAction":[{"@type":"ReadAction","target":["https:\/\/italcaffe.it\/de\/produkte\/espresso-linie\/dolce-crema-1000-g\/"]}]},{"@type":"ImageObject","inLanguage":"de","@id":"https:\/\/italcaffe.it\/de\/produkte\/espresso-linie\/dolce-crema-1000-g\/#primaryimage","url":"https:\/\/italcaffe.it\/wp-content\/uploads\/2019\/10\/01-dolcecrema.jpg","contentUrl":"https:\/\/italcaffe.it\/wp-content\/uploads\/2019\/10\/01-dolcecrema.jpg","width":825,"height":1100,"caption":"Italcaff\u00e8 Espresso Dolce Crema Kaffee ganze Bohne 1Kg Kaffeebohnen espressobohnen."},{"@type":"BreadcrumbList","@id":"https:\/\/italcaffe.it\/de\/produkte\/espresso-linie\/dolce-crema-1000-g\/#breadcrumb","itemListElement":[{"@type":"ListItem","position":1,"name":"Home","item":"https:\/\/italcaffe.it\/de\/"},{"@type":"ListItem","position":2,"name":"Produkte","item":"https:\/\/italcaffe.it\/de\/produkte\/"},{"@type":"ListItem","position":3,"name":"ESPRESSO-LINIE","item":"https:\/\/italcaffe.it\/de\/produkte\/espresso-linie\/"},{"@type":"ListItem","position":4,"name":"DOLCE CREMA 1000 g"}]},{"@type":"WebSite","@id":"https:\/\/italcaffe.it\/de\/#website","url":"https:\/\/italcaffe.it\/de\/","name":"Italcaff\u00e8","description":"50 Anni insieme","potentialAction":[{"@type":"SearchAction","target":{"@type":"EntryPoint","urlTemplate":"https:\/\/italcaffe.it\/de\/?s={search_term_string}"},"query-input":{"@type":"PropertyValueSpecification","valueRequired":true,"valueName":"search_term_string"}}],"inLanguage":"de"}]}},"_links":{"self":[{"href":"https:\/\/italcaffe.it\/de\/wp-json\/wp\/v2\/pages\/20331","targetHints":{"allow":["GET"]}}],"collection":[{"href":"https:\/\/italcaffe.it\/de\/wp-json\/wp\/v2\/pages"}],"about":[{"href":"https:\/\/italcaffe.it\/de\/wp-json\/wp\/v2\/types\/page"}],"author":[{"embeddable":true,"href":"https:\/\/italcaffe.it\/de\/wp-json\/wp\/v2\/users\/3"}],"replies":[{"embeddable":true,"href":"https:\/\/italcaffe.it\/de\/wp-json\/wp\/v2\/comments?post=20331"}],"version-history":[{"count":0,"href":"https:\/\/italcaffe.it\/de\/wp-json\/wp\/v2\/pages\/20331\/revisions"}],"up":[{"embeddable":true,"href":"https:\/\/italcaffe.it\/de\/wp-json\/wp\/v2\/pages\/20253"}],"wp:featuredmedia":[{"embeddable":true,"href":"https:\/\/italcaffe.it\/de\/wp-json\/wp\/v2\/media\/8302"}],"wp:attachment":[{"href":"https:\/\/italcaffe.it\/de\/wp-json\/wp\/v2\/media?parent=20331"}],"curies":[{"name":"wp","href":"https:\/\/api.w.org\/{rel}","templated":true}]}}