{"id":20342,"date":"2019-12-02T16:05:58","date_gmt":"2019-12-02T15:05:58","guid":{"rendered":"https:\/\/www.italcaffe.it\/produkte\/bar-linie\/elite-bar-1000-g\/"},"modified":"2024-07-12T14:15:40","modified_gmt":"2024-07-12T13:15:40","slug":"elite-bar-1000-g","status":"publish","type":"page","link":"https:\/\/italcaffe.it\/de\/produkte\/kaffee-bar-linie\/elite-bar-1000-g\/","title":{"rendered":"ELITE BAR 1000 g"},"content":{"rendered":"<div class=\"wpb-content-wrapper\"><p>[vc_section el_class=&#8221;wrap-content-limit&#8221;][vc_row el_class=&#8221;wrap-content-limit&#8221;][vc_column][vc_raw_html]JTNDaDIlMjBzdHlsZSUzRCUyMmZvbnQtc2l6ZSUzQSUyMDI0cHglM0JsaW5lLWhlaWdodCUzQSUyMDI0cHglM0J0ZXh0LWFsaWduJTNBJTIwY2VudGVyJTIyJTIwY2xhc3MlM0QlMjJ2Y19jdXN0b21faGVhZGluZyUyMHRleHQtdXBwZXJjYXNlJTIwZGl2aWRlciUyMHByJTIyJTNFRWxpdGUlMjBCQVIlMjAxMDAwJTNDc3BhbiUyMGNsYXNzJTNEJTIydGV4dC1sb3dlcmNhc2UlMjIlM0VnJTNDJTJGaDIlM0U=[\/vc_raw_html][\/vc_column][\/vc_row][vc_row][vc_column width=&#8221;1\/2&#8243;][vc_gallery type=&#8221;flexslider_slide&#8221; interval=&#8221;5&#8243; images=&#8221;8326,8334,27990&#8243; img_size=&#8221;570&#215;760&#8243; onclick=&#8221;&#8221; el_class=&#8221;flexslider-prodotti&#8221;][\/vc_column][vc_column width=&#8221;1\/2&#8243;][vc_raw_html]PGRpdiBjbGFzcz0id29vY29tbWVyY2UtcHJvZHVjdC1kZXRhaWxzX19zaG9ydC1kZXNjcmlwdGlvbiI+CgkJPGgyIGNsYXNzPSJwcm9kdWN0X3RpdGxlIGVudHJ5LXRpdGxlIHRleHQtdXBwZXJjYXNlIHB0X18zMCI+TWVya21hbGUgZGVzIEthZmZlZeKAmHM8L2gyPgkJPGRpdiBjbGFzcz0iamFzLXJvdyI+PGRpdiBjbGFzcz0iamFzLWNvbC1tZC01IHRleHQtcmlnaHQgY3VzLXByb2ZpbG8tc2Vuc29yaWFsZS1ub21lIj48c3BhbiBjbGFzcz0idGV4dC11cHBlcmNhc2UiPlLDtnN0ZW48L3NwYW4+PC9kaXY+PGRpdiBjbGFzcz0iamFzLWNvbC1tZC03Ij48c3BhbiBjbGFzcz0iY3VzLXByb2ZpbG8tc2Vuc29yaWFsZS1jaGljY2hpIGN1cy1wcm9maWxvLXNlbnNvcmlhbGUtY2hpY2NoaS0zIj48L3NwYW4+PC9kaXY+PC9kaXY+PGRpdiBjbGFzcz0iamFzLXJvdyI+PGRpdiBjbGFzcz0iamFzLWNvbC1tZC01IHRleHQtcmlnaHQgY3VzLXByb2ZpbG8tc2Vuc29yaWFsZS1ub21lIj48c3BhbiBjbGFzcz0idGV4dC11cHBlcmNhc2UiPkvDtnJwZXI8L3NwYW4+PC9kaXY+PGRpdiBjbGFzcz0iamFzLWNvbC1tZC03Ij48c3BhbiBjbGFzcz0iY3VzLXByb2ZpbG8tc2Vuc29yaWFsZS1jaGljY2hpIGN1cy1wcm9maWxvLXNlbnNvcmlhbGUtY2hpY2NoaS0zIj48L3NwYW4+PC9kaXY+PC9kaXY+PGRpdiBjbGFzcz0iamFzLXJvdyI+PGRpdiBjbGFzcz0iamFzLWNvbC1tZC01IHRleHQtcmlnaHQgY3VzLXByb2ZpbG8tc2Vuc29yaWFsZS1ub21lIj48c3BhbiBjbGFzcz0idGV4dC11cHBlcmNhc2UiPkFyb21hPC9zcGFuPjwvZGl2PjxkaXYgY2xhc3M9Imphcy1jb2wtbWQtNyI+PHNwYW4gY2xhc3M9ImN1cy1wcm9maWxvLXNlbnNvcmlhbGUtY2hpY2NoaSBjdXMtcHJvZmlsby1zZW5zb3JpYWxlLWNoaWNjaGktNSI+PC9zcGFuPjwvZGl2PjwvZGl2PjxkaXYgY2xhc3M9Imphcy1yb3ciPjxkaXYgY2xhc3M9Imphcy1jb2wtbWQtNSB0ZXh0LXJpZ2h0IGN1cy1wcm9maWxvLXNlbnNvcmlhbGUtbm9tZSI+PHNwYW4gY2xhc3M9InRleHQtdXBwZXJjYXNlIj5Tw7zDn2U8L3NwYW4+PC9kaXY+PGRpdiBjbGFzcz0iamFzLWNvbC1tZC03Ij48c3BhbiBjbGFzcz0iY3VzLXByb2ZpbG8tc2Vuc29yaWFsZS1jaGljY2hpIGN1cy1wcm9maWxvLXNlbnNvcmlhbGUtY2hpY2NoaS01Ij48L3NwYW4+PC9kaXY+PC9kaXY+PGRpdiBjbGFzcz0iamFzLXJvdyI+PGRpdiBjbGFzcz0iamFzLWNvbC1tZC01IHRleHQtcmlnaHQgY3VzLXByb2ZpbG8tc2Vuc29yaWFsZS1ub21lIj48c3BhbiBjbGFzcz0idGV4dC11cHBlcmNhc2UiPlPDpHVyZTwvc3Bhbj48L2Rpdj48ZGl2IGNsYXNzPSJqYXMtY29sLW1kLTciPjxzcGFuIGNsYXNzPSJjdXMtcHJvZmlsby1zZW5zb3JpYWxlLWNoaWNjaGkgY3VzLXByb2ZpbG8tc2Vuc29yaWFsZS1jaGljY2hpLTQiPjwvc3Bhbj48L2Rpdj48L2Rpdj4KCTwvZGl2Pg==[\/vc_raw_html][vc_wp_text]<\/p>\n<p align=\"justify\">100% Arabica Kaffeemischung Die besten wertvollen Kaffees der Welt f\u00fcr eine Mischung mit s\u00fc\u00dfem Geschmack und starkem und feinem Aroma.<br \/>\nDas ist ideal f\u00fcr den, der ein hochwertiges Produkt will. Ger\u00f6stete Kaffeebohnen in einer sch\u00fctzenden Atmosph\u00e4re verpackt.<br \/>\nW\u00e4hrend der j\u00fcngsten\u00a0<span class=\"hps atn\">vierte Ausgabe von &#8220;<\/span>International Coffee Tasting\u00a0<span class=\"hps\">2020<\/span>&#8221; unsere\u00a0<span class=\"hps\">Excelso<\/span>\u00a0<span class=\"hps\">Bar<\/span>\u00a0<span class=\"hps\">Kaffee wurde<\/span>\u00a0<span class=\"hps\">mit der goldenen<\/span>\u00a0<span class=\"hps\">Medaille<\/span>\u00a0<span class=\"hps\">wurde<\/span>\u00a0<span class=\"hps\">in der Kategorie<\/span>\u00a0<span class=\"hps\">&#8220;Italian<\/span>\u00a0<span class=\"hps\">Blends<\/span>\u00a0<span class=\"hps\">f\u00fcr<\/span>\u00a0<span class=\"hps\">Espresso Bar<\/span>&#8221; ausgezeichnet.<br \/>\nAls Bohnen in vakuumverpackten 1.000g Packungen mit unidirektionalem Aromaschutzventil.<\/p>\n<p>[\/vc_wp_text][\/vc_column][\/vc_row][\/vc_section][vc_section el_class=&#8221;wrap-home-pillars&#8221; css=&#8221;.vc_custom_1562852209382{border-bottom-width: 5px !important;border-bottom-color: #ffffff !important;border-bottom-style: solid !important;}&#8221;][vc_row css=&#8221;.vc_custom_1570542705221{padding-top: 50px !important;padding-bottom: 25px !important;background-color: #e40520 !important;}&#8221;][vc_column width=&#8221;1\/3&#8243; css=&#8221;.vc_custom_1570542690545{margin-bottom: 0px !important;padding-bottom: 0px !important;background-color: #e40520 !important;}&#8221;][vc_raw_html css=&#8221;.vc_custom_1589489350377{margin-top: 0px !important;margin-bottom: 0px !important;padding-top: 0px !important;padding-bottom: 0px !important;}&#8221;]JTNDZGl2JTIwY2xhc3MlM0QlMjJqYXMtc2VydmljZSUyMHRjJTIwd3JhcC1ob21lLXBpbGxhcnMtc2luZ2xlJTIwYm9yZGVyLXJpZ2h0LXdoaXRlJTIyJTNFJTBBJTNDYSUyMGhyZWYlM0QlMjJodHRwcyUzQSUyRiUyRnd3dy5pdGFsY2FmZmUuaXQlMkZkZSUyRnNob3AlMkZteS1hY2NvdW50JTJGJTIyJTNFJTBBJTNDZGl2JTIwY2xhc3MlM0QlMjJpY29uJTIwbWVkaXVtJTIwY3AlMjIlMjBzdHlsZSUzRCUyMmNvbG9yJTNBJTIwJTIzZmZmZmZmJTNCJTIyJTNFJTBBJTNDaSUyMGNsYXNzJTNEJTIycGUtN3MtY2FyJTIwaWNvLWN1cy1zY29udG8lMjIlM0UlM0MlMkZpJTNFJTBBJTNDJTJGZGl2JTNFJTBBJTNDZGl2JTIwY2xhc3MlM0QlMjJjb250ZW50JTIyJTNFJTNDaDMlMjBjbGFzcyUzRCUyMnRpdGxlJTIwY3AlMjB0dSUyMGZzX18xNCUyMG1nX18wJTIwbWJfXzUlMjB0ZXh0LXVwcGVyY2FzZSUyMiUyMHN0eWxlJTNEJTIyY29sb3IlM0ElMjAlMjNmZmZmZmYlM0IlMjIlM0UxMCUyNSUyMEYlQzMlOUNSJTIwUkVHSVNUUklFUlRFJTIwSyVDMyU5Q05ERU4lM0MlMkZoMyUzRSUzQ3AlMjBjbGFzcyUzRCUyMm1nX18wJTIyJTIwc3R5bGUlM0QlMjJjb2xvciUzQSUyMCUyM2ZmZmZmZiUzQiUyMiUzRWYlQzMlQkNyJTIwcmVnaXN0cmllcnRlJTIwS3VuZGVuJTNDJTJGcCUzRSUzQyUyRmRpdiUzRSUwQSUwQSUwQSUzQyUyRmElM0UlMEElM0MlMkZkaXYlM0U=[\/vc_raw_html][\/vc_column][vc_column width=&#8221;1\/3&#8243; css=&#8221;.vc_custom_1570542697425{background-color: #e40520 !important;}&#8221;][vc_raw_html css=&#8221;.vc_custom_1720790136179{margin-top: 0px !important;margin-bottom: 0px !important;padding-top: 0px !important;padding-bottom: 0px !important;}&#8221;]JTNDZGl2JTIwY2xhc3MlM0QlMjJqYXMtc2VydmljZSUyMHRjJTIwd3JhcC1ob21lLXBpbGxhcnMtc2luZ2xlJTIwYm9yZGVyLXJpZ2h0LXdoaXRlJTIyJTNFJTBBJTNDYSUyMGhyZWYlM0QlMjJodHRwcyUzQSUyRiUyRnNob3AuaXRhbGNhZmZlLml0JTJGZGUlMkZzdGFydHNlaXRlJTJGODA3LWVsaXRlLWFyYWJpY2EtZXNwcmVzc28ta2FmZmVlYm9obmVuLWl0YWxjYWZmZS0xa2cta2FmZmVlLWdhbnplLWJvaG5lLmh0bWwlMjIlM0UlMEElMEElM0NkaXYlMjBjbGFzcyUzRCUyMmljb24lMjBtZWRpdW0lMjBjcCUyMiUyMHN0eWxlJTNEJTIyY29sb3IlM0ElMjAlMjNmZmZmZmYlM0IlMjIlM0UlM0NpJTIwY2xhc3MlM0QlMjJwZS03cy10aW1lciUyMiUzRSUzQyUyRmklM0UlM0MlMkZkaXYlM0UlM0NkaXYlMjBjbGFzcyUzRCUyMmNvbnRlbnQlMjIlM0UlM0NoMyUyMGNsYXNzJTNEJTIydGl0bGUlMjBjcCUyMHR1JTIwZnNfXzE0JTIwbWdfXzAlMjBtYl9fNSUyMiUyMHN0eWxlJTNEJTIyY29sb3IlM0ElMjAlMjNmZmZmZmYlM0IlMjIlM0VCZXN0ZWxsZW4lMjBzaWUlMjBvbmxpbmUlM0MlMkZoMyUzRSUzQ3AlMjBjbGFzcyUzRCUyMm1nX18wJTIyJTIwc3R5bGUlM0QlMjJjb2xvciUzQSUyMCUyM2ZmZmZmZiUzQiUyMiUzRTI0JTIwU3R1bmRlbiUyMGFtJTIwVGFnJTNDJTJGcCUzRSUzQyUyRmRpdiUzRSUwQSUzQyUyRmElM0UlMEElM0MlMkZkaXYlM0U=[\/vc_raw_html][\/vc_column][vc_column width=&#8221;1\/3&#8243; css=&#8221;.vc_custom_1563818085979{margin-top: 0px !important;margin-bottom: 0px !important;padding-top: 0px !important;padding-bottom: 0px !important;}&#8221;][vc_raw_html css=&#8221;.vc_custom_1589489422489{margin-top: 0px !important;margin-bottom: 0px !important;padding-top: 0px !important;padding-bottom: 0px !important;}&#8221;]JTNDZGl2JTIwY2xhc3MlM0QlMjJqYXMtc2VydmljZSUyMHRjJTIwd3JhcC1ob21lLXBpbGxhcnMtc2luZ2xlJTIyJTNFJTBBJTNDYSUyRiUyMiUzRSUwQSUwQSUzQ2RpdiUyMGNsYXNzJTNEJTIyaWNvbiUyMG1lZGl1bSUyMGNwJTIyJTIwc3R5bGUlM0QlMjJjb2xvciUzQSUyMCUyM2ZmZmZmZiUzQiUyMiUzRSUzQ2klMjBjbGFzcyUzRCUyMnBlLTdzLWRpYW1vbmQlMjIlM0UlM0MlMkZpJTNFJTNDJTJGZGl2JTNFJTNDZGl2JTIwY2xhc3MlM0QlMjJjb250ZW50JTIyJTNFJTNDaDMlMjBjbGFzcyUzRCUyMnRpdGxlJTIwY3AlMjB0dSUyMGZzX18xNCUyMG1nX18wJTIwbWJfXzUlMjIlMjBzdHlsZSUzRCUyMmNvbG9yJTNBJTIwJTIzZmZmZmZmJTNCJTIyJTNFUVVBTElUJUMzJTg0VFNBVVNXQUhMJTNDJTJGaDMlM0UlM0NwJTIwY2xhc3MlM0QlMjJtZ19fMCUyMiUyMHN0eWxlJTNEJTIyY29sb3IlM0ElMjAlMjNmZmZmZmYlM0IlMjIlM0VkaWUlMjBiZXN0ZW4lMjBLYWZmZWVzb3J0ZW4lMjBkZXIlMjBXZWx0JTIwaW4lMjB1bnNlcmVyJTIwSGVpbWF0LiUzQyUyRnAlM0UlM0MlMkZkaXYlM0UlMEElMEElM0MlMkZhJTNFJTBBJTNDJTJGZGl2JTNF[\/vc_raw_html][\/vc_column][\/vc_row][\/vc_section][vc_row][vc_column][vc_empty_space height=&#8221;100px&#8221;][\/vc_column][\/vc_row]<\/p>\n<\/div>","protected":false},"excerpt":{"rendered":"<p>[vc_section el_class=&#8221;wrap-content-limit&#8221;][vc_row el_class=&#8221;wrap-content-limit&#8221;][vc_column][vc_raw_html]JTNDaDIlMjBzdHlsZSUzRCUyMmZvbnQtc2l6ZSUzQSUyMDI0cHglM0JsaW5lLWhlaWdodCUzQSUyMDI0cHglM0J0ZXh0LWFsaWduJTNBJTIwY2VudGVyJTIyJTIwY2xhc3MlM0QlMjJ2Y19jdXN0b21faGVhZGluZyUyMHRleHQtdXBwZXJjYXNlJTIwZGl2aWRlciUyMHByJTIyJTNFRWxpdGUlMjBCQVIlMjAxMDAwJTNDc3BhbiUyMGNsYXNzJTNEJTIydGV4dC1sb3dlcmNhc2UlMjIlM0VnJTNDJTJGaDIlM0U=[\/vc_raw_html][\/vc_column][\/vc_row][vc_row][vc_column width=&#8221;1\/2&#8243;][vc_gallery type=&#8221;flexslider_slide&#8221; interval=&#8221;5&#8243; images=&#8221;8326,8334,27990&#8243; img_size=&#8221;570&#215;760&#8243; onclick=&#8221;&#8221; el_class=&#8221;flexslider-prodotti&#8221;][\/vc_column][vc_column width=&#8221;1\/2&#8243;][vc_raw_html]PGRpdiBjbGFzcz0id29vY29tbWVyY2UtcHJvZHVjdC1kZXRhaWxzX19zaG9ydC1kZXNjcmlwdGlvbiI+CgkJPGgyIGNsYXNzPSJwcm9kdWN0X3RpdGxlIGVudHJ5LXRpdGxlIHRleHQtdXBwZXJjYXNlIHB0X18zMCI+TWVya21hbGUgZGVzIEthZmZlZeKAmHM8L2gyPgkJPGRpdiBjbGFzcz0iamFzLXJvdyI+PGRpdiBjbGFzcz0iamFzLWNvbC1tZC01IHRleHQtcmlnaHQgY3VzLXByb2ZpbG8tc2Vuc29yaWFsZS1ub21lIj48c3BhbiBjbGFzcz0idGV4dC11cHBlcmNhc2UiPlLDtnN0ZW48L3NwYW4+PC9kaXY+PGRpdiBjbGFzcz0iamFzLWNvbC1tZC03Ij48c3BhbiBjbGFzcz0iY3VzLXByb2ZpbG8tc2Vuc29yaWFsZS1jaGljY2hpIGN1cy1wcm9maWxvLXNlbnNvcmlhbGUtY2hpY2NoaS0zIj48L3NwYW4+PC9kaXY+PC9kaXY+PGRpdiBjbGFzcz0iamFzLXJvdyI+PGRpdiBjbGFzcz0iamFzLWNvbC1tZC01IHRleHQtcmlnaHQgY3VzLXByb2ZpbG8tc2Vuc29yaWFsZS1ub21lIj48c3BhbiBjbGFzcz0idGV4dC11cHBlcmNhc2UiPkvDtnJwZXI8L3NwYW4+PC9kaXY+PGRpdiBjbGFzcz0iamFzLWNvbC1tZC03Ij48c3BhbiBjbGFzcz0iY3VzLXByb2ZpbG8tc2Vuc29yaWFsZS1jaGljY2hpIGN1cy1wcm9maWxvLXNlbnNvcmlhbGUtY2hpY2NoaS0zIj48L3NwYW4+PC9kaXY+PC9kaXY+PGRpdiBjbGFzcz0iamFzLXJvdyI+PGRpdiBjbGFzcz0iamFzLWNvbC1tZC01IHRleHQtcmlnaHQgY3VzLXByb2ZpbG8tc2Vuc29yaWFsZS1ub21lIj48c3BhbiBjbGFzcz0idGV4dC11cHBlcmNhc2UiPkFyb21hPC9zcGFuPjwvZGl2PjxkaXYgY2xhc3M9Imphcy1jb2wtbWQtNyI+PHNwYW4gY2xhc3M9ImN1cy1wcm9maWxvLXNlbnNvcmlhbGUtY2hpY2NoaSBjdXMtcHJvZmlsby1zZW5zb3JpYWxlLWNoaWNjaGktNSI+PC9zcGFuPjwvZGl2PjwvZGl2PjxkaXYgY2xhc3M9Imphcy1yb3ciPjxkaXYgY2xhc3M9Imphcy1jb2wtbWQtNSB0ZXh0LXJpZ2h0IGN1cy1wcm9maWxvLXNlbnNvcmlhbGUtbm9tZSI+PHNwYW4gY2xhc3M9InRleHQtdXBwZXJjYXNlIj5Tw7zDn2U8L3NwYW4+PC9kaXY+PGRpdiBjbGFzcz0iamFzLWNvbC1tZC03Ij48c3BhbiBjbGFzcz0iY3VzLXByb2ZpbG8tc2Vuc29yaWFsZS1jaGljY2hpIGN1cy1wcm9maWxvLXNlbnNvcmlhbGUtY2hpY2NoaS01Ij48L3NwYW4+PC9kaXY+PC9kaXY+PGRpdiBjbGFzcz0iamFzLXJvdyI+PGRpdiBjbGFzcz0iamFzLWNvbC1tZC01IHRleHQtcmlnaHQgY3VzLXByb2ZpbG8tc2Vuc29yaWFsZS1ub21lIj48c3BhbiBjbGFzcz0idGV4dC11cHBlcmNhc2UiPlPDpHVyZTwvc3Bhbj48L2Rpdj48ZGl2IGNsYXNzPSJqYXMtY29sLW1kLTciPjxzcGFuIGNsYXNzPSJjdXMtcHJvZmlsby1zZW5zb3JpYWxlLWNoaWNjaGkgY3VzLXByb2ZpbG8tc2Vuc29yaWFsZS1jaGljY2hpLTQiPjwvc3Bhbj48L2Rpdj48L2Rpdj4KCTwvZGl2Pg==[\/vc_raw_html][vc_wp_text] 100% Arabica Kaffeemischung Die besten wertvollen Kaffees der Welt f\u00fcr eine Mischung mit s\u00fc\u00dfem Geschmack und starkem und feinem Aroma. Das ist ideal f\u00fcr den, der ein hochwertiges Produkt will. Ger\u00f6stete Kaffeebohnen in einer sch\u00fctzenden Atmosph\u00e4re verpackt. W\u00e4hrend der j\u00fcngsten\u00a0vierte Ausgabe von &#8220;International Coffee [&hellip;]<\/p>\n","protected":false},"author":3,"featured_media":29478,"parent":20258,"menu_order":1,"comment_status":"closed","ping_status":"closed","template":"","meta":{"_acf_changed":false,"footnotes":""},"class_list":["post-20342","page","type-page","status-publish","has-post-thumbnail","hentry"],"acf":[],"yoast_head":"<!-- This site is optimized with the Yoast SEO plugin v27.0 - https:\/\/yoast.com\/product\/yoast-seo-wordpress\/ -->\n<title>Der Kaffee f\u00fcr Bar - Profis | Elite Bar 100% Arabica 1000 g<\/title>\n<meta name=\"description\" content=\"Elite Bar ist eine Mischung aus sorgf\u00e4ltig ausgew\u00e4hltem 100% Arabica - Kaffee. Die beste Wahl f\u00fcr die Profis der Branche.\" \/>\n<meta name=\"robots\" content=\"index, follow, max-snippet:-1, max-image-preview:large, max-video-preview:-1\" \/>\n<link rel=\"canonical\" href=\"https:\/\/italcaffe.it\/de\/produkte\/kaffee-bar-linie\/elite-bar-1000-g\/\" \/>\n<meta property=\"og:locale\" content=\"de_DE\" \/>\n<meta property=\"og:type\" content=\"article\" \/>\n<meta property=\"og:title\" content=\"Der Kaffee f\u00fcr Bar - Profis | Elite Bar 100% Arabica 1000 g\" \/>\n<meta property=\"og:description\" content=\"Elite Bar ist eine Mischung aus sorgf\u00e4ltig ausgew\u00e4hltem 100% Arabica - Kaffee. Die beste Wahl f\u00fcr die Profis der Branche.\" \/>\n<meta property=\"og:url\" content=\"https:\/\/italcaffe.it\/de\/produkte\/kaffee-bar-linie\/elite-bar-1000-g\/\" \/>\n<meta property=\"og:site_name\" content=\"Italcaff\u00e8\" \/>\n<meta property=\"article:modified_time\" content=\"2024-07-12T13:15:40+00:00\" \/>\n<meta property=\"og:image\" content=\"https:\/\/italcaffe.it\/wp-content\/uploads\/2022\/08\/gold-medal-elite.jpg\" \/>\n\t<meta property=\"og:image:width\" content=\"825\" \/>\n\t<meta property=\"og:image:height\" content=\"1100\" \/>\n\t<meta property=\"og:image:type\" content=\"image\/jpeg\" \/>\n<meta name=\"twitter:card\" content=\"summary_large_image\" \/>\n<meta name=\"twitter:label1\" content=\"Gesch\u00e4tzte Lesezeit\" \/>\n\t<meta name=\"twitter:data1\" content=\"1\u00a0Minute\" \/>\n<script type=\"application\/ld+json\" class=\"yoast-schema-graph\">{\"@context\":\"https:\/\/schema.org\",\"@graph\":[{\"@type\":\"WebPage\",\"@id\":\"https:\/\/italcaffe.it\/de\/produkte\/kaffee-bar-linie\/elite-bar-1000-g\/\",\"url\":\"https:\/\/italcaffe.it\/de\/produkte\/kaffee-bar-linie\/elite-bar-1000-g\/\",\"name\":\"Der Kaffee f\u00fcr Bar - Profis | Elite Bar 100% Arabica 1000 g\",\"isPartOf\":{\"@id\":\"https:\/\/italcaffe.it\/de\/#website\"},\"primaryImageOfPage\":{\"@id\":\"https:\/\/italcaffe.it\/de\/produkte\/kaffee-bar-linie\/elite-bar-1000-g\/#primaryimage\"},\"image\":{\"@id\":\"https:\/\/italcaffe.it\/de\/produkte\/kaffee-bar-linie\/elite-bar-1000-g\/#primaryimage\"},\"thumbnailUrl\":\"https:\/\/italcaffe.it\/wp-content\/uploads\/2022\/08\/gold-medal-elite.jpg\",\"datePublished\":\"2019-12-02T15:05:58+00:00\",\"dateModified\":\"2024-07-12T13:15:40+00:00\",\"description\":\"Elite Bar ist eine Mischung aus sorgf\u00e4ltig ausgew\u00e4hltem 100% Arabica - Kaffee. Die beste Wahl f\u00fcr die Profis der Branche.\",\"breadcrumb\":{\"@id\":\"https:\/\/italcaffe.it\/de\/produkte\/kaffee-bar-linie\/elite-bar-1000-g\/#breadcrumb\"},\"inLanguage\":\"de\",\"potentialAction\":[{\"@type\":\"ReadAction\",\"target\":[\"https:\/\/italcaffe.it\/de\/produkte\/kaffee-bar-linie\/elite-bar-1000-g\/\"]}]},{\"@type\":\"ImageObject\",\"inLanguage\":\"de\",\"@id\":\"https:\/\/italcaffe.it\/de\/produkte\/kaffee-bar-linie\/elite-bar-1000-g\/#primaryimage\",\"url\":\"https:\/\/italcaffe.it\/wp-content\/uploads\/2022\/08\/gold-medal-elite.jpg\",\"contentUrl\":\"https:\/\/italcaffe.it\/wp-content\/uploads\/2022\/08\/gold-medal-elite.jpg\",\"width\":825,\"height\":1100},{\"@type\":\"BreadcrumbList\",\"@id\":\"https:\/\/italcaffe.it\/de\/produkte\/kaffee-bar-linie\/elite-bar-1000-g\/#breadcrumb\",\"itemListElement\":[{\"@type\":\"ListItem\",\"position\":1,\"name\":\"Home\",\"item\":\"https:\/\/italcaffe.it\/de\/\"},{\"@type\":\"ListItem\",\"position\":2,\"name\":\"Produkte\",\"item\":\"https:\/\/italcaffe.it\/de\/produkte\/\"},{\"@type\":\"ListItem\",\"position\":3,\"name\":\"BAR-LINIE\",\"item\":\"https:\/\/italcaffe.it\/de\/produkte\/kaffee-bar-linie\/\"},{\"@type\":\"ListItem\",\"position\":4,\"name\":\"ELITE BAR 1000 g\"}]},{\"@type\":\"WebSite\",\"@id\":\"https:\/\/italcaffe.it\/de\/#website\",\"url\":\"https:\/\/italcaffe.it\/de\/\",\"name\":\"Italcaff\u00e8\",\"description\":\"50 Anni insieme\",\"potentialAction\":[{\"@type\":\"SearchAction\",\"target\":{\"@type\":\"EntryPoint\",\"urlTemplate\":\"https:\/\/italcaffe.it\/de\/?s={search_term_string}\"},\"query-input\":{\"@type\":\"PropertyValueSpecification\",\"valueRequired\":true,\"valueName\":\"search_term_string\"}}],\"inLanguage\":\"de\"}]}<\/script>\n<!-- \/ Yoast SEO plugin. -->","yoast_head_json":{"title":"Der Kaffee f\u00fcr Bar - Profis | Elite Bar 100% Arabica 1000 g","description":"Elite Bar ist eine Mischung aus sorgf\u00e4ltig ausgew\u00e4hltem 100% Arabica - Kaffee. Die beste Wahl f\u00fcr die Profis der Branche.","robots":{"index":"index","follow":"follow","max-snippet":"max-snippet:-1","max-image-preview":"max-image-preview:large","max-video-preview":"max-video-preview:-1"},"canonical":"https:\/\/italcaffe.it\/de\/produkte\/kaffee-bar-linie\/elite-bar-1000-g\/","og_locale":"de_DE","og_type":"article","og_title":"Der Kaffee f\u00fcr Bar - Profis | Elite Bar 100% Arabica 1000 g","og_description":"Elite Bar ist eine Mischung aus sorgf\u00e4ltig ausgew\u00e4hltem 100% Arabica - Kaffee. Die beste Wahl f\u00fcr die Profis der Branche.","og_url":"https:\/\/italcaffe.it\/de\/produkte\/kaffee-bar-linie\/elite-bar-1000-g\/","og_site_name":"Italcaff\u00e8","article_modified_time":"2024-07-12T13:15:40+00:00","og_image":[{"width":825,"height":1100,"url":"https:\/\/italcaffe.it\/wp-content\/uploads\/2022\/08\/gold-medal-elite.jpg","type":"image\/jpeg"}],"twitter_card":"summary_large_image","twitter_misc":{"Gesch\u00e4tzte Lesezeit":"1\u00a0Minute"},"schema":{"@context":"https:\/\/schema.org","@graph":[{"@type":"WebPage","@id":"https:\/\/italcaffe.it\/de\/produkte\/kaffee-bar-linie\/elite-bar-1000-g\/","url":"https:\/\/italcaffe.it\/de\/produkte\/kaffee-bar-linie\/elite-bar-1000-g\/","name":"Der Kaffee f\u00fcr Bar - Profis | Elite Bar 100% Arabica 1000 g","isPartOf":{"@id":"https:\/\/italcaffe.it\/de\/#website"},"primaryImageOfPage":{"@id":"https:\/\/italcaffe.it\/de\/produkte\/kaffee-bar-linie\/elite-bar-1000-g\/#primaryimage"},"image":{"@id":"https:\/\/italcaffe.it\/de\/produkte\/kaffee-bar-linie\/elite-bar-1000-g\/#primaryimage"},"thumbnailUrl":"https:\/\/italcaffe.it\/wp-content\/uploads\/2022\/08\/gold-medal-elite.jpg","datePublished":"2019-12-02T15:05:58+00:00","dateModified":"2024-07-12T13:15:40+00:00","description":"Elite Bar ist eine Mischung aus sorgf\u00e4ltig ausgew\u00e4hltem 100% Arabica - Kaffee. Die beste Wahl f\u00fcr die Profis der Branche.","breadcrumb":{"@id":"https:\/\/italcaffe.it\/de\/produkte\/kaffee-bar-linie\/elite-bar-1000-g\/#breadcrumb"},"inLanguage":"de","potentialAction":[{"@type":"ReadAction","target":["https:\/\/italcaffe.it\/de\/produkte\/kaffee-bar-linie\/elite-bar-1000-g\/"]}]},{"@type":"ImageObject","inLanguage":"de","@id":"https:\/\/italcaffe.it\/de\/produkte\/kaffee-bar-linie\/elite-bar-1000-g\/#primaryimage","url":"https:\/\/italcaffe.it\/wp-content\/uploads\/2022\/08\/gold-medal-elite.jpg","contentUrl":"https:\/\/italcaffe.it\/wp-content\/uploads\/2022\/08\/gold-medal-elite.jpg","width":825,"height":1100},{"@type":"BreadcrumbList","@id":"https:\/\/italcaffe.it\/de\/produkte\/kaffee-bar-linie\/elite-bar-1000-g\/#breadcrumb","itemListElement":[{"@type":"ListItem","position":1,"name":"Home","item":"https:\/\/italcaffe.it\/de\/"},{"@type":"ListItem","position":2,"name":"Produkte","item":"https:\/\/italcaffe.it\/de\/produkte\/"},{"@type":"ListItem","position":3,"name":"BAR-LINIE","item":"https:\/\/italcaffe.it\/de\/produkte\/kaffee-bar-linie\/"},{"@type":"ListItem","position":4,"name":"ELITE BAR 1000 g"}]},{"@type":"WebSite","@id":"https:\/\/italcaffe.it\/de\/#website","url":"https:\/\/italcaffe.it\/de\/","name":"Italcaff\u00e8","description":"50 Anni insieme","potentialAction":[{"@type":"SearchAction","target":{"@type":"EntryPoint","urlTemplate":"https:\/\/italcaffe.it\/de\/?s={search_term_string}"},"query-input":{"@type":"PropertyValueSpecification","valueRequired":true,"valueName":"search_term_string"}}],"inLanguage":"de"}]}},"_links":{"self":[{"href":"https:\/\/italcaffe.it\/de\/wp-json\/wp\/v2\/pages\/20342","targetHints":{"allow":["GET"]}}],"collection":[{"href":"https:\/\/italcaffe.it\/de\/wp-json\/wp\/v2\/pages"}],"about":[{"href":"https:\/\/italcaffe.it\/de\/wp-json\/wp\/v2\/types\/page"}],"author":[{"embeddable":true,"href":"https:\/\/italcaffe.it\/de\/wp-json\/wp\/v2\/users\/3"}],"replies":[{"embeddable":true,"href":"https:\/\/italcaffe.it\/de\/wp-json\/wp\/v2\/comments?post=20342"}],"version-history":[{"count":0,"href":"https:\/\/italcaffe.it\/de\/wp-json\/wp\/v2\/pages\/20342\/revisions"}],"up":[{"embeddable":true,"href":"https:\/\/italcaffe.it\/de\/wp-json\/wp\/v2\/pages\/20258"}],"wp:featuredmedia":[{"embeddable":true,"href":"https:\/\/italcaffe.it\/de\/wp-json\/wp\/v2\/media\/29478"}],"wp:attachment":[{"href":"https:\/\/italcaffe.it\/de\/wp-json\/wp\/v2\/media?parent=20342"}],"curies":[{"name":"wp","href":"https:\/\/api.w.org\/{rel}","templated":true}]}}