{"id":26015,"date":"2020-12-02T21:14:33","date_gmt":"2020-12-02T20:14:33","guid":{"rendered":"https:\/\/www.italcaffe.it\/torrefazione-new\/"},"modified":"2021-07-13T14:32:39","modified_gmt":"2021-07-13T13:32:39","slug":"torrefazione","status":"publish","type":"page","link":"https:\/\/italcaffe.it\/de\/torrefazione\/","title":{"rendered":"KAFFEER\u00d6STEREI"},"content":{"rendered":"<div class=\"wpb-content-wrapper\"><p>[vc_row fullwidth=&#8221;yes&#8221;][vc_column][vc_single_image image=&#8221;25951&#8243; img_size=&#8221;full&#8221; alignment=&#8221;center&#8221; el_class=&#8221;fullwidth&#8221;][\/vc_column][\/vc_row][vc_row el_class=&#8221;wrap-content-limit&#8221;][vc_column][vc_column_text]<\/p>\n<h1 class=\"text-red titleh\" style=\"text-align: center;\"><strong>DIE KAFFEER\u00d6STEREI <\/strong><\/h1>\n<p class=\"paragr\" style=\"text-align: center;\">Seit 1969 versorgen wir die Welt mit unserem Kaffee.<br \/>\nAuf unseren Reisen w\u00e4hlen wir mit Erfahrung, K\u00f6nnen und Herzblut die besten Kaffeesorten aus und machen in unserer Kaffeer\u00f6sterei daraus hochwertige Mischungen mit einem einzigartigen, unverwechselbaren Geschmack.<\/p>\n<p>\u00a0[\/vc_column_text][\/vc_column][\/vc_row][vc_section][vc_row content_placement=&#8221;top&#8221; el_class=&#8221;wrap-content-limit&#8221; css=&#8221;.vc_custom_1606495171343{margin-top: 10px !important;margin-bottom: 10px !important;}&#8221;][vc_column offset=&#8221;vc_hidden-lg&#8221;][vc_single_image image=&#8221;25909&#8243; img_size=&#8221;full&#8221; alignment=&#8221;center&#8221;][\/vc_column][\/vc_row][vc_row content_placement=&#8221;middle&#8221; el_class=&#8221;wrap-content-limit&#8221; css=&#8221;.vc_custom_1606497214189{margin-top: 10px !important;margin-bottom: 10px !important;}&#8221;][vc_column offset=&#8221;vc_col-lg-4 vc_col-md-12 vc_col-xs-12&#8243;][vc_column_text]<\/p>\n<h2 class=\"text-red titleh\"><strong>1. AM ANFANG STEHT DIE EINZELNE BOHNE<\/strong><\/h2>\n<p class=\"paragr p-0\">F\u00fcr uns von Italcaff\u00e8 ist bei der Herstellung unseres hochwertigen Espresso jede Kaffeebohne einzigartig.<\/p>\n<p class=\"paragr p-0\">Daher w\u00e4hlen wir den besten gr\u00fcnen Kaffee von drei Kontinenten \u2013 und zwar Mittel- und S\u00fcdamerika, Afrika und Asien \u2013 aus, um unseren Espresso-Kaffeemischungen damit ihren einzigartigen Charakter zu geben.<\/p>\n<p class=\"paragr p-0\">Die ausgew\u00e4hlten Bohnen werden einzeln gepr\u00fcft und gereinigt, um sie auf den R\u00f6stvorgang vorzubereiten.<\/p>\n<p>\u00a0[\/vc_column_text][\/vc_column][vc_column width=&#8221;2\/3&#8243; offset=&#8221;vc_hidden-md vc_hidden-sm vc_hidden-xs&#8221;][vc_single_image image=&#8221;25909&#8243; img_size=&#8221;full&#8221; alignment=&#8221;center&#8221;][\/vc_column][\/vc_row][vc_row content_placement=&#8221;middle&#8221; el_class=&#8221;wrap-content-limit&#8221; css=&#8221;.vc_custom_1606497221258{margin-top: 10px !important;margin-bottom: 10px !important;}&#8221;][vc_column offset=&#8221;vc_col-lg-8&#8243;][vc_single_image image=&#8221;25913&#8243; img_size=&#8221;full&#8221; alignment=&#8221;center&#8221;][\/vc_column][vc_column offset=&#8221;vc_col-lg-4&#8243;][vc_column_text]<\/p>\n<h2 class=\"text-red titleh\"><strong>2. DAS R\u00d6STEN: HIER BEGINNT DIE MAGIE<\/strong><\/h2>\n<p class=\"paragr p-0\">Das R\u00f6sten ist das perfekte Zusammenspiel von Technologie und K\u00f6nnen, und hier spielt sich die Magie f\u00fcr unseren Espresso-Kaffee ab.<\/p>\n<p class=\"paragr p-0\">Durch die W\u00e4rme verwandelt sich die Kaffeebohne: Sie \u00e4ndert ihre Farbe, ihr Gewicht, ihre Gr\u00f6\u00dfe und ihr Volumen.<\/p>\n<p class=\"paragr p-0\">. Die eigentliche Magie ist aber, dass w\u00e4hrend des R\u00f6stvorgangs jede einzelne Kaffeebohne ihr sensorisches Profil entfaltet. Und genau dadurch wird jede unserer Kaffeemischungen im Geschmack und im Aroma einzigartig.<\/p>\n<p>\u00a0[\/vc_column_text][\/vc_column][\/vc_row][\/vc_section][vc_section][vc_row content_placement=&#8221;top&#8221; el_class=&#8221;wrap-content-limit&#8221; css=&#8221;.vc_custom_1606495171343{margin-top: 10px !important;margin-bottom: 10px !important;}&#8221;][vc_column offset=&#8221;vc_hidden-lg&#8221;][vc_single_image image=&#8221;25917&#8243; img_size=&#8221;full&#8221; alignment=&#8221;center&#8221;][\/vc_column][\/vc_row][vc_row content_placement=&#8221;middle&#8221; el_class=&#8221;wrap-content-limit&#8221; css=&#8221;.vc_custom_1606497232874{margin-top: 10px !important;margin-bottom: 10px !important;}&#8221;][vc_column offset=&#8221;vc_col-lg-4 vc_col-md-12 vc_col-xs-12&#8243;][vc_column_text]<\/p>\n<h2 class=\"text-red titleh\"><strong>3. WAS GESCHIEHT DANN MIT UNSEREM KAFFEE?<\/strong><\/h2>\n<p class=\"paragr p-0\">Nachdem der Kaffee ger\u00f6stet wurde und abgek\u00fchlt ist, wird er in Lagersilos gebracht, wo er auf die Weiterverarbeitung in mehreren Verpackungslinien wartet.<\/p>\n<p class=\"paragr p-0\" style=\"margin-bottom: 0!important;\">Das Herstellungsverfahren h\u00e4ngt davon ab, welches Endprodukt vorgesehen ist. Wir bieten unseren Kaffee n\u00e4mlich in zwei Formen an:<\/p>\n<ul class=\"paragr\" style=\"color: #444;\">\n<li>in ganzen Bohnen ;<\/li>\n<li>oder gemahlen. In diesem Fall wird der Kaffee gemahlen, wobei sehr genau auf den richtigen Mahlgrad geachtet wird. So gelingt Ihnen der Espresso zu Hause immer einwandfrei, egal, ob Sie ihn im Espressokocher oder einer Espressomaschine zubereiten.<\/li>\n<\/ul>\n<p>[\/vc_column_text][\/vc_column][vc_column width=&#8221;2\/3&#8243; offset=&#8221;vc_hidden-md vc_hidden-sm vc_hidden-xs&#8221;][vc_single_image image=&#8221;25917&#8243; img_size=&#8221;full&#8221; alignment=&#8221;center&#8221;][\/vc_column][\/vc_row][vc_row content_placement=&#8221;middle&#8221; el_class=&#8221;wrap-content-limit&#8221; css=&#8221;.vc_custom_1606497239001{margin-top: 10px !important;margin-bottom: 10px !important;}&#8221;][vc_column offset=&#8221;vc_col-lg-8&#8243;][vc_single_image image=&#8221;25921&#8243; img_size=&#8221;full&#8221; alignment=&#8221;center&#8221;][\/vc_column][vc_column offset=&#8221;vc_col-lg-4&#8243;][vc_column_text]<\/p>\n<h2 class=\"text-red titleh\"><strong>4. JEDER KAFFEE IN EINER VERPACKUNG NACH MA\u1e9e<\/strong><\/h2>\n<p class=\"paragr p-0\">Nach der Herstellung muss unser Kaffee in die richtige Verpackung abgef\u00fcllt werden, damit sein sensorisches Profil erhalten bleibt.<br \/>\nDaf\u00fcr verwendet Italcaff\u00e8 moderne Verpackungsanlagen.<\/p>\n<p class=\"paragr p-0\">Der Kaffee in ganzen Bohnen wird unter Schutzatmosph\u00e4re mit Aromaventil verpackt, der gemahlene Kaffee dagegen wird vakuumverpackt.<\/p>\n<p class=\"paragr p-0\">Warum machen wir das so? Wir m\u00f6chten unseren Kunden v\u00f6llig luftdichte Verpackungen liefern, damit unsere Kaffeemischungen vor Umwelteinfl\u00fcssen gesch\u00fctzt sind, die sich auf ihren Geschmack und ihr Aroma auswirken k\u00f6nnten.<\/p>\n<p>\u00a0[\/vc_column_text][\/vc_column][\/vc_row][\/vc_section][vc_section][vc_row content_placement=&#8221;top&#8221; el_class=&#8221;wrap-content-limit&#8221; css=&#8221;.vc_custom_1606495171343{margin-top: 10px !important;margin-bottom: 10px !important;}&#8221;][vc_column offset=&#8221;vc_hidden-lg&#8221;][vc_single_image image=&#8221;25925&#8243; img_size=&#8221;full&#8221; alignment=&#8221;center&#8221;][\/vc_column][\/vc_row][vc_row content_placement=&#8221;middle&#8221; el_class=&#8221;wrap-content-limit&#8221; css=&#8221;.vc_custom_1606497246066{margin-top: 10px !important;margin-bottom: 10px !important;}&#8221;][vc_column offset=&#8221;vc_col-lg-4 vc_col-md-12 vc_col-xs-12&#8243;][vc_column_text]<\/p>\n<h2 class=\"text-red titleh\"><strong>5. VOM LAGER BIS ZU UNSEREN KUNDEN: WIR SCH\u00dcTZEN DEN GESCHMACK<\/strong><\/h2>\n<p class=\"paragr p-0\">Jede Packung Kaffee wird nach dem Verpacken sorgf\u00e4ltig unter optimalen Bedingungen gelagert.<br \/>\nDann k\u00f6nnen die Packungen an unsere Kunden verschickt werden.<br \/>\nUnd nun k\u00f6nnen alle das Aroma von Italcaff\u00e8 genie\u00dfen.<\/p>\n<p>\u00a0[\/vc_column_text][\/vc_column][vc_column width=&#8221;2\/3&#8243; offset=&#8221;vc_hidden-md vc_hidden-sm vc_hidden-xs&#8221;][vc_single_image image=&#8221;25925&#8243; img_size=&#8221;full&#8221; alignment=&#8221;center&#8221;][\/vc_column][\/vc_row][vc_row content_placement=&#8221;middle&#8221; el_class=&#8221;wrap-content-limit&#8221; css=&#8221;.vc_custom_1606497255325{margin-top: 10px !important;margin-bottom: 10px !important;}&#8221;][vc_column offset=&#8221;vc_col-lg-8&#8243;][vc_single_image image=&#8221;25929&#8243; img_size=&#8221;full&#8221; alignment=&#8221;center&#8221;][\/vc_column][vc_column offset=&#8221;vc_col-lg-4&#8243;][vc_column_text]<\/p>\n<h2 class=\"text-red titleh\"><strong>6. WIR KONTROLLIEREN ST\u00c4NDIG UNSERE ARBEIT<\/strong><\/h2>\n<p class=\"paragr p-0\">In den 50 Jahren, seit es uns gibt, hat Italcaff\u00e8 nach und nach strenge Kontrollverfahren eingef\u00fchrt, um die Zuverl\u00e4ssigkeit des gesamten Prozesses vom Einkauf der Rohstoffe bis zu ihrer Verarbeitung zu gew\u00e4hrleisten.<\/p>\n<p class=\"paragr p-0\">. All dies wird j\u00e4hrlich nach UNI EN ISO 9001:2015 gepr\u00fcft und zertifiziert.<\/p>\n<p>\u00a0[\/vc_column_text][\/vc_column][\/vc_row][\/vc_section]<\/p>\n<\/div>","protected":false},"excerpt":{"rendered":"<p>[vc_row fullwidth=&#8221;yes&#8221;][vc_column][vc_single_image image=&#8221;25951&#8243; img_size=&#8221;full&#8221; alignment=&#8221;center&#8221; el_class=&#8221;fullwidth&#8221;][\/vc_column][\/vc_row][vc_row el_class=&#8221;wrap-content-limit&#8221;][vc_column][vc_column_text] DIE KAFFEER\u00d6STEREI Seit 1969 versorgen wir die Welt mit unserem Kaffee. Auf unseren Reisen w\u00e4hlen wir mit Erfahrung, K\u00f6nnen und Herzblut die besten Kaffeesorten aus und machen in unserer Kaffeer\u00f6sterei daraus hochwertige Mischungen mit einem einzigartigen, unverwechselbaren Geschmack. \u00a0[\/vc_column_text][\/vc_column][\/vc_row][vc_section][vc_row content_placement=&#8221;top&#8221; el_class=&#8221;wrap-content-limit&#8221; css=&#8221;.vc_custom_1606495171343{margin-top: 10px !important;margin-bottom: 10px !important;}&#8221;][vc_column offset=&#8221;vc_hidden-lg&#8221;][vc_single_image image=&#8221;25909&#8243; [&hellip;]<\/p>\n","protected":false},"author":1,"featured_media":0,"parent":0,"menu_order":0,"comment_status":"closed","ping_status":"closed","template":"","meta":{"_acf_changed":false,"footnotes":""},"class_list":["post-26015","page","type-page","status-publish","hentry"],"acf":[],"yoast_head":"<!-- This site is optimized with the Yoast SEO plugin v27.0 - https:\/\/yoast.com\/product\/yoast-seo-wordpress\/ -->\n<title>KAFFEER\u00d6STEREI - Italcaff\u00e8<\/title>\n<meta name=\"robots\" content=\"index, follow, max-snippet:-1, max-image-preview:large, max-video-preview:-1\" \/>\n<link rel=\"canonical\" href=\"https:\/\/italcaffe.it\/de\/torrefazione\/\" \/>\n<meta property=\"og:locale\" content=\"de_DE\" \/>\n<meta property=\"og:type\" content=\"article\" \/>\n<meta property=\"og:title\" content=\"KAFFEER\u00d6STEREI - Italcaff\u00e8\" \/>\n<meta property=\"og:description\" content=\"[vc_row fullwidth=&#8221;yes&#8221;][vc_column][vc_single_image image=&#8221;25951&#8243; img_size=&#8221;full&#8221; alignment=&#8221;center&#8221; el_class=&#8221;fullwidth&#8221;][\/vc_column][\/vc_row][vc_row el_class=&#8221;wrap-content-limit&#8221;][vc_column][vc_column_text] DIE KAFFEER\u00d6STEREI Seit 1969 versorgen wir die Welt mit unserem Kaffee. Auf unseren Reisen w\u00e4hlen wir mit Erfahrung, K\u00f6nnen und Herzblut die besten Kaffeesorten aus und machen in unserer Kaffeer\u00f6sterei daraus hochwertige Mischungen mit einem einzigartigen, unverwechselbaren Geschmack. \u00a0[\/vc_column_text][\/vc_column][\/vc_row][vc_section][vc_row content_placement=&#8221;top&#8221; el_class=&#8221;wrap-content-limit&#8221; css=&#8221;.vc_custom_1606495171343{margin-top: 10px !important;margin-bottom: 10px !important;}&#8221;][vc_column offset=&#8221;vc_hidden-lg&#8221;][vc_single_image image=&#8221;25909&#8243; [&hellip;]\" \/>\n<meta property=\"og:url\" content=\"https:\/\/italcaffe.it\/de\/torrefazione\/\" \/>\n<meta property=\"og:site_name\" content=\"Italcaff\u00e8\" \/>\n<meta property=\"article:modified_time\" content=\"2021-07-13T13:32:39+00:00\" \/>\n<meta name=\"twitter:card\" content=\"summary_large_image\" \/>\n<meta name=\"twitter:label1\" content=\"Gesch\u00e4tzte Lesezeit\" \/>\n\t<meta name=\"twitter:data1\" content=\"5\u00a0Minuten\" \/>\n<script type=\"application\/ld+json\" class=\"yoast-schema-graph\">{\"@context\":\"https:\/\/schema.org\",\"@graph\":[{\"@type\":\"WebPage\",\"@id\":\"https:\/\/italcaffe.it\/de\/torrefazione\/\",\"url\":\"https:\/\/italcaffe.it\/de\/torrefazione\/\",\"name\":\"KAFFEER\u00d6STEREI - Italcaff\u00e8\",\"isPartOf\":{\"@id\":\"https:\/\/italcaffe.it\/de\/#website\"},\"datePublished\":\"2020-12-02T20:14:33+00:00\",\"dateModified\":\"2021-07-13T13:32:39+00:00\",\"breadcrumb\":{\"@id\":\"https:\/\/italcaffe.it\/de\/torrefazione\/#breadcrumb\"},\"inLanguage\":\"de\",\"potentialAction\":[{\"@type\":\"ReadAction\",\"target\":[\"https:\/\/italcaffe.it\/de\/torrefazione\/\"]}]},{\"@type\":\"BreadcrumbList\",\"@id\":\"https:\/\/italcaffe.it\/de\/torrefazione\/#breadcrumb\",\"itemListElement\":[{\"@type\":\"ListItem\",\"position\":1,\"name\":\"Home\",\"item\":\"https:\/\/italcaffe.it\/de\/\"},{\"@type\":\"ListItem\",\"position\":2,\"name\":\"KAFFEER\u00d6STEREI\"}]},{\"@type\":\"WebSite\",\"@id\":\"https:\/\/italcaffe.it\/de\/#website\",\"url\":\"https:\/\/italcaffe.it\/de\/\",\"name\":\"Italcaff\u00e8\",\"description\":\"50 Anni insieme\",\"potentialAction\":[{\"@type\":\"SearchAction\",\"target\":{\"@type\":\"EntryPoint\",\"urlTemplate\":\"https:\/\/italcaffe.it\/de\/?s={search_term_string}\"},\"query-input\":{\"@type\":\"PropertyValueSpecification\",\"valueRequired\":true,\"valueName\":\"search_term_string\"}}],\"inLanguage\":\"de\"}]}<\/script>\n<!-- \/ Yoast SEO plugin. -->","yoast_head_json":{"title":"KAFFEER\u00d6STEREI - Italcaff\u00e8","robots":{"index":"index","follow":"follow","max-snippet":"max-snippet:-1","max-image-preview":"max-image-preview:large","max-video-preview":"max-video-preview:-1"},"canonical":"https:\/\/italcaffe.it\/de\/torrefazione\/","og_locale":"de_DE","og_type":"article","og_title":"KAFFEER\u00d6STEREI - Italcaff\u00e8","og_description":"[vc_row fullwidth=&#8221;yes&#8221;][vc_column][vc_single_image image=&#8221;25951&#8243; img_size=&#8221;full&#8221; alignment=&#8221;center&#8221; el_class=&#8221;fullwidth&#8221;][\/vc_column][\/vc_row][vc_row el_class=&#8221;wrap-content-limit&#8221;][vc_column][vc_column_text] DIE KAFFEER\u00d6STEREI Seit 1969 versorgen wir die Welt mit unserem Kaffee. Auf unseren Reisen w\u00e4hlen wir mit Erfahrung, K\u00f6nnen und Herzblut die besten Kaffeesorten aus und machen in unserer Kaffeer\u00f6sterei daraus hochwertige Mischungen mit einem einzigartigen, unverwechselbaren Geschmack. \u00a0[\/vc_column_text][\/vc_column][\/vc_row][vc_section][vc_row content_placement=&#8221;top&#8221; el_class=&#8221;wrap-content-limit&#8221; css=&#8221;.vc_custom_1606495171343{margin-top: 10px !important;margin-bottom: 10px !important;}&#8221;][vc_column offset=&#8221;vc_hidden-lg&#8221;][vc_single_image image=&#8221;25909&#8243; [&hellip;]","og_url":"https:\/\/italcaffe.it\/de\/torrefazione\/","og_site_name":"Italcaff\u00e8","article_modified_time":"2021-07-13T13:32:39+00:00","twitter_card":"summary_large_image","twitter_misc":{"Gesch\u00e4tzte Lesezeit":"5\u00a0Minuten"},"schema":{"@context":"https:\/\/schema.org","@graph":[{"@type":"WebPage","@id":"https:\/\/italcaffe.it\/de\/torrefazione\/","url":"https:\/\/italcaffe.it\/de\/torrefazione\/","name":"KAFFEER\u00d6STEREI - Italcaff\u00e8","isPartOf":{"@id":"https:\/\/italcaffe.it\/de\/#website"},"datePublished":"2020-12-02T20:14:33+00:00","dateModified":"2021-07-13T13:32:39+00:00","breadcrumb":{"@id":"https:\/\/italcaffe.it\/de\/torrefazione\/#breadcrumb"},"inLanguage":"de","potentialAction":[{"@type":"ReadAction","target":["https:\/\/italcaffe.it\/de\/torrefazione\/"]}]},{"@type":"BreadcrumbList","@id":"https:\/\/italcaffe.it\/de\/torrefazione\/#breadcrumb","itemListElement":[{"@type":"ListItem","position":1,"name":"Home","item":"https:\/\/italcaffe.it\/de\/"},{"@type":"ListItem","position":2,"name":"KAFFEER\u00d6STEREI"}]},{"@type":"WebSite","@id":"https:\/\/italcaffe.it\/de\/#website","url":"https:\/\/italcaffe.it\/de\/","name":"Italcaff\u00e8","description":"50 Anni insieme","potentialAction":[{"@type":"SearchAction","target":{"@type":"EntryPoint","urlTemplate":"https:\/\/italcaffe.it\/de\/?s={search_term_string}"},"query-input":{"@type":"PropertyValueSpecification","valueRequired":true,"valueName":"search_term_string"}}],"inLanguage":"de"}]}},"_links":{"self":[{"href":"https:\/\/italcaffe.it\/de\/wp-json\/wp\/v2\/pages\/26015","targetHints":{"allow":["GET"]}}],"collection":[{"href":"https:\/\/italcaffe.it\/de\/wp-json\/wp\/v2\/pages"}],"about":[{"href":"https:\/\/italcaffe.it\/de\/wp-json\/wp\/v2\/types\/page"}],"author":[{"embeddable":true,"href":"https:\/\/italcaffe.it\/de\/wp-json\/wp\/v2\/users\/1"}],"replies":[{"embeddable":true,"href":"https:\/\/italcaffe.it\/de\/wp-json\/wp\/v2\/comments?post=26015"}],"version-history":[{"count":0,"href":"https:\/\/italcaffe.it\/de\/wp-json\/wp\/v2\/pages\/26015\/revisions"}],"wp:attachment":[{"href":"https:\/\/italcaffe.it\/de\/wp-json\/wp\/v2\/media?parent=26015"}],"curies":[{"name":"wp","href":"https:\/\/api.w.org\/{rel}","templated":true}]}}