{"id":26029,"date":"2020-12-02T22:11:27","date_gmt":"2020-12-02T21:11:27","guid":{"rendered":"https:\/\/www.italcaffe.it\/?page_id=26029"},"modified":"2025-04-18T16:58:03","modified_gmt":"2025-04-18T15:58:03","slug":"menschen","status":"publish","type":"page","link":"https:\/\/italcaffe.it\/de\/menschen\/","title":{"rendered":"Menschen"},"content":{"rendered":"<div class=\"wpb-content-wrapper\"><p>[vc_row fullwidth=&#8221;yes&#8221; wrap=&#8221;yes&#8221; content_placement=&#8221;middle&#8221; disable_element=&#8221;yes&#8221; css=&#8221;.vc_custom_1744898574876{margin-top: 0px !important;margin-bottom: 0px !important;padding-top: 0px !important;padding-bottom: 0px !important;background-color: #f8f8fa !important;}&#8221;][vc_column css=&#8221;.vc_custom_1522771389256{margin-top: 0px !important;margin-bottom: 0px !important;padding-top: 0px !important;padding-bottom: 0px !important;}&#8221;][vc_single_image image=&#8221;25366&#8243; img_size=&#8221;full&#8221; alignment=&#8221;center&#8221;][\/vc_column][\/vc_row][vc_section css=&#8221;.vc_custom_1563553859552{padding-top: 35px !important;padding-bottom: 35px !important;}&#8221; el_class=&#8221;wrap-content-limit&#8221;][vc_row][vc_column css=&#8221;.vc_custom_1563554684427{padding-bottom: 20px !important;}&#8221;][vc_custom_heading text=&#8221;Eine einzigartige Mischung aus Leidenschaft und Erfahrung&#8221; font_container=&#8221;tag:h1|font_size:24px|text_align:center|color:%23000000|line_height:24px&#8221; use_theme_fonts=&#8221;yes&#8221; el_class=&#8221;text-uppercase&#8221;][vc_column_text css=&#8221;.vc_custom_1563555407650{padding-top: 20px !important;padding-bottom: 30px !important;}&#8221;]<img decoding=\"async\" class=\"img-fl-text\" src=\"\/wp-content\/uploads\/2019\/07\/lavoriamo-con-passione.jpg\" \/><\/p>\n<p class=\"text-montserrat text-left\">Italcaff\u00e8 ist eine <span class=\"text-red\">Kaffeer\u00f6sterei<\/span>, die 1969 in La Spezia gegr\u00fcndet wurde, inmitten eines wundersch\u00f6nen Gebiets, das seit jeher Reisende, Dichter und seit \u00fcber 50 Jahren auch uns inspiriert.<\/p>\n<p class=\"text-montserrat text-left\">Wir reisen um die Welt, um die besten Kaffeesorten zu entdecken und diese in unser Land und in unsere R\u00f6sterei zu bringen.<\/p>\n<p class=\"text-montserrat text-left\">Wir verarbeiten den Kaffee mit <span class=\"text-red\">Leidenschaft<\/span> und <span class=\"text-red\">K\u00f6nnen<\/span>, um Mischungen von unverwechselbarem Geschmack zu erhalten.<\/p>\n<p class=\"text-montserrat text-left\">Von Ligurien bis zur Versilia, zu Hause und im Caf\u00e9, haben wir uns immer darum bem\u00fcht, das Aroma des echten <span class=\"text-red\">italienischen Espressos<\/span> zu verbreiten.<\/p>\n<p>[\/vc_column_text][vc_column_text]<\/p>\n<h3 class=\"vc_custom_heading text-uppercase divider \" style=\"font-size: 24px; line-height: 24px; text-align: center;\">ENTWICKELTE UNSEREN TEAM<\/h3>\n<p>[\/vc_column_text][vc_column_text]<\/p>\n<p class=\"vc_custom_heading divider \" style=\"font-size: 16px; line-height: 24px; text-align: center;\">Hinten dem Geschmack unseres Kaffee, gibt es Leuten: Kaffee Experten, die jeden Tag aus Leidenschaft, Professionalit\u00e4t und Hingabe arbeiten, um einen speziellen aromatischen Kaffee und einen unvergesslichen Geschmack Lebenserfahrung zu bieten.<\/p>\n<p>[\/vc_column_text][\/vc_column][\/vc_row][\/vc_section][vc_section css=&#8221;.vc_custom_1601944018838{margin-top: 0px !important;padding-top: 0px !important;}&#8221; el_class=&#8221;wrap-content-limit&#8221;][vc_row fullwidth=&#8221;yes&#8221; wrap=&#8221;yes&#8221; el_class=&#8221;wpb_wrapper_hover&#8221;][vc_column width=&#8221;1\/2&#8243; el_class=&#8221;block-rel&#8221; offset=&#8221;vc_col-md-4&#8243;][vc_single_image image=&#8221;25484&#8243; img_size=&#8221;large&#8221; alignment=&#8221;center&#8221;][vc_single_image image=&#8221;25488&#8243; img_size=&#8221;large&#8221; alignment=&#8221;center&#8221; el_class=&#8221;hover&#8221;][vc_wp_text]<\/p>\n<h5>Remo Poli<\/h5>\n<h6>Esch\u00e4ftsf\u00fchrer<\/h6>\n<p>[\/vc_wp_text][\/vc_column][vc_column width=&#8221;1\/2&#8243; offset=&#8221;vc_col-md-4&#8243; el_class=&#8221;block-rel&#8221;][vc_single_image image=&#8221;25460&#8243; img_size=&#8221;large&#8221; alignment=&#8221;center&#8221;][vc_single_image image=&#8221;25464&#8243; img_size=&#8221;large&#8221; alignment=&#8221;center&#8221; el_class=&#8221;hover&#8221;][vc_wp_text]<\/p>\n<h5>Paolo Leporieri<\/h5>\n<h6>EXPORT &amp; ITALIE Verk\u00e4ufer<\/h6>\n<p>[\/vc_wp_text][\/vc_column][vc_column width=&#8221;1\/2&#8243; el_class=&#8221;block-rel&#8221; offset=&#8221;vc_col-md-4&#8243;][vc_single_image image=&#8221;25452&#8243; img_size=&#8221;large&#8221; alignment=&#8221;center&#8221;][vc_single_image image=&#8221;25456&#8243; img_size=&#8221;large&#8221; alignment=&#8221;center&#8221; el_class=&#8221;hover&#8221;][vc_wp_text]<\/p>\n<h5>Odile Dupe<\/h5>\n<h6>Administration \/ Export Manager f\u00fcr Frankreich<\/h6>\n<p>[\/vc_wp_text][\/vc_column][vc_column width=&#8221;1\/2&#8243; offset=&#8221;vc_col-md-4&#8243; el_class=&#8221;block-rel&#8221;][vc_single_image image=&#8221;25428&#8243; img_size=&#8221;large&#8221; alignment=&#8221;center&#8221;][vc_single_image image=&#8221;25432&#8243; img_size=&#8221;large&#8221; alignment=&#8221;center&#8221; el_class=&#8221;hover&#8221;][vc_wp_text]<\/p>\n<h5>Matteo Castigliano<\/h5>\n<h6>Administration Manager<\/h6>\n<p>[\/vc_wp_text][\/vc_column][vc_column width=&#8221;1\/2&#8243; el_class=&#8221;block-rel&#8221; offset=&#8221;vc_col-md-4&#8243;][vc_single_image image=&#8221;25376&#8243; img_size=&#8221;large&#8221; alignment=&#8221;center&#8221;][vc_single_image image=&#8221;25372&#8243; img_size=&#8221;large&#8221; alignment=&#8221;center&#8221; el_class=&#8221;hover&#8221;][vc_wp_text]<\/p>\n<h5>Andrea Bragone<\/h5>\n<h6>Italien Kaffeebar Verk\u00e4ufer<\/h6>\n<p>[\/vc_wp_text][\/vc_column][vc_column width=&#8221;1\/2&#8243; offset=&#8221;vc_col-md-4&#8243; el_class=&#8221;block-rel&#8221;][vc_single_image image=&#8221;25480&#8243; img_size=&#8221;large&#8221; alignment=&#8221;center&#8221;][vc_single_image image=&#8221;25476&#8243; img_size=&#8221;large&#8221; alignment=&#8221;center&#8221; el_class=&#8221;hover&#8221;][vc_wp_text]<\/p>\n<h5>Paolo Paoli<\/h5>\n<h6>Vertriebsleiter<\/h6>\n<p>[\/vc_wp_text][\/vc_column][vc_column width=&#8221;1\/2&#8243; offset=&#8221;vc_col-md-4&#8243; el_class=&#8221;block-rel&#8221;][vc_single_image image=&#8221;25380&#8243; img_size=&#8221;large&#8221; alignment=&#8221;center&#8221;][vc_single_image image=&#8221;25384&#8243; img_size=&#8221;large&#8221; alignment=&#8221;center&#8221; el_class=&#8221;hover&#8221;][vc_wp_text]<\/p>\n<h5>Federico Correrini<\/h5>\n<h6>Vertriebsleiter<\/h6>\n<p>[\/vc_wp_text][\/vc_column][vc_column width=&#8221;1\/2&#8243; offset=&#8221;vc_col-md-4&#8243; el_class=&#8221;block-rel&#8221;][vc_single_image image=&#8221;25492&#8243; img_size=&#8221;large&#8221; alignment=&#8221;center&#8221;][vc_single_image image=&#8221;25496&#8243; img_size=&#8221;large&#8221; alignment=&#8221;center&#8221; el_class=&#8221;hover&#8221;][vc_wp_text]<\/p>\n<h5>Stefano Pietrini<\/h5>\n<h6>Vertriebsleiter<\/h6>\n<p>[\/vc_wp_text][\/vc_column][vc_column width=&#8221;1\/2&#8243; offset=&#8221;vc_col-md-4&#8243; el_class=&#8221;block-rel&#8221;][vc_single_image image=&#8221;25388&#8243; img_size=&#8221;large&#8221; alignment=&#8221;center&#8221;][vc_single_image image=&#8221;25392&#8243; img_size=&#8221;large&#8221; alignment=&#8221;center&#8221; el_class=&#8221;hover&#8221;][vc_wp_text]<\/p>\n<h5>Giancarlo Mantero<\/h5>\n<h6>Vertriebsleiter<\/h6>\n<p>[\/vc_wp_text][\/vc_column][vc_column width=&#8221;1\/2&#8243; offset=&#8221;vc_col-md-4&#8243; el_class=&#8221;block-rel&#8221;][vc_single_image image=&#8221;25436&#8243; img_size=&#8221;large&#8221; alignment=&#8221;center&#8221;][vc_single_image image=&#8221;25440&#8243; img_size=&#8221;large&#8221; alignment=&#8221;center&#8221; el_class=&#8221;hover&#8221;][vc_wp_text]<\/p>\n<h5>Matteo Poli<\/h5>\n<h6>Vertriebsleiter<\/h6>\n<p>[\/vc_wp_text][\/vc_column][vc_column width=&#8221;1\/2&#8243; offset=&#8221;vc_col-md-4&#8243; el_class=&#8221;block-rel&#8221;][vc_single_image image=&#8221;25396&#8243; img_size=&#8221;large&#8221; alignment=&#8221;center&#8221;][vc_single_image image=&#8221;25400&#8243; img_size=&#8221;large&#8221; alignment=&#8221;center&#8221; el_class=&#8221;hover&#8221;][vc_wp_text]<\/p>\n<h5>Gianni Ferrari<\/h5>\n<h6>Vertriebsleiter<\/h6>\n<p>[\/vc_wp_text][\/vc_column][vc_column width=&#8221;1\/2&#8243; el_class=&#8221;block-rel&#8221; offset=&#8221;vc_col-md-4&#8243;][vc_single_image image=&#8221;25412&#8243; img_size=&#8221;large&#8221; alignment=&#8221;center&#8221;][vc_single_image image=&#8221;25416&#8243; img_size=&#8221;large&#8221; alignment=&#8221;center&#8221; el_class=&#8221;hover&#8221;][vc_wp_text]<\/p>\n<h5>Loris Novelli<\/h5>\n<h6>Produktionsmanager<\/h6>\n<p>[\/vc_wp_text][\/vc_column][vc_column width=&#8221;1\/2&#8243; offset=&#8221;vc_col-md-4&#8243; el_class=&#8221;block-rel&#8221;][vc_single_image image=&#8221;25420&#8243; img_size=&#8221;large&#8221; alignment=&#8221;center&#8221;][vc_single_image image=&#8221;25424&#8243; img_size=&#8221;large&#8221; alignment=&#8221;center&#8221; el_class=&#8221;hover&#8221;][vc_wp_text]<\/p>\n<h5>Massimo Gavaratti<\/h5>\n<h6>Produktionsmanager<\/h6>\n<p>[\/vc_wp_text][\/vc_column][vc_column width=&#8221;1\/2&#8243; offset=&#8221;vc_col-md-4&#8243; el_class=&#8221;block-rel&#8221;][vc_single_image image=&#8221;25444&#8243; img_size=&#8221;large&#8221; alignment=&#8221;center&#8221;][vc_single_image image=&#8221;25448&#8243; img_size=&#8221;large&#8221; alignment=&#8221;center&#8221; el_class=&#8221;hover&#8221;][vc_wp_text]<\/p>\n<h5>Nicola Rossi<\/h5>\n<h6>Produktionsmanager<\/h6>\n<p>[\/vc_wp_text][\/vc_column][vc_column width=&#8221;1\/2&#8243; offset=&#8221;vc_col-md-4 vc_col-sm-offset-0&#8243; el_class=&#8221;block-rel&#8221;][vc_single_image image=&#8221;25404&#8243; img_size=&#8221;large&#8221; alignment=&#8221;center&#8221;][vc_single_image image=&#8221;25408&#8243; img_size=&#8221;large&#8221; alignment=&#8221;center&#8221; el_class=&#8221;hover&#8221;][vc_wp_text]<\/p>\n<h5>Giorgio Poli<\/h5>\n<h6>Produktionsmanager<\/h6>\n<p>[\/vc_wp_text][\/vc_column][\/vc_row][\/vc_section][vc_row el_class=&#8221;wrap-content-limit&#8221;][vc_column][vc_column_text]<\/p>\n<h3 class=\"vc_custom_heading text-uppercase divider \" style=\"font-size: 24px; line-height: 24px; text-align: center;\">KONTAKTIEREN SIE UNS<\/h3>\n<p>[\/vc_column_text][vc_column_text]<\/p>\n<p class=\"vc_custom_heading \" style=\"font-size: 16px; line-height: 24px; text-align: center;\">Unsere Team hilft Ihnen gerne. Bitte geben Sie Ihre Kontaktdaten ein und sie werden Sie in K\u00fcrze kontaktieren<\/p>\n<p>[\/vc_column_text]\n<div class=\"wpcf7 no-js\" id=\"wpcf7-f25896-o1\" lang=\"en-US\" dir=\"ltr\" data-wpcf7-id=\"25896\">\n<div class=\"screen-reader-response\"><p role=\"status\" aria-live=\"polite\" aria-atomic=\"true\"><\/p> <ul><\/ul><\/div>\n<form action=\"\/de\/wp-json\/wp\/v2\/pages\/26029#wpcf7-f25896-o1\" method=\"post\" class=\"wpcf7-form init\" aria-label=\"Contact form\" novalidate=\"novalidate\" data-status=\"init\">\n<fieldset class=\"hidden-fields-container\"><input type=\"hidden\" name=\"_wpcf7\" value=\"25896\" \/><input type=\"hidden\" name=\"_wpcf7_version\" value=\"6.1.5\" \/><input type=\"hidden\" name=\"_wpcf7_locale\" value=\"en_US\" \/><input type=\"hidden\" name=\"_wpcf7_unit_tag\" value=\"wpcf7-f25896-o1\" \/><input type=\"hidden\" name=\"_wpcf7_container_post\" value=\"0\" \/><input type=\"hidden\" name=\"_wpcf7_posted_data_hash\" value=\"\" \/>\n<\/fieldset>\n<div class=\"jas-container\">\n\t<div class=\"vc_col-sm-6 vc_col-md-4\">\n\t\t<p><span class=\"wpcf7-form-control-wrap\" data-name=\"your-name\"><input size=\"40\" maxlength=\"400\" class=\"wpcf7-form-control wpcf7-text wpcf7-validates-as-required\" aria-required=\"true\" aria-invalid=\"false\" placeholder=\"Name\" value=\"\" type=\"text\" name=\"your-name\" \/><\/span>\n\t\t<\/p>\n\t<\/div>\n\t<div class=\"vc_col-sm-6 vc_col-md-4\">\n\t\t<p><span class=\"wpcf7-form-control-wrap\" data-name=\"your-lname\"><input size=\"40\" maxlength=\"400\" class=\"wpcf7-form-control wpcf7-text wpcf7-validates-as-required\" aria-required=\"true\" aria-invalid=\"false\" placeholder=\"Vorname\" value=\"\" type=\"text\" name=\"your-lname\" \/><\/span>\n\t\t<\/p>\n\t<\/div>\n\t<div class=\"vc_col-sm-6 vc_col-md-4\">\n\t\t<p><span class=\"wpcf7-form-control-wrap\" data-name=\"mc4wp-EMAIL\"><input size=\"40\" maxlength=\"400\" class=\"wpcf7-form-control wpcf7-email wpcf7-validates-as-required wpcf7-text wpcf7-validates-as-email\" id=\"name\" aria-required=\"true\" aria-invalid=\"false\" placeholder=\"Email\" value=\"\" type=\"email\" name=\"mc4wp-EMAIL\" \/><\/span>\n\t\t<\/p>\n\t<\/div>\n<\/div>\n<div class=\"jas-container\">\n\t<div class=\"vc_col-sm-12 vc_col-md-12\">\n\t\t<p><span class=\"wpcf7-form-control-wrap\" data-name=\"your-message\"><textarea cols=\"40\" rows=\"10\" maxlength=\"2000\" class=\"wpcf7-form-control wpcf7-textarea wpcf7-validates-as-required\" aria-required=\"true\" aria-invalid=\"false\" placeholder=\"Ihre Nachricht\" name=\"your-message\"><\/textarea><\/span><span id=\"wpcf7-69e6d6869b8a2-wrapper\" class=\"wpcf7-form-control-wrap email-alt-wrap\" style=\"display:none !important; visibility:hidden !important;\"><label for=\"email-alt\" class=\"hp-message\">Please leave this field empty.<\/label><input id=\"email-alt\"  class=\"wpcf7-form-control wpcf7-text\" type=\"text\" name=\"email-alt\" value=\"\" size=\"40\" tabindex=\"-1\" autocomplete=\"new-password\" \/><\/span>\n\t\t<\/p>\n\t<\/div>\n\t<div style=\"display:none\" class=\"vc_col-sm-12 vc_col-md-12\">\n\t\t<p><span class=\"wpcf7-form-control-wrap\" data-name=\"term-policy\"><span class=\"wpcf7-form-control wpcf7-checkbox wpcf7-validates-as-required\"><span class=\"wpcf7-list-item first last\"><input type=\"checkbox\" name=\"term-policy[]\" value=\"Ich habe die Hinweise zum Datenschutz gelesen und akzeptiere diese.\" \/><span class=\"wpcf7-list-item-label\">Ich habe die Hinweise zum Datenschutz gelesen und akzeptiere diese.<\/span><\/span><\/span><\/span>\n\t\t<\/p>\n\t<\/div>\n<\/div>\n<div class=\"jas-container\">\n\t<div class=\"vc_col-sm-6\">\n\t\t<p><small><br \/>\n<span class=\"wpcf7-form-control-wrap\" data-name=\"term-policy\"><span class=\"wpcf7-form-control wpcf7-checkbox wpcf7-validates-as-required\"><span class=\"wpcf7-list-item first last\"><input type=\"checkbox\" name=\"term-policy[]\" value=\"Ich habe die Hinweise zum Datenschutz gelesen und akzeptiere diese.\" \/><span class=\"wpcf7-list-item-label\">Ich habe die Hinweise zum Datenschutz gelesen und akzeptiere diese.<\/span><\/span><\/span><\/span><br \/>\n<\/small>\n\t\t<\/p>\n\t<\/div>\n\t<div class=\"vc_col-sm-6 text-right\">\n\t\t<p ><input class=\"wpcf7-form-control wpcf7-submit has-spinner vc_btn3 vc_btn3-color-danger\" type=\"submit\" value=\"Schickt\" \/>\n\t\t<\/p>\n\t<\/div>\n<\/div>\n\n\n<input type='hidden' class='wpcf7-pum' value='{\"closepopup\":false,\"closedelay\":0,\"openpopup\":false,\"openpopup_id\":0}' \/><div class=\"wpcf7-response-output\" aria-hidden=\"true\"><\/div>\n<\/form>\n<\/div>\n[\/vc_column][\/vc_row]<\/p>\n<\/div>","protected":false},"excerpt":{"rendered":"<p>[vc_row fullwidth=&#8221;yes&#8221; wrap=&#8221;yes&#8221; content_placement=&#8221;middle&#8221; disable_element=&#8221;yes&#8221; css=&#8221;.vc_custom_1744898574876{margin-top: 0px !important;margin-bottom: 0px !important;padding-top: 0px !important;padding-bottom: 0px !important;background-color: #f8f8fa !important;}&#8221;][vc_column css=&#8221;.vc_custom_1522771389256{margin-top: 0px !important;margin-bottom: 0px !important;padding-top: 0px !important;padding-bottom: 0px !important;}&#8221;][vc_single_image image=&#8221;25366&#8243; img_size=&#8221;full&#8221; alignment=&#8221;center&#8221;][\/vc_column][\/vc_row][vc_section css=&#8221;.vc_custom_1563553859552{padding-top: 35px !important;padding-bottom: 35px !important;}&#8221; el_class=&#8221;wrap-content-limit&#8221;][vc_row][vc_column css=&#8221;.vc_custom_1563554684427{padding-bottom: 20px !important;}&#8221;][vc_custom_heading text=&#8221;Eine einzigartige Mischung aus Leidenschaft und Erfahrung&#8221; font_container=&#8221;tag:h1|font_size:24px|text_align:center|color:%23000000|line_height:24px&#8221; use_theme_fonts=&#8221;yes&#8221; el_class=&#8221;text-uppercase&#8221;][vc_column_text css=&#8221;.vc_custom_1563555407650{padding-top: 20px !important;padding-bottom: 30px !important;}&#8221;] Italcaff\u00e8 ist eine [&hellip;]<\/p>\n","protected":false},"author":1,"featured_media":0,"parent":0,"menu_order":0,"comment_status":"closed","ping_status":"closed","template":"","meta":{"_acf_changed":false,"footnotes":""},"class_list":["post-26029","page","type-page","status-publish","hentry"],"acf":[],"yoast_head":"<!-- This site is optimized with the Yoast SEO plugin v27.0 - https:\/\/yoast.com\/product\/yoast-seo-wordpress\/ -->\n<title>Menschen - Italcaff\u00e8<\/title>\n<meta name=\"robots\" content=\"index, follow, max-snippet:-1, max-image-preview:large, max-video-preview:-1\" \/>\n<link rel=\"canonical\" href=\"https:\/\/italcaffe.it\/de\/menschen\/\" \/>\n<meta property=\"og:locale\" content=\"de_DE\" \/>\n<meta property=\"og:type\" content=\"article\" \/>\n<meta property=\"og:title\" content=\"Menschen - Italcaff\u00e8\" \/>\n<meta property=\"og:description\" content=\"[vc_row fullwidth=&#8221;yes&#8221; wrap=&#8221;yes&#8221; content_placement=&#8221;middle&#8221; disable_element=&#8221;yes&#8221; css=&#8221;.vc_custom_1744898574876{margin-top: 0px !important;margin-bottom: 0px !important;padding-top: 0px !important;padding-bottom: 0px !important;background-color: #f8f8fa !important;}&#8221;][vc_column css=&#8221;.vc_custom_1522771389256{margin-top: 0px !important;margin-bottom: 0px !important;padding-top: 0px !important;padding-bottom: 0px !important;}&#8221;][vc_single_image image=&#8221;25366&#8243; img_size=&#8221;full&#8221; alignment=&#8221;center&#8221;][\/vc_column][\/vc_row][vc_section css=&#8221;.vc_custom_1563553859552{padding-top: 35px !important;padding-bottom: 35px !important;}&#8221; el_class=&#8221;wrap-content-limit&#8221;][vc_row][vc_column css=&#8221;.vc_custom_1563554684427{padding-bottom: 20px !important;}&#8221;][vc_custom_heading text=&#8221;Eine einzigartige Mischung aus Leidenschaft und Erfahrung&#8221; font_container=&#8221;tag:h1|font_size:24px|text_align:center|color:%23000000|line_height:24px&#8221; use_theme_fonts=&#8221;yes&#8221; el_class=&#8221;text-uppercase&#8221;][vc_column_text css=&#8221;.vc_custom_1563555407650{padding-top: 20px !important;padding-bottom: 30px !important;}&#8221;] Italcaff\u00e8 ist eine [&hellip;]\" \/>\n<meta property=\"og:url\" content=\"https:\/\/italcaffe.it\/de\/menschen\/\" \/>\n<meta property=\"og:site_name\" content=\"Italcaff\u00e8\" \/>\n<meta property=\"article:modified_time\" content=\"2025-04-18T15:58:03+00:00\" \/>\n<meta name=\"twitter:card\" content=\"summary_large_image\" \/>\n<meta name=\"twitter:label1\" content=\"Gesch\u00e4tzte Lesezeit\" \/>\n\t<meta name=\"twitter:data1\" content=\"3\u00a0Minuten\" \/>\n<script type=\"application\/ld+json\" class=\"yoast-schema-graph\">{\"@context\":\"https:\/\/schema.org\",\"@graph\":[{\"@type\":\"WebPage\",\"@id\":\"https:\/\/italcaffe.it\/de\/menschen\/\",\"url\":\"https:\/\/italcaffe.it\/de\/menschen\/\",\"name\":\"Menschen - Italcaff\u00e8\",\"isPartOf\":{\"@id\":\"https:\/\/italcaffe.it\/de\/#website\"},\"datePublished\":\"2020-12-02T21:11:27+00:00\",\"dateModified\":\"2025-04-18T15:58:03+00:00\",\"breadcrumb\":{\"@id\":\"https:\/\/italcaffe.it\/de\/menschen\/#breadcrumb\"},\"inLanguage\":\"de\",\"potentialAction\":[{\"@type\":\"ReadAction\",\"target\":[\"https:\/\/italcaffe.it\/de\/menschen\/\"]}]},{\"@type\":\"BreadcrumbList\",\"@id\":\"https:\/\/italcaffe.it\/de\/menschen\/#breadcrumb\",\"itemListElement\":[{\"@type\":\"ListItem\",\"position\":1,\"name\":\"Home\",\"item\":\"https:\/\/italcaffe.it\/de\/\"},{\"@type\":\"ListItem\",\"position\":2,\"name\":\"Menschen\"}]},{\"@type\":\"WebSite\",\"@id\":\"https:\/\/italcaffe.it\/de\/#website\",\"url\":\"https:\/\/italcaffe.it\/de\/\",\"name\":\"Italcaff\u00e8\",\"description\":\"50 Anni insieme\",\"potentialAction\":[{\"@type\":\"SearchAction\",\"target\":{\"@type\":\"EntryPoint\",\"urlTemplate\":\"https:\/\/italcaffe.it\/de\/?s={search_term_string}\"},\"query-input\":{\"@type\":\"PropertyValueSpecification\",\"valueRequired\":true,\"valueName\":\"search_term_string\"}}],\"inLanguage\":\"de\"}]}<\/script>\n<!-- \/ Yoast SEO plugin. -->","yoast_head_json":{"title":"Menschen - Italcaff\u00e8","robots":{"index":"index","follow":"follow","max-snippet":"max-snippet:-1","max-image-preview":"max-image-preview:large","max-video-preview":"max-video-preview:-1"},"canonical":"https:\/\/italcaffe.it\/de\/menschen\/","og_locale":"de_DE","og_type":"article","og_title":"Menschen - Italcaff\u00e8","og_description":"[vc_row fullwidth=&#8221;yes&#8221; wrap=&#8221;yes&#8221; content_placement=&#8221;middle&#8221; disable_element=&#8221;yes&#8221; css=&#8221;.vc_custom_1744898574876{margin-top: 0px !important;margin-bottom: 0px !important;padding-top: 0px !important;padding-bottom: 0px !important;background-color: #f8f8fa !important;}&#8221;][vc_column css=&#8221;.vc_custom_1522771389256{margin-top: 0px !important;margin-bottom: 0px !important;padding-top: 0px !important;padding-bottom: 0px !important;}&#8221;][vc_single_image image=&#8221;25366&#8243; img_size=&#8221;full&#8221; alignment=&#8221;center&#8221;][\/vc_column][\/vc_row][vc_section css=&#8221;.vc_custom_1563553859552{padding-top: 35px !important;padding-bottom: 35px !important;}&#8221; el_class=&#8221;wrap-content-limit&#8221;][vc_row][vc_column css=&#8221;.vc_custom_1563554684427{padding-bottom: 20px !important;}&#8221;][vc_custom_heading text=&#8221;Eine einzigartige Mischung aus Leidenschaft und Erfahrung&#8221; font_container=&#8221;tag:h1|font_size:24px|text_align:center|color:%23000000|line_height:24px&#8221; use_theme_fonts=&#8221;yes&#8221; el_class=&#8221;text-uppercase&#8221;][vc_column_text css=&#8221;.vc_custom_1563555407650{padding-top: 20px !important;padding-bottom: 30px !important;}&#8221;] Italcaff\u00e8 ist eine [&hellip;]","og_url":"https:\/\/italcaffe.it\/de\/menschen\/","og_site_name":"Italcaff\u00e8","article_modified_time":"2025-04-18T15:58:03+00:00","twitter_card":"summary_large_image","twitter_misc":{"Gesch\u00e4tzte Lesezeit":"3\u00a0Minuten"},"schema":{"@context":"https:\/\/schema.org","@graph":[{"@type":"WebPage","@id":"https:\/\/italcaffe.it\/de\/menschen\/","url":"https:\/\/italcaffe.it\/de\/menschen\/","name":"Menschen - Italcaff\u00e8","isPartOf":{"@id":"https:\/\/italcaffe.it\/de\/#website"},"datePublished":"2020-12-02T21:11:27+00:00","dateModified":"2025-04-18T15:58:03+00:00","breadcrumb":{"@id":"https:\/\/italcaffe.it\/de\/menschen\/#breadcrumb"},"inLanguage":"de","potentialAction":[{"@type":"ReadAction","target":["https:\/\/italcaffe.it\/de\/menschen\/"]}]},{"@type":"BreadcrumbList","@id":"https:\/\/italcaffe.it\/de\/menschen\/#breadcrumb","itemListElement":[{"@type":"ListItem","position":1,"name":"Home","item":"https:\/\/italcaffe.it\/de\/"},{"@type":"ListItem","position":2,"name":"Menschen"}]},{"@type":"WebSite","@id":"https:\/\/italcaffe.it\/de\/#website","url":"https:\/\/italcaffe.it\/de\/","name":"Italcaff\u00e8","description":"50 Anni insieme","potentialAction":[{"@type":"SearchAction","target":{"@type":"EntryPoint","urlTemplate":"https:\/\/italcaffe.it\/de\/?s={search_term_string}"},"query-input":{"@type":"PropertyValueSpecification","valueRequired":true,"valueName":"search_term_string"}}],"inLanguage":"de"}]}},"_links":{"self":[{"href":"https:\/\/italcaffe.it\/de\/wp-json\/wp\/v2\/pages\/26029","targetHints":{"allow":["GET"]}}],"collection":[{"href":"https:\/\/italcaffe.it\/de\/wp-json\/wp\/v2\/pages"}],"about":[{"href":"https:\/\/italcaffe.it\/de\/wp-json\/wp\/v2\/types\/page"}],"author":[{"embeddable":true,"href":"https:\/\/italcaffe.it\/de\/wp-json\/wp\/v2\/users\/1"}],"replies":[{"embeddable":true,"href":"https:\/\/italcaffe.it\/de\/wp-json\/wp\/v2\/comments?post=26029"}],"version-history":[{"count":0,"href":"https:\/\/italcaffe.it\/de\/wp-json\/wp\/v2\/pages\/26029\/revisions"}],"wp:attachment":[{"href":"https:\/\/italcaffe.it\/de\/wp-json\/wp\/v2\/media?parent=26029"}],"curies":[{"name":"wp","href":"https:\/\/api.w.org\/{rel}","templated":true}]}}