{"id":7585,"date":"2019-09-19T13:57:29","date_gmt":"2019-09-19T12:57:29","guid":{"rendered":"https:\/\/www.italcaffe.it\/geschichte\/"},"modified":"2021-07-13T14:30:06","modified_gmt":"2021-07-13T13:30:06","slug":"geschichte","status":"publish","type":"page","link":"https:\/\/italcaffe.it\/de\/geschichte\/","title":{"rendered":"Geschichte"},"content":{"rendered":"<div class=\"wpb-content-wrapper\"><p>[vc_row fullwidth=&#8221;yes&#8221; wrap=&#8221;yes&#8221; content_placement=&#8221;middle&#8221; css=&#8221;.vc_custom_1558709024464{margin-top: 0px !important;margin-bottom: 0px !important;padding-top: 0px !important;padding-bottom: 0px !important;background-color: #f8f8fa !important;}&#8221;][vc_column css=&#8221;.vc_custom_1522771389256{margin-top: 0px !important;margin-bottom: 0px !important;padding-top: 0px !important;padding-bottom: 0px !important;}&#8221;]<div id=\"metaslider-id-6359\" style=\"width: 100%; margin: 0 auto;\" class=\"ml-slider-3-105-0 metaslider metaslider-flex metaslider-6359 ml-slider has-dots-nav ms-theme-default\" role=\"region\" aria-label=\"Storia\" data-height=\"763\" data-width=\"1920\">\n    <div id=\"metaslider_container_6359\">\n        <div id=\"metaslider_6359\">\n            <ul class='slides'>\n                <li style=\"display: block; width: 100%;\" class=\"slide-6361 ms-image \" aria-roledescription=\"slide\" data-date=\"2019-07-12 09:37:12\" data-filename=\"italcaffe_storia.jpg\" data-slide-type=\"image\"><img loading=\"lazy\" decoding=\"async\" src=\"https:\/\/italcaffe.it\/wp-content\/uploads\/2019\/07\/italcaffe_storia.jpg\" height=\"763\" width=\"1920\" alt=\"Immagine storica italcaff\u00e8\" class=\"slider-6359 slide-6361 msDefaultImage\" title=\"Immagine storica italcaff\u00e8\" \/><\/li>\n            <\/ul>\n        <\/div>\n        \n    <\/div>\n<\/div>[\/vc_column][\/vc_row][vc_section][vc_row css=&#8221;.vc_custom_1562921539110{margin-top: 20px !important;margin-bottom: 20px !important;padding-top: 5px !important;padding-right: 50px !important;padding-bottom: 30px !important;padding-left: 50px !important;}&#8221; el_class=&#8221;wrap-content-limit&#8221;][vc_column css=&#8221;.vc_custom_1563272491602{padding-top: 20px !important;}&#8221;][vc_custom_heading divider=&#8221;yes&#8221; text=&#8221;Die R\u00f6stung unseres Kaffees in mehr als 50 Jahren Geschichte&#8221; font_container=&#8221;tag:h1|font_size:24|text_align:center|line_height:24px&#8221; use_theme_fonts=&#8221;yes&#8221; css_animation=&#8221;none&#8221; separator=&#8221;yes&#8221; el_class=&#8221;text-uppercase&#8221;][vc_column_text css=&#8221;.vc_custom_1568975572381{padding-top: 30px !important;}&#8221;]<img decoding=\"async\" class=\"img-fr-text\" src=\"\/wp-content\/uploads\/2019\/07\/migliori-caffe-del-mondo.jpg\" \/><\/p>\n<p class=\"text-montserrat text-left\">Seit 1969 ist Italcaff\u00e8 der Kaffee unserer Heimat.<\/p>\n<p class=\"text-montserrat text-left\">Die Geschichte des Unternehmens beginnt in <span class=\"text-red\">La Spezia<\/span> vor mehr als 50 Jahren, als <span class=\"text-red\">Ennio Poli<\/span> beschlie\u00dft, sein Lebensmittelgesch\u00e4ft in eine Kaffeer\u00f6sterei umzubauen.<\/p>\n<p class=\"text-montserrat text-left\">Sein Ziel war es, die <span class=\"text-red\">besten Kaffeesorten der Welt auszuw\u00e4hlen<\/span>, sie in seine Heimat zu bringen und mit Leidenschaft zu verarbeiten, um seinen Kunden das Aroma des echten italienischen Espressos anzubieten.<\/p>\n<p class=\"text-montserrat text-left\">Diese Leidenschaft wird auch heute noch von seinen Kindern weitergef\u00fchrt, die anl\u00e4sslich des <span class=\"text-red\">f\u00fcnfzigj\u00e4hrigen Bestehens<\/span> von Italcaff\u00e8 beschlossen haben &#8211; inspiriert von der Sch\u00f6nheit des Landes, das sie umgibt -, ihr Logo zu erneuern.<\/p>\n<p class=\"text-montserrat text-left\">Tigullio (Tigullien), Cinque Terre, Golfo dei Poeti (Golf der Dichter), Lunigiana, Apuanische Alpen und Versilia. Seit mehr als 50 Jahren bringen wir das <span class=\"text-red\">Aroma<\/span> der weltweit besten Kaffeesorten in unsere wundersch\u00f6ne Heimat.<\/p>\n<p>[\/vc_column_text][\/vc_column][\/vc_row][\/vc_section][vc_section][vc_row css=&#8221;.vc_custom_1562921539110{margin-top: 20px !important;margin-bottom: 20px !important;padding-top: 5px !important;padding-right: 50px !important;padding-bottom: 30px !important;padding-left: 50px !important;}&#8221; el_class=&#8221;wrap-content-limit&#8221;][vc_column][vc_custom_heading divider=&#8221;yes&#8221; text=&#8221;Vom Lebensmittelladen zum Kaffeer\u00f6ster&#8221; font_container=&#8221;tag:h2|font_size:24|text_align:center|line_height:24px&#8221; use_theme_fonts=&#8221;yes&#8221; css_animation=&#8221;none&#8221; separator=&#8221;yes&#8221; el_class=&#8221;text-uppercase&#8221;][\/vc_column][\/vc_row][vc_row equal_height=&#8221;yes&#8221; content_placement=&#8221;middle&#8221; el_class=&#8221;box-point-wrap&#8221;][vc_column width=&#8221;1\/2&#8243; el_class=&#8221;box-storia-inner&#8221;][vc_single_image image=&#8221;7454&#8243; img_size=&#8221;full&#8221; alignment=&#8221;right&#8221;][\/vc_column][vc_column width=&#8221;1\/2&#8243; el_class=&#8221;storia-box-dx storia-box-1969&#8243;][vc_custom_heading text=&#8221;Gr\u00fcndung von Italcaff\u00e8&#8221; font_container=&#8221;tag:h3|text_align:left&#8221; use_theme_fonts=&#8221;yes&#8221; el_class=&#8221;text-uppercase text-red&#8221;][vc_column_text]<\/p>\n<p class=\"text-montserrat text-left\">Ennio Poli verwandelt sein in La Spezia gelegenes Lebensmittelgesch\u00e4ft in eine Kaffeer\u00f6sterei.<\/p>\n<p>[\/vc_column_text][\/vc_column][\/vc_row][vc_row equal_height=&#8221;yes&#8221; content_placement=&#8221;middle&#8221; el_class=&#8221;box-point-wrap&#8221;][vc_column width=&#8221;1\/2&#8243; el_class=&#8221;storia-box-sx storia-box-1975 text-right&#8221;][vc_custom_heading text=&#8221;ERSTE ERNEUERUNG DES LOGOS&#8221; font_container=&#8221;tag:h3|text_align:right&#8221; use_theme_fonts=&#8221;yes&#8221; el_class=&#8221;text-uppercase text-red&#8221;][vc_column_text el_class=&#8221;text-right&#8221;]<\/p>\n<p class=\"text-montserrat text-right\">Italcaff\u00e8 expandiert weiter und investiert in sein Erscheinungsbild mit einer ersten Verpackungs\u00e4nderung.<\/p>\n<p>[\/vc_column_text][\/vc_column][vc_column width=&#8221;1\/2&#8243; el_class=&#8221;box-storia-inner&#8221;][vc_single_image image=&#8221;7452&#8243; img_size=&#8221;full&#8221;][\/vc_column][\/vc_row][vc_row equal_height=&#8221;yes&#8221; content_placement=&#8221;middle&#8221; el_class=&#8221;box-point-wrap&#8221;][vc_column width=&#8221;1\/2&#8243; el_class=&#8221;box-storia-inner&#8221;][vc_single_image image=&#8221;7458&#8243; img_size=&#8221;full&#8221; alignment=&#8221;right&#8221;][\/vc_column][vc_column width=&#8221;1\/2&#8243; el_class=&#8221;storia-box-dx storia-box-1984&#8243;][vc_custom_heading text=&#8221;Einf\u00fchrung des aktuellen Markenzeichens&#8221; font_container=&#8221;tag:h3|text_align:left&#8221; use_theme_fonts=&#8221;yes&#8221; el_class=&#8221;text-uppercase text-red&#8221;][vc_column_text]<\/p>\n<p class=\"text-montserrat text-left\">Nach dem Bau der zweiten Fertigungshalle f\u00fchrt Italcaff\u00e8 das bis heute verwendete Markenzeichen ein und setzt das grafische Element der Tasse mit Rauch ein.<\/p>\n<p>[\/vc_column_text][\/vc_column][\/vc_row][vc_row equal_height=&#8221;yes&#8221; content_placement=&#8221;middle&#8221; el_class=&#8221;box-point-wrap&#8221;][vc_column width=&#8221;1\/2&#8243; el_class=&#8221;storia-box-sx storia-box-1991 text-right&#8221;][vc_custom_heading text=&#8221;DIE KAFFEEBOHNE&#8221; font_container=&#8221;tag:h3|text_align:right&#8221; use_theme_fonts=&#8221;yes&#8221; el_class=&#8221;text-uppercase text-red&#8221;][vc_column_text el_class=&#8221;text-right&#8221;]<\/p>\n<p class=\"text-montserrat text-right\">Dem Logo wird auch die Kaffeebohne hinzugef\u00fcgt, ein Symbol f\u00fcr die Qualit\u00e4t, die Italcaff\u00e8 heute auszeichnet.<\/p>\n<p>[\/vc_column_text][\/vc_column][vc_column width=&#8221;1\/2&#8243; el_class=&#8221;box-storia-inner&#8221;][vc_single_image image=&#8221;7456&#8243; img_size=&#8221;full&#8221;][\/vc_column][\/vc_row][vc_row equal_height=&#8221;yes&#8221; content_placement=&#8221;middle&#8221; el_class=&#8221;box-point-wrap&#8221;][vc_column width=&#8221;1\/2&#8243; el_class=&#8221;box-storia-inner&#8221;][vc_single_image image=&#8221;7450&#8243; img_size=&#8221;full&#8221; alignment=&#8221;right&#8221;][\/vc_column][vc_column width=&#8221;1\/2&#8243; el_class=&#8221;storia-box-dx storia-box-2009&#8243;][vc_custom_heading text=&#8221;DIE FARBEN&#8221; font_container=&#8221;tag:h3|text_align:left&#8221; use_theme_fonts=&#8221;yes&#8221; el_class=&#8221;text-uppercase text-red&#8221;][vc_column_text]<\/p>\n<p class=\"text-montserrat text-left\">Italcaff\u00e8 f\u00fchrt Rot und Schwarz als Haupt-Kommunikationsfarben ein. Bei den Verpackungen zeichnet sich jede Produktqualit\u00e4t durch eine andere Farbe aus.<\/p>\n<p>[\/vc_column_text][\/vc_column][\/vc_row][\/vc_section][vc_section css=&#8221;.vc_custom_1562339723199{margin-top: 0px !important;padding-top: 0px !important;}&#8221;][vc_row][vc_column][vc_raw_html]PGRpdiBjbGFzcz0ibGluZSI+PC9kaXY+[\/vc_raw_html][\/vc_column][\/vc_row][\/vc_section]<\/p>\n<\/div>","protected":false},"excerpt":{"rendered":"<p>[vc_row fullwidth=&#8221;yes&#8221; wrap=&#8221;yes&#8221; content_placement=&#8221;middle&#8221; css=&#8221;.vc_custom_1558709024464{margin-top: 0px !important;margin-bottom: 0px !important;padding-top: 0px !important;padding-bottom: 0px !important;background-color: #f8f8fa !important;}&#8221;][vc_column css=&#8221;.vc_custom_1522771389256{margin-top: 0px !important;margin-bottom: 0px !important;padding-top: 0px !important;padding-bottom: 0px !important;}&#8221;][\/vc_column][\/vc_row][vc_section][vc_row css=&#8221;.vc_custom_1562921539110{margin-top: 20px !important;margin-bottom: 20px !important;padding-top: 5px !important;padding-right: 50px !important;padding-bottom: 30px !important;padding-left: 50px !important;}&#8221; el_class=&#8221;wrap-content-limit&#8221;][vc_column css=&#8221;.vc_custom_1563272491602{padding-top: 20px !important;}&#8221;][vc_custom_heading divider=&#8221;yes&#8221; text=&#8221;Die R\u00f6stung unseres Kaffees in mehr als 50 Jahren Geschichte&#8221; font_container=&#8221;tag:h1|font_size:24|text_align:center|line_height:24px&#8221; use_theme_fonts=&#8221;yes&#8221; css_animation=&#8221;none&#8221; [&hellip;]<\/p>\n","protected":false},"author":1,"featured_media":0,"parent":0,"menu_order":0,"comment_status":"closed","ping_status":"closed","template":"","meta":{"_acf_changed":false,"footnotes":""},"class_list":["post-7585","page","type-page","status-publish","hentry"],"acf":[],"yoast_head":"<!-- This site is optimized with the Yoast SEO plugin v27.0 - https:\/\/yoast.com\/product\/yoast-seo-wordpress\/ -->\n<title>Kaffeer\u00f6sterei seit \u00fcber 50 Jahren | Unsere Geschichte<\/title>\n<meta name=\"description\" content=\"Die Geschichte von Italcaff\u00e8 beginnt 1969 in La Spezia, als Ennio Poli beschlie\u00dft, sein Lebensmittelgesch\u00e4ft in eine Kaffeer\u00f6sterei umzubauen.\" \/>\n<meta name=\"robots\" content=\"index, follow, max-snippet:-1, max-image-preview:large, max-video-preview:-1\" \/>\n<link rel=\"canonical\" href=\"https:\/\/italcaffe.it\/de\/geschichte\/\" \/>\n<meta property=\"og:locale\" content=\"de_DE\" \/>\n<meta property=\"og:type\" content=\"article\" \/>\n<meta property=\"og:title\" content=\"Kaffeer\u00f6sterei seit \u00fcber 50 Jahren | Unsere Geschichte\" \/>\n<meta property=\"og:description\" content=\"Die Geschichte von Italcaff\u00e8 beginnt 1969 in La Spezia, als Ennio Poli beschlie\u00dft, sein Lebensmittelgesch\u00e4ft in eine Kaffeer\u00f6sterei umzubauen.\" \/>\n<meta property=\"og:url\" content=\"https:\/\/italcaffe.it\/de\/geschichte\/\" \/>\n<meta property=\"og:site_name\" content=\"Italcaff\u00e8\" \/>\n<meta property=\"article:modified_time\" content=\"2021-07-13T13:30:06+00:00\" \/>\n<meta name=\"twitter:card\" content=\"summary_large_image\" \/>\n<meta name=\"twitter:label1\" content=\"Gesch\u00e4tzte Lesezeit\" \/>\n\t<meta name=\"twitter:data1\" content=\"4\u00a0Minuten\" \/>\n<script type=\"application\/ld+json\" class=\"yoast-schema-graph\">{\"@context\":\"https:\/\/schema.org\",\"@graph\":[{\"@type\":\"WebPage\",\"@id\":\"https:\/\/italcaffe.it\/de\/geschichte\/\",\"url\":\"https:\/\/italcaffe.it\/de\/geschichte\/\",\"name\":\"Kaffeer\u00f6sterei seit \u00fcber 50 Jahren | Unsere Geschichte\",\"isPartOf\":{\"@id\":\"https:\/\/italcaffe.it\/de\/#website\"},\"datePublished\":\"2019-09-19T12:57:29+00:00\",\"dateModified\":\"2021-07-13T13:30:06+00:00\",\"description\":\"Die Geschichte von Italcaff\u00e8 beginnt 1969 in La Spezia, als Ennio Poli beschlie\u00dft, sein Lebensmittelgesch\u00e4ft in eine Kaffeer\u00f6sterei umzubauen.\",\"breadcrumb\":{\"@id\":\"https:\/\/italcaffe.it\/de\/geschichte\/#breadcrumb\"},\"inLanguage\":\"de\",\"potentialAction\":[{\"@type\":\"ReadAction\",\"target\":[\"https:\/\/italcaffe.it\/de\/geschichte\/\"]}]},{\"@type\":\"BreadcrumbList\",\"@id\":\"https:\/\/italcaffe.it\/de\/geschichte\/#breadcrumb\",\"itemListElement\":[{\"@type\":\"ListItem\",\"position\":1,\"name\":\"Home\",\"item\":\"https:\/\/italcaffe.it\/de\/\"},{\"@type\":\"ListItem\",\"position\":2,\"name\":\"Geschichte\"}]},{\"@type\":\"WebSite\",\"@id\":\"https:\/\/italcaffe.it\/de\/#website\",\"url\":\"https:\/\/italcaffe.it\/de\/\",\"name\":\"Italcaff\u00e8\",\"description\":\"50 Anni insieme\",\"potentialAction\":[{\"@type\":\"SearchAction\",\"target\":{\"@type\":\"EntryPoint\",\"urlTemplate\":\"https:\/\/italcaffe.it\/de\/?s={search_term_string}\"},\"query-input\":{\"@type\":\"PropertyValueSpecification\",\"valueRequired\":true,\"valueName\":\"search_term_string\"}}],\"inLanguage\":\"de\"}]}<\/script>\n<!-- \/ Yoast SEO plugin. -->","yoast_head_json":{"title":"Kaffeer\u00f6sterei seit \u00fcber 50 Jahren | Unsere Geschichte","description":"Die Geschichte von Italcaff\u00e8 beginnt 1969 in La Spezia, als Ennio Poli beschlie\u00dft, sein Lebensmittelgesch\u00e4ft in eine Kaffeer\u00f6sterei umzubauen.","robots":{"index":"index","follow":"follow","max-snippet":"max-snippet:-1","max-image-preview":"max-image-preview:large","max-video-preview":"max-video-preview:-1"},"canonical":"https:\/\/italcaffe.it\/de\/geschichte\/","og_locale":"de_DE","og_type":"article","og_title":"Kaffeer\u00f6sterei seit \u00fcber 50 Jahren | Unsere Geschichte","og_description":"Die Geschichte von Italcaff\u00e8 beginnt 1969 in La Spezia, als Ennio Poli beschlie\u00dft, sein Lebensmittelgesch\u00e4ft in eine Kaffeer\u00f6sterei umzubauen.","og_url":"https:\/\/italcaffe.it\/de\/geschichte\/","og_site_name":"Italcaff\u00e8","article_modified_time":"2021-07-13T13:30:06+00:00","twitter_card":"summary_large_image","twitter_misc":{"Gesch\u00e4tzte Lesezeit":"4\u00a0Minuten"},"schema":{"@context":"https:\/\/schema.org","@graph":[{"@type":"WebPage","@id":"https:\/\/italcaffe.it\/de\/geschichte\/","url":"https:\/\/italcaffe.it\/de\/geschichte\/","name":"Kaffeer\u00f6sterei seit \u00fcber 50 Jahren | Unsere Geschichte","isPartOf":{"@id":"https:\/\/italcaffe.it\/de\/#website"},"datePublished":"2019-09-19T12:57:29+00:00","dateModified":"2021-07-13T13:30:06+00:00","description":"Die Geschichte von Italcaff\u00e8 beginnt 1969 in La Spezia, als Ennio Poli beschlie\u00dft, sein Lebensmittelgesch\u00e4ft in eine Kaffeer\u00f6sterei umzubauen.","breadcrumb":{"@id":"https:\/\/italcaffe.it\/de\/geschichte\/#breadcrumb"},"inLanguage":"de","potentialAction":[{"@type":"ReadAction","target":["https:\/\/italcaffe.it\/de\/geschichte\/"]}]},{"@type":"BreadcrumbList","@id":"https:\/\/italcaffe.it\/de\/geschichte\/#breadcrumb","itemListElement":[{"@type":"ListItem","position":1,"name":"Home","item":"https:\/\/italcaffe.it\/de\/"},{"@type":"ListItem","position":2,"name":"Geschichte"}]},{"@type":"WebSite","@id":"https:\/\/italcaffe.it\/de\/#website","url":"https:\/\/italcaffe.it\/de\/","name":"Italcaff\u00e8","description":"50 Anni insieme","potentialAction":[{"@type":"SearchAction","target":{"@type":"EntryPoint","urlTemplate":"https:\/\/italcaffe.it\/de\/?s={search_term_string}"},"query-input":{"@type":"PropertyValueSpecification","valueRequired":true,"valueName":"search_term_string"}}],"inLanguage":"de"}]}},"_links":{"self":[{"href":"https:\/\/italcaffe.it\/de\/wp-json\/wp\/v2\/pages\/7585","targetHints":{"allow":["GET"]}}],"collection":[{"href":"https:\/\/italcaffe.it\/de\/wp-json\/wp\/v2\/pages"}],"about":[{"href":"https:\/\/italcaffe.it\/de\/wp-json\/wp\/v2\/types\/page"}],"author":[{"embeddable":true,"href":"https:\/\/italcaffe.it\/de\/wp-json\/wp\/v2\/users\/1"}],"replies":[{"embeddable":true,"href":"https:\/\/italcaffe.it\/de\/wp-json\/wp\/v2\/comments?post=7585"}],"version-history":[{"count":0,"href":"https:\/\/italcaffe.it\/de\/wp-json\/wp\/v2\/pages\/7585\/revisions"}],"wp:attachment":[{"href":"https:\/\/italcaffe.it\/de\/wp-json\/wp\/v2\/media?parent=7585"}],"curies":[{"name":"wp","href":"https:\/\/api.w.org\/{rel}","templated":true}]}}