{"id":7593,"date":"2019-09-19T14:12:29","date_gmt":"2019-09-19T13:12:29","guid":{"rendered":"https:\/\/www.italcaffe.it\/golf-der-dichter\/"},"modified":"2021-07-13T14:02:14","modified_gmt":"2021-07-13T13:02:14","slug":"golf-der-dichter","status":"publish","type":"page","link":"https:\/\/italcaffe.it\/de\/gebiet\/golf-der-dichter\/","title":{"rendered":"Golf der Dichter"},"content":{"rendered":"<div class=\"wpb-content-wrapper\"><p>[vc_row fullwidth=&#8221;yes&#8221; wrap=&#8221;yes&#8221; content_placement=&#8221;middle&#8221; css=&#8221;.vc_custom_1558709024464{margin-top: 0px !important;margin-bottom: 0px !important;padding-top: 0px !important;padding-bottom: 0px !important;background-color: #f8f8fa !important;}&#8221;][vc_column css=&#8221;.vc_custom_1522771389256{margin-top: 0px !important;margin-bottom: 0px !important;padding-top: 0px !important;padding-bottom: 0px !important;}&#8221;]<div id=\"metaslider-id-6234\" style=\"width: 100%; margin: 0 auto;\" class=\"ml-slider-3-105-0 metaslider metaslider-flex metaslider-6234 ml-slider has-dots-nav ms-theme-default\" role=\"region\" aria-label=\"Golfo dei poeti\" data-height=\"870\" data-width=\"1920\">\n    <div id=\"metaslider_container_6234\">\n        <div id=\"metaslider_6234\">\n            <ul class='slides'>\n                <li style=\"display: block; width: 100%;\" class=\"slide-6235 ms-image \" aria-roledescription=\"slide\" data-date=\"2019-07-05 17:27:49\" data-filename=\"1920x870_GOLFO.jpg\" data-slide-type=\"image\"><img loading=\"lazy\" decoding=\"async\" src=\"https:\/\/italcaffe.it\/wp-content\/uploads\/2019\/09\/1920x870_GOLFO.jpg\" height=\"870\" width=\"1920\" alt=\"\" class=\"slider-6234 slide-6235 msDefaultImage\" title=\"1920x870_GOLFO\" \/><\/li>\n            <\/ul>\n        <\/div>\n        \n    <\/div>\n<\/div>[\/vc_column][\/vc_row][vc_section css=&#8221;.vc_custom_1562601346064{background-image: url(http:\/\/www.italcaffe.it\/wp-content\/uploads\/2019\/07\/bg-golfodeipoeti-wide.jpg?id=6257) !important;}&#8221;][vc_row fullwidth=&#8221;yes&#8221; wrap=&#8221;yes&#8221; content_placement=&#8221;middle&#8221; css=&#8221;.vc_custom_1562254883897{padding-top: 5px !important;padding-right: 50px !important;padding-bottom: 30px !important;padding-left: 50px !important;}&#8221; el_class=&#8221;wrap-content-limit&#8221;][vc_column][vc_custom_heading text=&#8221;Das Aroma von Italcaff\u00e8 erreicht den Golf der Poeten&#8221; font_container=&#8221;tag:h1|font_size:24|text_align:center|color:%23ffffff|line_height:24px&#8221; use_theme_fonts=&#8221;yes&#8221; css_animation=&#8221;none&#8221; separator=&#8221;yes&#8221; el_class=&#8221;text-uppercase&#8221;][vc_column_text css=&#8221;.vc_custom_1626179665340{padding-top: 30px !important;}&#8221;]<\/p>\n<p class=\"cardo-r text-left text-white\" style=\"text-align: center;\">Es war schon immer eine sichere Zuflucht und ein Durchgangsland f\u00fcr Reisende und K\u00fcnstler, die in den bunten D\u00f6rfern Inspiration und Zuflucht gefunden haben. Hier kommt das Aroma von Italcaff\u00e8.<\/p>\n<p>[\/vc_column_text][\/vc_column][\/vc_row][\/vc_section][vc_section][vc_row css=&#8221;.vc_custom_1561455897932{margin-top: 0px !important;margin-bottom: 20px !important;padding-top: 5px !important;padding-right: 50px !important;padding-bottom: 30px !important;padding-left: 50px !important;}&#8221; el_class=&#8221;wrap-content-limit&#8221;][vc_column][vc_custom_heading divider=&#8221;yes&#8221; text=&#8221;Golf der Dichter&#8221; font_container=&#8221;tag:h2|font_size:24|text_align:center|line_height:24px&#8221; use_theme_fonts=&#8221;yes&#8221; css_animation=&#8221;none&#8221; separator=&#8221;yes&#8221; el_class=&#8221;text-uppercase&#8221;][vc_column_text css=&#8221;.vc_custom_1626179465440{padding-top: 30px !important;}&#8221;]Der Golfo dei Poeti (Golf der Dichter) ist eine Biegung der K\u00fcste im \u00e4u\u00dfersten Osten Liguriens, die der Sonne und den Winden des Mittelmeers ausgesetzt ist.<\/p>\n<p>Die Grenze markieren die Burg von Lerici, die die Sandk\u00fcste \u00fcberblickt, und die Kirche von Portovenere, die auf den Felsen eines tiefblauen Meeres thront, beides Symbole der Zugeh\u00f6rigkeit zur Republik Genua.[\/vc_column_text][\/vc_column][\/vc_row][\/vc_section][vc_section content_placement=&#8221;middle&#8221;][vc_row equal_height=&#8221;yes&#8221; content_placement=&#8221;middle&#8221; el_class=&#8221;box-point-wrap&#8221; css=&#8221;.vc_custom_1569247599035{background-color: #e40520 !important;}&#8221;][vc_column width=&#8221;1\/2&#8243; el_class=&#8221;box-point-inner box-terr-img-new box-terr-img-golfopoeti&#8221;][vc_single_image image=&#8221;7988&#8243; img_size=&#8221;full&#8221; alignment=&#8221;center&#8221;][\/vc_column][vc_column width=&#8221;1\/2&#8243; background_position=&#8221;left center&#8221; el_class=&#8221;box-terr-text&#8221;][vc_column_text]Ein wahres &#8220;Wasser-Amphitheater&#8221;, das nicht nur Dichter aller Zeiten wie Dante, Lord Byron und Marinetti, sondern auch K\u00fcnstler aller Art inspiriert hat.<\/p>\n<p>Eine Legende erz\u00e4hlt, dass aus diesem Meer die ber\u00fchmte Venus von Botticelli geboren wurde, zwischen dem Golf von La Spezia und dem Vorgebirge von Fezzano, mit der Insel Palmaria dahinter.<\/p>\n<p>Das Aroma unseres Kaffees erreicht auch den Golf der Dichter. Suchen Sie Ihre Italcaff\u00e8-Bar und machen Sie ein Foto in dieser sch\u00f6nen Umgebung.[\/vc_column_text][\/vc_column][\/vc_row][\/vc_section][vc_section css=&#8221;.vc_custom_1562340000186{padding-top: 35px !important;padding-bottom: 35px !important;}&#8221;][vc_row css=&#8221;.vc_custom_1562340417257{padding-bottom: 10px !important;}&#8221;][vc_column css=&#8221;.vc_custom_1563271591251{padding-top: 20px !important;}&#8221;][vc_custom_heading divider=&#8221;yes&#8221; text=&#8221;Unterwegs mit dem Kaffee&#8221; font_container=&#8221;tag:h2|font_size:24|text_align:center|line_height:24px&#8221; use_theme_fonts=&#8221;yes&#8221; css_animation=&#8221;none&#8221; separator=&#8221;yes&#8221; el_class=&#8221;text-uppercase&#8221;][\/vc_column][\/vc_row][vc_row css=&#8221;.vc_custom_1563271603510{margin-top: 20px !important;padding-top: 25px !important;}&#8221;][vc_column width=&#8221;1\/3&#8243; el_class=&#8221;box-point-inner box-travel-inner&#8221;][vc_single_image image=&#8221;7210&#8243; img_size=&#8221;full&#8221; alignment=&#8221;center&#8221;][\/vc_column][vc_column width=&#8221;1\/3&#8243; el_class=&#8221;box-point-inner box-travel-inner&#8221;][vc_single_image image=&#8221;7215&#8243; img_size=&#8221;full&#8221; alignment=&#8221;center&#8221;][\/vc_column][vc_column width=&#8221;1\/3&#8243; el_class=&#8221;box-point-inner box-travel-inner&#8221;][vc_single_image image=&#8221;7206&#8243; img_size=&#8221;full&#8221; alignment=&#8221;center&#8221;][\/vc_column][\/vc_row][\/vc_section][vc_section css=&#8221;.vc_custom_1562323900949{margin-top: 0px !important;background-color: #f9f9f9 !important;}&#8221;][vc_row css=&#8221;.vc_custom_1559664737076{margin-top: 0px !important;margin-bottom: 10px !important;padding-top: 5px !important;padding-right: 50px !important;padding-bottom: 30px !important;padding-left: 50px !important;}&#8221; el_class=&#8221;wrap-content-limit&#8221;][vc_column][vc_custom_heading divider=&#8221;yes&#8221; text=&#8221;Shop Italcaff\u00e8&#8221; font_container=&#8221;tag:h2|font_size:24|text_align:center|line_height:24px&#8221; use_theme_fonts=&#8221;yes&#8221; css_animation=&#8221;none&#8221; separator=&#8221;yes&#8221; el_class=&#8221;text-uppercase&#8221;][vc_column_text css=&#8221;.vc_custom_1563805187039{padding-top: 30px !important;}&#8221;]<\/p>\n<p class=\"cardo-r text-center\" style=\"text-align: left;\">Das Aroma der besten Kaffeesorten der Welt kommt mit einem einfachen Klick zu Ihnen nach Hause oder in Ihr Caf\u00e9! Besuchen Sie den Online-Shop und bestellen Sie unsere erlesenen Mischungen in allen Formaten: Kaffeebohnen, gemahlener Kaffee, Kapseln und Pads. Und verpassen Sie nicht das von unserer wundersch\u00f6nen Heimat inspirierte Zubeh\u00f6r. Und verpassen Sie nicht das von unserer wundersch\u00f6nen Heimat inspirierte Zubeh\u00f6r.<\/p>\n<p>[\/vc_column_text][vc_column_text css=&#8221;.vc_custom_1626181331827{padding-top: 30px !important;}&#8221;]<\/p>\n<h3 class=\"vc_custom_heading text-uppercase divider pr text-red\" style=\"font-size: 24px; line-height: 24px; text-align: center;\">Zum online-shop<\/h3>\n<p>[\/vc_column_text][vc_btn title=&#8221;Zum Shop&#8221; style=&#8221;flat&#8221; shape=&#8221;square&#8221; color=&#8221;danger&#8221; align=&#8221;center&#8221; el_class=&#8221;mybutton text-white text-uppercase&#8221; link=&#8221;url:https%3A%2F%2Fwww.italcaffe.it%2Fshop%2F|&#8221;][\/vc_column][\/vc_row][\/vc_section][vc_section css=&#8221;.vc_custom_1562339723199{margin-top: 0px !important;padding-top: 0px !important;}&#8221;][vc_row][vc_column][vc_raw_html]PGRpdiBjbGFzcz0ibGluZSI+PC9kaXY+[\/vc_raw_html][\/vc_column][\/vc_row][\/vc_section]<\/p>\n<\/div>","protected":false},"excerpt":{"rendered":"<p>[vc_row fullwidth=&#8221;yes&#8221; wrap=&#8221;yes&#8221; content_placement=&#8221;middle&#8221; css=&#8221;.vc_custom_1558709024464{margin-top: 0px !important;margin-bottom: 0px !important;padding-top: 0px !important;padding-bottom: 0px !important;background-color: #f8f8fa !important;}&#8221;][vc_column css=&#8221;.vc_custom_1522771389256{margin-top: 0px !important;margin-bottom: 0px !important;padding-top: 0px !important;padding-bottom: 0px !important;}&#8221;][\/vc_column][\/vc_row][vc_section css=&#8221;.vc_custom_1562601346064{background-image: url(http:\/\/www.italcaffe.it\/wp-content\/uploads\/2019\/07\/bg-golfodeipoeti-wide.jpg?id=6257) !important;}&#8221;][vc_row fullwidth=&#8221;yes&#8221; wrap=&#8221;yes&#8221; content_placement=&#8221;middle&#8221; css=&#8221;.vc_custom_1562254883897{padding-top: 5px !important;padding-right: 50px !important;padding-bottom: 30px !important;padding-left: 50px !important;}&#8221; el_class=&#8221;wrap-content-limit&#8221;][vc_column][vc_custom_heading text=&#8221;Das Aroma von Italcaff\u00e8 erreicht den Golf der Poeten&#8221; font_container=&#8221;tag:h1|font_size:24|text_align:center|color:%23ffffff|line_height:24px&#8221; use_theme_fonts=&#8221;yes&#8221; css_animation=&#8221;none&#8221; separator=&#8221;yes&#8221; el_class=&#8221;text-uppercase&#8221;][vc_column_text css=&#8221;.vc_custom_1626179665340{padding-top: [&hellip;]<\/p>\n","protected":false},"author":1,"featured_media":0,"parent":7656,"menu_order":0,"comment_status":"closed","ping_status":"closed","template":"","meta":{"_acf_changed":false,"footnotes":""},"class_list":["post-7593","page","type-page","status-publish","hentry"],"acf":[],"yoast_head":"<!-- This site is optimized with the Yoast SEO plugin v27.0 - https:\/\/yoast.com\/product\/yoast-seo-wordpress\/ -->\n<title>Die Essenz unseres Kaffees, versteckt im Land der Reisenden und K\u00fcnstler<\/title>\n<meta name=\"description\" content=\"Das Aroma unseres Kaffees erreicht auch den Golf der Dichter. Finden Sie Ihre Italcaff\u00e8-Kaffeebar und machen Sie ein Foto in dieser wundersch\u00f6nen Umgebung!\" \/>\n<meta name=\"robots\" content=\"index, follow, max-snippet:-1, max-image-preview:large, max-video-preview:-1\" \/>\n<link rel=\"canonical\" href=\"https:\/\/italcaffe.it\/de\/gebiet\/golf-der-dichter\/\" \/>\n<meta property=\"og:locale\" content=\"de_DE\" \/>\n<meta property=\"og:type\" content=\"article\" \/>\n<meta property=\"og:title\" content=\"Die Essenz unseres Kaffees, versteckt im Land der Reisenden und K\u00fcnstler\" \/>\n<meta property=\"og:description\" content=\"Das Aroma unseres Kaffees erreicht auch den Golf der Dichter. Finden Sie Ihre Italcaff\u00e8-Kaffeebar und machen Sie ein Foto in dieser wundersch\u00f6nen Umgebung!\" \/>\n<meta property=\"og:url\" content=\"https:\/\/italcaffe.it\/de\/gebiet\/golf-der-dichter\/\" \/>\n<meta property=\"og:site_name\" content=\"Italcaff\u00e8\" \/>\n<meta property=\"article:modified_time\" content=\"2021-07-13T13:02:14+00:00\" \/>\n<meta name=\"twitter:card\" content=\"summary_large_image\" \/>\n<meta name=\"twitter:label1\" content=\"Gesch\u00e4tzte Lesezeit\" \/>\n\t<meta name=\"twitter:data1\" content=\"4\u00a0Minuten\" \/>\n<script type=\"application\/ld+json\" class=\"yoast-schema-graph\">{\"@context\":\"https:\/\/schema.org\",\"@graph\":[{\"@type\":\"WebPage\",\"@id\":\"https:\/\/italcaffe.it\/de\/gebiet\/golf-der-dichter\/\",\"url\":\"https:\/\/italcaffe.it\/de\/gebiet\/golf-der-dichter\/\",\"name\":\"Die Essenz unseres Kaffees, versteckt im Land der Reisenden und K\u00fcnstler\",\"isPartOf\":{\"@id\":\"https:\/\/italcaffe.it\/de\/#website\"},\"datePublished\":\"2019-09-19T13:12:29+00:00\",\"dateModified\":\"2021-07-13T13:02:14+00:00\",\"description\":\"Das Aroma unseres Kaffees erreicht auch den Golf der Dichter. Finden Sie Ihre Italcaff\u00e8-Kaffeebar und machen Sie ein Foto in dieser wundersch\u00f6nen Umgebung!\",\"breadcrumb\":{\"@id\":\"https:\/\/italcaffe.it\/de\/gebiet\/golf-der-dichter\/#breadcrumb\"},\"inLanguage\":\"de\",\"potentialAction\":[{\"@type\":\"ReadAction\",\"target\":[\"https:\/\/italcaffe.it\/de\/gebiet\/golf-der-dichter\/\"]}]},{\"@type\":\"BreadcrumbList\",\"@id\":\"https:\/\/italcaffe.it\/de\/gebiet\/golf-der-dichter\/#breadcrumb\",\"itemListElement\":[{\"@type\":\"ListItem\",\"position\":1,\"name\":\"Home\",\"item\":\"https:\/\/italcaffe.it\/de\/\"},{\"@type\":\"ListItem\",\"position\":2,\"name\":\"Gebiet\",\"item\":\"https:\/\/italcaffe.it\/de\/gebiet\/\"},{\"@type\":\"ListItem\",\"position\":3,\"name\":\"Golf der Dichter\"}]},{\"@type\":\"WebSite\",\"@id\":\"https:\/\/italcaffe.it\/de\/#website\",\"url\":\"https:\/\/italcaffe.it\/de\/\",\"name\":\"Italcaff\u00e8\",\"description\":\"50 Anni insieme\",\"potentialAction\":[{\"@type\":\"SearchAction\",\"target\":{\"@type\":\"EntryPoint\",\"urlTemplate\":\"https:\/\/italcaffe.it\/de\/?s={search_term_string}\"},\"query-input\":{\"@type\":\"PropertyValueSpecification\",\"valueRequired\":true,\"valueName\":\"search_term_string\"}}],\"inLanguage\":\"de\"}]}<\/script>\n<!-- \/ Yoast SEO plugin. -->","yoast_head_json":{"title":"Die Essenz unseres Kaffees, versteckt im Land der Reisenden und K\u00fcnstler","description":"Das Aroma unseres Kaffees erreicht auch den Golf der Dichter. Finden Sie Ihre Italcaff\u00e8-Kaffeebar und machen Sie ein Foto in dieser wundersch\u00f6nen Umgebung!","robots":{"index":"index","follow":"follow","max-snippet":"max-snippet:-1","max-image-preview":"max-image-preview:large","max-video-preview":"max-video-preview:-1"},"canonical":"https:\/\/italcaffe.it\/de\/gebiet\/golf-der-dichter\/","og_locale":"de_DE","og_type":"article","og_title":"Die Essenz unseres Kaffees, versteckt im Land der Reisenden und K\u00fcnstler","og_description":"Das Aroma unseres Kaffees erreicht auch den Golf der Dichter. Finden Sie Ihre Italcaff\u00e8-Kaffeebar und machen Sie ein Foto in dieser wundersch\u00f6nen Umgebung!","og_url":"https:\/\/italcaffe.it\/de\/gebiet\/golf-der-dichter\/","og_site_name":"Italcaff\u00e8","article_modified_time":"2021-07-13T13:02:14+00:00","twitter_card":"summary_large_image","twitter_misc":{"Gesch\u00e4tzte Lesezeit":"4\u00a0Minuten"},"schema":{"@context":"https:\/\/schema.org","@graph":[{"@type":"WebPage","@id":"https:\/\/italcaffe.it\/de\/gebiet\/golf-der-dichter\/","url":"https:\/\/italcaffe.it\/de\/gebiet\/golf-der-dichter\/","name":"Die Essenz unseres Kaffees, versteckt im Land der Reisenden und K\u00fcnstler","isPartOf":{"@id":"https:\/\/italcaffe.it\/de\/#website"},"datePublished":"2019-09-19T13:12:29+00:00","dateModified":"2021-07-13T13:02:14+00:00","description":"Das Aroma unseres Kaffees erreicht auch den Golf der Dichter. Finden Sie Ihre Italcaff\u00e8-Kaffeebar und machen Sie ein Foto in dieser wundersch\u00f6nen Umgebung!","breadcrumb":{"@id":"https:\/\/italcaffe.it\/de\/gebiet\/golf-der-dichter\/#breadcrumb"},"inLanguage":"de","potentialAction":[{"@type":"ReadAction","target":["https:\/\/italcaffe.it\/de\/gebiet\/golf-der-dichter\/"]}]},{"@type":"BreadcrumbList","@id":"https:\/\/italcaffe.it\/de\/gebiet\/golf-der-dichter\/#breadcrumb","itemListElement":[{"@type":"ListItem","position":1,"name":"Home","item":"https:\/\/italcaffe.it\/de\/"},{"@type":"ListItem","position":2,"name":"Gebiet","item":"https:\/\/italcaffe.it\/de\/gebiet\/"},{"@type":"ListItem","position":3,"name":"Golf der Dichter"}]},{"@type":"WebSite","@id":"https:\/\/italcaffe.it\/de\/#website","url":"https:\/\/italcaffe.it\/de\/","name":"Italcaff\u00e8","description":"50 Anni insieme","potentialAction":[{"@type":"SearchAction","target":{"@type":"EntryPoint","urlTemplate":"https:\/\/italcaffe.it\/de\/?s={search_term_string}"},"query-input":{"@type":"PropertyValueSpecification","valueRequired":true,"valueName":"search_term_string"}}],"inLanguage":"de"}]}},"_links":{"self":[{"href":"https:\/\/italcaffe.it\/de\/wp-json\/wp\/v2\/pages\/7593","targetHints":{"allow":["GET"]}}],"collection":[{"href":"https:\/\/italcaffe.it\/de\/wp-json\/wp\/v2\/pages"}],"about":[{"href":"https:\/\/italcaffe.it\/de\/wp-json\/wp\/v2\/types\/page"}],"author":[{"embeddable":true,"href":"https:\/\/italcaffe.it\/de\/wp-json\/wp\/v2\/users\/1"}],"replies":[{"embeddable":true,"href":"https:\/\/italcaffe.it\/de\/wp-json\/wp\/v2\/comments?post=7593"}],"version-history":[{"count":0,"href":"https:\/\/italcaffe.it\/de\/wp-json\/wp\/v2\/pages\/7593\/revisions"}],"up":[{"embeddable":true,"href":"https:\/\/italcaffe.it\/de\/wp-json\/wp\/v2\/pages\/7656"}],"wp:attachment":[{"href":"https:\/\/italcaffe.it\/de\/wp-json\/wp\/v2\/media?parent=7593"}],"curies":[{"name":"wp","href":"https:\/\/api.w.org\/{rel}","templated":true}]}}