{"id":7600,"date":"2019-09-19T14:18:52","date_gmt":"2019-09-19T13:18:52","guid":{"rendered":"https:\/\/www.italcaffe.it\/lunigiana\/"},"modified":"2021-07-13T14:16:32","modified_gmt":"2021-07-13T13:16:32","slug":"lunigiana","status":"publish","type":"page","link":"https:\/\/italcaffe.it\/de\/gebiet\/lunigiana\/","title":{"rendered":"Lunigiana"},"content":{"rendered":"<div class=\"wpb-content-wrapper\"><p>[vc_row fullwidth=&#8221;yes&#8221; wrap=&#8221;yes&#8221; content_placement=&#8221;middle&#8221; css=&#8221;.vc_custom_1558709024464{margin-top: 0px !important;margin-bottom: 0px !important;padding-top: 0px !important;padding-bottom: 0px !important;background-color: #f8f8fa !important;}&#8221;][vc_column css=&#8221;.vc_custom_1522771389256{margin-top: 0px !important;margin-bottom: 0px !important;padding-top: 0px !important;padding-bottom: 0px !important;}&#8221;]<div id=\"metaslider-id-6230\" style=\"width: 100%; margin: 0 auto;\" class=\"ml-slider-3-105-0 metaslider metaslider-flex metaslider-6230 ml-slider has-dots-nav ms-theme-default\" role=\"region\" aria-label=\"Lunigiana\" data-height=\"870\" data-width=\"1920\">\n    <div id=\"metaslider_container_6230\">\n        <div id=\"metaslider_6230\">\n            <ul class='slides'>\n                <li style=\"display: block; width: 100%;\" class=\"slide-6231 ms-image \" aria-roledescription=\"slide\" data-date=\"2019-07-05 17:26:43\" data-filename=\"1920x870_LUNIGIANA.jpg\" data-slide-type=\"image\"><img loading=\"lazy\" decoding=\"async\" src=\"https:\/\/italcaffe.it\/wp-content\/uploads\/2019\/09\/1920x870_LUNIGIANA.jpg\" height=\"870\" width=\"1920\" alt=\"\" class=\"slider-6230 slide-6231 msDefaultImage\" title=\"1920x870_LUNIGIANA\" \/><\/li>\n            <\/ul>\n        <\/div>\n        \n    <\/div>\n<\/div>[\/vc_column][\/vc_row][vc_section css=&#8221;.vc_custom_1562602103844{background-image: url(http:\/\/www.italcaffe.it\/wp-content\/uploads\/2019\/07\/bg-lunigiana-wide.jpg?id=6258) !important;}&#8221;][vc_row fullwidth=&#8221;yes&#8221; wrap=&#8221;yes&#8221; content_placement=&#8221;middle&#8221; css=&#8221;.vc_custom_1562254883897{padding-top: 5px !important;padding-right: 50px !important;padding-bottom: 30px !important;padding-left: 50px !important;}&#8221; el_class=&#8221;wrap-content-limit&#8221;][vc_column][vc_custom_heading text=&#8221;Das Aroma von Italcaff\u00e8 erreicht die Lunigiana&#8221; font_container=&#8221;tag:h1|font_size:24|text_align:center|color:%23ffffff|line_height:24px&#8221; use_theme_fonts=&#8221;yes&#8221; css_animation=&#8221;none&#8221; separator=&#8221;yes&#8221; el_class=&#8221;text-uppercase&#8221;][vc_column_text css=&#8221;.vc_custom_1564134622091{padding-top: 30px !important;}&#8221;]<\/p>\n<p class=\"cardo-r text-left text-white\" style=\"text-align: center;\">Ein antikes, von mittelalterlichen D\u00f6rfern und Schl\u00f6ssern gekennzeichnetes Land, das Land der Buchbinder, in dem auch der pr\u00e4historische Mensch seine Spuren hinterlie\u00df.<br \/>\nDas Aroma von Italcaff\u00e8 gelangt bis hierher.<\/p>\n<p>[\/vc_column_text][\/vc_column][\/vc_row][\/vc_section][vc_section][vc_row css=&#8221;.vc_custom_1561455897932{margin-top: 0px !important;margin-bottom: 20px !important;padding-top: 5px !important;padding-right: 50px !important;padding-bottom: 30px !important;padding-left: 50px !important;}&#8221; el_class=&#8221;wrap-content-limit&#8221;][vc_column][vc_custom_heading divider=&#8221;yes&#8221; text=&#8221;Lunigiana&#8221; font_container=&#8221;tag:h3|font_size:24|text_align:center|line_height:24px&#8221; use_theme_fonts=&#8221;yes&#8221; css_animation=&#8221;none&#8221; separator=&#8221;yes&#8221; el_class=&#8221;text-uppercase&#8221;][vc_column_text css=&#8221;.vc_custom_1564134689496{padding-top: 30px !important;}&#8221;]<\/p>\n<p class=\"cardo-r text-left\">Wir befinden uns in der Lunigiana, einer geschichtstr\u00e4chtigen Region, die sich zwischen Ligurien und der Toskana erstreckt, in den T\u00e4lern, in denen die Gebirgsz\u00fcge des Toskanisch-Emilianischen Apennins und der Apuanischen Alpen aufeinandertreffen.<\/p>\n<p class=\"cardo-r text-left\">Eingebettet in eine \u00fcppige Natur, war sie schon immer ein Grenzgebiet f\u00fcr die Bev\u00f6lkerung aller Epochen.<\/p>\n<p>[\/vc_column_text][\/vc_column][\/vc_row][\/vc_section][vc_section][vc_row content_placement=&#8221;middle&#8221; el_class=&#8221;box-point-wrap&#8221; css=&#8221;.vc_custom_1569253399104{background-color: #e40520 !important;}&#8221;][vc_column width=&#8221;1\/2&#8243; el_class=&#8221;box-point-inner box-terr-img-new box-terr-img-lunigiana&#8221;][vc_single_image image=&#8221;7979&#8243; img_size=&#8221;full&#8221; alignment=&#8221;center&#8221;][\/vc_column][vc_column width=&#8221;1\/2&#8243; background_position=&#8221;left center&#8221; el_class=&#8221;box-terr-text&#8221;][vc_column_text]<\/p>\n<p class=\"cardo-r text-left text-white\">Zwischen den malerischen D\u00f6rfern und zinnenbewehrten Burgen, strengen Kirchen und Wacht\u00fcrmen stechen die Statuenmenhire &#8211; r\u00e4tselhafte Steinmonolithen in Menschengestalt aus der Vorgeschichte &#8211; sowie die H\u00f6hlen mit ihren uralten Geheimnissen, die so alt sind, wie die Geschichte der Menschheit, hervor.<\/p>\n<p class=\"cardo-r text-left text-white\">Die Lunigiana verspricht eine faszinierende Reise durch die Geschichte und es ist immer sehr aufregend, sie zu besuchen!<\/p>\n<p class=\"cardo-r text-left text-white\">Das Aroma unseres Kaffees erreicht auch die Lunigiana. Finden Sie Ihre Italcaff\u00e8-Kaffeebar und machen Sie ein Foto in dieser wundersch\u00f6nen Umgebung!<\/p>\n<p>[\/vc_column_text][\/vc_column][\/vc_row][\/vc_section][vc_section css=&#8221;.vc_custom_1562340000186{padding-top: 35px !important;padding-bottom: 35px !important;}&#8221;][vc_row css=&#8221;.vc_custom_1562340417257{padding-bottom: 10px !important;}&#8221;][vc_column css=&#8221;.vc_custom_1563271632157{padding-top: 20px !important;}&#8221;][vc_custom_heading divider=&#8221;yes&#8221; text=&#8221;Unterwegs mit dem Kaffee&#8221; font_container=&#8221;tag:h3|font_size:24|text_align:center|line_height:24px&#8221; use_theme_fonts=&#8221;yes&#8221; css_animation=&#8221;none&#8221; separator=&#8221;yes&#8221; el_class=&#8221;text-uppercase&#8221;][\/vc_column][\/vc_row][vc_row css=&#8221;.vc_custom_1563271639198{margin-top: 20px !important;padding-top: 25px !important;}&#8221;][vc_column width=&#8221;1\/3&#8243; el_class=&#8221;box-point-inner box-travel-inner&#8221;][vc_single_image image=&#8221;7608&#8243; img_size=&#8221;full&#8221; alignment=&#8221;center&#8221;][\/vc_column][vc_column width=&#8221;1\/3&#8243; el_class=&#8221;box-point-inner box-travel-inner&#8221;][vc_single_image image=&#8221;7610&#8243; img_size=&#8221;full&#8221; alignment=&#8221;center&#8221;][\/vc_column][vc_column width=&#8221;1\/3&#8243; el_class=&#8221;box-point-inner box-travel-inner&#8221;][vc_single_image image=&#8221;7612&#8243; img_size=&#8221;full&#8221; alignment=&#8221;center&#8221;][\/vc_column][\/vc_row][\/vc_section][vc_section css=&#8221;.vc_custom_1562323900949{margin-top: 0px !important;background-color: #f9f9f9 !important;}&#8221;][vc_row css=&#8221;.vc_custom_1559664737076{margin-top: 0px !important;margin-bottom: 10px !important;padding-top: 5px !important;padding-right: 50px !important;padding-bottom: 30px !important;padding-left: 50px !important;}&#8221; el_class=&#8221;wrap-content-limit&#8221;][vc_column][vc_custom_heading divider=&#8221;yes&#8221; text=&#8221;Shop Italcaff\u00e8&#8221; font_container=&#8221;tag:h3|font_size:24|text_align:center|line_height:24px&#8221; use_theme_fonts=&#8221;yes&#8221; css_animation=&#8221;none&#8221; separator=&#8221;yes&#8221; el_class=&#8221;text-uppercase&#8221;][vc_column_text css=&#8221;.vc_custom_1563804463291{padding-top: 30px !important;}&#8221;]<\/p>\n<p class=\"cardo-r text-center\" style=\"text-align: left;\">Das Aroma der besten Kaffeesorten der Welt kommt mit einem einfachen Klick zu Ihnen nach Hause oder in Ihr Caf\u00e9! Besuchen Sie den Online-Shop und bestellen Sie unsere erlesenen Mischungen in allen Formaten: Kaffeebohnen, gemahlener Kaffee, Kapseln und Pads. Und verpassen Sie nicht das von unserer wundersch\u00f6nen Heimat inspirierte Zubeh\u00f6r. Und verpassen Sie nicht das von unserer wundersch\u00f6nen Heimat inspirierte Zubeh\u00f6r.<\/p>\n<p>[\/vc_column_text][vc_column_text css=&#8221;.vc_custom_1589484768256{padding-top: 30px !important;}&#8221;]<\/p>\n<h3 class=\"vc_custom_heading text-uppercase divider pr text-red\" style=\"font-size: 24px; line-height: 24px; text-align: center;\">Zum Online-Shop<\/h3>\n<p>[\/vc_column_text][vc_btn title=&#8221;Zum Shop&#8221; style=&#8221;flat&#8221; shape=&#8221;square&#8221; color=&#8221;danger&#8221; align=&#8221;center&#8221; el_class=&#8221;mybutton text-white text-uppercase&#8221; link=&#8221;url:https%3A%2F%2Fwww.italcaffe.it%2Fde%2Fshop%2F|||&#8221;][\/vc_column][\/vc_row][\/vc_section][vc_section css=&#8221;.vc_custom_1562339723199{margin-top: 0px !important;padding-top: 0px !important;}&#8221;][vc_row][vc_column][vc_raw_html]PGRpdiBjbGFzcz0ibGluZSI+PC9kaXY+[\/vc_raw_html][\/vc_column][\/vc_row][\/vc_section]<\/p>\n<\/div>","protected":false},"excerpt":{"rendered":"<p>[vc_row fullwidth=&#8221;yes&#8221; wrap=&#8221;yes&#8221; content_placement=&#8221;middle&#8221; css=&#8221;.vc_custom_1558709024464{margin-top: 0px !important;margin-bottom: 0px !important;padding-top: 0px !important;padding-bottom: 0px !important;background-color: #f8f8fa !important;}&#8221;][vc_column css=&#8221;.vc_custom_1522771389256{margin-top: 0px !important;margin-bottom: 0px !important;padding-top: 0px !important;padding-bottom: 0px !important;}&#8221;][\/vc_column][\/vc_row][vc_section css=&#8221;.vc_custom_1562602103844{background-image: url(http:\/\/www.italcaffe.it\/wp-content\/uploads\/2019\/07\/bg-lunigiana-wide.jpg?id=6258) !important;}&#8221;][vc_row fullwidth=&#8221;yes&#8221; wrap=&#8221;yes&#8221; content_placement=&#8221;middle&#8221; css=&#8221;.vc_custom_1562254883897{padding-top: 5px !important;padding-right: 50px !important;padding-bottom: 30px !important;padding-left: 50px !important;}&#8221; el_class=&#8221;wrap-content-limit&#8221;][vc_column][vc_custom_heading text=&#8221;Das Aroma von Italcaff\u00e8 erreicht die Lunigiana&#8221; font_container=&#8221;tag:h1|font_size:24|text_align:center|color:%23ffffff|line_height:24px&#8221; use_theme_fonts=&#8221;yes&#8221; css_animation=&#8221;none&#8221; separator=&#8221;yes&#8221; el_class=&#8221;text-uppercase&#8221;][vc_column_text css=&#8221;.vc_custom_1564134622091{padding-top: 30px !important;}&#8221;] [&hellip;]<\/p>\n","protected":false},"author":1,"featured_media":0,"parent":7656,"menu_order":0,"comment_status":"closed","ping_status":"closed","template":"","meta":{"_acf_changed":false,"footnotes":""},"class_list":["post-7600","page","type-page","status-publish","hentry"],"acf":[],"yoast_head":"<!-- This site is optimized with the Yoast SEO plugin v27.0 - https:\/\/yoast.com\/product\/yoast-seo-wordpress\/ -->\n<title>Der Kaffee der Lunigiana zwischen Geschichte und Pr\u00e4historie | Italcaff\u00e8<\/title>\n<meta name=\"description\" content=\"Das Aroma von Italcaff\u00e8 reicht bis zur Lunigiana, dem Land der mittelalterlichen D\u00f6rfer, Burgen und zahlreichen pr\u00e4historischen Funde. Online-Verkauf.\" \/>\n<meta name=\"robots\" content=\"index, follow, max-snippet:-1, max-image-preview:large, max-video-preview:-1\" \/>\n<link rel=\"canonical\" href=\"https:\/\/italcaffe.it\/de\/gebiet\/lunigiana\/\" \/>\n<meta property=\"og:locale\" content=\"de_DE\" \/>\n<meta property=\"og:type\" content=\"article\" \/>\n<meta property=\"og:title\" content=\"Der Kaffee der Lunigiana zwischen Geschichte und Pr\u00e4historie | Italcaff\u00e8\" \/>\n<meta property=\"og:description\" content=\"Das Aroma von Italcaff\u00e8 reicht bis zur Lunigiana, dem Land der mittelalterlichen D\u00f6rfer, Burgen und zahlreichen pr\u00e4historischen Funde. Online-Verkauf.\" \/>\n<meta property=\"og:url\" content=\"https:\/\/italcaffe.it\/de\/gebiet\/lunigiana\/\" \/>\n<meta property=\"og:site_name\" content=\"Italcaff\u00e8\" \/>\n<meta property=\"article:modified_time\" content=\"2021-07-13T13:16:32+00:00\" \/>\n<meta name=\"twitter:card\" content=\"summary_large_image\" \/>\n<meta name=\"twitter:label1\" content=\"Gesch\u00e4tzte Lesezeit\" \/>\n\t<meta name=\"twitter:data1\" content=\"4\u00a0Minuten\" \/>\n<script type=\"application\/ld+json\" class=\"yoast-schema-graph\">{\"@context\":\"https:\/\/schema.org\",\"@graph\":[{\"@type\":\"WebPage\",\"@id\":\"https:\/\/italcaffe.it\/de\/gebiet\/lunigiana\/\",\"url\":\"https:\/\/italcaffe.it\/de\/gebiet\/lunigiana\/\",\"name\":\"Der Kaffee der Lunigiana zwischen Geschichte und Pr\u00e4historie | Italcaff\u00e8\",\"isPartOf\":{\"@id\":\"https:\/\/italcaffe.it\/de\/#website\"},\"datePublished\":\"2019-09-19T13:18:52+00:00\",\"dateModified\":\"2021-07-13T13:16:32+00:00\",\"description\":\"Das Aroma von Italcaff\u00e8 reicht bis zur Lunigiana, dem Land der mittelalterlichen D\u00f6rfer, Burgen und zahlreichen pr\u00e4historischen Funde. Online-Verkauf.\",\"breadcrumb\":{\"@id\":\"https:\/\/italcaffe.it\/de\/gebiet\/lunigiana\/#breadcrumb\"},\"inLanguage\":\"de\",\"potentialAction\":[{\"@type\":\"ReadAction\",\"target\":[\"https:\/\/italcaffe.it\/de\/gebiet\/lunigiana\/\"]}]},{\"@type\":\"BreadcrumbList\",\"@id\":\"https:\/\/italcaffe.it\/de\/gebiet\/lunigiana\/#breadcrumb\",\"itemListElement\":[{\"@type\":\"ListItem\",\"position\":1,\"name\":\"Home\",\"item\":\"https:\/\/italcaffe.it\/de\/\"},{\"@type\":\"ListItem\",\"position\":2,\"name\":\"Gebiet\",\"item\":\"https:\/\/italcaffe.it\/de\/gebiet\/\"},{\"@type\":\"ListItem\",\"position\":3,\"name\":\"Lunigiana\"}]},{\"@type\":\"WebSite\",\"@id\":\"https:\/\/italcaffe.it\/de\/#website\",\"url\":\"https:\/\/italcaffe.it\/de\/\",\"name\":\"Italcaff\u00e8\",\"description\":\"50 Anni insieme\",\"potentialAction\":[{\"@type\":\"SearchAction\",\"target\":{\"@type\":\"EntryPoint\",\"urlTemplate\":\"https:\/\/italcaffe.it\/de\/?s={search_term_string}\"},\"query-input\":{\"@type\":\"PropertyValueSpecification\",\"valueRequired\":true,\"valueName\":\"search_term_string\"}}],\"inLanguage\":\"de\"}]}<\/script>\n<!-- \/ Yoast SEO plugin. -->","yoast_head_json":{"title":"Der Kaffee der Lunigiana zwischen Geschichte und Pr\u00e4historie | Italcaff\u00e8","description":"Das Aroma von Italcaff\u00e8 reicht bis zur Lunigiana, dem Land der mittelalterlichen D\u00f6rfer, Burgen und zahlreichen pr\u00e4historischen Funde. Online-Verkauf.","robots":{"index":"index","follow":"follow","max-snippet":"max-snippet:-1","max-image-preview":"max-image-preview:large","max-video-preview":"max-video-preview:-1"},"canonical":"https:\/\/italcaffe.it\/de\/gebiet\/lunigiana\/","og_locale":"de_DE","og_type":"article","og_title":"Der Kaffee der Lunigiana zwischen Geschichte und Pr\u00e4historie | Italcaff\u00e8","og_description":"Das Aroma von Italcaff\u00e8 reicht bis zur Lunigiana, dem Land der mittelalterlichen D\u00f6rfer, Burgen und zahlreichen pr\u00e4historischen Funde. Online-Verkauf.","og_url":"https:\/\/italcaffe.it\/de\/gebiet\/lunigiana\/","og_site_name":"Italcaff\u00e8","article_modified_time":"2021-07-13T13:16:32+00:00","twitter_card":"summary_large_image","twitter_misc":{"Gesch\u00e4tzte Lesezeit":"4\u00a0Minuten"},"schema":{"@context":"https:\/\/schema.org","@graph":[{"@type":"WebPage","@id":"https:\/\/italcaffe.it\/de\/gebiet\/lunigiana\/","url":"https:\/\/italcaffe.it\/de\/gebiet\/lunigiana\/","name":"Der Kaffee der Lunigiana zwischen Geschichte und Pr\u00e4historie | Italcaff\u00e8","isPartOf":{"@id":"https:\/\/italcaffe.it\/de\/#website"},"datePublished":"2019-09-19T13:18:52+00:00","dateModified":"2021-07-13T13:16:32+00:00","description":"Das Aroma von Italcaff\u00e8 reicht bis zur Lunigiana, dem Land der mittelalterlichen D\u00f6rfer, Burgen und zahlreichen pr\u00e4historischen Funde. Online-Verkauf.","breadcrumb":{"@id":"https:\/\/italcaffe.it\/de\/gebiet\/lunigiana\/#breadcrumb"},"inLanguage":"de","potentialAction":[{"@type":"ReadAction","target":["https:\/\/italcaffe.it\/de\/gebiet\/lunigiana\/"]}]},{"@type":"BreadcrumbList","@id":"https:\/\/italcaffe.it\/de\/gebiet\/lunigiana\/#breadcrumb","itemListElement":[{"@type":"ListItem","position":1,"name":"Home","item":"https:\/\/italcaffe.it\/de\/"},{"@type":"ListItem","position":2,"name":"Gebiet","item":"https:\/\/italcaffe.it\/de\/gebiet\/"},{"@type":"ListItem","position":3,"name":"Lunigiana"}]},{"@type":"WebSite","@id":"https:\/\/italcaffe.it\/de\/#website","url":"https:\/\/italcaffe.it\/de\/","name":"Italcaff\u00e8","description":"50 Anni insieme","potentialAction":[{"@type":"SearchAction","target":{"@type":"EntryPoint","urlTemplate":"https:\/\/italcaffe.it\/de\/?s={search_term_string}"},"query-input":{"@type":"PropertyValueSpecification","valueRequired":true,"valueName":"search_term_string"}}],"inLanguage":"de"}]}},"_links":{"self":[{"href":"https:\/\/italcaffe.it\/de\/wp-json\/wp\/v2\/pages\/7600","targetHints":{"allow":["GET"]}}],"collection":[{"href":"https:\/\/italcaffe.it\/de\/wp-json\/wp\/v2\/pages"}],"about":[{"href":"https:\/\/italcaffe.it\/de\/wp-json\/wp\/v2\/types\/page"}],"author":[{"embeddable":true,"href":"https:\/\/italcaffe.it\/de\/wp-json\/wp\/v2\/users\/1"}],"replies":[{"embeddable":true,"href":"https:\/\/italcaffe.it\/de\/wp-json\/wp\/v2\/comments?post=7600"}],"version-history":[{"count":0,"href":"https:\/\/italcaffe.it\/de\/wp-json\/wp\/v2\/pages\/7600\/revisions"}],"up":[{"embeddable":true,"href":"https:\/\/italcaffe.it\/de\/wp-json\/wp\/v2\/pages\/7656"}],"wp:attachment":[{"href":"https:\/\/italcaffe.it\/de\/wp-json\/wp\/v2\/media?parent=7600"}],"curies":[{"name":"wp","href":"https:\/\/api.w.org\/{rel}","templated":true}]}}