{"id":7634,"date":"2019-09-19T14:27:13","date_gmt":"2019-09-19T13:27:13","guid":{"rendered":"https:\/\/www.italcaffe.it\/apuanische-alpen\/"},"modified":"2021-07-13T13:22:36","modified_gmt":"2021-07-13T12:22:36","slug":"apuanische-alpen","status":"publish","type":"page","link":"https:\/\/italcaffe.it\/de\/gebiet\/apuanische-alpen\/","title":{"rendered":"Apuanische Alpen"},"content":{"rendered":"<div class=\"wpb-content-wrapper\"><p>[vc_row fullwidth=&#8221;yes&#8221; wrap=&#8221;yes&#8221; content_placement=&#8221;middle&#8221; css=&#8221;.vc_custom_1558709024464{margin-top: 0px !important;margin-bottom: 0px !important;padding-top: 0px !important;padding-bottom: 0px !important;background-color: #f8f8fa !important;}&#8221;][vc_column css=&#8221;.vc_custom_1522771389256{margin-top: 0px !important;margin-bottom: 0px !important;padding-top: 0px !important;padding-bottom: 0px !important;}&#8221;]<div id=\"metaslider-id-6232\" style=\"width: 100%; margin: 0 auto;\" class=\"ml-slider-3-105-0 metaslider metaslider-flex metaslider-6232 ml-slider has-dots-nav ms-theme-default\" role=\"region\" aria-label=\"Apuane\" data-height=\"870\" data-width=\"1920\">\n    <div id=\"metaslider_container_6232\">\n        <div id=\"metaslider_6232\">\n            <ul class='slides'>\n                <li style=\"display: block; width: 100%;\" class=\"slide-6233 ms-image \" aria-roledescription=\"slide\" data-date=\"2019-07-05 17:27:12\" data-filename=\"1920x870_APUANE.jpg\" data-slide-type=\"image\"><img loading=\"lazy\" decoding=\"async\" src=\"https:\/\/italcaffe.it\/wp-content\/uploads\/2019\/09\/1920x870_APUANE.jpg\" height=\"870\" width=\"1920\" alt=\"\" class=\"slider-6232 slide-6233 msDefaultImage\" title=\"1920x870_APUANE\" \/><\/li>\n            <\/ul>\n        <\/div>\n        \n    <\/div>\n<\/div>[\/vc_column][\/vc_row][vc_section css=&#8221;.vc_custom_1562600423043{background-image: url(http:\/\/www.italcaffe.it\/wp-content\/uploads\/2019\/07\/bg-apuane-wide.jpg?id=6256) !important;}&#8221; el_class=&#8221;bg-wide-page&#8221;][vc_row fullwidth=&#8221;yes&#8221; wrap=&#8221;yes&#8221; content_placement=&#8221;middle&#8221; css=&#8221;.vc_custom_1562254883897{padding-top: 5px !important;padding-right: 50px !important;padding-bottom: 30px !important;padding-left: 50px !important;}&#8221; el_class=&#8221;wrap-content-limit&#8221;][vc_column][vc_custom_heading text=&#8221;Das Aroma von Italcaff\u00e8 erreicht die Apuanischen Alpen&#8221; font_container=&#8221;tag:h1|font_size:24|text_align:center|color:%23ffffff|line_height:24px&#8221; use_theme_fonts=&#8221;yes&#8221; css_animation=&#8221;none&#8221; separator=&#8221;yes&#8221; el_class=&#8221;text-uppercase&#8221;][vc_column_text css=&#8221;.vc_custom_1563370686540{padding-top: 30px !important;}&#8221;]<\/p>\n<p class=\"cardo-r text-left text-white\" style=\"text-align: center;\">Das Aroma von Italcaff\u00e8 erreicht die Berge des Marmors, die sich im Meer der Versilia spiegeln.<\/p>\n<p>[\/vc_column_text][\/vc_column][\/vc_row][\/vc_section][vc_section][vc_row css=&#8221;.vc_custom_1561455897932{margin-top: 0px !important;margin-bottom: 20px !important;padding-top: 5px !important;padding-right: 50px !important;padding-bottom: 30px !important;padding-left: 50px !important;}&#8221; el_class=&#8221;wrap-content-limit&#8221;][vc_column][vc_custom_heading divider=&#8221;yes&#8221; text=&#8221;Apuanische Alpen&#8221; font_container=&#8221;tag:h2|font_size:24|text_align:center|line_height:24px&#8221; use_theme_fonts=&#8221;yes&#8221; css_animation=&#8221;none&#8221; separator=&#8221;yes&#8221; el_class=&#8221;text-uppercase&#8221;][vc_column_text css=&#8221;.vc_custom_1564133995564{padding-top: 30px !important;}&#8221;]<\/p>\n<p class=\"cardo-r text-left\">Die Apuanischen Alpen, die aufgrund ihrer Rauheit und Steilheit als Alpen bezeichnet werden, sind ein Gebirgssystem, das sich n\u00f6rdlich der Toskana erstreckt.<\/p>\n<p class=\"cardo-r text-left\">Das vor \u00fcber 250 Millionen Jahren damals auf dem Meeresgrund entstandene Gebirge birgt bis heute unendliche Geheimnisse und Sch\u00e4tze.<\/p>\n<p>[\/vc_column_text][\/vc_column][\/vc_row][\/vc_section][vc_section][vc_row content_placement=&#8221;middle&#8221; el_class=&#8221;box-point-wrap&#8221; css=&#8221;.vc_custom_1569248679221{background-color: #e40520 !important;}&#8221;][vc_column width=&#8221;1\/2&#8243; el_class=&#8221;box-point-inner box-terr-img-new box-terr-img-apuane&#8221;][vc_single_image image=&#8221;27179&#8243; img_size=&#8221;full&#8221; alignment=&#8221;center&#8221;][\/vc_column][vc_column width=&#8221;1\/2&#8243; background_position=&#8221;left center&#8221; el_class=&#8221;box-terr-text&#8221;][vc_column_text]<\/p>\n<p class=\"cardo-r text-left text-white\">Auf der ganzen Welt bekannt, denn in den Apuanischen Alpen wird der ber\u00fchmteste wei\u00dfe Marmor, der Carrara-Marmor, gewonnen.<\/p>\n<p class=\"cardo-r text-left text-white\">Der Besuch eines Steinbruchs ist ein aufregendes Erlebnis, das es Ihnen erm\u00f6glicht, das Herz des Berges zu betreten und das einzigartige Material zu ber\u00fchren, das in der Sonne wie Schnee aussieht und bereits von K\u00fcnstlern wie Michelangelo und Canova sehr gesch\u00e4tzt wurde.<\/p>\n<p class=\"cardo-r text-left text-white\">Die von k\u00fchlen Kastanienw\u00e4ldern bedeckten und von charakteristischen Bergd\u00f6rfern durchzogenen Apuanischen Alpen bieten ein einzigartiges Schauspiel, das von der K\u00fcste der Versilia bis zum offenen Meer reicht.<\/p>\n<p class=\"cardo-r text-left text-white\">Das Aroma unseres Kaffees erreicht auch die Apuanischen Alpen. Finden Sie Ihre Italcaff\u00e8-Kaffeebar und machen Sie ein Foto in dieser wundersch\u00f6nen Umgebung!<\/p>\n<p>[\/vc_column_text][\/vc_column][\/vc_row][\/vc_section][vc_section css=&#8221;.vc_custom_1562340000186{padding-top: 35px !important;padding-bottom: 35px !important;}&#8221;][vc_row css=&#8221;.vc_custom_1562340417257{padding-bottom: 10px !important;}&#8221;][vc_column css=&#8221;.vc_custom_1563271352226{padding-top: 20px !important;}&#8221;][vc_custom_heading divider=&#8221;yes&#8221; text=&#8221;Unterwegs mit dem Kaffee&#8221; font_container=&#8221;tag:h2|font_size:24|text_align:center|line_height:24px&#8221; use_theme_fonts=&#8221;yes&#8221; css_animation=&#8221;none&#8221; separator=&#8221;yes&#8221; el_class=&#8221;text-uppercase&#8221;][\/vc_column][\/vc_row][vc_row css=&#8221;.vc_custom_1563271525592{margin-top: 20px !important;padding-top: 25px !important;}&#8221;][vc_column width=&#8221;1\/3&#8243; el_class=&#8221;box-point-inner box-travel-inner&#8221;][vc_single_image image=&#8221;7606&#8243; img_size=&#8221;full&#8221; alignment=&#8221;center&#8221;][\/vc_column][vc_column width=&#8221;1\/3&#8243; el_class=&#8221;box-point-inner box-travel-inner&#8221;][vc_single_image image=&#8221;27168&#8243; img_size=&#8221;full&#8221; alignment=&#8221;center&#8221;][\/vc_column][vc_column width=&#8221;1\/3&#8243; el_class=&#8221;box-point-inner box-travel-inner&#8221;][vc_single_image image=&#8221;7604&#8243; img_size=&#8221;full&#8221; alignment=&#8221;center&#8221;][\/vc_column][\/vc_row][\/vc_section][vc_section css=&#8221;.vc_custom_1562323900949{margin-top: 0px !important;background-color: #f9f9f9 !important;}&#8221;][vc_row css=&#8221;.vc_custom_1559664737076{margin-top: 0px !important;margin-bottom: 10px !important;padding-top: 5px !important;padding-right: 50px !important;padding-bottom: 30px !important;padding-left: 50px !important;}&#8221; el_class=&#8221;wrap-content-limit&#8221;][vc_column][vc_custom_heading divider=&#8221;yes&#8221; text=&#8221;Shop Italcaff\u00e8&#8221; font_container=&#8221;tag:h2|font_size:24|text_align:center|line_height:24px&#8221; use_theme_fonts=&#8221;yes&#8221; css_animation=&#8221;none&#8221; separator=&#8221;yes&#8221; el_class=&#8221;text-uppercase&#8221;][vc_column_text css=&#8221;.vc_custom_1563804377118{padding-top: 30px !important;}&#8221;]<\/p>\n<p class=\"cardo-r text-center\" style=\"text-align: left;\">Das Aroma der besten Kaffeesorten der Welt kommt mit einem einfachen Klick zu Ihnen nach Hause oder in Ihr Caf\u00e9! Besuchen Sie den Online-Shop und bestellen Sie unsere erlesenen Mischungen in allen Formaten: Kaffeebohnen, gemahlener Kaffee, Kapseln und Pads. Und verpassen Sie nicht das von unserer wundersch\u00f6nen Heimat inspirierte Zubeh\u00f6r. Und verpassen Sie nicht das von unserer wundersch\u00f6nen Heimat inspirierte Zubeh\u00f6r.<\/p>\n<p>[\/vc_column_text][vc_column_text css=&#8221;.vc_custom_1589484442186{padding-top: 30px !important;}&#8221;]<\/p>\n<h3 class=\"vc_custom_heading text-uppercase divider pr text-red\" style=\"font-size: 24px; line-height: 24px; text-align: center;\">Zum Online-Shop<\/h3>\n<p>[\/vc_column_text][vc_btn title=&#8221;Zum Shop&#8221; style=&#8221;flat&#8221; shape=&#8221;square&#8221; color=&#8221;danger&#8221; align=&#8221;center&#8221; el_class=&#8221;mybutton text-white text-uppercase&#8221; link=&#8221;url:https%3A%2F%2Fwww.italcaffe.it%2Fde%2Fshop%2F|||&#8221;][\/vc_column][\/vc_row][\/vc_section][vc_section css=&#8221;.vc_custom_1562339723199{margin-top: 0px !important;padding-top: 0px !important;}&#8221;][vc_row][vc_column][vc_raw_html]PGRpdiBjbGFzcz0ibGluZSI+PC9kaXY+[\/vc_raw_html][\/vc_column][\/vc_row][\/vc_section]<\/p>\n<\/div>","protected":false},"excerpt":{"rendered":"<p>[vc_row fullwidth=&#8221;yes&#8221; wrap=&#8221;yes&#8221; content_placement=&#8221;middle&#8221; css=&#8221;.vc_custom_1558709024464{margin-top: 0px !important;margin-bottom: 0px !important;padding-top: 0px !important;padding-bottom: 0px !important;background-color: #f8f8fa !important;}&#8221;][vc_column css=&#8221;.vc_custom_1522771389256{margin-top: 0px !important;margin-bottom: 0px !important;padding-top: 0px !important;padding-bottom: 0px !important;}&#8221;][\/vc_column][\/vc_row][vc_section css=&#8221;.vc_custom_1562600423043{background-image: url(http:\/\/www.italcaffe.it\/wp-content\/uploads\/2019\/07\/bg-apuane-wide.jpg?id=6256) !important;}&#8221; el_class=&#8221;bg-wide-page&#8221;][vc_row fullwidth=&#8221;yes&#8221; wrap=&#8221;yes&#8221; content_placement=&#8221;middle&#8221; css=&#8221;.vc_custom_1562254883897{padding-top: 5px !important;padding-right: 50px !important;padding-bottom: 30px !important;padding-left: 50px !important;}&#8221; el_class=&#8221;wrap-content-limit&#8221;][vc_column][vc_custom_heading text=&#8221;Das Aroma von Italcaff\u00e8 erreicht die Apuanischen Alpen&#8221; font_container=&#8221;tag:h1|font_size:24|text_align:center|color:%23ffffff|line_height:24px&#8221; use_theme_fonts=&#8221;yes&#8221; css_animation=&#8221;none&#8221; separator=&#8221;yes&#8221; el_class=&#8221;text-uppercase&#8221;][vc_column_text css=&#8221;.vc_custom_1563370686540{padding-top: [&hellip;]<\/p>\n","protected":false},"author":1,"featured_media":0,"parent":7656,"menu_order":0,"comment_status":"closed","ping_status":"closed","template":"","meta":{"_acf_changed":false,"footnotes":""},"class_list":["post-7634","page","type-page","status-publish","hentry"],"acf":[],"yoast_head":"<!-- This site is optimized with the Yoast SEO plugin v27.0 - https:\/\/yoast.com\/product\/yoast-seo-wordpress\/ -->\n<title>Von den Marmorbergen bis zum Meer der Versilia | Italcaff\u00e8<\/title>\n<meta name=\"description\" content=\"Das Herz der Berge verbirgt seine besten Geheimnisse. Das Aroma von Italcaff\u00e8 reicht bis zu den Marmorbergen der Apuanischen Alpen. Online-Verkauf.\" \/>\n<meta name=\"robots\" content=\"index, follow, max-snippet:-1, max-image-preview:large, max-video-preview:-1\" \/>\n<link rel=\"canonical\" href=\"https:\/\/italcaffe.it\/de\/gebiet\/apuanische-alpen\/\" \/>\n<meta property=\"og:locale\" content=\"de_DE\" \/>\n<meta property=\"og:type\" content=\"article\" \/>\n<meta property=\"og:title\" content=\"Von den Marmorbergen bis zum Meer der Versilia | Italcaff\u00e8\" \/>\n<meta property=\"og:description\" content=\"Das Herz der Berge verbirgt seine besten Geheimnisse. Das Aroma von Italcaff\u00e8 reicht bis zu den Marmorbergen der Apuanischen Alpen. Online-Verkauf.\" \/>\n<meta property=\"og:url\" content=\"https:\/\/italcaffe.it\/de\/gebiet\/apuanische-alpen\/\" \/>\n<meta property=\"og:site_name\" content=\"Italcaff\u00e8\" \/>\n<meta property=\"article:modified_time\" content=\"2021-07-13T12:22:36+00:00\" \/>\n<meta name=\"twitter:card\" content=\"summary_large_image\" \/>\n<meta name=\"twitter:label1\" content=\"Gesch\u00e4tzte Lesezeit\" \/>\n\t<meta name=\"twitter:data1\" content=\"4\u00a0Minuten\" \/>\n<script type=\"application\/ld+json\" class=\"yoast-schema-graph\">{\"@context\":\"https:\/\/schema.org\",\"@graph\":[{\"@type\":\"WebPage\",\"@id\":\"https:\/\/italcaffe.it\/de\/gebiet\/apuanische-alpen\/\",\"url\":\"https:\/\/italcaffe.it\/de\/gebiet\/apuanische-alpen\/\",\"name\":\"Von den Marmorbergen bis zum Meer der Versilia | Italcaff\u00e8\",\"isPartOf\":{\"@id\":\"https:\/\/italcaffe.it\/de\/#website\"},\"datePublished\":\"2019-09-19T13:27:13+00:00\",\"dateModified\":\"2021-07-13T12:22:36+00:00\",\"description\":\"Das Herz der Berge verbirgt seine besten Geheimnisse. Das Aroma von Italcaff\u00e8 reicht bis zu den Marmorbergen der Apuanischen Alpen. Online-Verkauf.\",\"breadcrumb\":{\"@id\":\"https:\/\/italcaffe.it\/de\/gebiet\/apuanische-alpen\/#breadcrumb\"},\"inLanguage\":\"de\",\"potentialAction\":[{\"@type\":\"ReadAction\",\"target\":[\"https:\/\/italcaffe.it\/de\/gebiet\/apuanische-alpen\/\"]}]},{\"@type\":\"BreadcrumbList\",\"@id\":\"https:\/\/italcaffe.it\/de\/gebiet\/apuanische-alpen\/#breadcrumb\",\"itemListElement\":[{\"@type\":\"ListItem\",\"position\":1,\"name\":\"Home\",\"item\":\"https:\/\/italcaffe.it\/de\/\"},{\"@type\":\"ListItem\",\"position\":2,\"name\":\"Gebiet\",\"item\":\"https:\/\/italcaffe.it\/de\/gebiet\/\"},{\"@type\":\"ListItem\",\"position\":3,\"name\":\"Apuanische Alpen\"}]},{\"@type\":\"WebSite\",\"@id\":\"https:\/\/italcaffe.it\/de\/#website\",\"url\":\"https:\/\/italcaffe.it\/de\/\",\"name\":\"Italcaff\u00e8\",\"description\":\"50 Anni insieme\",\"potentialAction\":[{\"@type\":\"SearchAction\",\"target\":{\"@type\":\"EntryPoint\",\"urlTemplate\":\"https:\/\/italcaffe.it\/de\/?s={search_term_string}\"},\"query-input\":{\"@type\":\"PropertyValueSpecification\",\"valueRequired\":true,\"valueName\":\"search_term_string\"}}],\"inLanguage\":\"de\"}]}<\/script>\n<!-- \/ Yoast SEO plugin. -->","yoast_head_json":{"title":"Von den Marmorbergen bis zum Meer der Versilia | Italcaff\u00e8","description":"Das Herz der Berge verbirgt seine besten Geheimnisse. Das Aroma von Italcaff\u00e8 reicht bis zu den Marmorbergen der Apuanischen Alpen. Online-Verkauf.","robots":{"index":"index","follow":"follow","max-snippet":"max-snippet:-1","max-image-preview":"max-image-preview:large","max-video-preview":"max-video-preview:-1"},"canonical":"https:\/\/italcaffe.it\/de\/gebiet\/apuanische-alpen\/","og_locale":"de_DE","og_type":"article","og_title":"Von den Marmorbergen bis zum Meer der Versilia | Italcaff\u00e8","og_description":"Das Herz der Berge verbirgt seine besten Geheimnisse. Das Aroma von Italcaff\u00e8 reicht bis zu den Marmorbergen der Apuanischen Alpen. Online-Verkauf.","og_url":"https:\/\/italcaffe.it\/de\/gebiet\/apuanische-alpen\/","og_site_name":"Italcaff\u00e8","article_modified_time":"2021-07-13T12:22:36+00:00","twitter_card":"summary_large_image","twitter_misc":{"Gesch\u00e4tzte Lesezeit":"4\u00a0Minuten"},"schema":{"@context":"https:\/\/schema.org","@graph":[{"@type":"WebPage","@id":"https:\/\/italcaffe.it\/de\/gebiet\/apuanische-alpen\/","url":"https:\/\/italcaffe.it\/de\/gebiet\/apuanische-alpen\/","name":"Von den Marmorbergen bis zum Meer der Versilia | Italcaff\u00e8","isPartOf":{"@id":"https:\/\/italcaffe.it\/de\/#website"},"datePublished":"2019-09-19T13:27:13+00:00","dateModified":"2021-07-13T12:22:36+00:00","description":"Das Herz der Berge verbirgt seine besten Geheimnisse. Das Aroma von Italcaff\u00e8 reicht bis zu den Marmorbergen der Apuanischen Alpen. Online-Verkauf.","breadcrumb":{"@id":"https:\/\/italcaffe.it\/de\/gebiet\/apuanische-alpen\/#breadcrumb"},"inLanguage":"de","potentialAction":[{"@type":"ReadAction","target":["https:\/\/italcaffe.it\/de\/gebiet\/apuanische-alpen\/"]}]},{"@type":"BreadcrumbList","@id":"https:\/\/italcaffe.it\/de\/gebiet\/apuanische-alpen\/#breadcrumb","itemListElement":[{"@type":"ListItem","position":1,"name":"Home","item":"https:\/\/italcaffe.it\/de\/"},{"@type":"ListItem","position":2,"name":"Gebiet","item":"https:\/\/italcaffe.it\/de\/gebiet\/"},{"@type":"ListItem","position":3,"name":"Apuanische Alpen"}]},{"@type":"WebSite","@id":"https:\/\/italcaffe.it\/de\/#website","url":"https:\/\/italcaffe.it\/de\/","name":"Italcaff\u00e8","description":"50 Anni insieme","potentialAction":[{"@type":"SearchAction","target":{"@type":"EntryPoint","urlTemplate":"https:\/\/italcaffe.it\/de\/?s={search_term_string}"},"query-input":{"@type":"PropertyValueSpecification","valueRequired":true,"valueName":"search_term_string"}}],"inLanguage":"de"}]}},"_links":{"self":[{"href":"https:\/\/italcaffe.it\/de\/wp-json\/wp\/v2\/pages\/7634","targetHints":{"allow":["GET"]}}],"collection":[{"href":"https:\/\/italcaffe.it\/de\/wp-json\/wp\/v2\/pages"}],"about":[{"href":"https:\/\/italcaffe.it\/de\/wp-json\/wp\/v2\/types\/page"}],"author":[{"embeddable":true,"href":"https:\/\/italcaffe.it\/de\/wp-json\/wp\/v2\/users\/1"}],"replies":[{"embeddable":true,"href":"https:\/\/italcaffe.it\/de\/wp-json\/wp\/v2\/comments?post=7634"}],"version-history":[{"count":0,"href":"https:\/\/italcaffe.it\/de\/wp-json\/wp\/v2\/pages\/7634\/revisions"}],"up":[{"embeddable":true,"href":"https:\/\/italcaffe.it\/de\/wp-json\/wp\/v2\/pages\/7656"}],"wp:attachment":[{"href":"https:\/\/italcaffe.it\/de\/wp-json\/wp\/v2\/media?parent=7634"}],"curies":[{"name":"wp","href":"https:\/\/api.w.org\/{rel}","templated":true}]}}