{"id":7639,"date":"2019-09-19T14:38:47","date_gmt":"2019-09-19T13:38:47","guid":{"rendered":"https:\/\/www.italcaffe.it\/tigullien\/"},"modified":"2021-07-13T14:19:09","modified_gmt":"2021-07-13T13:19:09","slug":"tigullien","status":"publish","type":"page","link":"https:\/\/italcaffe.it\/de\/gebiet\/tigullien\/","title":{"rendered":"Tigullien"},"content":{"rendered":"<div class=\"wpb-content-wrapper\"><p>[vc_row fullwidth=&#8221;yes&#8221; wrap=&#8221;yes&#8221; content_placement=&#8221;middle&#8221; css=&#8221;.vc_custom_1558709024464{margin-top: 0px !important;margin-bottom: 0px !important;padding-top: 0px !important;padding-bottom: 0px !important;background-color: #f8f8fa !important;}&#8221;][vc_column css=&#8221;.vc_custom_1522771389256{margin-top: 0px !important;margin-bottom: 0px !important;padding-top: 0px !important;padding-bottom: 0px !important;}&#8221;]<div id=\"metaslider-id-6226\" style=\"width: 100%; margin: 0 auto;\" class=\"ml-slider-3-105-0 metaslider metaslider-flex metaslider-6226 ml-slider has-dots-nav ms-theme-default\" role=\"region\" aria-label=\"Tigullio\" data-height=\"870\" data-width=\"1920\">\n    <div id=\"metaslider_container_6226\">\n        <div id=\"metaslider_6226\">\n            <ul class='slides'>\n                <li style=\"display: block; width: 100%;\" class=\"slide-6227 ms-image \" aria-roledescription=\"slide\" data-date=\"2019-07-05 17:23:39\" data-filename=\"1920x870_TIGULLIO.jpg\" data-slide-type=\"image\"><img loading=\"lazy\" decoding=\"async\" src=\"https:\/\/italcaffe.it\/wp-content\/uploads\/2019\/09\/1920x870_TIGULLIO.jpg\" height=\"870\" width=\"1920\" alt=\"\" class=\"slider-6226 slide-6227 msDefaultImage\" title=\"1920x870_TIGULLIO\" \/><\/li>\n            <\/ul>\n        <\/div>\n        \n    <\/div>\n<\/div>[\/vc_column][\/vc_row][vc_section css=&#8221;.vc_custom_1563543879806{background-image: url(http:\/\/www.italcaffe.it\/wp-content\/uploads\/2019\/07\/tigullio-bg-wide.jpg?id=6579) !important;}&#8221;][vc_row fullwidth=&#8221;yes&#8221; wrap=&#8221;yes&#8221; content_placement=&#8221;middle&#8221; css=&#8221;.vc_custom_1562254883897{padding-top: 5px !important;padding-right: 50px !important;padding-bottom: 30px !important;padding-left: 50px !important;}&#8221; el_class=&#8221;wrap-content-limit&#8221;][vc_column][vc_custom_heading text=&#8221;Das Aroma von Italcaff\u00e8 erreicht den Golf von Tigullien&#8221; font_container=&#8221;tag:h1|font_size:24|text_align:center|color:%23ffffff|line_height:24px&#8221; use_theme_fonts=&#8221;yes&#8221; css_animation=&#8221;none&#8221; separator=&#8221;yes&#8221; el_class=&#8221;text-uppercase&#8221;][vc_column_text css=&#8221;.vc_custom_1564132939924{padding-top: 30px !important;}&#8221;]<\/p>\n<p class=\"cardo-r text-left text-white\" style=\"text-align: center;\">In diesen K\u00fcstenabschnitt, in dem sich Natur und Mond\u00e4nit\u00e4t miteinander vermischen und die Atmosph\u00e4re des typisch italienischen Dolce Vita schaffen,<br \/>\ngelangt das Aroma von Italcaff\u00e8.<\/p>\n<p>[\/vc_column_text][\/vc_column][\/vc_row][\/vc_section][vc_section][vc_row css=&#8221;.vc_custom_1561455897932{margin-top: 0px !important;margin-bottom: 20px !important;padding-top: 5px !important;padding-right: 50px !important;padding-bottom: 30px !important;padding-left: 50px !important;}&#8221; el_class=&#8221;wrap-content-limit&#8221;][vc_column][vc_custom_heading divider=&#8221;yes&#8221; text=&#8221;Tigullien&#8221; font_container=&#8221;tag:h2|font_size:24|text_align:center|line_height:24px&#8221; use_theme_fonts=&#8221;yes&#8221; css_animation=&#8221;none&#8221; separator=&#8221;yes&#8221; el_class=&#8221;text-uppercase&#8221;][vc_column_text css=&#8221;.vc_custom_1564132445254{padding-top: 30px !important;}&#8221;]<\/p>\n<p class=\"cardo-r text-left\">Tigullien bezeichnet jenen Teil der K\u00fcste, der sich von Genua bis Sestri Levante erstreckt und die Landzunge von Portofino miteinschlie\u00dft.<\/p>\n<p>Ein K\u00fcstenabschnitt, in dem sich Natur und Mond\u00e4nit\u00e4t miteinander vermischen und die Atmosph\u00e4re des typisch italienischen Dolce Vita schaffen.<\/p>\n<p class=\"cardo-r text-left\">Die D\u00f6rfer liegen in weiten Buchten, in denen die farbenfrohen und mit Fresken geschm\u00fcckten H\u00e4user Kapit\u00e4ne und Seeleute hervorbrachten und sich mit den gro\u00dfen historischen Villen und antiken Kirchen abwechseln.<\/p>\n<p>Fischerboote liegen neben Yachten und Segelbooten, w\u00e4hrend dank der unber\u00fchrten Natur \u00fcppige G\u00e4rten gedeihen.[\/vc_column_text][\/vc_column][\/vc_row][\/vc_section][vc_section][vc_row content_placement=&#8221;middle&#8221; el_class=&#8221;box-point-wrap&#8221; css=&#8221;.vc_custom_1569253274916{background-color: #e40520 !important;}&#8221;][vc_column width=&#8221;1\/2&#8243; el_class=&#8221;box-point-inner box-terr-img-new box-terr-img-tigullio&#8221;][vc_single_image image=&#8221;7982&#8243; img_size=&#8221;full&#8221; alignment=&#8221;center&#8221;][\/vc_column][vc_column width=&#8221;1\/2&#8243; background_position=&#8221;left center&#8221; el_class=&#8221;box-terr-text&#8221;][vc_column_text]<\/p>\n<p class=\"cardo-r text-left text-white\">Die am Ende der Gassen liegenden Pl\u00e4tze sind blumengeschm\u00fcckte, einladende und gesch\u00fctzte Wohnzimmer unter freiem Himmel, die einen unverwechselbaren Charme ausstrahlen.<\/p>\n<p class=\"cardo-r text-left text-white\">W\u00e4hrend Petrarca in seinem Werk \u201eAfrica\u201c von diesen &#8220;gewundenen Str\u00e4nden&#8221; spricht, fand Wagner in der Baia del Silenzio seinen Frieden und die Inspiration f\u00fcr einige seiner Werke.<\/p>\n<p class=\"cardo-r text-left text-white\">Das Aroma unseres Kaffees erreicht auch Tigullien. Finden Sie Ihre Italcaff\u00e8-Kaffeebar und machen Sie ein Foto in dieser wundersch\u00f6nen Umgebung!<\/p>\n<p>[\/vc_column_text][\/vc_column][\/vc_row][\/vc_section][vc_section css=&#8221;.vc_custom_1562340000186{padding-top: 35px !important;padding-bottom: 35px !important;}&#8221;][vc_row css=&#8221;.vc_custom_1562340417257{padding-bottom: 10px !important;}&#8221;][vc_column css=&#8221;.vc_custom_1563271666707{padding-top: 20px !important;}&#8221;][vc_custom_heading divider=&#8221;yes&#8221; text=&#8221;Unterwegs mit dem Kaffee&#8221; font_container=&#8221;tag:h2|font_size:24|text_align:center|line_height:24px&#8221; use_theme_fonts=&#8221;yes&#8221; css_animation=&#8221;none&#8221; separator=&#8221;yes&#8221; el_class=&#8221;text-uppercase&#8221;][\/vc_column][\/vc_row][vc_row css=&#8221;.vc_custom_1563271672642{margin-top: 20px !important;padding-top: 25px !important;}&#8221;][vc_column width=&#8221;1\/3&#8243; el_class=&#8221;box-point-inner box-travel-inner&#8221;][vc_single_image image=&#8221;7618&#8243; img_size=&#8221;full&#8221; alignment=&#8221;center&#8221;][\/vc_column][vc_column width=&#8221;1\/3&#8243; el_class=&#8221;box-point-inner box-travel-inner&#8221;][vc_single_image image=&#8221;7614&#8243; img_size=&#8221;full&#8221; alignment=&#8221;center&#8221;][\/vc_column][vc_column width=&#8221;1\/3&#8243; el_class=&#8221;box-point-inner box-travel-inner&#8221;][vc_single_image image=&#8221;7616&#8243; img_size=&#8221;full&#8221; alignment=&#8221;center&#8221;][\/vc_column][\/vc_row][\/vc_section][vc_section css=&#8221;.vc_custom_1562323900949{margin-top: 0px !important;background-color: #f9f9f9 !important;}&#8221;][vc_row css=&#8221;.vc_custom_1559664737076{margin-top: 0px !important;margin-bottom: 10px !important;padding-top: 5px !important;padding-right: 50px !important;padding-bottom: 30px !important;padding-left: 50px !important;}&#8221; el_class=&#8221;wrap-content-limit&#8221;][vc_column][vc_custom_heading divider=&#8221;yes&#8221; text=&#8221;Shop Italcaff\u00e8&#8221; font_container=&#8221;tag:h2|font_size:24|text_align:center|line_height:24px&#8221; use_theme_fonts=&#8221;yes&#8221; css_animation=&#8221;none&#8221; separator=&#8221;yes&#8221; el_class=&#8221;text-uppercase&#8221;][vc_column_text css=&#8221;.vc_custom_1563805013602{padding-top: 30px !important;}&#8221;]<\/p>\n<p class=\"cardo-r text-center\" style=\"text-align: left;\">Das Aroma der besten Kaffeesorten der Welt kommt mit einem einfachen Klick zu Ihnen nach Hause oder in Ihr Caf\u00e9! Besuchen Sie den Online-Shop und bestellen Sie unsere erlesenen Mischungen in allen Formaten: Kaffeebohnen, gemahlener Kaffee, Kapseln und Pads. Und verpassen Sie nicht das von unserer wundersch\u00f6nen Heimat inspirierte Zubeh\u00f6r. Und verpassen Sie nicht das von unserer wundersch\u00f6nen Heimat inspirierte Zubeh\u00f6r.<\/p>\n<p>[\/vc_column_text][vc_column_text css=&#8221;.vc_custom_1589484084123{padding-top: 30px !important;}&#8221;]<\/p>\n<h3 class=\"vc_custom_heading text-uppercase divider pr text-red\" style=\"font-size: 24px; line-height: 24px; text-align: center;\">Zum Online-Shop<\/h3>\n<p>[\/vc_column_text][vc_btn title=&#8221;Zum Shop&#8221; style=&#8221;flat&#8221; shape=&#8221;square&#8221; color=&#8221;danger&#8221; align=&#8221;center&#8221; el_class=&#8221;mybutton text-white text-uppercase&#8221; link=&#8221;url:https%3A%2F%2Fwww.italcaffe.it%2Fde%2Fshop%2F|||&#8221;][\/vc_column][\/vc_row][\/vc_section][vc_section css=&#8221;.vc_custom_1562339723199{margin-top: 0px !important;padding-top: 0px !important;}&#8221;][vc_row][vc_column][vc_raw_html]PGRpdiBjbGFzcz0ibGluZSI+PC9kaXY+[\/vc_raw_html][\/vc_column][\/vc_row][\/vc_section]<\/p>\n<\/div>","protected":false},"excerpt":{"rendered":"<p>[vc_row fullwidth=&#8221;yes&#8221; wrap=&#8221;yes&#8221; content_placement=&#8221;middle&#8221; css=&#8221;.vc_custom_1558709024464{margin-top: 0px !important;margin-bottom: 0px !important;padding-top: 0px !important;padding-bottom: 0px !important;background-color: #f8f8fa !important;}&#8221;][vc_column css=&#8221;.vc_custom_1522771389256{margin-top: 0px !important;margin-bottom: 0px !important;padding-top: 0px !important;padding-bottom: 0px !important;}&#8221;][\/vc_column][\/vc_row][vc_section css=&#8221;.vc_custom_1563543879806{background-image: url(http:\/\/www.italcaffe.it\/wp-content\/uploads\/2019\/07\/tigullio-bg-wide.jpg?id=6579) !important;}&#8221;][vc_row fullwidth=&#8221;yes&#8221; wrap=&#8221;yes&#8221; content_placement=&#8221;middle&#8221; css=&#8221;.vc_custom_1562254883897{padding-top: 5px !important;padding-right: 50px !important;padding-bottom: 30px !important;padding-left: 50px !important;}&#8221; el_class=&#8221;wrap-content-limit&#8221;][vc_column][vc_custom_heading text=&#8221;Das Aroma von Italcaff\u00e8 erreicht den Golf von Tigullien&#8221; font_container=&#8221;tag:h1|font_size:24|text_align:center|color:%23ffffff|line_height:24px&#8221; use_theme_fonts=&#8221;yes&#8221; css_animation=&#8221;none&#8221; separator=&#8221;yes&#8221; el_class=&#8221;text-uppercase&#8221;][vc_column_text css=&#8221;.vc_custom_1564132939924{padding-top: [&hellip;]<\/p>\n","protected":false},"author":1,"featured_media":0,"parent":7656,"menu_order":0,"comment_status":"closed","ping_status":"closed","template":"","meta":{"_acf_changed":false,"footnotes":""},"class_list":["post-7639","page","type-page","status-publish","hentry"],"acf":[],"yoast_head":"<!-- This site is optimized with the Yoast SEO plugin v27.0 - https:\/\/yoast.com\/product\/yoast-seo-wordpress\/ -->\n<title>Der authentische Kaffee in der Atmosph\u00e4re des Golfs von Tigullien | Italcaff\u00e8<\/title>\n<meta name=\"description\" content=\"Echter Kaffeegenuss aus dem Golf von Tigullien, wo sich Natur und Mond\u00e4nit\u00e4t in einer Atmosph\u00e4re des Dolce Vita miteinander vermischen.\" \/>\n<meta name=\"robots\" content=\"index, follow, max-snippet:-1, max-image-preview:large, max-video-preview:-1\" \/>\n<link rel=\"canonical\" href=\"https:\/\/italcaffe.it\/de\/gebiet\/tigullien\/\" \/>\n<meta property=\"og:locale\" content=\"de_DE\" \/>\n<meta property=\"og:type\" content=\"article\" \/>\n<meta property=\"og:title\" content=\"Der authentische Kaffee in der Atmosph\u00e4re des Golfs von Tigullien | Italcaff\u00e8\" \/>\n<meta property=\"og:description\" content=\"Echter Kaffeegenuss aus dem Golf von Tigullien, wo sich Natur und Mond\u00e4nit\u00e4t in einer Atmosph\u00e4re des Dolce Vita miteinander vermischen.\" \/>\n<meta property=\"og:url\" content=\"https:\/\/italcaffe.it\/de\/gebiet\/tigullien\/\" \/>\n<meta property=\"og:site_name\" content=\"Italcaff\u00e8\" \/>\n<meta property=\"article:modified_time\" content=\"2021-07-13T13:19:09+00:00\" \/>\n<meta name=\"twitter:card\" content=\"summary_large_image\" \/>\n<meta name=\"twitter:label1\" content=\"Gesch\u00e4tzte Lesezeit\" \/>\n\t<meta name=\"twitter:data1\" content=\"4\u00a0Minuten\" \/>\n<script type=\"application\/ld+json\" class=\"yoast-schema-graph\">{\"@context\":\"https:\/\/schema.org\",\"@graph\":[{\"@type\":\"WebPage\",\"@id\":\"https:\/\/italcaffe.it\/de\/gebiet\/tigullien\/\",\"url\":\"https:\/\/italcaffe.it\/de\/gebiet\/tigullien\/\",\"name\":\"Der authentische Kaffee in der Atmosph\u00e4re des Golfs von Tigullien | Italcaff\u00e8\",\"isPartOf\":{\"@id\":\"https:\/\/italcaffe.it\/de\/#website\"},\"datePublished\":\"2019-09-19T13:38:47+00:00\",\"dateModified\":\"2021-07-13T13:19:09+00:00\",\"description\":\"Echter Kaffeegenuss aus dem Golf von Tigullien, wo sich Natur und Mond\u00e4nit\u00e4t in einer Atmosph\u00e4re des Dolce Vita miteinander vermischen.\",\"breadcrumb\":{\"@id\":\"https:\/\/italcaffe.it\/de\/gebiet\/tigullien\/#breadcrumb\"},\"inLanguage\":\"de\",\"potentialAction\":[{\"@type\":\"ReadAction\",\"target\":[\"https:\/\/italcaffe.it\/de\/gebiet\/tigullien\/\"]}]},{\"@type\":\"BreadcrumbList\",\"@id\":\"https:\/\/italcaffe.it\/de\/gebiet\/tigullien\/#breadcrumb\",\"itemListElement\":[{\"@type\":\"ListItem\",\"position\":1,\"name\":\"Home\",\"item\":\"https:\/\/italcaffe.it\/de\/\"},{\"@type\":\"ListItem\",\"position\":2,\"name\":\"Gebiet\",\"item\":\"https:\/\/italcaffe.it\/de\/gebiet\/\"},{\"@type\":\"ListItem\",\"position\":3,\"name\":\"Tigullien\"}]},{\"@type\":\"WebSite\",\"@id\":\"https:\/\/italcaffe.it\/de\/#website\",\"url\":\"https:\/\/italcaffe.it\/de\/\",\"name\":\"Italcaff\u00e8\",\"description\":\"50 Anni insieme\",\"potentialAction\":[{\"@type\":\"SearchAction\",\"target\":{\"@type\":\"EntryPoint\",\"urlTemplate\":\"https:\/\/italcaffe.it\/de\/?s={search_term_string}\"},\"query-input\":{\"@type\":\"PropertyValueSpecification\",\"valueRequired\":true,\"valueName\":\"search_term_string\"}}],\"inLanguage\":\"de\"}]}<\/script>\n<!-- \/ Yoast SEO plugin. -->","yoast_head_json":{"title":"Der authentische Kaffee in der Atmosph\u00e4re des Golfs von Tigullien | Italcaff\u00e8","description":"Echter Kaffeegenuss aus dem Golf von Tigullien, wo sich Natur und Mond\u00e4nit\u00e4t in einer Atmosph\u00e4re des Dolce Vita miteinander vermischen.","robots":{"index":"index","follow":"follow","max-snippet":"max-snippet:-1","max-image-preview":"max-image-preview:large","max-video-preview":"max-video-preview:-1"},"canonical":"https:\/\/italcaffe.it\/de\/gebiet\/tigullien\/","og_locale":"de_DE","og_type":"article","og_title":"Der authentische Kaffee in der Atmosph\u00e4re des Golfs von Tigullien | Italcaff\u00e8","og_description":"Echter Kaffeegenuss aus dem Golf von Tigullien, wo sich Natur und Mond\u00e4nit\u00e4t in einer Atmosph\u00e4re des Dolce Vita miteinander vermischen.","og_url":"https:\/\/italcaffe.it\/de\/gebiet\/tigullien\/","og_site_name":"Italcaff\u00e8","article_modified_time":"2021-07-13T13:19:09+00:00","twitter_card":"summary_large_image","twitter_misc":{"Gesch\u00e4tzte Lesezeit":"4\u00a0Minuten"},"schema":{"@context":"https:\/\/schema.org","@graph":[{"@type":"WebPage","@id":"https:\/\/italcaffe.it\/de\/gebiet\/tigullien\/","url":"https:\/\/italcaffe.it\/de\/gebiet\/tigullien\/","name":"Der authentische Kaffee in der Atmosph\u00e4re des Golfs von Tigullien | Italcaff\u00e8","isPartOf":{"@id":"https:\/\/italcaffe.it\/de\/#website"},"datePublished":"2019-09-19T13:38:47+00:00","dateModified":"2021-07-13T13:19:09+00:00","description":"Echter Kaffeegenuss aus dem Golf von Tigullien, wo sich Natur und Mond\u00e4nit\u00e4t in einer Atmosph\u00e4re des Dolce Vita miteinander vermischen.","breadcrumb":{"@id":"https:\/\/italcaffe.it\/de\/gebiet\/tigullien\/#breadcrumb"},"inLanguage":"de","potentialAction":[{"@type":"ReadAction","target":["https:\/\/italcaffe.it\/de\/gebiet\/tigullien\/"]}]},{"@type":"BreadcrumbList","@id":"https:\/\/italcaffe.it\/de\/gebiet\/tigullien\/#breadcrumb","itemListElement":[{"@type":"ListItem","position":1,"name":"Home","item":"https:\/\/italcaffe.it\/de\/"},{"@type":"ListItem","position":2,"name":"Gebiet","item":"https:\/\/italcaffe.it\/de\/gebiet\/"},{"@type":"ListItem","position":3,"name":"Tigullien"}]},{"@type":"WebSite","@id":"https:\/\/italcaffe.it\/de\/#website","url":"https:\/\/italcaffe.it\/de\/","name":"Italcaff\u00e8","description":"50 Anni insieme","potentialAction":[{"@type":"SearchAction","target":{"@type":"EntryPoint","urlTemplate":"https:\/\/italcaffe.it\/de\/?s={search_term_string}"},"query-input":{"@type":"PropertyValueSpecification","valueRequired":true,"valueName":"search_term_string"}}],"inLanguage":"de"}]}},"_links":{"self":[{"href":"https:\/\/italcaffe.it\/de\/wp-json\/wp\/v2\/pages\/7639","targetHints":{"allow":["GET"]}}],"collection":[{"href":"https:\/\/italcaffe.it\/de\/wp-json\/wp\/v2\/pages"}],"about":[{"href":"https:\/\/italcaffe.it\/de\/wp-json\/wp\/v2\/types\/page"}],"author":[{"embeddable":true,"href":"https:\/\/italcaffe.it\/de\/wp-json\/wp\/v2\/users\/1"}],"replies":[{"embeddable":true,"href":"https:\/\/italcaffe.it\/de\/wp-json\/wp\/v2\/comments?post=7639"}],"version-history":[{"count":0,"href":"https:\/\/italcaffe.it\/de\/wp-json\/wp\/v2\/pages\/7639\/revisions"}],"up":[{"embeddable":true,"href":"https:\/\/italcaffe.it\/de\/wp-json\/wp\/v2\/pages\/7656"}],"wp:attachment":[{"href":"https:\/\/italcaffe.it\/de\/wp-json\/wp\/v2\/media?parent=7639"}],"curies":[{"name":"wp","href":"https:\/\/api.w.org\/{rel}","templated":true}]}}