{"id":7650,"date":"2019-09-19T15:03:19","date_gmt":"2019-09-19T14:03:19","guid":{"rendered":"https:\/\/www.italcaffe.it\/kontakt\/"},"modified":"2020-03-18T00:35:51","modified_gmt":"2020-03-17T23:35:51","slug":"kontakt","status":"publish","type":"page","link":"https:\/\/italcaffe.it\/de\/kontakt\/","title":{"rendered":"Kontakt"},"content":{"rendered":"<div class=\"wpb-content-wrapper\"><p>[vc_section][vc_row el_class=&#8221;wrap-content-limit&#8221;][vc_column css=&#8221;.vc_custom_1563814902538{padding-top: 25px !important;padding-bottom: 25px !important;}&#8221;][vc_column_text el_class=&#8221;text-montserrat&#8221;]M\u00f6chten Sie eine Italcaff\u00e8-Kaffeebar werden? W\u00fcnschen Sie Informationen zu unseren Produkten oder m\u00f6chten Sie einfach nur mit uns plaudern? Z\u00f6gern Sie nicht, uns zu schreiben oder anzurufen!<\/p>\n<p>Nachfolgend finden Sie alle eventuell n\u00fctzlichen Informationen.[\/vc_column_text][\/vc_column][\/vc_row][vc_row el_class=&#8221;wrap-content-limit&#8221;][vc_column width=&#8221;1\/2&#8243;][vc_column_text]<\/p>\n<h4 class=\"text-uppercase\">Ihre Nachricht<\/h4>\n<p>[\/vc_column_text]\n<div class=\"wpcf7 no-js\" id=\"wpcf7-f7709-o1\" lang=\"en-US\" dir=\"ltr\" data-wpcf7-id=\"7709\">\n<div class=\"screen-reader-response\"><p role=\"status\" aria-live=\"polite\" aria-atomic=\"true\"><\/p> <ul><\/ul><\/div>\n<form action=\"\/de\/wp-json\/wp\/v2\/pages\/7650#wpcf7-f7709-o1\" method=\"post\" class=\"wpcf7-form init\" aria-label=\"Contact form\" novalidate=\"novalidate\" data-status=\"init\">\n<fieldset class=\"hidden-fields-container\"><input type=\"hidden\" name=\"_wpcf7\" value=\"7709\" \/><input type=\"hidden\" name=\"_wpcf7_version\" value=\"6.1.5\" \/><input type=\"hidden\" name=\"_wpcf7_locale\" value=\"en_US\" \/><input type=\"hidden\" name=\"_wpcf7_unit_tag\" value=\"wpcf7-f7709-o1\" \/><input type=\"hidden\" name=\"_wpcf7_container_post\" value=\"0\" \/><input type=\"hidden\" name=\"_wpcf7_posted_data_hash\" value=\"\" \/>\n<\/fieldset>\n<p>Name <sup class=\"text-red\">*<\/sup>\n<\/p>\n<p><span class=\"wpcf7-form-control-wrap\" data-name=\"your-name\"><input size=\"40\" maxlength=\"400\" class=\"wpcf7-form-control wpcf7-text wpcf7-validates-as-required\" aria-required=\"true\" aria-invalid=\"false\" value=\"\" type=\"text\" name=\"your-name\" \/><\/span>\n<\/p>\n<p>E-Mail <sup class=\"text-red\">*<\/sup>\n<\/p>\n<p><span class=\"wpcf7-form-control-wrap\" data-name=\"mc4wp-EMAIL\"><input size=\"40\" maxlength=\"400\" class=\"wpcf7-form-control wpcf7-email wpcf7-validates-as-required wpcf7-text wpcf7-validates-as-email\" id=\"name\" aria-required=\"true\" aria-invalid=\"false\" value=\"\" type=\"email\" name=\"mc4wp-EMAIL\" \/><\/span>\n<\/p>\n<p>Telefon\n<\/p>\n<p><span class=\"wpcf7-form-control-wrap\" data-name=\"your-phone\"><input size=\"40\" maxlength=\"400\" class=\"wpcf7-form-control wpcf7-text\" aria-invalid=\"false\" value=\"\" type=\"text\" name=\"your-phone\" \/><\/span>\n<\/p>\n<p>Ihre Nachricht <sup class=\"text-red\">*<\/sup>\n<\/p>\n<p><span class=\"wpcf7-form-control-wrap\" data-name=\"your-message\"><textarea cols=\"40\" rows=\"10\" maxlength=\"2000\" class=\"wpcf7-form-control wpcf7-textarea wpcf7-validates-as-required\" aria-required=\"true\" aria-invalid=\"false\" name=\"your-message\"><\/textarea><\/span>\n<\/p>\n<p><span id=\"wpcf7-6a01cabf22cd7-wrapper\" class=\"wpcf7-form-control-wrap email-alt-wrap\" style=\"display:none !important; visibility:hidden !important;\"><label for=\"email-alt\" class=\"hp-message\">Please leave this field empty.<\/label><input id=\"email-alt\"  class=\"wpcf7-form-control wpcf7-text\" type=\"text\" name=\"email-alt\" value=\"\" size=\"40\" tabindex=\"-1\" autocomplete=\"new-password\" \/><\/span>\n<\/p>\n<p style=\"font-size:16px;\"><span class=\"wpcf7-form-control-wrap\" data-name=\"term-policy\"><span class=\"wpcf7-form-control wpcf7-checkbox wpcf7-validates-as-required\"><span class=\"wpcf7-list-item first last\"><input type=\"checkbox\" name=\"term-policy[]\" value=\"Der Benutzer erkl\u00e4rt, dass er die von Italcaff\u00e8 S.p.A. bereitgestellten Informationen gem\u00e4\u00df den Artikeln 13 und 14 der EU-Datenschutz-Grundverordnung (\u201cDSGVO\u201d) gelesen hat und von dieser Website im Abschnitt Datenschutz heruntergeladen werden kann.\" \/><span class=\"wpcf7-list-item-label\">Der Benutzer erkl\u00e4rt, dass er die von Italcaff\u00e8 S.p.A. bereitgestellten Informationen gem\u00e4\u00df den Artikeln 13 und 14 der EU-Datenschutz-Grundverordnung (\u201cDSGVO\u201d) gelesen hat und von dieser Website im Abschnitt Datenschutz heruntergeladen werden kann.<\/span><\/span><\/span><\/span>\n<\/p>\n<p style=\"font-size:16px;\"><span class=\"wpcf7-form-control-wrap\" data-name=\"newsletter\"><span class=\"wpcf7-form-control wpcf7-checkbox\"><span class=\"wpcf7-list-item first last\"><input type=\"checkbox\" name=\"newsletter[]\" value=\"Der Benutzer erteilt seine freiwillige und ausdr\u00fcckliche Zustimmung zur Verarbeitung gem\u00e4\u00df den Informationen (vom Benutzer freiwillig bereitgestellte Daten) f\u00fcr den Erhalt von Newslettern und\/oder Werbematerial zu unseren Produkten und Dienstleistungen.\" \/><span class=\"wpcf7-list-item-label\">Der Benutzer erteilt seine freiwillige und ausdr\u00fcckliche Zustimmung zur Verarbeitung gem\u00e4\u00df den Informationen (vom Benutzer freiwillig bereitgestellte Daten) f\u00fcr den Erhalt von Newslettern und\/oder Werbematerial zu unseren Produkten und Dienstleistungen.<\/span><\/span><\/span><\/span>\n<\/p>\n<p><span class=\"wpcf7-form-control-wrap\" data-name=\"quiz-985\"><label><span class=\"wpcf7-quiz-label\">Wie viel ist 2+7?<\/span> <input size=\"40\" class=\"wpcf7-form-control wpcf7-quiz\" autocomplete=\"off\" aria-required=\"true\" aria-invalid=\"false\" type=\"text\" name=\"quiz-985\" \/><\/label><input type=\"hidden\" name=\"_wpcf7_quiz_answer_quiz-985\" value=\"393f16a2003bda08a83db937218fd2d8\" \/><\/span>\n<\/p>\n<p class=\"myform\"><input class=\"wpcf7-form-control wpcf7-submit has-spinner\" type=\"submit\" value=\"NACHRICHT SENDEN\" \/>\n<\/p>\n<div style=\"display:none;\">\n\t<p><!-- Mailchimp for WordPress v4.11.1 - https:\/\/www.mc4wp.com\/ --><input type=\"hidden\" name=\"_mc4wp_subscribe_contact-form-7\" value=\"0\" \/><span class=\"mc4wp-checkbox mc4wp-checkbox-contact-form-7 \"><label><input type=\"checkbox\" name=\"_mc4wp_subscribe_contact-form-7\" value=\"1\" checked=\"checked\"><span>Iscrivimi alla newsletter!<\/span><\/label><\/span><!-- \/ Mailchimp for WordPress -->\n\t<\/p>\n<\/div><input type='hidden' class='wpcf7-pum' value='{\"closepopup\":false,\"closedelay\":0,\"openpopup\":false,\"openpopup_id\":0}' \/><div class=\"wpcf7-response-output\" aria-hidden=\"true\"><\/div>\n<\/form>\n<\/div>\n[\/vc_column][vc_column width=&#8221;1\/2&#8243;][vc_raw_html]JTNDZGl2JTIwY2xhc3MlM0QlMjJpbmZvLWNvbnRhdHRpJTIyJTNFJTBBJTNDaSUyMGNsYXNzJTNEJTIyaWNvLWNvbnRhdHRpJTIwaWNvLW1hcCUyMiUzRSUzQyUyRmklM0UlMEElM0NwJTNFSXRhbGNhZmYlQzMlQTglMjBTLnAuQS4lMjAlN0MlMjBWaWElMjBHYWxpbGVvJTIwR2FsaWxlaSUyQyUyMDE4JTBBJTNDYnIlM0UxOTAyMCUyMENlcGFyYW5hJTIwJTI4U1AlMjklMjAtJTIwSXRhbGlhJTNDJTJGcCUzRSUwQSUzQyUyRmRpdiUzRSUwQSUwQSUwQSUzQ2RpdiUyMGNsYXNzJTNEJTIyaW5mby1jb250YXR0aSUyMiUzRSUwQSUzQ2klMjBjbGFzcyUzRCUyMmljby1jb250YXR0aSUyMGljby10ZWwlMjIlM0UlM0MlMkZpJTNFJTBBJTNDcCUzRVRlbCUyMCUyQjM5JTIwMDE4NyUyMDkzMzcxMSUzQyUyRnAlM0UlMEElM0MlMkZkaXYlM0UlMEElMEElMEElM0NkaXYlMjBjbGFzcyUzRCUyMmluZm8tY29udGF0dGklMjIlM0UlMEElM0NpJTIwY2xhc3MlM0QlMjJpY28tY29udGF0dGklMjBpY28tZmF4JTIyJTNFJTNDJTJGaSUzRSUwQSUzQ3AlM0VGYXglMjAlMkIzOSUyMDAxODclMjA5MzM3NDAlM0MlMkZwJTNFJTBBJTNDJTJGZGl2JTNFJTBBJTBBJTBBJTNDZGl2JTIwY2xhc3MlM0QlMjJpbmZvLWNvbnRhdHRpJTIyJTNFJTBBJTNDaSUyMGNsYXNzJTNEJTIyaWNvLWNvbnRhdHRpJTIwaWNvLW1haWwlMjIlM0UlM0MlMkZpJTNFJTBBJTNDcCUzRSUzQ2ElMjBocmVmJTNEJTIybWFpbHRvJTNBaW5mbyU0MGl0YWxjYWZmZS5pdCUyMiUzRWluZm8lNDBpdGFsY2FmZmUuaXQlM0MlMkZhJTNFJTNDJTJGcCUzRSUwQSUzQyUyRmRpdiUzRSUwQSUwQSUzQ2RpdiUyMGNsYXNzJTNEJTIyaW5mby1jb250YXR0aSUyMiUzRSUwQSUzQ2klMjBjbGFzcyUzRCUyMmljby1jb250YXR0aSUyMGljby1mYWNlYm9vayUyMiUzRSUzQyUyRmklM0UlMEElM0NwJTNFJTNDYSUyMHRhcmdldCUzRCUyMl9ibGFuayUyMiUyMGhyZWYlM0QlMjJodHRwcyUzQSUyRiUyRml0LWl0LmZhY2Vib29rLmNvbSUyRml0YWxjYWZmZSUyRiUyMiUzRUJlc3VjaGVuJTIwU2llJTIwdW5zJTIwYXVmJTIwRmFjZWJvb2slM0MlMkZhJTNFJTNDJTJGcCUzRSUwQSUzQyUyRmRpdiUzRSUwQSUwQSUzQ2RpdiUyMGNsYXNzJTNEJTIyaW5mby1jb250YXR0aSUyMiUzRSUwQSUzQ2klMjBjbGFzcyUzRCUyMmljby1jb250YXR0aSUyMGljby1pbnN0YWdyYW0lMjIlM0UlM0MlMkZpJTNFJTBBJTNDcCUzRSUzQ2ElMjB0YXJnZXQlM0QlMjJfYmxhbmslMjIlMjBocmVmJTNEJTIyaHR0cHMlM0ElMkYlMkZ3d3cuaW5zdGFncmFtLmNvbSUyRml0YWxjYWZmZV9vZmZpY2lhbCUyRiUyMiUzRUJlc3VjaGVuJTIwU2llJTIwdW5zJTIwYXVmJTIwSW5zdGFncmFtJTNDJTJGYSUzRSUzQyUyRnAlM0UlMEElM0MlMkZkaVYlM0UlMEE=[\/vc_raw_html][\/vc_column][\/vc_row][\/vc_section][vc_section css=&#8221;.vc_custom_1562857680049{padding-top: 80px !important;}&#8221;][vc_row][vc_column][vc_raw_html]JTNDaWZyYW1lJTIwc3JjJTNEJTIyaHR0cHMlM0ElMkYlMkZ3d3cuZ29vZ2xlLmNvbSUyRm1hcHMlMkZlbWJlZCUzRnBiJTNEJTIxMW0xNCUyMTFtOCUyMTFtMyUyMTFkMTE0NDcuNzU4Mjg4OTI4NTk5JTIxMmQ5Ljg3ODI0MyUyMTNkNDQuMTY3MTA1JTIxM20yJTIxMWkxMDI0JTIxMmk3NjglMjE0ZjEzLjElMjEzbTMlMjExbTIlMjExczB4MCUzQTB4Y2RkODkwOTAzODI0Zjc5MiUyMTJzSXRhbGNhZmYlQzMlQTglMkJTcGElMjE1ZTAlMjEzbTIlMjExc2l0JTIxMnNpdCUyMTR2MTU2Mjg1NzU1NzAwMSUyMTVtMiUyMTFzaXQlMjEyc2l0JTIyJTIwd2lkdGglM0QlMjIxMDAlMjUlMjIlMjBoZWlnaHQlM0QlMjI0MDAlMjIlMjBmcmFtZWJvcmRlciUzRCUyMjAlMjIlMjBzdHlsZSUzRCUyMmJvcmRlciUzQTAlMjIlMjBhbGxvd2Z1bGxzY3JlZW4lM0QlMjIlMjIlM0UlM0MlMkZpZnJhbWUlM0U=[\/vc_raw_html][vc_raw_html]JTNDZGl2JTIwY2xhc3MlM0QlMjJsaW5lJTIyJTNFJTNDJTJGZGl2JTNF[\/vc_raw_html][\/vc_column][\/vc_row][\/vc_section]<\/p>\n<\/div>","protected":false},"excerpt":{"rendered":"<p>[vc_section][vc_row el_class=&#8221;wrap-content-limit&#8221;][vc_column css=&#8221;.vc_custom_1563814902538{padding-top: 25px !important;padding-bottom: 25px !important;}&#8221;][vc_column_text el_class=&#8221;text-montserrat&#8221;]M\u00f6chten Sie eine Italcaff\u00e8-Kaffeebar werden? W\u00fcnschen Sie Informationen zu unseren Produkten oder m\u00f6chten Sie einfach nur mit uns plaudern? Z\u00f6gern Sie nicht, uns zu schreiben oder anzurufen! Nachfolgend finden Sie alle eventuell n\u00fctzlichen Informationen.[\/vc_column_text][\/vc_column][\/vc_row][vc_row el_class=&#8221;wrap-content-limit&#8221;][vc_column width=&#8221;1\/2&#8243;][vc_column_text] Ihre Nachricht [\/vc_column_text][\/vc_column][vc_column width=&#8221;1\/2&#8243;][vc_raw_html]JTNDZGl2JTIwY2xhc3MlM0QlMjJpbmZvLWNvbnRhdHRpJTIyJTNFJTBBJTNDaSUyMGNsYXNzJTNEJTIyaWNvLWNvbnRhdHRpJTIwaWNvLW1hcCUyMiUzRSUzQyUyRmklM0UlMEElM0NwJTNFSXRhbGNhZmYlQzMlQTglMjBTLnAuQS4lMjAlN0MlMjBWaWElMjBHYWxpbGVvJTIwR2FsaWxlaSUyQyUyMDE4JTBBJTNDYnIlM0UxOTAyMCUyMENlcGFyYW5hJTIwJTI4U1AlMjklMjAtJTIwSXRhbGlhJTNDJTJGcCUzRSUwQSUzQyUyRmRpdiUzRSUwQSUwQSUwQSUzQ2RpdiUyMGNsYXNzJTNEJTIyaW5mby1jb250YXR0aSUyMiUzRSUwQSUzQ2klMjBjbGFzcyUzRCUyMmljby1jb250YXR0aSUyMGljby10ZWwlMjIlM0UlM0MlMkZpJTNFJTBBJTNDcCUzRVRlbCUyMCUyQjM5JTIwMDE4NyUyMDkzMzcxMSUzQyUyRnAlM0UlMEElM0MlMkZkaXYlM0UlMEElMEElMEElM0NkaXYlMjBjbGFzcyUzRCUyMmluZm8tY29udGF0dGklMjIlM0UlMEElM0NpJTIwY2xhc3MlM0QlMjJpY28tY29udGF0dGklMjBpY28tZmF4JTIyJTNFJTNDJTJGaSUzRSUwQSUzQ3AlM0VGYXglMjAlMkIzOSUyMDAxODclMjA5MzM3NDAlM0MlMkZwJTNFJTBBJTNDJTJGZGl2JTNFJTBBJTBBJTBBJTNDZGl2JTIwY2xhc3MlM0QlMjJpbmZvLWNvbnRhdHRpJTIyJTNFJTBBJTNDaSUyMGNsYXNzJTNEJTIyaWNvLWNvbnRhdHRpJTIwaWNvLW1haWwlMjIlM0UlM0MlMkZpJTNFJTBBJTNDcCUzRSUzQ2ElMjBocmVmJTNEJTIybWFpbHRvJTNBaW5mbyU0MGl0YWxjYWZmZS5pdCUyMiUzRWluZm8lNDBpdGFsY2FmZmUuaXQlM0MlMkZhJTNFJTNDJTJGcCUzRSUwQSUzQyUyRmRpdiUzRSUwQSUwQSUzQ2RpdiUyMGNsYXNzJTNEJTIyaW5mby1jb250YXR0aSUyMiUzRSUwQSUzQ2klMjBjbGFzcyUzRCUyMmljby1jb250YXR0aSUyMGljby1mYWNlYm9vayUyMiUzRSUzQyUyRmklM0UlMEElM0NwJTNFJTNDYSUyMHRhcmdldCUzRCUyMl9ibGFuayUyMiUyMGhyZWYlM0QlMjJodHRwcyUzQSUyRiUyRml0LWl0LmZhY2Vib29rLmNvbSUyRml0YWxjYWZmZSUyRiUyMiUzRUJlc3VjaGVuJTIwU2llJTIwdW5zJTIwYXVmJTIwRmFjZWJvb2slM0MlMkZhJTNFJTNDJTJGcCUzRSUwQSUzQyUyRmRpdiUzRSUwQSUwQSUzQ2RpdiUyMGNsYXNzJTNEJTIyaW5mby1jb250YXR0aSUyMiUzRSUwQSUzQ2klMjBjbGFzcyUzRCUyMmljby1jb250YXR0aSUyMGljby1pbnN0YWdyYW0lMjIlM0UlM0MlMkZpJTNFJTBBJTNDcCUzRSUzQ2ElMjB0YXJnZXQlM0QlMjJfYmxhbmslMjIlMjBocmVmJTNEJTIyaHR0cHMlM0ElMkYlMkZ3d3cuaW5zdGFncmFtLmNvbSUyRml0YWxjYWZmZV9vZmZpY2lhbCUyRiUyMiUzRUJlc3VjaGVuJTIwU2llJTIwdW5zJTIwYXVmJTIwSW5zdGFncmFtJTNDJTJGYSUzRSUzQyUyRnAlM0UlMEElM0MlMkZkaVYlM0UlMEE=[\/vc_raw_html][\/vc_column][\/vc_row][\/vc_section][vc_section css=&#8221;.vc_custom_1562857680049{padding-top: 80px !important;}&#8221;][vc_row][vc_column][vc_raw_html]JTNDaWZyYW1lJTIwc3JjJTNEJTIyaHR0cHMlM0ElMkYlMkZ3d3cuZ29vZ2xlLmNvbSUyRm1hcHMlMkZlbWJlZCUzRnBiJTNEJTIxMW0xNCUyMTFtOCUyMTFtMyUyMTFkMTE0NDcuNzU4Mjg4OTI4NTk5JTIxMmQ5Ljg3ODI0MyUyMTNkNDQuMTY3MTA1JTIxM20yJTIxMWkxMDI0JTIxMmk3NjglMjE0ZjEzLjElMjEzbTMlMjExbTIlMjExczB4MCUzQTB4Y2RkODkwOTAzODI0Zjc5MiUyMTJzSXRhbGNhZmYlQzMlQTglMkJTcGElMjE1ZTAlMjEzbTIlMjExc2l0JTIxMnNpdCUyMTR2MTU2Mjg1NzU1NzAwMSUyMTVtMiUyMTFzaXQlMjEyc2l0JTIyJTIwd2lkdGglM0QlMjIxMDAlMjUlMjIlMjBoZWlnaHQlM0QlMjI0MDAlMjIlMjBmcmFtZWJvcmRlciUzRCUyMjAlMjIlMjBzdHlsZSUzRCUyMmJvcmRlciUzQTAlMjIlMjBhbGxvd2Z1bGxzY3JlZW4lM0QlMjIlMjIlM0UlM0MlMkZpZnJhbWUlM0U=[\/vc_raw_html][vc_raw_html]JTNDZGl2JTIwY2xhc3MlM0QlMjJsaW5lJTIyJTNFJTNDJTJGZGl2JTNF[\/vc_raw_html][\/vc_column][\/vc_row][\/vc_section]<\/p>\n","protected":false},"author":1,"featured_media":0,"parent":0,"menu_order":0,"comment_status":"closed","ping_status":"closed","template":"","meta":{"_acf_changed":false,"footnotes":""},"class_list":["post-7650","page","type-page","status-publish","hentry"],"acf":[],"yoast_head":"<!-- This site is optimized with the Yoast SEO plugin v27.0 - https:\/\/yoast.com\/product\/yoast-seo-wordpress\/ -->\n<title>Kontakt: das Team von Italcaff\u00e8 steht jederzeit zu Ihrer Verf\u00fcgung.<\/title>\n<meta name=\"description\" content=\"Kontakt: Kommerzielle Informationen, Produktinformationen oder einfach, um mehr zu erfahren. Ein Service-Team steht zu Ihrer Verf\u00fcgung.\" \/>\n<meta name=\"robots\" content=\"index, follow, max-snippet:-1, max-image-preview:large, max-video-preview:-1\" \/>\n<link rel=\"canonical\" href=\"https:\/\/italcaffe.it\/de\/kontakt\/\" \/>\n<meta property=\"og:locale\" content=\"de_DE\" \/>\n<meta property=\"og:type\" content=\"article\" \/>\n<meta property=\"og:title\" content=\"Kontakt: das Team von Italcaff\u00e8 steht jederzeit zu Ihrer Verf\u00fcgung.\" \/>\n<meta property=\"og:description\" content=\"Kontakt: Kommerzielle Informationen, Produktinformationen oder einfach, um mehr zu erfahren. Ein Service-Team steht zu Ihrer Verf\u00fcgung.\" \/>\n<meta property=\"og:url\" content=\"https:\/\/italcaffe.it\/de\/kontakt\/\" \/>\n<meta property=\"og:site_name\" content=\"Italcaff\u00e8\" \/>\n<meta property=\"article:modified_time\" content=\"2020-03-17T23:35:51+00:00\" \/>\n<meta name=\"twitter:card\" content=\"summary_large_image\" \/>\n<meta name=\"twitter:label1\" content=\"Gesch\u00e4tzte Lesezeit\" \/>\n\t<meta name=\"twitter:data1\" content=\"2\u00a0Minuten\" \/>\n<script type=\"application\/ld+json\" class=\"yoast-schema-graph\">{\"@context\":\"https:\/\/schema.org\",\"@graph\":[{\"@type\":\"WebPage\",\"@id\":\"https:\/\/italcaffe.it\/de\/kontakt\/\",\"url\":\"https:\/\/italcaffe.it\/de\/kontakt\/\",\"name\":\"Kontakt: das Team von Italcaff\u00e8 steht jederzeit zu Ihrer Verf\u00fcgung.\",\"isPartOf\":{\"@id\":\"https:\/\/italcaffe.it\/de\/#website\"},\"datePublished\":\"2019-09-19T14:03:19+00:00\",\"dateModified\":\"2020-03-17T23:35:51+00:00\",\"description\":\"Kontakt: Kommerzielle Informationen, Produktinformationen oder einfach, um mehr zu erfahren. Ein Service-Team steht zu Ihrer Verf\u00fcgung.\",\"breadcrumb\":{\"@id\":\"https:\/\/italcaffe.it\/de\/kontakt\/#breadcrumb\"},\"inLanguage\":\"de\",\"potentialAction\":[{\"@type\":\"ReadAction\",\"target\":[\"https:\/\/italcaffe.it\/de\/kontakt\/\"]}]},{\"@type\":\"BreadcrumbList\",\"@id\":\"https:\/\/italcaffe.it\/de\/kontakt\/#breadcrumb\",\"itemListElement\":[{\"@type\":\"ListItem\",\"position\":1,\"name\":\"Home\",\"item\":\"https:\/\/italcaffe.it\/de\/\"},{\"@type\":\"ListItem\",\"position\":2,\"name\":\"Kontakt\"}]},{\"@type\":\"WebSite\",\"@id\":\"https:\/\/italcaffe.it\/de\/#website\",\"url\":\"https:\/\/italcaffe.it\/de\/\",\"name\":\"Italcaff\u00e8\",\"description\":\"50 Anni insieme\",\"potentialAction\":[{\"@type\":\"SearchAction\",\"target\":{\"@type\":\"EntryPoint\",\"urlTemplate\":\"https:\/\/italcaffe.it\/de\/?s={search_term_string}\"},\"query-input\":{\"@type\":\"PropertyValueSpecification\",\"valueRequired\":true,\"valueName\":\"search_term_string\"}}],\"inLanguage\":\"de\"}]}<\/script>\n<!-- \/ Yoast SEO plugin. -->","yoast_head_json":{"title":"Kontakt: das Team von Italcaff\u00e8 steht jederzeit zu Ihrer Verf\u00fcgung.","description":"Kontakt: Kommerzielle Informationen, Produktinformationen oder einfach, um mehr zu erfahren. Ein Service-Team steht zu Ihrer Verf\u00fcgung.","robots":{"index":"index","follow":"follow","max-snippet":"max-snippet:-1","max-image-preview":"max-image-preview:large","max-video-preview":"max-video-preview:-1"},"canonical":"https:\/\/italcaffe.it\/de\/kontakt\/","og_locale":"de_DE","og_type":"article","og_title":"Kontakt: das Team von Italcaff\u00e8 steht jederzeit zu Ihrer Verf\u00fcgung.","og_description":"Kontakt: Kommerzielle Informationen, Produktinformationen oder einfach, um mehr zu erfahren. Ein Service-Team steht zu Ihrer Verf\u00fcgung.","og_url":"https:\/\/italcaffe.it\/de\/kontakt\/","og_site_name":"Italcaff\u00e8","article_modified_time":"2020-03-17T23:35:51+00:00","twitter_card":"summary_large_image","twitter_misc":{"Gesch\u00e4tzte Lesezeit":"2\u00a0Minuten"},"schema":{"@context":"https:\/\/schema.org","@graph":[{"@type":"WebPage","@id":"https:\/\/italcaffe.it\/de\/kontakt\/","url":"https:\/\/italcaffe.it\/de\/kontakt\/","name":"Kontakt: das Team von Italcaff\u00e8 steht jederzeit zu Ihrer Verf\u00fcgung.","isPartOf":{"@id":"https:\/\/italcaffe.it\/de\/#website"},"datePublished":"2019-09-19T14:03:19+00:00","dateModified":"2020-03-17T23:35:51+00:00","description":"Kontakt: Kommerzielle Informationen, Produktinformationen oder einfach, um mehr zu erfahren. Ein Service-Team steht zu Ihrer Verf\u00fcgung.","breadcrumb":{"@id":"https:\/\/italcaffe.it\/de\/kontakt\/#breadcrumb"},"inLanguage":"de","potentialAction":[{"@type":"ReadAction","target":["https:\/\/italcaffe.it\/de\/kontakt\/"]}]},{"@type":"BreadcrumbList","@id":"https:\/\/italcaffe.it\/de\/kontakt\/#breadcrumb","itemListElement":[{"@type":"ListItem","position":1,"name":"Home","item":"https:\/\/italcaffe.it\/de\/"},{"@type":"ListItem","position":2,"name":"Kontakt"}]},{"@type":"WebSite","@id":"https:\/\/italcaffe.it\/de\/#website","url":"https:\/\/italcaffe.it\/de\/","name":"Italcaff\u00e8","description":"50 Anni insieme","potentialAction":[{"@type":"SearchAction","target":{"@type":"EntryPoint","urlTemplate":"https:\/\/italcaffe.it\/de\/?s={search_term_string}"},"query-input":{"@type":"PropertyValueSpecification","valueRequired":true,"valueName":"search_term_string"}}],"inLanguage":"de"}]}},"_links":{"self":[{"href":"https:\/\/italcaffe.it\/de\/wp-json\/wp\/v2\/pages\/7650","targetHints":{"allow":["GET"]}}],"collection":[{"href":"https:\/\/italcaffe.it\/de\/wp-json\/wp\/v2\/pages"}],"about":[{"href":"https:\/\/italcaffe.it\/de\/wp-json\/wp\/v2\/types\/page"}],"author":[{"embeddable":true,"href":"https:\/\/italcaffe.it\/de\/wp-json\/wp\/v2\/users\/1"}],"replies":[{"embeddable":true,"href":"https:\/\/italcaffe.it\/de\/wp-json\/wp\/v2\/comments?post=7650"}],"version-history":[{"count":0,"href":"https:\/\/italcaffe.it\/de\/wp-json\/wp\/v2\/pages\/7650\/revisions"}],"wp:attachment":[{"href":"https:\/\/italcaffe.it\/de\/wp-json\/wp\/v2\/media?parent=7650"}],"curies":[{"name":"wp","href":"https:\/\/api.w.org\/{rel}","templated":true}]}}