{"id":8117,"date":"2019-09-27T14:20:49","date_gmt":"2019-09-27T13:20:49","guid":{"rendered":"https:\/\/www.italcaffe.it\/terms-and-conditions\/"},"modified":"2021-07-13T16:10:42","modified_gmt":"2021-07-13T15:10:42","slug":"impressum","status":"publish","type":"page","link":"https:\/\/italcaffe.it\/de\/impressum\/","title":{"rendered":"IMPRESSUM"},"content":{"rendered":"<div class=\"wpb-content-wrapper\"><p>[vc_section][vc_row css=&#8221;.vc_custom_1562921539110{margin-top: 20px !important;margin-bottom: 20px !important;padding-top: 5px !important;padding-right: 50px !important;padding-bottom: 30px !important;padding-left: 50px !important;}&#8221; el_class=&#8221;wrap-content-limit&#8221;][vc_column css=&#8221;.vc_custom_1563272491602{padding-top: 20px !important;}&#8221;][vc_custom_heading divider=&#8221;yes&#8221; text=&#8221;Impressum&#8221; font_container=&#8221;tag:h3|font_size:24|text_align:center|line_height:24px&#8221; use_theme_fonts=&#8221;yes&#8221; css_animation=&#8221;none&#8221; separator=&#8221;yes&#8221; el_class=&#8221;text-uppercase&#8221;][vc_column_text css=&#8221;.vc_custom_1569591381293{padding-top: 30px !important;}&#8221;]<em>Zahlungsarten<\/em><br \/>\nBei Italcaffe.it sind die folgenden Zahlungsarten m\u00f6glich:<\/p>\n<p><em>Kreditkarten<\/em>:<br \/>\nF\u00fcr Bestellungen im Gesamtwert von bis zu \u20ac 2.000 akzeptieren wir Visa, Master Card, American Express und Diners.<br \/>\nTragen Sie bitte in das Online-Bestellformular ihre pers\u00f6nlichen oder Firmendaten ein. Zur Eingabe der Daten Ihrer Kreditkarte werden Sie zum sicheren Server von Banca Sella weitergeleitet, der \u00fcber ein 128-bit langes Datenverschl\u00fcsselungssystem (SSL) verf\u00fcgt. Hier k\u00f6nnen Sie Ihre Operationen mit absoluter Sicherheit vornehmen.<br \/>\nIhre Kreditkarte wird erst nach dem Versand bestellten Ware belastet.<\/p>\n<p><em>Bank\u00fcberweisung<\/em><br \/>\nF\u00fcr Bestellungen mit einem Wert von mehr als \u20ac 1.500,00 akzeptieren wir als Zahlungsform ausschlie\u00dflich Bankvor\u00fcberweisungen an folgenden Empf\u00e4nger:<\/p>\n<p>Firma: ITALCAFFE\u2019 S.P.A.<br \/>\nBank: Cr\u00e9dit Agricole Italia S.p.A.<br \/>\nBankadresse: Via Manzoni 1, 19020 Ceparana (Sp), Italy<br \/>\nSWITF\/BIC: CRFIIT2S343<br \/>\nIBAN: IT39R0623049701000043461053<\/p>\n<p>Nach Erhalt der Zahlung senden wir Ihnen eine E-Mail als Best\u00e4tigung der vollzogenen Transaktion. Au\u00dferdem teilen wir Ihnen den Liefertermin mit.<\/p>\n<p><em>Geb\u00fchren und Steuern<\/em><br \/>\nLieferungen an Privatkunden innerhalb der EU:<br \/>\nGem\u00e4\u00df der derzeitigen Gesetzgebung zum E-Handel enthalten Lieferungen an Privatkunden die italienische MwSt.<\/p>\n<p><em>Lieferungen an Nicht-Privatkunden (B2B) innerhalb der EU, aber au\u00dferhalb Italiens:<\/em><br \/>\nWenn Sie korporativer oder professioneller Kunde sind und eine g\u00fcltige MwSt-Nummer haben, k\u00f6nnen Sie sich hier registrieren und Ihre personalisierte Preisliste erhalten. Sie sparen 20% der italienischen MwSt. (italienische Steuern).<\/p>\n<p><em>Lieferungen au\u00dferhalb der EU:<\/em><br \/>\nItalcaffe.it ist nicht f\u00fcr Geb\u00fchren und Steuern verantwortlich, die von anderen L\u00e4ndern als Italien erhoben werden. Bitte erkundigen Sie sich nach den \u00f6rtlichen Steuern.<br \/>\nKunden au\u00dferhalb der EU zahlen keine italienische MwSt. (IVA = 20% des Gesamt-Bestellwerts).<\/p>\n<p><em>Dropshipping f\u00fcr alle Wiederverk\u00e4ufer<\/em><br \/>\nDropshipping (Direktversand) bedeutet, dass Sie unsere Produkte in Ihren Shop einbinden, unsere Produkte verkaufen und wir versenden diese dann anschlie\u00dfend direkt an Ihre Kunden.<br \/>\nDropshipment erlaubt es Ihnen, die Preisdifferenz zu gewinnen ohne jedoch mit dem Hersteller in Verbindung zu treten, Unkosten oder sonstige Zuschl\u00e4ge zu zahlen.<br \/>\nDer Endkunde erh\u00e4lt mit seiner Bestellung nur den Lieferschein, w\u00e4hrend wir unsere Rechnung mit den f\u00fcr Sie g\u00fcltigen Preisen an Ihre Adresse senden.<br \/>\nSo k\u00f6nnen Sie dem Endkunden Ihre Rechnung mit Ihren Preisen senden.<\/p>\n<p><em>Versand<\/em><br \/>\nDer Versand erfolgt per Expresskurier und erreicht die meisten L\u00e4nder weltweit binnen 5-7 Werktagen.<\/p>\n<p><em>Sicherheit der Zahlungen<\/em><br \/>\nDie Italcaffeshop.com-Website ist durch SSL (Secure Socket Layer)gesichert. Falls Ihr Browser SSL unterst\u00fctzt, werden alle vertraulichen Informationen (pers\u00f6nliche Daten, Kreditkartendaten usw.) bei der \u00dcbermittlung verschl\u00fcsselt.<\/p>\n<p><em>Widerrufsrecht<\/em><br \/>\nGem\u00e4\u00df dem ital. Gesetzesdekret Nr. 21 vom 21.02.2014 gew\u00e4hrt Italcaff\u00e8 S.p.A. dem K\u00e4ufer ein WIDERRUFSRECHT. Der K\u00e4ufer kann dieses Recht INNERHALB VON 14 (VIERZEHN) WERKTAGEN ab dem Datum des Wareneingangs in Anspruch nehmen, nach Ablauf dieser Frist verf\u00e4llt das Widerrufsrecht.<\/p>\n<p><em>Bestimmungen f\u00fcr die Aus\u00fcbung des Widerrufsrechts<\/em><br \/>\nDer Widerruf ist innerhalb der oben genannten Frist per Einschreiben mit R\u00fcckschein oder unter Einhaltung derselben Frist per Telegramm, Fax oder E-Mail an die folgende Adresse zu richten:<br \/>\nItalcaff\u00e8 S.p.A.<br \/>\nVia Galileo Galilei, 18<br \/>\n19020 Ceparana (La Spezia)<br \/>\nFax + 0187 933740<br \/>\nE-mail info@italcaffe.it<\/p>\n<p>Die Ware ist innerhalb von 14 (vierzehn) Werktagen nach Wareneingang (es gilt das Datum auf dem Lieferschein des Kuriers, der dem K\u00e4ufer gemeinsam mit der Ware ausgeh\u00e4ndigt wurde) vollst\u00e4ndig und unversehrt an die folgende Adresse zur\u00fcckzugeben:<br \/>\nItalcaff\u00e8 S.p.A.<br \/>\nVia Galileo Galilei, 18<br \/>\n19020 Ceparana (La Spezia)<\/p>\n<p>Der K\u00e4ufer ist verpflichtet, die Ware wie oben beschrieben ALS VERSICHERTES PAKET MIT BEZAHLTEM PORTO zur\u00fcck zu schicken. Per Nachnahme oder unfrei zur\u00fcckgesendete Pakete werden nicht angenommen.<br \/>\nWie im oben angef\u00fchrten ital. Gesetzesdekret vorgesehen, erstattet Italcaff\u00e8 S.p.A. im Fall eines g\u00fcltigen Widerrufes dem Kunden innerhalb der gesetzlich vorgeschriebenen Frist die f\u00fcr die Ware bezahlte Summe, abz\u00fcglich der Versandkosten und der eventuell angefallenen Zollgeb\u00fchren.[\/vc_column_text][\/vc_column][\/vc_row][\/vc_section][vc_section css=&#8221;.vc_custom_1562339723199{margin-top: 0px !important;padding-top: 0px !important;}&#8221;][vc_row][vc_column][vc_raw_html]JTNDZGl2JTIwY2xhc3MlM0QlMjJsaW5lJTIyJTNFJTNDJTJGZGl2JTNF[\/vc_raw_html][\/vc_column][\/vc_row][\/vc_section]<\/p>\n<\/div>","protected":false},"excerpt":{"rendered":"<p>[vc_section][vc_row css=&#8221;.vc_custom_1562921539110{margin-top: 20px !important;margin-bottom: 20px !important;padding-top: 5px !important;padding-right: 50px !important;padding-bottom: 30px !important;padding-left: 50px !important;}&#8221; el_class=&#8221;wrap-content-limit&#8221;][vc_column css=&#8221;.vc_custom_1563272491602{padding-top: 20px !important;}&#8221;][vc_custom_heading divider=&#8221;yes&#8221; text=&#8221;Impressum&#8221; font_container=&#8221;tag:h3|font_size:24|text_align:center|line_height:24px&#8221; use_theme_fonts=&#8221;yes&#8221; css_animation=&#8221;none&#8221; separator=&#8221;yes&#8221; el_class=&#8221;text-uppercase&#8221;][vc_column_text css=&#8221;.vc_custom_1569591381293{padding-top: 30px !important;}&#8221;]Zahlungsarten Bei Italcaffe.it sind die folgenden Zahlungsarten m\u00f6glich: Kreditkarten: F\u00fcr Bestellungen im Gesamtwert von bis zu \u20ac 2.000 akzeptieren wir Visa, Master Card, American Express und Diners. Tragen [&hellip;]<\/p>\n","protected":false},"author":1,"featured_media":0,"parent":0,"menu_order":0,"comment_status":"closed","ping_status":"closed","template":"","meta":{"_acf_changed":false,"footnotes":""},"class_list":["post-8117","page","type-page","status-publish","hentry"],"acf":[],"yoast_head":"<!-- This site is optimized with the Yoast SEO plugin v27.0 - https:\/\/yoast.com\/product\/yoast-seo-wordpress\/ -->\n<title>IMPRESSUM - Italcaff\u00e8<\/title>\n<meta name=\"robots\" content=\"index, follow, max-snippet:-1, max-image-preview:large, max-video-preview:-1\" \/>\n<link rel=\"canonical\" href=\"https:\/\/italcaffe.it\/de\/impressum\/\" \/>\n<meta property=\"og:locale\" content=\"de_DE\" \/>\n<meta property=\"og:type\" content=\"article\" \/>\n<meta property=\"og:title\" content=\"IMPRESSUM - Italcaff\u00e8\" \/>\n<meta property=\"og:description\" content=\"[vc_section][vc_row css=&#8221;.vc_custom_1562921539110{margin-top: 20px !important;margin-bottom: 20px !important;padding-top: 5px !important;padding-right: 50px !important;padding-bottom: 30px !important;padding-left: 50px !important;}&#8221; el_class=&#8221;wrap-content-limit&#8221;][vc_column css=&#8221;.vc_custom_1563272491602{padding-top: 20px !important;}&#8221;][vc_custom_heading divider=&#8221;yes&#8221; text=&#8221;Impressum&#8221; font_container=&#8221;tag:h3|font_size:24|text_align:center|line_height:24px&#8221; use_theme_fonts=&#8221;yes&#8221; css_animation=&#8221;none&#8221; separator=&#8221;yes&#8221; el_class=&#8221;text-uppercase&#8221;][vc_column_text css=&#8221;.vc_custom_1569591381293{padding-top: 30px !important;}&#8221;]Zahlungsarten Bei Italcaffe.it sind die folgenden Zahlungsarten m\u00f6glich: Kreditkarten: F\u00fcr Bestellungen im Gesamtwert von bis zu \u20ac 2.000 akzeptieren wir Visa, Master Card, American Express und Diners. Tragen [&hellip;]\" \/>\n<meta property=\"og:url\" content=\"https:\/\/italcaffe.it\/de\/impressum\/\" \/>\n<meta property=\"og:site_name\" content=\"Italcaff\u00e8\" \/>\n<meta property=\"article:modified_time\" content=\"2021-07-13T15:10:42+00:00\" \/>\n<meta name=\"twitter:card\" content=\"summary_large_image\" \/>\n<meta name=\"twitter:label1\" content=\"Gesch\u00e4tzte Lesezeit\" \/>\n\t<meta name=\"twitter:data1\" content=\"4\u00a0Minuten\" \/>\n<script type=\"application\/ld+json\" class=\"yoast-schema-graph\">{\"@context\":\"https:\/\/schema.org\",\"@graph\":[{\"@type\":\"WebPage\",\"@id\":\"https:\/\/italcaffe.it\/de\/impressum\/\",\"url\":\"https:\/\/italcaffe.it\/de\/impressum\/\",\"name\":\"IMPRESSUM - Italcaff\u00e8\",\"isPartOf\":{\"@id\":\"https:\/\/italcaffe.it\/de\/#website\"},\"datePublished\":\"2019-09-27T13:20:49+00:00\",\"dateModified\":\"2021-07-13T15:10:42+00:00\",\"breadcrumb\":{\"@id\":\"https:\/\/italcaffe.it\/de\/impressum\/#breadcrumb\"},\"inLanguage\":\"de\",\"potentialAction\":[{\"@type\":\"ReadAction\",\"target\":[\"https:\/\/italcaffe.it\/de\/impressum\/\"]}]},{\"@type\":\"BreadcrumbList\",\"@id\":\"https:\/\/italcaffe.it\/de\/impressum\/#breadcrumb\",\"itemListElement\":[{\"@type\":\"ListItem\",\"position\":1,\"name\":\"Home\",\"item\":\"https:\/\/italcaffe.it\/de\/\"},{\"@type\":\"ListItem\",\"position\":2,\"name\":\"IMPRESSUM\"}]},{\"@type\":\"WebSite\",\"@id\":\"https:\/\/italcaffe.it\/de\/#website\",\"url\":\"https:\/\/italcaffe.it\/de\/\",\"name\":\"Italcaff\u00e8\",\"description\":\"50 Anni insieme\",\"potentialAction\":[{\"@type\":\"SearchAction\",\"target\":{\"@type\":\"EntryPoint\",\"urlTemplate\":\"https:\/\/italcaffe.it\/de\/?s={search_term_string}\"},\"query-input\":{\"@type\":\"PropertyValueSpecification\",\"valueRequired\":true,\"valueName\":\"search_term_string\"}}],\"inLanguage\":\"de\"}]}<\/script>\n<!-- \/ Yoast SEO plugin. -->","yoast_head_json":{"title":"IMPRESSUM - Italcaff\u00e8","robots":{"index":"index","follow":"follow","max-snippet":"max-snippet:-1","max-image-preview":"max-image-preview:large","max-video-preview":"max-video-preview:-1"},"canonical":"https:\/\/italcaffe.it\/de\/impressum\/","og_locale":"de_DE","og_type":"article","og_title":"IMPRESSUM - Italcaff\u00e8","og_description":"[vc_section][vc_row css=&#8221;.vc_custom_1562921539110{margin-top: 20px !important;margin-bottom: 20px !important;padding-top: 5px !important;padding-right: 50px !important;padding-bottom: 30px !important;padding-left: 50px !important;}&#8221; el_class=&#8221;wrap-content-limit&#8221;][vc_column css=&#8221;.vc_custom_1563272491602{padding-top: 20px !important;}&#8221;][vc_custom_heading divider=&#8221;yes&#8221; text=&#8221;Impressum&#8221; font_container=&#8221;tag:h3|font_size:24|text_align:center|line_height:24px&#8221; use_theme_fonts=&#8221;yes&#8221; css_animation=&#8221;none&#8221; separator=&#8221;yes&#8221; el_class=&#8221;text-uppercase&#8221;][vc_column_text css=&#8221;.vc_custom_1569591381293{padding-top: 30px !important;}&#8221;]Zahlungsarten Bei Italcaffe.it sind die folgenden Zahlungsarten m\u00f6glich: Kreditkarten: F\u00fcr Bestellungen im Gesamtwert von bis zu \u20ac 2.000 akzeptieren wir Visa, Master Card, American Express und Diners. Tragen [&hellip;]","og_url":"https:\/\/italcaffe.it\/de\/impressum\/","og_site_name":"Italcaff\u00e8","article_modified_time":"2021-07-13T15:10:42+00:00","twitter_card":"summary_large_image","twitter_misc":{"Gesch\u00e4tzte Lesezeit":"4\u00a0Minuten"},"schema":{"@context":"https:\/\/schema.org","@graph":[{"@type":"WebPage","@id":"https:\/\/italcaffe.it\/de\/impressum\/","url":"https:\/\/italcaffe.it\/de\/impressum\/","name":"IMPRESSUM - Italcaff\u00e8","isPartOf":{"@id":"https:\/\/italcaffe.it\/de\/#website"},"datePublished":"2019-09-27T13:20:49+00:00","dateModified":"2021-07-13T15:10:42+00:00","breadcrumb":{"@id":"https:\/\/italcaffe.it\/de\/impressum\/#breadcrumb"},"inLanguage":"de","potentialAction":[{"@type":"ReadAction","target":["https:\/\/italcaffe.it\/de\/impressum\/"]}]},{"@type":"BreadcrumbList","@id":"https:\/\/italcaffe.it\/de\/impressum\/#breadcrumb","itemListElement":[{"@type":"ListItem","position":1,"name":"Home","item":"https:\/\/italcaffe.it\/de\/"},{"@type":"ListItem","position":2,"name":"IMPRESSUM"}]},{"@type":"WebSite","@id":"https:\/\/italcaffe.it\/de\/#website","url":"https:\/\/italcaffe.it\/de\/","name":"Italcaff\u00e8","description":"50 Anni insieme","potentialAction":[{"@type":"SearchAction","target":{"@type":"EntryPoint","urlTemplate":"https:\/\/italcaffe.it\/de\/?s={search_term_string}"},"query-input":{"@type":"PropertyValueSpecification","valueRequired":true,"valueName":"search_term_string"}}],"inLanguage":"de"}]}},"_links":{"self":[{"href":"https:\/\/italcaffe.it\/de\/wp-json\/wp\/v2\/pages\/8117","targetHints":{"allow":["GET"]}}],"collection":[{"href":"https:\/\/italcaffe.it\/de\/wp-json\/wp\/v2\/pages"}],"about":[{"href":"https:\/\/italcaffe.it\/de\/wp-json\/wp\/v2\/types\/page"}],"author":[{"embeddable":true,"href":"https:\/\/italcaffe.it\/de\/wp-json\/wp\/v2\/users\/1"}],"replies":[{"embeddable":true,"href":"https:\/\/italcaffe.it\/de\/wp-json\/wp\/v2\/comments?post=8117"}],"version-history":[{"count":0,"href":"https:\/\/italcaffe.it\/de\/wp-json\/wp\/v2\/pages\/8117\/revisions"}],"wp:attachment":[{"href":"https:\/\/italcaffe.it\/de\/wp-json\/wp\/v2\/media?parent=8117"}],"curies":[{"name":"wp","href":"https:\/\/api.w.org\/{rel}","templated":true}]}}