{"id":23003,"date":"2020-02-26T15:59:19","date_gmt":"2020-02-26T14:47:03","guid":{"rendered":"https:\/\/www.italcaffe.it\/product\/250-g-italcaffe-classic-bar-espresso-kaffeebohnen\/"},"modified":"2020-02-26T15:47:04","modified_gmt":"2020-02-26T14:47:04","slug":"classic-bar-250-gr","status":"publish","type":"product","link":"https:\/\/italcaffe.it\/de\/shop\/kaffeebohnen\/classic-bar-250-gr\/","title":{"rendered":"250 g Italcaff\u00e8 Classic Bar Espresso Kaffeebohnen"},"content":{"rendered":"","protected":false},"excerpt":{"rendered":"<p>Italcaff\u00e8 Classic Bar 250g Kaffee Bohnen Espresso Kaffeebohnen<\/p>\n<p>Eine kraftvolle Mischung mit starkem Geschmack und langanhaltender, dicker Cr\u00e8me die die Lieblichkeit der Arabica mit der Intensit\u00e0t ausgew\u00e4hlter Robusta Kaffees vereinigt.<\/p>\n","protected":false},"featured_media":9430,"template":"","meta":{"_acf_changed":false},"product_brand":[],"product_cat":[276],"product_tag":[],"class_list":{"0":"post-23003","1":"product","2":"type-product","3":"status-publish","4":"has-post-thumbnail","6":"product_cat-kaffeebohnen","8":"first","9":"instock","10":"taxable","11":"shipping-taxable","12":"purchasable","13":"product-type-simple"},"acf":[],"yoast_head":"<!-- This site is optimized with the Yoast SEO plugin v27.0 - https:\/\/yoast.com\/product\/yoast-seo-wordpress\/ -->\n<title>250 g Italcaff\u00e8 Classic Bar Espresso Kaffeebohnen - Italcaff\u00e8<\/title>\n<meta name=\"robots\" content=\"index, follow, max-snippet:-1, max-image-preview:large, max-video-preview:-1\" \/>\n<link rel=\"canonical\" href=\"https:\/\/italcaffe.it\/de\/shop\/kaffeebohnen\/classic-bar-250-gr\/\" \/>\n<meta property=\"og:locale\" content=\"de_DE\" \/>\n<meta property=\"og:type\" content=\"article\" \/>\n<meta property=\"og:title\" content=\"250 g Italcaff\u00e8 Classic Bar Espresso Kaffeebohnen - Italcaff\u00e8\" \/>\n<meta property=\"og:description\" content=\"Italcaff\u00e8 Classic Bar 250g Kaffee Bohnen Espresso Kaffeebohnen Eine kraftvolle Mischung mit starkem Geschmack und langanhaltender, dicker Cr\u00e8me die die Lieblichkeit der Arabica mit der Intensit\u00e0t ausgew\u00e4hlter Robusta Kaffees vereinigt.\" \/>\n<meta property=\"og:url\" content=\"https:\/\/italcaffe.it\/de\/shop\/kaffeebohnen\/classic-bar-250-gr\/\" \/>\n<meta property=\"og:site_name\" content=\"Italcaff\u00e8\" \/>\n<meta property=\"article:modified_time\" content=\"2020-02-26T14:47:04+00:00\" \/>\n<meta property=\"og:image\" content=\"https:\/\/italcaffe.it\/wp-content\/uploads\/2016\/04\/848_54_classic_bar_250g_grani_-_grande_4.jpg\" \/>\n\t<meta property=\"og:image:width\" content=\"122\" \/>\n\t<meta property=\"og:image:height\" content=\"304\" \/>\n\t<meta property=\"og:image:type\" content=\"image\/jpeg\" \/>\n<meta name=\"twitter:card\" content=\"summary_large_image\" \/>\n<script type=\"application\/ld+json\" class=\"yoast-schema-graph\">{\"@context\":\"https:\/\/schema.org\",\"@graph\":[{\"@type\":\"WebPage\",\"@id\":\"https:\/\/italcaffe.it\/de\/shop\/kaffeebohnen\/classic-bar-250-gr\/\",\"url\":\"https:\/\/italcaffe.it\/de\/shop\/kaffeebohnen\/classic-bar-250-gr\/\",\"name\":\"250 g Italcaff\u00e8 Classic Bar Espresso Kaffeebohnen - Italcaff\u00e8\",\"isPartOf\":{\"@id\":\"https:\/\/italcaffe.it\/de\/#website\"},\"primaryImageOfPage\":{\"@id\":\"https:\/\/italcaffe.it\/de\/shop\/kaffeebohnen\/classic-bar-250-gr\/#primaryimage\"},\"image\":{\"@id\":\"https:\/\/italcaffe.it\/de\/shop\/kaffeebohnen\/classic-bar-250-gr\/#primaryimage\"},\"thumbnailUrl\":\"https:\/\/italcaffe.it\/wp-content\/uploads\/2016\/04\/848_54_classic_bar_250g_grani_-_grande_4.jpg\",\"datePublished\":\"2020-02-26T14:47:03+00:00\",\"dateModified\":\"2020-02-26T14:47:04+00:00\",\"breadcrumb\":{\"@id\":\"https:\/\/italcaffe.it\/de\/shop\/kaffeebohnen\/classic-bar-250-gr\/#breadcrumb\"},\"inLanguage\":\"de\",\"potentialAction\":[{\"@type\":\"ReadAction\",\"target\":[\"https:\/\/italcaffe.it\/de\/shop\/kaffeebohnen\/classic-bar-250-gr\/\"]}]},{\"@type\":\"ImageObject\",\"inLanguage\":\"de\",\"@id\":\"https:\/\/italcaffe.it\/de\/shop\/kaffeebohnen\/classic-bar-250-gr\/#primaryimage\",\"url\":\"https:\/\/italcaffe.it\/wp-content\/uploads\/2016\/04\/848_54_classic_bar_250g_grani_-_grande_4.jpg\",\"contentUrl\":\"https:\/\/italcaffe.it\/wp-content\/uploads\/2016\/04\/848_54_classic_bar_250g_grani_-_grande_4.jpg\",\"width\":122,\"height\":304,\"caption\":\"250 g Italcaff\u00e8 Classic Bar Espresso Kaffeebohnen-0\"},{\"@type\":\"BreadcrumbList\",\"@id\":\"https:\/\/italcaffe.it\/de\/shop\/kaffeebohnen\/classic-bar-250-gr\/#breadcrumb\",\"itemListElement\":[{\"@type\":\"ListItem\",\"position\":1,\"name\":\"Home\",\"item\":\"https:\/\/italcaffe.it\/de\/\"},{\"@type\":\"ListItem\",\"position\":2,\"name\":\"Shop\",\"item\":\"https:\/\/italcaffe.it\/de\/shop\/\"},{\"@type\":\"ListItem\",\"position\":3,\"name\":\"250 g Italcaff\u00e8 Classic Bar Espresso Kaffeebohnen\"}]},{\"@type\":\"WebSite\",\"@id\":\"https:\/\/italcaffe.it\/de\/#website\",\"url\":\"https:\/\/italcaffe.it\/de\/\",\"name\":\"Italcaff\u00e8\",\"description\":\"50 Anni insieme\",\"potentialAction\":[{\"@type\":\"SearchAction\",\"target\":{\"@type\":\"EntryPoint\",\"urlTemplate\":\"https:\/\/italcaffe.it\/de\/?s={search_term_string}\"},\"query-input\":{\"@type\":\"PropertyValueSpecification\",\"valueRequired\":true,\"valueName\":\"search_term_string\"}}],\"inLanguage\":\"de\"}]}<\/script>\n<!-- \/ Yoast SEO plugin. -->","yoast_head_json":{"title":"250 g Italcaff\u00e8 Classic Bar Espresso Kaffeebohnen - Italcaff\u00e8","robots":{"index":"index","follow":"follow","max-snippet":"max-snippet:-1","max-image-preview":"max-image-preview:large","max-video-preview":"max-video-preview:-1"},"canonical":"https:\/\/italcaffe.it\/de\/shop\/kaffeebohnen\/classic-bar-250-gr\/","og_locale":"de_DE","og_type":"article","og_title":"250 g Italcaff\u00e8 Classic Bar Espresso Kaffeebohnen - Italcaff\u00e8","og_description":"Italcaff\u00e8 Classic Bar 250g Kaffee Bohnen Espresso Kaffeebohnen Eine kraftvolle Mischung mit starkem Geschmack und langanhaltender, dicker Cr\u00e8me die die Lieblichkeit der Arabica mit der Intensit\u00e0t ausgew\u00e4hlter Robusta Kaffees vereinigt.","og_url":"https:\/\/italcaffe.it\/de\/shop\/kaffeebohnen\/classic-bar-250-gr\/","og_site_name":"Italcaff\u00e8","article_modified_time":"2020-02-26T14:47:04+00:00","og_image":[{"width":122,"height":304,"url":"https:\/\/italcaffe.it\/wp-content\/uploads\/2016\/04\/848_54_classic_bar_250g_grani_-_grande_4.jpg","type":"image\/jpeg"}],"twitter_card":"summary_large_image","schema":{"@context":"https:\/\/schema.org","@graph":[{"@type":"WebPage","@id":"https:\/\/italcaffe.it\/de\/shop\/kaffeebohnen\/classic-bar-250-gr\/","url":"https:\/\/italcaffe.it\/de\/shop\/kaffeebohnen\/classic-bar-250-gr\/","name":"250 g Italcaff\u00e8 Classic Bar Espresso Kaffeebohnen - Italcaff\u00e8","isPartOf":{"@id":"https:\/\/italcaffe.it\/de\/#website"},"primaryImageOfPage":{"@id":"https:\/\/italcaffe.it\/de\/shop\/kaffeebohnen\/classic-bar-250-gr\/#primaryimage"},"image":{"@id":"https:\/\/italcaffe.it\/de\/shop\/kaffeebohnen\/classic-bar-250-gr\/#primaryimage"},"thumbnailUrl":"https:\/\/italcaffe.it\/wp-content\/uploads\/2016\/04\/848_54_classic_bar_250g_grani_-_grande_4.jpg","datePublished":"2020-02-26T14:47:03+00:00","dateModified":"2020-02-26T14:47:04+00:00","breadcrumb":{"@id":"https:\/\/italcaffe.it\/de\/shop\/kaffeebohnen\/classic-bar-250-gr\/#breadcrumb"},"inLanguage":"de","potentialAction":[{"@type":"ReadAction","target":["https:\/\/italcaffe.it\/de\/shop\/kaffeebohnen\/classic-bar-250-gr\/"]}]},{"@type":"ImageObject","inLanguage":"de","@id":"https:\/\/italcaffe.it\/de\/shop\/kaffeebohnen\/classic-bar-250-gr\/#primaryimage","url":"https:\/\/italcaffe.it\/wp-content\/uploads\/2016\/04\/848_54_classic_bar_250g_grani_-_grande_4.jpg","contentUrl":"https:\/\/italcaffe.it\/wp-content\/uploads\/2016\/04\/848_54_classic_bar_250g_grani_-_grande_4.jpg","width":122,"height":304,"caption":"250 g Italcaff\u00e8 Classic Bar Espresso Kaffeebohnen-0"},{"@type":"BreadcrumbList","@id":"https:\/\/italcaffe.it\/de\/shop\/kaffeebohnen\/classic-bar-250-gr\/#breadcrumb","itemListElement":[{"@type":"ListItem","position":1,"name":"Home","item":"https:\/\/italcaffe.it\/de\/"},{"@type":"ListItem","position":2,"name":"Shop","item":"https:\/\/italcaffe.it\/de\/shop\/"},{"@type":"ListItem","position":3,"name":"250 g Italcaff\u00e8 Classic Bar Espresso Kaffeebohnen"}]},{"@type":"WebSite","@id":"https:\/\/italcaffe.it\/de\/#website","url":"https:\/\/italcaffe.it\/de\/","name":"Italcaff\u00e8","description":"50 Anni insieme","potentialAction":[{"@type":"SearchAction","target":{"@type":"EntryPoint","urlTemplate":"https:\/\/italcaffe.it\/de\/?s={search_term_string}"},"query-input":{"@type":"PropertyValueSpecification","valueRequired":true,"valueName":"search_term_string"}}],"inLanguage":"de"}]}},"_links":{"self":[{"href":"https:\/\/italcaffe.it\/de\/wp-json\/wp\/v2\/product\/23003","targetHints":{"allow":["GET"]}}],"collection":[{"href":"https:\/\/italcaffe.it\/de\/wp-json\/wp\/v2\/product"}],"about":[{"href":"https:\/\/italcaffe.it\/de\/wp-json\/wp\/v2\/types\/product"}],"wp:featuredmedia":[{"embeddable":true,"href":"https:\/\/italcaffe.it\/de\/wp-json\/wp\/v2\/media\/9430"}],"wp:attachment":[{"href":"https:\/\/italcaffe.it\/de\/wp-json\/wp\/v2\/media?parent=23003"}],"wp:term":[{"taxonomy":"product_brand","embeddable":true,"href":"https:\/\/italcaffe.it\/de\/wp-json\/wp\/v2\/product_brand?post=23003"},{"taxonomy":"product_cat","embeddable":true,"href":"https:\/\/italcaffe.it\/de\/wp-json\/wp\/v2\/product_cat?post=23003"},{"taxonomy":"product_tag","embeddable":true,"href":"https:\/\/italcaffe.it\/de\/wp-json\/wp\/v2\/product_tag?post=23003"}],"curies":[{"name":"wp","href":"https:\/\/api.w.org\/{rel}","templated":true}]}}