{"id":23014,"date":"2020-02-26T15:59:19","date_gmt":"2020-02-26T14:47:03","guid":{"rendered":"https:\/\/www.italcaffe.it\/product\/kaffeebohnen-500g-italcaffe-espresso-casa-kaffee-ganze-bohne\/"},"modified":"2023-02-23T16:26:41","modified_gmt":"2023-02-23T15:26:41","slug":"italcaffe-espresso-casa-kaffeebohnen","status":"publish","type":"product","link":"https:\/\/italcaffe.it\/de\/shop\/kaffeebohnen\/espresso-kaffee-ganze-bohne\/italcaffe-espresso-casa-kaffeebohnen\/","title":{"rendered":"Italcaff\u00e8 Espresso Casa Kaffeebohnen 500g"},"content":{"rendered":"<h2 class=\"product_title entry-title text-uppercase pt__35\">Merkmale Italcaff\u00e8 Espresso Casa Kaffeebohnen<\/h2>\n<p style=\"text-align: justify;\">Italcaff\u00e8 Espresso Casa Kaffeebohnen 500g Kaffee Espresso ganze Bohnen, Eine Mischung von wertvollen Kaffees der Arabica- und Robustaart, die sorgf\u00e4ltig ausgew\u00e4hlt und weise gebrannt werden, um Ihnen einen Cremekaffee und ein feines und voller Aroma anzubieten. Italcaff\u00e8 Espresso Casa Kaffeebohnen 500g ist die perfekte Espresso Kaffeebohnen f\u00fcr Vollautomaten und Siebtr\u00e4ger. Ganze Espressobohnen in sch\u00fctzender Atmosph\u00e4re verpackt, um Geschmack und Frische zu erhalten. Vier Seiten versiegelten Beutel von 500g mit unidirektionalem Aromaschutzventil. Diese Eigenschaften garantieren eine bessere Haltbarkeit sowie eine h\u00f6here Qualit\u00e4t des Produkts im Vergleich zu den \u00fcblichen Kaffeebeuteln, die Sie auf dem Markt finden.<\/p>\n<h2 class=\"product_title entry-title text-uppercase pt__35\">Die Firma Italcaff\u00e8<\/h2>\n<p align=\"justify\">Italcaff\u00e8 S.p.A. ist eine Kaffeer\u00f6sterei mit Fabrik und B\u00fcros in La Spezia in Italien, der Heimat des echten italienischen Espressos.<br \/>\nDas Unternehmen wurde 1969 gegr\u00fcndet und verf\u00fcgt \u00fcber mehr als 40 Jahre Erfahrung in der R\u00f6stung und Mischung feiner Kaffees.<br \/>\nWir reisen um die Welt, um die besten Kaffeequalit\u00e4ten f\u00fcr unsere Kunden auszuw\u00e4hlen.<br \/>\nUnser Gesch\u00e4ft besteht darin, Rohkaffee direkt von den Herkunftsm\u00e4rkten zu importieren.<br \/>\nDanach verwandeln wir mit Leidenschaft, Erfahrung und K\u00f6nnen den Rohstoff in kostbare Mischungen mit einem einzigartigen und unverwechselbaren Geschmack.<br \/>\nDar\u00fcber hinaus wird die Zuverl\u00e4ssigkeit des gesamten Herstellungsprozesses von Italcaff\u00e8 durch die Qualit\u00e4tszertifizierung UNI EN ISO 9001: 2015 garantiert.<br \/>\nDeshalb setzen wir uns seit jeher daf\u00fcr ein, das Aroma echten italienischen Espressos nach Italien und in die Welt zu bringen, zu Hause und an der Bar.<br \/>\nEgal, ob Sie ein Barprofi oder ein Liebhaber guten Kaffees sind, Italcaff\u00e8 hat die richtige Italienischer Kaffee mischung f\u00fcr Sie. Italienische kaffeesorten.<br \/>\nJetzt kann jeder das Aroma von Italcaff\u00e8 genie\u00dfen. Kaufen Sie Ihre Kaffeebohnen f\u00fcr Espresso, Kaffee gemahlen, Pads und kompatible Nespresso-Kapseln im Italcaff\u00e8 Shop .<\/p>\n","protected":false},"excerpt":{"rendered":"<p style=\"text-align: justify;\"><a href=\"https:\/\/www.italcaffe.it\/de\/geschichte\/\">Italcaff\u00e8<\/a> Espresso Casa Kaffeebohnen 500g Kaffee Espresso ganze Bohnen, Eine Mischung von wertvollen <a href=\"https:\/\/www.italcaffe.it\/de\/torrefazione\/\">Kaffees<\/a> der Arabica- und Robustaart, die sorgf\u00e4ltig ausgew\u00e4hlt und weise gebrannt werden, um Ihnen einen Cremekaffee und ein feines und voller Aroma anzubieten. Italcaff\u00e8 Espresso Casa Kaffeebohnen 500g ist die perfekte Espresso Kaffeebohnen f\u00fcr Vollautomaten und Siebtr\u00e4ger. Ganze Espressobohnen in sch\u00fctzender Atmosph\u00e4re verpackt, um Geschmack und Frische zu erhalten. Vier Seiten versiegelten Beutel von 500g mit unidirektionalem Aromaschutzventil. Diese Eigenschaften garantieren eine bessere Haltbarkeit sowie eine h\u00f6here Qualit\u00e4t des Produkts im Vergleich zu den \u00fcblichen Kaffeebeuteln, die Sie auf dem Markt finden.<br \/>\nACHTUNG: Bei einer Bestellung von 6 kg Espresso Casa Kaffeebohnen, <img loading=\"lazy\" decoding=\"async\" class=\"alignright wp-image-30319 size-thumbnail\" src=\"https:\/\/www.italcaffe.it\/wp-content\/uploads\/2023\/01\/Tazza-4-150x111.jpg\" alt=\"\" width=\"150\" height=\"111\" srcset=\"https:\/\/italcaffe.it\/wp-content\/uploads\/2023\/01\/Tazza-4-150x111.jpg 150w, https:\/\/italcaffe.it\/wp-content\/uploads\/2023\/01\/Tazza-4-120x89.jpg 120w, https:\/\/italcaffe.it\/wp-content\/uploads\/2023\/01\/Tazza-4-750x554.jpg 750w, https:\/\/italcaffe.it\/wp-content\/uploads\/2023\/01\/Tazza-4-300x221.jpg 300w, https:\/\/italcaffe.it\/wp-content\/uploads\/2023\/01\/Tazza-4-1024x756.jpg 1024w, https:\/\/italcaffe.it\/wp-content\/uploads\/2023\/01\/Tazza-4-768x567.jpg 768w, https:\/\/italcaffe.it\/wp-content\/uploads\/2023\/01\/Tazza-4.jpg 1535w\" sizes=\"auto, (max-width: 150px) 100vw, 150px\" \/>bieten wir Ihnen 1 Tasse Italcaff\u00e8 Caff\u00e8 oder Cappuccino aus hochwertigem Porzellan kostenlos und versandkostenfrei in Deutschland an.<\/p>\n","protected":false},"featured_media":28283,"template":"","meta":{"_acf_changed":false},"product_brand":[],"product_cat":[276,277],"product_tag":[],"class_list":{"0":"post-23014","1":"product","2":"type-product","3":"status-publish","4":"has-post-thumbnail","6":"product_cat-kaffeebohnen","7":"product_cat-espresso-kaffee-ganze-bohne","9":"first","10":"instock","11":"taxable","12":"shipping-taxable","13":"product-type-grouped"},"acf":[],"yoast_head":"<!-- This site is optimized with the Yoast SEO plugin v27.0 - https:\/\/yoast.com\/product\/yoast-seo-wordpress\/ -->\n<title>Italcaff\u00e8 Espresso Casa Kaffeebohnen 500g | Italienischer Kaffee<\/title>\n<meta name=\"description\" content=\"Italcaff\u00e8 Espresso Casa Kaffeebohnen 500g ist Eine Mischung von wertvollen Kaffees der Arabica- und Robustaart. Italienischer Kaffee Espresso Ganze Bohne.\" \/>\n<meta name=\"robots\" content=\"index, follow, max-snippet:-1, max-image-preview:large, max-video-preview:-1\" \/>\n<link rel=\"canonical\" href=\"https:\/\/italcaffe.it\/de\/shop\/kaffeebohnen\/espresso-kaffee-ganze-bohne\/italcaffe-espresso-casa-kaffeebohnen\/\" \/>\n<meta property=\"og:locale\" content=\"de_DE\" \/>\n<meta property=\"og:type\" content=\"article\" \/>\n<meta property=\"og:title\" content=\"Italcaff\u00e8 Espresso Casa Kaffeebohnen 500g | Italienischer Kaffee\" \/>\n<meta property=\"og:description\" content=\"Italcaff\u00e8 Espresso Casa Kaffeebohnen 500g ist Eine Mischung von wertvollen Kaffees der Arabica- und Robustaart. Italienischer Kaffee Espresso Ganze Bohne.\" \/>\n<meta property=\"og:url\" content=\"https:\/\/italcaffe.it\/de\/shop\/kaffeebohnen\/espresso-kaffee-ganze-bohne\/italcaffe-espresso-casa-kaffeebohnen\/\" \/>\n<meta property=\"og:site_name\" content=\"Italcaff\u00e8\" \/>\n<meta property=\"article:modified_time\" content=\"2023-02-23T15:26:41+00:00\" \/>\n<meta property=\"og:image\" content=\"https:\/\/italcaffe.it\/wp-content\/uploads\/2021\/09\/EspCasa500g2021-Ruotato.jpg\" \/>\n\t<meta property=\"og:image:width\" content=\"825\" \/>\n\t<meta property=\"og:image:height\" content=\"1100\" \/>\n\t<meta property=\"og:image:type\" content=\"image\/jpeg\" \/>\n<meta name=\"twitter:card\" content=\"summary_large_image\" \/>\n<meta name=\"twitter:label1\" content=\"Gesch\u00e4tzte Lesezeit\" \/>\n\t<meta name=\"twitter:data1\" content=\"2\u00a0Minuten\" \/>\n<script type=\"application\/ld+json\" class=\"yoast-schema-graph\">{\"@context\":\"https:\/\/schema.org\",\"@graph\":[{\"@type\":\"WebPage\",\"@id\":\"https:\/\/italcaffe.it\/de\/shop\/kaffeebohnen\/espresso-kaffee-ganze-bohne\/italcaffe-espresso-casa-kaffeebohnen\/\",\"url\":\"https:\/\/italcaffe.it\/de\/shop\/kaffeebohnen\/espresso-kaffee-ganze-bohne\/italcaffe-espresso-casa-kaffeebohnen\/\",\"name\":\"Italcaff\u00e8 Espresso Casa Kaffeebohnen 500g | Italienischer Kaffee\",\"isPartOf\":{\"@id\":\"https:\/\/italcaffe.it\/de\/#website\"},\"primaryImageOfPage\":{\"@id\":\"https:\/\/italcaffe.it\/de\/shop\/kaffeebohnen\/espresso-kaffee-ganze-bohne\/italcaffe-espresso-casa-kaffeebohnen\/#primaryimage\"},\"image\":{\"@id\":\"https:\/\/italcaffe.it\/de\/shop\/kaffeebohnen\/espresso-kaffee-ganze-bohne\/italcaffe-espresso-casa-kaffeebohnen\/#primaryimage\"},\"thumbnailUrl\":\"https:\/\/italcaffe.it\/wp-content\/uploads\/2021\/09\/EspCasa500g2021-Ruotato.jpg\",\"datePublished\":\"2020-02-26T14:47:03+00:00\",\"dateModified\":\"2023-02-23T15:26:41+00:00\",\"description\":\"Italcaff\u00e8 Espresso Casa Kaffeebohnen 500g ist Eine Mischung von wertvollen Kaffees der Arabica- und Robustaart. Italienischer Kaffee Espresso Ganze Bohne.\",\"breadcrumb\":{\"@id\":\"https:\/\/italcaffe.it\/de\/shop\/kaffeebohnen\/espresso-kaffee-ganze-bohne\/italcaffe-espresso-casa-kaffeebohnen\/#breadcrumb\"},\"inLanguage\":\"de\",\"potentialAction\":[{\"@type\":\"ReadAction\",\"target\":[\"https:\/\/italcaffe.it\/de\/shop\/kaffeebohnen\/espresso-kaffee-ganze-bohne\/italcaffe-espresso-casa-kaffeebohnen\/\"]}]},{\"@type\":\"ImageObject\",\"inLanguage\":\"de\",\"@id\":\"https:\/\/italcaffe.it\/de\/shop\/kaffeebohnen\/espresso-kaffee-ganze-bohne\/italcaffe-espresso-casa-kaffeebohnen\/#primaryimage\",\"url\":\"https:\/\/italcaffe.it\/wp-content\/uploads\/2021\/09\/EspCasa500g2021-Ruotato.jpg\",\"contentUrl\":\"https:\/\/italcaffe.it\/wp-content\/uploads\/2021\/09\/EspCasa500g2021-Ruotato.jpg\",\"width\":825,\"height\":1100,\"caption\":\"Italcaff\u00e8 Espresso Casa Kaffeebohnen 500g Italienischer Kaffee Espresso Ganze Bohne.\"},{\"@type\":\"BreadcrumbList\",\"@id\":\"https:\/\/italcaffe.it\/de\/shop\/kaffeebohnen\/espresso-kaffee-ganze-bohne\/italcaffe-espresso-casa-kaffeebohnen\/#breadcrumb\",\"itemListElement\":[{\"@type\":\"ListItem\",\"position\":1,\"name\":\"Home\",\"item\":\"https:\/\/italcaffe.it\/de\/\"},{\"@type\":\"ListItem\",\"position\":2,\"name\":\"Shop\",\"item\":\"https:\/\/italcaffe.it\/de\/shop\/\"},{\"@type\":\"ListItem\",\"position\":3,\"name\":\"Italcaff\u00e8 Espresso Casa Kaffeebohnen 500g\"}]},{\"@type\":\"WebSite\",\"@id\":\"https:\/\/italcaffe.it\/de\/#website\",\"url\":\"https:\/\/italcaffe.it\/de\/\",\"name\":\"Italcaff\u00e8\",\"description\":\"50 Anni insieme\",\"potentialAction\":[{\"@type\":\"SearchAction\",\"target\":{\"@type\":\"EntryPoint\",\"urlTemplate\":\"https:\/\/italcaffe.it\/de\/?s={search_term_string}\"},\"query-input\":{\"@type\":\"PropertyValueSpecification\",\"valueRequired\":true,\"valueName\":\"search_term_string\"}}],\"inLanguage\":\"de\"}]}<\/script>\n<!-- \/ Yoast SEO plugin. -->","yoast_head_json":{"title":"Italcaff\u00e8 Espresso Casa Kaffeebohnen 500g | Italienischer Kaffee","description":"Italcaff\u00e8 Espresso Casa Kaffeebohnen 500g ist Eine Mischung von wertvollen Kaffees der Arabica- und Robustaart. Italienischer Kaffee Espresso Ganze Bohne.","robots":{"index":"index","follow":"follow","max-snippet":"max-snippet:-1","max-image-preview":"max-image-preview:large","max-video-preview":"max-video-preview:-1"},"canonical":"https:\/\/italcaffe.it\/de\/shop\/kaffeebohnen\/espresso-kaffee-ganze-bohne\/italcaffe-espresso-casa-kaffeebohnen\/","og_locale":"de_DE","og_type":"article","og_title":"Italcaff\u00e8 Espresso Casa Kaffeebohnen 500g | Italienischer Kaffee","og_description":"Italcaff\u00e8 Espresso Casa Kaffeebohnen 500g ist Eine Mischung von wertvollen Kaffees der Arabica- und Robustaart. Italienischer Kaffee Espresso Ganze Bohne.","og_url":"https:\/\/italcaffe.it\/de\/shop\/kaffeebohnen\/espresso-kaffee-ganze-bohne\/italcaffe-espresso-casa-kaffeebohnen\/","og_site_name":"Italcaff\u00e8","article_modified_time":"2023-02-23T15:26:41+00:00","og_image":[{"width":825,"height":1100,"url":"https:\/\/italcaffe.it\/wp-content\/uploads\/2021\/09\/EspCasa500g2021-Ruotato.jpg","type":"image\/jpeg"}],"twitter_card":"summary_large_image","twitter_misc":{"Gesch\u00e4tzte Lesezeit":"2\u00a0Minuten"},"schema":{"@context":"https:\/\/schema.org","@graph":[{"@type":"WebPage","@id":"https:\/\/italcaffe.it\/de\/shop\/kaffeebohnen\/espresso-kaffee-ganze-bohne\/italcaffe-espresso-casa-kaffeebohnen\/","url":"https:\/\/italcaffe.it\/de\/shop\/kaffeebohnen\/espresso-kaffee-ganze-bohne\/italcaffe-espresso-casa-kaffeebohnen\/","name":"Italcaff\u00e8 Espresso Casa Kaffeebohnen 500g | Italienischer Kaffee","isPartOf":{"@id":"https:\/\/italcaffe.it\/de\/#website"},"primaryImageOfPage":{"@id":"https:\/\/italcaffe.it\/de\/shop\/kaffeebohnen\/espresso-kaffee-ganze-bohne\/italcaffe-espresso-casa-kaffeebohnen\/#primaryimage"},"image":{"@id":"https:\/\/italcaffe.it\/de\/shop\/kaffeebohnen\/espresso-kaffee-ganze-bohne\/italcaffe-espresso-casa-kaffeebohnen\/#primaryimage"},"thumbnailUrl":"https:\/\/italcaffe.it\/wp-content\/uploads\/2021\/09\/EspCasa500g2021-Ruotato.jpg","datePublished":"2020-02-26T14:47:03+00:00","dateModified":"2023-02-23T15:26:41+00:00","description":"Italcaff\u00e8 Espresso Casa Kaffeebohnen 500g ist Eine Mischung von wertvollen Kaffees der Arabica- und Robustaart. Italienischer Kaffee Espresso Ganze Bohne.","breadcrumb":{"@id":"https:\/\/italcaffe.it\/de\/shop\/kaffeebohnen\/espresso-kaffee-ganze-bohne\/italcaffe-espresso-casa-kaffeebohnen\/#breadcrumb"},"inLanguage":"de","potentialAction":[{"@type":"ReadAction","target":["https:\/\/italcaffe.it\/de\/shop\/kaffeebohnen\/espresso-kaffee-ganze-bohne\/italcaffe-espresso-casa-kaffeebohnen\/"]}]},{"@type":"ImageObject","inLanguage":"de","@id":"https:\/\/italcaffe.it\/de\/shop\/kaffeebohnen\/espresso-kaffee-ganze-bohne\/italcaffe-espresso-casa-kaffeebohnen\/#primaryimage","url":"https:\/\/italcaffe.it\/wp-content\/uploads\/2021\/09\/EspCasa500g2021-Ruotato.jpg","contentUrl":"https:\/\/italcaffe.it\/wp-content\/uploads\/2021\/09\/EspCasa500g2021-Ruotato.jpg","width":825,"height":1100,"caption":"Italcaff\u00e8 Espresso Casa Kaffeebohnen 500g Italienischer Kaffee Espresso Ganze Bohne."},{"@type":"BreadcrumbList","@id":"https:\/\/italcaffe.it\/de\/shop\/kaffeebohnen\/espresso-kaffee-ganze-bohne\/italcaffe-espresso-casa-kaffeebohnen\/#breadcrumb","itemListElement":[{"@type":"ListItem","position":1,"name":"Home","item":"https:\/\/italcaffe.it\/de\/"},{"@type":"ListItem","position":2,"name":"Shop","item":"https:\/\/italcaffe.it\/de\/shop\/"},{"@type":"ListItem","position":3,"name":"Italcaff\u00e8 Espresso Casa Kaffeebohnen 500g"}]},{"@type":"WebSite","@id":"https:\/\/italcaffe.it\/de\/#website","url":"https:\/\/italcaffe.it\/de\/","name":"Italcaff\u00e8","description":"50 Anni insieme","potentialAction":[{"@type":"SearchAction","target":{"@type":"EntryPoint","urlTemplate":"https:\/\/italcaffe.it\/de\/?s={search_term_string}"},"query-input":{"@type":"PropertyValueSpecification","valueRequired":true,"valueName":"search_term_string"}}],"inLanguage":"de"}]}},"_links":{"self":[{"href":"https:\/\/italcaffe.it\/de\/wp-json\/wp\/v2\/product\/23014","targetHints":{"allow":["GET"]}}],"collection":[{"href":"https:\/\/italcaffe.it\/de\/wp-json\/wp\/v2\/product"}],"about":[{"href":"https:\/\/italcaffe.it\/de\/wp-json\/wp\/v2\/types\/product"}],"wp:featuredmedia":[{"embeddable":true,"href":"https:\/\/italcaffe.it\/de\/wp-json\/wp\/v2\/media\/28283"}],"wp:attachment":[{"href":"https:\/\/italcaffe.it\/de\/wp-json\/wp\/v2\/media?parent=23014"}],"wp:term":[{"taxonomy":"product_brand","embeddable":true,"href":"https:\/\/italcaffe.it\/de\/wp-json\/wp\/v2\/product_brand?post=23014"},{"taxonomy":"product_cat","embeddable":true,"href":"https:\/\/italcaffe.it\/de\/wp-json\/wp\/v2\/product_cat?post=23014"},{"taxonomy":"product_tag","embeddable":true,"href":"https:\/\/italcaffe.it\/de\/wp-json\/wp\/v2\/product_tag?post=23014"}],"curies":[{"name":"wp","href":"https:\/\/api.w.org\/{rel}","templated":true}]}}