{"id":23032,"date":"2020-02-26T15:59:28","date_gmt":"2020-02-26T14:47:09","guid":{"rendered":"https:\/\/www.italcaffe.it\/product\/3-x-1-kg-italcaffe-gran-crema-espresso-kaffeebohnen\/"},"modified":"2020-02-26T15:47:12","modified_gmt":"2020-02-26T14:47:12","slug":"3-x-1-kg-gran-crema-kaffeebohnen","status":"publish","type":"product","link":"https:\/\/italcaffe.it\/de\/shop\/kaffeebohnen\/espresso-kaffee-ganze-bohne\/3-x-1-kg-gran-crema-kaffeebohnen\/","title":{"rendered":"3 x 1 Kg Italcaff\u00e8 Gran Crema Espresso Kaffeebohnen"},"content":{"rendered":"","protected":false},"excerpt":{"rendered":"<p>Italcaff\u00e8 Gran Crema 1000g Bohnen Espresso Kaffee<\/p>\n<p>Die richtige Mischung f\u00fcr die, die einen vollen und starken Geschmack mit einer reichen Creme lieben.<br \/>\nEin Kaffee f\u00fcr wahre Kenner. <\/p>\n<p>In Bohnen in 1.000 gr. Vakuumpackungen verf\u00fcgbar mit Aroma-Ventil. Kaffeebohnen Espresso Cafe Italiano ganze Bohnen.<\/p>\n","protected":false},"featured_media":8538,"template":"","meta":{"_acf_changed":false},"product_brand":[],"product_cat":[276,277],"product_tag":[],"class_list":{"0":"post-23032","1":"product","2":"type-product","3":"status-publish","4":"has-post-thumbnail","6":"product_cat-kaffeebohnen","7":"product_cat-espresso-kaffee-ganze-bohne","9":"first","10":"instock","11":"taxable","12":"shipping-taxable","13":"purchasable","14":"product-type-simple"},"acf":[],"yoast_head":"<!-- This site is optimized with the Yoast SEO plugin v27.0 - https:\/\/yoast.com\/product\/yoast-seo-wordpress\/ -->\n<title>3 x 1 Kg Italcaff\u00e8 Gran Crema Espresso Kaffeebohnen - Italcaff\u00e8<\/title>\n<meta name=\"robots\" content=\"index, follow, max-snippet:-1, max-image-preview:large, max-video-preview:-1\" \/>\n<link rel=\"canonical\" href=\"https:\/\/italcaffe.it\/de\/shop\/kaffeebohnen\/espresso-kaffee-ganze-bohne\/3-x-1-kg-gran-crema-kaffeebohnen\/\" \/>\n<meta property=\"og:locale\" content=\"de_DE\" \/>\n<meta property=\"og:type\" content=\"article\" \/>\n<meta property=\"og:title\" content=\"3 x 1 Kg Italcaff\u00e8 Gran Crema Espresso Kaffeebohnen - Italcaff\u00e8\" \/>\n<meta property=\"og:description\" content=\"Italcaff\u00e8 Gran Crema 1000g Bohnen Espresso Kaffee Die richtige Mischung f\u00fcr die, die einen vollen und starken Geschmack mit einer reichen Creme lieben. Ein Kaffee f\u00fcr wahre Kenner.  In Bohnen in 1.000 gr. Vakuumpackungen verf\u00fcgbar mit Aroma-Ventil. Kaffeebohnen Espresso Cafe Italiano ganze Bohnen.\" \/>\n<meta property=\"og:url\" content=\"https:\/\/italcaffe.it\/de\/shop\/kaffeebohnen\/espresso-kaffee-ganze-bohne\/3-x-1-kg-gran-crema-kaffeebohnen\/\" \/>\n<meta property=\"og:site_name\" content=\"Italcaff\u00e8\" \/>\n<meta property=\"article:modified_time\" content=\"2020-02-26T14:47:12+00:00\" \/>\n<meta property=\"og:image\" content=\"https:\/\/italcaffe.it\/wp-content\/uploads\/2019\/10\/9-grancrema.jpg\" \/>\n\t<meta property=\"og:image:width\" content=\"825\" \/>\n\t<meta property=\"og:image:height\" content=\"1100\" \/>\n\t<meta property=\"og:image:type\" content=\"image\/jpeg\" \/>\n<meta name=\"twitter:card\" content=\"summary_large_image\" \/>\n<script type=\"application\/ld+json\" class=\"yoast-schema-graph\">{\"@context\":\"https:\/\/schema.org\",\"@graph\":[{\"@type\":\"WebPage\",\"@id\":\"https:\/\/italcaffe.it\/de\/shop\/kaffeebohnen\/espresso-kaffee-ganze-bohne\/3-x-1-kg-gran-crema-kaffeebohnen\/\",\"url\":\"https:\/\/italcaffe.it\/de\/shop\/kaffeebohnen\/espresso-kaffee-ganze-bohne\/3-x-1-kg-gran-crema-kaffeebohnen\/\",\"name\":\"3 x 1 Kg Italcaff\u00e8 Gran Crema Espresso Kaffeebohnen - Italcaff\u00e8\",\"isPartOf\":{\"@id\":\"https:\/\/italcaffe.it\/de\/#website\"},\"primaryImageOfPage\":{\"@id\":\"https:\/\/italcaffe.it\/de\/shop\/kaffeebohnen\/espresso-kaffee-ganze-bohne\/3-x-1-kg-gran-crema-kaffeebohnen\/#primaryimage\"},\"image\":{\"@id\":\"https:\/\/italcaffe.it\/de\/shop\/kaffeebohnen\/espresso-kaffee-ganze-bohne\/3-x-1-kg-gran-crema-kaffeebohnen\/#primaryimage\"},\"thumbnailUrl\":\"https:\/\/italcaffe.it\/wp-content\/uploads\/2019\/10\/9-grancrema.jpg\",\"datePublished\":\"2020-02-26T14:47:09+00:00\",\"dateModified\":\"2020-02-26T14:47:12+00:00\",\"breadcrumb\":{\"@id\":\"https:\/\/italcaffe.it\/de\/shop\/kaffeebohnen\/espresso-kaffee-ganze-bohne\/3-x-1-kg-gran-crema-kaffeebohnen\/#breadcrumb\"},\"inLanguage\":\"de\",\"potentialAction\":[{\"@type\":\"ReadAction\",\"target\":[\"https:\/\/italcaffe.it\/de\/shop\/kaffeebohnen\/espresso-kaffee-ganze-bohne\/3-x-1-kg-gran-crema-kaffeebohnen\/\"]}]},{\"@type\":\"ImageObject\",\"inLanguage\":\"de\",\"@id\":\"https:\/\/italcaffe.it\/de\/shop\/kaffeebohnen\/espresso-kaffee-ganze-bohne\/3-x-1-kg-gran-crema-kaffeebohnen\/#primaryimage\",\"url\":\"https:\/\/italcaffe.it\/wp-content\/uploads\/2019\/10\/9-grancrema.jpg\",\"contentUrl\":\"https:\/\/italcaffe.it\/wp-content\/uploads\/2019\/10\/9-grancrema.jpg\",\"width\":825,\"height\":1100,\"caption\":\"Italcaff\u00e8 Gran Crema Kaffeebohnen 1kg Espresso Kaffee ganze Bohne\"},{\"@type\":\"BreadcrumbList\",\"@id\":\"https:\/\/italcaffe.it\/de\/shop\/kaffeebohnen\/espresso-kaffee-ganze-bohne\/3-x-1-kg-gran-crema-kaffeebohnen\/#breadcrumb\",\"itemListElement\":[{\"@type\":\"ListItem\",\"position\":1,\"name\":\"Home\",\"item\":\"https:\/\/italcaffe.it\/de\/\"},{\"@type\":\"ListItem\",\"position\":2,\"name\":\"Shop\",\"item\":\"https:\/\/italcaffe.it\/de\/shop\/\"},{\"@type\":\"ListItem\",\"position\":3,\"name\":\"3 x 1 Kg Italcaff\u00e8 Gran Crema Espresso Kaffeebohnen\"}]},{\"@type\":\"WebSite\",\"@id\":\"https:\/\/italcaffe.it\/de\/#website\",\"url\":\"https:\/\/italcaffe.it\/de\/\",\"name\":\"Italcaff\u00e8\",\"description\":\"50 Anni insieme\",\"potentialAction\":[{\"@type\":\"SearchAction\",\"target\":{\"@type\":\"EntryPoint\",\"urlTemplate\":\"https:\/\/italcaffe.it\/de\/?s={search_term_string}\"},\"query-input\":{\"@type\":\"PropertyValueSpecification\",\"valueRequired\":true,\"valueName\":\"search_term_string\"}}],\"inLanguage\":\"de\"}]}<\/script>\n<!-- \/ Yoast SEO plugin. -->","yoast_head_json":{"title":"3 x 1 Kg Italcaff\u00e8 Gran Crema Espresso Kaffeebohnen - Italcaff\u00e8","robots":{"index":"index","follow":"follow","max-snippet":"max-snippet:-1","max-image-preview":"max-image-preview:large","max-video-preview":"max-video-preview:-1"},"canonical":"https:\/\/italcaffe.it\/de\/shop\/kaffeebohnen\/espresso-kaffee-ganze-bohne\/3-x-1-kg-gran-crema-kaffeebohnen\/","og_locale":"de_DE","og_type":"article","og_title":"3 x 1 Kg Italcaff\u00e8 Gran Crema Espresso Kaffeebohnen - Italcaff\u00e8","og_description":"Italcaff\u00e8 Gran Crema 1000g Bohnen Espresso Kaffee Die richtige Mischung f\u00fcr die, die einen vollen und starken Geschmack mit einer reichen Creme lieben. Ein Kaffee f\u00fcr wahre Kenner.  In Bohnen in 1.000 gr. Vakuumpackungen verf\u00fcgbar mit Aroma-Ventil. Kaffeebohnen Espresso Cafe Italiano ganze Bohnen.","og_url":"https:\/\/italcaffe.it\/de\/shop\/kaffeebohnen\/espresso-kaffee-ganze-bohne\/3-x-1-kg-gran-crema-kaffeebohnen\/","og_site_name":"Italcaff\u00e8","article_modified_time":"2020-02-26T14:47:12+00:00","og_image":[{"width":825,"height":1100,"url":"https:\/\/italcaffe.it\/wp-content\/uploads\/2019\/10\/9-grancrema.jpg","type":"image\/jpeg"}],"twitter_card":"summary_large_image","schema":{"@context":"https:\/\/schema.org","@graph":[{"@type":"WebPage","@id":"https:\/\/italcaffe.it\/de\/shop\/kaffeebohnen\/espresso-kaffee-ganze-bohne\/3-x-1-kg-gran-crema-kaffeebohnen\/","url":"https:\/\/italcaffe.it\/de\/shop\/kaffeebohnen\/espresso-kaffee-ganze-bohne\/3-x-1-kg-gran-crema-kaffeebohnen\/","name":"3 x 1 Kg Italcaff\u00e8 Gran Crema Espresso Kaffeebohnen - Italcaff\u00e8","isPartOf":{"@id":"https:\/\/italcaffe.it\/de\/#website"},"primaryImageOfPage":{"@id":"https:\/\/italcaffe.it\/de\/shop\/kaffeebohnen\/espresso-kaffee-ganze-bohne\/3-x-1-kg-gran-crema-kaffeebohnen\/#primaryimage"},"image":{"@id":"https:\/\/italcaffe.it\/de\/shop\/kaffeebohnen\/espresso-kaffee-ganze-bohne\/3-x-1-kg-gran-crema-kaffeebohnen\/#primaryimage"},"thumbnailUrl":"https:\/\/italcaffe.it\/wp-content\/uploads\/2019\/10\/9-grancrema.jpg","datePublished":"2020-02-26T14:47:09+00:00","dateModified":"2020-02-26T14:47:12+00:00","breadcrumb":{"@id":"https:\/\/italcaffe.it\/de\/shop\/kaffeebohnen\/espresso-kaffee-ganze-bohne\/3-x-1-kg-gran-crema-kaffeebohnen\/#breadcrumb"},"inLanguage":"de","potentialAction":[{"@type":"ReadAction","target":["https:\/\/italcaffe.it\/de\/shop\/kaffeebohnen\/espresso-kaffee-ganze-bohne\/3-x-1-kg-gran-crema-kaffeebohnen\/"]}]},{"@type":"ImageObject","inLanguage":"de","@id":"https:\/\/italcaffe.it\/de\/shop\/kaffeebohnen\/espresso-kaffee-ganze-bohne\/3-x-1-kg-gran-crema-kaffeebohnen\/#primaryimage","url":"https:\/\/italcaffe.it\/wp-content\/uploads\/2019\/10\/9-grancrema.jpg","contentUrl":"https:\/\/italcaffe.it\/wp-content\/uploads\/2019\/10\/9-grancrema.jpg","width":825,"height":1100,"caption":"Italcaff\u00e8 Gran Crema Kaffeebohnen 1kg Espresso Kaffee ganze Bohne"},{"@type":"BreadcrumbList","@id":"https:\/\/italcaffe.it\/de\/shop\/kaffeebohnen\/espresso-kaffee-ganze-bohne\/3-x-1-kg-gran-crema-kaffeebohnen\/#breadcrumb","itemListElement":[{"@type":"ListItem","position":1,"name":"Home","item":"https:\/\/italcaffe.it\/de\/"},{"@type":"ListItem","position":2,"name":"Shop","item":"https:\/\/italcaffe.it\/de\/shop\/"},{"@type":"ListItem","position":3,"name":"3 x 1 Kg Italcaff\u00e8 Gran Crema Espresso Kaffeebohnen"}]},{"@type":"WebSite","@id":"https:\/\/italcaffe.it\/de\/#website","url":"https:\/\/italcaffe.it\/de\/","name":"Italcaff\u00e8","description":"50 Anni insieme","potentialAction":[{"@type":"SearchAction","target":{"@type":"EntryPoint","urlTemplate":"https:\/\/italcaffe.it\/de\/?s={search_term_string}"},"query-input":{"@type":"PropertyValueSpecification","valueRequired":true,"valueName":"search_term_string"}}],"inLanguage":"de"}]}},"_links":{"self":[{"href":"https:\/\/italcaffe.it\/de\/wp-json\/wp\/v2\/product\/23032","targetHints":{"allow":["GET"]}}],"collection":[{"href":"https:\/\/italcaffe.it\/de\/wp-json\/wp\/v2\/product"}],"about":[{"href":"https:\/\/italcaffe.it\/de\/wp-json\/wp\/v2\/types\/product"}],"wp:featuredmedia":[{"embeddable":true,"href":"https:\/\/italcaffe.it\/de\/wp-json\/wp\/v2\/media\/8538"}],"wp:attachment":[{"href":"https:\/\/italcaffe.it\/de\/wp-json\/wp\/v2\/media?parent=23032"}],"wp:term":[{"taxonomy":"product_brand","embeddable":true,"href":"https:\/\/italcaffe.it\/de\/wp-json\/wp\/v2\/product_brand?post=23032"},{"taxonomy":"product_cat","embeddable":true,"href":"https:\/\/italcaffe.it\/de\/wp-json\/wp\/v2\/product_cat?post=23032"},{"taxonomy":"product_tag","embeddable":true,"href":"https:\/\/italcaffe.it\/de\/wp-json\/wp\/v2\/product_tag?post=23032"}],"curies":[{"name":"wp","href":"https:\/\/api.w.org\/{rel}","templated":true}]}}