{"id":23034,"date":"2020-02-26T15:59:28","date_gmt":"2020-02-26T14:47:09","guid":{"rendered":"https:\/\/www.italcaffe.it\/product\/kaffeebohnen-1kg-italcaffe-espresso-gran-crema-kaffee-ganze-bohne\/"},"modified":"2022-12-19T14:48:39","modified_gmt":"2022-12-19T13:48:39","slug":"italcaffe-gran-crema-1kg","status":"publish","type":"product","link":"https:\/\/italcaffe.it\/de\/shop\/kaffeebohnen\/espresso-kaffee-ganze-bohne\/italcaffe-gran-crema-1kg\/","title":{"rendered":"Italcaff\u00e8 Gran Crema Kaffee Espresso bohnen 1kg"},"content":{"rendered":"<h2 class=\"product_title entry-title text-uppercase pt__35\">Merkmale Italcaff\u00e8 Gran Crema Espresso\u00a0Kaffee bohnen 1kg<\/h2>\n<p align=\"justify\"><span style=\"color: #000000;\"><a href=\"https:\/\/www.italcaffe.it\/de\/geschichte\/\" target=\"_blank\" rel=\"noopener\">Italcaff\u00e8<\/a> <a href=\"https:\/\/youtu.be\/WJFZ9Ovu8C8\">Gran Crema<\/a> Kaffee <a href=\"https:\/\/www.facebook.com\/italcaffe\/photos\/pb.100063601539418.-2207520000.\/10158135931808106\/?type=3\">Espresso<\/a> Bohnen ist die richtige Mischung f\u00fcr die, die einen vollen und starken Geschmack mit einer reichen Creme lieben.\u00a0Ein Kaffee f\u00fcr wahre Kenner. Der Klassiker mit original italienischer Note.<br \/>\nPerfekte Espresso Kaffeebohnen f\u00fcr Vollautomaten und Siebtr\u00e4germaschinen. <a href=\"https:\/\/www.italcaffe.it\/de\/geschichte\/\" target=\"_blank\" rel=\"noopener\">Italcaff\u00e8<\/a> <a href=\"https:\/\/youtu.be\/WJFZ9Ovu8C8\">Gran Crema<\/a> Kaffee <a href=\"https:\/\/www.facebook.com\/italcaffe\/photos\/pb.100063601539418.-2207520000.\/10158135931808106\/?type=3\">Espresso<\/a> Bohnen ist eine Mischung mit sehr starkem, ausgepr\u00e4gtem und vollem Aroma sowie typisch langanhaltendem Geschmack.<br \/>\nBeste Arabica-Bohnen aus Mittel- und S\u00fcdamerika sowie ausgesuchte Asiatischer Robusta-Bohnen pr\u00e4gen diesen Kaffee.<br \/>\nSeine reiche Crema schenkt ihm sein verf\u00fchrerisches Aussehen.\u00a0Ger\u00f6stete Kaffeebohnen ganze Bohne in einer sch\u00fctzenden Atmosph\u00e4re verpackt.<br \/>\nBeutel von 1kg mit unidirektionalem Aromaschutzventil.\u00a0Diese Eigenschaften garantieren eine bessere Haltbarkeit sowie eine h\u00f6here Qualit\u00e4t des Italcaff\u00e8 produkts im Vergleich zu den \u00fcblichen Kaffeebeuteln, die Sie auf dem Markt finden.<br \/>\nKaffeebohnen 1kg italcaff\u00e8 espresso gran crema kaffee ganze bohne.<br \/>\nAuf diese Weise bieten wir Ihnen einen robusteren Beutel, der den Erhalt des Geschmacks und der Frische Ihres Espressos \u00fcber die Zeit garantiert.<br \/>\n<\/span><span style=\"color: #000000;\">Deshalb Italcaff\u00e8 bietet Ihnen die besten Kaffeequalit\u00e4ten der Welt, was nicht zuletzt als Folge gro\u00dfer Leidenschaft f\u00fcr Kaffee sowie aus langer Erfahrung, Wissenschaft und Innovationsbem\u00fchungen resultiert.<br \/>\n<\/span><span style=\"color: #000000;\">Diese Eigenschaften garantieren eine bessere Haltbarkeit sowie eine h\u00f6here Qualit\u00e4t des Produkts im Vergleich zu den \u00fcblichen Kaffeebeuteln, die Sie auf dem Markt finden. Kaffeebohnen 1kg Italcaff\u00e8 Espresso Gran Gusto Kaffee ganze bohne.<\/span><\/p>\n<h2 class=\"product_title entry-title text-uppercase pt__35\">Die Firma Italcaff\u00e8<\/h2>\n<p align=\"justify\">Italcaff\u00e8 S.p.A. ist eine Kaffeer\u00f6sterei mit Fabrik und B\u00fcros in La Spezia in Italien, der Heimat des echten italienischen Espresso.<br \/>\nDas Unternehmen wurde 1969 gegr\u00fcndet und verf\u00fcgt \u00fcber mehr als 40 Jahre Erfahrung in der R\u00f6stung und Mischung feiner Kaffees.<br \/>\nWir reisen um die Welt, um die besten Kaffeequalit\u00e4ten f\u00fcr unsere Kunden auszuw\u00e4hlen.<br \/>\nUnser Gesch\u00e4ft besteht darin, Rohkaffee direkt von den Herkunftsm\u00e4rkten zu importieren.<br \/>\nDanach verwandeln wir mit Leidenschaft, Erfahrung und K\u00f6nnen den Rohstoff in kostbare Mischungen mit einem einzigartigen und unverwechselbaren Geschmack.<br \/>\nDar\u00fcber hinaus wird die Zuverl\u00e4ssigkeit des gesamten Herstellungsprozesses von Italcaff\u00e8 durch die Qualit\u00e4tszertifizierung UNI EN ISO 9001: 2015 garantiert.<br \/>\nDeshalb setzen wir uns seit jeher daf\u00fcr ein, das Aroma echten italienischen Espresso nach Italien und in die Welt zu bringen, zu Hause und an der Bar.<br \/>\nEgal, ob Sie ein Barprofi oder ein Liebhaber guten Kaffees sind, Italcaff\u00e8 hat die richtige Mischung f\u00fcr Sie.<br \/>\nJetzt kann jeder das Aroma von Italcaff\u00e8 genie\u00dfen.<\/p>\n","protected":false},"excerpt":{"rendered":"<p style=\"text-align: justify;\"><span style=\"color: #000000;\"><a href=\"https:\/\/www.italcaffe.it\/de\/geschichte\/\" target=\"_blank\" rel=\"noopener\">Italcaff\u00e8<\/a> <a href=\"https:\/\/youtu.be\/WJFZ9Ovu8C8\">Gran Crema<\/a> Kaffee <a href=\"https:\/\/www.facebook.com\/italcaffe\/photos\/pb.100063601539418.-2207520000.\/10158135931808106\/?type=3\">Espresso<\/a> Bohnen <\/span>ist die richtige Mischung f\u00fcr die, die einen vollen und starken Geschmack mit einer reichen Creme lieben. Ein Kaffee f\u00fcr wahre Kenner. Der Klassiker mit original italienischer Note.<br \/>\nPerfekte Espresso Kaffeebohnen f\u00fcr Vollautomaten und Siebtr\u00e4germaschinen. <span style=\"color: #000000;\"><a href=\"https:\/\/www.italcaffe.it\/de\/geschichte\/\" target=\"_blank\" rel=\"noopener\">Italcaff\u00e8<\/a> <a href=\"https:\/\/youtu.be\/WJFZ9Ovu8C8\">Gran Crema<\/a> Kaffee <a href=\"https:\/\/www.facebook.com\/italcaffe\/photos\/pb.100063601539418.-2207520000.\/10158135931808106\/?type=3\">Espresso<\/a> Bohnen <\/span>ist eine Mischung mit sehr starkem, ausgepr\u00e4gtem und vollem Aroma sowie typisch langanhaltendem Geschmack.<br \/>\nBeste Arabica-Bohnen aus Mittel- und S\u00fcdamerika sowie ausgesuchte Asiatischer Robusta-Bohnen pr\u00e4gen diesen Kaffee.<br \/>\nSeine reiche Crema schenkt ihm sein verf\u00fchrerisches Aussehen.\u00a0Ger\u00f6stete Kaffeebohnen ganze Bohne in einer sch\u00fctzenden Atmosph\u00e4re verpackt.<br \/>\nBeutel von 1kg mit unidirektionalem Aromaschutzventil.\u00a0Diese Eigenschaften garantieren eine bessere Haltbarkeit sowie eine h\u00f6here Qualit\u00e4t des Italcaff\u00e8 produkts im Vergleich zu den \u00fcblichen Kaffeebeuteln, die Sie auf dem Markt finden.<br \/>\nKaffeebohnen 1kg italcaff\u00e8 espresso gran crema kaffee ganze bohne.<\/p>\n","protected":false},"featured_media":8538,"template":"","meta":{"_acf_changed":false},"product_brand":[],"product_cat":[276,277],"product_tag":[],"class_list":{"0":"post-23034","1":"product","2":"type-product","3":"status-publish","4":"has-post-thumbnail","6":"product_cat-kaffeebohnen","7":"product_cat-espresso-kaffee-ganze-bohne","9":"first","10":"instock","11":"taxable","12":"shipping-taxable","13":"product-type-grouped"},"acf":[],"yoast_head":"<!-- This site is optimized with the Yoast SEO plugin v27.0 - https:\/\/yoast.com\/product\/yoast-seo-wordpress\/ -->\n<title>Italcaff\u00e8 Gran Crema Espresso Italienischer Kaffee bohnen 1kg<\/title>\n<meta name=\"description\" content=\"Italcaff\u00e8 Gran Crema Espresso Kaffee bohnen ist die richtige Mischung fur Espresso mit einen vollen und starken Geschmack und einer reichen aroma.\" \/>\n<meta name=\"robots\" content=\"index, follow, max-snippet:-1, max-image-preview:large, max-video-preview:-1\" \/>\n<link rel=\"canonical\" href=\"https:\/\/italcaffe.it\/de\/shop\/kaffeebohnen\/espresso-kaffee-ganze-bohne\/italcaffe-gran-crema-1kg\/\" \/>\n<meta property=\"og:locale\" content=\"de_DE\" \/>\n<meta property=\"og:type\" content=\"article\" \/>\n<meta property=\"og:title\" content=\"Italcaff\u00e8 Gran Crema Espresso Italienischer Kaffee bohnen 1kg\" \/>\n<meta property=\"og:description\" content=\"Italcaff\u00e8 Gran Crema Espresso Kaffee bohnen ist die richtige Mischung fur Espresso mit einen vollen und starken Geschmack und einer reichen aroma.\" \/>\n<meta property=\"og:url\" content=\"https:\/\/italcaffe.it\/de\/shop\/kaffeebohnen\/espresso-kaffee-ganze-bohne\/italcaffe-gran-crema-1kg\/\" \/>\n<meta property=\"og:site_name\" content=\"Italcaff\u00e8\" \/>\n<meta property=\"article:modified_time\" content=\"2022-12-19T13:48:39+00:00\" \/>\n<meta property=\"og:image\" content=\"https:\/\/italcaffe.it\/wp-content\/uploads\/2019\/10\/9-grancrema.jpg\" \/>\n\t<meta property=\"og:image:width\" content=\"825\" \/>\n\t<meta property=\"og:image:height\" content=\"1100\" \/>\n\t<meta property=\"og:image:type\" content=\"image\/jpeg\" \/>\n<meta name=\"twitter:card\" content=\"summary_large_image\" \/>\n<meta name=\"twitter:label1\" content=\"Gesch\u00e4tzte Lesezeit\" \/>\n\t<meta name=\"twitter:data1\" content=\"3\u00a0Minuten\" \/>\n<script type=\"application\/ld+json\" class=\"yoast-schema-graph\">{\"@context\":\"https:\/\/schema.org\",\"@graph\":[{\"@type\":\"WebPage\",\"@id\":\"https:\/\/italcaffe.it\/de\/shop\/kaffeebohnen\/espresso-kaffee-ganze-bohne\/italcaffe-gran-crema-1kg\/\",\"url\":\"https:\/\/italcaffe.it\/de\/shop\/kaffeebohnen\/espresso-kaffee-ganze-bohne\/italcaffe-gran-crema-1kg\/\",\"name\":\"Italcaff\u00e8 Gran Crema Espresso Italienischer Kaffee bohnen 1kg\",\"isPartOf\":{\"@id\":\"https:\/\/italcaffe.it\/de\/#website\"},\"primaryImageOfPage\":{\"@id\":\"https:\/\/italcaffe.it\/de\/shop\/kaffeebohnen\/espresso-kaffee-ganze-bohne\/italcaffe-gran-crema-1kg\/#primaryimage\"},\"image\":{\"@id\":\"https:\/\/italcaffe.it\/de\/shop\/kaffeebohnen\/espresso-kaffee-ganze-bohne\/italcaffe-gran-crema-1kg\/#primaryimage\"},\"thumbnailUrl\":\"https:\/\/italcaffe.it\/wp-content\/uploads\/2019\/10\/9-grancrema.jpg\",\"datePublished\":\"2020-02-26T14:47:09+00:00\",\"dateModified\":\"2022-12-19T13:48:39+00:00\",\"description\":\"Italcaff\u00e8 Gran Crema Espresso Kaffee bohnen ist die richtige Mischung fur Espresso mit einen vollen und starken Geschmack und einer reichen aroma.\",\"breadcrumb\":{\"@id\":\"https:\/\/italcaffe.it\/de\/shop\/kaffeebohnen\/espresso-kaffee-ganze-bohne\/italcaffe-gran-crema-1kg\/#breadcrumb\"},\"inLanguage\":\"de\",\"potentialAction\":[{\"@type\":\"ReadAction\",\"target\":[\"https:\/\/italcaffe.it\/de\/shop\/kaffeebohnen\/espresso-kaffee-ganze-bohne\/italcaffe-gran-crema-1kg\/\"]}]},{\"@type\":\"ImageObject\",\"inLanguage\":\"de\",\"@id\":\"https:\/\/italcaffe.it\/de\/shop\/kaffeebohnen\/espresso-kaffee-ganze-bohne\/italcaffe-gran-crema-1kg\/#primaryimage\",\"url\":\"https:\/\/italcaffe.it\/wp-content\/uploads\/2019\/10\/9-grancrema.jpg\",\"contentUrl\":\"https:\/\/italcaffe.it\/wp-content\/uploads\/2019\/10\/9-grancrema.jpg\",\"width\":825,\"height\":1100,\"caption\":\"Italcaff\u00e8 Gran Crema Kaffeebohnen 1kg Espresso Kaffee ganze Bohne\"},{\"@type\":\"BreadcrumbList\",\"@id\":\"https:\/\/italcaffe.it\/de\/shop\/kaffeebohnen\/espresso-kaffee-ganze-bohne\/italcaffe-gran-crema-1kg\/#breadcrumb\",\"itemListElement\":[{\"@type\":\"ListItem\",\"position\":1,\"name\":\"Home\",\"item\":\"https:\/\/italcaffe.it\/de\/\"},{\"@type\":\"ListItem\",\"position\":2,\"name\":\"Shop\",\"item\":\"https:\/\/italcaffe.it\/de\/shop\/\"},{\"@type\":\"ListItem\",\"position\":3,\"name\":\"Italcaff\u00e8 Gran Crema Kaffee Espresso bohnen 1kg\"}]},{\"@type\":\"WebSite\",\"@id\":\"https:\/\/italcaffe.it\/de\/#website\",\"url\":\"https:\/\/italcaffe.it\/de\/\",\"name\":\"Italcaff\u00e8\",\"description\":\"50 Anni insieme\",\"potentialAction\":[{\"@type\":\"SearchAction\",\"target\":{\"@type\":\"EntryPoint\",\"urlTemplate\":\"https:\/\/italcaffe.it\/de\/?s={search_term_string}\"},\"query-input\":{\"@type\":\"PropertyValueSpecification\",\"valueRequired\":true,\"valueName\":\"search_term_string\"}}],\"inLanguage\":\"de\"}]}<\/script>\n<!-- \/ Yoast SEO plugin. -->","yoast_head_json":{"title":"Italcaff\u00e8 Gran Crema Espresso Italienischer Kaffee bohnen 1kg","description":"Italcaff\u00e8 Gran Crema Espresso Kaffee bohnen ist die richtige Mischung fur Espresso mit einen vollen und starken Geschmack und einer reichen aroma.","robots":{"index":"index","follow":"follow","max-snippet":"max-snippet:-1","max-image-preview":"max-image-preview:large","max-video-preview":"max-video-preview:-1"},"canonical":"https:\/\/italcaffe.it\/de\/shop\/kaffeebohnen\/espresso-kaffee-ganze-bohne\/italcaffe-gran-crema-1kg\/","og_locale":"de_DE","og_type":"article","og_title":"Italcaff\u00e8 Gran Crema Espresso Italienischer Kaffee bohnen 1kg","og_description":"Italcaff\u00e8 Gran Crema Espresso Kaffee bohnen ist die richtige Mischung fur Espresso mit einen vollen und starken Geschmack und einer reichen aroma.","og_url":"https:\/\/italcaffe.it\/de\/shop\/kaffeebohnen\/espresso-kaffee-ganze-bohne\/italcaffe-gran-crema-1kg\/","og_site_name":"Italcaff\u00e8","article_modified_time":"2022-12-19T13:48:39+00:00","og_image":[{"width":825,"height":1100,"url":"https:\/\/italcaffe.it\/wp-content\/uploads\/2019\/10\/9-grancrema.jpg","type":"image\/jpeg"}],"twitter_card":"summary_large_image","twitter_misc":{"Gesch\u00e4tzte Lesezeit":"3\u00a0Minuten"},"schema":{"@context":"https:\/\/schema.org","@graph":[{"@type":"WebPage","@id":"https:\/\/italcaffe.it\/de\/shop\/kaffeebohnen\/espresso-kaffee-ganze-bohne\/italcaffe-gran-crema-1kg\/","url":"https:\/\/italcaffe.it\/de\/shop\/kaffeebohnen\/espresso-kaffee-ganze-bohne\/italcaffe-gran-crema-1kg\/","name":"Italcaff\u00e8 Gran Crema Espresso Italienischer Kaffee bohnen 1kg","isPartOf":{"@id":"https:\/\/italcaffe.it\/de\/#website"},"primaryImageOfPage":{"@id":"https:\/\/italcaffe.it\/de\/shop\/kaffeebohnen\/espresso-kaffee-ganze-bohne\/italcaffe-gran-crema-1kg\/#primaryimage"},"image":{"@id":"https:\/\/italcaffe.it\/de\/shop\/kaffeebohnen\/espresso-kaffee-ganze-bohne\/italcaffe-gran-crema-1kg\/#primaryimage"},"thumbnailUrl":"https:\/\/italcaffe.it\/wp-content\/uploads\/2019\/10\/9-grancrema.jpg","datePublished":"2020-02-26T14:47:09+00:00","dateModified":"2022-12-19T13:48:39+00:00","description":"Italcaff\u00e8 Gran Crema Espresso Kaffee bohnen ist die richtige Mischung fur Espresso mit einen vollen und starken Geschmack und einer reichen aroma.","breadcrumb":{"@id":"https:\/\/italcaffe.it\/de\/shop\/kaffeebohnen\/espresso-kaffee-ganze-bohne\/italcaffe-gran-crema-1kg\/#breadcrumb"},"inLanguage":"de","potentialAction":[{"@type":"ReadAction","target":["https:\/\/italcaffe.it\/de\/shop\/kaffeebohnen\/espresso-kaffee-ganze-bohne\/italcaffe-gran-crema-1kg\/"]}]},{"@type":"ImageObject","inLanguage":"de","@id":"https:\/\/italcaffe.it\/de\/shop\/kaffeebohnen\/espresso-kaffee-ganze-bohne\/italcaffe-gran-crema-1kg\/#primaryimage","url":"https:\/\/italcaffe.it\/wp-content\/uploads\/2019\/10\/9-grancrema.jpg","contentUrl":"https:\/\/italcaffe.it\/wp-content\/uploads\/2019\/10\/9-grancrema.jpg","width":825,"height":1100,"caption":"Italcaff\u00e8 Gran Crema Kaffeebohnen 1kg Espresso Kaffee ganze Bohne"},{"@type":"BreadcrumbList","@id":"https:\/\/italcaffe.it\/de\/shop\/kaffeebohnen\/espresso-kaffee-ganze-bohne\/italcaffe-gran-crema-1kg\/#breadcrumb","itemListElement":[{"@type":"ListItem","position":1,"name":"Home","item":"https:\/\/italcaffe.it\/de\/"},{"@type":"ListItem","position":2,"name":"Shop","item":"https:\/\/italcaffe.it\/de\/shop\/"},{"@type":"ListItem","position":3,"name":"Italcaff\u00e8 Gran Crema Kaffee Espresso bohnen 1kg"}]},{"@type":"WebSite","@id":"https:\/\/italcaffe.it\/de\/#website","url":"https:\/\/italcaffe.it\/de\/","name":"Italcaff\u00e8","description":"50 Anni insieme","potentialAction":[{"@type":"SearchAction","target":{"@type":"EntryPoint","urlTemplate":"https:\/\/italcaffe.it\/de\/?s={search_term_string}"},"query-input":{"@type":"PropertyValueSpecification","valueRequired":true,"valueName":"search_term_string"}}],"inLanguage":"de"}]}},"_links":{"self":[{"href":"https:\/\/italcaffe.it\/de\/wp-json\/wp\/v2\/product\/23034","targetHints":{"allow":["GET"]}}],"collection":[{"href":"https:\/\/italcaffe.it\/de\/wp-json\/wp\/v2\/product"}],"about":[{"href":"https:\/\/italcaffe.it\/de\/wp-json\/wp\/v2\/types\/product"}],"wp:featuredmedia":[{"embeddable":true,"href":"https:\/\/italcaffe.it\/de\/wp-json\/wp\/v2\/media\/8538"}],"wp:attachment":[{"href":"https:\/\/italcaffe.it\/de\/wp-json\/wp\/v2\/media?parent=23034"}],"wp:term":[{"taxonomy":"product_brand","embeddable":true,"href":"https:\/\/italcaffe.it\/de\/wp-json\/wp\/v2\/product_brand?post=23034"},{"taxonomy":"product_cat","embeddable":true,"href":"https:\/\/italcaffe.it\/de\/wp-json\/wp\/v2\/product_cat?post=23034"},{"taxonomy":"product_tag","embeddable":true,"href":"https:\/\/italcaffe.it\/de\/wp-json\/wp\/v2\/product_tag?post=23034"}],"curies":[{"name":"wp","href":"https:\/\/api.w.org\/{rel}","templated":true}]}}