{"id":23046,"date":"2020-02-26T15:59:28","date_gmt":"2020-02-26T14:47:59","guid":{"rendered":"https:\/\/www.italcaffe.it\/?post_type=product&#038;p=23046"},"modified":"2022-11-18T20:13:45","modified_gmt":"2022-11-18T19:13:45","slug":"italcaffe-royal-1kg-espresso","status":"publish","type":"product","link":"https:\/\/italcaffe.it\/de\/shop\/kaffeebohnen\/espresso-kaffee-ganze-bohne\/italcaffe-royal-1kg-espresso\/","title":{"rendered":"Italcaff\u00e8 Royal Espresso Kaffeebohnen 1kg"},"content":{"rendered":"<h2 class=\"product_title entry-title text-uppercase pt__35\">Merkmale Italcaff\u00e8 Royal Espresso Kaffeebohnen 1kg<\/h2>\n<p><a href=\"https:\/\/www.italcaffe.it\/de\/geschichte\/\" target=\"_blank\" rel=\"noopener\">Italcaff\u00e8<\/a> <a href=\"https:\/\/youtu.be\/zhztmDJPWX8\" target=\"_blank\" rel=\"noopener\">Royal<\/a> Espresso Kaffeebohnen 1kg Kaffee ganze Bohne ist ein vollmundiger Kaffee mit einem zarten Geschmack und einem duftenden Aroma.<br \/>\nHierbei handelt es sich um einen gro\u00dfartigen italienischen Espresso mit einem starken jedoch auserlesenen Geschmack und einem reichen und anhaltenden Aroma. <a href=\"https:\/\/www.italcaffe.it\/de\/geschichte\/\" target=\"_blank\" rel=\"noopener\">Italcaff\u00e8<\/a> <a href=\"https:\/\/youtu.be\/zhztmDJPWX8\" target=\"_blank\" rel=\"noopener\">Royal<\/a> Espresso Kaffeebohnen in einer sch\u00fctzenden Atmosph\u00e4re verpackt.<br \/>\nBeutel von 1kg mit unidirektionalem Aromaschutzventil. Diese Eigenschaften garantieren eine bessere Haltbarkeit sowie eine h\u00f6here Qualit\u00e4t des Produkts im Vergleich zu den \u00fcblichen Kaffeebeuteln, die Sie auf dem Markt finden.<br \/>\nProduktinformationen <a href=\"https:\/\/www.italcaffe.it\/de\/torrefazione\/\">R\u00f6stkaffee<\/a>, ganze Bohne, Inhalt: 1kg Unter Schutzatmosph\u00e4re. Die besten Ergebnisse erzielen Sie zudem bei der Verarbeitung im Siebtr\u00e4ger oder im Kaffeevollautomaten.\u00a0Heute sucht Italcaffe die Rohkaffees direkt in den Ursprungsl\u00e4ndern aus. In Kombination mit der besten italienischen R\u00f6sttechnologie werden diese Bohnen ihrer ureigensten Bestimmung zugef\u00fchrt. Den Gaumen zu erfreuen.\u00a0 Alle Italcaff\u00e8 Blends werden in einer Schutzatmosph\u00e4re verpackt. Das erm\u00f6glicht eine wetterfeste und sauerstoffdichte Lagerung. Die Eigenschaften des Kaffees, wie Geschmack, Aroma und K\u00f6rper bleiben unverf\u00e4lscht lange erhalten und Sie k\u00f6nnen stets Ihren echten \u201citalienischen Espresso\u201d genie\u00dfen.<\/p>\n<p>Ein altes italienisches Sprichwort besagt, um einen echten Espresso auf italienische Weise zu verkosten braucht es mindestens zwei volle Minuten. Man begibt sich auf eine Sinnesreise, um jedes einzelne Aroma vollends genie\u00dfen zu k\u00f6nnen. W\u00e4hrend sich der Mund zun\u00e4chst mit Noten von Schokolade, Fr\u00fcchten oder Gew\u00fcrzen f\u00fcllt, befindet sich Ihr Geist\u00a0 bereits auf einer kulinarischen Reise durch das s\u00fcdamerikanische Hochland von Guatemala und Brasilien oder schl\u00e4gt sich durch die tropischen Hochlandw\u00e4lder von Vietnam. All das passiert innerhalb eines Schluckes mit geschlossenen Augen. Sobald man diese wieder \u00f6ffnet und der Espresso seine Nuancen im Abgang nochmals aufblitzen l\u00e4sst, sitzt man schon wieder an der malerischen Westk\u00fcste Italiens, wo die kostbaren Rohbohnen zu diesem Meisterwerk veredelt wurden.<\/p>\n<h2 class=\"product_title entry-title text-uppercase pt__35\">Die Firma Italcaff\u00e8<\/h2>\n<p align=\"justify\">Italcaff\u00e8 S.p.A. ist eine Kaffeer\u00f6sterei mit Fabrik und B\u00fcros in La Spezia in Italien, der Heimat des echten italienischen Espressos.<br \/>\nDas Unternehmen wurde 1969 gegr\u00fcndet und verf\u00fcgt \u00fcber mehr als 40 Jahre Erfahrung in der R\u00f6stung und Mischung feiner Kaffees.<br \/>\nWir reisen um die Welt, um die besten Kaffeequalit\u00e4ten f\u00fcr unsere Kunden auszuw\u00e4hlen.<br \/>\nUnser Gesch\u00e4ft besteht darin, Rohkaffee direkt von den Herkunftsm\u00e4rkten zu importieren.<br \/>\nDanach verwandeln wir mit Leidenschaft, Erfahrung und K\u00f6nnen den Rohstoff in kostbare Mischungen mit einem einzigartigen und unverwechselbaren Geschmack.<br \/>\nDar\u00fcber hinaus wird die Zuverl\u00e4ssigkeit des gesamten Herstellungsprozesses von Italcaff\u00e8 durch die Qualit\u00e4tszertifizierung UNI EN ISO 9001: 2015 garantiert.<br \/>\nDeshalb setzen wir uns seit jeher daf\u00fcr ein, das Aroma echten italienischen Espressos nach Italien und in die Welt zu bringen, zu Hause und an der Bar.<br \/>\nEgal, ob Sie ein Barprofi oder ein Liebhaber guten Kaffees sind, Italcaff\u00e8 hat die richtige Italienischer Kaffee mischung f\u00fcr Sie. Italienische kaffeesorten.<br \/>\nJetzt kann jeder das Aroma von Italcaff\u00e8 genie\u00dfen.<\/p>\n","protected":false},"excerpt":{"rendered":"<p style=\"text-align: justify;\"><a href=\"https:\/\/www.italcaffe.it\/de\/geschichte\/\" target=\"_blank\" rel=\"noopener\">Italcaff\u00e8<\/a> <a href=\"https:\/\/youtu.be\/zhztmDJPWX8\" target=\"_blank\" rel=\"noopener\">Royal<\/a> Espresso Kaffeebohnen 1kg Kaffee ganze Bohne ist ein vollmundiger Kaffee mit einem zarten Geschmack und einem duftenden Aroma.<br \/>\nHierbei handelt es sich um einen gro\u00dfartigen italienischen Espresso mit einem starken jedoch auserlesenen Geschmack und einem reichen und anhaltenden Aroma. <a href=\"https:\/\/www.italcaffe.it\/de\/geschichte\/\" target=\"_blank\" rel=\"noopener\">Italcaff\u00e8<\/a> <a href=\"https:\/\/youtu.be\/zhztmDJPWX8\" target=\"_blank\" rel=\"noopener\">Royal<\/a> Espresso Kaffeebohnen in einer sch\u00fctzenden Atmosph\u00e4re verpackt.<br \/>\nBeutel von 1kg mit unidirektionalem Aromaschutzventil. Diese Eigenschaften garantieren eine bessere Haltbarkeit sowie eine h\u00f6here Qualit\u00e4t des Produkts im Vergleich zu den \u00fcblichen Kaffeebeuteln, die Sie auf dem Markt finden.<br \/>\nProduktinformationen <a href=\"https:\/\/www.italcaffe.it\/de\/torrefazione\/\">R\u00f6stkaffee<\/a>, ganze Bohne, Inhalt: 1kg Unter Schutzatmosph\u00e4re. Die besten Ergebnisse erzielen Sie zudem bei der Verarbeitung im Siebtr\u00e4ger oder im Kaffeevollautomaten.<\/p>\n","protected":false},"featured_media":8398,"template":"","meta":{"_acf_changed":false},"product_brand":[],"product_cat":[276,277],"product_tag":[347,471,349,355],"class_list":{"0":"post-23046","1":"product","2":"type-product","3":"status-publish","4":"has-post-thumbnail","6":"product_cat-kaffeebohnen","7":"product_cat-espresso-kaffee-ganze-bohne","8":"product_tag-espresso-de","9":"product_tag-italienischer-kaffee","10":"product_tag-kaffee","11":"product_tag-kaffeebohnen-de","13":"first","14":"instock","15":"taxable","16":"shipping-taxable","17":"product-type-grouped"},"acf":[],"yoast_head":"<!-- This site is optimized with the Yoast SEO plugin v27.0 - https:\/\/yoast.com\/product\/yoast-seo-wordpress\/ -->\n<title>Italcaff\u00e8 Royal Espresso Kaffeebohnen 1kg | Kaffee Ganze Bohne<\/title>\n<meta name=\"description\" content=\"Italcaff\u00e8 Royal Bar 1kg Espresso Kaffeebohnen.\u00a0Hierbei handelt es sich um einen gro\u00dfartigen italienischen Espresso | Italienischer Kaffee Ganze Bohne\" \/>\n<meta name=\"robots\" content=\"index, follow, max-snippet:-1, max-image-preview:large, max-video-preview:-1\" \/>\n<link rel=\"canonical\" href=\"https:\/\/italcaffe.it\/de\/shop\/kaffeebohnen\/espresso-kaffee-ganze-bohne\/italcaffe-royal-1kg-espresso\/\" \/>\n<meta property=\"og:locale\" content=\"de_DE\" \/>\n<meta property=\"og:type\" content=\"article\" \/>\n<meta property=\"og:title\" content=\"Italcaff\u00e8 Royal Espresso Kaffeebohnen 1kg | Kaffee Ganze Bohne\" \/>\n<meta property=\"og:description\" content=\"Italcaff\u00e8 Royal Bar 1kg Espresso Kaffeebohnen.\u00a0Hierbei handelt es sich um einen gro\u00dfartigen italienischen Espresso | Italienischer Kaffee Ganze Bohne\" \/>\n<meta property=\"og:url\" content=\"https:\/\/italcaffe.it\/de\/shop\/kaffeebohnen\/espresso-kaffee-ganze-bohne\/italcaffe-royal-1kg-espresso\/\" \/>\n<meta property=\"og:site_name\" content=\"Italcaff\u00e8\" \/>\n<meta property=\"article:modified_time\" content=\"2022-11-18T19:13:45+00:00\" \/>\n<meta property=\"og:image\" content=\"https:\/\/italcaffe.it\/wp-content\/uploads\/2019\/10\/17-royal.jpg\" \/>\n\t<meta property=\"og:image:width\" content=\"825\" \/>\n\t<meta property=\"og:image:height\" content=\"1100\" \/>\n\t<meta property=\"og:image:type\" content=\"image\/jpeg\" \/>\n<meta name=\"twitter:card\" content=\"summary_large_image\" \/>\n<meta name=\"twitter:label1\" content=\"Gesch\u00e4tzte Lesezeit\" \/>\n\t<meta name=\"twitter:data1\" content=\"3\u00a0Minuten\" \/>\n<script type=\"application\/ld+json\" class=\"yoast-schema-graph\">{\"@context\":\"https:\/\/schema.org\",\"@graph\":[{\"@type\":\"WebPage\",\"@id\":\"https:\/\/italcaffe.it\/de\/shop\/kaffeebohnen\/espresso-kaffee-ganze-bohne\/italcaffe-royal-1kg-espresso\/\",\"url\":\"https:\/\/italcaffe.it\/de\/shop\/kaffeebohnen\/espresso-kaffee-ganze-bohne\/italcaffe-royal-1kg-espresso\/\",\"name\":\"Italcaff\u00e8 Royal Espresso Kaffeebohnen 1kg | Kaffee Ganze Bohne\",\"isPartOf\":{\"@id\":\"https:\/\/italcaffe.it\/de\/#website\"},\"primaryImageOfPage\":{\"@id\":\"https:\/\/italcaffe.it\/de\/shop\/kaffeebohnen\/espresso-kaffee-ganze-bohne\/italcaffe-royal-1kg-espresso\/#primaryimage\"},\"image\":{\"@id\":\"https:\/\/italcaffe.it\/de\/shop\/kaffeebohnen\/espresso-kaffee-ganze-bohne\/italcaffe-royal-1kg-espresso\/#primaryimage\"},\"thumbnailUrl\":\"https:\/\/italcaffe.it\/wp-content\/uploads\/2019\/10\/17-royal.jpg\",\"datePublished\":\"2020-02-26T14:47:59+00:00\",\"dateModified\":\"2022-11-18T19:13:45+00:00\",\"description\":\"Italcaff\u00e8 Royal Bar 1kg Espresso Kaffeebohnen.\u00a0Hierbei handelt es sich um einen gro\u00dfartigen italienischen Espresso | Italienischer Kaffee Ganze Bohne\",\"breadcrumb\":{\"@id\":\"https:\/\/italcaffe.it\/de\/shop\/kaffeebohnen\/espresso-kaffee-ganze-bohne\/italcaffe-royal-1kg-espresso\/#breadcrumb\"},\"inLanguage\":\"de\",\"potentialAction\":[{\"@type\":\"ReadAction\",\"target\":[\"https:\/\/italcaffe.it\/de\/shop\/kaffeebohnen\/espresso-kaffee-ganze-bohne\/italcaffe-royal-1kg-espresso\/\"]}]},{\"@type\":\"ImageObject\",\"inLanguage\":\"de\",\"@id\":\"https:\/\/italcaffe.it\/de\/shop\/kaffeebohnen\/espresso-kaffee-ganze-bohne\/italcaffe-royal-1kg-espresso\/#primaryimage\",\"url\":\"https:\/\/italcaffe.it\/wp-content\/uploads\/2019\/10\/17-royal.jpg\",\"contentUrl\":\"https:\/\/italcaffe.it\/wp-content\/uploads\/2019\/10\/17-royal.jpg\",\"width\":825,\"height\":1100,\"caption\":\"Kaffeebohnen 1kg Italcaff\u00e8 Espresso Royal Kaffee ganze Bohne\"},{\"@type\":\"BreadcrumbList\",\"@id\":\"https:\/\/italcaffe.it\/de\/shop\/kaffeebohnen\/espresso-kaffee-ganze-bohne\/italcaffe-royal-1kg-espresso\/#breadcrumb\",\"itemListElement\":[{\"@type\":\"ListItem\",\"position\":1,\"name\":\"Home\",\"item\":\"https:\/\/italcaffe.it\/de\/\"},{\"@type\":\"ListItem\",\"position\":2,\"name\":\"Shop\",\"item\":\"https:\/\/italcaffe.it\/de\/shop\/\"},{\"@type\":\"ListItem\",\"position\":3,\"name\":\"Italcaff\u00e8 Royal Espresso Kaffeebohnen 1kg\"}]},{\"@type\":\"WebSite\",\"@id\":\"https:\/\/italcaffe.it\/de\/#website\",\"url\":\"https:\/\/italcaffe.it\/de\/\",\"name\":\"Italcaff\u00e8\",\"description\":\"50 Anni insieme\",\"potentialAction\":[{\"@type\":\"SearchAction\",\"target\":{\"@type\":\"EntryPoint\",\"urlTemplate\":\"https:\/\/italcaffe.it\/de\/?s={search_term_string}\"},\"query-input\":{\"@type\":\"PropertyValueSpecification\",\"valueRequired\":true,\"valueName\":\"search_term_string\"}}],\"inLanguage\":\"de\"}]}<\/script>\n<!-- \/ Yoast SEO plugin. -->","yoast_head_json":{"title":"Italcaff\u00e8 Royal Espresso Kaffeebohnen 1kg | Kaffee Ganze Bohne","description":"Italcaff\u00e8 Royal Bar 1kg Espresso Kaffeebohnen.\u00a0Hierbei handelt es sich um einen gro\u00dfartigen italienischen Espresso | Italienischer Kaffee Ganze Bohne","robots":{"index":"index","follow":"follow","max-snippet":"max-snippet:-1","max-image-preview":"max-image-preview:large","max-video-preview":"max-video-preview:-1"},"canonical":"https:\/\/italcaffe.it\/de\/shop\/kaffeebohnen\/espresso-kaffee-ganze-bohne\/italcaffe-royal-1kg-espresso\/","og_locale":"de_DE","og_type":"article","og_title":"Italcaff\u00e8 Royal Espresso Kaffeebohnen 1kg | Kaffee Ganze Bohne","og_description":"Italcaff\u00e8 Royal Bar 1kg Espresso Kaffeebohnen.\u00a0Hierbei handelt es sich um einen gro\u00dfartigen italienischen Espresso | Italienischer Kaffee Ganze Bohne","og_url":"https:\/\/italcaffe.it\/de\/shop\/kaffeebohnen\/espresso-kaffee-ganze-bohne\/italcaffe-royal-1kg-espresso\/","og_site_name":"Italcaff\u00e8","article_modified_time":"2022-11-18T19:13:45+00:00","og_image":[{"width":825,"height":1100,"url":"https:\/\/italcaffe.it\/wp-content\/uploads\/2019\/10\/17-royal.jpg","type":"image\/jpeg"}],"twitter_card":"summary_large_image","twitter_misc":{"Gesch\u00e4tzte Lesezeit":"3\u00a0Minuten"},"schema":{"@context":"https:\/\/schema.org","@graph":[{"@type":"WebPage","@id":"https:\/\/italcaffe.it\/de\/shop\/kaffeebohnen\/espresso-kaffee-ganze-bohne\/italcaffe-royal-1kg-espresso\/","url":"https:\/\/italcaffe.it\/de\/shop\/kaffeebohnen\/espresso-kaffee-ganze-bohne\/italcaffe-royal-1kg-espresso\/","name":"Italcaff\u00e8 Royal Espresso Kaffeebohnen 1kg | Kaffee Ganze Bohne","isPartOf":{"@id":"https:\/\/italcaffe.it\/de\/#website"},"primaryImageOfPage":{"@id":"https:\/\/italcaffe.it\/de\/shop\/kaffeebohnen\/espresso-kaffee-ganze-bohne\/italcaffe-royal-1kg-espresso\/#primaryimage"},"image":{"@id":"https:\/\/italcaffe.it\/de\/shop\/kaffeebohnen\/espresso-kaffee-ganze-bohne\/italcaffe-royal-1kg-espresso\/#primaryimage"},"thumbnailUrl":"https:\/\/italcaffe.it\/wp-content\/uploads\/2019\/10\/17-royal.jpg","datePublished":"2020-02-26T14:47:59+00:00","dateModified":"2022-11-18T19:13:45+00:00","description":"Italcaff\u00e8 Royal Bar 1kg Espresso Kaffeebohnen.\u00a0Hierbei handelt es sich um einen gro\u00dfartigen italienischen Espresso | Italienischer Kaffee Ganze Bohne","breadcrumb":{"@id":"https:\/\/italcaffe.it\/de\/shop\/kaffeebohnen\/espresso-kaffee-ganze-bohne\/italcaffe-royal-1kg-espresso\/#breadcrumb"},"inLanguage":"de","potentialAction":[{"@type":"ReadAction","target":["https:\/\/italcaffe.it\/de\/shop\/kaffeebohnen\/espresso-kaffee-ganze-bohne\/italcaffe-royal-1kg-espresso\/"]}]},{"@type":"ImageObject","inLanguage":"de","@id":"https:\/\/italcaffe.it\/de\/shop\/kaffeebohnen\/espresso-kaffee-ganze-bohne\/italcaffe-royal-1kg-espresso\/#primaryimage","url":"https:\/\/italcaffe.it\/wp-content\/uploads\/2019\/10\/17-royal.jpg","contentUrl":"https:\/\/italcaffe.it\/wp-content\/uploads\/2019\/10\/17-royal.jpg","width":825,"height":1100,"caption":"Kaffeebohnen 1kg Italcaff\u00e8 Espresso Royal Kaffee ganze Bohne"},{"@type":"BreadcrumbList","@id":"https:\/\/italcaffe.it\/de\/shop\/kaffeebohnen\/espresso-kaffee-ganze-bohne\/italcaffe-royal-1kg-espresso\/#breadcrumb","itemListElement":[{"@type":"ListItem","position":1,"name":"Home","item":"https:\/\/italcaffe.it\/de\/"},{"@type":"ListItem","position":2,"name":"Shop","item":"https:\/\/italcaffe.it\/de\/shop\/"},{"@type":"ListItem","position":3,"name":"Italcaff\u00e8 Royal Espresso Kaffeebohnen 1kg"}]},{"@type":"WebSite","@id":"https:\/\/italcaffe.it\/de\/#website","url":"https:\/\/italcaffe.it\/de\/","name":"Italcaff\u00e8","description":"50 Anni insieme","potentialAction":[{"@type":"SearchAction","target":{"@type":"EntryPoint","urlTemplate":"https:\/\/italcaffe.it\/de\/?s={search_term_string}"},"query-input":{"@type":"PropertyValueSpecification","valueRequired":true,"valueName":"search_term_string"}}],"inLanguage":"de"}]}},"_links":{"self":[{"href":"https:\/\/italcaffe.it\/de\/wp-json\/wp\/v2\/product\/23046","targetHints":{"allow":["GET"]}}],"collection":[{"href":"https:\/\/italcaffe.it\/de\/wp-json\/wp\/v2\/product"}],"about":[{"href":"https:\/\/italcaffe.it\/de\/wp-json\/wp\/v2\/types\/product"}],"wp:featuredmedia":[{"embeddable":true,"href":"https:\/\/italcaffe.it\/de\/wp-json\/wp\/v2\/media\/8398"}],"wp:attachment":[{"href":"https:\/\/italcaffe.it\/de\/wp-json\/wp\/v2\/media?parent=23046"}],"wp:term":[{"taxonomy":"product_brand","embeddable":true,"href":"https:\/\/italcaffe.it\/de\/wp-json\/wp\/v2\/product_brand?post=23046"},{"taxonomy":"product_cat","embeddable":true,"href":"https:\/\/italcaffe.it\/de\/wp-json\/wp\/v2\/product_cat?post=23046"},{"taxonomy":"product_tag","embeddable":true,"href":"https:\/\/italcaffe.it\/de\/wp-json\/wp\/v2\/product_tag?post=23046"}],"curies":[{"name":"wp","href":"https:\/\/api.w.org\/{rel}","templated":true}]}}