{"id":23049,"date":"2020-02-26T15:59:36","date_gmt":"2020-02-26T14:47:15","guid":{"rendered":"https:\/\/www.italcaffe.it\/product\/6-x-1-kg-excelso-bar-kaffeebohnen-2-kostenlose-feines-porzellan-espresso-oder-cappuccino-tassen\/"},"modified":"2024-04-08T06:44:04","modified_gmt":"2024-04-08T05:44:04","slug":"6-x-1-kg-excelso-bar-kaffeebohnen-2-kostenlose-feines-porzellan-espresso-oder-cappuccino-tassen","status":"publish","type":"product","link":"https:\/\/italcaffe.it\/de\/shop\/kaffeebohnen\/espresso-kaffee-ganze-bohne\/6-x-1-kg-excelso-bar-kaffeebohnen-2-kostenlose-feines-porzellan-espresso-oder-cappuccino-tassen\/","title":{"rendered":"6 x 1 Kg. EXCELSO BAR Kaffeebohnen"},"content":{"rendered":"","protected":false},"excerpt":{"rendered":"<p>Italcaff\u00e8 Excelso Bar 1kg Kaffee Bohnen Espresso Kaffeebohnen<\/p>\n<p>Die besten wertvollen Kaffees f\u00fcr eine Mischung mit s\u00fc\u00dfem Geschmack und starkem und feinem Aroma. Das ist ideal f\u00fcr den, der ein hochwertiges Produkt will.<\/p>\n<p>Der \u201c Excelso Bar \u201d Kaffee hat den preis \u201c goldene Medaille \u201d in der kategorie italienische mischungen f\u00fcr espresso w\u00e4hrend des letzen wettbewerbes : International coffee tasting beim Internationnal Institut von Kaffeetestern in Brescia, gewonnen.<\/p>\n<p>In Bohnen in 1.000 gr. Vakuumpackungen verf\u00fcgbar mit Aroma-Ventil. Kaffeebohnen Espresso Cafe Italiano ganze Bohnen.<\/p>\n<p>Der Griff und Untertasse der komplement\u00e4ren Italcaff\u00e8 Tassen, kann eine andere als die, die im Foto gezeigt Farbe sein. Italcaff\u00e8 Becher sind mit einer Vielzahl von Farbkombinationen wie wei\u00df, rot und schwarz angeboten.<\/p>\n","protected":false},"featured_media":20780,"template":"","meta":{"_acf_changed":false},"product_brand":[],"product_cat":[276,277],"product_tag":[],"class_list":{"0":"post-23049","1":"product","2":"type-product","3":"status-publish","4":"has-post-thumbnail","6":"product_cat-kaffeebohnen","7":"product_cat-espresso-kaffee-ganze-bohne","9":"first","10":"instock","11":"taxable","12":"shipping-taxable","13":"purchasable","14":"product-type-simple"},"acf":[],"yoast_head":"<!-- This site is optimized with the Yoast SEO plugin v27.0 - https:\/\/yoast.com\/product\/yoast-seo-wordpress\/ -->\n<title>6 x 1 Kg. EXCELSO BAR Kaffeebohnen - Italcaff\u00e8<\/title>\n<meta name=\"robots\" content=\"index, follow, max-snippet:-1, max-image-preview:large, max-video-preview:-1\" \/>\n<link rel=\"canonical\" href=\"https:\/\/italcaffe.it\/de\/shop\/kaffeebohnen\/espresso-kaffee-ganze-bohne\/6-x-1-kg-excelso-bar-kaffeebohnen-2-kostenlose-feines-porzellan-espresso-oder-cappuccino-tassen\/\" \/>\n<meta property=\"og:locale\" content=\"de_DE\" \/>\n<meta property=\"og:type\" content=\"article\" \/>\n<meta property=\"og:title\" content=\"6 x 1 Kg. EXCELSO BAR Kaffeebohnen - Italcaff\u00e8\" \/>\n<meta property=\"og:description\" content=\"Italcaff\u00e8 Excelso Bar 1kg Kaffee Bohnen Espresso Kaffeebohnen  Die besten wertvollen Kaffees f\u00fcr eine Mischung mit s\u00fc\u00dfem Geschmack und starkem und feinem Aroma. Das ist ideal f\u00fcr den, der ein hochwertiges Produkt will.  Der \u201c Excelso Bar \u201d Kaffee hat den preis \u201c goldene Medaille \u201d in der kategorie italienische mischungen f\u00fcr espresso w\u00e4hrend des letzen wettbewerbes : International coffee tasting beim Internationnal Institut von Kaffeetestern in Brescia, gewonnen.  In Bohnen in 1.000 gr. Vakuumpackungen verf\u00fcgbar mit Aroma-Ventil. Kaffeebohnen Espresso Cafe Italiano ganze Bohnen.  Der Griff und Untertasse der komplement\u00e4ren Italcaff\u00e8 Tassen, kann eine andere als die, die im Foto gezeigt Farbe sein. Italcaff\u00e8 Becher sind mit einer Vielzahl von Farbkombinationen wie wei\u00df, rot und schwarz angeboten.\" \/>\n<meta property=\"og:url\" content=\"https:\/\/italcaffe.it\/de\/shop\/kaffeebohnen\/espresso-kaffee-ganze-bohne\/6-x-1-kg-excelso-bar-kaffeebohnen-2-kostenlose-feines-porzellan-espresso-oder-cappuccino-tassen\/\" \/>\n<meta property=\"og:site_name\" content=\"Italcaff\u00e8\" \/>\n<meta property=\"article:modified_time\" content=\"2024-04-08T05:44:04+00:00\" \/>\n<meta property=\"og:image\" content=\"https:\/\/italcaffe.it\/wp-content\/uploads\/2020\/02\/07-excelso.jpg\" \/>\n\t<meta property=\"og:image:width\" content=\"825\" \/>\n\t<meta property=\"og:image:height\" content=\"1100\" \/>\n\t<meta property=\"og:image:type\" content=\"image\/jpeg\" \/>\n<meta name=\"twitter:card\" content=\"summary_large_image\" \/>\n<script type=\"application\/ld+json\" class=\"yoast-schema-graph\">{\"@context\":\"https:\/\/schema.org\",\"@graph\":[{\"@type\":\"WebPage\",\"@id\":\"https:\/\/italcaffe.it\/de\/shop\/kaffeebohnen\/espresso-kaffee-ganze-bohne\/6-x-1-kg-excelso-bar-kaffeebohnen-2-kostenlose-feines-porzellan-espresso-oder-cappuccino-tassen\/\",\"url\":\"https:\/\/italcaffe.it\/de\/shop\/kaffeebohnen\/espresso-kaffee-ganze-bohne\/6-x-1-kg-excelso-bar-kaffeebohnen-2-kostenlose-feines-porzellan-espresso-oder-cappuccino-tassen\/\",\"name\":\"6 x 1 Kg. EXCELSO BAR Kaffeebohnen - Italcaff\u00e8\",\"isPartOf\":{\"@id\":\"https:\/\/italcaffe.it\/de\/#website\"},\"primaryImageOfPage\":{\"@id\":\"https:\/\/italcaffe.it\/de\/shop\/kaffeebohnen\/espresso-kaffee-ganze-bohne\/6-x-1-kg-excelso-bar-kaffeebohnen-2-kostenlose-feines-porzellan-espresso-oder-cappuccino-tassen\/#primaryimage\"},\"image\":{\"@id\":\"https:\/\/italcaffe.it\/de\/shop\/kaffeebohnen\/espresso-kaffee-ganze-bohne\/6-x-1-kg-excelso-bar-kaffeebohnen-2-kostenlose-feines-porzellan-espresso-oder-cappuccino-tassen\/#primaryimage\"},\"thumbnailUrl\":\"https:\/\/italcaffe.it\/wp-content\/uploads\/2020\/02\/07-excelso.jpg\",\"datePublished\":\"2020-02-26T14:47:15+00:00\",\"dateModified\":\"2024-04-08T05:44:04+00:00\",\"breadcrumb\":{\"@id\":\"https:\/\/italcaffe.it\/de\/shop\/kaffeebohnen\/espresso-kaffee-ganze-bohne\/6-x-1-kg-excelso-bar-kaffeebohnen-2-kostenlose-feines-porzellan-espresso-oder-cappuccino-tassen\/#breadcrumb\"},\"inLanguage\":\"de\",\"potentialAction\":[{\"@type\":\"ReadAction\",\"target\":[\"https:\/\/italcaffe.it\/de\/shop\/kaffeebohnen\/espresso-kaffee-ganze-bohne\/6-x-1-kg-excelso-bar-kaffeebohnen-2-kostenlose-feines-porzellan-espresso-oder-cappuccino-tassen\/\"]}]},{\"@type\":\"ImageObject\",\"inLanguage\":\"de\",\"@id\":\"https:\/\/italcaffe.it\/de\/shop\/kaffeebohnen\/espresso-kaffee-ganze-bohne\/6-x-1-kg-excelso-bar-kaffeebohnen-2-kostenlose-feines-porzellan-espresso-oder-cappuccino-tassen\/#primaryimage\",\"url\":\"https:\/\/italcaffe.it\/wp-content\/uploads\/2020\/02\/07-excelso.jpg\",\"contentUrl\":\"https:\/\/italcaffe.it\/wp-content\/uploads\/2020\/02\/07-excelso.jpg\",\"width\":825,\"height\":1100,\"caption\":\"Italcaff\u00e8 Excelso Kaffeebohnen Espresso 1kg Kaffee ganze Bohne\"},{\"@type\":\"BreadcrumbList\",\"@id\":\"https:\/\/italcaffe.it\/de\/shop\/kaffeebohnen\/espresso-kaffee-ganze-bohne\/6-x-1-kg-excelso-bar-kaffeebohnen-2-kostenlose-feines-porzellan-espresso-oder-cappuccino-tassen\/#breadcrumb\",\"itemListElement\":[{\"@type\":\"ListItem\",\"position\":1,\"name\":\"Home\",\"item\":\"https:\/\/italcaffe.it\/de\/\"},{\"@type\":\"ListItem\",\"position\":2,\"name\":\"Shop\",\"item\":\"https:\/\/italcaffe.it\/de\/shop\/\"},{\"@type\":\"ListItem\",\"position\":3,\"name\":\"6 x 1 Kg. EXCELSO BAR Kaffeebohnen\"}]},{\"@type\":\"WebSite\",\"@id\":\"https:\/\/italcaffe.it\/de\/#website\",\"url\":\"https:\/\/italcaffe.it\/de\/\",\"name\":\"Italcaff\u00e8\",\"description\":\"50 Anni insieme\",\"potentialAction\":[{\"@type\":\"SearchAction\",\"target\":{\"@type\":\"EntryPoint\",\"urlTemplate\":\"https:\/\/italcaffe.it\/de\/?s={search_term_string}\"},\"query-input\":{\"@type\":\"PropertyValueSpecification\",\"valueRequired\":true,\"valueName\":\"search_term_string\"}}],\"inLanguage\":\"de\"}]}<\/script>\n<!-- \/ Yoast SEO plugin. -->","yoast_head_json":{"title":"6 x 1 Kg. EXCELSO BAR Kaffeebohnen - Italcaff\u00e8","robots":{"index":"index","follow":"follow","max-snippet":"max-snippet:-1","max-image-preview":"max-image-preview:large","max-video-preview":"max-video-preview:-1"},"canonical":"https:\/\/italcaffe.it\/de\/shop\/kaffeebohnen\/espresso-kaffee-ganze-bohne\/6-x-1-kg-excelso-bar-kaffeebohnen-2-kostenlose-feines-porzellan-espresso-oder-cappuccino-tassen\/","og_locale":"de_DE","og_type":"article","og_title":"6 x 1 Kg. EXCELSO BAR Kaffeebohnen - Italcaff\u00e8","og_description":"Italcaff\u00e8 Excelso Bar 1kg Kaffee Bohnen Espresso Kaffeebohnen  Die besten wertvollen Kaffees f\u00fcr eine Mischung mit s\u00fc\u00dfem Geschmack und starkem und feinem Aroma. Das ist ideal f\u00fcr den, der ein hochwertiges Produkt will.  Der \u201c Excelso Bar \u201d Kaffee hat den preis \u201c goldene Medaille \u201d in der kategorie italienische mischungen f\u00fcr espresso w\u00e4hrend des letzen wettbewerbes : International coffee tasting beim Internationnal Institut von Kaffeetestern in Brescia, gewonnen.  In Bohnen in 1.000 gr. Vakuumpackungen verf\u00fcgbar mit Aroma-Ventil. Kaffeebohnen Espresso Cafe Italiano ganze Bohnen.  Der Griff und Untertasse der komplement\u00e4ren Italcaff\u00e8 Tassen, kann eine andere als die, die im Foto gezeigt Farbe sein. Italcaff\u00e8 Becher sind mit einer Vielzahl von Farbkombinationen wie wei\u00df, rot und schwarz angeboten.","og_url":"https:\/\/italcaffe.it\/de\/shop\/kaffeebohnen\/espresso-kaffee-ganze-bohne\/6-x-1-kg-excelso-bar-kaffeebohnen-2-kostenlose-feines-porzellan-espresso-oder-cappuccino-tassen\/","og_site_name":"Italcaff\u00e8","article_modified_time":"2024-04-08T05:44:04+00:00","og_image":[{"width":825,"height":1100,"url":"https:\/\/italcaffe.it\/wp-content\/uploads\/2020\/02\/07-excelso.jpg","type":"image\/jpeg"}],"twitter_card":"summary_large_image","schema":{"@context":"https:\/\/schema.org","@graph":[{"@type":"WebPage","@id":"https:\/\/italcaffe.it\/de\/shop\/kaffeebohnen\/espresso-kaffee-ganze-bohne\/6-x-1-kg-excelso-bar-kaffeebohnen-2-kostenlose-feines-porzellan-espresso-oder-cappuccino-tassen\/","url":"https:\/\/italcaffe.it\/de\/shop\/kaffeebohnen\/espresso-kaffee-ganze-bohne\/6-x-1-kg-excelso-bar-kaffeebohnen-2-kostenlose-feines-porzellan-espresso-oder-cappuccino-tassen\/","name":"6 x 1 Kg. EXCELSO BAR Kaffeebohnen - Italcaff\u00e8","isPartOf":{"@id":"https:\/\/italcaffe.it\/de\/#website"},"primaryImageOfPage":{"@id":"https:\/\/italcaffe.it\/de\/shop\/kaffeebohnen\/espresso-kaffee-ganze-bohne\/6-x-1-kg-excelso-bar-kaffeebohnen-2-kostenlose-feines-porzellan-espresso-oder-cappuccino-tassen\/#primaryimage"},"image":{"@id":"https:\/\/italcaffe.it\/de\/shop\/kaffeebohnen\/espresso-kaffee-ganze-bohne\/6-x-1-kg-excelso-bar-kaffeebohnen-2-kostenlose-feines-porzellan-espresso-oder-cappuccino-tassen\/#primaryimage"},"thumbnailUrl":"https:\/\/italcaffe.it\/wp-content\/uploads\/2020\/02\/07-excelso.jpg","datePublished":"2020-02-26T14:47:15+00:00","dateModified":"2024-04-08T05:44:04+00:00","breadcrumb":{"@id":"https:\/\/italcaffe.it\/de\/shop\/kaffeebohnen\/espresso-kaffee-ganze-bohne\/6-x-1-kg-excelso-bar-kaffeebohnen-2-kostenlose-feines-porzellan-espresso-oder-cappuccino-tassen\/#breadcrumb"},"inLanguage":"de","potentialAction":[{"@type":"ReadAction","target":["https:\/\/italcaffe.it\/de\/shop\/kaffeebohnen\/espresso-kaffee-ganze-bohne\/6-x-1-kg-excelso-bar-kaffeebohnen-2-kostenlose-feines-porzellan-espresso-oder-cappuccino-tassen\/"]}]},{"@type":"ImageObject","inLanguage":"de","@id":"https:\/\/italcaffe.it\/de\/shop\/kaffeebohnen\/espresso-kaffee-ganze-bohne\/6-x-1-kg-excelso-bar-kaffeebohnen-2-kostenlose-feines-porzellan-espresso-oder-cappuccino-tassen\/#primaryimage","url":"https:\/\/italcaffe.it\/wp-content\/uploads\/2020\/02\/07-excelso.jpg","contentUrl":"https:\/\/italcaffe.it\/wp-content\/uploads\/2020\/02\/07-excelso.jpg","width":825,"height":1100,"caption":"Italcaff\u00e8 Excelso Kaffeebohnen Espresso 1kg Kaffee ganze Bohne"},{"@type":"BreadcrumbList","@id":"https:\/\/italcaffe.it\/de\/shop\/kaffeebohnen\/espresso-kaffee-ganze-bohne\/6-x-1-kg-excelso-bar-kaffeebohnen-2-kostenlose-feines-porzellan-espresso-oder-cappuccino-tassen\/#breadcrumb","itemListElement":[{"@type":"ListItem","position":1,"name":"Home","item":"https:\/\/italcaffe.it\/de\/"},{"@type":"ListItem","position":2,"name":"Shop","item":"https:\/\/italcaffe.it\/de\/shop\/"},{"@type":"ListItem","position":3,"name":"6 x 1 Kg. EXCELSO BAR Kaffeebohnen"}]},{"@type":"WebSite","@id":"https:\/\/italcaffe.it\/de\/#website","url":"https:\/\/italcaffe.it\/de\/","name":"Italcaff\u00e8","description":"50 Anni insieme","potentialAction":[{"@type":"SearchAction","target":{"@type":"EntryPoint","urlTemplate":"https:\/\/italcaffe.it\/de\/?s={search_term_string}"},"query-input":{"@type":"PropertyValueSpecification","valueRequired":true,"valueName":"search_term_string"}}],"inLanguage":"de"}]}},"_links":{"self":[{"href":"https:\/\/italcaffe.it\/de\/wp-json\/wp\/v2\/product\/23049","targetHints":{"allow":["GET"]}}],"collection":[{"href":"https:\/\/italcaffe.it\/de\/wp-json\/wp\/v2\/product"}],"about":[{"href":"https:\/\/italcaffe.it\/de\/wp-json\/wp\/v2\/types\/product"}],"wp:featuredmedia":[{"embeddable":true,"href":"https:\/\/italcaffe.it\/de\/wp-json\/wp\/v2\/media\/20780"}],"wp:attachment":[{"href":"https:\/\/italcaffe.it\/de\/wp-json\/wp\/v2\/media?parent=23049"}],"wp:term":[{"taxonomy":"product_brand","embeddable":true,"href":"https:\/\/italcaffe.it\/de\/wp-json\/wp\/v2\/product_brand?post=23049"},{"taxonomy":"product_cat","embeddable":true,"href":"https:\/\/italcaffe.it\/de\/wp-json\/wp\/v2\/product_cat?post=23049"},{"taxonomy":"product_tag","embeddable":true,"href":"https:\/\/italcaffe.it\/de\/wp-json\/wp\/v2\/product_tag?post=23049"}],"curies":[{"name":"wp","href":"https:\/\/api.w.org\/{rel}","templated":true}]}}