{"id":23054,"date":"2020-02-26T15:59:36","date_gmt":"2020-02-26T14:47:15","guid":{"rendered":"https:\/\/www.italcaffe.it\/product\/100-arabica-kaffee-1kg-italcaffe-espresso-elite-bar-kaffee-ganze-bohne\/"},"modified":"2022-09-13T16:04:37","modified_gmt":"2022-09-13T15:04:37","slug":"elite-arabica-espresso-kaffeebohnen-italcaffe-1kg","status":"publish","type":"product","link":"https:\/\/italcaffe.it\/de\/shop\/kaffeebohnen\/espresso-kaffee-ganze-bohne\/elite-arabica-espresso-kaffeebohnen-italcaffe-1kg\/","title":{"rendered":"Elite Arabica Espresso Kaffeebohnen Italcaff\u00e8 1kg Kaffee ganze Bohne"},"content":{"rendered":"<p><a href=\"https:\/\/youtu.be\/JQJU3D9RJ28\" target=\"_blank\" rel=\"noopener\">Elite Arabica<\/a> Espresso Kaffeebohnen aus <a href=\"https:\/\/www.italcaffe.it\/de\/geschichte\/\" target=\"_blank\" rel=\"noopener\">Italcaff\u00e8<\/a> is eine 100% Arabica Kaffeemischung mit Die besten wertvollen Kaffees f\u00fcr eine Mischung mit s\u00fc\u00dfem Geschmack und starkem und feinem Aroma. Diese 100 % Arabica-Mischung besteht aus hochwertigen Kaffees aus Mittelamerika und Asien.<br \/>\nDas Aroma von Elite ist immer unverkennbar und typisch.<br \/>\n<a href=\"https:\/\/www.italcaffe.it\/de\/geschichte\/\" target=\"_blank\" rel=\"noopener\">Italcaff\u00e8<\/a> <a href=\"https:\/\/youtu.be\/JQJU3D9RJ28\" target=\"_blank\" rel=\"noopener\">Elite Arabica<\/a> Espresso Kaffeebohnen ist ideal f\u00fcr den, der ein hochwertiges Produkt will. Ger\u00f6stete Kaffeebohnen in einer sch\u00fctzenden Atmosph\u00e4re verpackt.<br \/>\nBeutel von 1kg mit unidirektionalem Aromaschutzventil.<br \/>\nDiese Eigenschaften garantieren eine bessere Haltbarkeit sowie eine h\u00f6here Qualit\u00e4t des Produkts im Vergleich zu den \u00fcblichen Kaffeebeuteln, die Sie auf dem Markt finden. Der \u201c Elite Bar \u201d Kaffee hat den preis \u201c goldene Medaille \u201d in der kategorie italienische mischungen f\u00fcr espresso w\u00e4hrend des letzen wettbewerbes : International coffee tasting beim Internationnal Institut von Kaffeetestern in Brescia, gewonnen.\u00a0<strong>&#8220;Zwei gut verbrachte Minuten&#8221;.\u00a0<\/strong><br \/>\nBis 2019 lautete so das Motto dieses einzigartigen R\u00f6sters und hier erfahren Sie warum:\u00a0Ein altes italienisches Sprichwort besagt, um einen echten Espresso auf italienische Weise zu verkosten braucht es mindestens zwei volle Minuten.<\/p>\n<p>Man begibt sich auf eine Sinnesreise, um jedes einzelne Aroma vollends genie\u00dfen zu k\u00f6nnen. W\u00e4hrend sich der Mund zun\u00e4chst mit Noten von Schokolade, Fr\u00fcchten oder Gew\u00fcrzen f\u00fcllt.\u00a0 Befindet sich Ihr Geist\u00a0 bereits auf einer kulinarischen Reise durch das s\u00fcdamerikanische Hochland von Guatemala und Brasilien oder schl\u00e4gt sich durch die tropischen Hochlandw\u00e4lder von Vietnam.<\/p>\n<p>All das passiert innerhalb eines Schluckes mit geschlossenen Augen. Sobald man diese wieder \u00f6ffnet und der Espresso seine Nuancen im Abgang nochmals aufblitzen l\u00e4sst, sitzt man schon wieder an der malerischen Westk\u00fcste Italiens.<\/p>\n<p>Wo die kostbaren Rohbohnen zu diesem Meisterwerk veredelt wurden.<\/p>\n","protected":false},"excerpt":{"rendered":"<p style=\"text-align: justify;\"><a href=\"https:\/\/youtu.be\/JQJU3D9RJ28\" target=\"_blank\" rel=\"noopener\">Elite Arabica<\/a> Espresso Kaffeebohnen aus <a href=\"https:\/\/www.italcaffe.it\/de\/geschichte\/\" target=\"_blank\" rel=\"noopener\">Italcaff\u00e8<\/a> is eine 100% Arabica Kaffeemischung mit Die besten wertvollen Kaffees f\u00fcr eine Mischung mit s\u00fc\u00dfem Geschmack und starkem und feinem Aroma. Diese 100 % Arabica-Mischung besteht aus hochwertigen Kaffees aus Mittelamerika und Asien.<br \/>\nDas Aroma von Elite ist immer unverkennbar und typisch.<br \/>\n<a href=\"https:\/\/www.italcaffe.it\/de\/geschichte\/\" target=\"_blank\" rel=\"noopener\">Italcaff\u00e8<\/a> <a href=\"https:\/\/youtu.be\/JQJU3D9RJ28\" target=\"_blank\" rel=\"noopener\">Elite Arabica<\/a> Espresso Kaffeebohnen ist ideal f\u00fcr den, der ein hochwertiges Produkt will. Ger\u00f6stete Kaffeebohnen in einer sch\u00fctzenden Atmosph\u00e4re verpackt.<br \/>\nBeutel von 1kg mit unidirektionalem Aromaschutzventil.<br \/>\nDiese Eigenschaften garantieren eine bessere Haltbarkeit sowie eine h\u00f6here Qualit\u00e4t des Produkts im Vergleich zu den \u00fcblichen Kaffeebeuteln, die Sie auf dem Markt finden. Der \u201c Elite Bar \u201d Kaffee hat den preis \u201c goldene Medaille \u201d in der kategorie italienische mischungen f\u00fcr espresso w\u00e4hrend des letzen wettbewerbes : International coffee tasting beim Internationnal Institut von Kaffeetestern in Brescia, gewonnen.<\/p>\n","protected":false},"featured_media":29478,"template":"","meta":{"_acf_changed":false},"product_brand":[],"product_cat":[337,276,277],"product_tag":[],"class_list":{"0":"post-23054","1":"product","2":"type-product","3":"status-publish","4":"has-post-thumbnail","6":"product_cat-premio-de","7":"product_cat-kaffeebohnen","8":"product_cat-espresso-kaffee-ganze-bohne","10":"first","11":"instock","12":"taxable","13":"shipping-taxable","14":"product-type-grouped"},"acf":[],"yoast_head":"<!-- This site is optimized with the Yoast SEO plugin v27.0 - https:\/\/yoast.com\/product\/yoast-seo-wordpress\/ -->\n<title>Elite Arabica Espresso Kaffeebohnen Italcaff\u00e8 1kg | Kaffee ganze Bohne<\/title>\n<meta name=\"description\" content=\"Elite Arabica Espresso Kaffeebohnen aus Italcaff\u00e8 is eine 100% Arabica Kaffeemischung mit Die besten wertvollen Kaffees mit feinem Aroma.\" \/>\n<meta name=\"robots\" content=\"index, follow, max-snippet:-1, max-image-preview:large, max-video-preview:-1\" \/>\n<link rel=\"canonical\" href=\"https:\/\/italcaffe.it\/de\/shop\/kaffeebohnen\/espresso-kaffee-ganze-bohne\/elite-arabica-espresso-kaffeebohnen-italcaffe-1kg\/\" \/>\n<meta property=\"og:locale\" content=\"de_DE\" \/>\n<meta property=\"og:type\" content=\"article\" \/>\n<meta property=\"og:title\" content=\"Elite Arabica Espresso Kaffeebohnen Italcaff\u00e8 1kg | Kaffee ganze Bohne\" \/>\n<meta property=\"og:description\" content=\"Elite Arabica Espresso Kaffeebohnen aus Italcaff\u00e8 is eine 100% Arabica Kaffeemischung mit Die besten wertvollen Kaffees mit feinem Aroma.\" \/>\n<meta property=\"og:url\" content=\"https:\/\/italcaffe.it\/de\/shop\/kaffeebohnen\/espresso-kaffee-ganze-bohne\/elite-arabica-espresso-kaffeebohnen-italcaffe-1kg\/\" \/>\n<meta property=\"og:site_name\" content=\"Italcaff\u00e8\" \/>\n<meta property=\"article:modified_time\" content=\"2022-09-13T15:04:37+00:00\" \/>\n<meta property=\"og:image\" content=\"https:\/\/italcaffe.it\/wp-content\/uploads\/2022\/08\/gold-medal-elite.jpg\" \/>\n\t<meta property=\"og:image:width\" content=\"825\" \/>\n\t<meta property=\"og:image:height\" content=\"1100\" \/>\n\t<meta property=\"og:image:type\" content=\"image\/jpeg\" \/>\n<meta name=\"twitter:card\" content=\"summary_large_image\" \/>\n<meta name=\"twitter:label1\" content=\"Gesch\u00e4tzte Lesezeit\" \/>\n\t<meta name=\"twitter:data1\" content=\"2\u00a0Minuten\" \/>\n<script type=\"application\/ld+json\" class=\"yoast-schema-graph\">{\"@context\":\"https:\/\/schema.org\",\"@graph\":[{\"@type\":\"WebPage\",\"@id\":\"https:\/\/italcaffe.it\/de\/shop\/kaffeebohnen\/espresso-kaffee-ganze-bohne\/elite-arabica-espresso-kaffeebohnen-italcaffe-1kg\/\",\"url\":\"https:\/\/italcaffe.it\/de\/shop\/kaffeebohnen\/espresso-kaffee-ganze-bohne\/elite-arabica-espresso-kaffeebohnen-italcaffe-1kg\/\",\"name\":\"Elite Arabica Espresso Kaffeebohnen Italcaff\u00e8 1kg | Kaffee ganze Bohne\",\"isPartOf\":{\"@id\":\"https:\/\/italcaffe.it\/de\/#website\"},\"primaryImageOfPage\":{\"@id\":\"https:\/\/italcaffe.it\/de\/shop\/kaffeebohnen\/espresso-kaffee-ganze-bohne\/elite-arabica-espresso-kaffeebohnen-italcaffe-1kg\/#primaryimage\"},\"image\":{\"@id\":\"https:\/\/italcaffe.it\/de\/shop\/kaffeebohnen\/espresso-kaffee-ganze-bohne\/elite-arabica-espresso-kaffeebohnen-italcaffe-1kg\/#primaryimage\"},\"thumbnailUrl\":\"https:\/\/italcaffe.it\/wp-content\/uploads\/2022\/08\/gold-medal-elite.jpg\",\"datePublished\":\"2020-02-26T14:47:15+00:00\",\"dateModified\":\"2022-09-13T15:04:37+00:00\",\"description\":\"Elite Arabica Espresso Kaffeebohnen aus Italcaff\u00e8 is eine 100% Arabica Kaffeemischung mit Die besten wertvollen Kaffees mit feinem Aroma.\",\"breadcrumb\":{\"@id\":\"https:\/\/italcaffe.it\/de\/shop\/kaffeebohnen\/espresso-kaffee-ganze-bohne\/elite-arabica-espresso-kaffeebohnen-italcaffe-1kg\/#breadcrumb\"},\"inLanguage\":\"de\",\"potentialAction\":[{\"@type\":\"ReadAction\",\"target\":[\"https:\/\/italcaffe.it\/de\/shop\/kaffeebohnen\/espresso-kaffee-ganze-bohne\/elite-arabica-espresso-kaffeebohnen-italcaffe-1kg\/\"]}]},{\"@type\":\"ImageObject\",\"inLanguage\":\"de\",\"@id\":\"https:\/\/italcaffe.it\/de\/shop\/kaffeebohnen\/espresso-kaffee-ganze-bohne\/elite-arabica-espresso-kaffeebohnen-italcaffe-1kg\/#primaryimage\",\"url\":\"https:\/\/italcaffe.it\/wp-content\/uploads\/2022\/08\/gold-medal-elite.jpg\",\"contentUrl\":\"https:\/\/italcaffe.it\/wp-content\/uploads\/2022\/08\/gold-medal-elite.jpg\",\"width\":825,\"height\":1100},{\"@type\":\"BreadcrumbList\",\"@id\":\"https:\/\/italcaffe.it\/de\/shop\/kaffeebohnen\/espresso-kaffee-ganze-bohne\/elite-arabica-espresso-kaffeebohnen-italcaffe-1kg\/#breadcrumb\",\"itemListElement\":[{\"@type\":\"ListItem\",\"position\":1,\"name\":\"Home\",\"item\":\"https:\/\/italcaffe.it\/de\/\"},{\"@type\":\"ListItem\",\"position\":2,\"name\":\"Shop\",\"item\":\"https:\/\/italcaffe.it\/de\/shop\/\"},{\"@type\":\"ListItem\",\"position\":3,\"name\":\"Elite Arabica Espresso Kaffeebohnen Italcaff\u00e8 1kg Kaffee ganze Bohne\"}]},{\"@type\":\"WebSite\",\"@id\":\"https:\/\/italcaffe.it\/de\/#website\",\"url\":\"https:\/\/italcaffe.it\/de\/\",\"name\":\"Italcaff\u00e8\",\"description\":\"50 Anni insieme\",\"potentialAction\":[{\"@type\":\"SearchAction\",\"target\":{\"@type\":\"EntryPoint\",\"urlTemplate\":\"https:\/\/italcaffe.it\/de\/?s={search_term_string}\"},\"query-input\":{\"@type\":\"PropertyValueSpecification\",\"valueRequired\":true,\"valueName\":\"search_term_string\"}}],\"inLanguage\":\"de\"}]}<\/script>\n<!-- \/ Yoast SEO plugin. -->","yoast_head_json":{"title":"Elite Arabica Espresso Kaffeebohnen Italcaff\u00e8 1kg | Kaffee ganze Bohne","description":"Elite Arabica Espresso Kaffeebohnen aus Italcaff\u00e8 is eine 100% Arabica Kaffeemischung mit Die besten wertvollen Kaffees mit feinem Aroma.","robots":{"index":"index","follow":"follow","max-snippet":"max-snippet:-1","max-image-preview":"max-image-preview:large","max-video-preview":"max-video-preview:-1"},"canonical":"https:\/\/italcaffe.it\/de\/shop\/kaffeebohnen\/espresso-kaffee-ganze-bohne\/elite-arabica-espresso-kaffeebohnen-italcaffe-1kg\/","og_locale":"de_DE","og_type":"article","og_title":"Elite Arabica Espresso Kaffeebohnen Italcaff\u00e8 1kg | Kaffee ganze Bohne","og_description":"Elite Arabica Espresso Kaffeebohnen aus Italcaff\u00e8 is eine 100% Arabica Kaffeemischung mit Die besten wertvollen Kaffees mit feinem Aroma.","og_url":"https:\/\/italcaffe.it\/de\/shop\/kaffeebohnen\/espresso-kaffee-ganze-bohne\/elite-arabica-espresso-kaffeebohnen-italcaffe-1kg\/","og_site_name":"Italcaff\u00e8","article_modified_time":"2022-09-13T15:04:37+00:00","og_image":[{"width":825,"height":1100,"url":"https:\/\/italcaffe.it\/wp-content\/uploads\/2022\/08\/gold-medal-elite.jpg","type":"image\/jpeg"}],"twitter_card":"summary_large_image","twitter_misc":{"Gesch\u00e4tzte Lesezeit":"2\u00a0Minuten"},"schema":{"@context":"https:\/\/schema.org","@graph":[{"@type":"WebPage","@id":"https:\/\/italcaffe.it\/de\/shop\/kaffeebohnen\/espresso-kaffee-ganze-bohne\/elite-arabica-espresso-kaffeebohnen-italcaffe-1kg\/","url":"https:\/\/italcaffe.it\/de\/shop\/kaffeebohnen\/espresso-kaffee-ganze-bohne\/elite-arabica-espresso-kaffeebohnen-italcaffe-1kg\/","name":"Elite Arabica Espresso Kaffeebohnen Italcaff\u00e8 1kg | Kaffee ganze Bohne","isPartOf":{"@id":"https:\/\/italcaffe.it\/de\/#website"},"primaryImageOfPage":{"@id":"https:\/\/italcaffe.it\/de\/shop\/kaffeebohnen\/espresso-kaffee-ganze-bohne\/elite-arabica-espresso-kaffeebohnen-italcaffe-1kg\/#primaryimage"},"image":{"@id":"https:\/\/italcaffe.it\/de\/shop\/kaffeebohnen\/espresso-kaffee-ganze-bohne\/elite-arabica-espresso-kaffeebohnen-italcaffe-1kg\/#primaryimage"},"thumbnailUrl":"https:\/\/italcaffe.it\/wp-content\/uploads\/2022\/08\/gold-medal-elite.jpg","datePublished":"2020-02-26T14:47:15+00:00","dateModified":"2022-09-13T15:04:37+00:00","description":"Elite Arabica Espresso Kaffeebohnen aus Italcaff\u00e8 is eine 100% Arabica Kaffeemischung mit Die besten wertvollen Kaffees mit feinem Aroma.","breadcrumb":{"@id":"https:\/\/italcaffe.it\/de\/shop\/kaffeebohnen\/espresso-kaffee-ganze-bohne\/elite-arabica-espresso-kaffeebohnen-italcaffe-1kg\/#breadcrumb"},"inLanguage":"de","potentialAction":[{"@type":"ReadAction","target":["https:\/\/italcaffe.it\/de\/shop\/kaffeebohnen\/espresso-kaffee-ganze-bohne\/elite-arabica-espresso-kaffeebohnen-italcaffe-1kg\/"]}]},{"@type":"ImageObject","inLanguage":"de","@id":"https:\/\/italcaffe.it\/de\/shop\/kaffeebohnen\/espresso-kaffee-ganze-bohne\/elite-arabica-espresso-kaffeebohnen-italcaffe-1kg\/#primaryimage","url":"https:\/\/italcaffe.it\/wp-content\/uploads\/2022\/08\/gold-medal-elite.jpg","contentUrl":"https:\/\/italcaffe.it\/wp-content\/uploads\/2022\/08\/gold-medal-elite.jpg","width":825,"height":1100},{"@type":"BreadcrumbList","@id":"https:\/\/italcaffe.it\/de\/shop\/kaffeebohnen\/espresso-kaffee-ganze-bohne\/elite-arabica-espresso-kaffeebohnen-italcaffe-1kg\/#breadcrumb","itemListElement":[{"@type":"ListItem","position":1,"name":"Home","item":"https:\/\/italcaffe.it\/de\/"},{"@type":"ListItem","position":2,"name":"Shop","item":"https:\/\/italcaffe.it\/de\/shop\/"},{"@type":"ListItem","position":3,"name":"Elite Arabica Espresso Kaffeebohnen Italcaff\u00e8 1kg Kaffee ganze Bohne"}]},{"@type":"WebSite","@id":"https:\/\/italcaffe.it\/de\/#website","url":"https:\/\/italcaffe.it\/de\/","name":"Italcaff\u00e8","description":"50 Anni insieme","potentialAction":[{"@type":"SearchAction","target":{"@type":"EntryPoint","urlTemplate":"https:\/\/italcaffe.it\/de\/?s={search_term_string}"},"query-input":{"@type":"PropertyValueSpecification","valueRequired":true,"valueName":"search_term_string"}}],"inLanguage":"de"}]}},"_links":{"self":[{"href":"https:\/\/italcaffe.it\/de\/wp-json\/wp\/v2\/product\/23054","targetHints":{"allow":["GET"]}}],"collection":[{"href":"https:\/\/italcaffe.it\/de\/wp-json\/wp\/v2\/product"}],"about":[{"href":"https:\/\/italcaffe.it\/de\/wp-json\/wp\/v2\/types\/product"}],"wp:featuredmedia":[{"embeddable":true,"href":"https:\/\/italcaffe.it\/de\/wp-json\/wp\/v2\/media\/29478"}],"wp:attachment":[{"href":"https:\/\/italcaffe.it\/de\/wp-json\/wp\/v2\/media?parent=23054"}],"wp:term":[{"taxonomy":"product_brand","embeddable":true,"href":"https:\/\/italcaffe.it\/de\/wp-json\/wp\/v2\/product_brand?post=23054"},{"taxonomy":"product_cat","embeddable":true,"href":"https:\/\/italcaffe.it\/de\/wp-json\/wp\/v2\/product_cat?post=23054"},{"taxonomy":"product_tag","embeddable":true,"href":"https:\/\/italcaffe.it\/de\/wp-json\/wp\/v2\/product_tag?post=23054"}],"curies":[{"name":"wp","href":"https:\/\/api.w.org\/{rel}","templated":true}]}}