{"id":23055,"date":"2020-02-26T15:59:36","date_gmt":"2020-02-26T14:47:15","guid":{"rendered":"https:\/\/www.italcaffe.it\/product\/tris-top-bar-3-x-1-kg\/"},"modified":"2024-07-02T08:51:10","modified_gmt":"2024-07-02T07:51:10","slug":"tris-top-bar-3-x-1-kg","status":"publish","type":"product","link":"https:\/\/italcaffe.it\/de\/shop\/kaffeebohnen\/espresso-kaffee-ganze-bohne\/tris-top-bar-3-x-1-kg\/","title":{"rendered":"TRIS TOP BAR &#8211; 3 x 1 kg"},"content":{"rendered":"","protected":false},"excerpt":{"rendered":"<p>Italcaff\u00e8 Tris Top Bar 3 x 1kg Kaffee Bohnen Espresso Kaffeebohnen<\/p>\n<p>3 x 1 Kg &#8211; DREI PACKUNGEN KAFFEEBOHNEN<br \/>\nF\u00dcR DIE GESCHMACKSTEST<br \/>\n1 kg Royal Bar + 1 kg Excelso Bar + 1 kg Elite Bar<\/p>\n<p>In Bohnen in 1.000 gr. Vakuumpackungen verf\u00fcgbar mit Aroma-Ventil. Kaffeebohnen Espresso Cafe Italiano ganze Bohnen.<\/p>\n<p>Der Griff und Untertasse der komplement\u00e4ren Italcaff\u00e8 Tassen, kann eine andere als die, die im Foto gezeigt Farbe sein. Italcaff\u00e8 Becher sind mit einer Vielzahl von Farbkombinationen wie wei\u00df, rot und schwarz angeboten.<\/p>\n","protected":false},"featured_media":20792,"template":"","meta":{"_acf_changed":false},"product_brand":[],"product_cat":[276,277],"product_tag":[],"class_list":{"0":"post-23055","1":"product","2":"type-product","3":"status-publish","4":"has-post-thumbnail","6":"product_cat-kaffeebohnen","7":"product_cat-espresso-kaffee-ganze-bohne","9":"first","10":"instock","11":"taxable","12":"shipping-taxable","13":"purchasable","14":"product-type-simple"},"acf":[],"yoast_head":"<!-- This site is optimized with the Yoast SEO plugin v27.0 - https:\/\/yoast.com\/product\/yoast-seo-wordpress\/ -->\n<title>TRIS TOP BAR - 3 x 1 kg - Italcaff\u00e8<\/title>\n<meta name=\"robots\" content=\"index, follow, max-snippet:-1, max-image-preview:large, max-video-preview:-1\" \/>\n<link rel=\"canonical\" href=\"https:\/\/italcaffe.it\/de\/shop\/kaffeebohnen\/espresso-kaffee-ganze-bohne\/tris-top-bar-3-x-1-kg\/\" \/>\n<meta property=\"og:locale\" content=\"de_DE\" \/>\n<meta property=\"og:type\" content=\"article\" \/>\n<meta property=\"og:title\" content=\"TRIS TOP BAR - 3 x 1 kg - Italcaff\u00e8\" \/>\n<meta property=\"og:description\" content=\"Italcaff\u00e8 Tris Top Bar 3 x 1kg Kaffee Bohnen Espresso Kaffeebohnen 3 x 1 Kg - DREI PACKUNGEN KAFFEEBOHNEN F\u00dcR DIE GESCHMACKSTEST 1 kg Royal Bar + 1 kg Excelso Bar + 1 kg Elite Bar In Bohnen in 1.000 gr. Vakuumpackungen verf\u00fcgbar mit Aroma-Ventil. Kaffeebohnen Espresso Cafe Italiano ganze Bohnen. Der Griff und Untertasse der komplement\u00e4ren Italcaff\u00e8 Tassen, kann eine andere als die, die im Foto gezeigt Farbe sein. Italcaff\u00e8 Becher sind mit einer Vielzahl von Farbkombinationen wie wei\u00df, rot und schwarz angeboten.\" \/>\n<meta property=\"og:url\" content=\"https:\/\/italcaffe.it\/de\/shop\/kaffeebohnen\/espresso-kaffee-ganze-bohne\/tris-top-bar-3-x-1-kg\/\" \/>\n<meta property=\"og:site_name\" content=\"Italcaff\u00e8\" \/>\n<meta property=\"article:modified_time\" content=\"2024-07-02T07:51:10+00:00\" \/>\n<meta property=\"og:image\" content=\"https:\/\/italcaffe.it\/wp-content\/uploads\/2020\/02\/3_master_foto-gruppo-caffe\u0300_sito.jpg\" \/>\n\t<meta property=\"og:image:width\" content=\"825\" \/>\n\t<meta property=\"og:image:height\" content=\"1100\" \/>\n\t<meta property=\"og:image:type\" content=\"image\/jpeg\" \/>\n<meta name=\"twitter:card\" content=\"summary_large_image\" \/>\n<script type=\"application\/ld+json\" class=\"yoast-schema-graph\">{\"@context\":\"https:\/\/schema.org\",\"@graph\":[{\"@type\":\"WebPage\",\"@id\":\"https:\/\/italcaffe.it\/de\/shop\/kaffeebohnen\/espresso-kaffee-ganze-bohne\/tris-top-bar-3-x-1-kg\/\",\"url\":\"https:\/\/italcaffe.it\/de\/shop\/kaffeebohnen\/espresso-kaffee-ganze-bohne\/tris-top-bar-3-x-1-kg\/\",\"name\":\"TRIS TOP BAR - 3 x 1 kg - Italcaff\u00e8\",\"isPartOf\":{\"@id\":\"https:\/\/italcaffe.it\/de\/#website\"},\"primaryImageOfPage\":{\"@id\":\"https:\/\/italcaffe.it\/de\/shop\/kaffeebohnen\/espresso-kaffee-ganze-bohne\/tris-top-bar-3-x-1-kg\/#primaryimage\"},\"image\":{\"@id\":\"https:\/\/italcaffe.it\/de\/shop\/kaffeebohnen\/espresso-kaffee-ganze-bohne\/tris-top-bar-3-x-1-kg\/#primaryimage\"},\"thumbnailUrl\":\"https:\/\/italcaffe.it\/wp-content\/uploads\/2020\/02\/3_master_foto-gruppo-caffe\u0300_sito.jpg\",\"datePublished\":\"2020-02-26T14:47:15+00:00\",\"dateModified\":\"2024-07-02T07:51:10+00:00\",\"breadcrumb\":{\"@id\":\"https:\/\/italcaffe.it\/de\/shop\/kaffeebohnen\/espresso-kaffee-ganze-bohne\/tris-top-bar-3-x-1-kg\/#breadcrumb\"},\"inLanguage\":\"de\",\"potentialAction\":[{\"@type\":\"ReadAction\",\"target\":[\"https:\/\/italcaffe.it\/de\/shop\/kaffeebohnen\/espresso-kaffee-ganze-bohne\/tris-top-bar-3-x-1-kg\/\"]}]},{\"@type\":\"ImageObject\",\"inLanguage\":\"de\",\"@id\":\"https:\/\/italcaffe.it\/de\/shop\/kaffeebohnen\/espresso-kaffee-ganze-bohne\/tris-top-bar-3-x-1-kg\/#primaryimage\",\"url\":\"https:\/\/italcaffe.it\/wp-content\/uploads\/2020\/02\/3_master_foto-gruppo-caffe\u0300_sito.jpg\",\"contentUrl\":\"https:\/\/italcaffe.it\/wp-content\/uploads\/2020\/02\/3_master_foto-gruppo-caffe\u0300_sito.jpg\",\"width\":825,\"height\":1100,\"caption\":\"Caff\u00e8 espresso in grani tris\"},{\"@type\":\"BreadcrumbList\",\"@id\":\"https:\/\/italcaffe.it\/de\/shop\/kaffeebohnen\/espresso-kaffee-ganze-bohne\/tris-top-bar-3-x-1-kg\/#breadcrumb\",\"itemListElement\":[{\"@type\":\"ListItem\",\"position\":1,\"name\":\"Home\",\"item\":\"https:\/\/italcaffe.it\/de\/\"},{\"@type\":\"ListItem\",\"position\":2,\"name\":\"Shop\",\"item\":\"https:\/\/italcaffe.it\/de\/shop\/\"},{\"@type\":\"ListItem\",\"position\":3,\"name\":\"TRIS TOP BAR &#8211; 3 x 1 kg\"}]},{\"@type\":\"WebSite\",\"@id\":\"https:\/\/italcaffe.it\/de\/#website\",\"url\":\"https:\/\/italcaffe.it\/de\/\",\"name\":\"Italcaff\u00e8\",\"description\":\"50 Anni insieme\",\"potentialAction\":[{\"@type\":\"SearchAction\",\"target\":{\"@type\":\"EntryPoint\",\"urlTemplate\":\"https:\/\/italcaffe.it\/de\/?s={search_term_string}\"},\"query-input\":{\"@type\":\"PropertyValueSpecification\",\"valueRequired\":true,\"valueName\":\"search_term_string\"}}],\"inLanguage\":\"de\"}]}<\/script>\n<!-- \/ Yoast SEO plugin. -->","yoast_head_json":{"title":"TRIS TOP BAR - 3 x 1 kg - Italcaff\u00e8","robots":{"index":"index","follow":"follow","max-snippet":"max-snippet:-1","max-image-preview":"max-image-preview:large","max-video-preview":"max-video-preview:-1"},"canonical":"https:\/\/italcaffe.it\/de\/shop\/kaffeebohnen\/espresso-kaffee-ganze-bohne\/tris-top-bar-3-x-1-kg\/","og_locale":"de_DE","og_type":"article","og_title":"TRIS TOP BAR - 3 x 1 kg - Italcaff\u00e8","og_description":"Italcaff\u00e8 Tris Top Bar 3 x 1kg Kaffee Bohnen Espresso Kaffeebohnen 3 x 1 Kg - DREI PACKUNGEN KAFFEEBOHNEN F\u00dcR DIE GESCHMACKSTEST 1 kg Royal Bar + 1 kg Excelso Bar + 1 kg Elite Bar In Bohnen in 1.000 gr. Vakuumpackungen verf\u00fcgbar mit Aroma-Ventil. Kaffeebohnen Espresso Cafe Italiano ganze Bohnen. Der Griff und Untertasse der komplement\u00e4ren Italcaff\u00e8 Tassen, kann eine andere als die, die im Foto gezeigt Farbe sein. Italcaff\u00e8 Becher sind mit einer Vielzahl von Farbkombinationen wie wei\u00df, rot und schwarz angeboten.","og_url":"https:\/\/italcaffe.it\/de\/shop\/kaffeebohnen\/espresso-kaffee-ganze-bohne\/tris-top-bar-3-x-1-kg\/","og_site_name":"Italcaff\u00e8","article_modified_time":"2024-07-02T07:51:10+00:00","og_image":[{"width":825,"height":1100,"url":"https:\/\/italcaffe.it\/wp-content\/uploads\/2020\/02\/3_master_foto-gruppo-caffe\u0300_sito.jpg","type":"image\/jpeg"}],"twitter_card":"summary_large_image","schema":{"@context":"https:\/\/schema.org","@graph":[{"@type":"WebPage","@id":"https:\/\/italcaffe.it\/de\/shop\/kaffeebohnen\/espresso-kaffee-ganze-bohne\/tris-top-bar-3-x-1-kg\/","url":"https:\/\/italcaffe.it\/de\/shop\/kaffeebohnen\/espresso-kaffee-ganze-bohne\/tris-top-bar-3-x-1-kg\/","name":"TRIS TOP BAR - 3 x 1 kg - Italcaff\u00e8","isPartOf":{"@id":"https:\/\/italcaffe.it\/de\/#website"},"primaryImageOfPage":{"@id":"https:\/\/italcaffe.it\/de\/shop\/kaffeebohnen\/espresso-kaffee-ganze-bohne\/tris-top-bar-3-x-1-kg\/#primaryimage"},"image":{"@id":"https:\/\/italcaffe.it\/de\/shop\/kaffeebohnen\/espresso-kaffee-ganze-bohne\/tris-top-bar-3-x-1-kg\/#primaryimage"},"thumbnailUrl":"https:\/\/italcaffe.it\/wp-content\/uploads\/2020\/02\/3_master_foto-gruppo-caffe\u0300_sito.jpg","datePublished":"2020-02-26T14:47:15+00:00","dateModified":"2024-07-02T07:51:10+00:00","breadcrumb":{"@id":"https:\/\/italcaffe.it\/de\/shop\/kaffeebohnen\/espresso-kaffee-ganze-bohne\/tris-top-bar-3-x-1-kg\/#breadcrumb"},"inLanguage":"de","potentialAction":[{"@type":"ReadAction","target":["https:\/\/italcaffe.it\/de\/shop\/kaffeebohnen\/espresso-kaffee-ganze-bohne\/tris-top-bar-3-x-1-kg\/"]}]},{"@type":"ImageObject","inLanguage":"de","@id":"https:\/\/italcaffe.it\/de\/shop\/kaffeebohnen\/espresso-kaffee-ganze-bohne\/tris-top-bar-3-x-1-kg\/#primaryimage","url":"https:\/\/italcaffe.it\/wp-content\/uploads\/2020\/02\/3_master_foto-gruppo-caffe\u0300_sito.jpg","contentUrl":"https:\/\/italcaffe.it\/wp-content\/uploads\/2020\/02\/3_master_foto-gruppo-caffe\u0300_sito.jpg","width":825,"height":1100,"caption":"Caff\u00e8 espresso in grani tris"},{"@type":"BreadcrumbList","@id":"https:\/\/italcaffe.it\/de\/shop\/kaffeebohnen\/espresso-kaffee-ganze-bohne\/tris-top-bar-3-x-1-kg\/#breadcrumb","itemListElement":[{"@type":"ListItem","position":1,"name":"Home","item":"https:\/\/italcaffe.it\/de\/"},{"@type":"ListItem","position":2,"name":"Shop","item":"https:\/\/italcaffe.it\/de\/shop\/"},{"@type":"ListItem","position":3,"name":"TRIS TOP BAR &#8211; 3 x 1 kg"}]},{"@type":"WebSite","@id":"https:\/\/italcaffe.it\/de\/#website","url":"https:\/\/italcaffe.it\/de\/","name":"Italcaff\u00e8","description":"50 Anni insieme","potentialAction":[{"@type":"SearchAction","target":{"@type":"EntryPoint","urlTemplate":"https:\/\/italcaffe.it\/de\/?s={search_term_string}"},"query-input":{"@type":"PropertyValueSpecification","valueRequired":true,"valueName":"search_term_string"}}],"inLanguage":"de"}]}},"_links":{"self":[{"href":"https:\/\/italcaffe.it\/de\/wp-json\/wp\/v2\/product\/23055","targetHints":{"allow":["GET"]}}],"collection":[{"href":"https:\/\/italcaffe.it\/de\/wp-json\/wp\/v2\/product"}],"about":[{"href":"https:\/\/italcaffe.it\/de\/wp-json\/wp\/v2\/types\/product"}],"wp:featuredmedia":[{"embeddable":true,"href":"https:\/\/italcaffe.it\/de\/wp-json\/wp\/v2\/media\/20792"}],"wp:attachment":[{"href":"https:\/\/italcaffe.it\/de\/wp-json\/wp\/v2\/media?parent=23055"}],"wp:term":[{"taxonomy":"product_brand","embeddable":true,"href":"https:\/\/italcaffe.it\/de\/wp-json\/wp\/v2\/product_brand?post=23055"},{"taxonomy":"product_cat","embeddable":true,"href":"https:\/\/italcaffe.it\/de\/wp-json\/wp\/v2\/product_cat?post=23055"},{"taxonomy":"product_tag","embeddable":true,"href":"https:\/\/italcaffe.it\/de\/wp-json\/wp\/v2\/product_tag?post=23055"}],"curies":[{"name":"wp","href":"https:\/\/api.w.org\/{rel}","templated":true}]}}