{"id":23064,"date":"2020-02-26T15:59:43","date_gmt":"2020-02-26T14:47:20","guid":{"rendered":"https:\/\/www.italcaffe.it\/product\/ese-kaffeepads-italcaffe-espresso-bar-44mm-150-pads-kompostierbar\/"},"modified":"2022-01-26T14:17:54","modified_gmt":"2022-01-26T13:17:54","slug":"150-ese-kaffeepads-italcaffe-espresso-bar-44mm-kompostierbar","status":"publish","type":"product","link":"https:\/\/italcaffe.it\/de\/shop\/ese-kaffeepads\/italienischer-espresso\/150-ese-kaffeepads-italcaffe-espresso-bar-44mm-kompostierbar\/","title":{"rendered":"100 ESE Kaffeepads Italcaff\u00e8 Espresso Bar 44mm Kompostierbar"},"content":{"rendered":"<p style=\"text-align: justify\">ESE Kaffeepads <a href=\"https:\/\/www.italcaffe.it\/de\/geschichte\/\" target=\"_blank\" rel=\"noopener\">Italcaff\u00e8<\/a> <a href=\"https:\/\/youtu.be\/mniupOBbKKw\" target=\"_blank\" rel=\"noopener\">Espresso<\/a> werden aus einer Mischung der besten Kaffees der Welt zubereitet. Filterpapier Pads Kompostierbar.\u00a0Se werden gleichm\u00e4\u00dfig gemahlen und im Voraus abgewogen und gepresst.<\/p>\n<p style=\"text-align: justify\">ESE Kaffee Pads <a href=\"https:\/\/www.italcaffe.it\/de\/geschichte\/\" target=\"_blank\" rel=\"noopener\">Italcaff\u00e8<\/a> <a href=\"https:\/\/youtu.be\/mniupOBbKKw\" target=\"_blank\" rel=\"noopener\">Espresso<\/a> Bar haben Intensives, rundes Aroma mit leicht schokoladiger Note. Einfache und saubere Zubereitung. Original italienischer Espresso Kaffee.<\/p>\n<p style=\"text-align: justify\">Unsere Einweg-Kaffeepads haben den Vorteil, ein langfristig haltbares Produkt anzubieten, dessen Eigenschaften perfekt erhalten bleiben. Gewicht der Pads jeweils 7 Gramm. Kaffee Filterpapier Pads Kompostierbar f\u00fcr alle ESE-Padmaschinen.<\/p>\n<p style=\"text-align: justify\">Umweltfreundlich: ESE Kaffeepads Italcaff\u00e8 Espresso besteht aus reinem Kaffee und 0,2g Papier. Nicht Senseo-Pads!<\/p>\n<p style=\"text-align: justify\">Das Markenzeichen ESE\u00ae ist nicht im Besitz der Italcaffe SpA oder anderen dieser Firma angeschlossenen Gesellschaften.<\/p>\n<p style=\"text-align: justify\">Kaffeepads(Cialde) nach ESE Standard in vielen verschiedenen Sorten direkt aus Italien f\u00fcr ihren Siebtr\u00e4ger oder ihre Padmaschine.<\/p>\n<p style=\"text-align: justify\">Der ESE Pad wurde in den 1970er Jahren geboren, seit dem erfreut er sich vorallem in Italien gro\u00dfer Beliebtheit. Nahezu jede R\u00f6sterrei in Italien produziert ihren Bohnenkaffee auch abgepackt in dieser 7-8g Portionsvariante.<\/p>\n<p style=\"text-align: justify\">So gro\u00df wie die Vielfalt bei den Geschmacksrichtungen der Pads so gibt es auch eine gro\u00dfe Auswahl an ansprechenden Maschinen f\u00fcr diesen Standard.<\/p>\n<p style=\"text-align: justify\">Viele Maschinen sind mit diesem Pads kompatibel wie unter anderem Modelle von Lelit,\u00a0 DeLonghi, Illy Francis oder auch die sehr beliebten La Piccola Maschinen<\/p>\n<p>Aromatisch und ausgewogen. Ein Kaffee mit rundem Geschmack und intensivem Aroma von den Plantagen Brasiliens und S\u00fcdostasiens, um auch zuhause das wahre Erlebnis eines italienischen Caf\u00e9s herbeizaubern zu k\u00f6nnen.<\/p>\n<p>Die samtige Crema hebt in jeder Tasse die Kakao- und Gew\u00fcrz-Noten hervor.<\/p>\n","protected":false},"excerpt":{"rendered":"<p style=\"text-align: justify\">ESE Kaffeepads <a href=\"https:\/\/www.italcaffe.it\/de\/geschichte\/\" target=\"_blank\" rel=\"noopener\">Italcaff\u00e8<\/a> <a href=\"https:\/\/youtu.be\/mniupOBbKKw\" target=\"_blank\" rel=\"noopener\">Espresso<\/a> werden aus einer Mischung der besten Kaffees der Welt zubereitet. Filterpapier Pads Kompostierbar.<br \/>\nSie werden gleichm\u00e4\u00dfig gemahlen und im Voraus abgewogen und gepresst.\u00a0ESE Kaffee Pads <a href=\"https:\/\/www.italcaffe.it\/de\/geschichte\/\" target=\"_blank\" rel=\"noopener\">Italcaff\u00e8<\/a> <a href=\"https:\/\/youtu.be\/mniupOBbKKw\" target=\"_blank\" rel=\"noopener\">Espresso<\/a> Bar haben Intensives, rundes Aroma mit leicht schokoladiger Note. Einfache und saubere Zubereitung.<br \/>\nOriginal italienischer Espresso Kaffee. Unsere Einweg-Kaffeepads haben den Vorteil, ein langfristig haltbares Produkt anzubieten, dessen Eigenschaften perfekt erhalten bleiben. Gewicht der Pads jeweils 7 Gramm. Kaffee Filterpapier Pads Kompostierbar f\u00fcr alle ESE-Padmaschinen.<br \/>\nUmweltfreundlich: das Pad besteht aus reinem Kaffee und 0,2g Papier. Nicht Senseo-Pads!\u00a0Das Markenzeichen ESE\u00ae ist nicht im Besitz der Italcaffe SpA oder anderen dieser Firma angeschlossenen Gesellschaften.<\/p>\n","protected":false},"featured_media":10098,"template":"","meta":{"_acf_changed":false},"product_brand":[],"product_cat":[282,283],"product_tag":[],"class_list":{"0":"post-23064","1":"product","2":"type-product","3":"status-publish","4":"has-post-thumbnail","6":"product_cat-ese-kaffeepads","7":"product_cat-italienischer-espresso","9":"first","10":"instock","11":"taxable","12":"shipping-taxable","13":"product-type-grouped"},"acf":[],"yoast_head":"<!-- This site is optimized with the Yoast SEO plugin v27.0 - https:\/\/yoast.com\/product\/yoast-seo-wordpress\/ -->\n<title>ESE Kaffeepads Italcaff\u00e8 Espresso Bar 44mm 150 Pads Kompostierbar<\/title>\n<meta name=\"description\" content=\"ESE Kaffeepads Italcaff\u00e8 Espresso werden aus einer Mischung der besten Kaffees der Welt zubereitet. Filterpapier Pads Kompostierbar.\u00a0\" \/>\n<meta name=\"robots\" content=\"index, follow, max-snippet:-1, max-image-preview:large, max-video-preview:-1\" \/>\n<link rel=\"canonical\" href=\"https:\/\/italcaffe.it\/de\/shop\/ese-kaffeepads\/italienischer-espresso\/150-ese-kaffeepads-italcaffe-espresso-bar-44mm-kompostierbar\/\" \/>\n<meta property=\"og:locale\" content=\"de_DE\" \/>\n<meta property=\"og:type\" content=\"article\" \/>\n<meta property=\"og:title\" content=\"ESE Kaffeepads Italcaff\u00e8 Espresso Bar 44mm 150 Pads Kompostierbar\" \/>\n<meta property=\"og:description\" content=\"ESE Kaffeepads Italcaff\u00e8 Espresso werden aus einer Mischung der besten Kaffees der Welt zubereitet. Filterpapier Pads Kompostierbar.\u00a0\" \/>\n<meta property=\"og:url\" content=\"https:\/\/italcaffe.it\/de\/shop\/ese-kaffeepads\/italienischer-espresso\/150-ese-kaffeepads-italcaffe-espresso-bar-44mm-kompostierbar\/\" \/>\n<meta property=\"og:site_name\" content=\"Italcaff\u00e8\" \/>\n<meta property=\"article:modified_time\" content=\"2022-01-26T13:17:54+00:00\" \/>\n<meta property=\"og:image\" content=\"https:\/\/italcaffe.it\/wp-content\/uploads\/2016\/05\/cialdaespbar2018.jpg\" \/>\n\t<meta property=\"og:image:width\" content=\"825\" \/>\n\t<meta property=\"og:image:height\" content=\"1100\" \/>\n\t<meta property=\"og:image:type\" content=\"image\/jpeg\" \/>\n<meta name=\"twitter:card\" content=\"summary_large_image\" \/>\n<meta name=\"twitter:label1\" content=\"Gesch\u00e4tzte Lesezeit\" \/>\n\t<meta name=\"twitter:data1\" content=\"2\u00a0Minuten\" \/>\n<script type=\"application\/ld+json\" class=\"yoast-schema-graph\">{\"@context\":\"https:\/\/schema.org\",\"@graph\":[{\"@type\":\"WebPage\",\"@id\":\"https:\/\/italcaffe.it\/de\/shop\/ese-kaffeepads\/italienischer-espresso\/150-ese-kaffeepads-italcaffe-espresso-bar-44mm-kompostierbar\/\",\"url\":\"https:\/\/italcaffe.it\/de\/shop\/ese-kaffeepads\/italienischer-espresso\/150-ese-kaffeepads-italcaffe-espresso-bar-44mm-kompostierbar\/\",\"name\":\"ESE Kaffeepads Italcaff\u00e8 Espresso Bar 44mm 150 Pads Kompostierbar\",\"isPartOf\":{\"@id\":\"https:\/\/italcaffe.it\/de\/#website\"},\"primaryImageOfPage\":{\"@id\":\"https:\/\/italcaffe.it\/de\/shop\/ese-kaffeepads\/italienischer-espresso\/150-ese-kaffeepads-italcaffe-espresso-bar-44mm-kompostierbar\/#primaryimage\"},\"image\":{\"@id\":\"https:\/\/italcaffe.it\/de\/shop\/ese-kaffeepads\/italienischer-espresso\/150-ese-kaffeepads-italcaffe-espresso-bar-44mm-kompostierbar\/#primaryimage\"},\"thumbnailUrl\":\"https:\/\/italcaffe.it\/wp-content\/uploads\/2016\/05\/cialdaespbar2018.jpg\",\"datePublished\":\"2020-02-26T14:47:20+00:00\",\"dateModified\":\"2022-01-26T13:17:54+00:00\",\"description\":\"ESE Kaffeepads Italcaff\u00e8 Espresso werden aus einer Mischung der besten Kaffees der Welt zubereitet. Filterpapier Pads Kompostierbar.\u00a0\",\"breadcrumb\":{\"@id\":\"https:\/\/italcaffe.it\/de\/shop\/ese-kaffeepads\/italienischer-espresso\/150-ese-kaffeepads-italcaffe-espresso-bar-44mm-kompostierbar\/#breadcrumb\"},\"inLanguage\":\"de\",\"potentialAction\":[{\"@type\":\"ReadAction\",\"target\":[\"https:\/\/italcaffe.it\/de\/shop\/ese-kaffeepads\/italienischer-espresso\/150-ese-kaffeepads-italcaffe-espresso-bar-44mm-kompostierbar\/\"]}]},{\"@type\":\"ImageObject\",\"inLanguage\":\"de\",\"@id\":\"https:\/\/italcaffe.it\/de\/shop\/ese-kaffeepads\/italienischer-espresso\/150-ese-kaffeepads-italcaffe-espresso-bar-44mm-kompostierbar\/#primaryimage\",\"url\":\"https:\/\/italcaffe.it\/wp-content\/uploads\/2016\/05\/cialdaespbar2018.jpg\",\"contentUrl\":\"https:\/\/italcaffe.it\/wp-content\/uploads\/2016\/05\/cialdaespbar2018.jpg\",\"width\":825,\"height\":1100,\"caption\":\"150 ESE Kaffeepads Italcaff\u00e8 Espresso Bar 44mm Espressopads Kompostierbar\"},{\"@type\":\"BreadcrumbList\",\"@id\":\"https:\/\/italcaffe.it\/de\/shop\/ese-kaffeepads\/italienischer-espresso\/150-ese-kaffeepads-italcaffe-espresso-bar-44mm-kompostierbar\/#breadcrumb\",\"itemListElement\":[{\"@type\":\"ListItem\",\"position\":1,\"name\":\"Home\",\"item\":\"https:\/\/italcaffe.it\/de\/\"},{\"@type\":\"ListItem\",\"position\":2,\"name\":\"Shop\",\"item\":\"https:\/\/italcaffe.it\/de\/shop\/\"},{\"@type\":\"ListItem\",\"position\":3,\"name\":\"100 ESE Kaffeepads Italcaff\u00e8 Espresso Bar 44mm Kompostierbar\"}]},{\"@type\":\"WebSite\",\"@id\":\"https:\/\/italcaffe.it\/de\/#website\",\"url\":\"https:\/\/italcaffe.it\/de\/\",\"name\":\"Italcaff\u00e8\",\"description\":\"50 Anni insieme\",\"potentialAction\":[{\"@type\":\"SearchAction\",\"target\":{\"@type\":\"EntryPoint\",\"urlTemplate\":\"https:\/\/italcaffe.it\/de\/?s={search_term_string}\"},\"query-input\":{\"@type\":\"PropertyValueSpecification\",\"valueRequired\":true,\"valueName\":\"search_term_string\"}}],\"inLanguage\":\"de\"}]}<\/script>\n<!-- \/ Yoast SEO plugin. -->","yoast_head_json":{"title":"ESE Kaffeepads Italcaff\u00e8 Espresso Bar 44mm 150 Pads Kompostierbar","description":"ESE Kaffeepads Italcaff\u00e8 Espresso werden aus einer Mischung der besten Kaffees der Welt zubereitet. Filterpapier Pads Kompostierbar.\u00a0","robots":{"index":"index","follow":"follow","max-snippet":"max-snippet:-1","max-image-preview":"max-image-preview:large","max-video-preview":"max-video-preview:-1"},"canonical":"https:\/\/italcaffe.it\/de\/shop\/ese-kaffeepads\/italienischer-espresso\/150-ese-kaffeepads-italcaffe-espresso-bar-44mm-kompostierbar\/","og_locale":"de_DE","og_type":"article","og_title":"ESE Kaffeepads Italcaff\u00e8 Espresso Bar 44mm 150 Pads Kompostierbar","og_description":"ESE Kaffeepads Italcaff\u00e8 Espresso werden aus einer Mischung der besten Kaffees der Welt zubereitet. Filterpapier Pads Kompostierbar.\u00a0","og_url":"https:\/\/italcaffe.it\/de\/shop\/ese-kaffeepads\/italienischer-espresso\/150-ese-kaffeepads-italcaffe-espresso-bar-44mm-kompostierbar\/","og_site_name":"Italcaff\u00e8","article_modified_time":"2022-01-26T13:17:54+00:00","og_image":[{"width":825,"height":1100,"url":"https:\/\/italcaffe.it\/wp-content\/uploads\/2016\/05\/cialdaespbar2018.jpg","type":"image\/jpeg"}],"twitter_card":"summary_large_image","twitter_misc":{"Gesch\u00e4tzte Lesezeit":"2\u00a0Minuten"},"schema":{"@context":"https:\/\/schema.org","@graph":[{"@type":"WebPage","@id":"https:\/\/italcaffe.it\/de\/shop\/ese-kaffeepads\/italienischer-espresso\/150-ese-kaffeepads-italcaffe-espresso-bar-44mm-kompostierbar\/","url":"https:\/\/italcaffe.it\/de\/shop\/ese-kaffeepads\/italienischer-espresso\/150-ese-kaffeepads-italcaffe-espresso-bar-44mm-kompostierbar\/","name":"ESE Kaffeepads Italcaff\u00e8 Espresso Bar 44mm 150 Pads Kompostierbar","isPartOf":{"@id":"https:\/\/italcaffe.it\/de\/#website"},"primaryImageOfPage":{"@id":"https:\/\/italcaffe.it\/de\/shop\/ese-kaffeepads\/italienischer-espresso\/150-ese-kaffeepads-italcaffe-espresso-bar-44mm-kompostierbar\/#primaryimage"},"image":{"@id":"https:\/\/italcaffe.it\/de\/shop\/ese-kaffeepads\/italienischer-espresso\/150-ese-kaffeepads-italcaffe-espresso-bar-44mm-kompostierbar\/#primaryimage"},"thumbnailUrl":"https:\/\/italcaffe.it\/wp-content\/uploads\/2016\/05\/cialdaespbar2018.jpg","datePublished":"2020-02-26T14:47:20+00:00","dateModified":"2022-01-26T13:17:54+00:00","description":"ESE Kaffeepads Italcaff\u00e8 Espresso werden aus einer Mischung der besten Kaffees der Welt zubereitet. Filterpapier Pads Kompostierbar.\u00a0","breadcrumb":{"@id":"https:\/\/italcaffe.it\/de\/shop\/ese-kaffeepads\/italienischer-espresso\/150-ese-kaffeepads-italcaffe-espresso-bar-44mm-kompostierbar\/#breadcrumb"},"inLanguage":"de","potentialAction":[{"@type":"ReadAction","target":["https:\/\/italcaffe.it\/de\/shop\/ese-kaffeepads\/italienischer-espresso\/150-ese-kaffeepads-italcaffe-espresso-bar-44mm-kompostierbar\/"]}]},{"@type":"ImageObject","inLanguage":"de","@id":"https:\/\/italcaffe.it\/de\/shop\/ese-kaffeepads\/italienischer-espresso\/150-ese-kaffeepads-italcaffe-espresso-bar-44mm-kompostierbar\/#primaryimage","url":"https:\/\/italcaffe.it\/wp-content\/uploads\/2016\/05\/cialdaespbar2018.jpg","contentUrl":"https:\/\/italcaffe.it\/wp-content\/uploads\/2016\/05\/cialdaespbar2018.jpg","width":825,"height":1100,"caption":"150 ESE Kaffeepads Italcaff\u00e8 Espresso Bar 44mm Espressopads Kompostierbar"},{"@type":"BreadcrumbList","@id":"https:\/\/italcaffe.it\/de\/shop\/ese-kaffeepads\/italienischer-espresso\/150-ese-kaffeepads-italcaffe-espresso-bar-44mm-kompostierbar\/#breadcrumb","itemListElement":[{"@type":"ListItem","position":1,"name":"Home","item":"https:\/\/italcaffe.it\/de\/"},{"@type":"ListItem","position":2,"name":"Shop","item":"https:\/\/italcaffe.it\/de\/shop\/"},{"@type":"ListItem","position":3,"name":"100 ESE Kaffeepads Italcaff\u00e8 Espresso Bar 44mm Kompostierbar"}]},{"@type":"WebSite","@id":"https:\/\/italcaffe.it\/de\/#website","url":"https:\/\/italcaffe.it\/de\/","name":"Italcaff\u00e8","description":"50 Anni insieme","potentialAction":[{"@type":"SearchAction","target":{"@type":"EntryPoint","urlTemplate":"https:\/\/italcaffe.it\/de\/?s={search_term_string}"},"query-input":{"@type":"PropertyValueSpecification","valueRequired":true,"valueName":"search_term_string"}}],"inLanguage":"de"}]}},"_links":{"self":[{"href":"https:\/\/italcaffe.it\/de\/wp-json\/wp\/v2\/product\/23064","targetHints":{"allow":["GET"]}}],"collection":[{"href":"https:\/\/italcaffe.it\/de\/wp-json\/wp\/v2\/product"}],"about":[{"href":"https:\/\/italcaffe.it\/de\/wp-json\/wp\/v2\/types\/product"}],"wp:featuredmedia":[{"embeddable":true,"href":"https:\/\/italcaffe.it\/de\/wp-json\/wp\/v2\/media\/10098"}],"wp:attachment":[{"href":"https:\/\/italcaffe.it\/de\/wp-json\/wp\/v2\/media?parent=23064"}],"wp:term":[{"taxonomy":"product_brand","embeddable":true,"href":"https:\/\/italcaffe.it\/de\/wp-json\/wp\/v2\/product_brand?post=23064"},{"taxonomy":"product_cat","embeddable":true,"href":"https:\/\/italcaffe.it\/de\/wp-json\/wp\/v2\/product_cat?post=23064"},{"taxonomy":"product_tag","embeddable":true,"href":"https:\/\/italcaffe.it\/de\/wp-json\/wp\/v2\/product_tag?post=23064"}],"curies":[{"name":"wp","href":"https:\/\/api.w.org\/{rel}","templated":true}]}}