{"id":23075,"date":"2020-02-26T15:59:43","date_gmt":"2020-02-26T14:47:20","guid":{"rendered":"https:\/\/www.italcaffe.it\/product\/100-kapseln-x-70-gr\/"},"modified":"2020-02-26T15:47:23","modified_gmt":"2020-02-26T14:47:23","slug":"100-kapseln-x-7-0-gr","status":"publish","type":"product","link":"https:\/\/italcaffe.it\/de\/shop\/kaffeekapseln\/lavazza-espresso-point-kompatible\/100-kapseln-x-7-0-gr\/","title":{"rendered":"100 Kapseln x 7,0 gr."},"content":{"rendered":"","protected":false},"excerpt":{"rendered":"<p>Italcaffe Espresso koffeinfreier Kapseln sind Ein Kaffee mit einem au\u00dfergew\u00f6hnlichen Aroma, bei dem Sie die Creme und den vollmundigen Geschmack sowie das Aroma der besten Espressos italienischer Kaffeebars nicht vermissen werden.<\/p>\n<p>UNSERE KAPSELN SIND KOMPATIBEL MIT LAVAZZA ESPRESSO POINT MASCHINEN UND MIT FOLGENDE MASCHINEN: Brasilia (Maki), Daltio (Piazza), Kimbo (Kapsula), Lavazza (EL 3100 Espresso Lavazza Evoluzione &#8211; EL 3200 &#8211; EP 800 &#8211; EP 2100 &#8211; EP 2101 &#8211; EP 2110 &#8211; EP 2111 &#8211; EP2140 Espresso Point 24V &#8211; EP 2200 &#8211; EP 2210 &#8211; EP 2300 &#8211; EP 2310 &#8211; EP 2302 &#8211; EP 2303 &#8211; EP 2310 Dosatore &#8211; EP2311 &#8211; EP 2312 &#8211; EP 2313 &#8211; EP 2400 &#8211; EP 2410 Cappuccinatore &#8211; Espresso Point Matinee), SGL (Rotary &#8211; Capsy &#8211; Goldstar).<\/p>\n<p>Das Markenzeichen Espresso Point Lavazza\u00ae ist nicht im Besitz der Italcaffe SpA oder anderen dieser Firma angeschlossenen Gesellschaften.<\/p>\n","protected":false},"featured_media":9858,"template":"","meta":{"_acf_changed":false},"product_brand":[],"product_cat":[285,286],"product_tag":[],"class_list":{"0":"post-23075","1":"product","2":"type-product","3":"status-publish","4":"has-post-thumbnail","6":"product_cat-kaffeekapseln","7":"product_cat-lavazza-espresso-point-kompatible","9":"first","10":"instock","11":"taxable","12":"shipping-taxable","13":"purchasable","14":"product-type-simple"},"acf":[],"yoast_head":"<!-- This site is optimized with the Yoast SEO plugin v27.0 - https:\/\/yoast.com\/product\/yoast-seo-wordpress\/ -->\n<title>100 Kapseln x 7,0 gr. - Italcaff\u00e8<\/title>\n<meta name=\"robots\" content=\"index, follow, max-snippet:-1, max-image-preview:large, max-video-preview:-1\" \/>\n<link rel=\"canonical\" href=\"https:\/\/italcaffe.it\/de\/shop\/kaffeekapseln\/lavazza-espresso-point-kompatible\/100-kapseln-x-7-0-gr\/\" \/>\n<meta property=\"og:locale\" content=\"de_DE\" \/>\n<meta property=\"og:type\" content=\"article\" \/>\n<meta property=\"og:title\" content=\"100 Kapseln x 7,0 gr. - Italcaff\u00e8\" \/>\n<meta property=\"og:description\" content=\"Italcaffe Espresso koffeinfreier Kapseln sind Ein Kaffee mit einem au\u00dfergew\u00f6hnlichen Aroma, bei dem Sie die Creme und den vollmundigen Geschmack sowie das Aroma der besten Espressos italienischer Kaffeebars nicht vermissen werden. UNSERE KAPSELN SIND KOMPATIBEL MIT LAVAZZA ESPRESSO POINT MASCHINEN UND MIT FOLGENDE MASCHINEN: Brasilia (Maki), Daltio (Piazza), Kimbo (Kapsula), Lavazza (EL 3100 Espresso Lavazza Evoluzione - EL 3200 - EP 800 - EP 2100 - EP 2101 - EP 2110 - EP 2111 - EP2140 Espresso Point 24V - EP 2200 - EP 2210 - EP 2300 - EP 2310 - EP 2302 - EP 2303 - EP 2310 Dosatore - EP2311 - EP 2312 - EP 2313 - EP 2400 - EP 2410 Cappuccinatore - Espresso Point Matinee), SGL (Rotary - Capsy - Goldstar). Das Markenzeichen Espresso Point Lavazza\u00ae ist nicht im Besitz der Italcaffe SpA oder anderen dieser Firma angeschlossenen Gesellschaften.\" \/>\n<meta property=\"og:url\" content=\"https:\/\/italcaffe.it\/de\/shop\/kaffeekapseln\/lavazza-espresso-point-kompatible\/100-kapseln-x-7-0-gr\/\" \/>\n<meta property=\"og:site_name\" content=\"Italcaff\u00e8\" \/>\n<meta property=\"article:modified_time\" content=\"2020-02-26T14:47:23+00:00\" \/>\n<meta property=\"og:image\" content=\"https:\/\/italcaffe.it\/wp-content\/uploads\/2016\/05\/696_107_espresso-decaffeinato-ep-grande.jpg\" \/>\n\t<meta property=\"og:image:width\" content=\"228\" \/>\n\t<meta property=\"og:image:height\" content=\"228\" \/>\n\t<meta property=\"og:image:type\" content=\"image\/jpeg\" \/>\n<meta name=\"twitter:card\" content=\"summary_large_image\" \/>\n<script type=\"application\/ld+json\" class=\"yoast-schema-graph\">{\"@context\":\"https:\/\/schema.org\",\"@graph\":[{\"@type\":\"WebPage\",\"@id\":\"https:\/\/italcaffe.it\/de\/shop\/kaffeekapseln\/lavazza-espresso-point-kompatible\/100-kapseln-x-7-0-gr\/\",\"url\":\"https:\/\/italcaffe.it\/de\/shop\/kaffeekapseln\/lavazza-espresso-point-kompatible\/100-kapseln-x-7-0-gr\/\",\"name\":\"100 Kapseln x 7,0 gr. - Italcaff\u00e8\",\"isPartOf\":{\"@id\":\"https:\/\/italcaffe.it\/de\/#website\"},\"primaryImageOfPage\":{\"@id\":\"https:\/\/italcaffe.it\/de\/shop\/kaffeekapseln\/lavazza-espresso-point-kompatible\/100-kapseln-x-7-0-gr\/#primaryimage\"},\"image\":{\"@id\":\"https:\/\/italcaffe.it\/de\/shop\/kaffeekapseln\/lavazza-espresso-point-kompatible\/100-kapseln-x-7-0-gr\/#primaryimage\"},\"thumbnailUrl\":\"https:\/\/italcaffe.it\/wp-content\/uploads\/2016\/05\/696_107_espresso-decaffeinato-ep-grande.jpg\",\"datePublished\":\"2020-02-26T14:47:20+00:00\",\"dateModified\":\"2020-02-26T14:47:23+00:00\",\"breadcrumb\":{\"@id\":\"https:\/\/italcaffe.it\/de\/shop\/kaffeekapseln\/lavazza-espresso-point-kompatible\/100-kapseln-x-7-0-gr\/#breadcrumb\"},\"inLanguage\":\"de\",\"potentialAction\":[{\"@type\":\"ReadAction\",\"target\":[\"https:\/\/italcaffe.it\/de\/shop\/kaffeekapseln\/lavazza-espresso-point-kompatible\/100-kapseln-x-7-0-gr\/\"]}]},{\"@type\":\"ImageObject\",\"inLanguage\":\"de\",\"@id\":\"https:\/\/italcaffe.it\/de\/shop\/kaffeekapseln\/lavazza-espresso-point-kompatible\/100-kapseln-x-7-0-gr\/#primaryimage\",\"url\":\"https:\/\/italcaffe.it\/wp-content\/uploads\/2016\/05\/696_107_espresso-decaffeinato-ep-grande.jpg\",\"contentUrl\":\"https:\/\/italcaffe.it\/wp-content\/uploads\/2016\/05\/696_107_espresso-decaffeinato-ep-grande.jpg\",\"width\":228,\"height\":228,\"caption\":\"100 Kapseln x 7,0 gr.-0\"},{\"@type\":\"BreadcrumbList\",\"@id\":\"https:\/\/italcaffe.it\/de\/shop\/kaffeekapseln\/lavazza-espresso-point-kompatible\/100-kapseln-x-7-0-gr\/#breadcrumb\",\"itemListElement\":[{\"@type\":\"ListItem\",\"position\":1,\"name\":\"Home\",\"item\":\"https:\/\/italcaffe.it\/de\/\"},{\"@type\":\"ListItem\",\"position\":2,\"name\":\"Shop\",\"item\":\"https:\/\/italcaffe.it\/de\/shop\/\"},{\"@type\":\"ListItem\",\"position\":3,\"name\":\"100 Kapseln x 7,0 gr.\"}]},{\"@type\":\"WebSite\",\"@id\":\"https:\/\/italcaffe.it\/de\/#website\",\"url\":\"https:\/\/italcaffe.it\/de\/\",\"name\":\"Italcaff\u00e8\",\"description\":\"50 Anni insieme\",\"potentialAction\":[{\"@type\":\"SearchAction\",\"target\":{\"@type\":\"EntryPoint\",\"urlTemplate\":\"https:\/\/italcaffe.it\/de\/?s={search_term_string}\"},\"query-input\":{\"@type\":\"PropertyValueSpecification\",\"valueRequired\":true,\"valueName\":\"search_term_string\"}}],\"inLanguage\":\"de\"}]}<\/script>\n<!-- \/ Yoast SEO plugin. -->","yoast_head_json":{"title":"100 Kapseln x 7,0 gr. - Italcaff\u00e8","robots":{"index":"index","follow":"follow","max-snippet":"max-snippet:-1","max-image-preview":"max-image-preview:large","max-video-preview":"max-video-preview:-1"},"canonical":"https:\/\/italcaffe.it\/de\/shop\/kaffeekapseln\/lavazza-espresso-point-kompatible\/100-kapseln-x-7-0-gr\/","og_locale":"de_DE","og_type":"article","og_title":"100 Kapseln x 7,0 gr. - Italcaff\u00e8","og_description":"Italcaffe Espresso koffeinfreier Kapseln sind Ein Kaffee mit einem au\u00dfergew\u00f6hnlichen Aroma, bei dem Sie die Creme und den vollmundigen Geschmack sowie das Aroma der besten Espressos italienischer Kaffeebars nicht vermissen werden. UNSERE KAPSELN SIND KOMPATIBEL MIT LAVAZZA ESPRESSO POINT MASCHINEN UND MIT FOLGENDE MASCHINEN: Brasilia (Maki), Daltio (Piazza), Kimbo (Kapsula), Lavazza (EL 3100 Espresso Lavazza Evoluzione - EL 3200 - EP 800 - EP 2100 - EP 2101 - EP 2110 - EP 2111 - EP2140 Espresso Point 24V - EP 2200 - EP 2210 - EP 2300 - EP 2310 - EP 2302 - EP 2303 - EP 2310 Dosatore - EP2311 - EP 2312 - EP 2313 - EP 2400 - EP 2410 Cappuccinatore - Espresso Point Matinee), SGL (Rotary - Capsy - Goldstar). Das Markenzeichen Espresso Point Lavazza\u00ae ist nicht im Besitz der Italcaffe SpA oder anderen dieser Firma angeschlossenen Gesellschaften.","og_url":"https:\/\/italcaffe.it\/de\/shop\/kaffeekapseln\/lavazza-espresso-point-kompatible\/100-kapseln-x-7-0-gr\/","og_site_name":"Italcaff\u00e8","article_modified_time":"2020-02-26T14:47:23+00:00","og_image":[{"width":228,"height":228,"url":"https:\/\/italcaffe.it\/wp-content\/uploads\/2016\/05\/696_107_espresso-decaffeinato-ep-grande.jpg","type":"image\/jpeg"}],"twitter_card":"summary_large_image","schema":{"@context":"https:\/\/schema.org","@graph":[{"@type":"WebPage","@id":"https:\/\/italcaffe.it\/de\/shop\/kaffeekapseln\/lavazza-espresso-point-kompatible\/100-kapseln-x-7-0-gr\/","url":"https:\/\/italcaffe.it\/de\/shop\/kaffeekapseln\/lavazza-espresso-point-kompatible\/100-kapseln-x-7-0-gr\/","name":"100 Kapseln x 7,0 gr. - Italcaff\u00e8","isPartOf":{"@id":"https:\/\/italcaffe.it\/de\/#website"},"primaryImageOfPage":{"@id":"https:\/\/italcaffe.it\/de\/shop\/kaffeekapseln\/lavazza-espresso-point-kompatible\/100-kapseln-x-7-0-gr\/#primaryimage"},"image":{"@id":"https:\/\/italcaffe.it\/de\/shop\/kaffeekapseln\/lavazza-espresso-point-kompatible\/100-kapseln-x-7-0-gr\/#primaryimage"},"thumbnailUrl":"https:\/\/italcaffe.it\/wp-content\/uploads\/2016\/05\/696_107_espresso-decaffeinato-ep-grande.jpg","datePublished":"2020-02-26T14:47:20+00:00","dateModified":"2020-02-26T14:47:23+00:00","breadcrumb":{"@id":"https:\/\/italcaffe.it\/de\/shop\/kaffeekapseln\/lavazza-espresso-point-kompatible\/100-kapseln-x-7-0-gr\/#breadcrumb"},"inLanguage":"de","potentialAction":[{"@type":"ReadAction","target":["https:\/\/italcaffe.it\/de\/shop\/kaffeekapseln\/lavazza-espresso-point-kompatible\/100-kapseln-x-7-0-gr\/"]}]},{"@type":"ImageObject","inLanguage":"de","@id":"https:\/\/italcaffe.it\/de\/shop\/kaffeekapseln\/lavazza-espresso-point-kompatible\/100-kapseln-x-7-0-gr\/#primaryimage","url":"https:\/\/italcaffe.it\/wp-content\/uploads\/2016\/05\/696_107_espresso-decaffeinato-ep-grande.jpg","contentUrl":"https:\/\/italcaffe.it\/wp-content\/uploads\/2016\/05\/696_107_espresso-decaffeinato-ep-grande.jpg","width":228,"height":228,"caption":"100 Kapseln x 7,0 gr.-0"},{"@type":"BreadcrumbList","@id":"https:\/\/italcaffe.it\/de\/shop\/kaffeekapseln\/lavazza-espresso-point-kompatible\/100-kapseln-x-7-0-gr\/#breadcrumb","itemListElement":[{"@type":"ListItem","position":1,"name":"Home","item":"https:\/\/italcaffe.it\/de\/"},{"@type":"ListItem","position":2,"name":"Shop","item":"https:\/\/italcaffe.it\/de\/shop\/"},{"@type":"ListItem","position":3,"name":"100 Kapseln x 7,0 gr."}]},{"@type":"WebSite","@id":"https:\/\/italcaffe.it\/de\/#website","url":"https:\/\/italcaffe.it\/de\/","name":"Italcaff\u00e8","description":"50 Anni insieme","potentialAction":[{"@type":"SearchAction","target":{"@type":"EntryPoint","urlTemplate":"https:\/\/italcaffe.it\/de\/?s={search_term_string}"},"query-input":{"@type":"PropertyValueSpecification","valueRequired":true,"valueName":"search_term_string"}}],"inLanguage":"de"}]}},"_links":{"self":[{"href":"https:\/\/italcaffe.it\/de\/wp-json\/wp\/v2\/product\/23075","targetHints":{"allow":["GET"]}}],"collection":[{"href":"https:\/\/italcaffe.it\/de\/wp-json\/wp\/v2\/product"}],"about":[{"href":"https:\/\/italcaffe.it\/de\/wp-json\/wp\/v2\/types\/product"}],"wp:featuredmedia":[{"embeddable":true,"href":"https:\/\/italcaffe.it\/de\/wp-json\/wp\/v2\/media\/9858"}],"wp:attachment":[{"href":"https:\/\/italcaffe.it\/de\/wp-json\/wp\/v2\/media?parent=23075"}],"wp:term":[{"taxonomy":"product_brand","embeddable":true,"href":"https:\/\/italcaffe.it\/de\/wp-json\/wp\/v2\/product_brand?post=23075"},{"taxonomy":"product_cat","embeddable":true,"href":"https:\/\/italcaffe.it\/de\/wp-json\/wp\/v2\/product_cat?post=23075"},{"taxonomy":"product_tag","embeddable":true,"href":"https:\/\/italcaffe.it\/de\/wp-json\/wp\/v2\/product_tag?post=23075"}],"curies":[{"name":"wp","href":"https:\/\/api.w.org\/{rel}","templated":true}]}}