{"id":23077,"date":"2020-02-26T15:59:43","date_gmt":"2020-02-26T14:47:20","guid":{"rendered":"https:\/\/www.italcaffe.it\/product\/entkoffeiniert-lavazza-espresso-point-kapseln-kompatible-italcaffe-100-stk\/"},"modified":"2020-03-30T18:47:34","modified_gmt":"2020-03-30T17:47:34","slug":"entkoffeiniert-italcaffe","status":"publish","type":"product","link":"https:\/\/italcaffe.it\/de\/shop\/kaffeekapseln\/lavazza-espresso-point-kompatible\/entkoffeiniert-italcaffe\/","title":{"rendered":"Entkoffeiniert Lavazza Espresso Point Kapseln Kompatible Italcaff\u00e8 100 Stk"},"content":{"rendered":"","protected":false},"excerpt":{"rendered":"<p style=\"text-align: justify\">Italcaff\u00e8 Espresso koffeinfreier Kapseln sind Ein Kaffee mit einem au\u00dfergew\u00f6hnlichen Aroma, bei dem Sie die Creme und den vollmundigen Geschmack sowie das Aroma der besten Espressos italienischer Kaffeebars nicht vermissen werden. Unsere Kapseln sind kompatibel mit Lavazza Espresso point maschinen. Lavazza\u00ae Espresso Point Kompatible Kapseln Italcaff\u00e8 Espresso Entkoffeiniert Decaffeinato Geschmack ist leicht s\u00fc\u00df und cremig-nussig. Kaffees von h\u00f6chster Qualit\u00e4t. Einzeldosis-Kapseln in einer Schutzatmosph\u00e4re verpackt, um das Aroma und die Frische des Kaffees zu bewahren. Kaffeemaschinen Lavazza EP 1800 und EP 2500 Plus-Lavazzatime sind nicht kompatibel mit Italcaff\u00e8 Espresso Point Kapseln. Das Markenzeichen Espresso Point Lavazza\u00ae ist nicht im Besitz der Italcaffe SpA oder anderen dieser Firma angeschlossenen Gesellschaften.<\/p>\n","protected":false},"featured_media":10030,"template":"","meta":{"_acf_changed":false},"product_brand":[],"product_cat":[285,286],"product_tag":[],"class_list":{"0":"post-23077","1":"product","2":"type-product","3":"status-publish","4":"has-post-thumbnail","6":"product_cat-kaffeekapseln","7":"product_cat-lavazza-espresso-point-kompatible","9":"first","10":"instock","11":"taxable","12":"shipping-taxable","13":"product-type-grouped"},"acf":[],"yoast_head":"<!-- This site is optimized with the Yoast SEO plugin v27.0 - https:\/\/yoast.com\/product\/yoast-seo-wordpress\/ -->\n<title>Entkoffeiniert Lavazza Espresso Point Kapseln Kompatible Italcaff\u00e8 100 Stk - Italcaff\u00e8<\/title>\n<meta name=\"robots\" content=\"index, follow, max-snippet:-1, max-image-preview:large, max-video-preview:-1\" \/>\n<link rel=\"canonical\" href=\"https:\/\/italcaffe.it\/de\/shop\/kaffeekapseln\/lavazza-espresso-point-kompatible\/entkoffeiniert-italcaffe\/\" \/>\n<meta property=\"og:locale\" content=\"de_DE\" \/>\n<meta property=\"og:type\" content=\"article\" \/>\n<meta property=\"og:title\" content=\"Entkoffeiniert Lavazza Espresso Point Kapseln Kompatible Italcaff\u00e8 100 Stk - Italcaff\u00e8\" \/>\n<meta property=\"og:description\" content=\"Italcaff\u00e8 Espresso koffeinfreier Kapseln sind Ein Kaffee mit einem au\u00dfergew\u00f6hnlichen Aroma, bei dem Sie die Creme und den vollmundigen Geschmack sowie das Aroma der besten Espressos italienischer Kaffeebars nicht vermissen werden. Unsere Kapseln sind kompatibel mit Lavazza Espresso point maschinen. Lavazza\u00ae Espresso Point Kompatible Kapseln Italcaff\u00e8 Espresso Entkoffeiniert Decaffeinato Geschmack ist leicht s\u00fc\u00df und cremig-nussig. Kaffees von h\u00f6chster Qualit\u00e4t. Einzeldosis-Kapseln in einer Schutzatmosph\u00e4re verpackt, um das Aroma und die Frische des Kaffees zu bewahren. Kaffeemaschinen Lavazza EP 1800 und EP 2500 Plus-Lavazzatime sind nicht kompatibel mit Italcaff\u00e8 Espresso Point Kapseln. Das Markenzeichen Espresso Point Lavazza\u00ae ist nicht im Besitz der Italcaffe SpA oder anderen dieser Firma angeschlossenen Gesellschaften.\" \/>\n<meta property=\"og:url\" content=\"https:\/\/italcaffe.it\/de\/shop\/kaffeekapseln\/lavazza-espresso-point-kompatible\/entkoffeiniert-italcaffe\/\" \/>\n<meta property=\"og:site_name\" content=\"Italcaff\u00e8\" \/>\n<meta property=\"article:modified_time\" content=\"2020-03-30T17:47:34+00:00\" \/>\n<meta property=\"og:image\" content=\"https:\/\/italcaffe.it\/wp-content\/uploads\/2016\/05\/capsespdec100-italcaffeshop.jpg\" \/>\n\t<meta property=\"og:image:width\" content=\"825\" \/>\n\t<meta property=\"og:image:height\" content=\"1100\" \/>\n\t<meta property=\"og:image:type\" content=\"image\/jpeg\" \/>\n<meta name=\"twitter:card\" content=\"summary_large_image\" \/>\n<script type=\"application\/ld+json\" class=\"yoast-schema-graph\">{\"@context\":\"https:\/\/schema.org\",\"@graph\":[{\"@type\":\"WebPage\",\"@id\":\"https:\/\/italcaffe.it\/de\/shop\/kaffeekapseln\/lavazza-espresso-point-kompatible\/entkoffeiniert-italcaffe\/\",\"url\":\"https:\/\/italcaffe.it\/de\/shop\/kaffeekapseln\/lavazza-espresso-point-kompatible\/entkoffeiniert-italcaffe\/\",\"name\":\"Entkoffeiniert Lavazza Espresso Point Kapseln Kompatible Italcaff\u00e8 100 Stk - Italcaff\u00e8\",\"isPartOf\":{\"@id\":\"https:\/\/italcaffe.it\/de\/#website\"},\"primaryImageOfPage\":{\"@id\":\"https:\/\/italcaffe.it\/de\/shop\/kaffeekapseln\/lavazza-espresso-point-kompatible\/entkoffeiniert-italcaffe\/#primaryimage\"},\"image\":{\"@id\":\"https:\/\/italcaffe.it\/de\/shop\/kaffeekapseln\/lavazza-espresso-point-kompatible\/entkoffeiniert-italcaffe\/#primaryimage\"},\"thumbnailUrl\":\"https:\/\/italcaffe.it\/wp-content\/uploads\/2016\/05\/capsespdec100-italcaffeshop.jpg\",\"datePublished\":\"2020-02-26T14:47:20+00:00\",\"dateModified\":\"2020-03-30T17:47:34+00:00\",\"breadcrumb\":{\"@id\":\"https:\/\/italcaffe.it\/de\/shop\/kaffeekapseln\/lavazza-espresso-point-kompatible\/entkoffeiniert-italcaffe\/#breadcrumb\"},\"inLanguage\":\"de\",\"potentialAction\":[{\"@type\":\"ReadAction\",\"target\":[\"https:\/\/italcaffe.it\/de\/shop\/kaffeekapseln\/lavazza-espresso-point-kompatible\/entkoffeiniert-italcaffe\/\"]}]},{\"@type\":\"ImageObject\",\"inLanguage\":\"de\",\"@id\":\"https:\/\/italcaffe.it\/de\/shop\/kaffeekapseln\/lavazza-espresso-point-kompatible\/entkoffeiniert-italcaffe\/#primaryimage\",\"url\":\"https:\/\/italcaffe.it\/wp-content\/uploads\/2016\/05\/capsespdec100-italcaffeshop.jpg\",\"contentUrl\":\"https:\/\/italcaffe.it\/wp-content\/uploads\/2016\/05\/capsespdec100-italcaffeshop.jpg\",\"width\":825,\"height\":1100,\"caption\":\"Lavazza Espresso Point Kapseln kompatibel Italcaff\u00e8 Espresso Entkoffeiniert 100 Kaffeekapseln cialde cialda Dek koffeinfreier pad pads\"},{\"@type\":\"BreadcrumbList\",\"@id\":\"https:\/\/italcaffe.it\/de\/shop\/kaffeekapseln\/lavazza-espresso-point-kompatible\/entkoffeiniert-italcaffe\/#breadcrumb\",\"itemListElement\":[{\"@type\":\"ListItem\",\"position\":1,\"name\":\"Home\",\"item\":\"https:\/\/italcaffe.it\/de\/\"},{\"@type\":\"ListItem\",\"position\":2,\"name\":\"Shop\",\"item\":\"https:\/\/italcaffe.it\/de\/shop\/\"},{\"@type\":\"ListItem\",\"position\":3,\"name\":\"Entkoffeiniert Lavazza Espresso Point Kapseln Kompatible Italcaff\u00e8 100 Stk\"}]},{\"@type\":\"WebSite\",\"@id\":\"https:\/\/italcaffe.it\/de\/#website\",\"url\":\"https:\/\/italcaffe.it\/de\/\",\"name\":\"Italcaff\u00e8\",\"description\":\"50 Anni insieme\",\"potentialAction\":[{\"@type\":\"SearchAction\",\"target\":{\"@type\":\"EntryPoint\",\"urlTemplate\":\"https:\/\/italcaffe.it\/de\/?s={search_term_string}\"},\"query-input\":{\"@type\":\"PropertyValueSpecification\",\"valueRequired\":true,\"valueName\":\"search_term_string\"}}],\"inLanguage\":\"de\"}]}<\/script>\n<!-- \/ Yoast SEO plugin. -->","yoast_head_json":{"title":"Entkoffeiniert Lavazza Espresso Point Kapseln Kompatible Italcaff\u00e8 100 Stk - Italcaff\u00e8","robots":{"index":"index","follow":"follow","max-snippet":"max-snippet:-1","max-image-preview":"max-image-preview:large","max-video-preview":"max-video-preview:-1"},"canonical":"https:\/\/italcaffe.it\/de\/shop\/kaffeekapseln\/lavazza-espresso-point-kompatible\/entkoffeiniert-italcaffe\/","og_locale":"de_DE","og_type":"article","og_title":"Entkoffeiniert Lavazza Espresso Point Kapseln Kompatible Italcaff\u00e8 100 Stk - Italcaff\u00e8","og_description":"Italcaff\u00e8 Espresso koffeinfreier Kapseln sind Ein Kaffee mit einem au\u00dfergew\u00f6hnlichen Aroma, bei dem Sie die Creme und den vollmundigen Geschmack sowie das Aroma der besten Espressos italienischer Kaffeebars nicht vermissen werden. Unsere Kapseln sind kompatibel mit Lavazza Espresso point maschinen. Lavazza\u00ae Espresso Point Kompatible Kapseln Italcaff\u00e8 Espresso Entkoffeiniert Decaffeinato Geschmack ist leicht s\u00fc\u00df und cremig-nussig. Kaffees von h\u00f6chster Qualit\u00e4t. Einzeldosis-Kapseln in einer Schutzatmosph\u00e4re verpackt, um das Aroma und die Frische des Kaffees zu bewahren. Kaffeemaschinen Lavazza EP 1800 und EP 2500 Plus-Lavazzatime sind nicht kompatibel mit Italcaff\u00e8 Espresso Point Kapseln. Das Markenzeichen Espresso Point Lavazza\u00ae ist nicht im Besitz der Italcaffe SpA oder anderen dieser Firma angeschlossenen Gesellschaften.","og_url":"https:\/\/italcaffe.it\/de\/shop\/kaffeekapseln\/lavazza-espresso-point-kompatible\/entkoffeiniert-italcaffe\/","og_site_name":"Italcaff\u00e8","article_modified_time":"2020-03-30T17:47:34+00:00","og_image":[{"width":825,"height":1100,"url":"https:\/\/italcaffe.it\/wp-content\/uploads\/2016\/05\/capsespdec100-italcaffeshop.jpg","type":"image\/jpeg"}],"twitter_card":"summary_large_image","schema":{"@context":"https:\/\/schema.org","@graph":[{"@type":"WebPage","@id":"https:\/\/italcaffe.it\/de\/shop\/kaffeekapseln\/lavazza-espresso-point-kompatible\/entkoffeiniert-italcaffe\/","url":"https:\/\/italcaffe.it\/de\/shop\/kaffeekapseln\/lavazza-espresso-point-kompatible\/entkoffeiniert-italcaffe\/","name":"Entkoffeiniert Lavazza Espresso Point Kapseln Kompatible Italcaff\u00e8 100 Stk - Italcaff\u00e8","isPartOf":{"@id":"https:\/\/italcaffe.it\/de\/#website"},"primaryImageOfPage":{"@id":"https:\/\/italcaffe.it\/de\/shop\/kaffeekapseln\/lavazza-espresso-point-kompatible\/entkoffeiniert-italcaffe\/#primaryimage"},"image":{"@id":"https:\/\/italcaffe.it\/de\/shop\/kaffeekapseln\/lavazza-espresso-point-kompatible\/entkoffeiniert-italcaffe\/#primaryimage"},"thumbnailUrl":"https:\/\/italcaffe.it\/wp-content\/uploads\/2016\/05\/capsespdec100-italcaffeshop.jpg","datePublished":"2020-02-26T14:47:20+00:00","dateModified":"2020-03-30T17:47:34+00:00","breadcrumb":{"@id":"https:\/\/italcaffe.it\/de\/shop\/kaffeekapseln\/lavazza-espresso-point-kompatible\/entkoffeiniert-italcaffe\/#breadcrumb"},"inLanguage":"de","potentialAction":[{"@type":"ReadAction","target":["https:\/\/italcaffe.it\/de\/shop\/kaffeekapseln\/lavazza-espresso-point-kompatible\/entkoffeiniert-italcaffe\/"]}]},{"@type":"ImageObject","inLanguage":"de","@id":"https:\/\/italcaffe.it\/de\/shop\/kaffeekapseln\/lavazza-espresso-point-kompatible\/entkoffeiniert-italcaffe\/#primaryimage","url":"https:\/\/italcaffe.it\/wp-content\/uploads\/2016\/05\/capsespdec100-italcaffeshop.jpg","contentUrl":"https:\/\/italcaffe.it\/wp-content\/uploads\/2016\/05\/capsespdec100-italcaffeshop.jpg","width":825,"height":1100,"caption":"Lavazza Espresso Point Kapseln kompatibel Italcaff\u00e8 Espresso Entkoffeiniert 100 Kaffeekapseln cialde cialda Dek koffeinfreier pad pads"},{"@type":"BreadcrumbList","@id":"https:\/\/italcaffe.it\/de\/shop\/kaffeekapseln\/lavazza-espresso-point-kompatible\/entkoffeiniert-italcaffe\/#breadcrumb","itemListElement":[{"@type":"ListItem","position":1,"name":"Home","item":"https:\/\/italcaffe.it\/de\/"},{"@type":"ListItem","position":2,"name":"Shop","item":"https:\/\/italcaffe.it\/de\/shop\/"},{"@type":"ListItem","position":3,"name":"Entkoffeiniert Lavazza Espresso Point Kapseln Kompatible Italcaff\u00e8 100 Stk"}]},{"@type":"WebSite","@id":"https:\/\/italcaffe.it\/de\/#website","url":"https:\/\/italcaffe.it\/de\/","name":"Italcaff\u00e8","description":"50 Anni insieme","potentialAction":[{"@type":"SearchAction","target":{"@type":"EntryPoint","urlTemplate":"https:\/\/italcaffe.it\/de\/?s={search_term_string}"},"query-input":{"@type":"PropertyValueSpecification","valueRequired":true,"valueName":"search_term_string"}}],"inLanguage":"de"}]}},"_links":{"self":[{"href":"https:\/\/italcaffe.it\/de\/wp-json\/wp\/v2\/product\/23077","targetHints":{"allow":["GET"]}}],"collection":[{"href":"https:\/\/italcaffe.it\/de\/wp-json\/wp\/v2\/product"}],"about":[{"href":"https:\/\/italcaffe.it\/de\/wp-json\/wp\/v2\/types\/product"}],"wp:featuredmedia":[{"embeddable":true,"href":"https:\/\/italcaffe.it\/de\/wp-json\/wp\/v2\/media\/10030"}],"wp:attachment":[{"href":"https:\/\/italcaffe.it\/de\/wp-json\/wp\/v2\/media?parent=23077"}],"wp:term":[{"taxonomy":"product_brand","embeddable":true,"href":"https:\/\/italcaffe.it\/de\/wp-json\/wp\/v2\/product_brand?post=23077"},{"taxonomy":"product_cat","embeddable":true,"href":"https:\/\/italcaffe.it\/de\/wp-json\/wp\/v2\/product_cat?post=23077"},{"taxonomy":"product_tag","embeddable":true,"href":"https:\/\/italcaffe.it\/de\/wp-json\/wp\/v2\/product_tag?post=23077"}],"curies":[{"name":"wp","href":"https:\/\/api.w.org\/{rel}","templated":true}]}}