{"id":23080,"date":"2020-02-26T15:59:43","date_gmt":"2020-02-26T14:47:20","guid":{"rendered":"https:\/\/www.italcaffe.it\/product\/n-2-kartonen-mit-10-kaesten-x-10-espresso-100-arabica-kapseln-nespresso-kompatibel\/"},"modified":"2021-09-04T17:27:39","modified_gmt":"2021-09-04T16:27:39","slug":"n-2-kartonen-mit-12-kasten-x-10-espresso-100-arabica-kapseln-nespressor-kompatibel","status":"publish","type":"product","link":"https:\/\/italcaffe.it\/de\/shop\/kaffeekapseln\/nespresso-kompatible\/n-2-kartonen-mit-12-kasten-x-10-espresso-100-arabica-kapseln-nespressor-kompatibel\/","title":{"rendered":"N. 2 Kartonen mit 10 K\u00e4sten x 10  ESPRESSO 100% ARABICA Kapseln,  Nespresso\u00ae kompatibel"},"content":{"rendered":"","protected":false},"excerpt":{"rendered":"<p>Kaffee mit aromatischem Geschmack, besteht aus den besten Arabica-Bohnen. Das leicht s\u00fc\u00dfliche Aroma des 100 % Arabica wird durch eine angenehme S\u00e4ure begleitet. Kapseln kompatibel mit den Maschinen der Marke Nespresso\u00ae. <\/p>\n<p>Das Markenzeichen Nespresso\u00ae ist nicht im Besitz der Italcaffe SpA oder anderen dieser Firma angeschlossenen Gesellschaften.<\/p>\n<p>Nespresso Kompatible Kapseln Italcaff\u00e8 Espresso 100% Arabica. Kompatible Kapseln Pads kompatibel mit Nespresso Maschinen. Alternative Kapseln Kaffeekapsel aus Italien.<\/p>\n","protected":false},"featured_media":26529,"template":"","meta":{"_acf_changed":false},"product_brand":[],"product_cat":[285,287],"product_tag":[],"class_list":{"0":"post-23080","1":"product","2":"type-product","3":"status-publish","4":"has-post-thumbnail","6":"product_cat-kaffeekapseln","7":"product_cat-nespresso-kompatible","9":"first","10":"instock","11":"sale","12":"taxable","13":"shipping-taxable","14":"purchasable","15":"product-type-simple"},"acf":[],"yoast_head":"<!-- This site is optimized with the Yoast SEO plugin v27.0 - https:\/\/yoast.com\/product\/yoast-seo-wordpress\/ -->\n<title>N. 2 Kartonen mit 10 K\u00e4sten x 10 ESPRESSO 100% ARABICA Kapseln, Nespresso\u00ae kompatibel - Italcaff\u00e8<\/title>\n<meta name=\"robots\" content=\"index, follow, max-snippet:-1, max-image-preview:large, max-video-preview:-1\" \/>\n<link rel=\"canonical\" href=\"https:\/\/italcaffe.it\/de\/shop\/kaffeekapseln\/nespresso-kompatible\/n-2-kartonen-mit-12-kasten-x-10-espresso-100-arabica-kapseln-nespressor-kompatibel\/\" \/>\n<meta property=\"og:locale\" content=\"de_DE\" \/>\n<meta property=\"og:type\" content=\"article\" \/>\n<meta property=\"og:title\" content=\"N. 2 Kartonen mit 10 K\u00e4sten x 10 ESPRESSO 100% ARABICA Kapseln, Nespresso\u00ae kompatibel - Italcaff\u00e8\" \/>\n<meta property=\"og:description\" content=\"Kaffee mit aromatischem Geschmack, besteht aus den besten Arabica-Bohnen. Das leicht s\u00fc\u00dfliche Aroma des 100 % Arabica wird durch eine angenehme S\u00e4ure begleitet. Kapseln kompatibel mit den Maschinen der Marke Nespresso\u00ae.  Das Markenzeichen Nespresso\u00ae ist nicht im Besitz der Italcaffe SpA oder anderen dieser Firma angeschlossenen Gesellschaften. Nespresso Kompatible Kapseln Italcaff\u00e8 Espresso 100% Arabica. Kompatible Kapseln Pads kompatibel mit Nespresso Maschinen. Alternative Kapseln Kaffeekapsel aus Italien.\" \/>\n<meta property=\"og:url\" content=\"https:\/\/italcaffe.it\/de\/shop\/kaffeekapseln\/nespresso-kompatible\/n-2-kartonen-mit-12-kasten-x-10-espresso-100-arabica-kapseln-nespressor-kompatibel\/\" \/>\n<meta property=\"og:site_name\" content=\"Italcaff\u00e8\" \/>\n<meta property=\"article:modified_time\" content=\"2021-09-04T16:27:39+00:00\" \/>\n<meta property=\"og:image\" content=\"https:\/\/italcaffe.it\/wp-content\/uploads\/2020\/02\/Senza-titolo-1_0007_italcaffe84601.jpg\" \/>\n\t<meta property=\"og:image:width\" content=\"825\" \/>\n\t<meta property=\"og:image:height\" content=\"1100\" \/>\n\t<meta property=\"og:image:type\" content=\"image\/jpeg\" \/>\n<meta name=\"twitter:card\" content=\"summary_large_image\" \/>\n<script type=\"application\/ld+json\" class=\"yoast-schema-graph\">{\"@context\":\"https:\/\/schema.org\",\"@graph\":[{\"@type\":\"WebPage\",\"@id\":\"https:\/\/italcaffe.it\/de\/shop\/kaffeekapseln\/nespresso-kompatible\/n-2-kartonen-mit-12-kasten-x-10-espresso-100-arabica-kapseln-nespressor-kompatibel\/\",\"url\":\"https:\/\/italcaffe.it\/de\/shop\/kaffeekapseln\/nespresso-kompatible\/n-2-kartonen-mit-12-kasten-x-10-espresso-100-arabica-kapseln-nespressor-kompatibel\/\",\"name\":\"N. 2 Kartonen mit 10 K\u00e4sten x 10 ESPRESSO 100% ARABICA Kapseln, Nespresso\u00ae kompatibel - Italcaff\u00e8\",\"isPartOf\":{\"@id\":\"https:\/\/italcaffe.it\/de\/#website\"},\"primaryImageOfPage\":{\"@id\":\"https:\/\/italcaffe.it\/de\/shop\/kaffeekapseln\/nespresso-kompatible\/n-2-kartonen-mit-12-kasten-x-10-espresso-100-arabica-kapseln-nespressor-kompatibel\/#primaryimage\"},\"image\":{\"@id\":\"https:\/\/italcaffe.it\/de\/shop\/kaffeekapseln\/nespresso-kompatible\/n-2-kartonen-mit-12-kasten-x-10-espresso-100-arabica-kapseln-nespressor-kompatibel\/#primaryimage\"},\"thumbnailUrl\":\"https:\/\/italcaffe.it\/wp-content\/uploads\/2020\/02\/Senza-titolo-1_0007_italcaffe84601.jpg\",\"datePublished\":\"2020-02-26T14:47:20+00:00\",\"dateModified\":\"2021-09-04T16:27:39+00:00\",\"breadcrumb\":{\"@id\":\"https:\/\/italcaffe.it\/de\/shop\/kaffeekapseln\/nespresso-kompatible\/n-2-kartonen-mit-12-kasten-x-10-espresso-100-arabica-kapseln-nespressor-kompatibel\/#breadcrumb\"},\"inLanguage\":\"de\",\"potentialAction\":[{\"@type\":\"ReadAction\",\"target\":[\"https:\/\/italcaffe.it\/de\/shop\/kaffeekapseln\/nespresso-kompatible\/n-2-kartonen-mit-12-kasten-x-10-espresso-100-arabica-kapseln-nespressor-kompatibel\/\"]}]},{\"@type\":\"ImageObject\",\"inLanguage\":\"de\",\"@id\":\"https:\/\/italcaffe.it\/de\/shop\/kaffeekapseln\/nespresso-kompatible\/n-2-kartonen-mit-12-kasten-x-10-espresso-100-arabica-kapseln-nespressor-kompatibel\/#primaryimage\",\"url\":\"https:\/\/italcaffe.it\/wp-content\/uploads\/2020\/02\/Senza-titolo-1_0007_italcaffe84601.jpg\",\"contentUrl\":\"https:\/\/italcaffe.it\/wp-content\/uploads\/2020\/02\/Senza-titolo-1_0007_italcaffe84601.jpg\",\"width\":825,\"height\":1100,\"caption\":\"Capsule caff\u00e8 100% Arabica Nespresso compatibili Italcaff\u00e8 Espresso fronte\"},{\"@type\":\"BreadcrumbList\",\"@id\":\"https:\/\/italcaffe.it\/de\/shop\/kaffeekapseln\/nespresso-kompatible\/n-2-kartonen-mit-12-kasten-x-10-espresso-100-arabica-kapseln-nespressor-kompatibel\/#breadcrumb\",\"itemListElement\":[{\"@type\":\"ListItem\",\"position\":1,\"name\":\"Home\",\"item\":\"https:\/\/italcaffe.it\/de\/\"},{\"@type\":\"ListItem\",\"position\":2,\"name\":\"Shop\",\"item\":\"https:\/\/italcaffe.it\/de\/shop\/\"},{\"@type\":\"ListItem\",\"position\":3,\"name\":\"N. 2 Kartonen mit 10 K\u00e4sten x 10 ESPRESSO 100% ARABICA Kapseln, Nespresso\u00ae kompatibel\"}]},{\"@type\":\"WebSite\",\"@id\":\"https:\/\/italcaffe.it\/de\/#website\",\"url\":\"https:\/\/italcaffe.it\/de\/\",\"name\":\"Italcaff\u00e8\",\"description\":\"50 Anni insieme\",\"potentialAction\":[{\"@type\":\"SearchAction\",\"target\":{\"@type\":\"EntryPoint\",\"urlTemplate\":\"https:\/\/italcaffe.it\/de\/?s={search_term_string}\"},\"query-input\":{\"@type\":\"PropertyValueSpecification\",\"valueRequired\":true,\"valueName\":\"search_term_string\"}}],\"inLanguage\":\"de\"}]}<\/script>\n<!-- \/ Yoast SEO plugin. -->","yoast_head_json":{"title":"N. 2 Kartonen mit 10 K\u00e4sten x 10 ESPRESSO 100% ARABICA Kapseln, Nespresso\u00ae kompatibel - Italcaff\u00e8","robots":{"index":"index","follow":"follow","max-snippet":"max-snippet:-1","max-image-preview":"max-image-preview:large","max-video-preview":"max-video-preview:-1"},"canonical":"https:\/\/italcaffe.it\/de\/shop\/kaffeekapseln\/nespresso-kompatible\/n-2-kartonen-mit-12-kasten-x-10-espresso-100-arabica-kapseln-nespressor-kompatibel\/","og_locale":"de_DE","og_type":"article","og_title":"N. 2 Kartonen mit 10 K\u00e4sten x 10 ESPRESSO 100% ARABICA Kapseln, Nespresso\u00ae kompatibel - Italcaff\u00e8","og_description":"Kaffee mit aromatischem Geschmack, besteht aus den besten Arabica-Bohnen. Das leicht s\u00fc\u00dfliche Aroma des 100 % Arabica wird durch eine angenehme S\u00e4ure begleitet. Kapseln kompatibel mit den Maschinen der Marke Nespresso\u00ae.  Das Markenzeichen Nespresso\u00ae ist nicht im Besitz der Italcaffe SpA oder anderen dieser Firma angeschlossenen Gesellschaften. Nespresso Kompatible Kapseln Italcaff\u00e8 Espresso 100% Arabica. Kompatible Kapseln Pads kompatibel mit Nespresso Maschinen. Alternative Kapseln Kaffeekapsel aus Italien.","og_url":"https:\/\/italcaffe.it\/de\/shop\/kaffeekapseln\/nespresso-kompatible\/n-2-kartonen-mit-12-kasten-x-10-espresso-100-arabica-kapseln-nespressor-kompatibel\/","og_site_name":"Italcaff\u00e8","article_modified_time":"2021-09-04T16:27:39+00:00","og_image":[{"width":825,"height":1100,"url":"https:\/\/italcaffe.it\/wp-content\/uploads\/2020\/02\/Senza-titolo-1_0007_italcaffe84601.jpg","type":"image\/jpeg"}],"twitter_card":"summary_large_image","schema":{"@context":"https:\/\/schema.org","@graph":[{"@type":"WebPage","@id":"https:\/\/italcaffe.it\/de\/shop\/kaffeekapseln\/nespresso-kompatible\/n-2-kartonen-mit-12-kasten-x-10-espresso-100-arabica-kapseln-nespressor-kompatibel\/","url":"https:\/\/italcaffe.it\/de\/shop\/kaffeekapseln\/nespresso-kompatible\/n-2-kartonen-mit-12-kasten-x-10-espresso-100-arabica-kapseln-nespressor-kompatibel\/","name":"N. 2 Kartonen mit 10 K\u00e4sten x 10 ESPRESSO 100% ARABICA Kapseln, Nespresso\u00ae kompatibel - Italcaff\u00e8","isPartOf":{"@id":"https:\/\/italcaffe.it\/de\/#website"},"primaryImageOfPage":{"@id":"https:\/\/italcaffe.it\/de\/shop\/kaffeekapseln\/nespresso-kompatible\/n-2-kartonen-mit-12-kasten-x-10-espresso-100-arabica-kapseln-nespressor-kompatibel\/#primaryimage"},"image":{"@id":"https:\/\/italcaffe.it\/de\/shop\/kaffeekapseln\/nespresso-kompatible\/n-2-kartonen-mit-12-kasten-x-10-espresso-100-arabica-kapseln-nespressor-kompatibel\/#primaryimage"},"thumbnailUrl":"https:\/\/italcaffe.it\/wp-content\/uploads\/2020\/02\/Senza-titolo-1_0007_italcaffe84601.jpg","datePublished":"2020-02-26T14:47:20+00:00","dateModified":"2021-09-04T16:27:39+00:00","breadcrumb":{"@id":"https:\/\/italcaffe.it\/de\/shop\/kaffeekapseln\/nespresso-kompatible\/n-2-kartonen-mit-12-kasten-x-10-espresso-100-arabica-kapseln-nespressor-kompatibel\/#breadcrumb"},"inLanguage":"de","potentialAction":[{"@type":"ReadAction","target":["https:\/\/italcaffe.it\/de\/shop\/kaffeekapseln\/nespresso-kompatible\/n-2-kartonen-mit-12-kasten-x-10-espresso-100-arabica-kapseln-nespressor-kompatibel\/"]}]},{"@type":"ImageObject","inLanguage":"de","@id":"https:\/\/italcaffe.it\/de\/shop\/kaffeekapseln\/nespresso-kompatible\/n-2-kartonen-mit-12-kasten-x-10-espresso-100-arabica-kapseln-nespressor-kompatibel\/#primaryimage","url":"https:\/\/italcaffe.it\/wp-content\/uploads\/2020\/02\/Senza-titolo-1_0007_italcaffe84601.jpg","contentUrl":"https:\/\/italcaffe.it\/wp-content\/uploads\/2020\/02\/Senza-titolo-1_0007_italcaffe84601.jpg","width":825,"height":1100,"caption":"Capsule caff\u00e8 100% Arabica Nespresso compatibili Italcaff\u00e8 Espresso fronte"},{"@type":"BreadcrumbList","@id":"https:\/\/italcaffe.it\/de\/shop\/kaffeekapseln\/nespresso-kompatible\/n-2-kartonen-mit-12-kasten-x-10-espresso-100-arabica-kapseln-nespressor-kompatibel\/#breadcrumb","itemListElement":[{"@type":"ListItem","position":1,"name":"Home","item":"https:\/\/italcaffe.it\/de\/"},{"@type":"ListItem","position":2,"name":"Shop","item":"https:\/\/italcaffe.it\/de\/shop\/"},{"@type":"ListItem","position":3,"name":"N. 2 Kartonen mit 10 K\u00e4sten x 10 ESPRESSO 100% ARABICA Kapseln, Nespresso\u00ae kompatibel"}]},{"@type":"WebSite","@id":"https:\/\/italcaffe.it\/de\/#website","url":"https:\/\/italcaffe.it\/de\/","name":"Italcaff\u00e8","description":"50 Anni insieme","potentialAction":[{"@type":"SearchAction","target":{"@type":"EntryPoint","urlTemplate":"https:\/\/italcaffe.it\/de\/?s={search_term_string}"},"query-input":{"@type":"PropertyValueSpecification","valueRequired":true,"valueName":"search_term_string"}}],"inLanguage":"de"}]}},"_links":{"self":[{"href":"https:\/\/italcaffe.it\/de\/wp-json\/wp\/v2\/product\/23080","targetHints":{"allow":["GET"]}}],"collection":[{"href":"https:\/\/italcaffe.it\/de\/wp-json\/wp\/v2\/product"}],"about":[{"href":"https:\/\/italcaffe.it\/de\/wp-json\/wp\/v2\/types\/product"}],"wp:featuredmedia":[{"embeddable":true,"href":"https:\/\/italcaffe.it\/de\/wp-json\/wp\/v2\/media\/26529"}],"wp:attachment":[{"href":"https:\/\/italcaffe.it\/de\/wp-json\/wp\/v2\/media?parent=23080"}],"wp:term":[{"taxonomy":"product_brand","embeddable":true,"href":"https:\/\/italcaffe.it\/de\/wp-json\/wp\/v2\/product_brand?post=23080"},{"taxonomy":"product_cat","embeddable":true,"href":"https:\/\/italcaffe.it\/de\/wp-json\/wp\/v2\/product_cat?post=23080"},{"taxonomy":"product_tag","embeddable":true,"href":"https:\/\/italcaffe.it\/de\/wp-json\/wp\/v2\/product_tag?post=23080"}],"curies":[{"name":"wp","href":"https:\/\/api.w.org\/{rel}","templated":true}]}}