{"id":23083,"date":"2020-02-26T15:59:51","date_gmt":"2020-02-26T14:47:38","guid":{"rendered":"https:\/\/www.italcaffe.it\/product\/10-kaesten-x-10-koffeinfreier-espresso-kapseln-nespresso-kompatibel-mit-marken-italcaffe\/"},"modified":"2020-02-26T15:47:38","modified_gmt":"2020-02-26T14:47:38","slug":"12-kasten-x-10-koffeinfreier-espresso-kapseln-nespresso-kompatibel-mit-marken-italcaffe","status":"publish","type":"product","link":"https:\/\/italcaffe.it\/de\/shop\/kaffeekapseln\/nespresso-kompatible\/12-kasten-x-10-koffeinfreier-espresso-kapseln-nespresso-kompatibel-mit-marken-italcaffe\/","title":{"rendered":"10 K\u00e4sten x 10 Koffeinfreier Espresso Kapseln, Nespresso kompatibel mit Marken Italcaff\u00e8"},"content":{"rendered":"","protected":false},"excerpt":{"rendered":"<p>Italcaffe Espresso koffeinfreier Kapseln sind Ein Kaffee mit einem au\u00dfergew\u00f6hnlichen Aroma, bei dem Sie die Creme und den vollmundigen Geschmack sowie das Aroma der besten Espressos italienischer Kaffeebars nicht vermissen werden.<\/p>\n<p>Gemahlene und ger\u00f6stete Koffeinfreier Kaffeemischung in Espresso-Kapsel. Kapseln kompatibel mit den Maschinen der Marke Nespresso\u00ae.<\/p>\n<p>Das Markenzeichen Nespresso\u00ae ist nicht im Besitz der Italcaffe SpA oder anderen dieser Firma angeschlossenen Gesellschaften.<\/p>\n<p>Nespresso Kompatible Kapseln Italcaff\u00e8 Espresso Decaffeinato Entkoffeiniert. Kompatible Kapseln Pads kompatibel mit Nespresso Maschinen. Alternative Kapseln Kaffeekapsel aus Italien.<\/p>\n","protected":false},"featured_media":28634,"template":"","meta":{"_acf_changed":false},"product_brand":[],"product_cat":[285,287],"product_tag":[],"class_list":{"0":"post-23083","1":"product","2":"type-product","3":"status-publish","4":"has-post-thumbnail","6":"product_cat-kaffeekapseln","7":"product_cat-nespresso-kompatible","9":"first","10":"instock","11":"sale","12":"taxable","13":"shipping-taxable","14":"purchasable","15":"product-type-simple"},"acf":[],"yoast_head":"<!-- This site is optimized with the Yoast SEO plugin v27.0 - https:\/\/yoast.com\/product\/yoast-seo-wordpress\/ -->\n<title>10 K\u00e4sten x 10 Koffeinfreier Espresso Kapseln, Nespresso kompatibel mit Marken Italcaff\u00e8 - Italcaff\u00e8<\/title>\n<meta name=\"robots\" content=\"index, follow, max-snippet:-1, max-image-preview:large, max-video-preview:-1\" \/>\n<link rel=\"canonical\" href=\"https:\/\/italcaffe.it\/de\/shop\/kaffeekapseln\/nespresso-kompatible\/12-kasten-x-10-koffeinfreier-espresso-kapseln-nespresso-kompatibel-mit-marken-italcaffe\/\" \/>\n<meta property=\"og:locale\" content=\"de_DE\" \/>\n<meta property=\"og:type\" content=\"article\" \/>\n<meta property=\"og:title\" content=\"10 K\u00e4sten x 10 Koffeinfreier Espresso Kapseln, Nespresso kompatibel mit Marken Italcaff\u00e8 - Italcaff\u00e8\" \/>\n<meta property=\"og:description\" content=\"Italcaffe Espresso koffeinfreier Kapseln sind Ein Kaffee mit einem au\u00dfergew\u00f6hnlichen Aroma, bei dem Sie die Creme und den vollmundigen Geschmack sowie das Aroma der besten Espressos italienischer Kaffeebars nicht vermissen werden. Gemahlene und ger\u00f6stete Koffeinfreier Kaffeemischung in Espresso-Kapsel. Kapseln kompatibel mit den Maschinen der Marke Nespresso\u00ae. Das Markenzeichen Nespresso\u00ae ist nicht im Besitz der Italcaffe SpA oder anderen dieser Firma angeschlossenen Gesellschaften. Nespresso Kompatible Kapseln Italcaff\u00e8 Espresso Decaffeinato Entkoffeiniert. Kompatible Kapseln Pads kompatibel mit Nespresso Maschinen. Alternative Kapseln Kaffeekapsel aus Italien.\" \/>\n<meta property=\"og:url\" content=\"https:\/\/italcaffe.it\/de\/shop\/kaffeekapseln\/nespresso-kompatible\/12-kasten-x-10-koffeinfreier-espresso-kapseln-nespresso-kompatibel-mit-marken-italcaffe\/\" \/>\n<meta property=\"og:site_name\" content=\"Italcaff\u00e8\" \/>\n<meta property=\"og:image\" content=\"https:\/\/italcaffe.it\/wp-content\/uploads\/2021\/12\/Capsule-Decaf-Aluminium.jpg\" \/>\n\t<meta property=\"og:image:width\" content=\"825\" \/>\n\t<meta property=\"og:image:height\" content=\"1100\" \/>\n\t<meta property=\"og:image:type\" content=\"image\/jpeg\" \/>\n<meta name=\"twitter:card\" content=\"summary_large_image\" \/>\n<script type=\"application\/ld+json\" class=\"yoast-schema-graph\">{\"@context\":\"https:\/\/schema.org\",\"@graph\":[{\"@type\":\"WebPage\",\"@id\":\"https:\/\/italcaffe.it\/de\/shop\/kaffeekapseln\/nespresso-kompatible\/12-kasten-x-10-koffeinfreier-espresso-kapseln-nespresso-kompatibel-mit-marken-italcaffe\/\",\"url\":\"https:\/\/italcaffe.it\/de\/shop\/kaffeekapseln\/nespresso-kompatible\/12-kasten-x-10-koffeinfreier-espresso-kapseln-nespresso-kompatibel-mit-marken-italcaffe\/\",\"name\":\"10 K\u00e4sten x 10 Koffeinfreier Espresso Kapseln, Nespresso kompatibel mit Marken Italcaff\u00e8 - Italcaff\u00e8\",\"isPartOf\":{\"@id\":\"https:\/\/italcaffe.it\/de\/#website\"},\"primaryImageOfPage\":{\"@id\":\"https:\/\/italcaffe.it\/de\/shop\/kaffeekapseln\/nespresso-kompatible\/12-kasten-x-10-koffeinfreier-espresso-kapseln-nespresso-kompatibel-mit-marken-italcaffe\/#primaryimage\"},\"image\":{\"@id\":\"https:\/\/italcaffe.it\/de\/shop\/kaffeekapseln\/nespresso-kompatible\/12-kasten-x-10-koffeinfreier-espresso-kapseln-nespresso-kompatibel-mit-marken-italcaffe\/#primaryimage\"},\"thumbnailUrl\":\"https:\/\/italcaffe.it\/wp-content\/uploads\/2021\/12\/Capsule-Decaf-Aluminium.jpg\",\"datePublished\":\"2020-02-26T14:47:38+00:00\",\"breadcrumb\":{\"@id\":\"https:\/\/italcaffe.it\/de\/shop\/kaffeekapseln\/nespresso-kompatible\/12-kasten-x-10-koffeinfreier-espresso-kapseln-nespresso-kompatibel-mit-marken-italcaffe\/#breadcrumb\"},\"inLanguage\":\"de\",\"potentialAction\":[{\"@type\":\"ReadAction\",\"target\":[\"https:\/\/italcaffe.it\/de\/shop\/kaffeekapseln\/nespresso-kompatible\/12-kasten-x-10-koffeinfreier-espresso-kapseln-nespresso-kompatibel-mit-marken-italcaffe\/\"]}]},{\"@type\":\"ImageObject\",\"inLanguage\":\"de\",\"@id\":\"https:\/\/italcaffe.it\/de\/shop\/kaffeekapseln\/nespresso-kompatible\/12-kasten-x-10-koffeinfreier-espresso-kapseln-nespresso-kompatibel-mit-marken-italcaffe\/#primaryimage\",\"url\":\"https:\/\/italcaffe.it\/wp-content\/uploads\/2021\/12\/Capsule-Decaf-Aluminium.jpg\",\"contentUrl\":\"https:\/\/italcaffe.it\/wp-content\/uploads\/2021\/12\/Capsule-Decaf-Aluminium.jpg\",\"width\":825,\"height\":1100,\"caption\":\"Capsule caff\u00e8 espresso decaffeinato Italcaff\u00e8 compatbili Nespresso fronte\"},{\"@type\":\"BreadcrumbList\",\"@id\":\"https:\/\/italcaffe.it\/de\/shop\/kaffeekapseln\/nespresso-kompatible\/12-kasten-x-10-koffeinfreier-espresso-kapseln-nespresso-kompatibel-mit-marken-italcaffe\/#breadcrumb\",\"itemListElement\":[{\"@type\":\"ListItem\",\"position\":1,\"name\":\"Home\",\"item\":\"https:\/\/italcaffe.it\/de\/\"},{\"@type\":\"ListItem\",\"position\":2,\"name\":\"Shop\",\"item\":\"https:\/\/italcaffe.it\/de\/shop\/\"},{\"@type\":\"ListItem\",\"position\":3,\"name\":\"10 K\u00e4sten x 10 Koffeinfreier Espresso Kapseln, Nespresso kompatibel mit Marken Italcaff\u00e8\"}]},{\"@type\":\"WebSite\",\"@id\":\"https:\/\/italcaffe.it\/de\/#website\",\"url\":\"https:\/\/italcaffe.it\/de\/\",\"name\":\"Italcaff\u00e8\",\"description\":\"50 Anni insieme\",\"potentialAction\":[{\"@type\":\"SearchAction\",\"target\":{\"@type\":\"EntryPoint\",\"urlTemplate\":\"https:\/\/italcaffe.it\/de\/?s={search_term_string}\"},\"query-input\":{\"@type\":\"PropertyValueSpecification\",\"valueRequired\":true,\"valueName\":\"search_term_string\"}}],\"inLanguage\":\"de\"}]}<\/script>\n<!-- \/ Yoast SEO plugin. -->","yoast_head_json":{"title":"10 K\u00e4sten x 10 Koffeinfreier Espresso Kapseln, Nespresso kompatibel mit Marken Italcaff\u00e8 - Italcaff\u00e8","robots":{"index":"index","follow":"follow","max-snippet":"max-snippet:-1","max-image-preview":"max-image-preview:large","max-video-preview":"max-video-preview:-1"},"canonical":"https:\/\/italcaffe.it\/de\/shop\/kaffeekapseln\/nespresso-kompatible\/12-kasten-x-10-koffeinfreier-espresso-kapseln-nespresso-kompatibel-mit-marken-italcaffe\/","og_locale":"de_DE","og_type":"article","og_title":"10 K\u00e4sten x 10 Koffeinfreier Espresso Kapseln, Nespresso kompatibel mit Marken Italcaff\u00e8 - Italcaff\u00e8","og_description":"Italcaffe Espresso koffeinfreier Kapseln sind Ein Kaffee mit einem au\u00dfergew\u00f6hnlichen Aroma, bei dem Sie die Creme und den vollmundigen Geschmack sowie das Aroma der besten Espressos italienischer Kaffeebars nicht vermissen werden. Gemahlene und ger\u00f6stete Koffeinfreier Kaffeemischung in Espresso-Kapsel. Kapseln kompatibel mit den Maschinen der Marke Nespresso\u00ae. Das Markenzeichen Nespresso\u00ae ist nicht im Besitz der Italcaffe SpA oder anderen dieser Firma angeschlossenen Gesellschaften. Nespresso Kompatible Kapseln Italcaff\u00e8 Espresso Decaffeinato Entkoffeiniert. Kompatible Kapseln Pads kompatibel mit Nespresso Maschinen. Alternative Kapseln Kaffeekapsel aus Italien.","og_url":"https:\/\/italcaffe.it\/de\/shop\/kaffeekapseln\/nespresso-kompatible\/12-kasten-x-10-koffeinfreier-espresso-kapseln-nespresso-kompatibel-mit-marken-italcaffe\/","og_site_name":"Italcaff\u00e8","og_image":[{"width":825,"height":1100,"url":"https:\/\/italcaffe.it\/wp-content\/uploads\/2021\/12\/Capsule-Decaf-Aluminium.jpg","type":"image\/jpeg"}],"twitter_card":"summary_large_image","schema":{"@context":"https:\/\/schema.org","@graph":[{"@type":"WebPage","@id":"https:\/\/italcaffe.it\/de\/shop\/kaffeekapseln\/nespresso-kompatible\/12-kasten-x-10-koffeinfreier-espresso-kapseln-nespresso-kompatibel-mit-marken-italcaffe\/","url":"https:\/\/italcaffe.it\/de\/shop\/kaffeekapseln\/nespresso-kompatible\/12-kasten-x-10-koffeinfreier-espresso-kapseln-nespresso-kompatibel-mit-marken-italcaffe\/","name":"10 K\u00e4sten x 10 Koffeinfreier Espresso Kapseln, Nespresso kompatibel mit Marken Italcaff\u00e8 - Italcaff\u00e8","isPartOf":{"@id":"https:\/\/italcaffe.it\/de\/#website"},"primaryImageOfPage":{"@id":"https:\/\/italcaffe.it\/de\/shop\/kaffeekapseln\/nespresso-kompatible\/12-kasten-x-10-koffeinfreier-espresso-kapseln-nespresso-kompatibel-mit-marken-italcaffe\/#primaryimage"},"image":{"@id":"https:\/\/italcaffe.it\/de\/shop\/kaffeekapseln\/nespresso-kompatible\/12-kasten-x-10-koffeinfreier-espresso-kapseln-nespresso-kompatibel-mit-marken-italcaffe\/#primaryimage"},"thumbnailUrl":"https:\/\/italcaffe.it\/wp-content\/uploads\/2021\/12\/Capsule-Decaf-Aluminium.jpg","datePublished":"2020-02-26T14:47:38+00:00","breadcrumb":{"@id":"https:\/\/italcaffe.it\/de\/shop\/kaffeekapseln\/nespresso-kompatible\/12-kasten-x-10-koffeinfreier-espresso-kapseln-nespresso-kompatibel-mit-marken-italcaffe\/#breadcrumb"},"inLanguage":"de","potentialAction":[{"@type":"ReadAction","target":["https:\/\/italcaffe.it\/de\/shop\/kaffeekapseln\/nespresso-kompatible\/12-kasten-x-10-koffeinfreier-espresso-kapseln-nespresso-kompatibel-mit-marken-italcaffe\/"]}]},{"@type":"ImageObject","inLanguage":"de","@id":"https:\/\/italcaffe.it\/de\/shop\/kaffeekapseln\/nespresso-kompatible\/12-kasten-x-10-koffeinfreier-espresso-kapseln-nespresso-kompatibel-mit-marken-italcaffe\/#primaryimage","url":"https:\/\/italcaffe.it\/wp-content\/uploads\/2021\/12\/Capsule-Decaf-Aluminium.jpg","contentUrl":"https:\/\/italcaffe.it\/wp-content\/uploads\/2021\/12\/Capsule-Decaf-Aluminium.jpg","width":825,"height":1100,"caption":"Capsule caff\u00e8 espresso decaffeinato Italcaff\u00e8 compatbili Nespresso fronte"},{"@type":"BreadcrumbList","@id":"https:\/\/italcaffe.it\/de\/shop\/kaffeekapseln\/nespresso-kompatible\/12-kasten-x-10-koffeinfreier-espresso-kapseln-nespresso-kompatibel-mit-marken-italcaffe\/#breadcrumb","itemListElement":[{"@type":"ListItem","position":1,"name":"Home","item":"https:\/\/italcaffe.it\/de\/"},{"@type":"ListItem","position":2,"name":"Shop","item":"https:\/\/italcaffe.it\/de\/shop\/"},{"@type":"ListItem","position":3,"name":"10 K\u00e4sten x 10 Koffeinfreier Espresso Kapseln, Nespresso kompatibel mit Marken Italcaff\u00e8"}]},{"@type":"WebSite","@id":"https:\/\/italcaffe.it\/de\/#website","url":"https:\/\/italcaffe.it\/de\/","name":"Italcaff\u00e8","description":"50 Anni insieme","potentialAction":[{"@type":"SearchAction","target":{"@type":"EntryPoint","urlTemplate":"https:\/\/italcaffe.it\/de\/?s={search_term_string}"},"query-input":{"@type":"PropertyValueSpecification","valueRequired":true,"valueName":"search_term_string"}}],"inLanguage":"de"}]}},"_links":{"self":[{"href":"https:\/\/italcaffe.it\/de\/wp-json\/wp\/v2\/product\/23083","targetHints":{"allow":["GET"]}}],"collection":[{"href":"https:\/\/italcaffe.it\/de\/wp-json\/wp\/v2\/product"}],"about":[{"href":"https:\/\/italcaffe.it\/de\/wp-json\/wp\/v2\/types\/product"}],"wp:featuredmedia":[{"embeddable":true,"href":"https:\/\/italcaffe.it\/de\/wp-json\/wp\/v2\/media\/28634"}],"wp:attachment":[{"href":"https:\/\/italcaffe.it\/de\/wp-json\/wp\/v2\/media?parent=23083"}],"wp:term":[{"taxonomy":"product_brand","embeddable":true,"href":"https:\/\/italcaffe.it\/de\/wp-json\/wp\/v2\/product_brand?post=23083"},{"taxonomy":"product_cat","embeddable":true,"href":"https:\/\/italcaffe.it\/de\/wp-json\/wp\/v2\/product_cat?post=23083"},{"taxonomy":"product_tag","embeddable":true,"href":"https:\/\/italcaffe.it\/de\/wp-json\/wp\/v2\/product_tag?post=23083"}],"curies":[{"name":"wp","href":"https:\/\/api.w.org\/{rel}","templated":true}]}}