{"id":23090,"date":"2020-02-26T15:59:51","date_gmt":"2020-02-26T14:47:38","guid":{"rendered":"https:\/\/www.italcaffe.it\/product\/qualita-classica-4-x-250-gr\/"},"modified":"2024-07-02T11:03:38","modified_gmt":"2024-07-02T10:03:38","slug":"4-x-250-gr","status":"publish","type":"product","link":"https:\/\/italcaffe.it\/de\/shop\/gemahlener-kaffee\/moka\/4-x-250-gr\/","title":{"rendered":"Qualit\u00e0 Classica &#8211; ( 4 x 250 gr. )"},"content":{"rendered":"","protected":false},"excerpt":{"rendered":"<p>Der Kaffee dieser Mischung kommt aus den besten Tropenpflanzen. <\/p>\n<p>Er wird beruflich und sorgf\u00e4ltig gebrannt, um dem Getr\u00e4nk einen starken und feinen Geschmack und ein reiches und volles Aroma zu geben. <\/p>\n<p>Gemahlen ist er in 250 gr. Vakuumpackungen verf\u00fcgbar.<\/p>\n","protected":false},"featured_media":26846,"template":"","meta":{"_acf_changed":false},"product_brand":[],"product_cat":[288,289],"product_tag":[],"class_list":{"0":"post-23090","1":"product","2":"type-product","3":"status-publish","4":"has-post-thumbnail","6":"product_cat-gemahlener-kaffee","7":"product_cat-moka","9":"first","10":"instock","11":"taxable","12":"shipping-taxable","13":"purchasable","14":"product-type-simple"},"acf":[],"yoast_head":"<!-- This site is optimized with the Yoast SEO plugin v27.0 - https:\/\/yoast.com\/product\/yoast-seo-wordpress\/ -->\n<title>Qualit\u00e0 Classica - ( 4 x 250 gr. ) - Italcaff\u00e8<\/title>\n<meta name=\"robots\" content=\"index, follow, max-snippet:-1, max-image-preview:large, max-video-preview:-1\" \/>\n<link rel=\"canonical\" href=\"https:\/\/italcaffe.it\/de\/shop\/gemahlener-kaffee\/moka\/4-x-250-gr\/\" \/>\n<meta property=\"og:locale\" content=\"de_DE\" \/>\n<meta property=\"og:type\" content=\"article\" \/>\n<meta property=\"og:title\" content=\"Qualit\u00e0 Classica - ( 4 x 250 gr. ) - Italcaff\u00e8\" \/>\n<meta property=\"og:description\" content=\"Der Kaffee dieser Mischung kommt aus den besten Tropenpflanzen.  Er wird beruflich und sorgf\u00e4ltig gebrannt, um dem Getr\u00e4nk einen starken und feinen Geschmack und ein reiches und volles Aroma zu geben.  Gemahlen ist er in 250 gr. Vakuumpackungen verf\u00fcgbar.\" \/>\n<meta property=\"og:url\" content=\"https:\/\/italcaffe.it\/de\/shop\/gemahlener-kaffee\/moka\/4-x-250-gr\/\" \/>\n<meta property=\"og:site_name\" content=\"Italcaff\u00e8\" \/>\n<meta property=\"article:modified_time\" content=\"2024-07-02T10:03:38+00:00\" \/>\n<meta property=\"og:image\" content=\"https:\/\/italcaffe.it\/wp-content\/uploads\/2021\/02\/Classico250g-2022.jpg\" \/>\n\t<meta property=\"og:image:width\" content=\"825\" \/>\n\t<meta property=\"og:image:height\" content=\"1100\" \/>\n\t<meta property=\"og:image:type\" content=\"image\/png\" \/>\n<meta name=\"twitter:card\" content=\"summary_large_image\" \/>\n<script type=\"application\/ld+json\" class=\"yoast-schema-graph\">{\"@context\":\"https:\/\/schema.org\",\"@graph\":[{\"@type\":\"WebPage\",\"@id\":\"https:\/\/italcaffe.it\/de\/shop\/gemahlener-kaffee\/moka\/4-x-250-gr\/\",\"url\":\"https:\/\/italcaffe.it\/de\/shop\/gemahlener-kaffee\/moka\/4-x-250-gr\/\",\"name\":\"Qualit\u00e0 Classica - ( 4 x 250 gr. ) - Italcaff\u00e8\",\"isPartOf\":{\"@id\":\"https:\/\/italcaffe.it\/de\/#website\"},\"primaryImageOfPage\":{\"@id\":\"https:\/\/italcaffe.it\/de\/shop\/gemahlener-kaffee\/moka\/4-x-250-gr\/#primaryimage\"},\"image\":{\"@id\":\"https:\/\/italcaffe.it\/de\/shop\/gemahlener-kaffee\/moka\/4-x-250-gr\/#primaryimage\"},\"thumbnailUrl\":\"https:\/\/italcaffe.it\/wp-content\/uploads\/2021\/02\/Classico250g-2022.jpg\",\"datePublished\":\"2020-02-26T14:47:38+00:00\",\"dateModified\":\"2024-07-02T10:03:38+00:00\",\"breadcrumb\":{\"@id\":\"https:\/\/italcaffe.it\/de\/shop\/gemahlener-kaffee\/moka\/4-x-250-gr\/#breadcrumb\"},\"inLanguage\":\"de\",\"potentialAction\":[{\"@type\":\"ReadAction\",\"target\":[\"https:\/\/italcaffe.it\/de\/shop\/gemahlener-kaffee\/moka\/4-x-250-gr\/\"]}]},{\"@type\":\"ImageObject\",\"inLanguage\":\"de\",\"@id\":\"https:\/\/italcaffe.it\/de\/shop\/gemahlener-kaffee\/moka\/4-x-250-gr\/#primaryimage\",\"url\":\"https:\/\/italcaffe.it\/wp-content\/uploads\/2021\/02\/Classico250g-2022.jpg\",\"contentUrl\":\"https:\/\/italcaffe.it\/wp-content\/uploads\/2021\/02\/Classico250g-2022.jpg\",\"width\":825,\"height\":1100,\"caption\":\"Caff\u00e8 Macinato Classico Italcaff\u00e8 250g vero caff\u00e8 Italiano per Moka\"},{\"@type\":\"BreadcrumbList\",\"@id\":\"https:\/\/italcaffe.it\/de\/shop\/gemahlener-kaffee\/moka\/4-x-250-gr\/#breadcrumb\",\"itemListElement\":[{\"@type\":\"ListItem\",\"position\":1,\"name\":\"Home\",\"item\":\"https:\/\/italcaffe.it\/de\/\"},{\"@type\":\"ListItem\",\"position\":2,\"name\":\"Shop\",\"item\":\"https:\/\/italcaffe.it\/de\/shop\/\"},{\"@type\":\"ListItem\",\"position\":3,\"name\":\"Qualit\u00e0 Classica &#8211; ( 4 x 250 gr. )\"}]},{\"@type\":\"WebSite\",\"@id\":\"https:\/\/italcaffe.it\/de\/#website\",\"url\":\"https:\/\/italcaffe.it\/de\/\",\"name\":\"Italcaff\u00e8\",\"description\":\"50 Anni insieme\",\"potentialAction\":[{\"@type\":\"SearchAction\",\"target\":{\"@type\":\"EntryPoint\",\"urlTemplate\":\"https:\/\/italcaffe.it\/de\/?s={search_term_string}\"},\"query-input\":{\"@type\":\"PropertyValueSpecification\",\"valueRequired\":true,\"valueName\":\"search_term_string\"}}],\"inLanguage\":\"de\"}]}<\/script>\n<!-- \/ Yoast SEO plugin. -->","yoast_head_json":{"title":"Qualit\u00e0 Classica - ( 4 x 250 gr. ) - Italcaff\u00e8","robots":{"index":"index","follow":"follow","max-snippet":"max-snippet:-1","max-image-preview":"max-image-preview:large","max-video-preview":"max-video-preview:-1"},"canonical":"https:\/\/italcaffe.it\/de\/shop\/gemahlener-kaffee\/moka\/4-x-250-gr\/","og_locale":"de_DE","og_type":"article","og_title":"Qualit\u00e0 Classica - ( 4 x 250 gr. ) - Italcaff\u00e8","og_description":"Der Kaffee dieser Mischung kommt aus den besten Tropenpflanzen.  Er wird beruflich und sorgf\u00e4ltig gebrannt, um dem Getr\u00e4nk einen starken und feinen Geschmack und ein reiches und volles Aroma zu geben.  Gemahlen ist er in 250 gr. Vakuumpackungen verf\u00fcgbar.","og_url":"https:\/\/italcaffe.it\/de\/shop\/gemahlener-kaffee\/moka\/4-x-250-gr\/","og_site_name":"Italcaff\u00e8","article_modified_time":"2024-07-02T10:03:38+00:00","og_image":[{"width":825,"height":1100,"url":"https:\/\/italcaffe.it\/wp-content\/uploads\/2021\/02\/Classico250g-2022.jpg","type":"image\/png"}],"twitter_card":"summary_large_image","schema":{"@context":"https:\/\/schema.org","@graph":[{"@type":"WebPage","@id":"https:\/\/italcaffe.it\/de\/shop\/gemahlener-kaffee\/moka\/4-x-250-gr\/","url":"https:\/\/italcaffe.it\/de\/shop\/gemahlener-kaffee\/moka\/4-x-250-gr\/","name":"Qualit\u00e0 Classica - ( 4 x 250 gr. ) - Italcaff\u00e8","isPartOf":{"@id":"https:\/\/italcaffe.it\/de\/#website"},"primaryImageOfPage":{"@id":"https:\/\/italcaffe.it\/de\/shop\/gemahlener-kaffee\/moka\/4-x-250-gr\/#primaryimage"},"image":{"@id":"https:\/\/italcaffe.it\/de\/shop\/gemahlener-kaffee\/moka\/4-x-250-gr\/#primaryimage"},"thumbnailUrl":"https:\/\/italcaffe.it\/wp-content\/uploads\/2021\/02\/Classico250g-2022.jpg","datePublished":"2020-02-26T14:47:38+00:00","dateModified":"2024-07-02T10:03:38+00:00","breadcrumb":{"@id":"https:\/\/italcaffe.it\/de\/shop\/gemahlener-kaffee\/moka\/4-x-250-gr\/#breadcrumb"},"inLanguage":"de","potentialAction":[{"@type":"ReadAction","target":["https:\/\/italcaffe.it\/de\/shop\/gemahlener-kaffee\/moka\/4-x-250-gr\/"]}]},{"@type":"ImageObject","inLanguage":"de","@id":"https:\/\/italcaffe.it\/de\/shop\/gemahlener-kaffee\/moka\/4-x-250-gr\/#primaryimage","url":"https:\/\/italcaffe.it\/wp-content\/uploads\/2021\/02\/Classico250g-2022.jpg","contentUrl":"https:\/\/italcaffe.it\/wp-content\/uploads\/2021\/02\/Classico250g-2022.jpg","width":825,"height":1100,"caption":"Caff\u00e8 Macinato Classico Italcaff\u00e8 250g vero caff\u00e8 Italiano per Moka"},{"@type":"BreadcrumbList","@id":"https:\/\/italcaffe.it\/de\/shop\/gemahlener-kaffee\/moka\/4-x-250-gr\/#breadcrumb","itemListElement":[{"@type":"ListItem","position":1,"name":"Home","item":"https:\/\/italcaffe.it\/de\/"},{"@type":"ListItem","position":2,"name":"Shop","item":"https:\/\/italcaffe.it\/de\/shop\/"},{"@type":"ListItem","position":3,"name":"Qualit\u00e0 Classica &#8211; ( 4 x 250 gr. )"}]},{"@type":"WebSite","@id":"https:\/\/italcaffe.it\/de\/#website","url":"https:\/\/italcaffe.it\/de\/","name":"Italcaff\u00e8","description":"50 Anni insieme","potentialAction":[{"@type":"SearchAction","target":{"@type":"EntryPoint","urlTemplate":"https:\/\/italcaffe.it\/de\/?s={search_term_string}"},"query-input":{"@type":"PropertyValueSpecification","valueRequired":true,"valueName":"search_term_string"}}],"inLanguage":"de"}]}},"_links":{"self":[{"href":"https:\/\/italcaffe.it\/de\/wp-json\/wp\/v2\/product\/23090","targetHints":{"allow":["GET"]}}],"collection":[{"href":"https:\/\/italcaffe.it\/de\/wp-json\/wp\/v2\/product"}],"about":[{"href":"https:\/\/italcaffe.it\/de\/wp-json\/wp\/v2\/types\/product"}],"wp:featuredmedia":[{"embeddable":true,"href":"https:\/\/italcaffe.it\/de\/wp-json\/wp\/v2\/media\/26846"}],"wp:attachment":[{"href":"https:\/\/italcaffe.it\/de\/wp-json\/wp\/v2\/media?parent=23090"}],"wp:term":[{"taxonomy":"product_brand","embeddable":true,"href":"https:\/\/italcaffe.it\/de\/wp-json\/wp\/v2\/product_brand?post=23090"},{"taxonomy":"product_cat","embeddable":true,"href":"https:\/\/italcaffe.it\/de\/wp-json\/wp\/v2\/product_cat?post=23090"},{"taxonomy":"product_tag","embeddable":true,"href":"https:\/\/italcaffe.it\/de\/wp-json\/wp\/v2\/product_tag?post=23090"}],"curies":[{"name":"wp","href":"https:\/\/api.w.org\/{rel}","templated":true}]}}