{"id":23093,"date":"2020-02-26T15:59:51","date_gmt":"2020-02-26T14:47:38","guid":{"rendered":"https:\/\/www.italcaffe.it\/product\/crema-oro-12-x-250-gr\/"},"modified":"2020-02-26T15:47:40","modified_gmt":"2020-02-26T14:47:40","slug":"12-x-250-gr-creama-oro","status":"publish","type":"product","link":"https:\/\/italcaffe.it\/de\/shop\/gemahlener-kaffee\/moka\/12-x-250-gr-creama-oro\/","title":{"rendered":"Crema Oro &#8211; ( 12 x 250 gr. )"},"content":{"rendered":"","protected":false},"excerpt":{"rendered":"<p>Eine Mischung von wertvollen Kaffees der Arabica- und Robustaart, die sorgf\u00e4ltig ausgew\u00e4hlt und weise gebrannt werden, um Ihnen einen Cremekaffee und ein feines und voller Aroma anzubieten.<\/p>\n<p>Der Bahnenkaffee ist f\u00fcr die Bahrkaffeemaschinen sehr geeignet.<\/p>\n<p>Gemahlen ist er in 250 gr.- Vakuumpackungen oder in Bahnen in 500 gr. Packungen verf\u00fcgbar.<\/p>\n","protected":false},"featured_media":26850,"template":"","meta":{"_acf_changed":false},"product_brand":[],"product_cat":[288,289],"product_tag":[],"class_list":{"0":"post-23093","1":"product","2":"type-product","3":"status-publish","4":"has-post-thumbnail","6":"product_cat-gemahlener-kaffee","7":"product_cat-moka","9":"first","10":"instock","11":"taxable","12":"shipping-taxable","13":"purchasable","14":"product-type-simple"},"acf":[],"yoast_head":"<!-- This site is optimized with the Yoast SEO plugin v27.0 - https:\/\/yoast.com\/product\/yoast-seo-wordpress\/ -->\n<title>Crema Oro - ( 12 x 250 gr. ) - Italcaff\u00e8<\/title>\n<meta name=\"robots\" content=\"index, follow, max-snippet:-1, max-image-preview:large, max-video-preview:-1\" \/>\n<link rel=\"canonical\" href=\"https:\/\/italcaffe.it\/de\/shop\/gemahlener-kaffee\/moka\/12-x-250-gr-creama-oro\/\" \/>\n<meta property=\"og:locale\" content=\"de_DE\" \/>\n<meta property=\"og:type\" content=\"article\" \/>\n<meta property=\"og:title\" content=\"Crema Oro - ( 12 x 250 gr. ) - Italcaff\u00e8\" \/>\n<meta property=\"og:description\" content=\"Eine Mischung von wertvollen Kaffees der Arabica- und Robustaart, die sorgf\u00e4ltig ausgew\u00e4hlt und weise gebrannt werden, um Ihnen einen Cremekaffee und ein feines und voller Aroma anzubieten. Der Bahnenkaffee ist f\u00fcr die Bahrkaffeemaschinen sehr geeignet. Gemahlen ist er in 250 gr.- Vakuumpackungen oder in Bahnen in 500 gr. Packungen verf\u00fcgbar.\" \/>\n<meta property=\"og:url\" content=\"https:\/\/italcaffe.it\/de\/shop\/gemahlener-kaffee\/moka\/12-x-250-gr-creama-oro\/\" \/>\n<meta property=\"og:site_name\" content=\"Italcaff\u00e8\" \/>\n<meta property=\"article:modified_time\" content=\"2020-02-26T14:47:40+00:00\" \/>\n<meta property=\"og:image\" content=\"https:\/\/italcaffe.it\/wp-content\/uploads\/2021\/02\/italcaffe_macinato_crema_oro.png\" \/>\n\t<meta property=\"og:image:width\" content=\"825\" \/>\n\t<meta property=\"og:image:height\" content=\"1100\" \/>\n\t<meta property=\"og:image:type\" content=\"image\/png\" \/>\n<meta name=\"twitter:card\" content=\"summary_large_image\" \/>\n<script type=\"application\/ld+json\" class=\"yoast-schema-graph\">{\"@context\":\"https:\/\/schema.org\",\"@graph\":[{\"@type\":\"WebPage\",\"@id\":\"https:\/\/italcaffe.it\/de\/shop\/gemahlener-kaffee\/moka\/12-x-250-gr-creama-oro\/\",\"url\":\"https:\/\/italcaffe.it\/de\/shop\/gemahlener-kaffee\/moka\/12-x-250-gr-creama-oro\/\",\"name\":\"Crema Oro - ( 12 x 250 gr. ) - Italcaff\u00e8\",\"isPartOf\":{\"@id\":\"https:\/\/italcaffe.it\/de\/#website\"},\"primaryImageOfPage\":{\"@id\":\"https:\/\/italcaffe.it\/de\/shop\/gemahlener-kaffee\/moka\/12-x-250-gr-creama-oro\/#primaryimage\"},\"image\":{\"@id\":\"https:\/\/italcaffe.it\/de\/shop\/gemahlener-kaffee\/moka\/12-x-250-gr-creama-oro\/#primaryimage\"},\"thumbnailUrl\":\"https:\/\/italcaffe.it\/wp-content\/uploads\/2021\/02\/italcaffe_macinato_crema_oro.png\",\"datePublished\":\"2020-02-26T14:47:38+00:00\",\"dateModified\":\"2020-02-26T14:47:40+00:00\",\"breadcrumb\":{\"@id\":\"https:\/\/italcaffe.it\/de\/shop\/gemahlener-kaffee\/moka\/12-x-250-gr-creama-oro\/#breadcrumb\"},\"inLanguage\":\"de\",\"potentialAction\":[{\"@type\":\"ReadAction\",\"target\":[\"https:\/\/italcaffe.it\/de\/shop\/gemahlener-kaffee\/moka\/12-x-250-gr-creama-oro\/\"]}]},{\"@type\":\"ImageObject\",\"inLanguage\":\"de\",\"@id\":\"https:\/\/italcaffe.it\/de\/shop\/gemahlener-kaffee\/moka\/12-x-250-gr-creama-oro\/#primaryimage\",\"url\":\"https:\/\/italcaffe.it\/wp-content\/uploads\/2021\/02\/italcaffe_macinato_crema_oro.png\",\"contentUrl\":\"https:\/\/italcaffe.it\/wp-content\/uploads\/2021\/02\/italcaffe_macinato_crema_oro.png\",\"width\":825,\"height\":1100,\"caption\":\"Caff\u00e8 Macinato Crema Oro Italcaff\u00e8 250g macinatura per Moka\"},{\"@type\":\"BreadcrumbList\",\"@id\":\"https:\/\/italcaffe.it\/de\/shop\/gemahlener-kaffee\/moka\/12-x-250-gr-creama-oro\/#breadcrumb\",\"itemListElement\":[{\"@type\":\"ListItem\",\"position\":1,\"name\":\"Home\",\"item\":\"https:\/\/italcaffe.it\/de\/\"},{\"@type\":\"ListItem\",\"position\":2,\"name\":\"Shop\",\"item\":\"https:\/\/italcaffe.it\/de\/shop\/\"},{\"@type\":\"ListItem\",\"position\":3,\"name\":\"Crema Oro &#8211; ( 12 x 250 gr. )\"}]},{\"@type\":\"WebSite\",\"@id\":\"https:\/\/italcaffe.it\/de\/#website\",\"url\":\"https:\/\/italcaffe.it\/de\/\",\"name\":\"Italcaff\u00e8\",\"description\":\"50 Anni insieme\",\"potentialAction\":[{\"@type\":\"SearchAction\",\"target\":{\"@type\":\"EntryPoint\",\"urlTemplate\":\"https:\/\/italcaffe.it\/de\/?s={search_term_string}\"},\"query-input\":{\"@type\":\"PropertyValueSpecification\",\"valueRequired\":true,\"valueName\":\"search_term_string\"}}],\"inLanguage\":\"de\"}]}<\/script>\n<!-- \/ Yoast SEO plugin. -->","yoast_head_json":{"title":"Crema Oro - ( 12 x 250 gr. ) - Italcaff\u00e8","robots":{"index":"index","follow":"follow","max-snippet":"max-snippet:-1","max-image-preview":"max-image-preview:large","max-video-preview":"max-video-preview:-1"},"canonical":"https:\/\/italcaffe.it\/de\/shop\/gemahlener-kaffee\/moka\/12-x-250-gr-creama-oro\/","og_locale":"de_DE","og_type":"article","og_title":"Crema Oro - ( 12 x 250 gr. ) - Italcaff\u00e8","og_description":"Eine Mischung von wertvollen Kaffees der Arabica- und Robustaart, die sorgf\u00e4ltig ausgew\u00e4hlt und weise gebrannt werden, um Ihnen einen Cremekaffee und ein feines und voller Aroma anzubieten. Der Bahnenkaffee ist f\u00fcr die Bahrkaffeemaschinen sehr geeignet. Gemahlen ist er in 250 gr.- Vakuumpackungen oder in Bahnen in 500 gr. Packungen verf\u00fcgbar.","og_url":"https:\/\/italcaffe.it\/de\/shop\/gemahlener-kaffee\/moka\/12-x-250-gr-creama-oro\/","og_site_name":"Italcaff\u00e8","article_modified_time":"2020-02-26T14:47:40+00:00","og_image":[{"width":825,"height":1100,"url":"https:\/\/italcaffe.it\/wp-content\/uploads\/2021\/02\/italcaffe_macinato_crema_oro.png","type":"image\/png"}],"twitter_card":"summary_large_image","schema":{"@context":"https:\/\/schema.org","@graph":[{"@type":"WebPage","@id":"https:\/\/italcaffe.it\/de\/shop\/gemahlener-kaffee\/moka\/12-x-250-gr-creama-oro\/","url":"https:\/\/italcaffe.it\/de\/shop\/gemahlener-kaffee\/moka\/12-x-250-gr-creama-oro\/","name":"Crema Oro - ( 12 x 250 gr. ) - Italcaff\u00e8","isPartOf":{"@id":"https:\/\/italcaffe.it\/de\/#website"},"primaryImageOfPage":{"@id":"https:\/\/italcaffe.it\/de\/shop\/gemahlener-kaffee\/moka\/12-x-250-gr-creama-oro\/#primaryimage"},"image":{"@id":"https:\/\/italcaffe.it\/de\/shop\/gemahlener-kaffee\/moka\/12-x-250-gr-creama-oro\/#primaryimage"},"thumbnailUrl":"https:\/\/italcaffe.it\/wp-content\/uploads\/2021\/02\/italcaffe_macinato_crema_oro.png","datePublished":"2020-02-26T14:47:38+00:00","dateModified":"2020-02-26T14:47:40+00:00","breadcrumb":{"@id":"https:\/\/italcaffe.it\/de\/shop\/gemahlener-kaffee\/moka\/12-x-250-gr-creama-oro\/#breadcrumb"},"inLanguage":"de","potentialAction":[{"@type":"ReadAction","target":["https:\/\/italcaffe.it\/de\/shop\/gemahlener-kaffee\/moka\/12-x-250-gr-creama-oro\/"]}]},{"@type":"ImageObject","inLanguage":"de","@id":"https:\/\/italcaffe.it\/de\/shop\/gemahlener-kaffee\/moka\/12-x-250-gr-creama-oro\/#primaryimage","url":"https:\/\/italcaffe.it\/wp-content\/uploads\/2021\/02\/italcaffe_macinato_crema_oro.png","contentUrl":"https:\/\/italcaffe.it\/wp-content\/uploads\/2021\/02\/italcaffe_macinato_crema_oro.png","width":825,"height":1100,"caption":"Caff\u00e8 Macinato Crema Oro Italcaff\u00e8 250g macinatura per Moka"},{"@type":"BreadcrumbList","@id":"https:\/\/italcaffe.it\/de\/shop\/gemahlener-kaffee\/moka\/12-x-250-gr-creama-oro\/#breadcrumb","itemListElement":[{"@type":"ListItem","position":1,"name":"Home","item":"https:\/\/italcaffe.it\/de\/"},{"@type":"ListItem","position":2,"name":"Shop","item":"https:\/\/italcaffe.it\/de\/shop\/"},{"@type":"ListItem","position":3,"name":"Crema Oro &#8211; ( 12 x 250 gr. )"}]},{"@type":"WebSite","@id":"https:\/\/italcaffe.it\/de\/#website","url":"https:\/\/italcaffe.it\/de\/","name":"Italcaff\u00e8","description":"50 Anni insieme","potentialAction":[{"@type":"SearchAction","target":{"@type":"EntryPoint","urlTemplate":"https:\/\/italcaffe.it\/de\/?s={search_term_string}"},"query-input":{"@type":"PropertyValueSpecification","valueRequired":true,"valueName":"search_term_string"}}],"inLanguage":"de"}]}},"_links":{"self":[{"href":"https:\/\/italcaffe.it\/de\/wp-json\/wp\/v2\/product\/23093","targetHints":{"allow":["GET"]}}],"collection":[{"href":"https:\/\/italcaffe.it\/de\/wp-json\/wp\/v2\/product"}],"about":[{"href":"https:\/\/italcaffe.it\/de\/wp-json\/wp\/v2\/types\/product"}],"wp:featuredmedia":[{"embeddable":true,"href":"https:\/\/italcaffe.it\/de\/wp-json\/wp\/v2\/media\/26850"}],"wp:attachment":[{"href":"https:\/\/italcaffe.it\/de\/wp-json\/wp\/v2\/media?parent=23093"}],"wp:term":[{"taxonomy":"product_brand","embeddable":true,"href":"https:\/\/italcaffe.it\/de\/wp-json\/wp\/v2\/product_brand?post=23093"},{"taxonomy":"product_cat","embeddable":true,"href":"https:\/\/italcaffe.it\/de\/wp-json\/wp\/v2\/product_cat?post=23093"},{"taxonomy":"product_tag","embeddable":true,"href":"https:\/\/italcaffe.it\/de\/wp-json\/wp\/v2\/product_tag?post=23093"}],"curies":[{"name":"wp","href":"https:\/\/api.w.org\/{rel}","templated":true}]}}