{"id":23099,"date":"2020-02-26T15:59:51","date_gmt":"2020-02-26T14:47:38","guid":{"rendered":"https:\/\/www.italcaffe.it\/product\/kaffee-moka-gemahlen-italcaffe-100-arabica-4x250g\/"},"modified":"2022-12-31T18:35:29","modified_gmt":"2022-12-31T17:35:29","slug":"100-arabica","status":"publish","type":"product","link":"https:\/\/italcaffe.it\/de\/shop\/gemahlener-kaffee\/moka\/100-arabica\/","title":{"rendered":"Kaffee Moka gemahlen Italcaff\u00e8 100% Arabica 250g"},"content":{"rendered":"","protected":false},"excerpt":{"rendered":"<p>Das ist das Ergebniss einer weisen Auswahl der besten Arabicaarten, bekannt f\u00fcr seinen niedrigen Koffeininhalt. Sein reiches und volles Aroma l\u00e4\u00dft inh ein Kennerkaffee werden. Gemahlen ist er in 250 gr.-Vakuumpackungen verf\u00fcgbar.<\/p>\n","protected":false},"featured_media":29055,"template":"","meta":{"_acf_changed":false},"product_brand":[],"product_cat":[288,289,295],"product_tag":[],"class_list":{"0":"post-23099","1":"product","2":"type-product","3":"status-publish","4":"has-post-thumbnail","6":"product_cat-gemahlener-kaffee","7":"product_cat-moka","8":"product_cat-espresso-gemahlener-kaffee","10":"first","11":"instock","12":"taxable","13":"shipping-taxable","14":"product-type-grouped"},"acf":[],"yoast_head":"<!-- This site is optimized with the Yoast SEO plugin v27.0 - https:\/\/yoast.com\/product\/yoast-seo-wordpress\/ -->\n<title>Kaffee Moka gemahlen Italcaff\u00e8 100% Arabica 250g - Italcaff\u00e8<\/title>\n<meta name=\"robots\" content=\"index, follow, max-snippet:-1, max-image-preview:large, max-video-preview:-1\" \/>\n<link rel=\"canonical\" href=\"https:\/\/italcaffe.it\/de\/shop\/gemahlener-kaffee\/moka\/100-arabica\/\" \/>\n<meta property=\"og:locale\" content=\"de_DE\" \/>\n<meta property=\"og:type\" content=\"article\" \/>\n<meta property=\"og:title\" content=\"Kaffee Moka gemahlen Italcaff\u00e8 100% Arabica 250g - Italcaff\u00e8\" \/>\n<meta property=\"og:description\" content=\"Das ist das Ergebniss einer weisen Auswahl der besten Arabicaarten, bekannt f\u00fcr seinen niedrigen Koffeininhalt. Sein reiches und volles Aroma l\u00e4\u00dft inh ein Kennerkaffee werden. Gemahlen ist er in 250 gr.-Vakuumpackungen verf\u00fcgbar.\" \/>\n<meta property=\"og:url\" content=\"https:\/\/italcaffe.it\/de\/shop\/gemahlener-kaffee\/moka\/100-arabica\/\" \/>\n<meta property=\"og:site_name\" content=\"Italcaff\u00e8\" \/>\n<meta property=\"article:modified_time\" content=\"2022-12-31T17:35:29+00:00\" \/>\n<meta property=\"og:image\" content=\"https:\/\/italcaffe.it\/wp-content\/uploads\/2020\/02\/Arabica250g-2022.jpg\" \/>\n\t<meta property=\"og:image:width\" content=\"825\" \/>\n\t<meta property=\"og:image:height\" content=\"1100\" \/>\n\t<meta property=\"og:image:type\" content=\"image\/jpeg\" \/>\n<meta name=\"twitter:card\" content=\"summary_large_image\" \/>\n<script type=\"application\/ld+json\" class=\"yoast-schema-graph\">{\"@context\":\"https:\/\/schema.org\",\"@graph\":[{\"@type\":\"WebPage\",\"@id\":\"https:\/\/italcaffe.it\/de\/shop\/gemahlener-kaffee\/moka\/100-arabica\/\",\"url\":\"https:\/\/italcaffe.it\/de\/shop\/gemahlener-kaffee\/moka\/100-arabica\/\",\"name\":\"Kaffee Moka gemahlen Italcaff\u00e8 100% Arabica 250g - Italcaff\u00e8\",\"isPartOf\":{\"@id\":\"https:\/\/italcaffe.it\/de\/#website\"},\"primaryImageOfPage\":{\"@id\":\"https:\/\/italcaffe.it\/de\/shop\/gemahlener-kaffee\/moka\/100-arabica\/#primaryimage\"},\"image\":{\"@id\":\"https:\/\/italcaffe.it\/de\/shop\/gemahlener-kaffee\/moka\/100-arabica\/#primaryimage\"},\"thumbnailUrl\":\"https:\/\/italcaffe.it\/wp-content\/uploads\/2020\/02\/Arabica250g-2022.jpg\",\"datePublished\":\"2020-02-26T14:47:38+00:00\",\"dateModified\":\"2022-12-31T17:35:29+00:00\",\"breadcrumb\":{\"@id\":\"https:\/\/italcaffe.it\/de\/shop\/gemahlener-kaffee\/moka\/100-arabica\/#breadcrumb\"},\"inLanguage\":\"de\",\"potentialAction\":[{\"@type\":\"ReadAction\",\"target\":[\"https:\/\/italcaffe.it\/de\/shop\/gemahlener-kaffee\/moka\/100-arabica\/\"]}]},{\"@type\":\"ImageObject\",\"inLanguage\":\"de\",\"@id\":\"https:\/\/italcaffe.it\/de\/shop\/gemahlener-kaffee\/moka\/100-arabica\/#primaryimage\",\"url\":\"https:\/\/italcaffe.it\/wp-content\/uploads\/2020\/02\/Arabica250g-2022.jpg\",\"contentUrl\":\"https:\/\/italcaffe.it\/wp-content\/uploads\/2020\/02\/Arabica250g-2022.jpg\",\"width\":825,\"height\":1100,\"caption\":\"Caff\u00e8 macinato 100% arabica Italcaff\u00e8 per moka e per espresso\"},{\"@type\":\"BreadcrumbList\",\"@id\":\"https:\/\/italcaffe.it\/de\/shop\/gemahlener-kaffee\/moka\/100-arabica\/#breadcrumb\",\"itemListElement\":[{\"@type\":\"ListItem\",\"position\":1,\"name\":\"Home\",\"item\":\"https:\/\/italcaffe.it\/de\/\"},{\"@type\":\"ListItem\",\"position\":2,\"name\":\"Shop\",\"item\":\"https:\/\/italcaffe.it\/de\/shop\/\"},{\"@type\":\"ListItem\",\"position\":3,\"name\":\"Kaffee Moka gemahlen Italcaff\u00e8 100% Arabica 250g\"}]},{\"@type\":\"WebSite\",\"@id\":\"https:\/\/italcaffe.it\/de\/#website\",\"url\":\"https:\/\/italcaffe.it\/de\/\",\"name\":\"Italcaff\u00e8\",\"description\":\"50 Anni insieme\",\"potentialAction\":[{\"@type\":\"SearchAction\",\"target\":{\"@type\":\"EntryPoint\",\"urlTemplate\":\"https:\/\/italcaffe.it\/de\/?s={search_term_string}\"},\"query-input\":{\"@type\":\"PropertyValueSpecification\",\"valueRequired\":true,\"valueName\":\"search_term_string\"}}],\"inLanguage\":\"de\"}]}<\/script>\n<!-- \/ Yoast SEO plugin. -->","yoast_head_json":{"title":"Kaffee Moka gemahlen Italcaff\u00e8 100% Arabica 250g - Italcaff\u00e8","robots":{"index":"index","follow":"follow","max-snippet":"max-snippet:-1","max-image-preview":"max-image-preview:large","max-video-preview":"max-video-preview:-1"},"canonical":"https:\/\/italcaffe.it\/de\/shop\/gemahlener-kaffee\/moka\/100-arabica\/","og_locale":"de_DE","og_type":"article","og_title":"Kaffee Moka gemahlen Italcaff\u00e8 100% Arabica 250g - Italcaff\u00e8","og_description":"Das ist das Ergebniss einer weisen Auswahl der besten Arabicaarten, bekannt f\u00fcr seinen niedrigen Koffeininhalt. Sein reiches und volles Aroma l\u00e4\u00dft inh ein Kennerkaffee werden. Gemahlen ist er in 250 gr.-Vakuumpackungen verf\u00fcgbar.","og_url":"https:\/\/italcaffe.it\/de\/shop\/gemahlener-kaffee\/moka\/100-arabica\/","og_site_name":"Italcaff\u00e8","article_modified_time":"2022-12-31T17:35:29+00:00","og_image":[{"width":825,"height":1100,"url":"https:\/\/italcaffe.it\/wp-content\/uploads\/2020\/02\/Arabica250g-2022.jpg","type":"image\/jpeg"}],"twitter_card":"summary_large_image","schema":{"@context":"https:\/\/schema.org","@graph":[{"@type":"WebPage","@id":"https:\/\/italcaffe.it\/de\/shop\/gemahlener-kaffee\/moka\/100-arabica\/","url":"https:\/\/italcaffe.it\/de\/shop\/gemahlener-kaffee\/moka\/100-arabica\/","name":"Kaffee Moka gemahlen Italcaff\u00e8 100% Arabica 250g - Italcaff\u00e8","isPartOf":{"@id":"https:\/\/italcaffe.it\/de\/#website"},"primaryImageOfPage":{"@id":"https:\/\/italcaffe.it\/de\/shop\/gemahlener-kaffee\/moka\/100-arabica\/#primaryimage"},"image":{"@id":"https:\/\/italcaffe.it\/de\/shop\/gemahlener-kaffee\/moka\/100-arabica\/#primaryimage"},"thumbnailUrl":"https:\/\/italcaffe.it\/wp-content\/uploads\/2020\/02\/Arabica250g-2022.jpg","datePublished":"2020-02-26T14:47:38+00:00","dateModified":"2022-12-31T17:35:29+00:00","breadcrumb":{"@id":"https:\/\/italcaffe.it\/de\/shop\/gemahlener-kaffee\/moka\/100-arabica\/#breadcrumb"},"inLanguage":"de","potentialAction":[{"@type":"ReadAction","target":["https:\/\/italcaffe.it\/de\/shop\/gemahlener-kaffee\/moka\/100-arabica\/"]}]},{"@type":"ImageObject","inLanguage":"de","@id":"https:\/\/italcaffe.it\/de\/shop\/gemahlener-kaffee\/moka\/100-arabica\/#primaryimage","url":"https:\/\/italcaffe.it\/wp-content\/uploads\/2020\/02\/Arabica250g-2022.jpg","contentUrl":"https:\/\/italcaffe.it\/wp-content\/uploads\/2020\/02\/Arabica250g-2022.jpg","width":825,"height":1100,"caption":"Caff\u00e8 macinato 100% arabica Italcaff\u00e8 per moka e per espresso"},{"@type":"BreadcrumbList","@id":"https:\/\/italcaffe.it\/de\/shop\/gemahlener-kaffee\/moka\/100-arabica\/#breadcrumb","itemListElement":[{"@type":"ListItem","position":1,"name":"Home","item":"https:\/\/italcaffe.it\/de\/"},{"@type":"ListItem","position":2,"name":"Shop","item":"https:\/\/italcaffe.it\/de\/shop\/"},{"@type":"ListItem","position":3,"name":"Kaffee Moka gemahlen Italcaff\u00e8 100% Arabica 250g"}]},{"@type":"WebSite","@id":"https:\/\/italcaffe.it\/de\/#website","url":"https:\/\/italcaffe.it\/de\/","name":"Italcaff\u00e8","description":"50 Anni insieme","potentialAction":[{"@type":"SearchAction","target":{"@type":"EntryPoint","urlTemplate":"https:\/\/italcaffe.it\/de\/?s={search_term_string}"},"query-input":{"@type":"PropertyValueSpecification","valueRequired":true,"valueName":"search_term_string"}}],"inLanguage":"de"}]}},"_links":{"self":[{"href":"https:\/\/italcaffe.it\/de\/wp-json\/wp\/v2\/product\/23099","targetHints":{"allow":["GET"]}}],"collection":[{"href":"https:\/\/italcaffe.it\/de\/wp-json\/wp\/v2\/product"}],"about":[{"href":"https:\/\/italcaffe.it\/de\/wp-json\/wp\/v2\/types\/product"}],"wp:featuredmedia":[{"embeddable":true,"href":"https:\/\/italcaffe.it\/de\/wp-json\/wp\/v2\/media\/29055"}],"wp:attachment":[{"href":"https:\/\/italcaffe.it\/de\/wp-json\/wp\/v2\/media?parent=23099"}],"wp:term":[{"taxonomy":"product_brand","embeddable":true,"href":"https:\/\/italcaffe.it\/de\/wp-json\/wp\/v2\/product_brand?post=23099"},{"taxonomy":"product_cat","embeddable":true,"href":"https:\/\/italcaffe.it\/de\/wp-json\/wp\/v2\/product_cat?post=23099"},{"taxonomy":"product_tag","embeddable":true,"href":"https:\/\/italcaffe.it\/de\/wp-json\/wp\/v2\/product_tag?post=23099"}],"curies":[{"name":"wp","href":"https:\/\/api.w.org\/{rel}","templated":true}]}}