{"id":23119,"date":"2020-02-26T15:59:59","date_gmt":"2020-02-26T14:47:43","guid":{"rendered":"https:\/\/www.italcaffe.it\/product\/nespresso-kompatible-kapseln-espresso-arabica-guatemala-italcaffe-100-stk\/"},"modified":"2020-02-26T15:47:47","modified_gmt":"2020-02-26T14:47:47","slug":"espresso-arabica-guatemala-italcaffe-kapseln","status":"publish","type":"product","link":"https:\/\/italcaffe.it\/de\/shop\/kaffeekapseln\/nespresso-kompatible\/espresso-arabica-guatemala-italcaffe-kapseln\/","title":{"rendered":"Nespresso Kompatible Kapseln Espresso Arabica Guatemala Italcaff\u00e8 100 Stk"},"content":{"rendered":"","protected":false},"excerpt":{"rendered":"<p style=\"text-align: justify;\"><span style=\"font-family: arial, helvetica, sans-serif; font-size: small;\">Italienisch Espresso Hergestellt mit Kaffee 100% Arabica aus Guatemala. Nespresso\u00ae Kompatible Kaffeekapseln. Kaffee mit gutem K\u00f6rper. Mittlere S\u00e4uregehalt mit Aromen von kandierten Zitrusfr\u00fcchten. Kapseln kompatibel mit den Maschinen der Marke Nespresso\u00ae f\u00fcr den privaten Gebrauch.Italcaff\u00e8 produziert Kaffee-Mischungen f\u00fcr Espresso und Kaffees von h\u00f6chster Qualit\u00e4t. F\u00fcr dieses Produkt w\u00e4hlen wir nur die beste Guatemalischer Kaffee. Einzeldosis-Kapseln in einer Schutzatmosph\u00e4re verpackt, um das Aroma und die Frische des Kaffees zu bewahren.\u00a0Karton mit 10 K\u00e4sten x 10 Espresso Guatemala Kapseln. Einzeldosis-Kapseln in einer Schutzatmosph\u00e4re verpackt, um das Aroma und die Frische des Kaffees zu bewahren.\u00a0*Das Markenzeichen Nespresso\u00ae ist nicht im Besitz der Italcaffe SpA oder anderen dieser Firma angeschlossenen Gesellschaften.<\/span><\/p>\n","protected":false},"featured_media":28529,"template":"","meta":{"_acf_changed":false},"product_brand":[],"product_cat":[285,287],"product_tag":[],"class_list":{"0":"post-23119","1":"product","2":"type-product","3":"status-publish","4":"has-post-thumbnail","6":"product_cat-kaffeekapseln","7":"product_cat-nespresso-kompatible","9":"first","10":"instock","11":"sale","12":"taxable","13":"shipping-taxable","14":"product-type-grouped"},"acf":[],"yoast_head":"<!-- This site is optimized with the Yoast SEO plugin v27.0 - https:\/\/yoast.com\/product\/yoast-seo-wordpress\/ -->\n<title>Nespresso Kompatible Kapseln Espresso Arabica Guatemala Italcaff\u00e8 100 Stk - Italcaff\u00e8<\/title>\n<meta name=\"robots\" content=\"index, follow, max-snippet:-1, max-image-preview:large, max-video-preview:-1\" \/>\n<link rel=\"canonical\" href=\"https:\/\/italcaffe.it\/de\/shop\/kaffeekapseln\/nespresso-kompatible\/espresso-arabica-guatemala-italcaffe-kapseln\/\" \/>\n<meta property=\"og:locale\" content=\"de_DE\" \/>\n<meta property=\"og:type\" content=\"article\" \/>\n<meta property=\"og:title\" content=\"Nespresso Kompatible Kapseln Espresso Arabica Guatemala Italcaff\u00e8 100 Stk - Italcaff\u00e8\" \/>\n<meta property=\"og:description\" content=\"Italienisch Espresso Hergestellt mit Kaffee 100% Arabica aus Guatemala. Nespresso\u00ae Kompatible Kaffeekapseln. Kaffee mit gutem K\u00f6rper. Mittlere S\u00e4uregehalt mit Aromen von kandierten Zitrusfr\u00fcchten. Kapseln kompatibel mit den Maschinen der Marke Nespresso\u00ae f\u00fcr den privaten Gebrauch.Italcaff\u00e8 produziert Kaffee-Mischungen f\u00fcr Espresso und Kaffees von h\u00f6chster Qualit\u00e4t. F\u00fcr dieses Produkt w\u00e4hlen wir nur die beste Guatemalischer Kaffee. Einzeldosis-Kapseln in einer Schutzatmosph\u00e4re verpackt, um das Aroma und die Frische des Kaffees zu bewahren.\u00a0Karton mit 10 K\u00e4sten x 10 Espresso Guatemala Kapseln. Einzeldosis-Kapseln in einer Schutzatmosph\u00e4re verpackt, um das Aroma und die Frische des Kaffees zu bewahren.\u00a0*Das Markenzeichen Nespresso\u00ae ist nicht im Besitz der Italcaffe SpA oder anderen dieser Firma angeschlossenen Gesellschaften.\" \/>\n<meta property=\"og:url\" content=\"https:\/\/italcaffe.it\/de\/shop\/kaffeekapseln\/nespresso-kompatible\/espresso-arabica-guatemala-italcaffe-kapseln\/\" \/>\n<meta property=\"og:site_name\" content=\"Italcaff\u00e8\" \/>\n<meta property=\"article:modified_time\" content=\"2020-02-26T14:47:47+00:00\" \/>\n<meta property=\"og:image\" content=\"https:\/\/italcaffe.it\/wp-content\/uploads\/2021\/12\/Fronte-Guatemala.jpg\" \/>\n\t<meta property=\"og:image:width\" content=\"825\" \/>\n\t<meta property=\"og:image:height\" content=\"1000\" \/>\n\t<meta property=\"og:image:type\" content=\"image\/jpeg\" \/>\n<meta name=\"twitter:card\" content=\"summary_large_image\" \/>\n<script type=\"application\/ld+json\" class=\"yoast-schema-graph\">{\"@context\":\"https:\/\/schema.org\",\"@graph\":[{\"@type\":\"WebPage\",\"@id\":\"https:\/\/italcaffe.it\/de\/shop\/kaffeekapseln\/nespresso-kompatible\/espresso-arabica-guatemala-italcaffe-kapseln\/\",\"url\":\"https:\/\/italcaffe.it\/de\/shop\/kaffeekapseln\/nespresso-kompatible\/espresso-arabica-guatemala-italcaffe-kapseln\/\",\"name\":\"Nespresso Kompatible Kapseln Espresso Arabica Guatemala Italcaff\u00e8 100 Stk - Italcaff\u00e8\",\"isPartOf\":{\"@id\":\"https:\/\/italcaffe.it\/de\/#website\"},\"primaryImageOfPage\":{\"@id\":\"https:\/\/italcaffe.it\/de\/shop\/kaffeekapseln\/nespresso-kompatible\/espresso-arabica-guatemala-italcaffe-kapseln\/#primaryimage\"},\"image\":{\"@id\":\"https:\/\/italcaffe.it\/de\/shop\/kaffeekapseln\/nespresso-kompatible\/espresso-arabica-guatemala-italcaffe-kapseln\/#primaryimage\"},\"thumbnailUrl\":\"https:\/\/italcaffe.it\/wp-content\/uploads\/2021\/12\/Fronte-Guatemala.jpg\",\"datePublished\":\"2020-02-26T14:47:43+00:00\",\"dateModified\":\"2020-02-26T14:47:47+00:00\",\"breadcrumb\":{\"@id\":\"https:\/\/italcaffe.it\/de\/shop\/kaffeekapseln\/nespresso-kompatible\/espresso-arabica-guatemala-italcaffe-kapseln\/#breadcrumb\"},\"inLanguage\":\"de\",\"potentialAction\":[{\"@type\":\"ReadAction\",\"target\":[\"https:\/\/italcaffe.it\/de\/shop\/kaffeekapseln\/nespresso-kompatible\/espresso-arabica-guatemala-italcaffe-kapseln\/\"]}]},{\"@type\":\"ImageObject\",\"inLanguage\":\"de\",\"@id\":\"https:\/\/italcaffe.it\/de\/shop\/kaffeekapseln\/nespresso-kompatible\/espresso-arabica-guatemala-italcaffe-kapseln\/#primaryimage\",\"url\":\"https:\/\/italcaffe.it\/wp-content\/uploads\/2021\/12\/Fronte-Guatemala.jpg\",\"contentUrl\":\"https:\/\/italcaffe.it\/wp-content\/uploads\/2021\/12\/Fronte-Guatemala.jpg\",\"width\":825,\"height\":1000,\"caption\":\"Capsule caff\u00e8 espresso Guatemala Italcaff\u00e8 compatbili Nespresso Aluminium\"},{\"@type\":\"BreadcrumbList\",\"@id\":\"https:\/\/italcaffe.it\/de\/shop\/kaffeekapseln\/nespresso-kompatible\/espresso-arabica-guatemala-italcaffe-kapseln\/#breadcrumb\",\"itemListElement\":[{\"@type\":\"ListItem\",\"position\":1,\"name\":\"Home\",\"item\":\"https:\/\/italcaffe.it\/de\/\"},{\"@type\":\"ListItem\",\"position\":2,\"name\":\"Shop\",\"item\":\"https:\/\/italcaffe.it\/de\/shop\/\"},{\"@type\":\"ListItem\",\"position\":3,\"name\":\"Nespresso Kompatible Kapseln Espresso Arabica Guatemala Italcaff\u00e8 100 Stk\"}]},{\"@type\":\"WebSite\",\"@id\":\"https:\/\/italcaffe.it\/de\/#website\",\"url\":\"https:\/\/italcaffe.it\/de\/\",\"name\":\"Italcaff\u00e8\",\"description\":\"50 Anni insieme\",\"potentialAction\":[{\"@type\":\"SearchAction\",\"target\":{\"@type\":\"EntryPoint\",\"urlTemplate\":\"https:\/\/italcaffe.it\/de\/?s={search_term_string}\"},\"query-input\":{\"@type\":\"PropertyValueSpecification\",\"valueRequired\":true,\"valueName\":\"search_term_string\"}}],\"inLanguage\":\"de\"}]}<\/script>\n<!-- \/ Yoast SEO plugin. -->","yoast_head_json":{"title":"Nespresso Kompatible Kapseln Espresso Arabica Guatemala Italcaff\u00e8 100 Stk - Italcaff\u00e8","robots":{"index":"index","follow":"follow","max-snippet":"max-snippet:-1","max-image-preview":"max-image-preview:large","max-video-preview":"max-video-preview:-1"},"canonical":"https:\/\/italcaffe.it\/de\/shop\/kaffeekapseln\/nespresso-kompatible\/espresso-arabica-guatemala-italcaffe-kapseln\/","og_locale":"de_DE","og_type":"article","og_title":"Nespresso Kompatible Kapseln Espresso Arabica Guatemala Italcaff\u00e8 100 Stk - Italcaff\u00e8","og_description":"Italienisch Espresso Hergestellt mit Kaffee 100% Arabica aus Guatemala. Nespresso\u00ae Kompatible Kaffeekapseln. Kaffee mit gutem K\u00f6rper. Mittlere S\u00e4uregehalt mit Aromen von kandierten Zitrusfr\u00fcchten. Kapseln kompatibel mit den Maschinen der Marke Nespresso\u00ae f\u00fcr den privaten Gebrauch.Italcaff\u00e8 produziert Kaffee-Mischungen f\u00fcr Espresso und Kaffees von h\u00f6chster Qualit\u00e4t. F\u00fcr dieses Produkt w\u00e4hlen wir nur die beste Guatemalischer Kaffee. Einzeldosis-Kapseln in einer Schutzatmosph\u00e4re verpackt, um das Aroma und die Frische des Kaffees zu bewahren.\u00a0Karton mit 10 K\u00e4sten x 10 Espresso Guatemala Kapseln. Einzeldosis-Kapseln in einer Schutzatmosph\u00e4re verpackt, um das Aroma und die Frische des Kaffees zu bewahren.\u00a0*Das Markenzeichen Nespresso\u00ae ist nicht im Besitz der Italcaffe SpA oder anderen dieser Firma angeschlossenen Gesellschaften.","og_url":"https:\/\/italcaffe.it\/de\/shop\/kaffeekapseln\/nespresso-kompatible\/espresso-arabica-guatemala-italcaffe-kapseln\/","og_site_name":"Italcaff\u00e8","article_modified_time":"2020-02-26T14:47:47+00:00","og_image":[{"width":825,"height":1000,"url":"https:\/\/italcaffe.it\/wp-content\/uploads\/2021\/12\/Fronte-Guatemala.jpg","type":"image\/jpeg"}],"twitter_card":"summary_large_image","schema":{"@context":"https:\/\/schema.org","@graph":[{"@type":"WebPage","@id":"https:\/\/italcaffe.it\/de\/shop\/kaffeekapseln\/nespresso-kompatible\/espresso-arabica-guatemala-italcaffe-kapseln\/","url":"https:\/\/italcaffe.it\/de\/shop\/kaffeekapseln\/nespresso-kompatible\/espresso-arabica-guatemala-italcaffe-kapseln\/","name":"Nespresso Kompatible Kapseln Espresso Arabica Guatemala Italcaff\u00e8 100 Stk - Italcaff\u00e8","isPartOf":{"@id":"https:\/\/italcaffe.it\/de\/#website"},"primaryImageOfPage":{"@id":"https:\/\/italcaffe.it\/de\/shop\/kaffeekapseln\/nespresso-kompatible\/espresso-arabica-guatemala-italcaffe-kapseln\/#primaryimage"},"image":{"@id":"https:\/\/italcaffe.it\/de\/shop\/kaffeekapseln\/nespresso-kompatible\/espresso-arabica-guatemala-italcaffe-kapseln\/#primaryimage"},"thumbnailUrl":"https:\/\/italcaffe.it\/wp-content\/uploads\/2021\/12\/Fronte-Guatemala.jpg","datePublished":"2020-02-26T14:47:43+00:00","dateModified":"2020-02-26T14:47:47+00:00","breadcrumb":{"@id":"https:\/\/italcaffe.it\/de\/shop\/kaffeekapseln\/nespresso-kompatible\/espresso-arabica-guatemala-italcaffe-kapseln\/#breadcrumb"},"inLanguage":"de","potentialAction":[{"@type":"ReadAction","target":["https:\/\/italcaffe.it\/de\/shop\/kaffeekapseln\/nespresso-kompatible\/espresso-arabica-guatemala-italcaffe-kapseln\/"]}]},{"@type":"ImageObject","inLanguage":"de","@id":"https:\/\/italcaffe.it\/de\/shop\/kaffeekapseln\/nespresso-kompatible\/espresso-arabica-guatemala-italcaffe-kapseln\/#primaryimage","url":"https:\/\/italcaffe.it\/wp-content\/uploads\/2021\/12\/Fronte-Guatemala.jpg","contentUrl":"https:\/\/italcaffe.it\/wp-content\/uploads\/2021\/12\/Fronte-Guatemala.jpg","width":825,"height":1000,"caption":"Capsule caff\u00e8 espresso Guatemala Italcaff\u00e8 compatbili Nespresso Aluminium"},{"@type":"BreadcrumbList","@id":"https:\/\/italcaffe.it\/de\/shop\/kaffeekapseln\/nespresso-kompatible\/espresso-arabica-guatemala-italcaffe-kapseln\/#breadcrumb","itemListElement":[{"@type":"ListItem","position":1,"name":"Home","item":"https:\/\/italcaffe.it\/de\/"},{"@type":"ListItem","position":2,"name":"Shop","item":"https:\/\/italcaffe.it\/de\/shop\/"},{"@type":"ListItem","position":3,"name":"Nespresso Kompatible Kapseln Espresso Arabica Guatemala Italcaff\u00e8 100 Stk"}]},{"@type":"WebSite","@id":"https:\/\/italcaffe.it\/de\/#website","url":"https:\/\/italcaffe.it\/de\/","name":"Italcaff\u00e8","description":"50 Anni insieme","potentialAction":[{"@type":"SearchAction","target":{"@type":"EntryPoint","urlTemplate":"https:\/\/italcaffe.it\/de\/?s={search_term_string}"},"query-input":{"@type":"PropertyValueSpecification","valueRequired":true,"valueName":"search_term_string"}}],"inLanguage":"de"}]}},"_links":{"self":[{"href":"https:\/\/italcaffe.it\/de\/wp-json\/wp\/v2\/product\/23119","targetHints":{"allow":["GET"]}}],"collection":[{"href":"https:\/\/italcaffe.it\/de\/wp-json\/wp\/v2\/product"}],"about":[{"href":"https:\/\/italcaffe.it\/de\/wp-json\/wp\/v2\/types\/product"}],"wp:featuredmedia":[{"embeddable":true,"href":"https:\/\/italcaffe.it\/de\/wp-json\/wp\/v2\/media\/28529"}],"wp:attachment":[{"href":"https:\/\/italcaffe.it\/de\/wp-json\/wp\/v2\/media?parent=23119"}],"wp:term":[{"taxonomy":"product_brand","embeddable":true,"href":"https:\/\/italcaffe.it\/de\/wp-json\/wp\/v2\/product_brand?post=23119"},{"taxonomy":"product_cat","embeddable":true,"href":"https:\/\/italcaffe.it\/de\/wp-json\/wp\/v2\/product_cat?post=23119"},{"taxonomy":"product_tag","embeddable":true,"href":"https:\/\/italcaffe.it\/de\/wp-json\/wp\/v2\/product_tag?post=23119"}],"curies":[{"name":"wp","href":"https:\/\/api.w.org\/{rel}","templated":true}]}}