{"id":23129,"date":"2020-02-26T16:00:06","date_gmt":"2020-02-26T14:47:48","guid":{"rendered":"https:\/\/www.italcaffe.it\/product\/italcaffe-espresso-kolumbien-100-arabica-kaffeebohnen-1-kg-kaffee\/"},"modified":"2022-05-25T20:23:10","modified_gmt":"2022-05-25T19:23:10","slug":"italcaffe-arabica-kaffee-kolumbien-1-kg","status":"publish","type":"product","link":"https:\/\/italcaffe.it\/de\/shop\/kaffeebohnen\/arabica-bohnen\/italcaffe-arabica-kaffee-kolumbien-1-kg\/","title":{"rendered":"Italcaff\u00e8 Arabica Kaffee Kolumbien 1 Kg Espresso Kaffeebohnen"},"content":{"rendered":"<h2 class=\"product_title entry-title text-uppercase pt__35\">Merkmale Italcaff\u00e8 Arabica Kaffee Kolumbien<\/h2>\n<p align=\"justify\">Arabica <a href=\"https:\/\/www.italcaffe.it\/de\/torrefazione\/\">Kaffeebohnen<\/a> von Medell\u00edn, in Kolumbien aus <a href=\"https:\/\/www.italcaffe.it\/de\/geschichte\/\">Italcaff\u00e8.<\/a> Kaffee mit gutem K\u00f6rper. Kaffee aus Kolumbien verf\u00fcgt \u00fcber eine\u00a0<strong>angenehme F\u00fclle und eine gute Balance von S\u00fc\u00dfe und S\u00e4ure. Die Noten reichen von Nuss und Schokolade bis hin zu Blume und Frucht<\/strong>.\u00a0 Zum Teil scheint der Kaffee fast eine tropische Note zu besitzen. Die verschiedenen Anbauregionen sind geschmacklich gut voneinander zu unterscheiden. Die besten Bohnen Kolumbiens kommen aus der Region Huila &amp; Medell\u00edn. <strong>Sie \u00fcberzeugen mit viel K\u00f6rper und Aroma sowie einer harmonischen S\u00e4urestruktur.<\/strong><br \/>\nDer Nachgeschmack offerback eine \u00fcberraschende Spur von dunklem Kakao und Rosinen. Das Anbaugebiet Medellin liegt im Nordwesten des Landes.<br \/>\nDer Supremo ist ein gro\u00dfbohniger, recht gleichm\u00e4\u00dfig ausgesiebter Kaffee bester Qualit\u00e4t. Verwendbar f\u00fcr professionelle Maschinen des Espresso-Stabes und Verkauf\u00e4utomaten.<br \/>\nGanze Espressobohnen in sch\u00fctzender Atmosph\u00e4re verpackt, um Geschmack und Frische zu erhalten.<br \/>\nVier Seiten versiegelten Beutel von 1kgg mit unidirektionalem Aromaschutzventil. Diese Eigenschaften garantieren eine bessere Haltbarkeit sowie eine h\u00f6here Qualit\u00e4t des Produkts im Vergleich zu den \u00fcblichen Kaffeebeuteln, die Sie auf dem Markt finden.<\/p>\n<h2 class=\"product_title entry-title text-uppercase pt__35\">Die Firma Italcaff\u00e8<\/h2>\n<p align=\"justify\">Italcaff\u00e8 S.p.A. ist eine Kaffeer\u00f6sterei mit Fabrik und B\u00fcros in La Spezia in Italien, der Heimat des echten italienischen Espressos.<br \/>\nDas Unternehmen wurde 1969 gegr\u00fcndet und verf\u00fcgt \u00fcber mehr als 40 Jahre Erfahrung in der R\u00f6stung und Mischung feiner Kaffees.<br \/>\nWir reisen um die Welt, um die besten Kaffeequalit\u00e4ten f\u00fcr unsere Kunden auszuw\u00e4hlen.<br \/>\nUnser Gesch\u00e4ft besteht darin, Rohkaffee direkt von den Herkunftsm\u00e4rkten zu importieren.<br \/>\nDanach verwandeln wir mit Leidenschaft, Erfahrung und K\u00f6nnen den Rohstoff in kostbare Mischungen mit einem einzigartigen und unverwechselbaren Geschmack.<br \/>\nDar\u00fcber hinaus wird die Zuverl\u00e4ssigkeit des gesamten Herstellungsprozesses von Italcaff\u00e8 durch die Qualit\u00e4tszertifizierung UNI EN ISO 9001: 2015 garantiert.<br \/>\nDeshalb setzen wir uns seit jeher daf\u00fcr ein, das Aroma echten italienischen Espressos nach Italien und in die Welt zu bringen, zu Hause und an der Bar.<br \/>\nEgal, ob Sie ein Barprofi oder ein Liebhaber guten Kaffees sind, Italcaff\u00e8 hat die richtige Italienischer Kaffee mischung f\u00fcr Sie. Italienische kaffeesorten.<br \/>\nJetzt kann jeder das Aroma von Italcaff\u00e8 genie\u00dfen.<\/p>\n","protected":false},"excerpt":{"rendered":"<p style=\"text-align: justify;\">Italcaff\u00e8 Arabica <a href=\"https:\/\/www.italcaffe.it\/de\/torrefazione\/\">Kaffee<\/a> Kolumbien 1 Kg von Medell\u00edn, in Kolumbien aus <a href=\"https:\/\/www.italcaffe.it\/de\/geschichte\/\">Italcaff\u00e8.<\/a> Kaffee Supremo mit gutem K\u00f6rper. Mittlere S\u00e4uregehalt mit Aromen von kandierten Zitrusfr\u00fcchten. Die auf nuancen von reifen Pflaumen und getrockneten Datteln treffen. Der Nachgeschmack offerback eine \u00fcberraschende Spur von dunklem Kakao und Rosinen. Das Anbaugebiet Medellin liegt im Nordwesten des Landes. Der Supremo ist ein gro\u00dfbohniger, recht gleichm\u00e4\u00dfig ausgesiebter Kaffee bester Qualit\u00e4t. Verwendbar f\u00fcr professionelle Maschinen des Espresso-Stabes und Verkauf\u00e4utomaten. Als Bohnen unter Schutzatmosph\u00e4re verpackten, 1.000 g Packungen mit unidirektionalem Aromaschutzventil. Perfekte Espresso Kaffeebohnen f\u00fcr Vollautomaten und Siebtr\u00e4germaschinen.<\/p>\n","protected":false},"featured_media":28556,"template":"","meta":{"_acf_changed":false},"product_brand":[],"product_cat":[276,292],"product_tag":[],"class_list":{"0":"post-23129","1":"product","2":"type-product","3":"status-publish","4":"has-post-thumbnail","6":"product_cat-kaffeebohnen","7":"product_cat-arabica-bohnen","9":"first","10":"instock","11":"taxable","12":"shipping-taxable","13":"product-type-grouped"},"acf":[],"yoast_head":"<!-- This site is optimized with the Yoast SEO plugin v27.0 - https:\/\/yoast.com\/product\/yoast-seo-wordpress\/ -->\n<title>Italcaff\u00e8 Arabica Kaffee Kolumbien 250g Italienischer Espresso<\/title>\n<meta name=\"description\" content=\"Italcaff\u00e8 Arabica Kaffee Kolumbien 1 Kg von Medell\u00edn aus Italcaff\u00e8. Kaffeebohnen Supremo mit gutem K\u00f6rper und Mittlere S\u00e4uregehalt.\" \/>\n<meta name=\"robots\" content=\"index, follow, max-snippet:-1, max-image-preview:large, max-video-preview:-1\" \/>\n<link rel=\"canonical\" href=\"https:\/\/italcaffe.it\/de\/shop\/kaffeebohnen\/arabica-bohnen\/italcaffe-arabica-kaffee-kolumbien-1-kg\/\" \/>\n<meta property=\"og:locale\" content=\"de_DE\" \/>\n<meta property=\"og:type\" content=\"article\" \/>\n<meta property=\"og:title\" content=\"Italcaff\u00e8 Arabica Kaffee Kolumbien 250g Italienischer Espresso\" \/>\n<meta property=\"og:description\" content=\"Italcaff\u00e8 Arabica Kaffee Kolumbien 1 Kg von Medell\u00edn aus Italcaff\u00e8. Kaffeebohnen Supremo mit gutem K\u00f6rper und Mittlere S\u00e4uregehalt.\" \/>\n<meta property=\"og:url\" content=\"https:\/\/italcaffe.it\/de\/shop\/kaffeebohnen\/arabica-bohnen\/italcaffe-arabica-kaffee-kolumbien-1-kg\/\" \/>\n<meta property=\"og:site_name\" content=\"Italcaff\u00e8\" \/>\n<meta property=\"article:modified_time\" content=\"2022-05-25T19:23:10+00:00\" \/>\n<meta property=\"og:image\" content=\"https:\/\/italcaffe.it\/wp-content\/uploads\/2021\/12\/Colombia-1-kg.jpg\" \/>\n\t<meta property=\"og:image:width\" content=\"825\" \/>\n\t<meta property=\"og:image:height\" content=\"1000\" \/>\n\t<meta property=\"og:image:type\" content=\"image\/jpeg\" \/>\n<meta name=\"twitter:card\" content=\"summary_large_image\" \/>\n<meta name=\"twitter:label1\" content=\"Gesch\u00e4tzte Lesezeit\" \/>\n\t<meta name=\"twitter:data1\" content=\"2\u00a0Minuten\" \/>\n<script type=\"application\/ld+json\" class=\"yoast-schema-graph\">{\"@context\":\"https:\/\/schema.org\",\"@graph\":[{\"@type\":\"WebPage\",\"@id\":\"https:\/\/italcaffe.it\/de\/shop\/kaffeebohnen\/arabica-bohnen\/italcaffe-arabica-kaffee-kolumbien-1-kg\/\",\"url\":\"https:\/\/italcaffe.it\/de\/shop\/kaffeebohnen\/arabica-bohnen\/italcaffe-arabica-kaffee-kolumbien-1-kg\/\",\"name\":\"Italcaff\u00e8 Arabica Kaffee Kolumbien 250g Italienischer Espresso\",\"isPartOf\":{\"@id\":\"https:\/\/italcaffe.it\/de\/#website\"},\"primaryImageOfPage\":{\"@id\":\"https:\/\/italcaffe.it\/de\/shop\/kaffeebohnen\/arabica-bohnen\/italcaffe-arabica-kaffee-kolumbien-1-kg\/#primaryimage\"},\"image\":{\"@id\":\"https:\/\/italcaffe.it\/de\/shop\/kaffeebohnen\/arabica-bohnen\/italcaffe-arabica-kaffee-kolumbien-1-kg\/#primaryimage\"},\"thumbnailUrl\":\"https:\/\/italcaffe.it\/wp-content\/uploads\/2021\/12\/Colombia-1-kg.jpg\",\"datePublished\":\"2020-02-26T14:47:48+00:00\",\"dateModified\":\"2022-05-25T19:23:10+00:00\",\"description\":\"Italcaff\u00e8 Arabica Kaffee Kolumbien 1 Kg von Medell\u00edn aus Italcaff\u00e8. Kaffeebohnen Supremo mit gutem K\u00f6rper und Mittlere S\u00e4uregehalt.\",\"breadcrumb\":{\"@id\":\"https:\/\/italcaffe.it\/de\/shop\/kaffeebohnen\/arabica-bohnen\/italcaffe-arabica-kaffee-kolumbien-1-kg\/#breadcrumb\"},\"inLanguage\":\"de\",\"potentialAction\":[{\"@type\":\"ReadAction\",\"target\":[\"https:\/\/italcaffe.it\/de\/shop\/kaffeebohnen\/arabica-bohnen\/italcaffe-arabica-kaffee-kolumbien-1-kg\/\"]}]},{\"@type\":\"ImageObject\",\"inLanguage\":\"de\",\"@id\":\"https:\/\/italcaffe.it\/de\/shop\/kaffeebohnen\/arabica-bohnen\/italcaffe-arabica-kaffee-kolumbien-1-kg\/#primaryimage\",\"url\":\"https:\/\/italcaffe.it\/wp-content\/uploads\/2021\/12\/Colombia-1-kg.jpg\",\"contentUrl\":\"https:\/\/italcaffe.it\/wp-content\/uploads\/2021\/12\/Colombia-1-kg.jpg\",\"width\":825,\"height\":1000,\"caption\":\"Arabica Kaffee Kolumbien 1 Kg Italcaff\u00e8 Espresso, Ganze Bohne | Espressobohnen Kaffee Arabica\"},{\"@type\":\"BreadcrumbList\",\"@id\":\"https:\/\/italcaffe.it\/de\/shop\/kaffeebohnen\/arabica-bohnen\/italcaffe-arabica-kaffee-kolumbien-1-kg\/#breadcrumb\",\"itemListElement\":[{\"@type\":\"ListItem\",\"position\":1,\"name\":\"Home\",\"item\":\"https:\/\/italcaffe.it\/de\/\"},{\"@type\":\"ListItem\",\"position\":2,\"name\":\"Shop\",\"item\":\"https:\/\/italcaffe.it\/de\/shop\/\"},{\"@type\":\"ListItem\",\"position\":3,\"name\":\"Italcaff\u00e8 Arabica Kaffee Kolumbien 1 Kg Espresso Kaffeebohnen\"}]},{\"@type\":\"WebSite\",\"@id\":\"https:\/\/italcaffe.it\/de\/#website\",\"url\":\"https:\/\/italcaffe.it\/de\/\",\"name\":\"Italcaff\u00e8\",\"description\":\"50 Anni insieme\",\"potentialAction\":[{\"@type\":\"SearchAction\",\"target\":{\"@type\":\"EntryPoint\",\"urlTemplate\":\"https:\/\/italcaffe.it\/de\/?s={search_term_string}\"},\"query-input\":{\"@type\":\"PropertyValueSpecification\",\"valueRequired\":true,\"valueName\":\"search_term_string\"}}],\"inLanguage\":\"de\"}]}<\/script>\n<!-- \/ Yoast SEO plugin. -->","yoast_head_json":{"title":"Italcaff\u00e8 Arabica Kaffee Kolumbien 250g Italienischer Espresso","description":"Italcaff\u00e8 Arabica Kaffee Kolumbien 1 Kg von Medell\u00edn aus Italcaff\u00e8. Kaffeebohnen Supremo mit gutem K\u00f6rper und Mittlere S\u00e4uregehalt.","robots":{"index":"index","follow":"follow","max-snippet":"max-snippet:-1","max-image-preview":"max-image-preview:large","max-video-preview":"max-video-preview:-1"},"canonical":"https:\/\/italcaffe.it\/de\/shop\/kaffeebohnen\/arabica-bohnen\/italcaffe-arabica-kaffee-kolumbien-1-kg\/","og_locale":"de_DE","og_type":"article","og_title":"Italcaff\u00e8 Arabica Kaffee Kolumbien 250g Italienischer Espresso","og_description":"Italcaff\u00e8 Arabica Kaffee Kolumbien 1 Kg von Medell\u00edn aus Italcaff\u00e8. Kaffeebohnen Supremo mit gutem K\u00f6rper und Mittlere S\u00e4uregehalt.","og_url":"https:\/\/italcaffe.it\/de\/shop\/kaffeebohnen\/arabica-bohnen\/italcaffe-arabica-kaffee-kolumbien-1-kg\/","og_site_name":"Italcaff\u00e8","article_modified_time":"2022-05-25T19:23:10+00:00","og_image":[{"width":825,"height":1000,"url":"https:\/\/italcaffe.it\/wp-content\/uploads\/2021\/12\/Colombia-1-kg.jpg","type":"image\/jpeg"}],"twitter_card":"summary_large_image","twitter_misc":{"Gesch\u00e4tzte Lesezeit":"2\u00a0Minuten"},"schema":{"@context":"https:\/\/schema.org","@graph":[{"@type":"WebPage","@id":"https:\/\/italcaffe.it\/de\/shop\/kaffeebohnen\/arabica-bohnen\/italcaffe-arabica-kaffee-kolumbien-1-kg\/","url":"https:\/\/italcaffe.it\/de\/shop\/kaffeebohnen\/arabica-bohnen\/italcaffe-arabica-kaffee-kolumbien-1-kg\/","name":"Italcaff\u00e8 Arabica Kaffee Kolumbien 250g Italienischer Espresso","isPartOf":{"@id":"https:\/\/italcaffe.it\/de\/#website"},"primaryImageOfPage":{"@id":"https:\/\/italcaffe.it\/de\/shop\/kaffeebohnen\/arabica-bohnen\/italcaffe-arabica-kaffee-kolumbien-1-kg\/#primaryimage"},"image":{"@id":"https:\/\/italcaffe.it\/de\/shop\/kaffeebohnen\/arabica-bohnen\/italcaffe-arabica-kaffee-kolumbien-1-kg\/#primaryimage"},"thumbnailUrl":"https:\/\/italcaffe.it\/wp-content\/uploads\/2021\/12\/Colombia-1-kg.jpg","datePublished":"2020-02-26T14:47:48+00:00","dateModified":"2022-05-25T19:23:10+00:00","description":"Italcaff\u00e8 Arabica Kaffee Kolumbien 1 Kg von Medell\u00edn aus Italcaff\u00e8. Kaffeebohnen Supremo mit gutem K\u00f6rper und Mittlere S\u00e4uregehalt.","breadcrumb":{"@id":"https:\/\/italcaffe.it\/de\/shop\/kaffeebohnen\/arabica-bohnen\/italcaffe-arabica-kaffee-kolumbien-1-kg\/#breadcrumb"},"inLanguage":"de","potentialAction":[{"@type":"ReadAction","target":["https:\/\/italcaffe.it\/de\/shop\/kaffeebohnen\/arabica-bohnen\/italcaffe-arabica-kaffee-kolumbien-1-kg\/"]}]},{"@type":"ImageObject","inLanguage":"de","@id":"https:\/\/italcaffe.it\/de\/shop\/kaffeebohnen\/arabica-bohnen\/italcaffe-arabica-kaffee-kolumbien-1-kg\/#primaryimage","url":"https:\/\/italcaffe.it\/wp-content\/uploads\/2021\/12\/Colombia-1-kg.jpg","contentUrl":"https:\/\/italcaffe.it\/wp-content\/uploads\/2021\/12\/Colombia-1-kg.jpg","width":825,"height":1000,"caption":"Arabica Kaffee Kolumbien 1 Kg Italcaff\u00e8 Espresso, Ganze Bohne | Espressobohnen Kaffee Arabica"},{"@type":"BreadcrumbList","@id":"https:\/\/italcaffe.it\/de\/shop\/kaffeebohnen\/arabica-bohnen\/italcaffe-arabica-kaffee-kolumbien-1-kg\/#breadcrumb","itemListElement":[{"@type":"ListItem","position":1,"name":"Home","item":"https:\/\/italcaffe.it\/de\/"},{"@type":"ListItem","position":2,"name":"Shop","item":"https:\/\/italcaffe.it\/de\/shop\/"},{"@type":"ListItem","position":3,"name":"Italcaff\u00e8 Arabica Kaffee Kolumbien 1 Kg Espresso Kaffeebohnen"}]},{"@type":"WebSite","@id":"https:\/\/italcaffe.it\/de\/#website","url":"https:\/\/italcaffe.it\/de\/","name":"Italcaff\u00e8","description":"50 Anni insieme","potentialAction":[{"@type":"SearchAction","target":{"@type":"EntryPoint","urlTemplate":"https:\/\/italcaffe.it\/de\/?s={search_term_string}"},"query-input":{"@type":"PropertyValueSpecification","valueRequired":true,"valueName":"search_term_string"}}],"inLanguage":"de"}]}},"_links":{"self":[{"href":"https:\/\/italcaffe.it\/de\/wp-json\/wp\/v2\/product\/23129","targetHints":{"allow":["GET"]}}],"collection":[{"href":"https:\/\/italcaffe.it\/de\/wp-json\/wp\/v2\/product"}],"about":[{"href":"https:\/\/italcaffe.it\/de\/wp-json\/wp\/v2\/types\/product"}],"wp:featuredmedia":[{"embeddable":true,"href":"https:\/\/italcaffe.it\/de\/wp-json\/wp\/v2\/media\/28556"}],"wp:attachment":[{"href":"https:\/\/italcaffe.it\/de\/wp-json\/wp\/v2\/media?parent=23129"}],"wp:term":[{"taxonomy":"product_brand","embeddable":true,"href":"https:\/\/italcaffe.it\/de\/wp-json\/wp\/v2\/product_brand?post=23129"},{"taxonomy":"product_cat","embeddable":true,"href":"https:\/\/italcaffe.it\/de\/wp-json\/wp\/v2\/product_cat?post=23129"},{"taxonomy":"product_tag","embeddable":true,"href":"https:\/\/italcaffe.it\/de\/wp-json\/wp\/v2\/product_tag?post=23129"}],"curies":[{"name":"wp","href":"https:\/\/api.w.org\/{rel}","templated":true}]}}