{"id":23130,"date":"2020-02-26T16:00:06","date_gmt":"2020-02-26T14:47:48","guid":{"rendered":"https:\/\/www.italcaffe.it\/product\/italcaffe-espresso-brasilien-100-arabica-kaffeebohnen-1-kg-kaffee\/"},"modified":"2022-01-26T20:55:26","modified_gmt":"2022-01-26T19:55:26","slug":"italcaffe-espresso-brasilien-1-kg","status":"publish","type":"product","link":"https:\/\/italcaffe.it\/de\/shop\/kaffeebohnen\/arabica-bohnen\/italcaffe-espresso-brasilien-1-kg\/","title":{"rendered":"Italcaff\u00e8 Espresso Brasilien 100% Arabica Kaffeebohnen 1 Kg &#8211; Kaffee"},"content":{"rendered":"<p>Italcaff\u00e8 100% Arabica Kaffeebohnen Espresso Brasilien Santos. Milder Kaffee, sehr ausgewogen mit mittlerem S\u00e4uregehalt und K\u00f6rper.<\/p>\n<p>Er unterscheidet sich durch Aromen von Malz, Kakao und Getreide. Nuancen von Schokolade und ger\u00f6steten Erdn\u00fcssen im Nachgeschmack.<\/p>\n<p>Santos Arabica: Als s\u00e4urearmer Kaffee ist er sehr gut vertr\u00e4glich, b\u00fc\u00dft dadurch aber nichts an Geschmack ein. Das macht den Brasil Santos Kaffee zu einer der beliebtesten Sorten. Benannt wurde der Kaffee nach der Stadt Santos, der bedeutendsten Hafenstadt Lateinamerikas, von wo er verschifft wird.. Verwendbar f\u00fcr professionelle Maschinen des Espresso-Stabes und Verkauf\u00e4utomaten. Als Bohnen unter Schutzatmosph\u00e4re verpackten, 1.000 g Packungen mit unidirektionalem Aromaschutzventil. Perfekte Espresso Kaffeebohnen f\u00fcr Vollautomaten und Siebtr\u00e4germaschinen.<\/p>\n","protected":false},"excerpt":{"rendered":"<p style=\"text-align: justify\"><a href=\"https:\/\/www.italcaffe.it\/de\/torrefazione\/\">Italcaff\u00e8<\/a> 100% <a href=\"https:\/\/www.italcaffe.it\/de\/shop\/kaffeebohnen\/arabica-bohnen\/\">Arabica Kaffeebohnen<\/a> Espresso Brasilien Santos. Milder Kaffee, sehr ausgewogen mit mittlerem S\u00e4uregehalt und K\u00f6rper. Er unterscheidet sich durch Aromen von Malz, Kakao und Getreide. Nuancen von Schokolade und ger\u00f6steten Erdn\u00fcssen im Nachgeschmack. Santos Arabica: Als s\u00e4urearmer Kaffee ist er sehr gut vertr\u00e4glich, b\u00fc\u00dft dadurch aber nichts an Geschmack ein. Das macht den Brasil Santos Kaffee zu einer der beliebtesten Sorten. Benannt wurde der Kaffee nach der Stadt Santos, der bedeutendsten Hafenstadt Lateinamerikas, von wo er verschifft wird.. Verwendbar f\u00fcr professionelle Maschinen des Espresso-Stabes und Verkauf\u00e4utomaten. Als Bohnen unter Schutzatmosph\u00e4re verpackten, 1.000 g Packungen mit unidirektionalem Aromaschutzventil. Perfekte <a href=\"https:\/\/www.italcaffe.it\/de\/torrefazione\/\">Italcaff\u00e8<\/a> Espresso Kaffeebohnen f\u00fcr Vollautomaten und Siebtr\u00e4germaschinen.<\/p>\n","protected":false},"featured_media":28551,"template":"","meta":{"_acf_changed":false},"product_brand":[],"product_cat":[276,292],"product_tag":[],"class_list":{"0":"post-23130","1":"product","2":"type-product","3":"status-publish","4":"has-post-thumbnail","6":"product_cat-kaffeebohnen","7":"product_cat-arabica-bohnen","9":"first","10":"instock","11":"taxable","12":"shipping-taxable","13":"product-type-grouped"},"acf":[],"yoast_head":"<!-- This site is optimized with the Yoast SEO plugin v27.0 - https:\/\/yoast.com\/product\/yoast-seo-wordpress\/ -->\n<title>Italcaff\u00e8 Espresso Brasilien 100% Arabica Kaffeebohnen 1 Kg<\/title>\n<meta name=\"description\" content=\"Italcaff\u00e8 100% Arabica Kaffeebohnen Espresso Brasilien Santos. Milder Kaffee, sehr ausgewogen mit mittlerem S\u00e4uregehalt und K\u00f6rper.\" \/>\n<meta name=\"robots\" content=\"index, follow, max-snippet:-1, max-image-preview:large, max-video-preview:-1\" \/>\n<link rel=\"canonical\" href=\"https:\/\/italcaffe.it\/de\/shop\/kaffeebohnen\/arabica-bohnen\/italcaffe-espresso-brasilien-1-kg\/\" \/>\n<meta property=\"og:locale\" content=\"de_DE\" \/>\n<meta property=\"og:type\" content=\"article\" \/>\n<meta property=\"og:title\" content=\"Italcaff\u00e8 Espresso Brasilien 100% Arabica Kaffeebohnen 1 Kg\" \/>\n<meta property=\"og:description\" content=\"Italcaff\u00e8 100% Arabica Kaffeebohnen Espresso Brasilien Santos. Milder Kaffee, sehr ausgewogen mit mittlerem S\u00e4uregehalt und K\u00f6rper.\" \/>\n<meta property=\"og:url\" content=\"https:\/\/italcaffe.it\/de\/shop\/kaffeebohnen\/arabica-bohnen\/italcaffe-espresso-brasilien-1-kg\/\" \/>\n<meta property=\"og:site_name\" content=\"Italcaff\u00e8\" \/>\n<meta property=\"article:modified_time\" content=\"2022-01-26T19:55:26+00:00\" \/>\n<meta property=\"og:image\" content=\"https:\/\/italcaffe.it\/wp-content\/uploads\/2021\/12\/Brasile1kg.jpg\" \/>\n\t<meta property=\"og:image:width\" content=\"825\" \/>\n\t<meta property=\"og:image:height\" content=\"1000\" \/>\n\t<meta property=\"og:image:type\" content=\"image\/jpeg\" \/>\n<meta name=\"twitter:card\" content=\"summary_large_image\" \/>\n<meta name=\"twitter:label1\" content=\"Gesch\u00e4tzte Lesezeit\" \/>\n\t<meta name=\"twitter:data1\" content=\"1\u00a0Minute\" \/>\n<script type=\"application\/ld+json\" class=\"yoast-schema-graph\">{\"@context\":\"https:\/\/schema.org\",\"@graph\":[{\"@type\":\"WebPage\",\"@id\":\"https:\/\/italcaffe.it\/de\/shop\/kaffeebohnen\/arabica-bohnen\/italcaffe-espresso-brasilien-1-kg\/\",\"url\":\"https:\/\/italcaffe.it\/de\/shop\/kaffeebohnen\/arabica-bohnen\/italcaffe-espresso-brasilien-1-kg\/\",\"name\":\"Italcaff\u00e8 Espresso Brasilien 100% Arabica Kaffeebohnen 1 Kg\",\"isPartOf\":{\"@id\":\"https:\/\/italcaffe.it\/de\/#website\"},\"primaryImageOfPage\":{\"@id\":\"https:\/\/italcaffe.it\/de\/shop\/kaffeebohnen\/arabica-bohnen\/italcaffe-espresso-brasilien-1-kg\/#primaryimage\"},\"image\":{\"@id\":\"https:\/\/italcaffe.it\/de\/shop\/kaffeebohnen\/arabica-bohnen\/italcaffe-espresso-brasilien-1-kg\/#primaryimage\"},\"thumbnailUrl\":\"https:\/\/italcaffe.it\/wp-content\/uploads\/2021\/12\/Brasile1kg.jpg\",\"datePublished\":\"2020-02-26T14:47:48+00:00\",\"dateModified\":\"2022-01-26T19:55:26+00:00\",\"description\":\"Italcaff\u00e8 100% Arabica Kaffeebohnen Espresso Brasilien Santos. Milder Kaffee, sehr ausgewogen mit mittlerem S\u00e4uregehalt und K\u00f6rper.\",\"breadcrumb\":{\"@id\":\"https:\/\/italcaffe.it\/de\/shop\/kaffeebohnen\/arabica-bohnen\/italcaffe-espresso-brasilien-1-kg\/#breadcrumb\"},\"inLanguage\":\"de\",\"potentialAction\":[{\"@type\":\"ReadAction\",\"target\":[\"https:\/\/italcaffe.it\/de\/shop\/kaffeebohnen\/arabica-bohnen\/italcaffe-espresso-brasilien-1-kg\/\"]}]},{\"@type\":\"ImageObject\",\"inLanguage\":\"de\",\"@id\":\"https:\/\/italcaffe.it\/de\/shop\/kaffeebohnen\/arabica-bohnen\/italcaffe-espresso-brasilien-1-kg\/#primaryimage\",\"url\":\"https:\/\/italcaffe.it\/wp-content\/uploads\/2021\/12\/Brasile1kg.jpg\",\"contentUrl\":\"https:\/\/italcaffe.it\/wp-content\/uploads\/2021\/12\/Brasile1kg.jpg\",\"width\":825,\"height\":1000,\"caption\":\"Italcaff\u00e8 Espresso Brasilien 100% Arabica Kaffeebohnen 1 kg\"},{\"@type\":\"BreadcrumbList\",\"@id\":\"https:\/\/italcaffe.it\/de\/shop\/kaffeebohnen\/arabica-bohnen\/italcaffe-espresso-brasilien-1-kg\/#breadcrumb\",\"itemListElement\":[{\"@type\":\"ListItem\",\"position\":1,\"name\":\"Home\",\"item\":\"https:\/\/italcaffe.it\/de\/\"},{\"@type\":\"ListItem\",\"position\":2,\"name\":\"Shop\",\"item\":\"https:\/\/italcaffe.it\/de\/shop\/\"},{\"@type\":\"ListItem\",\"position\":3,\"name\":\"Italcaff\u00e8 Espresso Brasilien 100% Arabica Kaffeebohnen 1 Kg &#8211; Kaffee\"}]},{\"@type\":\"WebSite\",\"@id\":\"https:\/\/italcaffe.it\/de\/#website\",\"url\":\"https:\/\/italcaffe.it\/de\/\",\"name\":\"Italcaff\u00e8\",\"description\":\"50 Anni insieme\",\"potentialAction\":[{\"@type\":\"SearchAction\",\"target\":{\"@type\":\"EntryPoint\",\"urlTemplate\":\"https:\/\/italcaffe.it\/de\/?s={search_term_string}\"},\"query-input\":{\"@type\":\"PropertyValueSpecification\",\"valueRequired\":true,\"valueName\":\"search_term_string\"}}],\"inLanguage\":\"de\"}]}<\/script>\n<!-- \/ Yoast SEO plugin. -->","yoast_head_json":{"title":"Italcaff\u00e8 Espresso Brasilien 100% Arabica Kaffeebohnen 1 Kg","description":"Italcaff\u00e8 100% Arabica Kaffeebohnen Espresso Brasilien Santos. Milder Kaffee, sehr ausgewogen mit mittlerem S\u00e4uregehalt und K\u00f6rper.","robots":{"index":"index","follow":"follow","max-snippet":"max-snippet:-1","max-image-preview":"max-image-preview:large","max-video-preview":"max-video-preview:-1"},"canonical":"https:\/\/italcaffe.it\/de\/shop\/kaffeebohnen\/arabica-bohnen\/italcaffe-espresso-brasilien-1-kg\/","og_locale":"de_DE","og_type":"article","og_title":"Italcaff\u00e8 Espresso Brasilien 100% Arabica Kaffeebohnen 1 Kg","og_description":"Italcaff\u00e8 100% Arabica Kaffeebohnen Espresso Brasilien Santos. Milder Kaffee, sehr ausgewogen mit mittlerem S\u00e4uregehalt und K\u00f6rper.","og_url":"https:\/\/italcaffe.it\/de\/shop\/kaffeebohnen\/arabica-bohnen\/italcaffe-espresso-brasilien-1-kg\/","og_site_name":"Italcaff\u00e8","article_modified_time":"2022-01-26T19:55:26+00:00","og_image":[{"width":825,"height":1000,"url":"https:\/\/italcaffe.it\/wp-content\/uploads\/2021\/12\/Brasile1kg.jpg","type":"image\/jpeg"}],"twitter_card":"summary_large_image","twitter_misc":{"Gesch\u00e4tzte Lesezeit":"1\u00a0Minute"},"schema":{"@context":"https:\/\/schema.org","@graph":[{"@type":"WebPage","@id":"https:\/\/italcaffe.it\/de\/shop\/kaffeebohnen\/arabica-bohnen\/italcaffe-espresso-brasilien-1-kg\/","url":"https:\/\/italcaffe.it\/de\/shop\/kaffeebohnen\/arabica-bohnen\/italcaffe-espresso-brasilien-1-kg\/","name":"Italcaff\u00e8 Espresso Brasilien 100% Arabica Kaffeebohnen 1 Kg","isPartOf":{"@id":"https:\/\/italcaffe.it\/de\/#website"},"primaryImageOfPage":{"@id":"https:\/\/italcaffe.it\/de\/shop\/kaffeebohnen\/arabica-bohnen\/italcaffe-espresso-brasilien-1-kg\/#primaryimage"},"image":{"@id":"https:\/\/italcaffe.it\/de\/shop\/kaffeebohnen\/arabica-bohnen\/italcaffe-espresso-brasilien-1-kg\/#primaryimage"},"thumbnailUrl":"https:\/\/italcaffe.it\/wp-content\/uploads\/2021\/12\/Brasile1kg.jpg","datePublished":"2020-02-26T14:47:48+00:00","dateModified":"2022-01-26T19:55:26+00:00","description":"Italcaff\u00e8 100% Arabica Kaffeebohnen Espresso Brasilien Santos. Milder Kaffee, sehr ausgewogen mit mittlerem S\u00e4uregehalt und K\u00f6rper.","breadcrumb":{"@id":"https:\/\/italcaffe.it\/de\/shop\/kaffeebohnen\/arabica-bohnen\/italcaffe-espresso-brasilien-1-kg\/#breadcrumb"},"inLanguage":"de","potentialAction":[{"@type":"ReadAction","target":["https:\/\/italcaffe.it\/de\/shop\/kaffeebohnen\/arabica-bohnen\/italcaffe-espresso-brasilien-1-kg\/"]}]},{"@type":"ImageObject","inLanguage":"de","@id":"https:\/\/italcaffe.it\/de\/shop\/kaffeebohnen\/arabica-bohnen\/italcaffe-espresso-brasilien-1-kg\/#primaryimage","url":"https:\/\/italcaffe.it\/wp-content\/uploads\/2021\/12\/Brasile1kg.jpg","contentUrl":"https:\/\/italcaffe.it\/wp-content\/uploads\/2021\/12\/Brasile1kg.jpg","width":825,"height":1000,"caption":"Italcaff\u00e8 Espresso Brasilien 100% Arabica Kaffeebohnen 1 kg"},{"@type":"BreadcrumbList","@id":"https:\/\/italcaffe.it\/de\/shop\/kaffeebohnen\/arabica-bohnen\/italcaffe-espresso-brasilien-1-kg\/#breadcrumb","itemListElement":[{"@type":"ListItem","position":1,"name":"Home","item":"https:\/\/italcaffe.it\/de\/"},{"@type":"ListItem","position":2,"name":"Shop","item":"https:\/\/italcaffe.it\/de\/shop\/"},{"@type":"ListItem","position":3,"name":"Italcaff\u00e8 Espresso Brasilien 100% Arabica Kaffeebohnen 1 Kg &#8211; Kaffee"}]},{"@type":"WebSite","@id":"https:\/\/italcaffe.it\/de\/#website","url":"https:\/\/italcaffe.it\/de\/","name":"Italcaff\u00e8","description":"50 Anni insieme","potentialAction":[{"@type":"SearchAction","target":{"@type":"EntryPoint","urlTemplate":"https:\/\/italcaffe.it\/de\/?s={search_term_string}"},"query-input":{"@type":"PropertyValueSpecification","valueRequired":true,"valueName":"search_term_string"}}],"inLanguage":"de"}]}},"_links":{"self":[{"href":"https:\/\/italcaffe.it\/de\/wp-json\/wp\/v2\/product\/23130","targetHints":{"allow":["GET"]}}],"collection":[{"href":"https:\/\/italcaffe.it\/de\/wp-json\/wp\/v2\/product"}],"about":[{"href":"https:\/\/italcaffe.it\/de\/wp-json\/wp\/v2\/types\/product"}],"wp:featuredmedia":[{"embeddable":true,"href":"https:\/\/italcaffe.it\/de\/wp-json\/wp\/v2\/media\/28551"}],"wp:attachment":[{"href":"https:\/\/italcaffe.it\/de\/wp-json\/wp\/v2\/media?parent=23130"}],"wp:term":[{"taxonomy":"product_brand","embeddable":true,"href":"https:\/\/italcaffe.it\/de\/wp-json\/wp\/v2\/product_brand?post=23130"},{"taxonomy":"product_cat","embeddable":true,"href":"https:\/\/italcaffe.it\/de\/wp-json\/wp\/v2\/product_cat?post=23130"},{"taxonomy":"product_tag","embeddable":true,"href":"https:\/\/italcaffe.it\/de\/wp-json\/wp\/v2\/product_tag?post=23130"}],"curies":[{"name":"wp","href":"https:\/\/api.w.org\/{rel}","templated":true}]}}