{"id":23132,"date":"2020-02-26T16:00:06","date_gmt":"2020-02-26T14:47:48","guid":{"rendered":"https:\/\/www.italcaffe.it\/product\/1-kg-costa-rica-100-arabica-kaffeebohnen-italcaffe-espresso-kaffee\/"},"modified":"2021-11-12T17:38:18","modified_gmt":"2021-11-12T16:38:18","slug":"italcaffe-espresso-costa-rica-1-kg","status":"publish","type":"product","link":"https:\/\/italcaffe.it\/de\/shop\/kaffeebohnen\/arabica-bohnen\/italcaffe-espresso-costa-rica-1-kg\/","title":{"rendered":"1 Kg Costa Rica 100% Arabica Kaffeebohnen Italcaff\u00e8 Espresso Kaffee"},"content":{"rendered":"","protected":false},"excerpt":{"rendered":"<p style=\"text-align: justify\">100% Arabica Kaffeebohnen Costa Rica Tarrazu. Kaffee mit gutem K\u00f6rper und Aroma. Der feine S\u00e4uregehalt druckt Nuancen von milden Zitrusfr\u00fcchten aus, die im Nachgeschmack mit Spuren Von dunklem Kakao und Gew\u00fcrzen angereichert sind. Tarrazu Kaffees gelten als mit die besten Kaffees der Welt und sind wegen ihrer Klasse mittlerweile auch weltweit bekannt. Der Name stammt von der Gegend, in der sie angebaut werden, in Tarraz\u00fa einem Kanton der costa-ricanischen Provinz San Jos\u00e9. Verwendbar f\u00fcr professionelle Maschinen des Espresso-Stabes und Verkauf\u00e4utomaten. Als Bohnen unter Schutzatmosph\u00e4re verpackten, 1.000 g Packungen mit unidirektionalem Aromaschutzventil. Perfekte Espresso Kaffeebohnen f\u00fcr Vollautomaten und Siebtr\u00e4germaschinen.<\/p>\n","protected":false},"featured_media":26546,"template":"","meta":{"_acf_changed":false},"product_brand":[],"product_cat":[276,292],"product_tag":[],"class_list":{"0":"post-23132","1":"product","2":"type-product","3":"status-publish","4":"has-post-thumbnail","6":"product_cat-kaffeebohnen","7":"product_cat-arabica-bohnen","9":"first","10":"instock","11":"taxable","12":"shipping-taxable","13":"product-type-grouped"},"acf":[],"yoast_head":"<!-- This site is optimized with the Yoast SEO plugin v27.0 - https:\/\/yoast.com\/product\/yoast-seo-wordpress\/ -->\n<title>1 Kg Costa Rica 100% Arabica Kaffeebohnen Italcaff\u00e8 Espresso Kaffee - Italcaff\u00e8<\/title>\n<meta name=\"robots\" content=\"index, follow, max-snippet:-1, max-image-preview:large, max-video-preview:-1\" \/>\n<link rel=\"canonical\" href=\"https:\/\/italcaffe.it\/de\/shop\/kaffeebohnen\/arabica-bohnen\/italcaffe-espresso-costa-rica-1-kg\/\" \/>\n<meta property=\"og:locale\" content=\"de_DE\" \/>\n<meta property=\"og:type\" content=\"article\" \/>\n<meta property=\"og:title\" content=\"1 Kg Costa Rica 100% Arabica Kaffeebohnen Italcaff\u00e8 Espresso Kaffee - Italcaff\u00e8\" \/>\n<meta property=\"og:description\" content=\"100% Arabica Kaffeebohnen Costa Rica Tarrazu. Kaffee mit gutem K\u00f6rper und Aroma. Der feine S\u00e4uregehalt druckt Nuancen von milden Zitrusfr\u00fcchten aus, die im Nachgeschmack mit Spuren Von dunklem Kakao und Gew\u00fcrzen angereichert sind. Tarrazu Kaffees gelten als mit die besten Kaffees der Welt und sind wegen ihrer Klasse mittlerweile auch weltweit bekannt. Der Name stammt von der Gegend, in der sie angebaut werden, in Tarraz\u00fa einem Kanton der costa-ricanischen Provinz San Jos\u00e9. Verwendbar f\u00fcr professionelle Maschinen des Espresso-Stabes und Verkauf\u00e4utomaten. Als Bohnen unter Schutzatmosph\u00e4re verpackten, 1.000 g Packungen mit unidirektionalem Aromaschutzventil. Perfekte Espresso Kaffeebohnen f\u00fcr Vollautomaten und Siebtr\u00e4germaschinen.\" \/>\n<meta property=\"og:url\" content=\"https:\/\/italcaffe.it\/de\/shop\/kaffeebohnen\/arabica-bohnen\/italcaffe-espresso-costa-rica-1-kg\/\" \/>\n<meta property=\"og:site_name\" content=\"Italcaff\u00e8\" \/>\n<meta property=\"article:modified_time\" content=\"2021-11-12T16:38:18+00:00\" \/>\n<meta property=\"og:image\" content=\"https:\/\/italcaffe.it\/wp-content\/uploads\/2020\/02\/Senza-titolo-1_0025_italcaffe84538.jpg\" \/>\n\t<meta property=\"og:image:width\" content=\"825\" \/>\n\t<meta property=\"og:image:height\" content=\"1000\" \/>\n\t<meta property=\"og:image:type\" content=\"image\/jpeg\" \/>\n<meta name=\"twitter:card\" content=\"summary_large_image\" \/>\n<script type=\"application\/ld+json\" class=\"yoast-schema-graph\">{\"@context\":\"https:\/\/schema.org\",\"@graph\":[{\"@type\":\"WebPage\",\"@id\":\"https:\/\/italcaffe.it\/de\/shop\/kaffeebohnen\/arabica-bohnen\/italcaffe-espresso-costa-rica-1-kg\/\",\"url\":\"https:\/\/italcaffe.it\/de\/shop\/kaffeebohnen\/arabica-bohnen\/italcaffe-espresso-costa-rica-1-kg\/\",\"name\":\"1 Kg Costa Rica 100% Arabica Kaffeebohnen Italcaff\u00e8 Espresso Kaffee - Italcaff\u00e8\",\"isPartOf\":{\"@id\":\"https:\/\/italcaffe.it\/de\/#website\"},\"primaryImageOfPage\":{\"@id\":\"https:\/\/italcaffe.it\/de\/shop\/kaffeebohnen\/arabica-bohnen\/italcaffe-espresso-costa-rica-1-kg\/#primaryimage\"},\"image\":{\"@id\":\"https:\/\/italcaffe.it\/de\/shop\/kaffeebohnen\/arabica-bohnen\/italcaffe-espresso-costa-rica-1-kg\/#primaryimage\"},\"thumbnailUrl\":\"https:\/\/italcaffe.it\/wp-content\/uploads\/2020\/02\/Senza-titolo-1_0025_italcaffe84538.jpg\",\"datePublished\":\"2020-02-26T14:47:48+00:00\",\"dateModified\":\"2021-11-12T16:38:18+00:00\",\"breadcrumb\":{\"@id\":\"https:\/\/italcaffe.it\/de\/shop\/kaffeebohnen\/arabica-bohnen\/italcaffe-espresso-costa-rica-1-kg\/#breadcrumb\"},\"inLanguage\":\"de\",\"potentialAction\":[{\"@type\":\"ReadAction\",\"target\":[\"https:\/\/italcaffe.it\/de\/shop\/kaffeebohnen\/arabica-bohnen\/italcaffe-espresso-costa-rica-1-kg\/\"]}]},{\"@type\":\"ImageObject\",\"inLanguage\":\"de\",\"@id\":\"https:\/\/italcaffe.it\/de\/shop\/kaffeebohnen\/arabica-bohnen\/italcaffe-espresso-costa-rica-1-kg\/#primaryimage\",\"url\":\"https:\/\/italcaffe.it\/wp-content\/uploads\/2020\/02\/Senza-titolo-1_0025_italcaffe84538.jpg\",\"contentUrl\":\"https:\/\/italcaffe.it\/wp-content\/uploads\/2020\/02\/Senza-titolo-1_0025_italcaffe84538.jpg\",\"width\":825,\"height\":1000,\"caption\":\"Caff\u00e8 in grani arabica Costarica 1 kg Espresso Italiano fronte\"},{\"@type\":\"BreadcrumbList\",\"@id\":\"https:\/\/italcaffe.it\/de\/shop\/kaffeebohnen\/arabica-bohnen\/italcaffe-espresso-costa-rica-1-kg\/#breadcrumb\",\"itemListElement\":[{\"@type\":\"ListItem\",\"position\":1,\"name\":\"Home\",\"item\":\"https:\/\/italcaffe.it\/de\/\"},{\"@type\":\"ListItem\",\"position\":2,\"name\":\"Shop\",\"item\":\"https:\/\/italcaffe.it\/de\/shop\/\"},{\"@type\":\"ListItem\",\"position\":3,\"name\":\"1 Kg Costa Rica 100% Arabica Kaffeebohnen Italcaff\u00e8 Espresso Kaffee\"}]},{\"@type\":\"WebSite\",\"@id\":\"https:\/\/italcaffe.it\/de\/#website\",\"url\":\"https:\/\/italcaffe.it\/de\/\",\"name\":\"Italcaff\u00e8\",\"description\":\"50 Anni insieme\",\"potentialAction\":[{\"@type\":\"SearchAction\",\"target\":{\"@type\":\"EntryPoint\",\"urlTemplate\":\"https:\/\/italcaffe.it\/de\/?s={search_term_string}\"},\"query-input\":{\"@type\":\"PropertyValueSpecification\",\"valueRequired\":true,\"valueName\":\"search_term_string\"}}],\"inLanguage\":\"de\"}]}<\/script>\n<!-- \/ Yoast SEO plugin. -->","yoast_head_json":{"title":"1 Kg Costa Rica 100% Arabica Kaffeebohnen Italcaff\u00e8 Espresso Kaffee - Italcaff\u00e8","robots":{"index":"index","follow":"follow","max-snippet":"max-snippet:-1","max-image-preview":"max-image-preview:large","max-video-preview":"max-video-preview:-1"},"canonical":"https:\/\/italcaffe.it\/de\/shop\/kaffeebohnen\/arabica-bohnen\/italcaffe-espresso-costa-rica-1-kg\/","og_locale":"de_DE","og_type":"article","og_title":"1 Kg Costa Rica 100% Arabica Kaffeebohnen Italcaff\u00e8 Espresso Kaffee - Italcaff\u00e8","og_description":"100% Arabica Kaffeebohnen Costa Rica Tarrazu. Kaffee mit gutem K\u00f6rper und Aroma. Der feine S\u00e4uregehalt druckt Nuancen von milden Zitrusfr\u00fcchten aus, die im Nachgeschmack mit Spuren Von dunklem Kakao und Gew\u00fcrzen angereichert sind. Tarrazu Kaffees gelten als mit die besten Kaffees der Welt und sind wegen ihrer Klasse mittlerweile auch weltweit bekannt. Der Name stammt von der Gegend, in der sie angebaut werden, in Tarraz\u00fa einem Kanton der costa-ricanischen Provinz San Jos\u00e9. Verwendbar f\u00fcr professionelle Maschinen des Espresso-Stabes und Verkauf\u00e4utomaten. Als Bohnen unter Schutzatmosph\u00e4re verpackten, 1.000 g Packungen mit unidirektionalem Aromaschutzventil. Perfekte Espresso Kaffeebohnen f\u00fcr Vollautomaten und Siebtr\u00e4germaschinen.","og_url":"https:\/\/italcaffe.it\/de\/shop\/kaffeebohnen\/arabica-bohnen\/italcaffe-espresso-costa-rica-1-kg\/","og_site_name":"Italcaff\u00e8","article_modified_time":"2021-11-12T16:38:18+00:00","og_image":[{"width":825,"height":1000,"url":"https:\/\/italcaffe.it\/wp-content\/uploads\/2020\/02\/Senza-titolo-1_0025_italcaffe84538.jpg","type":"image\/jpeg"}],"twitter_card":"summary_large_image","schema":{"@context":"https:\/\/schema.org","@graph":[{"@type":"WebPage","@id":"https:\/\/italcaffe.it\/de\/shop\/kaffeebohnen\/arabica-bohnen\/italcaffe-espresso-costa-rica-1-kg\/","url":"https:\/\/italcaffe.it\/de\/shop\/kaffeebohnen\/arabica-bohnen\/italcaffe-espresso-costa-rica-1-kg\/","name":"1 Kg Costa Rica 100% Arabica Kaffeebohnen Italcaff\u00e8 Espresso Kaffee - Italcaff\u00e8","isPartOf":{"@id":"https:\/\/italcaffe.it\/de\/#website"},"primaryImageOfPage":{"@id":"https:\/\/italcaffe.it\/de\/shop\/kaffeebohnen\/arabica-bohnen\/italcaffe-espresso-costa-rica-1-kg\/#primaryimage"},"image":{"@id":"https:\/\/italcaffe.it\/de\/shop\/kaffeebohnen\/arabica-bohnen\/italcaffe-espresso-costa-rica-1-kg\/#primaryimage"},"thumbnailUrl":"https:\/\/italcaffe.it\/wp-content\/uploads\/2020\/02\/Senza-titolo-1_0025_italcaffe84538.jpg","datePublished":"2020-02-26T14:47:48+00:00","dateModified":"2021-11-12T16:38:18+00:00","breadcrumb":{"@id":"https:\/\/italcaffe.it\/de\/shop\/kaffeebohnen\/arabica-bohnen\/italcaffe-espresso-costa-rica-1-kg\/#breadcrumb"},"inLanguage":"de","potentialAction":[{"@type":"ReadAction","target":["https:\/\/italcaffe.it\/de\/shop\/kaffeebohnen\/arabica-bohnen\/italcaffe-espresso-costa-rica-1-kg\/"]}]},{"@type":"ImageObject","inLanguage":"de","@id":"https:\/\/italcaffe.it\/de\/shop\/kaffeebohnen\/arabica-bohnen\/italcaffe-espresso-costa-rica-1-kg\/#primaryimage","url":"https:\/\/italcaffe.it\/wp-content\/uploads\/2020\/02\/Senza-titolo-1_0025_italcaffe84538.jpg","contentUrl":"https:\/\/italcaffe.it\/wp-content\/uploads\/2020\/02\/Senza-titolo-1_0025_italcaffe84538.jpg","width":825,"height":1000,"caption":"Caff\u00e8 in grani arabica Costarica 1 kg Espresso Italiano fronte"},{"@type":"BreadcrumbList","@id":"https:\/\/italcaffe.it\/de\/shop\/kaffeebohnen\/arabica-bohnen\/italcaffe-espresso-costa-rica-1-kg\/#breadcrumb","itemListElement":[{"@type":"ListItem","position":1,"name":"Home","item":"https:\/\/italcaffe.it\/de\/"},{"@type":"ListItem","position":2,"name":"Shop","item":"https:\/\/italcaffe.it\/de\/shop\/"},{"@type":"ListItem","position":3,"name":"1 Kg Costa Rica 100% Arabica Kaffeebohnen Italcaff\u00e8 Espresso Kaffee"}]},{"@type":"WebSite","@id":"https:\/\/italcaffe.it\/de\/#website","url":"https:\/\/italcaffe.it\/de\/","name":"Italcaff\u00e8","description":"50 Anni insieme","potentialAction":[{"@type":"SearchAction","target":{"@type":"EntryPoint","urlTemplate":"https:\/\/italcaffe.it\/de\/?s={search_term_string}"},"query-input":{"@type":"PropertyValueSpecification","valueRequired":true,"valueName":"search_term_string"}}],"inLanguage":"de"}]}},"_links":{"self":[{"href":"https:\/\/italcaffe.it\/de\/wp-json\/wp\/v2\/product\/23132","targetHints":{"allow":["GET"]}}],"collection":[{"href":"https:\/\/italcaffe.it\/de\/wp-json\/wp\/v2\/product"}],"about":[{"href":"https:\/\/italcaffe.it\/de\/wp-json\/wp\/v2\/types\/product"}],"wp:featuredmedia":[{"embeddable":true,"href":"https:\/\/italcaffe.it\/de\/wp-json\/wp\/v2\/media\/26546"}],"wp:attachment":[{"href":"https:\/\/italcaffe.it\/de\/wp-json\/wp\/v2\/media?parent=23132"}],"wp:term":[{"taxonomy":"product_brand","embeddable":true,"href":"https:\/\/italcaffe.it\/de\/wp-json\/wp\/v2\/product_brand?post=23132"},{"taxonomy":"product_cat","embeddable":true,"href":"https:\/\/italcaffe.it\/de\/wp-json\/wp\/v2\/product_cat?post=23132"},{"taxonomy":"product_tag","embeddable":true,"href":"https:\/\/italcaffe.it\/de\/wp-json\/wp\/v2\/product_tag?post=23132"}],"curies":[{"name":"wp","href":"https:\/\/api.w.org\/{rel}","templated":true}]}}