{"id":23134,"date":"2020-02-26T16:00:06","date_gmt":"2020-02-26T14:47:48","guid":{"rendered":"https:\/\/www.italcaffe.it\/product\/1-kg-guatemala-100-arabica-kaffeebohnen-italcaffe-espresso-kaffee\/"},"modified":"2021-11-12T17:37:09","modified_gmt":"2021-11-12T16:37:09","slug":"italcaffe-guatemala-1-kg","status":"publish","type":"product","link":"https:\/\/italcaffe.it\/de\/shop\/kaffeebohnen\/arabica-bohnen\/italcaffe-guatemala-1-kg\/","title":{"rendered":"1 Kg Guatemala 100% Arabica Kaffeebohnen Italcaff\u00e8 Espresso Kaffee"},"content":{"rendered":"","protected":false},"excerpt":{"rendered":"<p style=\"text-align: justify\">100% Arabica Kaffeebohnen aus Guatemala. Kaffee mit mittlerem K\u00f6rper und S\u00e4uregehalt, mit Aromen, die frischen Fr\u00fcchten (Pfirsichen und Feigen) und leichten blumigen Balsam verbunden sind. Er zeichnet sich durch einen Nachgeschmack mit einem Hauch Von Kakao und frischen Mandeln aus. Unser Caf\u00e9 de Guatemala enth\u00e4lt ausschlie\u00dflich Bohnen, die ab einer H\u00f6he von 1.300 m \u00fc.d.M. wachsen. Diese G\u00fcteklasse bezeichnet man in Guatemala als SHB (Strictly Hard Bean) Durch diesen langsamen Reifeprozess erh\u00e4lt man einen hochwertigen Kaffee, mit einem f\u00fcr jede Anbauregion charakteristischen feinen Aroma. Verwendbar f\u00fcr professionelle Maschinen des Espresso-Stabes und Verkauf\u00e4utomaten. Als Bohnen unter Schutzatmosph\u00e4re verpackten, 1.000 g Packungen mit unidirektionalem Aromaschutzventil. Perfekte Espresso Kaffeebohnen f\u00fcr Vollautomaten und Siebtr\u00e4germaschinen.<\/p>\n","protected":false},"featured_media":28570,"template":"","meta":{"_acf_changed":false},"product_brand":[],"product_cat":[276,292],"product_tag":[],"class_list":{"0":"post-23134","1":"product","2":"type-product","3":"status-publish","4":"has-post-thumbnail","6":"product_cat-kaffeebohnen","7":"product_cat-arabica-bohnen","9":"first","10":"instock","11":"taxable","12":"shipping-taxable","13":"product-type-grouped"},"acf":[],"yoast_head":"<!-- This site is optimized with the Yoast SEO plugin v27.0 - https:\/\/yoast.com\/product\/yoast-seo-wordpress\/ -->\n<title>1 Kg Guatemala 100% Arabica Kaffeebohnen Italcaff\u00e8 Espresso Kaffee - Italcaff\u00e8<\/title>\n<meta name=\"robots\" content=\"index, follow, max-snippet:-1, max-image-preview:large, max-video-preview:-1\" \/>\n<link rel=\"canonical\" href=\"https:\/\/italcaffe.it\/de\/shop\/kaffeebohnen\/arabica-bohnen\/italcaffe-guatemala-1-kg\/\" \/>\n<meta property=\"og:locale\" content=\"de_DE\" \/>\n<meta property=\"og:type\" content=\"article\" \/>\n<meta property=\"og:title\" content=\"1 Kg Guatemala 100% Arabica Kaffeebohnen Italcaff\u00e8 Espresso Kaffee - Italcaff\u00e8\" \/>\n<meta property=\"og:description\" content=\"100% Arabica Kaffeebohnen aus Guatemala. Kaffee mit mittlerem K\u00f6rper und S\u00e4uregehalt, mit Aromen, die frischen Fr\u00fcchten (Pfirsichen und Feigen) und leichten blumigen Balsam verbunden sind. Er zeichnet sich durch einen Nachgeschmack mit einem Hauch Von Kakao und frischen Mandeln aus. Unser Caf\u00e9 de Guatemala enth\u00e4lt ausschlie\u00dflich Bohnen, die ab einer H\u00f6he von 1.300 m \u00fc.d.M. wachsen. Diese G\u00fcteklasse bezeichnet man in Guatemala als SHB (Strictly Hard Bean) Durch diesen langsamen Reifeprozess erh\u00e4lt man einen hochwertigen Kaffee, mit einem f\u00fcr jede Anbauregion charakteristischen feinen Aroma. Verwendbar f\u00fcr professionelle Maschinen des Espresso-Stabes und Verkauf\u00e4utomaten. Als Bohnen unter Schutzatmosph\u00e4re verpackten, 1.000 g Packungen mit unidirektionalem Aromaschutzventil. Perfekte Espresso Kaffeebohnen f\u00fcr Vollautomaten und Siebtr\u00e4germaschinen.\" \/>\n<meta property=\"og:url\" content=\"https:\/\/italcaffe.it\/de\/shop\/kaffeebohnen\/arabica-bohnen\/italcaffe-guatemala-1-kg\/\" \/>\n<meta property=\"og:site_name\" content=\"Italcaff\u00e8\" \/>\n<meta property=\"article:modified_time\" content=\"2021-11-12T16:37:09+00:00\" \/>\n<meta property=\"og:image\" content=\"https:\/\/italcaffe.it\/wp-content\/uploads\/2021\/12\/Guatemala1kg.jpg\" \/>\n\t<meta property=\"og:image:width\" content=\"825\" \/>\n\t<meta property=\"og:image:height\" content=\"1000\" \/>\n\t<meta property=\"og:image:type\" content=\"image\/jpeg\" \/>\n<meta name=\"twitter:card\" content=\"summary_large_image\" \/>\n<script type=\"application\/ld+json\" class=\"yoast-schema-graph\">{\"@context\":\"https:\/\/schema.org\",\"@graph\":[{\"@type\":\"WebPage\",\"@id\":\"https:\/\/italcaffe.it\/de\/shop\/kaffeebohnen\/arabica-bohnen\/italcaffe-guatemala-1-kg\/\",\"url\":\"https:\/\/italcaffe.it\/de\/shop\/kaffeebohnen\/arabica-bohnen\/italcaffe-guatemala-1-kg\/\",\"name\":\"1 Kg Guatemala 100% Arabica Kaffeebohnen Italcaff\u00e8 Espresso Kaffee - Italcaff\u00e8\",\"isPartOf\":{\"@id\":\"https:\/\/italcaffe.it\/de\/#website\"},\"primaryImageOfPage\":{\"@id\":\"https:\/\/italcaffe.it\/de\/shop\/kaffeebohnen\/arabica-bohnen\/italcaffe-guatemala-1-kg\/#primaryimage\"},\"image\":{\"@id\":\"https:\/\/italcaffe.it\/de\/shop\/kaffeebohnen\/arabica-bohnen\/italcaffe-guatemala-1-kg\/#primaryimage\"},\"thumbnailUrl\":\"https:\/\/italcaffe.it\/wp-content\/uploads\/2021\/12\/Guatemala1kg.jpg\",\"datePublished\":\"2020-02-26T14:47:48+00:00\",\"dateModified\":\"2021-11-12T16:37:09+00:00\",\"breadcrumb\":{\"@id\":\"https:\/\/italcaffe.it\/de\/shop\/kaffeebohnen\/arabica-bohnen\/italcaffe-guatemala-1-kg\/#breadcrumb\"},\"inLanguage\":\"de\",\"potentialAction\":[{\"@type\":\"ReadAction\",\"target\":[\"https:\/\/italcaffe.it\/de\/shop\/kaffeebohnen\/arabica-bohnen\/italcaffe-guatemala-1-kg\/\"]}]},{\"@type\":\"ImageObject\",\"inLanguage\":\"de\",\"@id\":\"https:\/\/italcaffe.it\/de\/shop\/kaffeebohnen\/arabica-bohnen\/italcaffe-guatemala-1-kg\/#primaryimage\",\"url\":\"https:\/\/italcaffe.it\/wp-content\/uploads\/2021\/12\/Guatemala1kg.jpg\",\"contentUrl\":\"https:\/\/italcaffe.it\/wp-content\/uploads\/2021\/12\/Guatemala1kg.jpg\",\"width\":825,\"height\":1000,\"caption\":\"Guatemala Arabica Kaffeebohnen 1 kg Espresso Italcaff\u00e8 | Espressobohnen Kaffee\"},{\"@type\":\"BreadcrumbList\",\"@id\":\"https:\/\/italcaffe.it\/de\/shop\/kaffeebohnen\/arabica-bohnen\/italcaffe-guatemala-1-kg\/#breadcrumb\",\"itemListElement\":[{\"@type\":\"ListItem\",\"position\":1,\"name\":\"Home\",\"item\":\"https:\/\/italcaffe.it\/de\/\"},{\"@type\":\"ListItem\",\"position\":2,\"name\":\"Shop\",\"item\":\"https:\/\/italcaffe.it\/de\/shop\/\"},{\"@type\":\"ListItem\",\"position\":3,\"name\":\"1 Kg Guatemala 100% Arabica Kaffeebohnen Italcaff\u00e8 Espresso Kaffee\"}]},{\"@type\":\"WebSite\",\"@id\":\"https:\/\/italcaffe.it\/de\/#website\",\"url\":\"https:\/\/italcaffe.it\/de\/\",\"name\":\"Italcaff\u00e8\",\"description\":\"50 Anni insieme\",\"potentialAction\":[{\"@type\":\"SearchAction\",\"target\":{\"@type\":\"EntryPoint\",\"urlTemplate\":\"https:\/\/italcaffe.it\/de\/?s={search_term_string}\"},\"query-input\":{\"@type\":\"PropertyValueSpecification\",\"valueRequired\":true,\"valueName\":\"search_term_string\"}}],\"inLanguage\":\"de\"}]}<\/script>\n<!-- \/ Yoast SEO plugin. -->","yoast_head_json":{"title":"1 Kg Guatemala 100% Arabica Kaffeebohnen Italcaff\u00e8 Espresso Kaffee - Italcaff\u00e8","robots":{"index":"index","follow":"follow","max-snippet":"max-snippet:-1","max-image-preview":"max-image-preview:large","max-video-preview":"max-video-preview:-1"},"canonical":"https:\/\/italcaffe.it\/de\/shop\/kaffeebohnen\/arabica-bohnen\/italcaffe-guatemala-1-kg\/","og_locale":"de_DE","og_type":"article","og_title":"1 Kg Guatemala 100% Arabica Kaffeebohnen Italcaff\u00e8 Espresso Kaffee - Italcaff\u00e8","og_description":"100% Arabica Kaffeebohnen aus Guatemala. Kaffee mit mittlerem K\u00f6rper und S\u00e4uregehalt, mit Aromen, die frischen Fr\u00fcchten (Pfirsichen und Feigen) und leichten blumigen Balsam verbunden sind. Er zeichnet sich durch einen Nachgeschmack mit einem Hauch Von Kakao und frischen Mandeln aus. Unser Caf\u00e9 de Guatemala enth\u00e4lt ausschlie\u00dflich Bohnen, die ab einer H\u00f6he von 1.300 m \u00fc.d.M. wachsen. Diese G\u00fcteklasse bezeichnet man in Guatemala als SHB (Strictly Hard Bean) Durch diesen langsamen Reifeprozess erh\u00e4lt man einen hochwertigen Kaffee, mit einem f\u00fcr jede Anbauregion charakteristischen feinen Aroma. Verwendbar f\u00fcr professionelle Maschinen des Espresso-Stabes und Verkauf\u00e4utomaten. Als Bohnen unter Schutzatmosph\u00e4re verpackten, 1.000 g Packungen mit unidirektionalem Aromaschutzventil. Perfekte Espresso Kaffeebohnen f\u00fcr Vollautomaten und Siebtr\u00e4germaschinen.","og_url":"https:\/\/italcaffe.it\/de\/shop\/kaffeebohnen\/arabica-bohnen\/italcaffe-guatemala-1-kg\/","og_site_name":"Italcaff\u00e8","article_modified_time":"2021-11-12T16:37:09+00:00","og_image":[{"width":825,"height":1000,"url":"https:\/\/italcaffe.it\/wp-content\/uploads\/2021\/12\/Guatemala1kg.jpg","type":"image\/jpeg"}],"twitter_card":"summary_large_image","schema":{"@context":"https:\/\/schema.org","@graph":[{"@type":"WebPage","@id":"https:\/\/italcaffe.it\/de\/shop\/kaffeebohnen\/arabica-bohnen\/italcaffe-guatemala-1-kg\/","url":"https:\/\/italcaffe.it\/de\/shop\/kaffeebohnen\/arabica-bohnen\/italcaffe-guatemala-1-kg\/","name":"1 Kg Guatemala 100% Arabica Kaffeebohnen Italcaff\u00e8 Espresso Kaffee - Italcaff\u00e8","isPartOf":{"@id":"https:\/\/italcaffe.it\/de\/#website"},"primaryImageOfPage":{"@id":"https:\/\/italcaffe.it\/de\/shop\/kaffeebohnen\/arabica-bohnen\/italcaffe-guatemala-1-kg\/#primaryimage"},"image":{"@id":"https:\/\/italcaffe.it\/de\/shop\/kaffeebohnen\/arabica-bohnen\/italcaffe-guatemala-1-kg\/#primaryimage"},"thumbnailUrl":"https:\/\/italcaffe.it\/wp-content\/uploads\/2021\/12\/Guatemala1kg.jpg","datePublished":"2020-02-26T14:47:48+00:00","dateModified":"2021-11-12T16:37:09+00:00","breadcrumb":{"@id":"https:\/\/italcaffe.it\/de\/shop\/kaffeebohnen\/arabica-bohnen\/italcaffe-guatemala-1-kg\/#breadcrumb"},"inLanguage":"de","potentialAction":[{"@type":"ReadAction","target":["https:\/\/italcaffe.it\/de\/shop\/kaffeebohnen\/arabica-bohnen\/italcaffe-guatemala-1-kg\/"]}]},{"@type":"ImageObject","inLanguage":"de","@id":"https:\/\/italcaffe.it\/de\/shop\/kaffeebohnen\/arabica-bohnen\/italcaffe-guatemala-1-kg\/#primaryimage","url":"https:\/\/italcaffe.it\/wp-content\/uploads\/2021\/12\/Guatemala1kg.jpg","contentUrl":"https:\/\/italcaffe.it\/wp-content\/uploads\/2021\/12\/Guatemala1kg.jpg","width":825,"height":1000,"caption":"Guatemala Arabica Kaffeebohnen 1 kg Espresso Italcaff\u00e8 | Espressobohnen Kaffee"},{"@type":"BreadcrumbList","@id":"https:\/\/italcaffe.it\/de\/shop\/kaffeebohnen\/arabica-bohnen\/italcaffe-guatemala-1-kg\/#breadcrumb","itemListElement":[{"@type":"ListItem","position":1,"name":"Home","item":"https:\/\/italcaffe.it\/de\/"},{"@type":"ListItem","position":2,"name":"Shop","item":"https:\/\/italcaffe.it\/de\/shop\/"},{"@type":"ListItem","position":3,"name":"1 Kg Guatemala 100% Arabica Kaffeebohnen Italcaff\u00e8 Espresso Kaffee"}]},{"@type":"WebSite","@id":"https:\/\/italcaffe.it\/de\/#website","url":"https:\/\/italcaffe.it\/de\/","name":"Italcaff\u00e8","description":"50 Anni insieme","potentialAction":[{"@type":"SearchAction","target":{"@type":"EntryPoint","urlTemplate":"https:\/\/italcaffe.it\/de\/?s={search_term_string}"},"query-input":{"@type":"PropertyValueSpecification","valueRequired":true,"valueName":"search_term_string"}}],"inLanguage":"de"}]}},"_links":{"self":[{"href":"https:\/\/italcaffe.it\/de\/wp-json\/wp\/v2\/product\/23134","targetHints":{"allow":["GET"]}}],"collection":[{"href":"https:\/\/italcaffe.it\/de\/wp-json\/wp\/v2\/product"}],"about":[{"href":"https:\/\/italcaffe.it\/de\/wp-json\/wp\/v2\/types\/product"}],"wp:featuredmedia":[{"embeddable":true,"href":"https:\/\/italcaffe.it\/de\/wp-json\/wp\/v2\/media\/28570"}],"wp:attachment":[{"href":"https:\/\/italcaffe.it\/de\/wp-json\/wp\/v2\/media?parent=23134"}],"wp:term":[{"taxonomy":"product_brand","embeddable":true,"href":"https:\/\/italcaffe.it\/de\/wp-json\/wp\/v2\/product_brand?post=23134"},{"taxonomy":"product_cat","embeddable":true,"href":"https:\/\/italcaffe.it\/de\/wp-json\/wp\/v2\/product_cat?post=23134"},{"taxonomy":"product_tag","embeddable":true,"href":"https:\/\/italcaffe.it\/de\/wp-json\/wp\/v2\/product_tag?post=23134"}],"curies":[{"name":"wp","href":"https:\/\/api.w.org\/{rel}","templated":true}]}}