{"id":23143,"date":"2020-02-26T16:00:06","date_gmt":"2020-02-26T14:47:53","guid":{"rendered":"https:\/\/www.italcaffe.it\/product\/italcaffe-espresso-brasilien-100-arabica-kaffeebohnen-4-x-250g\/"},"modified":"2022-12-29T19:03:52","modified_gmt":"2022-12-29T18:03:52","slug":"italcaffe-espresso-brasilien-250g","status":"publish","type":"product","link":"https:\/\/italcaffe.it\/de\/shop\/kaffeebohnen\/arabica-bohnen\/italcaffe-espresso-brasilien-250g\/","title":{"rendered":"Italcaff\u00e8 Espresso Brasilien 100% Arabica Kaffeebohnen 250g"},"content":{"rendered":"<p>1<span style=\"color: #000000;\">00% Arabica Kaffeebohnen <a href=\"https:\/\/www.italcaffe.it\/de\/geschichte\/\" target=\"_blank\" rel=\"noopener\">Italcaff\u00e8<\/a> Brasilien Santos. <a href=\"https:\/\/www.italcaffe.it\/de\/geschichte\/\">Milder Kaffee,<\/a> sehr ausgewogen mit mittlerem S\u00e4uregehalt und K\u00f6rper. Er unterscheidet sich durch Aromen von Malz, Kakao und Getreide. Nuancen von Schokolade und <a href=\"https:\/\/www.italcaffe.it\/de\/torrefazione\/\">ger\u00f6steten<\/a> Erdn\u00fcssen im Nachgeschmack. Santos Arabica: Als s\u00e4urearmer Kaffee ist er sehr gut vertr\u00e4glich, b\u00fc\u00dft dadurch aber nichts an Geschmack ein. Das macht den Brasil Santos Kaffee zu einer der beliebtesten Sorten. Benannt wurde der Kaffee nach der Stadt Santos, der bedeutendsten Hafenstadt Lateinamerikas, von wo er verschifft wird.. Verwendbar f\u00fcr professionelle Maschinen des Espresso-Stabes und Verkauf\u00e4utomaten. <\/span><span style=\"color: #000000;\"><a href=\"https:\/\/www.italcaffe.it\/de\/torrefazione\/\">Ganze Espressobohnen<\/a> in sch\u00fctzender Atmosph\u00e4re verpackt, um Geschmack und Frische zu erhalten.<\/span><span style=\"color: #ff0000;\"><span style=\"color: #000000;\">Vier Seiten versiegelten Beutel von 250g mit unidirektionalem Aromaschutzventil. Diese Eigenschaften garantieren eine bessere Haltbarkeit sowie eine h\u00f6here Qualit\u00e4t des Produkts im Vergleich zu den \u00fcblichen Kaffeebeuteln, die Sie auf dem Markt finden<\/span><\/span><strong><span style=\"color: #ff0000;\">.<\/span><\/strong><\/p>\n<p style=\"text-align: justify;\"><span style=\"color: #000000;\">Italcaff\u00e8 bietet auf der gesamten Welt die gleiche Qualit\u00e4t an Kaffee an, was nicht zuletzt als Folge gro\u00dfer Leidenschaft f\u00fcr Kaffee sowie aus langer Erfahrung, Wissenschaft und Innovationsbem\u00fchungen resultiert.<\/span><\/p>\n<p style=\"text-align: justify;\"><span style=\"color: #000000;\">Diese Eigenschaften garantieren eine bessere Haltbarkeit sowie eine h\u00f6here Qualit\u00e4t des Produkts im Vergleich zu den \u00fcblichen Kaffeebeuteln, die Sie auf dem Markt finden.\u00a0Kaffeebohnen 1kg Italcaff\u00e8 Espresso dolce crema Kaffee ganze bohne.<\/span><\/p>\n","protected":false},"excerpt":{"rendered":"<p style=\"text-align: justify;\">1<span style=\"color: #000000;\">00% Arabica Kaffeebohnen <a href=\"https:\/\/www.italcaffe.it\/de\/geschichte\/\" target=\"_blank\" rel=\"noopener\">Italcaff\u00e8<\/a> Brasilien Santos. <a href=\"https:\/\/www.italcaffe.it\/de\/geschichte\/\">Milder Kaffee,<\/a> sehr ausgewogen mit mittlerem S\u00e4uregehalt und K\u00f6rper. Er unterscheidet sich durch Aromen von Malz, Kakao und Getreide. Nuancen von Schokolade und <a href=\"https:\/\/www.italcaffe.it\/de\/torrefazione\/\">ger\u00f6steten<\/a> Erdn\u00fcssen im Nachgeschmack. Santos Arabica: Als s\u00e4urearmer Kaffee ist er sehr gut vertr\u00e4glich, b\u00fc\u00dft dadurch aber nichts an Geschmack ein. Das macht den Brasil Santos Kaffee zu einer der beliebtesten Sorten. Benannt wurde der Kaffee nach der Stadt Santos, der bedeutendsten Hafenstadt Lateinamerikas, von wo er verschifft wird.. Verwendbar f\u00fcr professionelle Maschinen des Espresso-Stabes und Verkauf\u00e4utomaten. <\/span><span style=\"color: #000000;\"><a href=\"https:\/\/www.italcaffe.it\/de\/torrefazione\/\">Ganze Espressobohnen<\/a> in sch\u00fctzender Atmosph\u00e4re verpackt, um Geschmack und Frische zu erhalten.<\/span><span style=\"color: #ff0000;\"><span style=\"color: #000000;\">Vier Seiten versiegelten Beutel von 250g mit unidirektionalem Aromaschutzventil. Diese Eigenschaften garantieren eine bessere Haltbarkeit sowie eine h\u00f6here Qualit\u00e4t des Produkts im Vergleich zu den \u00fcblichen Kaffeebeuteln, die Sie auf dem Markt finden<\/span><\/span><strong><span style=\"color: #ff0000;\">.<\/span><\/strong><\/p>\n","protected":false},"featured_media":28594,"template":"","meta":{"_acf_changed":false},"product_brand":[],"product_cat":[276,292],"product_tag":[],"class_list":{"0":"post-23143","1":"product","2":"type-product","3":"status-publish","4":"has-post-thumbnail","6":"product_cat-kaffeebohnen","7":"product_cat-arabica-bohnen","9":"first","10":"instock","11":"taxable","12":"shipping-taxable","13":"product-type-grouped"},"acf":[],"yoast_head":"<!-- This site is optimized with the Yoast SEO plugin v27.0 - https:\/\/yoast.com\/product\/yoast-seo-wordpress\/ -->\n<title>Italcaff\u00e8 Espresso Brasilien Arabica Kaffeebohnen 250g Italienisher Kaffee<\/title>\n<meta name=\"description\" content=\"Italcaff\u00e8 Espresso Brasilien Arabica Kaffee. Milder Kaffeeohnen, sehr ausgewogen mit mittlerem S\u00e4uregehalt und korper. Italienischer Kaffee.\" \/>\n<meta name=\"robots\" content=\"index, follow, max-snippet:-1, max-image-preview:large, max-video-preview:-1\" \/>\n<link rel=\"canonical\" href=\"https:\/\/italcaffe.it\/de\/shop\/kaffeebohnen\/arabica-bohnen\/italcaffe-espresso-brasilien-250g\/\" \/>\n<meta property=\"og:locale\" content=\"de_DE\" \/>\n<meta property=\"og:type\" content=\"article\" \/>\n<meta property=\"og:title\" content=\"Italcaff\u00e8 Espresso Brasilien Arabica Kaffeebohnen 250g Italienisher Kaffee\" \/>\n<meta property=\"og:description\" content=\"Italcaff\u00e8 Espresso Brasilien Arabica Kaffee. Milder Kaffeeohnen, sehr ausgewogen mit mittlerem S\u00e4uregehalt und korper. Italienischer Kaffee.\" \/>\n<meta property=\"og:url\" content=\"https:\/\/italcaffe.it\/de\/shop\/kaffeebohnen\/arabica-bohnen\/italcaffe-espresso-brasilien-250g\/\" \/>\n<meta property=\"og:site_name\" content=\"Italcaff\u00e8\" \/>\n<meta property=\"article:modified_time\" content=\"2022-12-29T18:03:52+00:00\" \/>\n<meta property=\"og:image\" content=\"https:\/\/italcaffe.it\/wp-content\/uploads\/2021\/12\/Brasile250g.jpg\" \/>\n\t<meta property=\"og:image:width\" content=\"825\" \/>\n\t<meta property=\"og:image:height\" content=\"1000\" \/>\n\t<meta property=\"og:image:type\" content=\"image\/jpeg\" \/>\n<meta name=\"twitter:card\" content=\"summary_large_image\" \/>\n<meta name=\"twitter:label1\" content=\"Gesch\u00e4tzte Lesezeit\" \/>\n\t<meta name=\"twitter:data1\" content=\"2\u00a0Minuten\" \/>\n<script type=\"application\/ld+json\" class=\"yoast-schema-graph\">{\"@context\":\"https:\/\/schema.org\",\"@graph\":[{\"@type\":\"WebPage\",\"@id\":\"https:\/\/italcaffe.it\/de\/shop\/kaffeebohnen\/arabica-bohnen\/italcaffe-espresso-brasilien-250g\/\",\"url\":\"https:\/\/italcaffe.it\/de\/shop\/kaffeebohnen\/arabica-bohnen\/italcaffe-espresso-brasilien-250g\/\",\"name\":\"Italcaff\u00e8 Espresso Brasilien Arabica Kaffeebohnen 250g Italienisher Kaffee\",\"isPartOf\":{\"@id\":\"https:\/\/italcaffe.it\/de\/#website\"},\"primaryImageOfPage\":{\"@id\":\"https:\/\/italcaffe.it\/de\/shop\/kaffeebohnen\/arabica-bohnen\/italcaffe-espresso-brasilien-250g\/#primaryimage\"},\"image\":{\"@id\":\"https:\/\/italcaffe.it\/de\/shop\/kaffeebohnen\/arabica-bohnen\/italcaffe-espresso-brasilien-250g\/#primaryimage\"},\"thumbnailUrl\":\"https:\/\/italcaffe.it\/wp-content\/uploads\/2021\/12\/Brasile250g.jpg\",\"datePublished\":\"2020-02-26T14:47:53+00:00\",\"dateModified\":\"2022-12-29T18:03:52+00:00\",\"description\":\"Italcaff\u00e8 Espresso Brasilien Arabica Kaffee. Milder Kaffeeohnen, sehr ausgewogen mit mittlerem S\u00e4uregehalt und korper. Italienischer Kaffee.\",\"breadcrumb\":{\"@id\":\"https:\/\/italcaffe.it\/de\/shop\/kaffeebohnen\/arabica-bohnen\/italcaffe-espresso-brasilien-250g\/#breadcrumb\"},\"inLanguage\":\"de\",\"potentialAction\":[{\"@type\":\"ReadAction\",\"target\":[\"https:\/\/italcaffe.it\/de\/shop\/kaffeebohnen\/arabica-bohnen\/italcaffe-espresso-brasilien-250g\/\"]}]},{\"@type\":\"ImageObject\",\"inLanguage\":\"de\",\"@id\":\"https:\/\/italcaffe.it\/de\/shop\/kaffeebohnen\/arabica-bohnen\/italcaffe-espresso-brasilien-250g\/#primaryimage\",\"url\":\"https:\/\/italcaffe.it\/wp-content\/uploads\/2021\/12\/Brasile250g.jpg\",\"contentUrl\":\"https:\/\/italcaffe.it\/wp-content\/uploads\/2021\/12\/Brasile250g.jpg\",\"width\":825,\"height\":1000,\"caption\":\"Italcaff\u00e8 Espresso Brasilien 100% Arabica Kaffeebohnen 250g\"},{\"@type\":\"BreadcrumbList\",\"@id\":\"https:\/\/italcaffe.it\/de\/shop\/kaffeebohnen\/arabica-bohnen\/italcaffe-espresso-brasilien-250g\/#breadcrumb\",\"itemListElement\":[{\"@type\":\"ListItem\",\"position\":1,\"name\":\"Home\",\"item\":\"https:\/\/italcaffe.it\/de\/\"},{\"@type\":\"ListItem\",\"position\":2,\"name\":\"Shop\",\"item\":\"https:\/\/italcaffe.it\/de\/shop\/\"},{\"@type\":\"ListItem\",\"position\":3,\"name\":\"Italcaff\u00e8 Espresso Brasilien 100% Arabica Kaffeebohnen 250g\"}]},{\"@type\":\"WebSite\",\"@id\":\"https:\/\/italcaffe.it\/de\/#website\",\"url\":\"https:\/\/italcaffe.it\/de\/\",\"name\":\"Italcaff\u00e8\",\"description\":\"50 Anni insieme\",\"potentialAction\":[{\"@type\":\"SearchAction\",\"target\":{\"@type\":\"EntryPoint\",\"urlTemplate\":\"https:\/\/italcaffe.it\/de\/?s={search_term_string}\"},\"query-input\":{\"@type\":\"PropertyValueSpecification\",\"valueRequired\":true,\"valueName\":\"search_term_string\"}}],\"inLanguage\":\"de\"}]}<\/script>\n<!-- \/ Yoast SEO plugin. -->","yoast_head_json":{"title":"Italcaff\u00e8 Espresso Brasilien Arabica Kaffeebohnen 250g Italienisher Kaffee","description":"Italcaff\u00e8 Espresso Brasilien Arabica Kaffee. Milder Kaffeeohnen, sehr ausgewogen mit mittlerem S\u00e4uregehalt und korper. Italienischer Kaffee.","robots":{"index":"index","follow":"follow","max-snippet":"max-snippet:-1","max-image-preview":"max-image-preview:large","max-video-preview":"max-video-preview:-1"},"canonical":"https:\/\/italcaffe.it\/de\/shop\/kaffeebohnen\/arabica-bohnen\/italcaffe-espresso-brasilien-250g\/","og_locale":"de_DE","og_type":"article","og_title":"Italcaff\u00e8 Espresso Brasilien Arabica Kaffeebohnen 250g Italienisher Kaffee","og_description":"Italcaff\u00e8 Espresso Brasilien Arabica Kaffee. Milder Kaffeeohnen, sehr ausgewogen mit mittlerem S\u00e4uregehalt und korper. Italienischer Kaffee.","og_url":"https:\/\/italcaffe.it\/de\/shop\/kaffeebohnen\/arabica-bohnen\/italcaffe-espresso-brasilien-250g\/","og_site_name":"Italcaff\u00e8","article_modified_time":"2022-12-29T18:03:52+00:00","og_image":[{"width":825,"height":1000,"url":"https:\/\/italcaffe.it\/wp-content\/uploads\/2021\/12\/Brasile250g.jpg","type":"image\/jpeg"}],"twitter_card":"summary_large_image","twitter_misc":{"Gesch\u00e4tzte Lesezeit":"2\u00a0Minuten"},"schema":{"@context":"https:\/\/schema.org","@graph":[{"@type":"WebPage","@id":"https:\/\/italcaffe.it\/de\/shop\/kaffeebohnen\/arabica-bohnen\/italcaffe-espresso-brasilien-250g\/","url":"https:\/\/italcaffe.it\/de\/shop\/kaffeebohnen\/arabica-bohnen\/italcaffe-espresso-brasilien-250g\/","name":"Italcaff\u00e8 Espresso Brasilien Arabica Kaffeebohnen 250g Italienisher Kaffee","isPartOf":{"@id":"https:\/\/italcaffe.it\/de\/#website"},"primaryImageOfPage":{"@id":"https:\/\/italcaffe.it\/de\/shop\/kaffeebohnen\/arabica-bohnen\/italcaffe-espresso-brasilien-250g\/#primaryimage"},"image":{"@id":"https:\/\/italcaffe.it\/de\/shop\/kaffeebohnen\/arabica-bohnen\/italcaffe-espresso-brasilien-250g\/#primaryimage"},"thumbnailUrl":"https:\/\/italcaffe.it\/wp-content\/uploads\/2021\/12\/Brasile250g.jpg","datePublished":"2020-02-26T14:47:53+00:00","dateModified":"2022-12-29T18:03:52+00:00","description":"Italcaff\u00e8 Espresso Brasilien Arabica Kaffee. Milder Kaffeeohnen, sehr ausgewogen mit mittlerem S\u00e4uregehalt und korper. Italienischer Kaffee.","breadcrumb":{"@id":"https:\/\/italcaffe.it\/de\/shop\/kaffeebohnen\/arabica-bohnen\/italcaffe-espresso-brasilien-250g\/#breadcrumb"},"inLanguage":"de","potentialAction":[{"@type":"ReadAction","target":["https:\/\/italcaffe.it\/de\/shop\/kaffeebohnen\/arabica-bohnen\/italcaffe-espresso-brasilien-250g\/"]}]},{"@type":"ImageObject","inLanguage":"de","@id":"https:\/\/italcaffe.it\/de\/shop\/kaffeebohnen\/arabica-bohnen\/italcaffe-espresso-brasilien-250g\/#primaryimage","url":"https:\/\/italcaffe.it\/wp-content\/uploads\/2021\/12\/Brasile250g.jpg","contentUrl":"https:\/\/italcaffe.it\/wp-content\/uploads\/2021\/12\/Brasile250g.jpg","width":825,"height":1000,"caption":"Italcaff\u00e8 Espresso Brasilien 100% Arabica Kaffeebohnen 250g"},{"@type":"BreadcrumbList","@id":"https:\/\/italcaffe.it\/de\/shop\/kaffeebohnen\/arabica-bohnen\/italcaffe-espresso-brasilien-250g\/#breadcrumb","itemListElement":[{"@type":"ListItem","position":1,"name":"Home","item":"https:\/\/italcaffe.it\/de\/"},{"@type":"ListItem","position":2,"name":"Shop","item":"https:\/\/italcaffe.it\/de\/shop\/"},{"@type":"ListItem","position":3,"name":"Italcaff\u00e8 Espresso Brasilien 100% Arabica Kaffeebohnen 250g"}]},{"@type":"WebSite","@id":"https:\/\/italcaffe.it\/de\/#website","url":"https:\/\/italcaffe.it\/de\/","name":"Italcaff\u00e8","description":"50 Anni insieme","potentialAction":[{"@type":"SearchAction","target":{"@type":"EntryPoint","urlTemplate":"https:\/\/italcaffe.it\/de\/?s={search_term_string}"},"query-input":{"@type":"PropertyValueSpecification","valueRequired":true,"valueName":"search_term_string"}}],"inLanguage":"de"}]}},"_links":{"self":[{"href":"https:\/\/italcaffe.it\/de\/wp-json\/wp\/v2\/product\/23143","targetHints":{"allow":["GET"]}}],"collection":[{"href":"https:\/\/italcaffe.it\/de\/wp-json\/wp\/v2\/product"}],"about":[{"href":"https:\/\/italcaffe.it\/de\/wp-json\/wp\/v2\/types\/product"}],"wp:featuredmedia":[{"embeddable":true,"href":"https:\/\/italcaffe.it\/de\/wp-json\/wp\/v2\/media\/28594"}],"wp:attachment":[{"href":"https:\/\/italcaffe.it\/de\/wp-json\/wp\/v2\/media?parent=23143"}],"wp:term":[{"taxonomy":"product_brand","embeddable":true,"href":"https:\/\/italcaffe.it\/de\/wp-json\/wp\/v2\/product_brand?post=23143"},{"taxonomy":"product_cat","embeddable":true,"href":"https:\/\/italcaffe.it\/de\/wp-json\/wp\/v2\/product_cat?post=23143"},{"taxonomy":"product_tag","embeddable":true,"href":"https:\/\/italcaffe.it\/de\/wp-json\/wp\/v2\/product_tag?post=23143"}],"curies":[{"name":"wp","href":"https:\/\/api.w.org\/{rel}","templated":true}]}}