{"id":23145,"date":"2020-02-26T16:00:14","date_gmt":"2020-02-26T14:47:53","guid":{"rendered":"https:\/\/www.italcaffe.it\/product\/italcaffe-100-arabica-kaffeebohnen-brasilien-santos-8x250g\/"},"modified":"2022-12-29T19:05:08","modified_gmt":"2022-12-29T18:05:08","slug":"caffe-espresso-in-grani-italcaffe-brasile-santos-12x250","status":"publish","type":"product","link":"https:\/\/italcaffe.it\/de\/shop\/kaffeebohnen\/arabica-bohnen\/caffe-espresso-in-grani-italcaffe-brasile-santos-12x250\/","title":{"rendered":"Italcaffe 100% Arabica Kaffeebohnen Brasilien Santos 12x250g"},"content":{"rendered":"","protected":false},"excerpt":{"rendered":"<p>100% Arabica Kaffeebohnen Brasilien Santos.\u00a0Milder Kaffee, sehr ausgewogen mit mittlerem S\u00e4uregehalt und K\u00f6rper. Er unterscheidet sich durch Aromen von Malz, Kakao und Getreide. Nuancen von Schokolade und ger\u00f6steten Erdn\u00fcssen im Nachgeschmack.<\/p>\n<p>Santos Arabica: Als s\u00e4urearmer Kaffee ist er sehr gut vertr\u00e4glich, b\u00fc\u00dft dadurch aber nichts an Geschmack ein. Das macht den Brasil Santos Kaffee zu einer der beliebtesten Sorten.\u00a0Benannt wurde der Kaffee nach der Stadt Santos, der bedeutendsten Hafenstadt Lateinamerikas, von wo er verschifft wird.. Verwendbar f\u00fcr professionelle Maschinen des Espresso-Stabes und Verkauf\u00e4utomaten.<\/p>\n<p>Als Bohnen in 250 g Packungen mit unidirektionalem Aromaschutzventil.<\/p>\n","protected":false},"featured_media":28594,"template":"","meta":{"_acf_changed":false},"product_brand":[],"product_cat":[276,292],"product_tag":[],"class_list":{"0":"post-23145","1":"product","2":"type-product","3":"status-publish","4":"has-post-thumbnail","6":"product_cat-kaffeebohnen","7":"product_cat-arabica-bohnen","9":"first","10":"instock","11":"taxable","12":"shipping-taxable","13":"purchasable","14":"product-type-simple"},"acf":[],"yoast_head":"<!-- This site is optimized with the Yoast SEO plugin v27.0 - https:\/\/yoast.com\/product\/yoast-seo-wordpress\/ -->\n<title>Italcaffe 100% Arabica Kaffeebohnen Brasilien Santos 12x250g - Italcaff\u00e8<\/title>\n<meta name=\"robots\" content=\"index, follow, max-snippet:-1, max-image-preview:large, max-video-preview:-1\" \/>\n<link rel=\"canonical\" href=\"https:\/\/italcaffe.it\/de\/shop\/kaffeebohnen\/arabica-bohnen\/caffe-espresso-in-grani-italcaffe-brasile-santos-12x250\/\" \/>\n<meta property=\"og:locale\" content=\"de_DE\" \/>\n<meta property=\"og:type\" content=\"article\" \/>\n<meta property=\"og:title\" content=\"Italcaffe 100% Arabica Kaffeebohnen Brasilien Santos 12x250g - Italcaff\u00e8\" \/>\n<meta property=\"og:description\" content=\"100% Arabica Kaffeebohnen Brasilien Santos.\u00a0Milder Kaffee, sehr ausgewogen mit mittlerem S\u00e4uregehalt und K\u00f6rper. Er unterscheidet sich durch Aromen von Malz, Kakao und Getreide. Nuancen von Schokolade und ger\u00f6steten Erdn\u00fcssen im Nachgeschmack.  Santos Arabica: Als s\u00e4urearmer Kaffee ist er sehr gut vertr\u00e4glich, b\u00fc\u00dft dadurch aber nichts an Geschmack ein. Das macht den Brasil Santos Kaffee zu einer der beliebtesten Sorten.\u00a0Benannt wurde der Kaffee nach der Stadt Santos, der bedeutendsten Hafenstadt Lateinamerikas, von wo er verschifft wird.. Verwendbar f\u00fcr professionelle Maschinen des Espresso-Stabes und Verkauf\u00e4utomaten.  Als Bohnen in 250 g Packungen mit unidirektionalem Aromaschutzventil.\" \/>\n<meta property=\"og:url\" content=\"https:\/\/italcaffe.it\/de\/shop\/kaffeebohnen\/arabica-bohnen\/caffe-espresso-in-grani-italcaffe-brasile-santos-12x250\/\" \/>\n<meta property=\"og:site_name\" content=\"Italcaff\u00e8\" \/>\n<meta property=\"article:modified_time\" content=\"2022-12-29T18:05:08+00:00\" \/>\n<meta property=\"og:image\" content=\"https:\/\/italcaffe.it\/wp-content\/uploads\/2021\/12\/Brasile250g.jpg\" \/>\n\t<meta property=\"og:image:width\" content=\"825\" \/>\n\t<meta property=\"og:image:height\" content=\"1000\" \/>\n\t<meta property=\"og:image:type\" content=\"image\/jpeg\" \/>\n<meta name=\"twitter:card\" content=\"summary_large_image\" \/>\n<script type=\"application\/ld+json\" class=\"yoast-schema-graph\">{\"@context\":\"https:\/\/schema.org\",\"@graph\":[{\"@type\":\"WebPage\",\"@id\":\"https:\/\/italcaffe.it\/de\/shop\/kaffeebohnen\/arabica-bohnen\/caffe-espresso-in-grani-italcaffe-brasile-santos-12x250\/\",\"url\":\"https:\/\/italcaffe.it\/de\/shop\/kaffeebohnen\/arabica-bohnen\/caffe-espresso-in-grani-italcaffe-brasile-santos-12x250\/\",\"name\":\"Italcaffe 100% Arabica Kaffeebohnen Brasilien Santos 12x250g - Italcaff\u00e8\",\"isPartOf\":{\"@id\":\"https:\/\/italcaffe.it\/de\/#website\"},\"primaryImageOfPage\":{\"@id\":\"https:\/\/italcaffe.it\/de\/shop\/kaffeebohnen\/arabica-bohnen\/caffe-espresso-in-grani-italcaffe-brasile-santos-12x250\/#primaryimage\"},\"image\":{\"@id\":\"https:\/\/italcaffe.it\/de\/shop\/kaffeebohnen\/arabica-bohnen\/caffe-espresso-in-grani-italcaffe-brasile-santos-12x250\/#primaryimage\"},\"thumbnailUrl\":\"https:\/\/italcaffe.it\/wp-content\/uploads\/2021\/12\/Brasile250g.jpg\",\"datePublished\":\"2020-02-26T14:47:53+00:00\",\"dateModified\":\"2022-12-29T18:05:08+00:00\",\"breadcrumb\":{\"@id\":\"https:\/\/italcaffe.it\/de\/shop\/kaffeebohnen\/arabica-bohnen\/caffe-espresso-in-grani-italcaffe-brasile-santos-12x250\/#breadcrumb\"},\"inLanguage\":\"de\",\"potentialAction\":[{\"@type\":\"ReadAction\",\"target\":[\"https:\/\/italcaffe.it\/de\/shop\/kaffeebohnen\/arabica-bohnen\/caffe-espresso-in-grani-italcaffe-brasile-santos-12x250\/\"]}]},{\"@type\":\"ImageObject\",\"inLanguage\":\"de\",\"@id\":\"https:\/\/italcaffe.it\/de\/shop\/kaffeebohnen\/arabica-bohnen\/caffe-espresso-in-grani-italcaffe-brasile-santos-12x250\/#primaryimage\",\"url\":\"https:\/\/italcaffe.it\/wp-content\/uploads\/2021\/12\/Brasile250g.jpg\",\"contentUrl\":\"https:\/\/italcaffe.it\/wp-content\/uploads\/2021\/12\/Brasile250g.jpg\",\"width\":825,\"height\":1000,\"caption\":\"Italcaff\u00e8 Espresso Brasilien 100% Arabica Kaffeebohnen 250g\"},{\"@type\":\"BreadcrumbList\",\"@id\":\"https:\/\/italcaffe.it\/de\/shop\/kaffeebohnen\/arabica-bohnen\/caffe-espresso-in-grani-italcaffe-brasile-santos-12x250\/#breadcrumb\",\"itemListElement\":[{\"@type\":\"ListItem\",\"position\":1,\"name\":\"Home\",\"item\":\"https:\/\/italcaffe.it\/de\/\"},{\"@type\":\"ListItem\",\"position\":2,\"name\":\"Shop\",\"item\":\"https:\/\/italcaffe.it\/de\/shop\/\"},{\"@type\":\"ListItem\",\"position\":3,\"name\":\"Italcaffe 100% Arabica Kaffeebohnen Brasilien Santos 12x250g\"}]},{\"@type\":\"WebSite\",\"@id\":\"https:\/\/italcaffe.it\/de\/#website\",\"url\":\"https:\/\/italcaffe.it\/de\/\",\"name\":\"Italcaff\u00e8\",\"description\":\"50 Anni insieme\",\"potentialAction\":[{\"@type\":\"SearchAction\",\"target\":{\"@type\":\"EntryPoint\",\"urlTemplate\":\"https:\/\/italcaffe.it\/de\/?s={search_term_string}\"},\"query-input\":{\"@type\":\"PropertyValueSpecification\",\"valueRequired\":true,\"valueName\":\"search_term_string\"}}],\"inLanguage\":\"de\"}]}<\/script>\n<!-- \/ Yoast SEO plugin. -->","yoast_head_json":{"title":"Italcaffe 100% Arabica Kaffeebohnen Brasilien Santos 12x250g - Italcaff\u00e8","robots":{"index":"index","follow":"follow","max-snippet":"max-snippet:-1","max-image-preview":"max-image-preview:large","max-video-preview":"max-video-preview:-1"},"canonical":"https:\/\/italcaffe.it\/de\/shop\/kaffeebohnen\/arabica-bohnen\/caffe-espresso-in-grani-italcaffe-brasile-santos-12x250\/","og_locale":"de_DE","og_type":"article","og_title":"Italcaffe 100% Arabica Kaffeebohnen Brasilien Santos 12x250g - Italcaff\u00e8","og_description":"100% Arabica Kaffeebohnen Brasilien Santos.\u00a0Milder Kaffee, sehr ausgewogen mit mittlerem S\u00e4uregehalt und K\u00f6rper. Er unterscheidet sich durch Aromen von Malz, Kakao und Getreide. Nuancen von Schokolade und ger\u00f6steten Erdn\u00fcssen im Nachgeschmack.  Santos Arabica: Als s\u00e4urearmer Kaffee ist er sehr gut vertr\u00e4glich, b\u00fc\u00dft dadurch aber nichts an Geschmack ein. Das macht den Brasil Santos Kaffee zu einer der beliebtesten Sorten.\u00a0Benannt wurde der Kaffee nach der Stadt Santos, der bedeutendsten Hafenstadt Lateinamerikas, von wo er verschifft wird.. Verwendbar f\u00fcr professionelle Maschinen des Espresso-Stabes und Verkauf\u00e4utomaten.  Als Bohnen in 250 g Packungen mit unidirektionalem Aromaschutzventil.","og_url":"https:\/\/italcaffe.it\/de\/shop\/kaffeebohnen\/arabica-bohnen\/caffe-espresso-in-grani-italcaffe-brasile-santos-12x250\/","og_site_name":"Italcaff\u00e8","article_modified_time":"2022-12-29T18:05:08+00:00","og_image":[{"width":825,"height":1000,"url":"https:\/\/italcaffe.it\/wp-content\/uploads\/2021\/12\/Brasile250g.jpg","type":"image\/jpeg"}],"twitter_card":"summary_large_image","schema":{"@context":"https:\/\/schema.org","@graph":[{"@type":"WebPage","@id":"https:\/\/italcaffe.it\/de\/shop\/kaffeebohnen\/arabica-bohnen\/caffe-espresso-in-grani-italcaffe-brasile-santos-12x250\/","url":"https:\/\/italcaffe.it\/de\/shop\/kaffeebohnen\/arabica-bohnen\/caffe-espresso-in-grani-italcaffe-brasile-santos-12x250\/","name":"Italcaffe 100% Arabica Kaffeebohnen Brasilien Santos 12x250g - Italcaff\u00e8","isPartOf":{"@id":"https:\/\/italcaffe.it\/de\/#website"},"primaryImageOfPage":{"@id":"https:\/\/italcaffe.it\/de\/shop\/kaffeebohnen\/arabica-bohnen\/caffe-espresso-in-grani-italcaffe-brasile-santos-12x250\/#primaryimage"},"image":{"@id":"https:\/\/italcaffe.it\/de\/shop\/kaffeebohnen\/arabica-bohnen\/caffe-espresso-in-grani-italcaffe-brasile-santos-12x250\/#primaryimage"},"thumbnailUrl":"https:\/\/italcaffe.it\/wp-content\/uploads\/2021\/12\/Brasile250g.jpg","datePublished":"2020-02-26T14:47:53+00:00","dateModified":"2022-12-29T18:05:08+00:00","breadcrumb":{"@id":"https:\/\/italcaffe.it\/de\/shop\/kaffeebohnen\/arabica-bohnen\/caffe-espresso-in-grani-italcaffe-brasile-santos-12x250\/#breadcrumb"},"inLanguage":"de","potentialAction":[{"@type":"ReadAction","target":["https:\/\/italcaffe.it\/de\/shop\/kaffeebohnen\/arabica-bohnen\/caffe-espresso-in-grani-italcaffe-brasile-santos-12x250\/"]}]},{"@type":"ImageObject","inLanguage":"de","@id":"https:\/\/italcaffe.it\/de\/shop\/kaffeebohnen\/arabica-bohnen\/caffe-espresso-in-grani-italcaffe-brasile-santos-12x250\/#primaryimage","url":"https:\/\/italcaffe.it\/wp-content\/uploads\/2021\/12\/Brasile250g.jpg","contentUrl":"https:\/\/italcaffe.it\/wp-content\/uploads\/2021\/12\/Brasile250g.jpg","width":825,"height":1000,"caption":"Italcaff\u00e8 Espresso Brasilien 100% Arabica Kaffeebohnen 250g"},{"@type":"BreadcrumbList","@id":"https:\/\/italcaffe.it\/de\/shop\/kaffeebohnen\/arabica-bohnen\/caffe-espresso-in-grani-italcaffe-brasile-santos-12x250\/#breadcrumb","itemListElement":[{"@type":"ListItem","position":1,"name":"Home","item":"https:\/\/italcaffe.it\/de\/"},{"@type":"ListItem","position":2,"name":"Shop","item":"https:\/\/italcaffe.it\/de\/shop\/"},{"@type":"ListItem","position":3,"name":"Italcaffe 100% Arabica Kaffeebohnen Brasilien Santos 12x250g"}]},{"@type":"WebSite","@id":"https:\/\/italcaffe.it\/de\/#website","url":"https:\/\/italcaffe.it\/de\/","name":"Italcaff\u00e8","description":"50 Anni insieme","potentialAction":[{"@type":"SearchAction","target":{"@type":"EntryPoint","urlTemplate":"https:\/\/italcaffe.it\/de\/?s={search_term_string}"},"query-input":{"@type":"PropertyValueSpecification","valueRequired":true,"valueName":"search_term_string"}}],"inLanguage":"de"}]}},"_links":{"self":[{"href":"https:\/\/italcaffe.it\/de\/wp-json\/wp\/v2\/product\/23145","targetHints":{"allow":["GET"]}}],"collection":[{"href":"https:\/\/italcaffe.it\/de\/wp-json\/wp\/v2\/product"}],"about":[{"href":"https:\/\/italcaffe.it\/de\/wp-json\/wp\/v2\/types\/product"}],"wp:featuredmedia":[{"embeddable":true,"href":"https:\/\/italcaffe.it\/de\/wp-json\/wp\/v2\/media\/28594"}],"wp:attachment":[{"href":"https:\/\/italcaffe.it\/de\/wp-json\/wp\/v2\/media?parent=23145"}],"wp:term":[{"taxonomy":"product_brand","embeddable":true,"href":"https:\/\/italcaffe.it\/de\/wp-json\/wp\/v2\/product_brand?post=23145"},{"taxonomy":"product_cat","embeddable":true,"href":"https:\/\/italcaffe.it\/de\/wp-json\/wp\/v2\/product_cat?post=23145"},{"taxonomy":"product_tag","embeddable":true,"href":"https:\/\/italcaffe.it\/de\/wp-json\/wp\/v2\/product_tag?post=23145"}],"curies":[{"name":"wp","href":"https:\/\/api.w.org\/{rel}","templated":true}]}}