{"id":23146,"date":"2020-02-26T16:00:14","date_gmt":"2020-02-26T14:47:53","guid":{"rendered":"https:\/\/www.italcaffe.it\/product\/arabica-kaffee-guatemala-4x250g-italcaffe-espresso-ganze-bohne\/"},"modified":"2022-12-29T19:07:56","modified_gmt":"2022-12-29T18:07:56","slug":"arabica-kaffee-guatemala-250g-italcaffe-espresso","status":"publish","type":"product","link":"https:\/\/italcaffe.it\/de\/shop\/kaffeebohnen\/arabica-bohnen\/arabica-kaffee-guatemala-250g-italcaffe-espresso\/","title":{"rendered":"Arabica Kaffee Guatemala 250g Italcaff\u00e8 Espresso Kaffeebohnen"},"content":{"rendered":"<h2 class=\"product_title entry-title text-uppercase pt__35\">Merkmale Guatemala Arabica Kaffee<\/h2>\n<p align=\"justify\">Arabica Kaffee Guatemala von <a href=\"https:\/\/www.italcaffe.it\/de\/geschichte\/\">Italcaff\u00e8<\/a>. <a href=\"https:\/\/www.italcaffe.it\/de\/torrefazione\/\">Kaffeebohnen<\/a> mit mittlerem K\u00f6rper und S\u00e4uregehalt, mit Aromen, die frischen Fr\u00fcchten (Pfirsichen und Feigen) und leichten blumigen Balsam verbunden sind. Er zeichnet sich durch einen Nachgeschmack mit einem Hauch Von Kakao und frischen Mandeln aus. Unser Caf\u00e9 de Guatemala enth\u00e4lt ausschlie\u00dflich Bohnen, die ab einer H\u00f6he von 1.300 m \u00fc.d.M. wachsen. Diese G\u00fcteklasse bezeichnet man in Guatemala als SHB (Strictly Hard Bean) \u00a0Durch diesen langsamen Reifeprozess erh\u00e4lt man einen hochwertigen Kaffee, mit einem f\u00fcr jede Anbauregion charakteristischen feinen Aroma. Verwendbar f\u00fcr professionelle Maschinen des Espresso-Stabes und Verkauf\u00e4utomaten. <span style=\"color: #000000;\">Ganze Espressobohnen in sch\u00fctzender Atmosph\u00e4re verpackt, um Geschmack und Frische zu erhalten.\u00a0Vier Seiten versiegelten Beutel von 250g mit unidirektionalem Aromaschutzventil.\u00a0Diese Eigenschaften garantieren eine bessere Haltbarkeit sowie eine h\u00f6here Qualit\u00e4t des Produkts im Vergleich zu den \u00fcblichen Kaffeebeuteln, die Sie auf dem Markt finden.<\/span><\/p>\n<h2 class=\"product_title entry-title text-uppercase pt__35\">Die Firma Italcaff\u00e8<\/h2>\n<p align=\"justify\">Italcaff\u00e8 S.p.A. ist eine Kaffeer\u00f6sterei mit Fabrik und B\u00fcros in La Spezia in Italien, der Heimat des echten italienischen Espressos.<br \/>\nDas Unternehmen wurde 1969 gegr\u00fcndet und verf\u00fcgt \u00fcber mehr als 40 Jahre Erfahrung in der R\u00f6stung und Mischung feiner Kaffees.<br \/>\nWir reisen um die Welt, um die besten Kaffeequalit\u00e4ten f\u00fcr unsere Kunden auszuw\u00e4hlen.<br \/>\nUnser Gesch\u00e4ft besteht darin, Rohkaffee direkt von den Herkunftsm\u00e4rkten zu importieren.<br \/>\nDanach verwandeln wir mit Leidenschaft, Erfahrung und K\u00f6nnen den Rohstoff in kostbare Mischungen mit einem einzigartigen und unverwechselbaren Geschmack.<br \/>\nDar\u00fcber hinaus wird die Zuverl\u00e4ssigkeit des gesamten Herstellungsprozesses von Italcaff\u00e8 durch die Qualit\u00e4tszertifizierung UNI EN ISO 9001: 2015 garantiert.<br \/>\nDeshalb setzen wir uns seit jeher daf\u00fcr ein, das Aroma echten italienischen Espressos nach Italien und in die Welt zu bringen, zu Hause und an der Bar.<br \/>\nEgal, ob Sie ein Barprofi oder ein Liebhaber guten Kaffees sind, Italcaff\u00e8 hat die richtige Italienischer Kaffee mischung f\u00fcr Sie. Italienische kaffeesorten.<br \/>\nJetzt kann jeder das Aroma von Italcaff\u00e8 genie\u00dfen.<\/p>\n","protected":false},"excerpt":{"rendered":"<p style=\"text-align: justify;\">Arabica Kaffee Guatemala von <a href=\"https:\/\/www.italcaffe.it\/de\/geschichte\/\">Italcaff\u00e8<\/a>. Kaffeebohnen mit mittlerem K\u00f6rper und S\u00e4uregehalt, mit Aromen, die frischen Fr\u00fcchten (Pfirsichen und Feigen) und leichten blumigen Balsam verbunden sind. Er zeichnet sich durch einen Nachgeschmack mit einem Hauch Von Kakao und frischen Mandeln aus. Unser Caf\u00e9 de Guatemala enth\u00e4lt ausschlie\u00dflich Bohnen, die ab einer H\u00f6he von 1.300 m \u00fc.d.M. wachsen. Diese G\u00fcteklasse bezeichnet man in Guatemala als SHB (Strictly Hard Bean) \u00a0Durch diesen langsamen Reifeprozess erh\u00e4lt man einen hochwertigen Kaffee, mit einem f\u00fcr jede Anbauregion charakteristischen feinen Aroma. Verwendbar f\u00fcr professionelle Maschinen des Espresso-Stabes und Verkauf\u00e4utomaten. <span style=\"color: #000000;\">Ganze Espressobohnen in sch\u00fctzender Atmosph\u00e4re verpackt, um Geschmack und Frische zu erhalten.\u00a0Vier Seiten versiegelten Beutel von 250g mit unidirektionalem Aromaschutzventil.\u00a0Diese Eigenschaften garantieren eine bessere Haltbarkeit sowie eine h\u00f6here Qualit\u00e4t des Produkts im Vergleich zu den \u00fcblichen Kaffeebeuteln, die Sie auf dem Markt finden.<\/span><\/p>\n","protected":false},"featured_media":28618,"template":"","meta":{"_acf_changed":false},"product_brand":[],"product_cat":[276,292],"product_tag":[],"class_list":{"0":"post-23146","1":"product","2":"type-product","3":"status-publish","4":"has-post-thumbnail","6":"product_cat-kaffeebohnen","7":"product_cat-arabica-bohnen","9":"first","10":"instock","11":"taxable","12":"shipping-taxable","13":"product-type-grouped"},"acf":[],"yoast_head":"<!-- This site is optimized with the Yoast SEO plugin v27.0 - https:\/\/yoast.com\/product\/yoast-seo-wordpress\/ -->\n<title>Arabica Kaffee Guatemala 250g Italcaff\u00e8 Espresso Kaffeebohnen<\/title>\n<meta name=\"robots\" content=\"index, follow, max-snippet:-1, max-image-preview:large, max-video-preview:-1\" \/>\n<link rel=\"canonical\" href=\"https:\/\/italcaffe.it\/de\/shop\/kaffeebohnen\/arabica-bohnen\/arabica-kaffee-guatemala-250g-italcaffe-espresso\/\" \/>\n<meta property=\"og:locale\" content=\"de_DE\" \/>\n<meta property=\"og:type\" content=\"article\" \/>\n<meta property=\"og:title\" content=\"Arabica Kaffee Guatemala 250g Italcaff\u00e8 Espresso Kaffeebohnen\" \/>\n<meta property=\"og:description\" content=\"Arabica Kaffee Guatemala von Italcaff\u00e8. Kaffeebohnen mit mittlerem K\u00f6rper und S\u00e4uregehalt, mit Aromen, die frischen Fr\u00fcchten (Pfirsichen und Feigen) und leichten blumigen Balsam verbunden sind. Er zeichnet sich durch einen Nachgeschmack mit einem Hauch Von Kakao und frischen Mandeln aus. Unser Caf\u00e9 de Guatemala enth\u00e4lt ausschlie\u00dflich Bohnen, die ab einer H\u00f6he von 1.300 m \u00fc.d.M. wachsen. Diese G\u00fcteklasse bezeichnet man in Guatemala als SHB (Strictly Hard Bean) \u00a0Durch diesen langsamen Reifeprozess erh\u00e4lt man einen hochwertigen Kaffee, mit einem f\u00fcr jede Anbauregion charakteristischen feinen Aroma. Verwendbar f\u00fcr professionelle Maschinen des Espresso-Stabes und Verkauf\u00e4utomaten. Ganze Espressobohnen in sch\u00fctzender Atmosph\u00e4re verpackt, um Geschmack und Frische zu erhalten.\u00a0Vier Seiten versiegelten Beutel von 250g mit unidirektionalem Aromaschutzventil.\u00a0Diese Eigenschaften garantieren eine bessere Haltbarkeit sowie eine h\u00f6here Qualit\u00e4t des Produkts im Vergleich zu den \u00fcblichen Kaffeebeuteln, die Sie auf dem Markt finden.\" \/>\n<meta property=\"og:url\" content=\"https:\/\/italcaffe.it\/de\/shop\/kaffeebohnen\/arabica-bohnen\/arabica-kaffee-guatemala-250g-italcaffe-espresso\/\" \/>\n<meta property=\"og:site_name\" content=\"Italcaff\u00e8\" \/>\n<meta property=\"article:modified_time\" content=\"2022-12-29T18:07:56+00:00\" \/>\n<meta property=\"og:image\" content=\"https:\/\/italcaffe.it\/wp-content\/uploads\/2021\/12\/Guatemala250g.jpg\" \/>\n\t<meta property=\"og:image:width\" content=\"825\" \/>\n\t<meta property=\"og:image:height\" content=\"1000\" \/>\n\t<meta property=\"og:image:type\" content=\"image\/jpeg\" \/>\n<meta name=\"twitter:card\" content=\"summary_large_image\" \/>\n<meta name=\"twitter:label1\" content=\"Gesch\u00e4tzte Lesezeit\" \/>\n\t<meta name=\"twitter:data1\" content=\"2\u00a0Minuten\" \/>\n<script type=\"application\/ld+json\" class=\"yoast-schema-graph\">{\"@context\":\"https:\/\/schema.org\",\"@graph\":[{\"@type\":\"WebPage\",\"@id\":\"https:\/\/italcaffe.it\/de\/shop\/kaffeebohnen\/arabica-bohnen\/arabica-kaffee-guatemala-250g-italcaffe-espresso\/\",\"url\":\"https:\/\/italcaffe.it\/de\/shop\/kaffeebohnen\/arabica-bohnen\/arabica-kaffee-guatemala-250g-italcaffe-espresso\/\",\"name\":\"Arabica Kaffee Guatemala 250g Italcaff\u00e8 Espresso Kaffeebohnen\",\"isPartOf\":{\"@id\":\"https:\/\/italcaffe.it\/de\/#website\"},\"primaryImageOfPage\":{\"@id\":\"https:\/\/italcaffe.it\/de\/shop\/kaffeebohnen\/arabica-bohnen\/arabica-kaffee-guatemala-250g-italcaffe-espresso\/#primaryimage\"},\"image\":{\"@id\":\"https:\/\/italcaffe.it\/de\/shop\/kaffeebohnen\/arabica-bohnen\/arabica-kaffee-guatemala-250g-italcaffe-espresso\/#primaryimage\"},\"thumbnailUrl\":\"https:\/\/italcaffe.it\/wp-content\/uploads\/2021\/12\/Guatemala250g.jpg\",\"datePublished\":\"2020-02-26T14:47:53+00:00\",\"dateModified\":\"2022-12-29T18:07:56+00:00\",\"breadcrumb\":{\"@id\":\"https:\/\/italcaffe.it\/de\/shop\/kaffeebohnen\/arabica-bohnen\/arabica-kaffee-guatemala-250g-italcaffe-espresso\/#breadcrumb\"},\"inLanguage\":\"de\",\"potentialAction\":[{\"@type\":\"ReadAction\",\"target\":[\"https:\/\/italcaffe.it\/de\/shop\/kaffeebohnen\/arabica-bohnen\/arabica-kaffee-guatemala-250g-italcaffe-espresso\/\"]}]},{\"@type\":\"ImageObject\",\"inLanguage\":\"de\",\"@id\":\"https:\/\/italcaffe.it\/de\/shop\/kaffeebohnen\/arabica-bohnen\/arabica-kaffee-guatemala-250g-italcaffe-espresso\/#primaryimage\",\"url\":\"https:\/\/italcaffe.it\/wp-content\/uploads\/2021\/12\/Guatemala250g.jpg\",\"contentUrl\":\"https:\/\/italcaffe.it\/wp-content\/uploads\/2021\/12\/Guatemala250g.jpg\",\"width\":825,\"height\":1000,\"caption\":\"Guatemala Arabica Kaffeebohnen 250 g Espresso Italcaff\u00e8 | Espressobohnen Kaffee\"},{\"@type\":\"BreadcrumbList\",\"@id\":\"https:\/\/italcaffe.it\/de\/shop\/kaffeebohnen\/arabica-bohnen\/arabica-kaffee-guatemala-250g-italcaffe-espresso\/#breadcrumb\",\"itemListElement\":[{\"@type\":\"ListItem\",\"position\":1,\"name\":\"Home\",\"item\":\"https:\/\/italcaffe.it\/de\/\"},{\"@type\":\"ListItem\",\"position\":2,\"name\":\"Shop\",\"item\":\"https:\/\/italcaffe.it\/de\/shop\/\"},{\"@type\":\"ListItem\",\"position\":3,\"name\":\"Arabica Kaffee Guatemala 250g Italcaff\u00e8 Espresso Kaffeebohnen\"}]},{\"@type\":\"WebSite\",\"@id\":\"https:\/\/italcaffe.it\/de\/#website\",\"url\":\"https:\/\/italcaffe.it\/de\/\",\"name\":\"Italcaff\u00e8\",\"description\":\"50 Anni insieme\",\"potentialAction\":[{\"@type\":\"SearchAction\",\"target\":{\"@type\":\"EntryPoint\",\"urlTemplate\":\"https:\/\/italcaffe.it\/de\/?s={search_term_string}\"},\"query-input\":{\"@type\":\"PropertyValueSpecification\",\"valueRequired\":true,\"valueName\":\"search_term_string\"}}],\"inLanguage\":\"de\"}]}<\/script>\n<!-- \/ Yoast SEO plugin. -->","yoast_head_json":{"title":"Arabica Kaffee Guatemala 250g Italcaff\u00e8 Espresso Kaffeebohnen","robots":{"index":"index","follow":"follow","max-snippet":"max-snippet:-1","max-image-preview":"max-image-preview:large","max-video-preview":"max-video-preview:-1"},"canonical":"https:\/\/italcaffe.it\/de\/shop\/kaffeebohnen\/arabica-bohnen\/arabica-kaffee-guatemala-250g-italcaffe-espresso\/","og_locale":"de_DE","og_type":"article","og_title":"Arabica Kaffee Guatemala 250g Italcaff\u00e8 Espresso Kaffeebohnen","og_description":"Arabica Kaffee Guatemala von Italcaff\u00e8. Kaffeebohnen mit mittlerem K\u00f6rper und S\u00e4uregehalt, mit Aromen, die frischen Fr\u00fcchten (Pfirsichen und Feigen) und leichten blumigen Balsam verbunden sind. Er zeichnet sich durch einen Nachgeschmack mit einem Hauch Von Kakao und frischen Mandeln aus. Unser Caf\u00e9 de Guatemala enth\u00e4lt ausschlie\u00dflich Bohnen, die ab einer H\u00f6he von 1.300 m \u00fc.d.M. wachsen. Diese G\u00fcteklasse bezeichnet man in Guatemala als SHB (Strictly Hard Bean) \u00a0Durch diesen langsamen Reifeprozess erh\u00e4lt man einen hochwertigen Kaffee, mit einem f\u00fcr jede Anbauregion charakteristischen feinen Aroma. Verwendbar f\u00fcr professionelle Maschinen des Espresso-Stabes und Verkauf\u00e4utomaten. Ganze Espressobohnen in sch\u00fctzender Atmosph\u00e4re verpackt, um Geschmack und Frische zu erhalten.\u00a0Vier Seiten versiegelten Beutel von 250g mit unidirektionalem Aromaschutzventil.\u00a0Diese Eigenschaften garantieren eine bessere Haltbarkeit sowie eine h\u00f6here Qualit\u00e4t des Produkts im Vergleich zu den \u00fcblichen Kaffeebeuteln, die Sie auf dem Markt finden.","og_url":"https:\/\/italcaffe.it\/de\/shop\/kaffeebohnen\/arabica-bohnen\/arabica-kaffee-guatemala-250g-italcaffe-espresso\/","og_site_name":"Italcaff\u00e8","article_modified_time":"2022-12-29T18:07:56+00:00","og_image":[{"width":825,"height":1000,"url":"https:\/\/italcaffe.it\/wp-content\/uploads\/2021\/12\/Guatemala250g.jpg","type":"image\/jpeg"}],"twitter_card":"summary_large_image","twitter_misc":{"Gesch\u00e4tzte Lesezeit":"2\u00a0Minuten"},"schema":{"@context":"https:\/\/schema.org","@graph":[{"@type":"WebPage","@id":"https:\/\/italcaffe.it\/de\/shop\/kaffeebohnen\/arabica-bohnen\/arabica-kaffee-guatemala-250g-italcaffe-espresso\/","url":"https:\/\/italcaffe.it\/de\/shop\/kaffeebohnen\/arabica-bohnen\/arabica-kaffee-guatemala-250g-italcaffe-espresso\/","name":"Arabica Kaffee Guatemala 250g Italcaff\u00e8 Espresso Kaffeebohnen","isPartOf":{"@id":"https:\/\/italcaffe.it\/de\/#website"},"primaryImageOfPage":{"@id":"https:\/\/italcaffe.it\/de\/shop\/kaffeebohnen\/arabica-bohnen\/arabica-kaffee-guatemala-250g-italcaffe-espresso\/#primaryimage"},"image":{"@id":"https:\/\/italcaffe.it\/de\/shop\/kaffeebohnen\/arabica-bohnen\/arabica-kaffee-guatemala-250g-italcaffe-espresso\/#primaryimage"},"thumbnailUrl":"https:\/\/italcaffe.it\/wp-content\/uploads\/2021\/12\/Guatemala250g.jpg","datePublished":"2020-02-26T14:47:53+00:00","dateModified":"2022-12-29T18:07:56+00:00","breadcrumb":{"@id":"https:\/\/italcaffe.it\/de\/shop\/kaffeebohnen\/arabica-bohnen\/arabica-kaffee-guatemala-250g-italcaffe-espresso\/#breadcrumb"},"inLanguage":"de","potentialAction":[{"@type":"ReadAction","target":["https:\/\/italcaffe.it\/de\/shop\/kaffeebohnen\/arabica-bohnen\/arabica-kaffee-guatemala-250g-italcaffe-espresso\/"]}]},{"@type":"ImageObject","inLanguage":"de","@id":"https:\/\/italcaffe.it\/de\/shop\/kaffeebohnen\/arabica-bohnen\/arabica-kaffee-guatemala-250g-italcaffe-espresso\/#primaryimage","url":"https:\/\/italcaffe.it\/wp-content\/uploads\/2021\/12\/Guatemala250g.jpg","contentUrl":"https:\/\/italcaffe.it\/wp-content\/uploads\/2021\/12\/Guatemala250g.jpg","width":825,"height":1000,"caption":"Guatemala Arabica Kaffeebohnen 250 g Espresso Italcaff\u00e8 | Espressobohnen Kaffee"},{"@type":"BreadcrumbList","@id":"https:\/\/italcaffe.it\/de\/shop\/kaffeebohnen\/arabica-bohnen\/arabica-kaffee-guatemala-250g-italcaffe-espresso\/#breadcrumb","itemListElement":[{"@type":"ListItem","position":1,"name":"Home","item":"https:\/\/italcaffe.it\/de\/"},{"@type":"ListItem","position":2,"name":"Shop","item":"https:\/\/italcaffe.it\/de\/shop\/"},{"@type":"ListItem","position":3,"name":"Arabica Kaffee Guatemala 250g Italcaff\u00e8 Espresso Kaffeebohnen"}]},{"@type":"WebSite","@id":"https:\/\/italcaffe.it\/de\/#website","url":"https:\/\/italcaffe.it\/de\/","name":"Italcaff\u00e8","description":"50 Anni insieme","potentialAction":[{"@type":"SearchAction","target":{"@type":"EntryPoint","urlTemplate":"https:\/\/italcaffe.it\/de\/?s={search_term_string}"},"query-input":{"@type":"PropertyValueSpecification","valueRequired":true,"valueName":"search_term_string"}}],"inLanguage":"de"}]}},"_links":{"self":[{"href":"https:\/\/italcaffe.it\/de\/wp-json\/wp\/v2\/product\/23146","targetHints":{"allow":["GET"]}}],"collection":[{"href":"https:\/\/italcaffe.it\/de\/wp-json\/wp\/v2\/product"}],"about":[{"href":"https:\/\/italcaffe.it\/de\/wp-json\/wp\/v2\/types\/product"}],"wp:featuredmedia":[{"embeddable":true,"href":"https:\/\/italcaffe.it\/de\/wp-json\/wp\/v2\/media\/28618"}],"wp:attachment":[{"href":"https:\/\/italcaffe.it\/de\/wp-json\/wp\/v2\/media?parent=23146"}],"wp:term":[{"taxonomy":"product_brand","embeddable":true,"href":"https:\/\/italcaffe.it\/de\/wp-json\/wp\/v2\/product_brand?post=23146"},{"taxonomy":"product_cat","embeddable":true,"href":"https:\/\/italcaffe.it\/de\/wp-json\/wp\/v2\/product_cat?post=23146"},{"taxonomy":"product_tag","embeddable":true,"href":"https:\/\/italcaffe.it\/de\/wp-json\/wp\/v2\/product_tag?post=23146"}],"curies":[{"name":"wp","href":"https:\/\/api.w.org\/{rel}","templated":true}]}}