{"id":23152,"date":"2020-02-26T16:00:14","date_gmt":"2020-02-26T14:47:53","guid":{"rendered":"https:\/\/www.italcaffe.it\/product\/arabica-kaffee-tansania-4x250g-italcaffe-espresso-ganze-bohne\/"},"modified":"2022-12-29T20:32:58","modified_gmt":"2022-12-29T19:32:58","slug":"arabica-kaffee-tansania-italcaffe-espresso-250g","status":"publish","type":"product","link":"https:\/\/italcaffe.it\/de\/shop\/kaffeebohnen\/arabica-bohnen\/arabica-kaffee-tansania-italcaffe-espresso-250g\/","title":{"rendered":"Arabica Kaffee Tansania 250g Italcaff\u00e8 Espresso Ganze Bohne"},"content":{"rendered":"","protected":false},"excerpt":{"rendered":"<p style=\"text-align: justify;\">100% Arabica Kaffeebohnen aus Tansania von Italcaff\u00e8. Kaffee mit einer angenehmen, aromatischen Basis und Nuance von s\u00fc\u00dfer Frucht, Haselnuss und Mandel. Schwacher S\u00e4uregehalt mit rohem Honig im Nageschmack. Der Kaffee ist ein wichtiges Exportgut der tasmanischen Wirtschaft. Erzeugt wird eine nicht unerhebliche Menge an Perlbohnen, die angeblich geschmacksintensiver als regul\u00e4re Bohnen sind. Ein guter tansanischer Chagga AA aus der Region Moshi unweit des Kilimandjaro entwickelt eine vollmundige, edle F\u00fclle und einen herrlichen Duft. Verwendbar f\u00fcr professionelle Maschinen des Espresso-Stabes und Verkauf\u00e4utomaten. <strong><span style=\"color: #009900;\">Ganze Espressobohnen in sch\u00fctzender Atmosph\u00e4re verpackt, um Geschmack und Frische zu erhalten.\u00a0<\/span><span style=\"color: #009900;\">Vier Seiten versiegelten Beutel von 250g mit unidirektionalem Aromaschutzventil.<\/span>\u00a0<span style=\"color: #ff0000;\">Diese Eigenschaften garantieren eine bessere Haltbarkeit sowie eine h\u00f6here Qualit\u00e4t des Produkts im Vergleich zu den \u00fcblichen Kaffeebeuteln, die Sie auf dem Markt finden.<\/span><\/strong><\/p>\n","protected":false},"featured_media":28622,"template":"","meta":{"_acf_changed":false},"product_brand":[],"product_cat":[276,292],"product_tag":[],"class_list":{"0":"post-23152","1":"product","2":"type-product","3":"status-publish","4":"has-post-thumbnail","6":"product_cat-kaffeebohnen","7":"product_cat-arabica-bohnen","9":"first","10":"instock","11":"taxable","12":"shipping-taxable","13":"product-type-grouped"},"acf":[],"yoast_head":"<!-- This site is optimized with the Yoast SEO plugin v27.0 - https:\/\/yoast.com\/product\/yoast-seo-wordpress\/ -->\n<title>Arabica Kaffee Tansania Italcaff\u00e8 Espresso Kaffeebohnen 250g<\/title>\n<meta name=\"description\" content=\"Arabica Kaffee Tansania Italcaff\u00e8 250g von Italcaff\u00e8. Kaffee mit einer angenehmen, aromatischen Basis und Nuance von s\u00fc\u00dfer Frucht\" \/>\n<meta name=\"robots\" content=\"index, follow, max-snippet:-1, max-image-preview:large, max-video-preview:-1\" \/>\n<link rel=\"canonical\" href=\"https:\/\/italcaffe.it\/de\/shop\/kaffeebohnen\/arabica-bohnen\/arabica-kaffee-tansania-italcaffe-espresso-250g\/\" \/>\n<meta property=\"og:locale\" content=\"de_DE\" \/>\n<meta property=\"og:type\" content=\"article\" \/>\n<meta property=\"og:title\" content=\"Arabica Kaffee Tansania Italcaff\u00e8 Espresso Kaffeebohnen 250g\" \/>\n<meta property=\"og:description\" content=\"Arabica Kaffee Tansania Italcaff\u00e8 250g von Italcaff\u00e8. Kaffee mit einer angenehmen, aromatischen Basis und Nuance von s\u00fc\u00dfer Frucht\" \/>\n<meta property=\"og:url\" content=\"https:\/\/italcaffe.it\/de\/shop\/kaffeebohnen\/arabica-bohnen\/arabica-kaffee-tansania-italcaffe-espresso-250g\/\" \/>\n<meta property=\"og:site_name\" content=\"Italcaff\u00e8\" \/>\n<meta property=\"article:modified_time\" content=\"2022-12-29T19:32:58+00:00\" \/>\n<meta property=\"og:image\" content=\"https:\/\/italcaffe.it\/wp-content\/uploads\/2021\/12\/Tanzania250g.jpg\" \/>\n\t<meta property=\"og:image:width\" content=\"825\" \/>\n\t<meta property=\"og:image:height\" content=\"1000\" \/>\n\t<meta property=\"og:image:type\" content=\"image\/jpeg\" \/>\n<meta name=\"twitter:card\" content=\"summary_large_image\" \/>\n<script type=\"application\/ld+json\" class=\"yoast-schema-graph\">{\"@context\":\"https:\/\/schema.org\",\"@graph\":[{\"@type\":\"WebPage\",\"@id\":\"https:\/\/italcaffe.it\/de\/shop\/kaffeebohnen\/arabica-bohnen\/arabica-kaffee-tansania-italcaffe-espresso-250g\/\",\"url\":\"https:\/\/italcaffe.it\/de\/shop\/kaffeebohnen\/arabica-bohnen\/arabica-kaffee-tansania-italcaffe-espresso-250g\/\",\"name\":\"Arabica Kaffee Tansania Italcaff\u00e8 Espresso Kaffeebohnen 250g\",\"isPartOf\":{\"@id\":\"https:\/\/italcaffe.it\/de\/#website\"},\"primaryImageOfPage\":{\"@id\":\"https:\/\/italcaffe.it\/de\/shop\/kaffeebohnen\/arabica-bohnen\/arabica-kaffee-tansania-italcaffe-espresso-250g\/#primaryimage\"},\"image\":{\"@id\":\"https:\/\/italcaffe.it\/de\/shop\/kaffeebohnen\/arabica-bohnen\/arabica-kaffee-tansania-italcaffe-espresso-250g\/#primaryimage\"},\"thumbnailUrl\":\"https:\/\/italcaffe.it\/wp-content\/uploads\/2021\/12\/Tanzania250g.jpg\",\"datePublished\":\"2020-02-26T14:47:53+00:00\",\"dateModified\":\"2022-12-29T19:32:58+00:00\",\"description\":\"Arabica Kaffee Tansania Italcaff\u00e8 250g von Italcaff\u00e8. Kaffee mit einer angenehmen, aromatischen Basis und Nuance von s\u00fc\u00dfer Frucht\",\"breadcrumb\":{\"@id\":\"https:\/\/italcaffe.it\/de\/shop\/kaffeebohnen\/arabica-bohnen\/arabica-kaffee-tansania-italcaffe-espresso-250g\/#breadcrumb\"},\"inLanguage\":\"de\",\"potentialAction\":[{\"@type\":\"ReadAction\",\"target\":[\"https:\/\/italcaffe.it\/de\/shop\/kaffeebohnen\/arabica-bohnen\/arabica-kaffee-tansania-italcaffe-espresso-250g\/\"]}]},{\"@type\":\"ImageObject\",\"inLanguage\":\"de\",\"@id\":\"https:\/\/italcaffe.it\/de\/shop\/kaffeebohnen\/arabica-bohnen\/arabica-kaffee-tansania-italcaffe-espresso-250g\/#primaryimage\",\"url\":\"https:\/\/italcaffe.it\/wp-content\/uploads\/2021\/12\/Tanzania250g.jpg\",\"contentUrl\":\"https:\/\/italcaffe.it\/wp-content\/uploads\/2021\/12\/Tanzania250g.jpg\",\"width\":825,\"height\":1000,\"caption\":\"Arabica Kaffee Tansania 250g Italcaff\u00e8 Espresso, Ganze Bohne | Espressobohnen Kaffee Arabica aus Tansania\"},{\"@type\":\"BreadcrumbList\",\"@id\":\"https:\/\/italcaffe.it\/de\/shop\/kaffeebohnen\/arabica-bohnen\/arabica-kaffee-tansania-italcaffe-espresso-250g\/#breadcrumb\",\"itemListElement\":[{\"@type\":\"ListItem\",\"position\":1,\"name\":\"Home\",\"item\":\"https:\/\/italcaffe.it\/de\/\"},{\"@type\":\"ListItem\",\"position\":2,\"name\":\"Shop\",\"item\":\"https:\/\/italcaffe.it\/de\/shop\/\"},{\"@type\":\"ListItem\",\"position\":3,\"name\":\"Arabica Kaffee Tansania 250g Italcaff\u00e8 Espresso Ganze Bohne\"}]},{\"@type\":\"WebSite\",\"@id\":\"https:\/\/italcaffe.it\/de\/#website\",\"url\":\"https:\/\/italcaffe.it\/de\/\",\"name\":\"Italcaff\u00e8\",\"description\":\"50 Anni insieme\",\"potentialAction\":[{\"@type\":\"SearchAction\",\"target\":{\"@type\":\"EntryPoint\",\"urlTemplate\":\"https:\/\/italcaffe.it\/de\/?s={search_term_string}\"},\"query-input\":{\"@type\":\"PropertyValueSpecification\",\"valueRequired\":true,\"valueName\":\"search_term_string\"}}],\"inLanguage\":\"de\"}]}<\/script>\n<!-- \/ Yoast SEO plugin. -->","yoast_head_json":{"title":"Arabica Kaffee Tansania Italcaff\u00e8 Espresso Kaffeebohnen 250g","description":"Arabica Kaffee Tansania Italcaff\u00e8 250g von Italcaff\u00e8. Kaffee mit einer angenehmen, aromatischen Basis und Nuance von s\u00fc\u00dfer Frucht","robots":{"index":"index","follow":"follow","max-snippet":"max-snippet:-1","max-image-preview":"max-image-preview:large","max-video-preview":"max-video-preview:-1"},"canonical":"https:\/\/italcaffe.it\/de\/shop\/kaffeebohnen\/arabica-bohnen\/arabica-kaffee-tansania-italcaffe-espresso-250g\/","og_locale":"de_DE","og_type":"article","og_title":"Arabica Kaffee Tansania Italcaff\u00e8 Espresso Kaffeebohnen 250g","og_description":"Arabica Kaffee Tansania Italcaff\u00e8 250g von Italcaff\u00e8. Kaffee mit einer angenehmen, aromatischen Basis und Nuance von s\u00fc\u00dfer Frucht","og_url":"https:\/\/italcaffe.it\/de\/shop\/kaffeebohnen\/arabica-bohnen\/arabica-kaffee-tansania-italcaffe-espresso-250g\/","og_site_name":"Italcaff\u00e8","article_modified_time":"2022-12-29T19:32:58+00:00","og_image":[{"width":825,"height":1000,"url":"https:\/\/italcaffe.it\/wp-content\/uploads\/2021\/12\/Tanzania250g.jpg","type":"image\/jpeg"}],"twitter_card":"summary_large_image","schema":{"@context":"https:\/\/schema.org","@graph":[{"@type":"WebPage","@id":"https:\/\/italcaffe.it\/de\/shop\/kaffeebohnen\/arabica-bohnen\/arabica-kaffee-tansania-italcaffe-espresso-250g\/","url":"https:\/\/italcaffe.it\/de\/shop\/kaffeebohnen\/arabica-bohnen\/arabica-kaffee-tansania-italcaffe-espresso-250g\/","name":"Arabica Kaffee Tansania Italcaff\u00e8 Espresso Kaffeebohnen 250g","isPartOf":{"@id":"https:\/\/italcaffe.it\/de\/#website"},"primaryImageOfPage":{"@id":"https:\/\/italcaffe.it\/de\/shop\/kaffeebohnen\/arabica-bohnen\/arabica-kaffee-tansania-italcaffe-espresso-250g\/#primaryimage"},"image":{"@id":"https:\/\/italcaffe.it\/de\/shop\/kaffeebohnen\/arabica-bohnen\/arabica-kaffee-tansania-italcaffe-espresso-250g\/#primaryimage"},"thumbnailUrl":"https:\/\/italcaffe.it\/wp-content\/uploads\/2021\/12\/Tanzania250g.jpg","datePublished":"2020-02-26T14:47:53+00:00","dateModified":"2022-12-29T19:32:58+00:00","description":"Arabica Kaffee Tansania Italcaff\u00e8 250g von Italcaff\u00e8. Kaffee mit einer angenehmen, aromatischen Basis und Nuance von s\u00fc\u00dfer Frucht","breadcrumb":{"@id":"https:\/\/italcaffe.it\/de\/shop\/kaffeebohnen\/arabica-bohnen\/arabica-kaffee-tansania-italcaffe-espresso-250g\/#breadcrumb"},"inLanguage":"de","potentialAction":[{"@type":"ReadAction","target":["https:\/\/italcaffe.it\/de\/shop\/kaffeebohnen\/arabica-bohnen\/arabica-kaffee-tansania-italcaffe-espresso-250g\/"]}]},{"@type":"ImageObject","inLanguage":"de","@id":"https:\/\/italcaffe.it\/de\/shop\/kaffeebohnen\/arabica-bohnen\/arabica-kaffee-tansania-italcaffe-espresso-250g\/#primaryimage","url":"https:\/\/italcaffe.it\/wp-content\/uploads\/2021\/12\/Tanzania250g.jpg","contentUrl":"https:\/\/italcaffe.it\/wp-content\/uploads\/2021\/12\/Tanzania250g.jpg","width":825,"height":1000,"caption":"Arabica Kaffee Tansania 250g Italcaff\u00e8 Espresso, Ganze Bohne | Espressobohnen Kaffee Arabica aus Tansania"},{"@type":"BreadcrumbList","@id":"https:\/\/italcaffe.it\/de\/shop\/kaffeebohnen\/arabica-bohnen\/arabica-kaffee-tansania-italcaffe-espresso-250g\/#breadcrumb","itemListElement":[{"@type":"ListItem","position":1,"name":"Home","item":"https:\/\/italcaffe.it\/de\/"},{"@type":"ListItem","position":2,"name":"Shop","item":"https:\/\/italcaffe.it\/de\/shop\/"},{"@type":"ListItem","position":3,"name":"Arabica Kaffee Tansania 250g Italcaff\u00e8 Espresso Ganze Bohne"}]},{"@type":"WebSite","@id":"https:\/\/italcaffe.it\/de\/#website","url":"https:\/\/italcaffe.it\/de\/","name":"Italcaff\u00e8","description":"50 Anni insieme","potentialAction":[{"@type":"SearchAction","target":{"@type":"EntryPoint","urlTemplate":"https:\/\/italcaffe.it\/de\/?s={search_term_string}"},"query-input":{"@type":"PropertyValueSpecification","valueRequired":true,"valueName":"search_term_string"}}],"inLanguage":"de"}]}},"_links":{"self":[{"href":"https:\/\/italcaffe.it\/de\/wp-json\/wp\/v2\/product\/23152","targetHints":{"allow":["GET"]}}],"collection":[{"href":"https:\/\/italcaffe.it\/de\/wp-json\/wp\/v2\/product"}],"about":[{"href":"https:\/\/italcaffe.it\/de\/wp-json\/wp\/v2\/types\/product"}],"wp:featuredmedia":[{"embeddable":true,"href":"https:\/\/italcaffe.it\/de\/wp-json\/wp\/v2\/media\/28622"}],"wp:attachment":[{"href":"https:\/\/italcaffe.it\/de\/wp-json\/wp\/v2\/media?parent=23152"}],"wp:term":[{"taxonomy":"product_brand","embeddable":true,"href":"https:\/\/italcaffe.it\/de\/wp-json\/wp\/v2\/product_brand?post=23152"},{"taxonomy":"product_cat","embeddable":true,"href":"https:\/\/italcaffe.it\/de\/wp-json\/wp\/v2\/product_cat?post=23152"},{"taxonomy":"product_tag","embeddable":true,"href":"https:\/\/italcaffe.it\/de\/wp-json\/wp\/v2\/product_tag?post=23152"}],"curies":[{"name":"wp","href":"https:\/\/api.w.org\/{rel}","templated":true}]}}