{"id":23157,"date":"2020-02-26T16:00:14","date_gmt":"2020-02-26T14:47:53","guid":{"rendered":"https:\/\/www.italcaffe.it\/product\/kaffee-espresso-gemahlen-italcaffe-espresso-casa-4x250g\/"},"modified":"2022-12-31T18:37:10","modified_gmt":"2022-12-31T17:37:10","slug":"espresso-casa-250-gr","status":"publish","type":"product","link":"https:\/\/italcaffe.it\/de\/shop\/gemahlener-kaffee\/espresso-gemahlener-kaffee\/espresso-casa-250-gr\/","title":{"rendered":"Kaffee Espresso Gemahlen Italcaff\u00e8 Espresso Casa 250g"},"content":{"rendered":"","protected":false},"excerpt":{"rendered":"<p style=\"text-align: justify;\">Eine ideale Kaffeemischung f\u00fcr die Heim-Espressomaschine. Sie wird durch die perfekte Mischung der wertvollen Sorten Arabica und Robusta erzielt und sorgf\u00e4ltig dosiert, um Ihnen den wahren italienischen Espresso anzubieten. Gemahlen Kaffee in 250 g Vakuumpackungen. Hervorragende Mischung aus hochwertigen Arabica- und Robusta- Kaffeebohnen. Ideal f\u00fcr puren Espresso-Genuss Ein typischer italienischer Bar Espresso, f\u00fcr Espresso Genie\u00dfer.<\/p>\n","protected":false},"featured_media":26854,"template":"","meta":{"_acf_changed":false},"product_brand":[],"product_cat":[288,295],"product_tag":[],"class_list":{"0":"post-23157","1":"product","2":"type-product","3":"status-publish","4":"has-post-thumbnail","6":"product_cat-gemahlener-kaffee","7":"product_cat-espresso-gemahlener-kaffee","9":"first","10":"instock","11":"taxable","12":"shipping-taxable","13":"product-type-grouped"},"acf":[],"yoast_head":"<!-- This site is optimized with the Yoast SEO plugin v27.0 - https:\/\/yoast.com\/product\/yoast-seo-wordpress\/ -->\n<title>Kaffee Espresso Gemahlen Italcaff\u00e8 Espresso Casa 250g - Italcaff\u00e8<\/title>\n<meta name=\"robots\" content=\"index, follow, max-snippet:-1, max-image-preview:large, max-video-preview:-1\" \/>\n<link rel=\"canonical\" href=\"https:\/\/italcaffe.it\/de\/shop\/gemahlener-kaffee\/espresso-gemahlener-kaffee\/espresso-casa-250-gr\/\" \/>\n<meta property=\"og:locale\" content=\"de_DE\" \/>\n<meta property=\"og:type\" content=\"article\" \/>\n<meta property=\"og:title\" content=\"Kaffee Espresso Gemahlen Italcaff\u00e8 Espresso Casa 250g - Italcaff\u00e8\" \/>\n<meta property=\"og:description\" content=\"Eine ideale Kaffeemischung f\u00fcr die Heim-Espressomaschine. Sie wird durch die perfekte Mischung der wertvollen Sorten Arabica und Robusta erzielt und sorgf\u00e4ltig dosiert, um Ihnen den wahren italienischen Espresso anzubieten. Gemahlen Kaffee in 250 g Vakuumpackungen. Hervorragende Mischung aus hochwertigen Arabica- und Robusta- Kaffeebohnen. Ideal f\u00fcr puren Espresso-Genuss Ein typischer italienischer Bar Espresso, f\u00fcr Espresso Genie\u00dfer.\" \/>\n<meta property=\"og:url\" content=\"https:\/\/italcaffe.it\/de\/shop\/gemahlener-kaffee\/espresso-gemahlener-kaffee\/espresso-casa-250-gr\/\" \/>\n<meta property=\"og:site_name\" content=\"Italcaff\u00e8\" \/>\n<meta property=\"article:modified_time\" content=\"2022-12-31T17:37:10+00:00\" \/>\n<meta property=\"og:image\" content=\"https:\/\/italcaffe.it\/wp-content\/uploads\/2021\/02\/italcaffe_macinato_espresso_casa.png\" \/>\n\t<meta property=\"og:image:width\" content=\"825\" \/>\n\t<meta property=\"og:image:height\" content=\"1100\" \/>\n\t<meta property=\"og:image:type\" content=\"image\/png\" \/>\n<meta name=\"twitter:card\" content=\"summary_large_image\" \/>\n<script type=\"application\/ld+json\" class=\"yoast-schema-graph\">{\"@context\":\"https:\/\/schema.org\",\"@graph\":[{\"@type\":\"WebPage\",\"@id\":\"https:\/\/italcaffe.it\/de\/shop\/gemahlener-kaffee\/espresso-gemahlener-kaffee\/espresso-casa-250-gr\/\",\"url\":\"https:\/\/italcaffe.it\/de\/shop\/gemahlener-kaffee\/espresso-gemahlener-kaffee\/espresso-casa-250-gr\/\",\"name\":\"Kaffee Espresso Gemahlen Italcaff\u00e8 Espresso Casa 250g - Italcaff\u00e8\",\"isPartOf\":{\"@id\":\"https:\/\/italcaffe.it\/de\/#website\"},\"primaryImageOfPage\":{\"@id\":\"https:\/\/italcaffe.it\/de\/shop\/gemahlener-kaffee\/espresso-gemahlener-kaffee\/espresso-casa-250-gr\/#primaryimage\"},\"image\":{\"@id\":\"https:\/\/italcaffe.it\/de\/shop\/gemahlener-kaffee\/espresso-gemahlener-kaffee\/espresso-casa-250-gr\/#primaryimage\"},\"thumbnailUrl\":\"https:\/\/italcaffe.it\/wp-content\/uploads\/2021\/02\/italcaffe_macinato_espresso_casa.png\",\"datePublished\":\"2020-02-26T14:47:53+00:00\",\"dateModified\":\"2022-12-31T17:37:10+00:00\",\"breadcrumb\":{\"@id\":\"https:\/\/italcaffe.it\/de\/shop\/gemahlener-kaffee\/espresso-gemahlener-kaffee\/espresso-casa-250-gr\/#breadcrumb\"},\"inLanguage\":\"de\",\"potentialAction\":[{\"@type\":\"ReadAction\",\"target\":[\"https:\/\/italcaffe.it\/de\/shop\/gemahlener-kaffee\/espresso-gemahlener-kaffee\/espresso-casa-250-gr\/\"]}]},{\"@type\":\"ImageObject\",\"inLanguage\":\"de\",\"@id\":\"https:\/\/italcaffe.it\/de\/shop\/gemahlener-kaffee\/espresso-gemahlener-kaffee\/espresso-casa-250-gr\/#primaryimage\",\"url\":\"https:\/\/italcaffe.it\/wp-content\/uploads\/2021\/02\/italcaffe_macinato_espresso_casa.png\",\"contentUrl\":\"https:\/\/italcaffe.it\/wp-content\/uploads\/2021\/02\/italcaffe_macinato_espresso_casa.png\",\"width\":825,\"height\":1100,\"caption\":\"Caff\u00e8 macinato Espresso Casa Italcaff\u00e8 250g macinatura per macchina Bar\"},{\"@type\":\"BreadcrumbList\",\"@id\":\"https:\/\/italcaffe.it\/de\/shop\/gemahlener-kaffee\/espresso-gemahlener-kaffee\/espresso-casa-250-gr\/#breadcrumb\",\"itemListElement\":[{\"@type\":\"ListItem\",\"position\":1,\"name\":\"Home\",\"item\":\"https:\/\/italcaffe.it\/de\/\"},{\"@type\":\"ListItem\",\"position\":2,\"name\":\"Shop\",\"item\":\"https:\/\/italcaffe.it\/de\/shop\/\"},{\"@type\":\"ListItem\",\"position\":3,\"name\":\"Kaffee Espresso Gemahlen Italcaff\u00e8 Espresso Casa 250g\"}]},{\"@type\":\"WebSite\",\"@id\":\"https:\/\/italcaffe.it\/de\/#website\",\"url\":\"https:\/\/italcaffe.it\/de\/\",\"name\":\"Italcaff\u00e8\",\"description\":\"50 Anni insieme\",\"potentialAction\":[{\"@type\":\"SearchAction\",\"target\":{\"@type\":\"EntryPoint\",\"urlTemplate\":\"https:\/\/italcaffe.it\/de\/?s={search_term_string}\"},\"query-input\":{\"@type\":\"PropertyValueSpecification\",\"valueRequired\":true,\"valueName\":\"search_term_string\"}}],\"inLanguage\":\"de\"}]}<\/script>\n<!-- \/ Yoast SEO plugin. -->","yoast_head_json":{"title":"Kaffee Espresso Gemahlen Italcaff\u00e8 Espresso Casa 250g - Italcaff\u00e8","robots":{"index":"index","follow":"follow","max-snippet":"max-snippet:-1","max-image-preview":"max-image-preview:large","max-video-preview":"max-video-preview:-1"},"canonical":"https:\/\/italcaffe.it\/de\/shop\/gemahlener-kaffee\/espresso-gemahlener-kaffee\/espresso-casa-250-gr\/","og_locale":"de_DE","og_type":"article","og_title":"Kaffee Espresso Gemahlen Italcaff\u00e8 Espresso Casa 250g - Italcaff\u00e8","og_description":"Eine ideale Kaffeemischung f\u00fcr die Heim-Espressomaschine. Sie wird durch die perfekte Mischung der wertvollen Sorten Arabica und Robusta erzielt und sorgf\u00e4ltig dosiert, um Ihnen den wahren italienischen Espresso anzubieten. Gemahlen Kaffee in 250 g Vakuumpackungen. Hervorragende Mischung aus hochwertigen Arabica- und Robusta- Kaffeebohnen. Ideal f\u00fcr puren Espresso-Genuss Ein typischer italienischer Bar Espresso, f\u00fcr Espresso Genie\u00dfer.","og_url":"https:\/\/italcaffe.it\/de\/shop\/gemahlener-kaffee\/espresso-gemahlener-kaffee\/espresso-casa-250-gr\/","og_site_name":"Italcaff\u00e8","article_modified_time":"2022-12-31T17:37:10+00:00","og_image":[{"width":825,"height":1100,"url":"https:\/\/italcaffe.it\/wp-content\/uploads\/2021\/02\/italcaffe_macinato_espresso_casa.png","type":"image\/png"}],"twitter_card":"summary_large_image","schema":{"@context":"https:\/\/schema.org","@graph":[{"@type":"WebPage","@id":"https:\/\/italcaffe.it\/de\/shop\/gemahlener-kaffee\/espresso-gemahlener-kaffee\/espresso-casa-250-gr\/","url":"https:\/\/italcaffe.it\/de\/shop\/gemahlener-kaffee\/espresso-gemahlener-kaffee\/espresso-casa-250-gr\/","name":"Kaffee Espresso Gemahlen Italcaff\u00e8 Espresso Casa 250g - Italcaff\u00e8","isPartOf":{"@id":"https:\/\/italcaffe.it\/de\/#website"},"primaryImageOfPage":{"@id":"https:\/\/italcaffe.it\/de\/shop\/gemahlener-kaffee\/espresso-gemahlener-kaffee\/espresso-casa-250-gr\/#primaryimage"},"image":{"@id":"https:\/\/italcaffe.it\/de\/shop\/gemahlener-kaffee\/espresso-gemahlener-kaffee\/espresso-casa-250-gr\/#primaryimage"},"thumbnailUrl":"https:\/\/italcaffe.it\/wp-content\/uploads\/2021\/02\/italcaffe_macinato_espresso_casa.png","datePublished":"2020-02-26T14:47:53+00:00","dateModified":"2022-12-31T17:37:10+00:00","breadcrumb":{"@id":"https:\/\/italcaffe.it\/de\/shop\/gemahlener-kaffee\/espresso-gemahlener-kaffee\/espresso-casa-250-gr\/#breadcrumb"},"inLanguage":"de","potentialAction":[{"@type":"ReadAction","target":["https:\/\/italcaffe.it\/de\/shop\/gemahlener-kaffee\/espresso-gemahlener-kaffee\/espresso-casa-250-gr\/"]}]},{"@type":"ImageObject","inLanguage":"de","@id":"https:\/\/italcaffe.it\/de\/shop\/gemahlener-kaffee\/espresso-gemahlener-kaffee\/espresso-casa-250-gr\/#primaryimage","url":"https:\/\/italcaffe.it\/wp-content\/uploads\/2021\/02\/italcaffe_macinato_espresso_casa.png","contentUrl":"https:\/\/italcaffe.it\/wp-content\/uploads\/2021\/02\/italcaffe_macinato_espresso_casa.png","width":825,"height":1100,"caption":"Caff\u00e8 macinato Espresso Casa Italcaff\u00e8 250g macinatura per macchina Bar"},{"@type":"BreadcrumbList","@id":"https:\/\/italcaffe.it\/de\/shop\/gemahlener-kaffee\/espresso-gemahlener-kaffee\/espresso-casa-250-gr\/#breadcrumb","itemListElement":[{"@type":"ListItem","position":1,"name":"Home","item":"https:\/\/italcaffe.it\/de\/"},{"@type":"ListItem","position":2,"name":"Shop","item":"https:\/\/italcaffe.it\/de\/shop\/"},{"@type":"ListItem","position":3,"name":"Kaffee Espresso Gemahlen Italcaff\u00e8 Espresso Casa 250g"}]},{"@type":"WebSite","@id":"https:\/\/italcaffe.it\/de\/#website","url":"https:\/\/italcaffe.it\/de\/","name":"Italcaff\u00e8","description":"50 Anni insieme","potentialAction":[{"@type":"SearchAction","target":{"@type":"EntryPoint","urlTemplate":"https:\/\/italcaffe.it\/de\/?s={search_term_string}"},"query-input":{"@type":"PropertyValueSpecification","valueRequired":true,"valueName":"search_term_string"}}],"inLanguage":"de"}]}},"_links":{"self":[{"href":"https:\/\/italcaffe.it\/de\/wp-json\/wp\/v2\/product\/23157","targetHints":{"allow":["GET"]}}],"collection":[{"href":"https:\/\/italcaffe.it\/de\/wp-json\/wp\/v2\/product"}],"about":[{"href":"https:\/\/italcaffe.it\/de\/wp-json\/wp\/v2\/types\/product"}],"wp:featuredmedia":[{"embeddable":true,"href":"https:\/\/italcaffe.it\/de\/wp-json\/wp\/v2\/media\/26854"}],"wp:attachment":[{"href":"https:\/\/italcaffe.it\/de\/wp-json\/wp\/v2\/media?parent=23157"}],"wp:term":[{"taxonomy":"product_brand","embeddable":true,"href":"https:\/\/italcaffe.it\/de\/wp-json\/wp\/v2\/product_brand?post=23157"},{"taxonomy":"product_cat","embeddable":true,"href":"https:\/\/italcaffe.it\/de\/wp-json\/wp\/v2\/product_cat?post=23157"},{"taxonomy":"product_tag","embeddable":true,"href":"https:\/\/italcaffe.it\/de\/wp-json\/wp\/v2\/product_tag?post=23157"}],"curies":[{"name":"wp","href":"https:\/\/api.w.org\/{rel}","templated":true}]}}