{"id":27657,"date":"2021-06-17T17:35:40","date_gmt":"2021-06-17T16:35:41","guid":{"rendered":"https:\/\/www.italcaffe.it\/?post_type=product&#038;p=27657"},"modified":"2024-05-23T20:15:41","modified_gmt":"2024-05-23T19:15:41","slug":"italcaffe-espresso-kaffee-ganze-bohne-3-kg","status":"publish","type":"product","link":"https:\/\/italcaffe.it\/de\/shop\/kaffeebohnen\/espresso-kaffee-ganze-bohne\/italcaffe-espresso-kaffee-ganze-bohne-3-kg\/","title":{"rendered":"Italcaff\u00e8 Espresso Kaffee Ganze Bohne 1kg"},"content":{"rendered":"","protected":false},"excerpt":{"rendered":"<p style=\"text-align: justify;\">Italcaff\u00e8 Espresso Kaffee ganze Bohne. Die richtige Mischung f\u00fcr die, die einen vollen und starken Geschmack mit einer reichen Creme lieben.\u00a0Der meistverkaufte Kaffee aus dem Italcaffe Sortiment besteht aus einer vielseitigen Mischung aus Arabica und Robusta Bohnen.\u00a0Italcaffe Espresso Kaffeebohnen\u00a0besticht durch einen kr\u00e4ftigen und aromatischen Geschmack, gekr\u00f6nt durch eine hervorragende Crema und einem lang anhaltenden Nachgeschmack. Er eignet sich ideal f\u00fcr den puren Espresso Gaumenkitzel und alle Milchkaffees.\u00a0Durch die sorgf\u00e4ltige Auswahl der Provenienzen, 50% Arabica- und 50% Robusta-Kaffeebohnen, weist dieser intensive Espresso ein perfektes Gleichgewicht zwischen S\u00fc\u00dfe und Fruchtnote auf, begleitet von einem kr\u00e4ftigen Aroma. Der ausgewogene K\u00f6rper und die langanhaltende Crema runden diese Mischung ab.\u00a0Der Klassiker mit original italienischer Note. In Bohnen in 3Kg packungen verf\u00fcgbar mit Aroma-Ventil. Espresso und Kaffeebohnen f\u00fcr Vollautomaten und Siebtr\u00e4germaschinen.<\/p>\n","protected":false},"featured_media":29139,"template":"","meta":{"_acf_changed":false},"product_brand":[],"product_cat":[276,277],"product_tag":[],"class_list":{"0":"post-27657","1":"product","2":"type-product","3":"status-publish","4":"has-post-thumbnail","6":"product_cat-kaffeebohnen","7":"product_cat-espresso-kaffee-ganze-bohne","9":"first","10":"instock","11":"taxable","12":"shipping-taxable","13":"purchasable","14":"product-type-simple"},"acf":[],"yoast_head":"<!-- This site is optimized with the Yoast SEO plugin v27.0 - https:\/\/yoast.com\/product\/yoast-seo-wordpress\/ -->\n<title>Italcaff\u00e8 Espresso Kaffee Ganze Bohne 1kg - Italcaff\u00e8<\/title>\n<meta name=\"robots\" content=\"index, follow, max-snippet:-1, max-image-preview:large, max-video-preview:-1\" \/>\n<link rel=\"canonical\" href=\"https:\/\/italcaffe.it\/de\/shop\/kaffeebohnen\/espresso-kaffee-ganze-bohne\/italcaffe-espresso-kaffee-ganze-bohne-3-kg\/\" \/>\n<meta property=\"og:locale\" content=\"de_DE\" \/>\n<meta property=\"og:type\" content=\"article\" \/>\n<meta property=\"og:title\" content=\"Italcaff\u00e8 Espresso Kaffee Ganze Bohne 1kg - Italcaff\u00e8\" \/>\n<meta property=\"og:description\" content=\"Italcaff\u00e8 Espresso Kaffee ganze Bohne. Die richtige Mischung f\u00fcr die, die einen vollen und starken Geschmack mit einer reichen Creme lieben.\u00a0Der meistverkaufte Kaffee aus dem Italcaffe Sortiment besteht aus einer vielseitigen Mischung aus Arabica und Robusta Bohnen.\u00a0Italcaffe Espresso Kaffeebohnen\u00a0besticht durch einen kr\u00e4ftigen und aromatischen Geschmack, gekr\u00f6nt durch eine hervorragende Crema und einem lang anhaltenden Nachgeschmack. Er eignet sich ideal f\u00fcr den puren Espresso Gaumenkitzel und alle Milchkaffees.\u00a0Durch die sorgf\u00e4ltige Auswahl der Provenienzen, 50% Arabica- und 50% Robusta-Kaffeebohnen, weist dieser intensive Espresso ein perfektes Gleichgewicht zwischen S\u00fc\u00dfe und Fruchtnote auf, begleitet von einem kr\u00e4ftigen Aroma. Der ausgewogene K\u00f6rper und die langanhaltende Crema runden diese Mischung ab.\u00a0Der Klassiker mit original italienischer Note. In Bohnen in 3Kg packungen verf\u00fcgbar mit Aroma-Ventil. Espresso und Kaffeebohnen f\u00fcr Vollautomaten und Siebtr\u00e4germaschinen.\" \/>\n<meta property=\"og:url\" content=\"https:\/\/italcaffe.it\/de\/shop\/kaffeebohnen\/espresso-kaffee-ganze-bohne\/italcaffe-espresso-kaffee-ganze-bohne-3-kg\/\" \/>\n<meta property=\"og:site_name\" content=\"Italcaff\u00e8\" \/>\n<meta property=\"article:modified_time\" content=\"2024-05-23T19:15:41+00:00\" \/>\n<meta property=\"og:image\" content=\"https:\/\/italcaffe.it\/wp-content\/uploads\/2022\/03\/Espresso-Bar-1Kg.jpg\" \/>\n\t<meta property=\"og:image:width\" content=\"825\" \/>\n\t<meta property=\"og:image:height\" content=\"1100\" \/>\n\t<meta property=\"og:image:type\" content=\"image\/jpeg\" \/>\n<meta name=\"twitter:card\" content=\"summary_large_image\" \/>\n<script type=\"application\/ld+json\" class=\"yoast-schema-graph\">{\"@context\":\"https:\/\/schema.org\",\"@graph\":[{\"@type\":\"WebPage\",\"@id\":\"https:\/\/italcaffe.it\/de\/shop\/kaffeebohnen\/espresso-kaffee-ganze-bohne\/italcaffe-espresso-kaffee-ganze-bohne-3-kg\/\",\"url\":\"https:\/\/italcaffe.it\/de\/shop\/kaffeebohnen\/espresso-kaffee-ganze-bohne\/italcaffe-espresso-kaffee-ganze-bohne-3-kg\/\",\"name\":\"Italcaff\u00e8 Espresso Kaffee Ganze Bohne 1kg - Italcaff\u00e8\",\"isPartOf\":{\"@id\":\"https:\/\/italcaffe.it\/de\/#website\"},\"primaryImageOfPage\":{\"@id\":\"https:\/\/italcaffe.it\/de\/shop\/kaffeebohnen\/espresso-kaffee-ganze-bohne\/italcaffe-espresso-kaffee-ganze-bohne-3-kg\/#primaryimage\"},\"image\":{\"@id\":\"https:\/\/italcaffe.it\/de\/shop\/kaffeebohnen\/espresso-kaffee-ganze-bohne\/italcaffe-espresso-kaffee-ganze-bohne-3-kg\/#primaryimage\"},\"thumbnailUrl\":\"https:\/\/italcaffe.it\/wp-content\/uploads\/2022\/03\/Espresso-Bar-1Kg.jpg\",\"datePublished\":\"2021-06-17T16:35:41+00:00\",\"dateModified\":\"2024-05-23T19:15:41+00:00\",\"breadcrumb\":{\"@id\":\"https:\/\/italcaffe.it\/de\/shop\/kaffeebohnen\/espresso-kaffee-ganze-bohne\/italcaffe-espresso-kaffee-ganze-bohne-3-kg\/#breadcrumb\"},\"inLanguage\":\"de\",\"potentialAction\":[{\"@type\":\"ReadAction\",\"target\":[\"https:\/\/italcaffe.it\/de\/shop\/kaffeebohnen\/espresso-kaffee-ganze-bohne\/italcaffe-espresso-kaffee-ganze-bohne-3-kg\/\"]}]},{\"@type\":\"ImageObject\",\"inLanguage\":\"de\",\"@id\":\"https:\/\/italcaffe.it\/de\/shop\/kaffeebohnen\/espresso-kaffee-ganze-bohne\/italcaffe-espresso-kaffee-ganze-bohne-3-kg\/#primaryimage\",\"url\":\"https:\/\/italcaffe.it\/wp-content\/uploads\/2022\/03\/Espresso-Bar-1Kg.jpg\",\"contentUrl\":\"https:\/\/italcaffe.it\/wp-content\/uploads\/2022\/03\/Espresso-Bar-1Kg.jpg\",\"width\":825,\"height\":1100,\"caption\":\"Caff\u00e8 in grani Italcaff\u00e8 Espresso 1 kg Linea Bar ruotato\"},{\"@type\":\"BreadcrumbList\",\"@id\":\"https:\/\/italcaffe.it\/de\/shop\/kaffeebohnen\/espresso-kaffee-ganze-bohne\/italcaffe-espresso-kaffee-ganze-bohne-3-kg\/#breadcrumb\",\"itemListElement\":[{\"@type\":\"ListItem\",\"position\":1,\"name\":\"Home\",\"item\":\"https:\/\/italcaffe.it\/de\/\"},{\"@type\":\"ListItem\",\"position\":2,\"name\":\"Shop\",\"item\":\"https:\/\/italcaffe.it\/de\/shop\/\"},{\"@type\":\"ListItem\",\"position\":3,\"name\":\"Italcaff\u00e8 Espresso Kaffee Ganze Bohne 1kg\"}]},{\"@type\":\"WebSite\",\"@id\":\"https:\/\/italcaffe.it\/de\/#website\",\"url\":\"https:\/\/italcaffe.it\/de\/\",\"name\":\"Italcaff\u00e8\",\"description\":\"50 Anni insieme\",\"potentialAction\":[{\"@type\":\"SearchAction\",\"target\":{\"@type\":\"EntryPoint\",\"urlTemplate\":\"https:\/\/italcaffe.it\/de\/?s={search_term_string}\"},\"query-input\":{\"@type\":\"PropertyValueSpecification\",\"valueRequired\":true,\"valueName\":\"search_term_string\"}}],\"inLanguage\":\"de\"}]}<\/script>\n<!-- \/ Yoast SEO plugin. -->","yoast_head_json":{"title":"Italcaff\u00e8 Espresso Kaffee Ganze Bohne 1kg - Italcaff\u00e8","robots":{"index":"index","follow":"follow","max-snippet":"max-snippet:-1","max-image-preview":"max-image-preview:large","max-video-preview":"max-video-preview:-1"},"canonical":"https:\/\/italcaffe.it\/de\/shop\/kaffeebohnen\/espresso-kaffee-ganze-bohne\/italcaffe-espresso-kaffee-ganze-bohne-3-kg\/","og_locale":"de_DE","og_type":"article","og_title":"Italcaff\u00e8 Espresso Kaffee Ganze Bohne 1kg - Italcaff\u00e8","og_description":"Italcaff\u00e8 Espresso Kaffee ganze Bohne. Die richtige Mischung f\u00fcr die, die einen vollen und starken Geschmack mit einer reichen Creme lieben.\u00a0Der meistverkaufte Kaffee aus dem Italcaffe Sortiment besteht aus einer vielseitigen Mischung aus Arabica und Robusta Bohnen.\u00a0Italcaffe Espresso Kaffeebohnen\u00a0besticht durch einen kr\u00e4ftigen und aromatischen Geschmack, gekr\u00f6nt durch eine hervorragende Crema und einem lang anhaltenden Nachgeschmack. Er eignet sich ideal f\u00fcr den puren Espresso Gaumenkitzel und alle Milchkaffees.\u00a0Durch die sorgf\u00e4ltige Auswahl der Provenienzen, 50% Arabica- und 50% Robusta-Kaffeebohnen, weist dieser intensive Espresso ein perfektes Gleichgewicht zwischen S\u00fc\u00dfe und Fruchtnote auf, begleitet von einem kr\u00e4ftigen Aroma. Der ausgewogene K\u00f6rper und die langanhaltende Crema runden diese Mischung ab.\u00a0Der Klassiker mit original italienischer Note. In Bohnen in 3Kg packungen verf\u00fcgbar mit Aroma-Ventil. Espresso und Kaffeebohnen f\u00fcr Vollautomaten und Siebtr\u00e4germaschinen.","og_url":"https:\/\/italcaffe.it\/de\/shop\/kaffeebohnen\/espresso-kaffee-ganze-bohne\/italcaffe-espresso-kaffee-ganze-bohne-3-kg\/","og_site_name":"Italcaff\u00e8","article_modified_time":"2024-05-23T19:15:41+00:00","og_image":[{"width":825,"height":1100,"url":"https:\/\/italcaffe.it\/wp-content\/uploads\/2022\/03\/Espresso-Bar-1Kg.jpg","type":"image\/jpeg"}],"twitter_card":"summary_large_image","schema":{"@context":"https:\/\/schema.org","@graph":[{"@type":"WebPage","@id":"https:\/\/italcaffe.it\/de\/shop\/kaffeebohnen\/espresso-kaffee-ganze-bohne\/italcaffe-espresso-kaffee-ganze-bohne-3-kg\/","url":"https:\/\/italcaffe.it\/de\/shop\/kaffeebohnen\/espresso-kaffee-ganze-bohne\/italcaffe-espresso-kaffee-ganze-bohne-3-kg\/","name":"Italcaff\u00e8 Espresso Kaffee Ganze Bohne 1kg - Italcaff\u00e8","isPartOf":{"@id":"https:\/\/italcaffe.it\/de\/#website"},"primaryImageOfPage":{"@id":"https:\/\/italcaffe.it\/de\/shop\/kaffeebohnen\/espresso-kaffee-ganze-bohne\/italcaffe-espresso-kaffee-ganze-bohne-3-kg\/#primaryimage"},"image":{"@id":"https:\/\/italcaffe.it\/de\/shop\/kaffeebohnen\/espresso-kaffee-ganze-bohne\/italcaffe-espresso-kaffee-ganze-bohne-3-kg\/#primaryimage"},"thumbnailUrl":"https:\/\/italcaffe.it\/wp-content\/uploads\/2022\/03\/Espresso-Bar-1Kg.jpg","datePublished":"2021-06-17T16:35:41+00:00","dateModified":"2024-05-23T19:15:41+00:00","breadcrumb":{"@id":"https:\/\/italcaffe.it\/de\/shop\/kaffeebohnen\/espresso-kaffee-ganze-bohne\/italcaffe-espresso-kaffee-ganze-bohne-3-kg\/#breadcrumb"},"inLanguage":"de","potentialAction":[{"@type":"ReadAction","target":["https:\/\/italcaffe.it\/de\/shop\/kaffeebohnen\/espresso-kaffee-ganze-bohne\/italcaffe-espresso-kaffee-ganze-bohne-3-kg\/"]}]},{"@type":"ImageObject","inLanguage":"de","@id":"https:\/\/italcaffe.it\/de\/shop\/kaffeebohnen\/espresso-kaffee-ganze-bohne\/italcaffe-espresso-kaffee-ganze-bohne-3-kg\/#primaryimage","url":"https:\/\/italcaffe.it\/wp-content\/uploads\/2022\/03\/Espresso-Bar-1Kg.jpg","contentUrl":"https:\/\/italcaffe.it\/wp-content\/uploads\/2022\/03\/Espresso-Bar-1Kg.jpg","width":825,"height":1100,"caption":"Caff\u00e8 in grani Italcaff\u00e8 Espresso 1 kg Linea Bar ruotato"},{"@type":"BreadcrumbList","@id":"https:\/\/italcaffe.it\/de\/shop\/kaffeebohnen\/espresso-kaffee-ganze-bohne\/italcaffe-espresso-kaffee-ganze-bohne-3-kg\/#breadcrumb","itemListElement":[{"@type":"ListItem","position":1,"name":"Home","item":"https:\/\/italcaffe.it\/de\/"},{"@type":"ListItem","position":2,"name":"Shop","item":"https:\/\/italcaffe.it\/de\/shop\/"},{"@type":"ListItem","position":3,"name":"Italcaff\u00e8 Espresso Kaffee Ganze Bohne 1kg"}]},{"@type":"WebSite","@id":"https:\/\/italcaffe.it\/de\/#website","url":"https:\/\/italcaffe.it\/de\/","name":"Italcaff\u00e8","description":"50 Anni insieme","potentialAction":[{"@type":"SearchAction","target":{"@type":"EntryPoint","urlTemplate":"https:\/\/italcaffe.it\/de\/?s={search_term_string}"},"query-input":{"@type":"PropertyValueSpecification","valueRequired":true,"valueName":"search_term_string"}}],"inLanguage":"de"}]}},"_links":{"self":[{"href":"https:\/\/italcaffe.it\/de\/wp-json\/wp\/v2\/product\/27657","targetHints":{"allow":["GET"]}}],"collection":[{"href":"https:\/\/italcaffe.it\/de\/wp-json\/wp\/v2\/product"}],"about":[{"href":"https:\/\/italcaffe.it\/de\/wp-json\/wp\/v2\/types\/product"}],"wp:featuredmedia":[{"embeddable":true,"href":"https:\/\/italcaffe.it\/de\/wp-json\/wp\/v2\/media\/29139"}],"wp:attachment":[{"href":"https:\/\/italcaffe.it\/de\/wp-json\/wp\/v2\/media?parent=27657"}],"wp:term":[{"taxonomy":"product_brand","embeddable":true,"href":"https:\/\/italcaffe.it\/de\/wp-json\/wp\/v2\/product_brand?post=27657"},{"taxonomy":"product_cat","embeddable":true,"href":"https:\/\/italcaffe.it\/de\/wp-json\/wp\/v2\/product_cat?post=27657"},{"taxonomy":"product_tag","embeddable":true,"href":"https:\/\/italcaffe.it\/de\/wp-json\/wp\/v2\/product_tag?post=27657"}],"curies":[{"name":"wp","href":"https:\/\/api.w.org\/{rel}","templated":true}]}}