{"id":29745,"date":"2022-11-22T17:22:20","date_gmt":"2022-11-22T16:22:21","guid":{"rendered":"https:\/\/www.italcaffe.it\/?post_type=product&#038;p=29745"},"modified":"2022-12-08T10:51:54","modified_gmt":"2022-12-08T09:51:54","slug":"italcaffe-gran-gusto-kaffee-espresso-ganze-bohne-250g","status":"publish","type":"product","link":"https:\/\/italcaffe.it\/de\/shop\/kaffeebohnen\/espresso-kaffee-ganze-bohne\/italcaffe-gran-gusto-kaffee-espresso-ganze-bohne-250g\/","title":{"rendered":"Italcaff\u00e8 Gran Gusto Kaffee Espresso ganze bohne 250g"},"content":{"rendered":"<h2 class=\"product_title entry-title text-uppercase pt__35\">Merkmale Gran Gusto Kaffee Espresso ganze bohne 250g<\/h2>\n<p align=\"justify\"><span style=\"color: #000000;\"><a href=\"https:\/\/www.italcaffe.it\/de\/geschichte\/\" target=\"_blank\" rel=\"noopener\">Italcaff\u00e8<\/a> <a href=\"https:\/\/youtu.be\/E8FJ41V8yE0\" target=\"_blank\" rel=\"noopener\">Gran Gusto<\/a> Kaffee Espresso ganze bohne 250g, ist eine ausgewogene Komposition der besten Arabica-Bohnen und sorgf\u00e4ltig ausgesuchter Robusta-Bohnen, die ein reiches Aroma und eine lang anhaltende Crema bietet.<br \/>\nIdeal f\u00fcr alle Kaffee-Milch-Spezialit\u00e4ten, vom Latte Macchiato bis zum Cappuccino.\u00a0 <a href=\"https:\/\/www.italcaffe.it\/de\/geschichte\/\" target=\"_blank\" rel=\"noopener\">Italcaff\u00e8<\/a> <a href=\"https:\/\/youtu.be\/E8FJ41V8yE0\" target=\"_blank\" rel=\"noopener\">Gran Gusto<\/a> Kaffee Espresso ganze bohne ist die perfekte Espresso Kaffeebohnen f\u00fcr Vollautomaten und Siebtr\u00e4germaschinen.<br \/>\n<\/span><span style=\"color: #000000;\">Zudem ist der 250g-Sack Gran Gusto Kaffeebohnen unter Schutzatmosph\u00e4re verpackt, an allen vier Seiten versiegelt und mit einem Einweg-Aromaschutzventil ausgestattet.<br \/>\nAuf diese Weise bieten wir Ihnen einen robusteren Beutel, der den Erhalt des Geschmacks und der Frische Ihres Espressos \u00fcber die Zeit garantiert.<br \/>\nDiese Eigenschaften garantieren eine bessere Haltbarkeit sowie eine h\u00f6here Qualit\u00e4t des Italcaff\u00e8 Produkts im Vergleich zu den \u00fcblichen Kaffeebeuteln, die Sie auf dem Markt finden.<br \/>\n<\/span><span style=\"color: #000000;\">Deshalb Italcaff\u00e8 bietet Ihnen die besten Kaffeequalit\u00e4ten der Welt, was nicht zuletzt als Folge gro\u00dfer Leidenschaft f\u00fcr Kaffee sowie aus langer Erfahrung, Wissenschaft und Innovationsbem\u00fchungen resultiert.<br \/>\n<\/span><span style=\"color: #000000;\">Diese Eigenschaften garantieren eine bessere Haltbarkeit sowie eine h\u00f6here Qualit\u00e4t des Produkts im Vergleich zu den \u00fcblichen Kaffeebeuteln, die Sie auf dem Markt finden. Kaffeebohnen 1kg Italcaff\u00e8 Espresso Gran Gusto Kaffee ganze bohne.<\/span><\/p>\n<h2 class=\"product_title entry-title text-uppercase pt__35\">Die Firma Italcaff\u00e8<\/h2>\n<p align=\"justify\">Italcaff\u00e8 S.p.A. ist eine Kaffeer\u00f6sterei mit Fabrik und B\u00fcros in La Spezia in Italien, der Heimat des echten italienischen Espresso.<br \/>\nDas Unternehmen wurde 1969 gegr\u00fcndet und verf\u00fcgt \u00fcber mehr als 40 Jahre Erfahrung in der R\u00f6stung und Mischung feiner Kaffees.<br \/>\nWir reisen um die Welt, um die besten Kaffeequalit\u00e4ten f\u00fcr unsere Kunden auszuw\u00e4hlen.<br \/>\nUnser Gesch\u00e4ft besteht darin, Rohkaffee direkt von den Herkunftsm\u00e4rkten zu importieren.<br \/>\nDanach verwandeln wir mit Leidenschaft, Erfahrung und K\u00f6nnen den Rohstoff in kostbare Mischungen mit einem einzigartigen und unverwechselbaren Geschmack.<br \/>\nDar\u00fcber hinaus wird die Zuverl\u00e4ssigkeit des gesamten Herstellungsprozesses von Italcaff\u00e8 durch die Qualit\u00e4tszertifizierung UNI EN ISO 9001: 2015 garantiert.<br \/>\nDeshalb setzen wir uns seit jeher daf\u00fcr ein, das Aroma echten italienischen Espresso nach Italien und in die Welt zu bringen, zu Hause und an der Bar.<br \/>\nEgal, ob Sie ein Barprofi oder ein Liebhaber guten Kaffees sind, Italcaff\u00e8 hat die richtige Italienischer Kaffee mischung f\u00fcr Sie. Italienische kaffeesorten.<br \/>\nJetzt kann jeder das Aroma von Italcaff\u00e8 genie\u00dfen.<\/p>\n","protected":false},"excerpt":{"rendered":"<p style=\"text-align: justify;\"><span style=\"color: #000000;\"><a href=\"https:\/\/www.italcaffe.it\/de\/geschichte\/\" target=\"_blank\" rel=\"noopener\">Italcaff\u00e8<\/a> <a href=\"https:\/\/youtu.be\/E8FJ41V8yE0\" target=\"_blank\" rel=\"noopener\">Gran Gusto<\/a> Kaffee Espresso ganze bohne 250g ist eine ausgewogene Komposition der besten Arabica-Bohnen und sorgf\u00e4ltig ausgesuchter Robusta-Bohnen, die ein reiches Aroma und eine lang anhaltende Crema bietet.<br \/>\nDeshalb <a href=\"https:\/\/www.italcaffe.it\/de\/geschichte\/\" target=\"_blank\" rel=\"noopener\">Italcaff\u00e8<\/a> <a href=\"https:\/\/youtu.be\/E8FJ41V8yE0\" target=\"_blank\" rel=\"noopener\">Gran Gusto<\/a> Kaffee Espresso ganze bohne 250g ist die perfekte Espresso Kaffeebohnen f\u00fcr Vollautomaten und Siebtr\u00e4germaschinen.<br \/>\nTrotzdem es ist ideal f\u00fcr alle Kaffee-Milch-Spezialit\u00e4ten, vom Latte Macchiato bis zum Cappuccino.\u00a0<\/span>Ger\u00f6stete Kaffeebohnen in einer sch\u00fctzenden Atmosph\u00e4re verpackt. Beutel von 250g mit unidirektionalem Aromaschutzventil.<\/p>\n","protected":false},"featured_media":29855,"template":"","meta":{"_acf_changed":false},"product_brand":[],"product_cat":[276,277],"product_tag":[],"class_list":{"0":"post-29745","1":"product","2":"type-product","3":"status-publish","4":"has-post-thumbnail","6":"product_cat-kaffeebohnen","7":"product_cat-espresso-kaffee-ganze-bohne","9":"first","10":"instock","11":"taxable","12":"shipping-taxable","13":"product-type-grouped"},"acf":[],"yoast_head":"<!-- This site is optimized with the Yoast SEO plugin v27.0 - https:\/\/yoast.com\/product\/yoast-seo-wordpress\/ -->\n<title>Italcaff\u00e8 Gran Gusto Kaffee Espresso ganze bohne 250g | Kaffeebohnen<\/title>\n<meta name=\"description\" content=\"Italcaff\u00e8 Gran Gusto Kaffee Ganze Bohne Espresso 250g, ist eine ausgewogene Komposition der besten Arabica und Robusta-Bohnen. Kaffeebohnen\" \/>\n<meta name=\"robots\" content=\"index, follow, max-snippet:-1, max-image-preview:large, max-video-preview:-1\" \/>\n<link rel=\"canonical\" href=\"https:\/\/italcaffe.it\/de\/shop\/kaffeebohnen\/espresso-kaffee-ganze-bohne\/italcaffe-gran-gusto-kaffee-espresso-ganze-bohne-250g\/\" \/>\n<meta property=\"og:locale\" content=\"de_DE\" \/>\n<meta property=\"og:type\" content=\"article\" \/>\n<meta property=\"og:title\" content=\"Italcaff\u00e8 Gran Gusto Kaffee Espresso ganze bohne 250g | Kaffeebohnen\" \/>\n<meta property=\"og:description\" content=\"Italcaff\u00e8 Gran Gusto Kaffee Ganze Bohne Espresso 250g, ist eine ausgewogene Komposition der besten Arabica und Robusta-Bohnen. Kaffeebohnen\" \/>\n<meta property=\"og:url\" content=\"https:\/\/italcaffe.it\/de\/shop\/kaffeebohnen\/espresso-kaffee-ganze-bohne\/italcaffe-gran-gusto-kaffee-espresso-ganze-bohne-250g\/\" \/>\n<meta property=\"og:site_name\" content=\"Italcaff\u00e8\" \/>\n<meta property=\"article:modified_time\" content=\"2022-12-08T09:51:54+00:00\" \/>\n<meta property=\"og:image\" content=\"https:\/\/italcaffe.it\/wp-content\/uploads\/2022\/11\/Gran-Gusto-250-1.jpg\" \/>\n\t<meta property=\"og:image:width\" content=\"825\" \/>\n\t<meta property=\"og:image:height\" content=\"1100\" \/>\n\t<meta property=\"og:image:type\" content=\"image\/jpeg\" \/>\n<meta name=\"twitter:card\" content=\"summary_large_image\" \/>\n<meta name=\"twitter:label1\" content=\"Gesch\u00e4tzte Lesezeit\" \/>\n\t<meta name=\"twitter:data1\" content=\"2\u00a0Minuten\" \/>\n<script type=\"application\/ld+json\" class=\"yoast-schema-graph\">{\"@context\":\"https:\/\/schema.org\",\"@graph\":[{\"@type\":\"WebPage\",\"@id\":\"https:\/\/italcaffe.it\/de\/shop\/kaffeebohnen\/espresso-kaffee-ganze-bohne\/italcaffe-gran-gusto-kaffee-espresso-ganze-bohne-250g\/\",\"url\":\"https:\/\/italcaffe.it\/de\/shop\/kaffeebohnen\/espresso-kaffee-ganze-bohne\/italcaffe-gran-gusto-kaffee-espresso-ganze-bohne-250g\/\",\"name\":\"Italcaff\u00e8 Gran Gusto Kaffee Espresso ganze bohne 250g | Kaffeebohnen\",\"isPartOf\":{\"@id\":\"https:\/\/italcaffe.it\/de\/#website\"},\"primaryImageOfPage\":{\"@id\":\"https:\/\/italcaffe.it\/de\/shop\/kaffeebohnen\/espresso-kaffee-ganze-bohne\/italcaffe-gran-gusto-kaffee-espresso-ganze-bohne-250g\/#primaryimage\"},\"image\":{\"@id\":\"https:\/\/italcaffe.it\/de\/shop\/kaffeebohnen\/espresso-kaffee-ganze-bohne\/italcaffe-gran-gusto-kaffee-espresso-ganze-bohne-250g\/#primaryimage\"},\"thumbnailUrl\":\"https:\/\/italcaffe.it\/wp-content\/uploads\/2022\/11\/Gran-Gusto-250-1.jpg\",\"datePublished\":\"2022-11-22T16:22:21+00:00\",\"dateModified\":\"2022-12-08T09:51:54+00:00\",\"description\":\"Italcaff\u00e8 Gran Gusto Kaffee Ganze Bohne Espresso 250g, ist eine ausgewogene Komposition der besten Arabica und Robusta-Bohnen. Kaffeebohnen\",\"breadcrumb\":{\"@id\":\"https:\/\/italcaffe.it\/de\/shop\/kaffeebohnen\/espresso-kaffee-ganze-bohne\/italcaffe-gran-gusto-kaffee-espresso-ganze-bohne-250g\/#breadcrumb\"},\"inLanguage\":\"de\",\"potentialAction\":[{\"@type\":\"ReadAction\",\"target\":[\"https:\/\/italcaffe.it\/de\/shop\/kaffeebohnen\/espresso-kaffee-ganze-bohne\/italcaffe-gran-gusto-kaffee-espresso-ganze-bohne-250g\/\"]}]},{\"@type\":\"ImageObject\",\"inLanguage\":\"de\",\"@id\":\"https:\/\/italcaffe.it\/de\/shop\/kaffeebohnen\/espresso-kaffee-ganze-bohne\/italcaffe-gran-gusto-kaffee-espresso-ganze-bohne-250g\/#primaryimage\",\"url\":\"https:\/\/italcaffe.it\/wp-content\/uploads\/2022\/11\/Gran-Gusto-250-1.jpg\",\"contentUrl\":\"https:\/\/italcaffe.it\/wp-content\/uploads\/2022\/11\/Gran-Gusto-250-1.jpg\",\"width\":825,\"height\":1100,\"caption\":\"Italcaff\u00e8 Gran Gusto Kaffee Espresso ganze bohne 250g | Italienischer Kaffeebohnnen\"},{\"@type\":\"BreadcrumbList\",\"@id\":\"https:\/\/italcaffe.it\/de\/shop\/kaffeebohnen\/espresso-kaffee-ganze-bohne\/italcaffe-gran-gusto-kaffee-espresso-ganze-bohne-250g\/#breadcrumb\",\"itemListElement\":[{\"@type\":\"ListItem\",\"position\":1,\"name\":\"Home\",\"item\":\"https:\/\/italcaffe.it\/de\/\"},{\"@type\":\"ListItem\",\"position\":2,\"name\":\"Shop\",\"item\":\"https:\/\/italcaffe.it\/de\/shop\/\"},{\"@type\":\"ListItem\",\"position\":3,\"name\":\"Italcaff\u00e8 Gran Gusto Kaffee Espresso ganze bohne 250g\"}]},{\"@type\":\"WebSite\",\"@id\":\"https:\/\/italcaffe.it\/de\/#website\",\"url\":\"https:\/\/italcaffe.it\/de\/\",\"name\":\"Italcaff\u00e8\",\"description\":\"50 Anni insieme\",\"potentialAction\":[{\"@type\":\"SearchAction\",\"target\":{\"@type\":\"EntryPoint\",\"urlTemplate\":\"https:\/\/italcaffe.it\/de\/?s={search_term_string}\"},\"query-input\":{\"@type\":\"PropertyValueSpecification\",\"valueRequired\":true,\"valueName\":\"search_term_string\"}}],\"inLanguage\":\"de\"}]}<\/script>\n<!-- \/ Yoast SEO plugin. -->","yoast_head_json":{"title":"Italcaff\u00e8 Gran Gusto Kaffee Espresso ganze bohne 250g | Kaffeebohnen","description":"Italcaff\u00e8 Gran Gusto Kaffee Ganze Bohne Espresso 250g, ist eine ausgewogene Komposition der besten Arabica und Robusta-Bohnen. Kaffeebohnen","robots":{"index":"index","follow":"follow","max-snippet":"max-snippet:-1","max-image-preview":"max-image-preview:large","max-video-preview":"max-video-preview:-1"},"canonical":"https:\/\/italcaffe.it\/de\/shop\/kaffeebohnen\/espresso-kaffee-ganze-bohne\/italcaffe-gran-gusto-kaffee-espresso-ganze-bohne-250g\/","og_locale":"de_DE","og_type":"article","og_title":"Italcaff\u00e8 Gran Gusto Kaffee Espresso ganze bohne 250g | Kaffeebohnen","og_description":"Italcaff\u00e8 Gran Gusto Kaffee Ganze Bohne Espresso 250g, ist eine ausgewogene Komposition der besten Arabica und Robusta-Bohnen. Kaffeebohnen","og_url":"https:\/\/italcaffe.it\/de\/shop\/kaffeebohnen\/espresso-kaffee-ganze-bohne\/italcaffe-gran-gusto-kaffee-espresso-ganze-bohne-250g\/","og_site_name":"Italcaff\u00e8","article_modified_time":"2022-12-08T09:51:54+00:00","og_image":[{"width":825,"height":1100,"url":"https:\/\/italcaffe.it\/wp-content\/uploads\/2022\/11\/Gran-Gusto-250-1.jpg","type":"image\/jpeg"}],"twitter_card":"summary_large_image","twitter_misc":{"Gesch\u00e4tzte Lesezeit":"2\u00a0Minuten"},"schema":{"@context":"https:\/\/schema.org","@graph":[{"@type":"WebPage","@id":"https:\/\/italcaffe.it\/de\/shop\/kaffeebohnen\/espresso-kaffee-ganze-bohne\/italcaffe-gran-gusto-kaffee-espresso-ganze-bohne-250g\/","url":"https:\/\/italcaffe.it\/de\/shop\/kaffeebohnen\/espresso-kaffee-ganze-bohne\/italcaffe-gran-gusto-kaffee-espresso-ganze-bohne-250g\/","name":"Italcaff\u00e8 Gran Gusto Kaffee Espresso ganze bohne 250g | Kaffeebohnen","isPartOf":{"@id":"https:\/\/italcaffe.it\/de\/#website"},"primaryImageOfPage":{"@id":"https:\/\/italcaffe.it\/de\/shop\/kaffeebohnen\/espresso-kaffee-ganze-bohne\/italcaffe-gran-gusto-kaffee-espresso-ganze-bohne-250g\/#primaryimage"},"image":{"@id":"https:\/\/italcaffe.it\/de\/shop\/kaffeebohnen\/espresso-kaffee-ganze-bohne\/italcaffe-gran-gusto-kaffee-espresso-ganze-bohne-250g\/#primaryimage"},"thumbnailUrl":"https:\/\/italcaffe.it\/wp-content\/uploads\/2022\/11\/Gran-Gusto-250-1.jpg","datePublished":"2022-11-22T16:22:21+00:00","dateModified":"2022-12-08T09:51:54+00:00","description":"Italcaff\u00e8 Gran Gusto Kaffee Ganze Bohne Espresso 250g, ist eine ausgewogene Komposition der besten Arabica und Robusta-Bohnen. Kaffeebohnen","breadcrumb":{"@id":"https:\/\/italcaffe.it\/de\/shop\/kaffeebohnen\/espresso-kaffee-ganze-bohne\/italcaffe-gran-gusto-kaffee-espresso-ganze-bohne-250g\/#breadcrumb"},"inLanguage":"de","potentialAction":[{"@type":"ReadAction","target":["https:\/\/italcaffe.it\/de\/shop\/kaffeebohnen\/espresso-kaffee-ganze-bohne\/italcaffe-gran-gusto-kaffee-espresso-ganze-bohne-250g\/"]}]},{"@type":"ImageObject","inLanguage":"de","@id":"https:\/\/italcaffe.it\/de\/shop\/kaffeebohnen\/espresso-kaffee-ganze-bohne\/italcaffe-gran-gusto-kaffee-espresso-ganze-bohne-250g\/#primaryimage","url":"https:\/\/italcaffe.it\/wp-content\/uploads\/2022\/11\/Gran-Gusto-250-1.jpg","contentUrl":"https:\/\/italcaffe.it\/wp-content\/uploads\/2022\/11\/Gran-Gusto-250-1.jpg","width":825,"height":1100,"caption":"Italcaff\u00e8 Gran Gusto Kaffee Espresso ganze bohne 250g | Italienischer Kaffeebohnnen"},{"@type":"BreadcrumbList","@id":"https:\/\/italcaffe.it\/de\/shop\/kaffeebohnen\/espresso-kaffee-ganze-bohne\/italcaffe-gran-gusto-kaffee-espresso-ganze-bohne-250g\/#breadcrumb","itemListElement":[{"@type":"ListItem","position":1,"name":"Home","item":"https:\/\/italcaffe.it\/de\/"},{"@type":"ListItem","position":2,"name":"Shop","item":"https:\/\/italcaffe.it\/de\/shop\/"},{"@type":"ListItem","position":3,"name":"Italcaff\u00e8 Gran Gusto Kaffee Espresso ganze bohne 250g"}]},{"@type":"WebSite","@id":"https:\/\/italcaffe.it\/de\/#website","url":"https:\/\/italcaffe.it\/de\/","name":"Italcaff\u00e8","description":"50 Anni insieme","potentialAction":[{"@type":"SearchAction","target":{"@type":"EntryPoint","urlTemplate":"https:\/\/italcaffe.it\/de\/?s={search_term_string}"},"query-input":{"@type":"PropertyValueSpecification","valueRequired":true,"valueName":"search_term_string"}}],"inLanguage":"de"}]}},"_links":{"self":[{"href":"https:\/\/italcaffe.it\/de\/wp-json\/wp\/v2\/product\/29745","targetHints":{"allow":["GET"]}}],"collection":[{"href":"https:\/\/italcaffe.it\/de\/wp-json\/wp\/v2\/product"}],"about":[{"href":"https:\/\/italcaffe.it\/de\/wp-json\/wp\/v2\/types\/product"}],"wp:featuredmedia":[{"embeddable":true,"href":"https:\/\/italcaffe.it\/de\/wp-json\/wp\/v2\/media\/29855"}],"wp:attachment":[{"href":"https:\/\/italcaffe.it\/de\/wp-json\/wp\/v2\/media?parent=29745"}],"wp:term":[{"taxonomy":"product_brand","embeddable":true,"href":"https:\/\/italcaffe.it\/de\/wp-json\/wp\/v2\/product_brand?post=29745"},{"taxonomy":"product_cat","embeddable":true,"href":"https:\/\/italcaffe.it\/de\/wp-json\/wp\/v2\/product_cat?post=29745"},{"taxonomy":"product_tag","embeddable":true,"href":"https:\/\/italcaffe.it\/de\/wp-json\/wp\/v2\/product_tag?post=29745"}],"curies":[{"name":"wp","href":"https:\/\/api.w.org\/{rel}","templated":true}]}}