{"id":29915,"date":"2022-11-24T08:24:00","date_gmt":"2022-11-24T07:24:00","guid":{"rendered":"https:\/\/www.italcaffe.it\/?post_type=product&#038;p=29915"},"modified":"2022-12-08T12:02:51","modified_gmt":"2022-12-08T11:02:51","slug":"gusto-e-aroma-italcaffe-kaffee-250g-espresso","status":"publish","type":"product","link":"https:\/\/italcaffe.it\/de\/shop\/kaffeebohnen\/espresso-kaffee-ganze-bohne\/gusto-e-aroma-italcaffe-kaffee-250g-espresso\/","title":{"rendered":"Italcaff\u00e8 Gusto e Aroma Kaffee ganze bohne 250g Espresso"},"content":{"rendered":"<h2 class=\"product_title entry-title text-uppercase pt__35\">Merkmale Italcaff\u00e8 Gusto e Aroma Kaffee ganze bohne 250g Espresso<\/h2>\n<p style=\"text-align: justify;\"><a href=\"https:\/\/www.italcaffe.it\/de\/geschichte\/\" target=\"_blank\" rel=\"noopener\">Italcaff\u00e8<\/a> <a href=\"https:\/\/youtu.be\/juvGGA-zbhk\" target=\"_blank\" rel=\"noopener\">Gusto e Aroma<\/a> \u00a0Kaffee ganze bohne 250g Espresso ist eine mischung Kaffeebohnen mit einem starken und feinen Geschmack und einem reichen und vollen Aroma.<br \/>\nHervorragende Mischung aus hochwertigen Arabica- und Robusta- Kaffeebohnen.\u00a0 Ausgewogene Mischung, s\u00fc\u00dfe Bohnen mit vollem Aroma. <a href=\"https:\/\/www.italcaffe.it\/de\/geschichte\/\" target=\"_blank\" rel=\"noopener\">Italcaff\u00e8<\/a> <a href=\"https:\/\/youtu.be\/juvGGA-zbhk\" target=\"_blank\" rel=\"noopener\">Gusto e Aroma<\/a> Kaffee ganze bohne Espresso\u00a0ist die perfekte Espresso Kaffeebohnen f\u00fcr Vollautomaten und Siebtr\u00e4germaschinen.<br \/>\nVollmundige und cremige Espresso Mischung mit einem anhaltenden Aroma von Bitterkakao und N\u00fcssen sowie einer angenehmen Note von dunkler Schokolade.<br \/>\n<span style=\"color: #000000;\">Zudem ist der 250g-Sack Gustoe Aroma Kaffeebohnen unter Schutzatmosph\u00e4re verpackt, an allen vier Seiten versiegelt und mit einem Einweg-Aromaschutzventil ausgestattet.<br \/>\nAuf diese Weise bieten wir Ihnen einen robusteren Beutel, der den Erhalt des Geschmacks und der Frische Ihres Espressos \u00fcber die Zeit garantiert.<br \/>\nDiese Eigenschaften garantieren eine bessere Haltbarkeit sowie eine h\u00f6here Qualit\u00e4t des Italcaff\u00e8 Produkts im Vergleich zu den \u00fcblichen Kaffeebeuteln, die Sie auf dem Markt finden.<br \/>\n<\/span><span style=\"color: #000000;\">Italcaff\u00e8 bietet Ihnen die besten Kaffeequalit\u00e4ten der Welt, was nicht zuletzt als Folge gro\u00dfer Leidenschaft f\u00fcr Kaffee sowie aus langer Erfahrung, Wissenschaft und Innovationsbem\u00fchungen resultiert.<br \/>\n<\/span><span style=\"color: #000000;\">Diese Eigenschaften garantieren eine bessere Haltbarkeit sowie eine h\u00f6here Qualit\u00e4t des Produkts im Vergleich zu den \u00fcblichen Kaffeebeuteln, die Sie auf dem Markt finden.<br \/>\nHochwertigen, frischen Espresso Kaffee bestellen bei uns im Kaffee Shop<\/span><\/p>\n<h2 class=\"product_title entry-title text-uppercase pt__35\">Die Firma Italcaff\u00e8<\/h2>\n<p align=\"justify\">Italcaff\u00e8 S.p.A. ist eine Kaffeer\u00f6sterei mit Fabrik und B\u00fcros in La Spezia in Italien, der Heimat des echten italienischen Espressos.<br \/>\nDas Unternehmen wurde 1969 gegr\u00fcndet und verf\u00fcgt \u00fcber mehr als 40 Jahre Erfahrung in der R\u00f6stung und Mischung feiner Kaffees.<br \/>\nWir reisen um die Welt, um die besten Kaffeequalit\u00e4ten f\u00fcr unsere Kunden auszuw\u00e4hlen.<br \/>\nUnser Gesch\u00e4ft besteht darin, Rohkaffee direkt von den Herkunftsm\u00e4rkten zu importieren.<br \/>\nDanach verwandeln wir mit Leidenschaft, Erfahrung und K\u00f6nnen den Rohstoff in kostbare Mischungen mit einem einzigartigen und unverwechselbaren Geschmack.<br \/>\nDar\u00fcber hinaus wird die Zuverl\u00e4ssigkeit des gesamten Herstellungsprozesses von Italcaff\u00e8 durch die Qualit\u00e4tszertifizierung UNI EN ISO 9001: 2015 garantiert.<br \/>\nDeshalb setzen wir uns seit jeher daf\u00fcr ein, das Aroma echten italienischen Espressos nach Italien und in die Welt zu bringen, zu Hause und an der Bar.<br \/>\nEgal, ob Sie ein Barprofi oder ein Liebhaber guten Kaffees sind, Italcaff\u00e8 hat die richtige Mischung f\u00fcr Sie.<br \/>\nJetzt kann jeder das Aroma von Italcaff\u00e8 genie\u00dfen.<\/p>\n","protected":false},"excerpt":{"rendered":"<p style=\"text-align: justify;\"><a href=\"https:\/\/www.italcaffe.it\/de\/geschichte\/\" target=\"_blank\" rel=\"noopener\">Italcaff\u00e8<\/a> <a href=\"https:\/\/youtu.be\/juvGGA-zbhk\" target=\"_blank\" rel=\"noopener\">Gusto e Aroma<\/a> \u00a0Kaffee ganze bohne 250g Espresso ist eine mischung Kaffeebohnen mit einem starken und feinen Geschmack und einem reichen und vollen Aroma.<br \/>\nHervorragende Mischung aus hochwertigen Arabica- und Robusta- Kaffeebohnen.\u00a0 Ausgewogene Mischung, s\u00fc\u00dfe Bohnen mit vollem Aroma. <a href=\"https:\/\/www.italcaffe.it\/de\/geschichte\/\" target=\"_blank\" rel=\"noopener\">Italcaff\u00e8<\/a> <a href=\"https:\/\/youtu.be\/juvGGA-zbhk\" target=\"_blank\" rel=\"noopener\">Gusto e Aroma<\/a> Kaffee ganze bohne Espresso\u00a0ist die perfekte Espresso Kaffeebohnen f\u00fcr Vollautomaten und Siebtr\u00e4germaschinen.<br \/>\nDer meistverkaufte mit dem vollmundigem Geschmack und ausgezeichneter Struktur und Crema. Ger\u00f6stete Kaffeebohnen in einer sch\u00fctzenden Atmosph\u00e4re verpackt.<br \/>\nBeutel von 250g mit unidirektionalem Aromaschutzventil. Diese Eigenschaften garantieren eine bessere Haltbarkeit sowie eine h\u00f6here Qualit\u00e4t des Italcaff\u00e8 Produkts im Vergleich zu den \u00fcblichen Kaffeebeuteln, die Sie auf dem Markt finden.<\/p>\n","protected":false},"featured_media":29879,"template":"","meta":{"_acf_changed":false},"product_brand":[],"product_cat":[276,277],"product_tag":[],"class_list":{"0":"post-29915","1":"product","2":"type-product","3":"status-publish","4":"has-post-thumbnail","6":"product_cat-kaffeebohnen","7":"product_cat-espresso-kaffee-ganze-bohne","9":"first","10":"instock","11":"taxable","12":"shipping-taxable","13":"product-type-grouped"},"acf":[],"yoast_head":"<!-- This site is optimized with the Yoast SEO plugin v27.0 - https:\/\/yoast.com\/product\/yoast-seo-wordpress\/ -->\n<title>Italcaff\u00e8 Gusto e Aroma Kaffee ganze bohne 250g Espresso | Kaffeebohnen<\/title>\n<meta name=\"description\" content=\"Italcaff\u00e8 Gusto e Aroma Kaffee ganze bohne 250g Espresso ist die perfekte Espresso Kaffeebohnen f\u00fcr Vollautomaten und Siebtr\u00e4germaschinen.\" \/>\n<meta name=\"robots\" content=\"index, follow, max-snippet:-1, max-image-preview:large, max-video-preview:-1\" \/>\n<link rel=\"canonical\" href=\"https:\/\/italcaffe.it\/de\/shop\/kaffeebohnen\/espresso-kaffee-ganze-bohne\/gusto-e-aroma-italcaffe-kaffee-250g-espresso\/\" \/>\n<meta property=\"og:locale\" content=\"de_DE\" \/>\n<meta property=\"og:type\" content=\"article\" \/>\n<meta property=\"og:title\" content=\"Italcaff\u00e8 Gusto e Aroma Kaffee ganze bohne 250g Espresso | Kaffeebohnen\" \/>\n<meta property=\"og:description\" content=\"Italcaff\u00e8 Gusto e Aroma Kaffee ganze bohne 250g Espresso ist die perfekte Espresso Kaffeebohnen f\u00fcr Vollautomaten und Siebtr\u00e4germaschinen.\" \/>\n<meta property=\"og:url\" content=\"https:\/\/italcaffe.it\/de\/shop\/kaffeebohnen\/espresso-kaffee-ganze-bohne\/gusto-e-aroma-italcaffe-kaffee-250g-espresso\/\" \/>\n<meta property=\"og:site_name\" content=\"Italcaff\u00e8\" \/>\n<meta property=\"article:modified_time\" content=\"2022-12-08T11:02:51+00:00\" \/>\n<meta property=\"og:image\" content=\"https:\/\/italcaffe.it\/wp-content\/uploads\/2022\/11\/Gusto-E-Aroma-250-3.jpg\" \/>\n\t<meta property=\"og:image:width\" content=\"825\" \/>\n\t<meta property=\"og:image:height\" content=\"1100\" \/>\n\t<meta property=\"og:image:type\" content=\"image\/jpeg\" \/>\n<meta name=\"twitter:card\" content=\"summary_large_image\" \/>\n<meta name=\"twitter:label1\" content=\"Gesch\u00e4tzte Lesezeit\" \/>\n\t<meta name=\"twitter:data1\" content=\"2\u00a0Minuten\" \/>\n<script type=\"application\/ld+json\" class=\"yoast-schema-graph\">{\"@context\":\"https:\/\/schema.org\",\"@graph\":[{\"@type\":\"WebPage\",\"@id\":\"https:\/\/italcaffe.it\/de\/shop\/kaffeebohnen\/espresso-kaffee-ganze-bohne\/gusto-e-aroma-italcaffe-kaffee-250g-espresso\/\",\"url\":\"https:\/\/italcaffe.it\/de\/shop\/kaffeebohnen\/espresso-kaffee-ganze-bohne\/gusto-e-aroma-italcaffe-kaffee-250g-espresso\/\",\"name\":\"Italcaff\u00e8 Gusto e Aroma Kaffee ganze bohne 250g Espresso | Kaffeebohnen\",\"isPartOf\":{\"@id\":\"https:\/\/italcaffe.it\/de\/#website\"},\"primaryImageOfPage\":{\"@id\":\"https:\/\/italcaffe.it\/de\/shop\/kaffeebohnen\/espresso-kaffee-ganze-bohne\/gusto-e-aroma-italcaffe-kaffee-250g-espresso\/#primaryimage\"},\"image\":{\"@id\":\"https:\/\/italcaffe.it\/de\/shop\/kaffeebohnen\/espresso-kaffee-ganze-bohne\/gusto-e-aroma-italcaffe-kaffee-250g-espresso\/#primaryimage\"},\"thumbnailUrl\":\"https:\/\/italcaffe.it\/wp-content\/uploads\/2022\/11\/Gusto-E-Aroma-250-3.jpg\",\"datePublished\":\"2022-11-24T07:24:00+00:00\",\"dateModified\":\"2022-12-08T11:02:51+00:00\",\"description\":\"Italcaff\u00e8 Gusto e Aroma Kaffee ganze bohne 250g Espresso ist die perfekte Espresso Kaffeebohnen f\u00fcr Vollautomaten und Siebtr\u00e4germaschinen.\",\"breadcrumb\":{\"@id\":\"https:\/\/italcaffe.it\/de\/shop\/kaffeebohnen\/espresso-kaffee-ganze-bohne\/gusto-e-aroma-italcaffe-kaffee-250g-espresso\/#breadcrumb\"},\"inLanguage\":\"de\",\"potentialAction\":[{\"@type\":\"ReadAction\",\"target\":[\"https:\/\/italcaffe.it\/de\/shop\/kaffeebohnen\/espresso-kaffee-ganze-bohne\/gusto-e-aroma-italcaffe-kaffee-250g-espresso\/\"]}]},{\"@type\":\"ImageObject\",\"inLanguage\":\"de\",\"@id\":\"https:\/\/italcaffe.it\/de\/shop\/kaffeebohnen\/espresso-kaffee-ganze-bohne\/gusto-e-aroma-italcaffe-kaffee-250g-espresso\/#primaryimage\",\"url\":\"https:\/\/italcaffe.it\/wp-content\/uploads\/2022\/11\/Gusto-E-Aroma-250-3.jpg\",\"contentUrl\":\"https:\/\/italcaffe.it\/wp-content\/uploads\/2022\/11\/Gusto-E-Aroma-250-3.jpg\",\"width\":825,\"height\":1100,\"caption\":\"Italcaff\u00e8 Gusto e Aroma Kaffee ganze bohne 250g Espresso\"},{\"@type\":\"BreadcrumbList\",\"@id\":\"https:\/\/italcaffe.it\/de\/shop\/kaffeebohnen\/espresso-kaffee-ganze-bohne\/gusto-e-aroma-italcaffe-kaffee-250g-espresso\/#breadcrumb\",\"itemListElement\":[{\"@type\":\"ListItem\",\"position\":1,\"name\":\"Home\",\"item\":\"https:\/\/italcaffe.it\/de\/\"},{\"@type\":\"ListItem\",\"position\":2,\"name\":\"Shop\",\"item\":\"https:\/\/italcaffe.it\/de\/shop\/\"},{\"@type\":\"ListItem\",\"position\":3,\"name\":\"Italcaff\u00e8 Gusto e Aroma Kaffee ganze bohne 250g Espresso\"}]},{\"@type\":\"WebSite\",\"@id\":\"https:\/\/italcaffe.it\/de\/#website\",\"url\":\"https:\/\/italcaffe.it\/de\/\",\"name\":\"Italcaff\u00e8\",\"description\":\"50 Anni insieme\",\"potentialAction\":[{\"@type\":\"SearchAction\",\"target\":{\"@type\":\"EntryPoint\",\"urlTemplate\":\"https:\/\/italcaffe.it\/de\/?s={search_term_string}\"},\"query-input\":{\"@type\":\"PropertyValueSpecification\",\"valueRequired\":true,\"valueName\":\"search_term_string\"}}],\"inLanguage\":\"de\"}]}<\/script>\n<!-- \/ Yoast SEO plugin. -->","yoast_head_json":{"title":"Italcaff\u00e8 Gusto e Aroma Kaffee ganze bohne 250g Espresso | Kaffeebohnen","description":"Italcaff\u00e8 Gusto e Aroma Kaffee ganze bohne 250g Espresso ist die perfekte Espresso Kaffeebohnen f\u00fcr Vollautomaten und Siebtr\u00e4germaschinen.","robots":{"index":"index","follow":"follow","max-snippet":"max-snippet:-1","max-image-preview":"max-image-preview:large","max-video-preview":"max-video-preview:-1"},"canonical":"https:\/\/italcaffe.it\/de\/shop\/kaffeebohnen\/espresso-kaffee-ganze-bohne\/gusto-e-aroma-italcaffe-kaffee-250g-espresso\/","og_locale":"de_DE","og_type":"article","og_title":"Italcaff\u00e8 Gusto e Aroma Kaffee ganze bohne 250g Espresso | Kaffeebohnen","og_description":"Italcaff\u00e8 Gusto e Aroma Kaffee ganze bohne 250g Espresso ist die perfekte Espresso Kaffeebohnen f\u00fcr Vollautomaten und Siebtr\u00e4germaschinen.","og_url":"https:\/\/italcaffe.it\/de\/shop\/kaffeebohnen\/espresso-kaffee-ganze-bohne\/gusto-e-aroma-italcaffe-kaffee-250g-espresso\/","og_site_name":"Italcaff\u00e8","article_modified_time":"2022-12-08T11:02:51+00:00","og_image":[{"width":825,"height":1100,"url":"https:\/\/italcaffe.it\/wp-content\/uploads\/2022\/11\/Gusto-E-Aroma-250-3.jpg","type":"image\/jpeg"}],"twitter_card":"summary_large_image","twitter_misc":{"Gesch\u00e4tzte Lesezeit":"2\u00a0Minuten"},"schema":{"@context":"https:\/\/schema.org","@graph":[{"@type":"WebPage","@id":"https:\/\/italcaffe.it\/de\/shop\/kaffeebohnen\/espresso-kaffee-ganze-bohne\/gusto-e-aroma-italcaffe-kaffee-250g-espresso\/","url":"https:\/\/italcaffe.it\/de\/shop\/kaffeebohnen\/espresso-kaffee-ganze-bohne\/gusto-e-aroma-italcaffe-kaffee-250g-espresso\/","name":"Italcaff\u00e8 Gusto e Aroma Kaffee ganze bohne 250g Espresso | Kaffeebohnen","isPartOf":{"@id":"https:\/\/italcaffe.it\/de\/#website"},"primaryImageOfPage":{"@id":"https:\/\/italcaffe.it\/de\/shop\/kaffeebohnen\/espresso-kaffee-ganze-bohne\/gusto-e-aroma-italcaffe-kaffee-250g-espresso\/#primaryimage"},"image":{"@id":"https:\/\/italcaffe.it\/de\/shop\/kaffeebohnen\/espresso-kaffee-ganze-bohne\/gusto-e-aroma-italcaffe-kaffee-250g-espresso\/#primaryimage"},"thumbnailUrl":"https:\/\/italcaffe.it\/wp-content\/uploads\/2022\/11\/Gusto-E-Aroma-250-3.jpg","datePublished":"2022-11-24T07:24:00+00:00","dateModified":"2022-12-08T11:02:51+00:00","description":"Italcaff\u00e8 Gusto e Aroma Kaffee ganze bohne 250g Espresso ist die perfekte Espresso Kaffeebohnen f\u00fcr Vollautomaten und Siebtr\u00e4germaschinen.","breadcrumb":{"@id":"https:\/\/italcaffe.it\/de\/shop\/kaffeebohnen\/espresso-kaffee-ganze-bohne\/gusto-e-aroma-italcaffe-kaffee-250g-espresso\/#breadcrumb"},"inLanguage":"de","potentialAction":[{"@type":"ReadAction","target":["https:\/\/italcaffe.it\/de\/shop\/kaffeebohnen\/espresso-kaffee-ganze-bohne\/gusto-e-aroma-italcaffe-kaffee-250g-espresso\/"]}]},{"@type":"ImageObject","inLanguage":"de","@id":"https:\/\/italcaffe.it\/de\/shop\/kaffeebohnen\/espresso-kaffee-ganze-bohne\/gusto-e-aroma-italcaffe-kaffee-250g-espresso\/#primaryimage","url":"https:\/\/italcaffe.it\/wp-content\/uploads\/2022\/11\/Gusto-E-Aroma-250-3.jpg","contentUrl":"https:\/\/italcaffe.it\/wp-content\/uploads\/2022\/11\/Gusto-E-Aroma-250-3.jpg","width":825,"height":1100,"caption":"Italcaff\u00e8 Gusto e Aroma Kaffee ganze bohne 250g Espresso"},{"@type":"BreadcrumbList","@id":"https:\/\/italcaffe.it\/de\/shop\/kaffeebohnen\/espresso-kaffee-ganze-bohne\/gusto-e-aroma-italcaffe-kaffee-250g-espresso\/#breadcrumb","itemListElement":[{"@type":"ListItem","position":1,"name":"Home","item":"https:\/\/italcaffe.it\/de\/"},{"@type":"ListItem","position":2,"name":"Shop","item":"https:\/\/italcaffe.it\/de\/shop\/"},{"@type":"ListItem","position":3,"name":"Italcaff\u00e8 Gusto e Aroma Kaffee ganze bohne 250g Espresso"}]},{"@type":"WebSite","@id":"https:\/\/italcaffe.it\/de\/#website","url":"https:\/\/italcaffe.it\/de\/","name":"Italcaff\u00e8","description":"50 Anni insieme","potentialAction":[{"@type":"SearchAction","target":{"@type":"EntryPoint","urlTemplate":"https:\/\/italcaffe.it\/de\/?s={search_term_string}"},"query-input":{"@type":"PropertyValueSpecification","valueRequired":true,"valueName":"search_term_string"}}],"inLanguage":"de"}]}},"_links":{"self":[{"href":"https:\/\/italcaffe.it\/de\/wp-json\/wp\/v2\/product\/29915","targetHints":{"allow":["GET"]}}],"collection":[{"href":"https:\/\/italcaffe.it\/de\/wp-json\/wp\/v2\/product"}],"about":[{"href":"https:\/\/italcaffe.it\/de\/wp-json\/wp\/v2\/types\/product"}],"wp:featuredmedia":[{"embeddable":true,"href":"https:\/\/italcaffe.it\/de\/wp-json\/wp\/v2\/media\/29879"}],"wp:attachment":[{"href":"https:\/\/italcaffe.it\/de\/wp-json\/wp\/v2\/media?parent=29915"}],"wp:term":[{"taxonomy":"product_brand","embeddable":true,"href":"https:\/\/italcaffe.it\/de\/wp-json\/wp\/v2\/product_brand?post=29915"},{"taxonomy":"product_cat","embeddable":true,"href":"https:\/\/italcaffe.it\/de\/wp-json\/wp\/v2\/product_cat?post=29915"},{"taxonomy":"product_tag","embeddable":true,"href":"https:\/\/italcaffe.it\/de\/wp-json\/wp\/v2\/product_tag?post=29915"}],"curies":[{"name":"wp","href":"https:\/\/api.w.org\/{rel}","templated":true}]}}