{"id":30148,"date":"2022-12-29T16:11:35","date_gmt":"2022-12-29T15:11:35","guid":{"rendered":"https:\/\/www.italcaffe.it\/?post_type=product&#038;p=30148"},"modified":"2022-12-29T20:12:48","modified_gmt":"2022-12-29T19:12:48","slug":"arabica-kaffee-kolumbien-italcaffe-espresso-12x250g","status":"publish","type":"product","link":"https:\/\/italcaffe.it\/de\/shop\/kaffeebohnen\/arabica-bohnen\/arabica-kaffee-kolumbien-italcaffe-espresso-12x250g\/","title":{"rendered":"Arabica Kaffee Kolumbien Italcaff\u00e8 Espresso Kaffeebohnen 12x250g"},"content":{"rendered":"","protected":false},"excerpt":{"rendered":"<p>Caff\u00e8 torrefatto 100% Arabica Guatemala in grani per Espresso.<\/p>\n<p>Caff\u00e8 amabile, molto equilibrato con media acidit\u00e0 e corposit\u00e0. Si distinguono sentori di malto, cacao e cereali. Note di cioccolato e noccioline tostate nel retrogusto. Un caff\u00e8 squisito.da veri intenditori.\u00a0Caff\u00e8 Arabica selezionato del Guatemala per un offrire un Espresso di altissima qualit\u00e0.<\/p>\n<p>E\u2019 disponibile in sacchetto da 250g. in grani confezionato con valvola salvaroma unidirezionale.<\/p>\n","protected":false},"featured_media":28610,"template":"","meta":{"_acf_changed":false},"product_brand":[],"product_cat":[276,292],"product_tag":[],"class_list":{"0":"post-30148","1":"product","2":"type-product","3":"status-publish","4":"has-post-thumbnail","6":"product_cat-kaffeebohnen","7":"product_cat-arabica-bohnen","9":"first","10":"instock","11":"taxable","12":"shipping-taxable","13":"purchasable","14":"product-type-simple"},"acf":[],"yoast_head":"<!-- This site is optimized with the Yoast SEO plugin v27.0 - https:\/\/yoast.com\/product\/yoast-seo-wordpress\/ -->\n<title>Arabica Kaffee Kolumbien Italcaff\u00e8 Espresso Kaffeebohnen 12x250g - Italcaff\u00e8<\/title>\n<meta name=\"robots\" content=\"index, follow, max-snippet:-1, max-image-preview:large, max-video-preview:-1\" \/>\n<link rel=\"canonical\" href=\"https:\/\/italcaffe.it\/de\/shop\/kaffeebohnen\/arabica-bohnen\/arabica-kaffee-kolumbien-italcaffe-espresso-12x250g\/\" \/>\n<meta property=\"og:locale\" content=\"de_DE\" \/>\n<meta property=\"og:type\" content=\"article\" \/>\n<meta property=\"og:title\" content=\"Arabica Kaffee Kolumbien Italcaff\u00e8 Espresso Kaffeebohnen 12x250g - Italcaff\u00e8\" \/>\n<meta property=\"og:description\" content=\"Caff\u00e8 torrefatto 100% Arabica Guatemala in grani per Espresso.  Caff\u00e8 amabile, molto equilibrato con media acidit\u00e0 e corposit\u00e0. Si distinguono sentori di malto, cacao e cereali. Note di cioccolato e noccioline tostate nel retrogusto. Un caff\u00e8 squisito.da veri intenditori.\u00a0Caff\u00e8 Arabica selezionato del Guatemala per un offrire un Espresso di altissima qualit\u00e0.  E\u2019 disponibile in sacchetto da 250g. in grani confezionato con valvola salvaroma unidirezionale.\" \/>\n<meta property=\"og:url\" content=\"https:\/\/italcaffe.it\/de\/shop\/kaffeebohnen\/arabica-bohnen\/arabica-kaffee-kolumbien-italcaffe-espresso-12x250g\/\" \/>\n<meta property=\"og:site_name\" content=\"Italcaff\u00e8\" \/>\n<meta property=\"article:modified_time\" content=\"2022-12-29T19:12:48+00:00\" \/>\n<meta property=\"og:image\" content=\"https:\/\/italcaffe.it\/wp-content\/uploads\/2021\/12\/Colombia250g.jpg\" \/>\n\t<meta property=\"og:image:width\" content=\"825\" \/>\n\t<meta property=\"og:image:height\" content=\"1000\" \/>\n\t<meta property=\"og:image:type\" content=\"image\/jpeg\" \/>\n<meta name=\"twitter:card\" content=\"summary_large_image\" \/>\n<script type=\"application\/ld+json\" class=\"yoast-schema-graph\">{\"@context\":\"https:\/\/schema.org\",\"@graph\":[{\"@type\":\"WebPage\",\"@id\":\"https:\/\/italcaffe.it\/de\/shop\/kaffeebohnen\/arabica-bohnen\/arabica-kaffee-kolumbien-italcaffe-espresso-12x250g\/\",\"url\":\"https:\/\/italcaffe.it\/de\/shop\/kaffeebohnen\/arabica-bohnen\/arabica-kaffee-kolumbien-italcaffe-espresso-12x250g\/\",\"name\":\"Arabica Kaffee Kolumbien Italcaff\u00e8 Espresso Kaffeebohnen 12x250g - Italcaff\u00e8\",\"isPartOf\":{\"@id\":\"https:\/\/italcaffe.it\/de\/#website\"},\"primaryImageOfPage\":{\"@id\":\"https:\/\/italcaffe.it\/de\/shop\/kaffeebohnen\/arabica-bohnen\/arabica-kaffee-kolumbien-italcaffe-espresso-12x250g\/#primaryimage\"},\"image\":{\"@id\":\"https:\/\/italcaffe.it\/de\/shop\/kaffeebohnen\/arabica-bohnen\/arabica-kaffee-kolumbien-italcaffe-espresso-12x250g\/#primaryimage\"},\"thumbnailUrl\":\"https:\/\/italcaffe.it\/wp-content\/uploads\/2021\/12\/Colombia250g.jpg\",\"datePublished\":\"2022-12-29T15:11:35+00:00\",\"dateModified\":\"2022-12-29T19:12:48+00:00\",\"breadcrumb\":{\"@id\":\"https:\/\/italcaffe.it\/de\/shop\/kaffeebohnen\/arabica-bohnen\/arabica-kaffee-kolumbien-italcaffe-espresso-12x250g\/#breadcrumb\"},\"inLanguage\":\"de\",\"potentialAction\":[{\"@type\":\"ReadAction\",\"target\":[\"https:\/\/italcaffe.it\/de\/shop\/kaffeebohnen\/arabica-bohnen\/arabica-kaffee-kolumbien-italcaffe-espresso-12x250g\/\"]}]},{\"@type\":\"ImageObject\",\"inLanguage\":\"de\",\"@id\":\"https:\/\/italcaffe.it\/de\/shop\/kaffeebohnen\/arabica-bohnen\/arabica-kaffee-kolumbien-italcaffe-espresso-12x250g\/#primaryimage\",\"url\":\"https:\/\/italcaffe.it\/wp-content\/uploads\/2021\/12\/Colombia250g.jpg\",\"contentUrl\":\"https:\/\/italcaffe.it\/wp-content\/uploads\/2021\/12\/Colombia250g.jpg\",\"width\":825,\"height\":1000,\"caption\":\"Arabica Kaffee Kolumbien 250 g Italcaff\u00e8 Espresso, Ganze Bohne | Espressobohnen Kaffee Arabica\"},{\"@type\":\"BreadcrumbList\",\"@id\":\"https:\/\/italcaffe.it\/de\/shop\/kaffeebohnen\/arabica-bohnen\/arabica-kaffee-kolumbien-italcaffe-espresso-12x250g\/#breadcrumb\",\"itemListElement\":[{\"@type\":\"ListItem\",\"position\":1,\"name\":\"Home\",\"item\":\"https:\/\/italcaffe.it\/de\/\"},{\"@type\":\"ListItem\",\"position\":2,\"name\":\"Shop\",\"item\":\"https:\/\/italcaffe.it\/de\/shop\/\"},{\"@type\":\"ListItem\",\"position\":3,\"name\":\"Arabica Kaffee Kolumbien Italcaff\u00e8 Espresso Kaffeebohnen 12x250g\"}]},{\"@type\":\"WebSite\",\"@id\":\"https:\/\/italcaffe.it\/de\/#website\",\"url\":\"https:\/\/italcaffe.it\/de\/\",\"name\":\"Italcaff\u00e8\",\"description\":\"50 Anni insieme\",\"potentialAction\":[{\"@type\":\"SearchAction\",\"target\":{\"@type\":\"EntryPoint\",\"urlTemplate\":\"https:\/\/italcaffe.it\/de\/?s={search_term_string}\"},\"query-input\":{\"@type\":\"PropertyValueSpecification\",\"valueRequired\":true,\"valueName\":\"search_term_string\"}}],\"inLanguage\":\"de\"}]}<\/script>\n<!-- \/ Yoast SEO plugin. -->","yoast_head_json":{"title":"Arabica Kaffee Kolumbien Italcaff\u00e8 Espresso Kaffeebohnen 12x250g - Italcaff\u00e8","robots":{"index":"index","follow":"follow","max-snippet":"max-snippet:-1","max-image-preview":"max-image-preview:large","max-video-preview":"max-video-preview:-1"},"canonical":"https:\/\/italcaffe.it\/de\/shop\/kaffeebohnen\/arabica-bohnen\/arabica-kaffee-kolumbien-italcaffe-espresso-12x250g\/","og_locale":"de_DE","og_type":"article","og_title":"Arabica Kaffee Kolumbien Italcaff\u00e8 Espresso Kaffeebohnen 12x250g - Italcaff\u00e8","og_description":"Caff\u00e8 torrefatto 100% Arabica Guatemala in grani per Espresso.  Caff\u00e8 amabile, molto equilibrato con media acidit\u00e0 e corposit\u00e0. Si distinguono sentori di malto, cacao e cereali. Note di cioccolato e noccioline tostate nel retrogusto. Un caff\u00e8 squisito.da veri intenditori.\u00a0Caff\u00e8 Arabica selezionato del Guatemala per un offrire un Espresso di altissima qualit\u00e0.  E\u2019 disponibile in sacchetto da 250g. in grani confezionato con valvola salvaroma unidirezionale.","og_url":"https:\/\/italcaffe.it\/de\/shop\/kaffeebohnen\/arabica-bohnen\/arabica-kaffee-kolumbien-italcaffe-espresso-12x250g\/","og_site_name":"Italcaff\u00e8","article_modified_time":"2022-12-29T19:12:48+00:00","og_image":[{"width":825,"height":1000,"url":"https:\/\/italcaffe.it\/wp-content\/uploads\/2021\/12\/Colombia250g.jpg","type":"image\/jpeg"}],"twitter_card":"summary_large_image","schema":{"@context":"https:\/\/schema.org","@graph":[{"@type":"WebPage","@id":"https:\/\/italcaffe.it\/de\/shop\/kaffeebohnen\/arabica-bohnen\/arabica-kaffee-kolumbien-italcaffe-espresso-12x250g\/","url":"https:\/\/italcaffe.it\/de\/shop\/kaffeebohnen\/arabica-bohnen\/arabica-kaffee-kolumbien-italcaffe-espresso-12x250g\/","name":"Arabica Kaffee Kolumbien Italcaff\u00e8 Espresso Kaffeebohnen 12x250g - Italcaff\u00e8","isPartOf":{"@id":"https:\/\/italcaffe.it\/de\/#website"},"primaryImageOfPage":{"@id":"https:\/\/italcaffe.it\/de\/shop\/kaffeebohnen\/arabica-bohnen\/arabica-kaffee-kolumbien-italcaffe-espresso-12x250g\/#primaryimage"},"image":{"@id":"https:\/\/italcaffe.it\/de\/shop\/kaffeebohnen\/arabica-bohnen\/arabica-kaffee-kolumbien-italcaffe-espresso-12x250g\/#primaryimage"},"thumbnailUrl":"https:\/\/italcaffe.it\/wp-content\/uploads\/2021\/12\/Colombia250g.jpg","datePublished":"2022-12-29T15:11:35+00:00","dateModified":"2022-12-29T19:12:48+00:00","breadcrumb":{"@id":"https:\/\/italcaffe.it\/de\/shop\/kaffeebohnen\/arabica-bohnen\/arabica-kaffee-kolumbien-italcaffe-espresso-12x250g\/#breadcrumb"},"inLanguage":"de","potentialAction":[{"@type":"ReadAction","target":["https:\/\/italcaffe.it\/de\/shop\/kaffeebohnen\/arabica-bohnen\/arabica-kaffee-kolumbien-italcaffe-espresso-12x250g\/"]}]},{"@type":"ImageObject","inLanguage":"de","@id":"https:\/\/italcaffe.it\/de\/shop\/kaffeebohnen\/arabica-bohnen\/arabica-kaffee-kolumbien-italcaffe-espresso-12x250g\/#primaryimage","url":"https:\/\/italcaffe.it\/wp-content\/uploads\/2021\/12\/Colombia250g.jpg","contentUrl":"https:\/\/italcaffe.it\/wp-content\/uploads\/2021\/12\/Colombia250g.jpg","width":825,"height":1000,"caption":"Arabica Kaffee Kolumbien 250 g Italcaff\u00e8 Espresso, Ganze Bohne | Espressobohnen Kaffee Arabica"},{"@type":"BreadcrumbList","@id":"https:\/\/italcaffe.it\/de\/shop\/kaffeebohnen\/arabica-bohnen\/arabica-kaffee-kolumbien-italcaffe-espresso-12x250g\/#breadcrumb","itemListElement":[{"@type":"ListItem","position":1,"name":"Home","item":"https:\/\/italcaffe.it\/de\/"},{"@type":"ListItem","position":2,"name":"Shop","item":"https:\/\/italcaffe.it\/de\/shop\/"},{"@type":"ListItem","position":3,"name":"Arabica Kaffee Kolumbien Italcaff\u00e8 Espresso Kaffeebohnen 12x250g"}]},{"@type":"WebSite","@id":"https:\/\/italcaffe.it\/de\/#website","url":"https:\/\/italcaffe.it\/de\/","name":"Italcaff\u00e8","description":"50 Anni insieme","potentialAction":[{"@type":"SearchAction","target":{"@type":"EntryPoint","urlTemplate":"https:\/\/italcaffe.it\/de\/?s={search_term_string}"},"query-input":{"@type":"PropertyValueSpecification","valueRequired":true,"valueName":"search_term_string"}}],"inLanguage":"de"}]}},"_links":{"self":[{"href":"https:\/\/italcaffe.it\/de\/wp-json\/wp\/v2\/product\/30148","targetHints":{"allow":["GET"]}}],"collection":[{"href":"https:\/\/italcaffe.it\/de\/wp-json\/wp\/v2\/product"}],"about":[{"href":"https:\/\/italcaffe.it\/de\/wp-json\/wp\/v2\/types\/product"}],"wp:featuredmedia":[{"embeddable":true,"href":"https:\/\/italcaffe.it\/de\/wp-json\/wp\/v2\/media\/28610"}],"wp:attachment":[{"href":"https:\/\/italcaffe.it\/de\/wp-json\/wp\/v2\/media?parent=30148"}],"wp:term":[{"taxonomy":"product_brand","embeddable":true,"href":"https:\/\/italcaffe.it\/de\/wp-json\/wp\/v2\/product_brand?post=30148"},{"taxonomy":"product_cat","embeddable":true,"href":"https:\/\/italcaffe.it\/de\/wp-json\/wp\/v2\/product_cat?post=30148"},{"taxonomy":"product_tag","embeddable":true,"href":"https:\/\/italcaffe.it\/de\/wp-json\/wp\/v2\/product_tag?post=30148"}],"curies":[{"name":"wp","href":"https:\/\/api.w.org\/{rel}","templated":true}]}}