{"id":19574,"date":"2019-10-17T15:04:57","date_gmt":"2019-10-17T14:04:57","guid":{"rendered":"https:\/\/www.italcaffe.it\/products\/espresso-line\/gusto-aroma-1000g\/"},"modified":"2024-07-15T12:54:04","modified_gmt":"2024-07-15T11:54:04","slug":"gusto-aroma","status":"publish","type":"page","link":"https:\/\/italcaffe.it\/en\/italian-coffee\/best-espresso-coffee-beans-bar\/gusto-aroma\/","title":{"rendered":"GUSTO &amp; AROMA 1000g"},"content":{"rendered":"<div class=\"wpb-content-wrapper\"><p>[vc_section el_class=&#8221;wrap-content-limit&#8221;][vc_row el_class=&#8221;wrap-content-limit&#8221;][vc_column][vc_raw_html]JTNDaDIlMjBzdHlsZSUzRCUyMmZvbnQtc2l6ZSUzQSUyMDI0cHglM0JsaW5lLWhlaWdodCUzQSUyMDI0cHglM0J0ZXh0LWFsaWduJTNBJTIwY2VudGVyJTIyJTIwY2xhc3MlM0QlMjJ2Y19jdXN0b21faGVhZGluZyUyMHRleHQtdXBwZXJjYXNlJTIwZGl2aWRlciUyMHByJTIyJTNFR1VTVE8lMjAlMjYlMjBBUk9NQSUyMDEwMDAlM0NzcGFuJTIwY2xhc3MlM0QlMjJ0ZXh0LWxvd2VyY2FzZSUyMiUzRWclM0MlMkZoMiUzRQ==[\/vc_raw_html][\/vc_column][\/vc_row][vc_row][vc_column width=&#8221;1\/2&#8243;][vc_gallery type=&#8221;flexslider_slide&#8221; interval=&#8221;5&#8243; images=&#8221;8380,8384&#8243; img_size=&#8221;570&#215;760&#8243; onclick=&#8221;&#8221; el_class=&#8221;flexslider-prodotti&#8221;][\/vc_column][vc_column width=&#8221;1\/2&#8243;][vc_empty_space height=&#8221;50px&#8221;][vc_raw_html]JTNDZGl2JTIwY2xhc3MlM0QlMjJ3b29jb21tZXJjZS1wcm9kdWN0LWRldGFpbHNfX3Nob3J0LWRlc2NyaXB0aW9uJTIyJTNFJTBBJTA5JTA5JTNDaDIlMjBjbGFzcyUzRCUyMnByb2R1Y3RfdGl0bGUlMjBlbnRyeS10aXRsZSUyMHRleHQtdXBwZXJjYXNlJTIwcHRfXzMwJTIyJTNFQ29mZmVlJTIwRmVhdHVyZXMlM0MlMkZoMiUzRSUwQSUzQ2RpdiUyMGNsYXNzJTNEJTIyamFzLXJvdyUyMiUzRSUwQSUzQ2RpdiUyMGNsYXNzJTNEJTIyamFzLWNvbC1tZC01JTIwdGV4dC1yaWdodCUyMGN1cy1wcm9maWxvLXNlbnNvcmlhbGUtbm9tZSUyMiUzRSUzQ3NwYW4lMjBjbGFzcyUzRCUyMnRleHQtdXBwZXJjYXNlJTIyJTNFUm9hc3RpbmclM0MlMkZzcGFuJTNFJTNDJTJGZGl2JTNFJTNDZGl2JTIwY2xhc3MlM0QlMjJqYXMtY29sLW1kLTclMjIlM0UlM0NzcGFuJTIwY2xhc3MlM0QlMjJjdXMtcHJvZmlsby1zZW5zb3JpYWxlLWNoaWNjaGklMjBjdXMtcHJvZmlsby1zZW5zb3JpYWxlLWNoaWNjaGktMyUyMiUzRSUzQyUyRnNwYW4lM0UlM0MlMkZkaXYlM0UlM0MlMkZkaXYlM0UlM0NkaXYlMjBjbGFzcyUzRCUyMmphcy1yb3clMjIlM0UlM0NkaXYlMjBjbGFzcyUzRCUyMmphcy1jb2wtbWQtNSUyMHRleHQtcmlnaHQlMjBjdXMtcHJvZmlsby1zZW5zb3JpYWxlLW5vbWUlMjIlM0UlM0NzcGFuJTIwY2xhc3MlM0QlMjJ0ZXh0LXVwcGVyY2FzZSUyMiUzRUJvZHklM0MlMkZzcGFuJTNFJTNDJTJGZGl2JTNFJTNDZGl2JTIwY2xhc3MlM0QlMjJqYXMtY29sLW1kLTclMjIlM0UlM0NzcGFuJTIwY2xhc3MlM0QlMjJjdXMtcHJvZmlsby1zZW5zb3JpYWxlLWNoaWNjaGklMjBjdXMtcHJvZmlsby1zZW5zb3JpYWxlLWNoaWNjaGktNCUyMiUzRSUzQyUyRnNwYW4lM0UlM0MlMkZkaXYlM0UlM0MlMkZkaXYlM0UlM0NkaXYlMjBjbGFzcyUzRCUyMmphcy1yb3clMjIlM0UlM0NkaXYlMjBjbGFzcyUzRCUyMmphcy1jb2wtbWQtNSUyMHRleHQtcmlnaHQlMjBjdXMtcHJvZmlsby1zZW5zb3JpYWxlLW5vbWUlMjIlM0UlM0NzcGFuJTIwY2xhc3MlM0QlMjJ0ZXh0LXVwcGVyY2FzZSUyMiUzRUFyb21hJTNDJTJGc3BhbiUzRSUzQyUyRmRpdiUzRSUzQ2RpdiUyMGNsYXNzJTNEJTIyamFzLWNvbC1tZC03JTIyJTNFJTNDc3BhbiUyMGNsYXNzJTNEJTIyY3VzLXByb2ZpbG8tc2Vuc29yaWFsZS1jaGljY2hpJTIwY3VzLXByb2ZpbG8tc2Vuc29yaWFsZS1jaGljY2hpLTMlMjIlM0UlM0MlMkZzcGFuJTNFJTNDJTJGZGl2JTNFJTNDJTJGZGl2JTNFJTNDZGl2JTIwY2xhc3MlM0QlMjJqYXMtcm93JTIyJTNFJTNDZGl2JTIwY2xhc3MlM0QlMjJqYXMtY29sLW1kLTUlMjB0ZXh0LXJpZ2h0JTIwY3VzLXByb2ZpbG8tc2Vuc29yaWFsZS1ub21lJTIyJTNFJTNDc3BhbiUyMGNsYXNzJTNEJTIydGV4dC11cHBlcmNhc2UlMjIlM0VTd2VldG5lc3MlM0MlMkZzcGFuJTNFJTNDJTJGZGl2JTNFJTNDZGl2JTIwY2xhc3MlM0QlMjJqYXMtY29sLW1kLTclMjIlM0UlM0NzcGFuJTIwY2xhc3MlM0QlMjJjdXMtcHJvZmlsby1zZW5zb3JpYWxlLWNoaWNjaGklMjBjdXMtcHJvZmlsby1zZW5zb3JpYWxlLWNoaWNjaGktNCUyMiUzRSUzQyUyRnNwYW4lM0UlM0MlMkZkaXYlM0UlM0MlMkZkaXYlM0UlM0NkaXYlMjBjbGFzcyUzRCUyMmphcy1yb3clMjIlM0UlM0NkaXYlMjBjbGFzcyUzRCUyMmphcy1jb2wtbWQtNSUyMHRleHQtcmlnaHQlMjBjdXMtcHJvZmlsby1zZW5zb3JpYWxlLW5vbWUlMjIlM0UlM0NzcGFuJTIwY2xhc3MlM0QlMjJ0ZXh0LXVwcGVyY2FzZSUyMiUzRUFjaWRpdHklM0MlMkZzcGFuJTNFJTNDJTJGZGl2JTNFJTNDZGl2JTIwY2xhc3MlM0QlMjJqYXMtY29sLW1kLTclMjIlM0UlM0NzcGFuJTIwY2xhc3MlM0QlMjJjdXMtcHJvZmlsby1zZW5zb3JpYWxlLWNoaWNjaGklMjBjdXMtcHJvZmlsby1zZW5zb3JpYWxlLWNoaWNjaGktMiUyMiUzRSUzQyUyRnNwYW4lM0UlM0MlMkZkaXYlM0UlM0MlMkZkaXYlM0UlMEElMDklM0MlMkZkaXYlM0U=[\/vc_raw_html][vc_wp_text]<\/p>\n<p align=\"justify\">Italcaffe Gusto e Aroma espresso coffee beans have a strong but soft taste and an intense and rich flavour. A unique, full bodied espresso with a pleasant after taste of dry fruits, medium roast.<br \/>\nA blend of coffees with a velvety cream and intense aroma with a creamy and an intense flavour. A unique, full bodied espresso with a pleasant after taste of dry fruits, medium roast.<br \/>\nWhole espresso bean in bags of 1000g, packaged in a protective atmosphere to conserve taste and freshness with a unidirectional air valve.<\/p>\n<p>[\/vc_wp_text][\/vc_column][\/vc_row][\/vc_section][vc_section el_class=&#8221;wrap-home-pillars&#8221; css=&#8221;.vc_custom_1562852209382{border-bottom-width: 5px !important;border-bottom-color: #ffffff !important;border-bottom-style: solid !important;}&#8221;][vc_row css=&#8221;.vc_custom_1570542705221{padding-top: 50px !important;padding-bottom: 25px !important;background-color: #e40520 !important;}&#8221;][vc_column width=&#8221;1\/3&#8243; css=&#8221;.vc_custom_1570542690545{margin-bottom: 0px !important;padding-bottom: 0px !important;background-color: #e40520 !important;}&#8221;][vc_raw_html css=&#8221;.vc_custom_1563817998237{margin-top: 0px !important;margin-bottom: 0px !important;padding-top: 0px !important;padding-bottom: 0px !important;}&#8221;]JTNDZGl2JTIwY2xhc3MlM0QlMjJqYXMtc2VydmljZSUyMHRjJTIwd3JhcC1ob21lLXBpbGxhcnMtc2luZ2xlJTIwYm9yZGVyLXJpZ2h0LXdoaXRlJTIyJTNFJTBBJTNDYSUyMGhyZWYlM0QlMjJodHRwcyUzQSUyRiUyRnd3dy5pdGFsY2FmZmUuaXQlMkZzaG9wJTJGbWlvLWFjY291bnQlMkYlMjIlM0UlMEElM0NkaXYlMjBjbGFzcyUzRCUyMmljb24lMjBtZWRpdW0lMjBjcCUyMiUyMHN0eWxlJTNEJTIyY29sb3IlM0ElMjAlMjNmZmZmZmYlM0IlMjIlM0UlMEElM0NpJTIwY2xhc3MlM0QlMjJwZS03cy1jYXIlMjBpY28tY3VzLXNjb250byUyMiUzRSUzQyUyRmklM0UlMEElM0MlMkZkaXYlM0UlMEElM0NkaXYlMjBjbGFzcyUzRCUyMmNvbnRlbnQlMjIlM0UlM0NoMyUyMGNsYXNzJTNEJTIydGl0bGUlMjBjcCUyMHR1JTIwZnNfXzE0JTIwbWdfXzAlMjBtYl9fNSUyMHRleHQtdXBwZXJjYXNlJTIyJTIwc3R5bGUlM0QlMjJjb2xvciUzQSUyMCUyM2ZmZmZmZiUzQiUyMiUzRVNjb250byUyMHNwZWNpYWxlJTIwLTEwJTI1JTNDJTJGaDMlM0UlM0NwJTIwY2xhc3MlM0QlMjJtZ19fMCUyMiUyMHN0eWxlJTNEJTIyY29sb3IlM0ElMjAlMjNmZmZmZmYlM0IlMjIlM0VwZXIlMjBDbGllbnRpJTIwcmVnaXN0cmF0aSUzQyUyRnAlM0UlM0MlMkZkaXYlM0UlMEElMEElMEElM0MlMkZhJTNFJTBBJTNDJTJGZGl2JTNF[\/vc_raw_html][\/vc_column][vc_column width=&#8221;1\/3&#8243; css=&#8221;.vc_custom_1570542697425{background-color: #e40520 !important;}&#8221;][vc_raw_html css=&#8221;.vc_custom_1721044439706{margin-top: 0px !important;margin-bottom: 0px !important;padding-top: 0px !important;padding-bottom: 0px !important;}&#8221;]JTNDZGl2JTIwY2xhc3MlM0QlMjJqYXMtc2VydmljZSUyMHRjJTIwd3JhcC1ob21lLXBpbGxhcnMtc2luZ2xlJTIwYm9yZGVyLXJpZ2h0LXdoaXRlJTIyJTNFJTBBJTNDYSUyMGhyZWYlM0QlMjJodHRwcyUzQSUyRiUyRnNob3AuaXRhbGNhZmZlLml0JTJGZW4lMkZjYWZmZS1pbi1ncmFuaSUyRjc3Ny02MS1jYWZmZS1lc3ByZXNzby1pbi1ncmFuaS1ndXN0by1lLWFyb21hLWl0YWxjYWZmZS0xLWtnLmh0bWwlMjMlMkYyOS1mb3JtYXQtMV9rZyUyMiUzRSUwQSUwQSUzQ2RpdiUyMGNsYXNzJTNEJTIyaWNvbiUyMG1lZGl1bSUyMGNwJTIyJTIwc3R5bGUlM0QlMjJjb2xvciUzQSUyMCUyM2ZmZmZmZiUzQiUyMiUzRSUzQ2klMjBjbGFzcyUzRCUyMnBlLTdzLXRpbWVyJTIyJTNFJTNDJTJGaSUzRSUzQyUyRmRpdiUzRSUzQ2RpdiUyMGNsYXNzJTNEJTIyY29udGVudCUyMiUzRSUzQ2gzJTIwY2xhc3MlM0QlMjJ0aXRsZSUyMGNwJTIwdHUlMjBmc19fMTQlMjBtZ19fMCUyMG1iX181JTIyJTIwc3R5bGUlM0QlMjJjb2xvciUzQSUyMCUyM2ZmZmZmZiUzQiUyMiUzRU9SRElOQSUyME9OTElORSUzQyUyRmgzJTNFJTNDcCUyMGNsYXNzJTNEJTIybWdfXzAlMjIlMjBzdHlsZSUzRCUyMmNvbG9yJTNBJTIwJTIzZmZmZmZmJTNCJTIyJTNFMjQlMjBzdSUyMDI0JTNDJTJGcCUzRSUzQyUyRmRpdiUzRSUwQSUzQyUyRmElM0UlMEElM0MlMkZkaXYlM0U=[\/vc_raw_html][\/vc_column][vc_column width=&#8221;1\/3&#8243; css=&#8221;.vc_custom_1563818085979{margin-top: 0px !important;margin-bottom: 0px !important;padding-top: 0px !important;padding-bottom: 0px !important;}&#8221;][vc_raw_html css=&#8221;.vc_custom_1564068944959{margin-top: 0px !important;margin-bottom: 0px !important;padding-top: 0px !important;padding-bottom: 0px !important;}&#8221;]PGRpdiBjbGFzcz0iamFzLXNlcnZpY2UgdGMgd3JhcC1ob21lLXBpbGxhcnMtc2luZ2xlIj4NCjxhIGhyZWY9Ii9pdGFsY2FmZmUvZXNob3AvIj4NCg0KPGRpdiBjbGFzcz0iaWNvbiBtZWRpdW0gY3AiIHN0eWxlPSJjb2xvcjogI2ZmZmZmZjsiPjxpIGNsYXNzPSJwZS03cy1kaWFtb25kIj48L2k+PC9kaXY+PGRpdiBjbGFzcz0iY29udGVudCI+PGgzIGNsYXNzPSJ0aXRsZSBjcCB0dSBmc19fMTQgbWdfXzAgbWJfXzUiIHN0eWxlPSJjb2xvcjogI2ZmZmZmZjsiPkNIT09TRSBUSEUgUVVBTElUWTwvaDM+PHAgY2xhc3M9Im1nX18wIiBzdHlsZT0iY29sb3I6ICNmZmZmZmY7Ij5PZiB0aGUgYmVzdCBjb2ZmZWUgaW4gdGhlIHdvcmxkIGluIG91ciBsYW5kPC9wPjwvZGl2Pg0KDQo8L2E+DQo8L2Rpdj4=[\/vc_raw_html][\/vc_column][\/vc_row][\/vc_section][vc_row][vc_column][vc_empty_space height=&#8221;100px&#8221;][\/vc_column][\/vc_row]<\/p>\n<\/div>","protected":false},"excerpt":{"rendered":"<p>[vc_section el_class=&#8221;wrap-content-limit&#8221;][vc_row el_class=&#8221;wrap-content-limit&#8221;][vc_column][vc_raw_html]JTNDaDIlMjBzdHlsZSUzRCUyMmZvbnQtc2l6ZSUzQSUyMDI0cHglM0JsaW5lLWhlaWdodCUzQSUyMDI0cHglM0J0ZXh0LWFsaWduJTNBJTIwY2VudGVyJTIyJTIwY2xhc3MlM0QlMjJ2Y19jdXN0b21faGVhZGluZyUyMHRleHQtdXBwZXJjYXNlJTIwZGl2aWRlciUyMHByJTIyJTNFR1VTVE8lMjAlMjYlMjBBUk9NQSUyMDEwMDAlM0NzcGFuJTIwY2xhc3MlM0QlMjJ0ZXh0LWxvd2VyY2FzZSUyMiUzRWclM0MlMkZoMiUzRQ==[\/vc_raw_html][\/vc_column][\/vc_row][vc_row][vc_column width=&#8221;1\/2&#8243;][vc_gallery type=&#8221;flexslider_slide&#8221; interval=&#8221;5&#8243; images=&#8221;8380,8384&#8243; img_size=&#8221;570&#215;760&#8243; onclick=&#8221;&#8221; el_class=&#8221;flexslider-prodotti&#8221;][\/vc_column][vc_column width=&#8221;1\/2&#8243;][vc_empty_space height=&#8221;50px&#8221;][vc_raw_html]JTNDZGl2JTIwY2xhc3MlM0QlMjJ3b29jb21tZXJjZS1wcm9kdWN0LWRldGFpbHNfX3Nob3J0LWRlc2NyaXB0aW9uJTIyJTNFJTBBJTA5JTA5JTNDaDIlMjBjbGFzcyUzRCUyMnByb2R1Y3RfdGl0bGUlMjBlbnRyeS10aXRsZSUyMHRleHQtdXBwZXJjYXNlJTIwcHRfXzMwJTIyJTNFQ29mZmVlJTIwRmVhdHVyZXMlM0MlMkZoMiUzRSUwQSUzQ2RpdiUyMGNsYXNzJTNEJTIyamFzLXJvdyUyMiUzRSUwQSUzQ2RpdiUyMGNsYXNzJTNEJTIyamFzLWNvbC1tZC01JTIwdGV4dC1yaWdodCUyMGN1cy1wcm9maWxvLXNlbnNvcmlhbGUtbm9tZSUyMiUzRSUzQ3NwYW4lMjBjbGFzcyUzRCUyMnRleHQtdXBwZXJjYXNlJTIyJTNFUm9hc3RpbmclM0MlMkZzcGFuJTNFJTNDJTJGZGl2JTNFJTNDZGl2JTIwY2xhc3MlM0QlMjJqYXMtY29sLW1kLTclMjIlM0UlM0NzcGFuJTIwY2xhc3MlM0QlMjJjdXMtcHJvZmlsby1zZW5zb3JpYWxlLWNoaWNjaGklMjBjdXMtcHJvZmlsby1zZW5zb3JpYWxlLWNoaWNjaGktMyUyMiUzRSUzQyUyRnNwYW4lM0UlM0MlMkZkaXYlM0UlM0MlMkZkaXYlM0UlM0NkaXYlMjBjbGFzcyUzRCUyMmphcy1yb3clMjIlM0UlM0NkaXYlMjBjbGFzcyUzRCUyMmphcy1jb2wtbWQtNSUyMHRleHQtcmlnaHQlMjBjdXMtcHJvZmlsby1zZW5zb3JpYWxlLW5vbWUlMjIlM0UlM0NzcGFuJTIwY2xhc3MlM0QlMjJ0ZXh0LXVwcGVyY2FzZSUyMiUzRUJvZHklM0MlMkZzcGFuJTNFJTNDJTJGZGl2JTNFJTNDZGl2JTIwY2xhc3MlM0QlMjJqYXMtY29sLW1kLTclMjIlM0UlM0NzcGFuJTIwY2xhc3MlM0QlMjJjdXMtcHJvZmlsby1zZW5zb3JpYWxlLWNoaWNjaGklMjBjdXMtcHJvZmlsby1zZW5zb3JpYWxlLWNoaWNjaGktNCUyMiUzRSUzQyUyRnNwYW4lM0UlM0MlMkZkaXYlM0UlM0MlMkZkaXYlM0UlM0NkaXYlMjBjbGFzcyUzRCUyMmphcy1yb3clMjIlM0UlM0NkaXYlMjBjbGFzcyUzRCUyMmphcy1jb2wtbWQtNSUyMHRleHQtcmlnaHQlMjBjdXMtcHJvZmlsby1zZW5zb3JpYWxlLW5vbWUlMjIlM0UlM0NzcGFuJTIwY2xhc3MlM0QlMjJ0ZXh0LXVwcGVyY2FzZSUyMiUzRUFyb21hJTNDJTJGc3BhbiUzRSUzQyUyRmRpdiUzRSUzQ2RpdiUyMGNsYXNzJTNEJTIyamFzLWNvbC1tZC03JTIyJTNFJTNDc3BhbiUyMGNsYXNzJTNEJTIyY3VzLXByb2ZpbG8tc2Vuc29yaWFsZS1jaGljY2hpJTIwY3VzLXByb2ZpbG8tc2Vuc29yaWFsZS1jaGljY2hpLTMlMjIlM0UlM0MlMkZzcGFuJTNFJTNDJTJGZGl2JTNFJTNDJTJGZGl2JTNFJTNDZGl2JTIwY2xhc3MlM0QlMjJqYXMtcm93JTIyJTNFJTNDZGl2JTIwY2xhc3MlM0QlMjJqYXMtY29sLW1kLTUlMjB0ZXh0LXJpZ2h0JTIwY3VzLXByb2ZpbG8tc2Vuc29yaWFsZS1ub21lJTIyJTNFJTNDc3BhbiUyMGNsYXNzJTNEJTIydGV4dC11cHBlcmNhc2UlMjIlM0VTd2VldG5lc3MlM0MlMkZzcGFuJTNFJTNDJTJGZGl2JTNFJTNDZGl2JTIwY2xhc3MlM0QlMjJqYXMtY29sLW1kLTclMjIlM0UlM0NzcGFuJTIwY2xhc3MlM0QlMjJjdXMtcHJvZmlsby1zZW5zb3JpYWxlLWNoaWNjaGklMjBjdXMtcHJvZmlsby1zZW5zb3JpYWxlLWNoaWNjaGktNCUyMiUzRSUzQyUyRnNwYW4lM0UlM0MlMkZkaXYlM0UlM0MlMkZkaXYlM0UlM0NkaXYlMjBjbGFzcyUzRCUyMmphcy1yb3clMjIlM0UlM0NkaXYlMjBjbGFzcyUzRCUyMmphcy1jb2wtbWQtNSUyMHRleHQtcmlnaHQlMjBjdXMtcHJvZmlsby1zZW5zb3JpYWxlLW5vbWUlMjIlM0UlM0NzcGFuJTIwY2xhc3MlM0QlMjJ0ZXh0LXVwcGVyY2FzZSUyMiUzRUFjaWRpdHklM0MlMkZzcGFuJTNFJTNDJTJGZGl2JTNFJTNDZGl2JTIwY2xhc3MlM0QlMjJqYXMtY29sLW1kLTclMjIlM0UlM0NzcGFuJTIwY2xhc3MlM0QlMjJjdXMtcHJvZmlsby1zZW5zb3JpYWxlLWNoaWNjaGklMjBjdXMtcHJvZmlsby1zZW5zb3JpYWxlLWNoaWNjaGktMiUyMiUzRSUzQyUyRnNwYW4lM0UlM0MlMkZkaXYlM0UlM0MlMkZkaXYlM0UlMEElMDklM0MlMkZkaXYlM0U=[\/vc_raw_html][vc_wp_text] Italcaffe Gusto e Aroma espresso coffee beans have a strong but soft taste and an intense and rich flavour. A unique, full bodied espresso with a pleasant after taste of dry fruits, medium roast. A blend of coffees with a velvety cream and [&hellip;]<\/p>\n","protected":false},"author":3,"featured_media":8380,"parent":19544,"menu_order":1,"comment_status":"closed","ping_status":"closed","template":"","meta":{"_acf_changed":false,"footnotes":""},"class_list":["post-19574","page","type-page","status-publish","has-post-thumbnail","hentry"],"acf":[],"yoast_head":"<!-- This site is optimized with the Yoast SEO plugin v27.0 - https:\/\/yoast.com\/product\/yoast-seo-wordpress\/ -->\n<title>Whole bean espresso Gusto &amp; Aroma coffee 1 kg | Italcaff\u00e8<\/title>\n<meta name=\"description\" content=\"Buy the whole bean espresso Gusto &amp; Aroma coffee and enojy its rich and intense aroma\" \/>\n<meta name=\"robots\" content=\"index, follow, max-snippet:-1, max-image-preview:large, max-video-preview:-1\" \/>\n<link rel=\"canonical\" href=\"https:\/\/www.italcaffe.it\/en\/shop\/whole-beans-coffee\/italian-espresso\/gusto-aroma\/\" \/>\n<meta property=\"og:locale\" content=\"en_US\" \/>\n<meta property=\"og:type\" content=\"article\" \/>\n<meta property=\"og:title\" content=\"Whole bean espresso Gusto &amp; Aroma coffee 1 kg | Italcaff\u00e8\" \/>\n<meta property=\"og:description\" content=\"Buy the whole bean espresso Gusto &amp; Aroma coffee and enojy its rich and intense aroma\" \/>\n<meta property=\"og:url\" content=\"https:\/\/www.italcaffe.it\/en\/shop\/whole-beans-coffee\/italian-espresso\/gusto-aroma\/\" \/>\n<meta property=\"og:site_name\" content=\"Italcaff\u00e8\" \/>\n<meta property=\"article:modified_time\" content=\"2024-07-15T11:54:04+00:00\" \/>\n<meta property=\"og:image\" content=\"https:\/\/italcaffe.it\/wp-content\/uploads\/2019\/10\/13-gusto-e-aroma.jpg\" \/>\n\t<meta property=\"og:image:width\" content=\"825\" \/>\n\t<meta property=\"og:image:height\" content=\"1100\" \/>\n\t<meta property=\"og:image:type\" content=\"image\/jpeg\" \/>\n<meta name=\"twitter:card\" content=\"summary_large_image\" \/>\n<meta name=\"twitter:label1\" content=\"Est. reading time\" \/>\n\t<meta name=\"twitter:data1\" content=\"1 minute\" \/>\n<script type=\"application\/ld+json\" class=\"yoast-schema-graph\">{\"@context\":\"https:\/\/schema.org\",\"@graph\":[{\"@type\":\"WebPage\",\"@id\":\"https:\/\/italcaffe.it\/en\/italian-coffee\/best-espresso-coffee-beans-bar\/gusto-aroma\/\",\"url\":\"https:\/\/www.italcaffe.it\/en\/shop\/whole-beans-coffee\/italian-espresso\/gusto-aroma\/\",\"name\":\"Whole bean espresso Gusto & Aroma coffee 1 kg | Italcaff\u00e8\",\"isPartOf\":{\"@id\":\"https:\/\/italcaffe.it\/en\/#website\"},\"primaryImageOfPage\":{\"@id\":\"https:\/\/www.italcaffe.it\/en\/shop\/whole-beans-coffee\/italian-espresso\/gusto-aroma\/#primaryimage\"},\"image\":{\"@id\":\"https:\/\/www.italcaffe.it\/en\/shop\/whole-beans-coffee\/italian-espresso\/gusto-aroma\/#primaryimage\"},\"thumbnailUrl\":\"https:\/\/italcaffe.it\/wp-content\/uploads\/2019\/10\/13-gusto-e-aroma.jpg\",\"datePublished\":\"2019-10-17T14:04:57+00:00\",\"dateModified\":\"2024-07-15T11:54:04+00:00\",\"description\":\"Buy the whole bean espresso Gusto & Aroma coffee and enojy its rich and intense aroma\",\"breadcrumb\":{\"@id\":\"https:\/\/www.italcaffe.it\/en\/shop\/whole-beans-coffee\/italian-espresso\/gusto-aroma\/#breadcrumb\"},\"inLanguage\":\"en-US\",\"potentialAction\":[{\"@type\":\"ReadAction\",\"target\":[\"https:\/\/www.italcaffe.it\/en\/shop\/whole-beans-coffee\/italian-espresso\/gusto-aroma\/\"]}]},{\"@type\":\"ImageObject\",\"inLanguage\":\"en-US\",\"@id\":\"https:\/\/www.italcaffe.it\/en\/shop\/whole-beans-coffee\/italian-espresso\/gusto-aroma\/#primaryimage\",\"url\":\"https:\/\/italcaffe.it\/wp-content\/uploads\/2019\/10\/13-gusto-e-aroma.jpg\",\"contentUrl\":\"https:\/\/italcaffe.it\/wp-content\/uploads\/2019\/10\/13-gusto-e-aroma.jpg\",\"width\":825,\"height\":1100,\"caption\":\"Gusto e Aroma Espresso Bar Coffee Beans Italcaff\u00e8 1 kg | Whole Bean | kaffeb\u00f8nner | koffiebonen | ziarna kawy | kaffeb\u00f6nor | kahvipavut | Kafijas pupi\u0146as | kohvioad | kavos pupel\u0117s | \u041a\u043e\u0444\u0435\u0439\u043d\u044b\u0435 \u0437\u0435\u0440\u043d\u0430 | cafea boabe | k\u00e1v\u00e9bab | \u041a\u0430\u0444\u0435\u043d\u0438 \u0437\u044a\u0440\u043d\u0430 | \u0417\u0440\u043d\u0430 \u043a\u0430\u0444\u0435 | zrna kave | zrna kafe | \u039a\u03cc\u03ba\u03ba\u03bf\u03b9 \u03ba\u03b1\u03c6\u03ad | caf\u00e9 en grano | caf\u00e9 em gr\u00e3o\"},{\"@type\":\"BreadcrumbList\",\"@id\":\"https:\/\/www.italcaffe.it\/en\/shop\/whole-beans-coffee\/italian-espresso\/gusto-aroma\/#breadcrumb\",\"itemListElement\":[{\"@type\":\"ListItem\",\"position\":1,\"name\":\"Home\",\"item\":\"https:\/\/italcaffe.it\/en\/\"},{\"@type\":\"ListItem\",\"position\":2,\"name\":\"Products\",\"item\":\"https:\/\/italcaffe.it\/en\/italian-coffee\/\"},{\"@type\":\"ListItem\",\"position\":3,\"name\":\"Espresso Line\",\"item\":\"https:\/\/italcaffe.it\/en\/italian-coffee\/best-espresso-coffee-beans-bar\/\"},{\"@type\":\"ListItem\",\"position\":4,\"name\":\"GUSTO &amp; AROMA 1000g\"}]},{\"@type\":\"WebSite\",\"@id\":\"https:\/\/italcaffe.it\/en\/#website\",\"url\":\"https:\/\/italcaffe.it\/en\/\",\"name\":\"Italcaff\u00e8\",\"description\":\"50 Anni insieme\",\"potentialAction\":[{\"@type\":\"SearchAction\",\"target\":{\"@type\":\"EntryPoint\",\"urlTemplate\":\"https:\/\/italcaffe.it\/en\/?s={search_term_string}\"},\"query-input\":{\"@type\":\"PropertyValueSpecification\",\"valueRequired\":true,\"valueName\":\"search_term_string\"}}],\"inLanguage\":\"en-US\"}]}<\/script>\n<!-- \/ Yoast SEO plugin. -->","yoast_head_json":{"title":"Whole bean espresso Gusto & Aroma coffee 1 kg | Italcaff\u00e8","description":"Buy the whole bean espresso Gusto & Aroma coffee and enojy its rich and intense aroma","robots":{"index":"index","follow":"follow","max-snippet":"max-snippet:-1","max-image-preview":"max-image-preview:large","max-video-preview":"max-video-preview:-1"},"canonical":"https:\/\/www.italcaffe.it\/en\/shop\/whole-beans-coffee\/italian-espresso\/gusto-aroma\/","og_locale":"en_US","og_type":"article","og_title":"Whole bean espresso Gusto & Aroma coffee 1 kg | Italcaff\u00e8","og_description":"Buy the whole bean espresso Gusto & Aroma coffee and enojy its rich and intense aroma","og_url":"https:\/\/www.italcaffe.it\/en\/shop\/whole-beans-coffee\/italian-espresso\/gusto-aroma\/","og_site_name":"Italcaff\u00e8","article_modified_time":"2024-07-15T11:54:04+00:00","og_image":[{"width":825,"height":1100,"url":"https:\/\/italcaffe.it\/wp-content\/uploads\/2019\/10\/13-gusto-e-aroma.jpg","type":"image\/jpeg"}],"twitter_card":"summary_large_image","twitter_misc":{"Est. reading time":"1 minute"},"schema":{"@context":"https:\/\/schema.org","@graph":[{"@type":"WebPage","@id":"https:\/\/italcaffe.it\/en\/italian-coffee\/best-espresso-coffee-beans-bar\/gusto-aroma\/","url":"https:\/\/www.italcaffe.it\/en\/shop\/whole-beans-coffee\/italian-espresso\/gusto-aroma\/","name":"Whole bean espresso Gusto & Aroma coffee 1 kg | Italcaff\u00e8","isPartOf":{"@id":"https:\/\/italcaffe.it\/en\/#website"},"primaryImageOfPage":{"@id":"https:\/\/www.italcaffe.it\/en\/shop\/whole-beans-coffee\/italian-espresso\/gusto-aroma\/#primaryimage"},"image":{"@id":"https:\/\/www.italcaffe.it\/en\/shop\/whole-beans-coffee\/italian-espresso\/gusto-aroma\/#primaryimage"},"thumbnailUrl":"https:\/\/italcaffe.it\/wp-content\/uploads\/2019\/10\/13-gusto-e-aroma.jpg","datePublished":"2019-10-17T14:04:57+00:00","dateModified":"2024-07-15T11:54:04+00:00","description":"Buy the whole bean espresso Gusto & Aroma coffee and enojy its rich and intense aroma","breadcrumb":{"@id":"https:\/\/www.italcaffe.it\/en\/shop\/whole-beans-coffee\/italian-espresso\/gusto-aroma\/#breadcrumb"},"inLanguage":"en-US","potentialAction":[{"@type":"ReadAction","target":["https:\/\/www.italcaffe.it\/en\/shop\/whole-beans-coffee\/italian-espresso\/gusto-aroma\/"]}]},{"@type":"ImageObject","inLanguage":"en-US","@id":"https:\/\/www.italcaffe.it\/en\/shop\/whole-beans-coffee\/italian-espresso\/gusto-aroma\/#primaryimage","url":"https:\/\/italcaffe.it\/wp-content\/uploads\/2019\/10\/13-gusto-e-aroma.jpg","contentUrl":"https:\/\/italcaffe.it\/wp-content\/uploads\/2019\/10\/13-gusto-e-aroma.jpg","width":825,"height":1100,"caption":"Gusto e Aroma Espresso Bar Coffee Beans Italcaff\u00e8 1 kg | Whole Bean | kaffeb\u00f8nner | koffiebonen | ziarna kawy | kaffeb\u00f6nor | kahvipavut | Kafijas pupi\u0146as | kohvioad | kavos pupel\u0117s | \u041a\u043e\u0444\u0435\u0439\u043d\u044b\u0435 \u0437\u0435\u0440\u043d\u0430 | cafea boabe | k\u00e1v\u00e9bab | \u041a\u0430\u0444\u0435\u043d\u0438 \u0437\u044a\u0440\u043d\u0430 | \u0417\u0440\u043d\u0430 \u043a\u0430\u0444\u0435 | zrna kave | zrna kafe | \u039a\u03cc\u03ba\u03ba\u03bf\u03b9 \u03ba\u03b1\u03c6\u03ad | caf\u00e9 en grano | caf\u00e9 em gr\u00e3o"},{"@type":"BreadcrumbList","@id":"https:\/\/www.italcaffe.it\/en\/shop\/whole-beans-coffee\/italian-espresso\/gusto-aroma\/#breadcrumb","itemListElement":[{"@type":"ListItem","position":1,"name":"Home","item":"https:\/\/italcaffe.it\/en\/"},{"@type":"ListItem","position":2,"name":"Products","item":"https:\/\/italcaffe.it\/en\/italian-coffee\/"},{"@type":"ListItem","position":3,"name":"Espresso Line","item":"https:\/\/italcaffe.it\/en\/italian-coffee\/best-espresso-coffee-beans-bar\/"},{"@type":"ListItem","position":4,"name":"GUSTO &amp; AROMA 1000g"}]},{"@type":"WebSite","@id":"https:\/\/italcaffe.it\/en\/#website","url":"https:\/\/italcaffe.it\/en\/","name":"Italcaff\u00e8","description":"50 Anni insieme","potentialAction":[{"@type":"SearchAction","target":{"@type":"EntryPoint","urlTemplate":"https:\/\/italcaffe.it\/en\/?s={search_term_string}"},"query-input":{"@type":"PropertyValueSpecification","valueRequired":true,"valueName":"search_term_string"}}],"inLanguage":"en-US"}]}},"_links":{"self":[{"href":"https:\/\/italcaffe.it\/en\/wp-json\/wp\/v2\/pages\/19574","targetHints":{"allow":["GET"]}}],"collection":[{"href":"https:\/\/italcaffe.it\/en\/wp-json\/wp\/v2\/pages"}],"about":[{"href":"https:\/\/italcaffe.it\/en\/wp-json\/wp\/v2\/types\/page"}],"author":[{"embeddable":true,"href":"https:\/\/italcaffe.it\/en\/wp-json\/wp\/v2\/users\/3"}],"replies":[{"embeddable":true,"href":"https:\/\/italcaffe.it\/en\/wp-json\/wp\/v2\/comments?post=19574"}],"version-history":[{"count":0,"href":"https:\/\/italcaffe.it\/en\/wp-json\/wp\/v2\/pages\/19574\/revisions"}],"up":[{"embeddable":true,"href":"https:\/\/italcaffe.it\/en\/wp-json\/wp\/v2\/pages\/19544"}],"wp:featuredmedia":[{"embeddable":true,"href":"https:\/\/italcaffe.it\/en\/wp-json\/wp\/v2\/media\/8380"}],"wp:attachment":[{"href":"https:\/\/italcaffe.it\/en\/wp-json\/wp\/v2\/media?parent=19574"}],"curies":[{"name":"wp","href":"https:\/\/api.w.org\/{rel}","templated":true}]}}