{"id":20005,"date":"2019-10-17T18:14:25","date_gmt":"2019-10-17T17:14:25","guid":{"rendered":"https:\/\/www.italcaffe.it\/products\/capsule-and-pods-line\/espresso-100-arabica-capsules\/"},"modified":"2022-02-10T14:59:59","modified_gmt":"2022-02-10T13:59:59","slug":"capsules-arabica-2","status":"publish","type":"page","link":"https:\/\/italcaffe.it\/en\/italian-coffee\/pods-capsules\/capsules-arabica-2\/","title":{"rendered":"ESPRESSO 100% ARABICA CAPSULES"},"content":{"rendered":"<div class=\"wpb-content-wrapper\"><p>[vc_section el_class=&#8221;wrap-content-limit&#8221;][vc_row el_class=&#8221;wrap-content-limit&#8221;][vc_column][vc_custom_heading divider=&#8221;yes&#8221; text=&#8221;ESPRESSO 100% ARABICA CAPSULES&#8221; font_container=&#8221;tag:h1|font_size:24px|text_align:center|color:%23000000|line_height:24px&#8221; use_theme_fonts=&#8221;yes&#8221; el_class=&#8221;text-uppercase&#8221;][\/vc_column][\/vc_row][vc_row][vc_column width=&#8221;1\/2&#8243;][vc_gallery type=&#8221;flexslider_slide&#8221; interval=&#8221;5&#8243; images=&#8221;10016,9980&#8243; img_size=&#8221;570&#215;760&#8243; onclick=&#8221;&#8221; el_class=&#8221;flexslider-prodotti&#8221;][\/vc_column][vc_column width=&#8221;1\/2&#8243;][vc_empty_space height=&#8221;50px&#8221;][vc_wp_text]\u00c8 il frutto di una sapiente selezione delle migliori specie del caff\u00e8 &#8220;Arabica&#8221;, noto per il suo basso contenuto di caffeina.<\/p>\n<p>Il piacevolissimo aroma ricco e persistente, fa di questo caff\u00e8 un prodotto per veri intenditori.<\/p>\n<p>Capsule compatibili con il sistema Lavazza Espresso Point.\u00a0Il marchio Espresso Point Lavazza\u00ae non \u00e8 di propriet\u00e0 di Italcaff\u00e8 S.p.A n\u00e9 di aziende ad essa collegate.<\/p>\n<p>Disponibile in cartone da 100 capsule per clienti privati e professionali.[\/vc_wp_text][\/vc_column][\/vc_row][\/vc_section][vc_section el_class=&#8221;wrap-home-pillars&#8221; css=&#8221;.vc_custom_1562852209382{border-bottom-width: 5px !important;border-bottom-color: #ffffff !important;border-bottom-style: solid !important;}&#8221;][vc_row css=&#8221;.vc_custom_1570542705221{padding-top: 50px !important;padding-bottom: 25px !important;background-color: #e40520 !important;}&#8221;][vc_column width=&#8221;1\/3&#8243; css=&#8221;.vc_custom_1570542690545{margin-bottom: 0px !important;padding-bottom: 0px !important;background-color: #e40520 !important;}&#8221;][vc_raw_html css=&#8221;.vc_custom_1563817998237{margin-top: 0px !important;margin-bottom: 0px !important;padding-top: 0px !important;padding-bottom: 0px !important;}&#8221;]JTNDZGl2JTIwY2xhc3MlM0QlMjJqYXMtc2VydmljZSUyMHRjJTIwd3JhcC1ob21lLXBpbGxhcnMtc2luZ2xlJTIwYm9yZGVyLXJpZ2h0LXdoaXRlJTIyJTNFJTBBJTNDYSUyMGhyZWYlM0QlMjJodHRwcyUzQSUyRiUyRnd3dy5pdGFsY2FmZmUuaXQlMkZzaG9wJTJGbWlvLWFjY291bnQlMkYlMjIlM0UlMEElM0NkaXYlMjBjbGFzcyUzRCUyMmljb24lMjBtZWRpdW0lMjBjcCUyMiUyMHN0eWxlJTNEJTIyY29sb3IlM0ElMjAlMjNmZmZmZmYlM0IlMjIlM0UlMEElM0NpJTIwY2xhc3MlM0QlMjJwZS03cy1jYXIlMjBpY28tY3VzLXNjb250byUyMiUzRSUzQyUyRmklM0UlMEElM0MlMkZkaXYlM0UlMEElM0NkaXYlMjBjbGFzcyUzRCUyMmNvbnRlbnQlMjIlM0UlM0NoMyUyMGNsYXNzJTNEJTIydGl0bGUlMjBjcCUyMHR1JTIwZnNfXzE0JTIwbWdfXzAlMjBtYl9fNSUyMHRleHQtdXBwZXJjYXNlJTIyJTIwc3R5bGUlM0QlMjJjb2xvciUzQSUyMCUyM2ZmZmZmZiUzQiUyMiUzRVNjb250byUyMHNwZWNpYWxlJTIwLTEwJTI1JTNDJTJGaDMlM0UlM0NwJTIwY2xhc3MlM0QlMjJtZ19fMCUyMiUyMHN0eWxlJTNEJTIyY29sb3IlM0ElMjAlMjNmZmZmZmYlM0IlMjIlM0VwZXIlMjBDbGllbnRpJTIwcmVnaXN0cmF0aSUzQyUyRnAlM0UlM0MlMkZkaXYlM0UlMEElMEElMEElM0MlMkZhJTNFJTBBJTNDJTJGZGl2JTNF[\/vc_raw_html][\/vc_column][vc_column width=&#8221;1\/3&#8243; css=&#8221;.vc_custom_1570542697425{background-color: #e40520 !important;}&#8221;][vc_raw_html css=&#8221;.vc_custom_1586193547960{margin-top: 0px !important;margin-bottom: 0px !important;padding-top: 0px !important;padding-bottom: 0px !important;}&#8221;]JTNDZGl2JTIwY2xhc3MlM0QlMjJqYXMtc2VydmljZSUyMHRjJTIwd3JhcC1ob21lLXBpbGxhcnMtc2luZ2xlJTIwYm9yZGVyLXJpZ2h0LXdoaXRlJTIyJTNFJTBBJTNDYSUyMGhyZWYlM0QlMjJodHRwcyUzQSUyRiUyRnd3dy5pdGFsY2FmZmUuaXQlMkZzaG9wJTJGY2Fwc3VsZS1jYWZmZSUyRmNvbXBhdGliaWxpLWxhdmF6emElMkZjYXBzdWxlLWFyYWJpY2EtMiUyRiUyRiUyMiUzRSUwQSUwQSUzQ2RpdiUyMGNsYXNzJTNEJTIyaWNvbiUyMG1lZGl1bSUyMGNwJTIyJTIwc3R5bGUlM0QlMjJjb2xvciUzQSUyMCUyM2ZmZmZmZiUzQiUyMiUzRSUzQ2klMjBjbGFzcyUzRCUyMnBlLTdzLXRpbWVyJTIyJTNFJTNDJTJGaSUzRSUzQyUyRmRpdiUzRSUzQ2RpdiUyMGNsYXNzJTNEJTIyY29udGVudCUyMiUzRSUzQ2gzJTIwY2xhc3MlM0QlMjJ0aXRsZSUyMGNwJTIwdHUlMjBmc19fMTQlMjBtZ19fMCUyMG1iX181JTIyJTIwc3R5bGUlM0QlMjJjb2xvciUzQSUyMCUyM2ZmZmZmZiUzQiUyMiUzRU9SRElOQSUyME9OTElORSUzQyUyRmgzJTNFJTNDcCUyMGNsYXNzJTNEJTIybWdfXzAlMjIlMjBzdHlsZSUzRCUyMmNvbG9yJTNBJTIwJTIzZmZmZmZmJTNCJTIyJTNFMjQlMjBzdSUyMDI0JTNDJTJGcCUzRSUzQyUyRmRpdiUzRSUwQSUzQyUyRmElM0UlMEElM0MlMkZkaXYlM0U=[\/vc_raw_html][\/vc_column][vc_column width=&#8221;1\/3&#8243; css=&#8221;.vc_custom_1563818085979{margin-top: 0px !important;margin-bottom: 0px !important;padding-top: 0px !important;padding-bottom: 0px !important;}&#8221;][vc_raw_html css=&#8221;.vc_custom_1564068944959{margin-top: 0px !important;margin-bottom: 0px !important;padding-top: 0px !important;padding-bottom: 0px !important;}&#8221;]JTNDZGl2JTIwY2xhc3MlM0QlMjJqYXMtc2VydmljZSUyMHRjJTIwd3JhcC1ob21lLXBpbGxhcnMtc2luZ2xlJTIyJTNFJTBBJTNDYSUzRSUwQSUwQSUzQ2RpdiUyMGNsYXNzJTNEJTIyaWNvbiUyMG1lZGl1bSUyMGNwJTIyJTIwc3R5bGUlM0QlMjJjb2xvciUzQSUyMCUyM2ZmZmZmZiUzQiUyMiUzRSUzQ2klMjBjbGFzcyUzRCUyMnBlLTdzLWRpYW1vbmQlMjIlM0UlM0MlMkZpJTNFJTNDJTJGZGl2JTNFJTNDZGl2JTIwY2xhc3MlM0QlMjJjb250ZW50JTIyJTNFJTNDaDMlMjBjbGFzcyUzRCUyMnRpdGxlJTIwY3AlMjB0dSUyMGZzX18xNCUyMG1nX18wJTIwbWJfXzUlMjIlMjBzdHlsZSUzRCUyMmNvbG9yJTNBJTIwJTIzZmZmZmZmJTNCJTIyJTNFU0NFR0xJJTIwTEElMjBRVUFMSVQlQzMlODAlM0MlMkZoMyUzRSUzQ3AlMjBjbGFzcyUzRCUyMm1nX18wJTIyJTIwc3R5bGUlM0QlMjJjb2xvciUzQSUyMCUyM2ZmZmZmZiUzQiUyMiUzRUklMjBtaWdsaW9yaSUyMGNhZmYlQzMlQTglMjBkYWwlMjBtb25kbyUyMG5lbGxhJTIwbm9zdHJhJTIwdGVycmElM0MlMkZwJTNFJTNDJTJGZGl2JTNFJTBBJTBBJTNDJTJGYSUzRSUwQSUzQyUyRmRpdiUzRQ==[\/vc_raw_html][\/vc_column][\/vc_row][\/vc_section][vc_row][vc_column][vc_empty_space height=&#8221;100px&#8221;][\/vc_column][\/vc_row]<\/p>\n<\/div>","protected":false},"excerpt":{"rendered":"<p>[vc_section el_class=&#8221;wrap-content-limit&#8221;][vc_row el_class=&#8221;wrap-content-limit&#8221;][vc_column][vc_custom_heading divider=&#8221;yes&#8221; text=&#8221;ESPRESSO 100% ARABICA CAPSULES&#8221; font_container=&#8221;tag:h1|font_size:24px|text_align:center|color:%23000000|line_height:24px&#8221; use_theme_fonts=&#8221;yes&#8221; el_class=&#8221;text-uppercase&#8221;][\/vc_column][\/vc_row][vc_row][vc_column width=&#8221;1\/2&#8243;][vc_gallery type=&#8221;flexslider_slide&#8221; interval=&#8221;5&#8243; images=&#8221;10016,9980&#8243; img_size=&#8221;570&#215;760&#8243; onclick=&#8221;&#8221; el_class=&#8221;flexslider-prodotti&#8221;][\/vc_column][vc_column width=&#8221;1\/2&#8243;][vc_empty_space height=&#8221;50px&#8221;][vc_wp_text]\u00c8 il frutto di una sapiente selezione delle migliori specie del caff\u00e8 &#8220;Arabica&#8221;, noto per il suo basso contenuto di caffeina. Il piacevolissimo aroma ricco e persistente, fa di questo caff\u00e8 un prodotto per veri intenditori. [&hellip;]<\/p>\n","protected":false},"author":3,"featured_media":10016,"parent":19828,"menu_order":1,"comment_status":"closed","ping_status":"closed","template":"","meta":{"_acf_changed":false,"footnotes":""},"class_list":["post-20005","page","type-page","status-publish","has-post-thumbnail","hentry"],"acf":[],"yoast_head":"<!-- This site is optimized with the Yoast SEO plugin v27.0 - https:\/\/yoast.com\/product\/yoast-seo-wordpress\/ -->\n<title>Arabica Lavazza espresso point\u00ae compatible capsules | Italcaff\u00e8<\/title>\n<meta name=\"description\" content=\"Arabica Lavazza espresso point\u00ae compatible capsules are the result of the selection of 100% Arabica coffee with a low caffeine content.\" \/>\n<meta name=\"robots\" content=\"index, follow, max-snippet:-1, max-image-preview:large, max-video-preview:-1\" \/>\n<link rel=\"canonical\" href=\"https:\/\/www.italcaffe.it\/en\/shop\/coffee-capsules\/coffee-pods-lavazza-compatible\/capsules-arabica-2\/\" \/>\n<meta property=\"og:locale\" content=\"en_US\" \/>\n<meta property=\"og:type\" content=\"article\" \/>\n<meta property=\"og:title\" content=\"Arabica Lavazza espresso point\u00ae compatible capsules | Italcaff\u00e8\" \/>\n<meta property=\"og:description\" content=\"Arabica Lavazza espresso point\u00ae compatible capsules are the result of the selection of 100% Arabica coffee with a low caffeine content.\" \/>\n<meta property=\"og:url\" content=\"https:\/\/www.italcaffe.it\/en\/shop\/coffee-capsules\/coffee-pods-lavazza-compatible\/capsules-arabica-2\/\" \/>\n<meta property=\"og:site_name\" content=\"Italcaff\u00e8\" \/>\n<meta property=\"article:modified_time\" content=\"2022-02-10T13:59:59+00:00\" \/>\n<meta property=\"og:image\" content=\"https:\/\/italcaffe.it\/wp-content\/uploads\/2016\/05\/capsesparab100-italcaffeshop.jpg\" \/>\n\t<meta property=\"og:image:width\" content=\"825\" \/>\n\t<meta property=\"og:image:height\" content=\"1100\" \/>\n\t<meta property=\"og:image:type\" content=\"image\/jpeg\" \/>\n<meta name=\"twitter:card\" content=\"summary_large_image\" \/>\n<meta name=\"twitter:label1\" content=\"Est. reading time\" \/>\n\t<meta name=\"twitter:data1\" content=\"3 minutes\" \/>\n<script type=\"application\/ld+json\" class=\"yoast-schema-graph\">{\"@context\":\"https:\/\/schema.org\",\"@graph\":[{\"@type\":\"WebPage\",\"@id\":\"https:\/\/italcaffe.it\/en\/italian-coffee\/pods-capsules\/capsules-arabica-2\/\",\"url\":\"https:\/\/www.italcaffe.it\/en\/shop\/coffee-capsules\/coffee-pods-lavazza-compatible\/capsules-arabica-2\/\",\"name\":\"Arabica Lavazza espresso point\u00ae compatible capsules | Italcaff\u00e8\",\"isPartOf\":{\"@id\":\"https:\/\/italcaffe.it\/en\/#website\"},\"primaryImageOfPage\":{\"@id\":\"https:\/\/www.italcaffe.it\/en\/shop\/coffee-capsules\/coffee-pods-lavazza-compatible\/capsules-arabica-2\/#primaryimage\"},\"image\":{\"@id\":\"https:\/\/www.italcaffe.it\/en\/shop\/coffee-capsules\/coffee-pods-lavazza-compatible\/capsules-arabica-2\/#primaryimage\"},\"thumbnailUrl\":\"https:\/\/italcaffe.it\/wp-content\/uploads\/2016\/05\/capsesparab100-italcaffeshop.jpg\",\"datePublished\":\"2019-10-17T17:14:25+00:00\",\"dateModified\":\"2022-02-10T13:59:59+00:00\",\"description\":\"Arabica Lavazza espresso point\u00ae compatible capsules are the result of the selection of 100% Arabica coffee with a low caffeine content.\",\"breadcrumb\":{\"@id\":\"https:\/\/www.italcaffe.it\/en\/shop\/coffee-capsules\/coffee-pods-lavazza-compatible\/capsules-arabica-2\/#breadcrumb\"},\"inLanguage\":\"en-US\",\"potentialAction\":[{\"@type\":\"ReadAction\",\"target\":[\"https:\/\/www.italcaffe.it\/en\/shop\/coffee-capsules\/coffee-pods-lavazza-compatible\/capsules-arabica-2\/\"]}]},{\"@type\":\"ImageObject\",\"inLanguage\":\"en-US\",\"@id\":\"https:\/\/www.italcaffe.it\/en\/shop\/coffee-capsules\/coffee-pods-lavazza-compatible\/capsules-arabica-2\/#primaryimage\",\"url\":\"https:\/\/italcaffe.it\/wp-content\/uploads\/2016\/05\/capsesparab100-italcaffeshop.jpg\",\"contentUrl\":\"https:\/\/italcaffe.it\/wp-content\/uploads\/2016\/05\/capsesparab100-italcaffeshop.jpg\",\"width\":825,\"height\":1100,\"caption\":\"Arabica Coffee Caps\"},{\"@type\":\"BreadcrumbList\",\"@id\":\"https:\/\/www.italcaffe.it\/en\/shop\/coffee-capsules\/coffee-pods-lavazza-compatible\/capsules-arabica-2\/#breadcrumb\",\"itemListElement\":[{\"@type\":\"ListItem\",\"position\":1,\"name\":\"Home\",\"item\":\"https:\/\/italcaffe.it\/en\/\"},{\"@type\":\"ListItem\",\"position\":2,\"name\":\"Products\",\"item\":\"https:\/\/italcaffe.it\/en\/italian-coffee\/\"},{\"@type\":\"ListItem\",\"position\":3,\"name\":\"Capsule and Pods Line\",\"item\":\"https:\/\/italcaffe.it\/en\/italian-coffee\/pods-capsules\/\"},{\"@type\":\"ListItem\",\"position\":4,\"name\":\"ESPRESSO 100% ARABICA CAPSULES\"}]},{\"@type\":\"WebSite\",\"@id\":\"https:\/\/italcaffe.it\/en\/#website\",\"url\":\"https:\/\/italcaffe.it\/en\/\",\"name\":\"Italcaff\u00e8\",\"description\":\"50 Anni insieme\",\"potentialAction\":[{\"@type\":\"SearchAction\",\"target\":{\"@type\":\"EntryPoint\",\"urlTemplate\":\"https:\/\/italcaffe.it\/en\/?s={search_term_string}\"},\"query-input\":{\"@type\":\"PropertyValueSpecification\",\"valueRequired\":true,\"valueName\":\"search_term_string\"}}],\"inLanguage\":\"en-US\"}]}<\/script>\n<!-- \/ Yoast SEO plugin. -->","yoast_head_json":{"title":"Arabica Lavazza espresso point\u00ae compatible capsules | Italcaff\u00e8","description":"Arabica Lavazza espresso point\u00ae compatible capsules are the result of the selection of 100% Arabica coffee with a low caffeine content.","robots":{"index":"index","follow":"follow","max-snippet":"max-snippet:-1","max-image-preview":"max-image-preview:large","max-video-preview":"max-video-preview:-1"},"canonical":"https:\/\/www.italcaffe.it\/en\/shop\/coffee-capsules\/coffee-pods-lavazza-compatible\/capsules-arabica-2\/","og_locale":"en_US","og_type":"article","og_title":"Arabica Lavazza espresso point\u00ae compatible capsules | Italcaff\u00e8","og_description":"Arabica Lavazza espresso point\u00ae compatible capsules are the result of the selection of 100% Arabica coffee with a low caffeine content.","og_url":"https:\/\/www.italcaffe.it\/en\/shop\/coffee-capsules\/coffee-pods-lavazza-compatible\/capsules-arabica-2\/","og_site_name":"Italcaff\u00e8","article_modified_time":"2022-02-10T13:59:59+00:00","og_image":[{"width":825,"height":1100,"url":"https:\/\/italcaffe.it\/wp-content\/uploads\/2016\/05\/capsesparab100-italcaffeshop.jpg","type":"image\/jpeg"}],"twitter_card":"summary_large_image","twitter_misc":{"Est. reading time":"3 minutes"},"schema":{"@context":"https:\/\/schema.org","@graph":[{"@type":"WebPage","@id":"https:\/\/italcaffe.it\/en\/italian-coffee\/pods-capsules\/capsules-arabica-2\/","url":"https:\/\/www.italcaffe.it\/en\/shop\/coffee-capsules\/coffee-pods-lavazza-compatible\/capsules-arabica-2\/","name":"Arabica Lavazza espresso point\u00ae compatible capsules | Italcaff\u00e8","isPartOf":{"@id":"https:\/\/italcaffe.it\/en\/#website"},"primaryImageOfPage":{"@id":"https:\/\/www.italcaffe.it\/en\/shop\/coffee-capsules\/coffee-pods-lavazza-compatible\/capsules-arabica-2\/#primaryimage"},"image":{"@id":"https:\/\/www.italcaffe.it\/en\/shop\/coffee-capsules\/coffee-pods-lavazza-compatible\/capsules-arabica-2\/#primaryimage"},"thumbnailUrl":"https:\/\/italcaffe.it\/wp-content\/uploads\/2016\/05\/capsesparab100-italcaffeshop.jpg","datePublished":"2019-10-17T17:14:25+00:00","dateModified":"2022-02-10T13:59:59+00:00","description":"Arabica Lavazza espresso point\u00ae compatible capsules are the result of the selection of 100% Arabica coffee with a low caffeine content.","breadcrumb":{"@id":"https:\/\/www.italcaffe.it\/en\/shop\/coffee-capsules\/coffee-pods-lavazza-compatible\/capsules-arabica-2\/#breadcrumb"},"inLanguage":"en-US","potentialAction":[{"@type":"ReadAction","target":["https:\/\/www.italcaffe.it\/en\/shop\/coffee-capsules\/coffee-pods-lavazza-compatible\/capsules-arabica-2\/"]}]},{"@type":"ImageObject","inLanguage":"en-US","@id":"https:\/\/www.italcaffe.it\/en\/shop\/coffee-capsules\/coffee-pods-lavazza-compatible\/capsules-arabica-2\/#primaryimage","url":"https:\/\/italcaffe.it\/wp-content\/uploads\/2016\/05\/capsesparab100-italcaffeshop.jpg","contentUrl":"https:\/\/italcaffe.it\/wp-content\/uploads\/2016\/05\/capsesparab100-italcaffeshop.jpg","width":825,"height":1100,"caption":"Arabica Coffee Caps"},{"@type":"BreadcrumbList","@id":"https:\/\/www.italcaffe.it\/en\/shop\/coffee-capsules\/coffee-pods-lavazza-compatible\/capsules-arabica-2\/#breadcrumb","itemListElement":[{"@type":"ListItem","position":1,"name":"Home","item":"https:\/\/italcaffe.it\/en\/"},{"@type":"ListItem","position":2,"name":"Products","item":"https:\/\/italcaffe.it\/en\/italian-coffee\/"},{"@type":"ListItem","position":3,"name":"Capsule and Pods Line","item":"https:\/\/italcaffe.it\/en\/italian-coffee\/pods-capsules\/"},{"@type":"ListItem","position":4,"name":"ESPRESSO 100% ARABICA CAPSULES"}]},{"@type":"WebSite","@id":"https:\/\/italcaffe.it\/en\/#website","url":"https:\/\/italcaffe.it\/en\/","name":"Italcaff\u00e8","description":"50 Anni insieme","potentialAction":[{"@type":"SearchAction","target":{"@type":"EntryPoint","urlTemplate":"https:\/\/italcaffe.it\/en\/?s={search_term_string}"},"query-input":{"@type":"PropertyValueSpecification","valueRequired":true,"valueName":"search_term_string"}}],"inLanguage":"en-US"}]}},"_links":{"self":[{"href":"https:\/\/italcaffe.it\/en\/wp-json\/wp\/v2\/pages\/20005","targetHints":{"allow":["GET"]}}],"collection":[{"href":"https:\/\/italcaffe.it\/en\/wp-json\/wp\/v2\/pages"}],"about":[{"href":"https:\/\/italcaffe.it\/en\/wp-json\/wp\/v2\/types\/page"}],"author":[{"embeddable":true,"href":"https:\/\/italcaffe.it\/en\/wp-json\/wp\/v2\/users\/3"}],"replies":[{"embeddable":true,"href":"https:\/\/italcaffe.it\/en\/wp-json\/wp\/v2\/comments?post=20005"}],"version-history":[{"count":0,"href":"https:\/\/italcaffe.it\/en\/wp-json\/wp\/v2\/pages\/20005\/revisions"}],"up":[{"embeddable":true,"href":"https:\/\/italcaffe.it\/en\/wp-json\/wp\/v2\/pages\/19828"}],"wp:featuredmedia":[{"embeddable":true,"href":"https:\/\/italcaffe.it\/en\/wp-json\/wp\/v2\/media\/10016"}],"wp:attachment":[{"href":"https:\/\/italcaffe.it\/en\/wp-json\/wp\/v2\/media?parent=20005"}],"curies":[{"name":"wp","href":"https:\/\/api.w.org\/{rel}","templated":true}]}}