{"id":22852,"date":"2020-02-26T15:59:19","date_gmt":"2020-02-26T14:38:06","guid":{"rendered":"https:\/\/www.italcaffe.it\/product\/coffee-beans-1kg-italcaffe-espresso-gran-gusto\/"},"modified":"2022-12-08T21:22:46","modified_gmt":"2022-12-08T20:22:46","slug":"gran-gusto-coffee-beans-italcaffe-espresso-bar-1kg","status":"publish","type":"product","link":"https:\/\/italcaffe.it\/en\/shop\/coffee-beans\/italian-espresso\/gran-gusto-coffee-beans-italcaffe-espresso-bar-1kg\/","title":{"rendered":"Gran Gusto Coffee Beans Italcaff\u00e8 Espresso Bar 1kg"},"content":{"rendered":"<h2 class=\"product_title entry-title text-uppercase pt__35\">Features of Gran Gusto Coffee Beans Italcaff\u00e8 Espresso Bar 1kg<\/h2>\n<p class=\"product_title entry-title text-uppercase pt__35\"><a href=\"https:\/\/youtu.be\/E8FJ41V8yE0\" target=\"_blank\" rel=\"noopener\">Gran Gusto<\/a> coffee beans <a href=\"https:\/\/www.italcaffe.it\/en\/coffee-roasting\/\" target=\"_blank\" rel=\"noopener\">Italcaff\u00e8<\/a> Espresso Bar 1Kg is a great coffee composed of a harmonious blending of coffees of the Arabica and Robusta species, accurately measured in order to offer you a great Italian Espresso with medium roast.<br \/>\nBuy online Italcaff\u00e8 because it is perfect for espresso machine and bean to cup coffee machines.<br \/>\nIn fact <a href=\"https:\/\/youtu.be\/E8FJ41V8yE0\" target=\"_blank\" rel=\"noopener\">Gran Gusto<\/a> coffee beans <a href=\"https:\/\/www.italcaffe.it\/en\/coffee-roasting\/\" target=\"_blank\" rel=\"noopener\">Italcaff\u00e8<\/a> Espresso Bar<span style=\"color: #000000;\"> is packaged in a protective atmosphere to conserve taste and freshness in a four side sealed bag of 1kg with one way degassing valve.\u00a0<\/span><a href=\"https:\/\/www.italcaffe.it\/en\/coffee-roasting\/\" target=\"_blank\" rel=\"noopener\">Italcaff\u00e8<\/a> <a href=\"https:\/\/youtu.be\/E8FJ41V8yE0\" target=\"_blank\" rel=\"noopener\">Gran Gusto<\/a> Espresso bag offer a better preservation of coffee over time as well as greater quality of the whole bean coffee compared to the usual bags that you find on the market.<br \/>\nThese Italcaff\u00e8 espresso beans are flavorful with a thick, velvety crema. Flavors include honey, almonds, and dried fruit.<br \/>\nFurthermore they are a dark brown without being too dark and are blended and roasted in Italy.<br \/>\nIn this way they can be used, though, for both espresso and drip coffee makers and can be used for straight espresso as well as milk-based drinks.<br \/>\nThat&#8217;s why this makes these beans some of the most versatile on the market and is why they are so popular.<br \/>\nThey are the best Italian espresso beans and make you feel like you are sipping them at a cafe in Italy.<\/p>\n<h2 class=\"product_title entry-title text-uppercase pt__35\">Who we are<\/h2>\n<p align=\"justify\"><span style=\"color: #000000;\">Italcaff\u00e8 S.p.A. is an Italian coffee-roasting company whose factory and head office are located near La Spezia in Italy.<br \/>\nItalcaff\u00e8 S.p.A, established in 1969 draw on almost 40 years of traditional Italian expertise in the roasting and blending of fine coffees.<br \/>\nIts activity consists in importing green coffee directly from the markets of origin of the raw material.<br \/>\n<\/span><span style=\"color: #000000;\">Subsequently coffee is then roasted according to the best Italian tradition and packed very carefully.<br \/>\nEventually thanks to our advanced equipments, we package our roasted coffee beans in special flexible package. These bags are then filled with a protective atmosphere (Nitrogen), with the addition of a unidirectional valve for the gas emission ( Aroma ).<br \/>\nThe roasting of the harmonious combinations of differing coffee varieties unites the old artisan-care with advanced technology.<\/span><\/p>\n<h2 class=\"product_title entry-title text-uppercase pt__35\">The words coffee beans in other languages<\/h2>\n<p align=\"justify\">kaffeb\u00f8nner (Danmark, Norge) | koffiebonen (Nederland) | ziarna kawy (Polska)| kaffeb\u00f6nor (Sverige) | kahvipavut (Suomi) | Kafijas pupi\u0146as (Latvija)| kohvioad (Eesti) | kavos pupel\u0117s (Lietuva) | \u041a\u043e\u0444\u0435\u0439\u043d\u044b\u0435 \u0437\u0435\u0440\u043d\u0430 (\u0420\u043e\u0441\u0441\u0438\u044f) | cafea boabe (Rom\u00e2nia) | k\u00e1v\u00e9bab (Magyarorsz\u00e1g) | \u041a\u0430\u0444\u0435\u043d\u0438 \u0437\u044a\u0440\u043d\u0430 (\u0411\u044a\u043b\u0433\u0430\u0440\u0438\u044f) | \u0417\u0440\u043d\u0430 \u043a\u0430\u0444\u0435 (\u043c\u0430\u043a\u0435\u0434\u043e\u043d\u0438\u0458\u0430) | zrna kave (Hrvatska) | zrna kafe ( Serbia ) | \u039a\u03cc\u03ba\u03ba\u03bf\u03b9 \u03ba\u03b1\u03c6\u03ad (\u0395\u03bb\u03bb\u03ac\u03b4\u03b1) | caf\u00e9 en grano (Espa\u00f1a) | caf\u00e9 em gr\u00e3o (Portugal)<\/p>\n","protected":false},"excerpt":{"rendered":"<p style=\"text-align: justify;\"><span style=\"color: #ff0000;\"><span style=\"color: #000000;\"><a href=\"https:\/\/youtu.be\/E8FJ41V8yE0\" target=\"_blank\" rel=\"noopener\">Gran Gusto<\/a> coffee beans <a href=\"https:\/\/www.italcaffe.it\/en\/coffee-roasting\/\" target=\"_blank\" rel=\"noopener\">Italcaff\u00e8<\/a> Espresso Bar 1Kg is a great coffee composed of a harmonious blending of coffees of the Arabica and Robusta species, accurately measured in order to offer you a great Italian Espresso with medium roast.<br \/>\nBuy online Italcaff\u00e8 because it is perfect for espresso machine and bean to cup coffee machines.<br \/>\nIn fact <a href=\"https:\/\/youtu.be\/E8FJ41V8yE0\" target=\"_blank\" rel=\"noopener\">Gran Gusto<\/a> coffee beans <a href=\"https:\/\/www.italcaffe.it\/en\/coffee-roasting\/\" target=\"_blank\" rel=\"noopener\">Italcaff\u00e8<\/a> Espresso Bar is packaged in a protective atmosphere to conserve taste and freshness in a four side sealed bag of 1kg with one way degassing valve.\u00a0<a href=\"https:\/\/www.italcaffe.it\/en\/coffee-roasting\/\" target=\"_blank\" rel=\"noopener\">Italcaff\u00e8<\/a> <a href=\"https:\/\/youtu.be\/E8FJ41V8yE0\" target=\"_blank\" rel=\"noopener\">Gran Gusto<\/a> Espresso bag offer a better preservation of coffee over time as well as greater quality of the whole bean coffee compared to the usual bags that you find on the market.<\/span><\/span><span style=\"color: #ff0000;\"><span style=\"color: #000000;\"><br \/>\nFurthermore this is<\/span><\/span><span style=\"color: #ff0000;\"><span style=\"color: #000000;\"> a full-bodied taste coffee beans direct from Italian coffee roaster. Italcaff\u00e8 <\/span><span style=\"color: #000000;\">Gran Gusto Espresso coffee beans 1kg is pure energy in whole bean.<\/span><\/span><\/p>\n","protected":false},"featured_media":20734,"template":"","meta":{"_acf_changed":false},"product_brand":[],"product_cat":[251,252],"product_tag":[],"class_list":{"0":"post-22852","1":"product","2":"type-product","3":"status-publish","4":"has-post-thumbnail","6":"product_cat-coffee-beans","7":"product_cat-italian-espresso","9":"first","10":"instock","11":"taxable","12":"shipping-taxable","13":"product-type-grouped"},"acf":[],"yoast_head":"<!-- This site is optimized with the Yoast SEO plugin v27.0 - https:\/\/yoast.com\/product\/yoast-seo-wordpress\/ -->\n<title>Gran Gusto Coffee Beans Italcaff\u00e8 Espresso Bar 1kg | Whole bean coffee<\/title>\n<meta name=\"description\" content=\"Discover Gran Gusto Coffee Beans Italcaff\u00e8 Espresso Bar: a precious Italian blend with a sweet, creamy aroma and a delicious rich taste. Whole bean coffee.\" \/>\n<meta name=\"robots\" content=\"index, follow, max-snippet:-1, max-image-preview:large, max-video-preview:-1\" \/>\n<link rel=\"canonical\" href=\"https:\/\/italcaffe.it\/en\/shop\/coffee-beans\/italian-espresso\/gran-gusto-coffee-beans-italcaffe-espresso-bar-1kg\/\" \/>\n<meta property=\"og:locale\" content=\"en_US\" \/>\n<meta property=\"og:type\" content=\"article\" \/>\n<meta property=\"og:title\" content=\"Gran Gusto Coffee Beans Italcaff\u00e8 Espresso Bar 1kg | Whole bean coffee\" \/>\n<meta property=\"og:description\" content=\"Discover Gran Gusto Coffee Beans Italcaff\u00e8 Espresso Bar: a precious Italian blend with a sweet, creamy aroma and a delicious rich taste. Whole bean coffee.\" \/>\n<meta property=\"og:url\" content=\"https:\/\/italcaffe.it\/en\/shop\/coffee-beans\/italian-espresso\/gran-gusto-coffee-beans-italcaffe-espresso-bar-1kg\/\" \/>\n<meta property=\"og:site_name\" content=\"Italcaff\u00e8\" \/>\n<meta property=\"article:modified_time\" content=\"2022-12-08T20:22:46+00:00\" \/>\n<meta property=\"og:image\" content=\"https:\/\/italcaffe.it\/wp-content\/uploads\/2020\/02\/11-grangusto.jpg\" \/>\n\t<meta property=\"og:image:width\" content=\"825\" \/>\n\t<meta property=\"og:image:height\" content=\"1100\" \/>\n\t<meta property=\"og:image:type\" content=\"image\/jpeg\" \/>\n<meta name=\"twitter:card\" content=\"summary_large_image\" \/>\n<meta name=\"twitter:label1\" content=\"Est. reading time\" \/>\n\t<meta name=\"twitter:data1\" content=\"3 minutes\" \/>\n<script type=\"application\/ld+json\" class=\"yoast-schema-graph\">{\"@context\":\"https:\/\/schema.org\",\"@graph\":[{\"@type\":\"WebPage\",\"@id\":\"https:\/\/italcaffe.it\/en\/shop\/coffee-beans\/italian-espresso\/gran-gusto-coffee-beans-italcaffe-espresso-bar-1kg\/\",\"url\":\"https:\/\/italcaffe.it\/en\/shop\/coffee-beans\/italian-espresso\/gran-gusto-coffee-beans-italcaffe-espresso-bar-1kg\/\",\"name\":\"Gran Gusto Coffee Beans Italcaff\u00e8 Espresso Bar 1kg | Whole bean coffee\",\"isPartOf\":{\"@id\":\"https:\/\/italcaffe.it\/en\/#website\"},\"primaryImageOfPage\":{\"@id\":\"https:\/\/italcaffe.it\/en\/shop\/coffee-beans\/italian-espresso\/gran-gusto-coffee-beans-italcaffe-espresso-bar-1kg\/#primaryimage\"},\"image\":{\"@id\":\"https:\/\/italcaffe.it\/en\/shop\/coffee-beans\/italian-espresso\/gran-gusto-coffee-beans-italcaffe-espresso-bar-1kg\/#primaryimage\"},\"thumbnailUrl\":\"https:\/\/italcaffe.it\/wp-content\/uploads\/2020\/02\/11-grangusto.jpg\",\"datePublished\":\"2020-02-26T14:38:06+00:00\",\"dateModified\":\"2022-12-08T20:22:46+00:00\",\"description\":\"Discover Gran Gusto Coffee Beans Italcaff\u00e8 Espresso Bar: a precious Italian blend with a sweet, creamy aroma and a delicious rich taste. Whole bean coffee.\",\"breadcrumb\":{\"@id\":\"https:\/\/italcaffe.it\/en\/shop\/coffee-beans\/italian-espresso\/gran-gusto-coffee-beans-italcaffe-espresso-bar-1kg\/#breadcrumb\"},\"inLanguage\":\"en-US\",\"potentialAction\":[{\"@type\":\"ReadAction\",\"target\":[\"https:\/\/italcaffe.it\/en\/shop\/coffee-beans\/italian-espresso\/gran-gusto-coffee-beans-italcaffe-espresso-bar-1kg\/\"]}]},{\"@type\":\"ImageObject\",\"inLanguage\":\"en-US\",\"@id\":\"https:\/\/italcaffe.it\/en\/shop\/coffee-beans\/italian-espresso\/gran-gusto-coffee-beans-italcaffe-espresso-bar-1kg\/#primaryimage\",\"url\":\"https:\/\/italcaffe.it\/wp-content\/uploads\/2020\/02\/11-grangusto.jpg\",\"contentUrl\":\"https:\/\/italcaffe.it\/wp-content\/uploads\/2020\/02\/11-grangusto.jpg\",\"width\":825,\"height\":1100,\"caption\":\"Gran Gusto Coffee Beans Italcaff\u00e8 Espresso Bar 1kg | kaffeb\u00f6nor Espresso Kaffe | kaffeb\u00f8nner\"},{\"@type\":\"BreadcrumbList\",\"@id\":\"https:\/\/italcaffe.it\/en\/shop\/coffee-beans\/italian-espresso\/gran-gusto-coffee-beans-italcaffe-espresso-bar-1kg\/#breadcrumb\",\"itemListElement\":[{\"@type\":\"ListItem\",\"position\":1,\"name\":\"Home\",\"item\":\"https:\/\/italcaffe.it\/en\/\"},{\"@type\":\"ListItem\",\"position\":2,\"name\":\"Shop\",\"item\":\"https:\/\/italcaffe.it\/en\/shop\/\"},{\"@type\":\"ListItem\",\"position\":3,\"name\":\"Gran Gusto Coffee Beans Italcaff\u00e8 Espresso Bar 1kg\"}]},{\"@type\":\"WebSite\",\"@id\":\"https:\/\/italcaffe.it\/en\/#website\",\"url\":\"https:\/\/italcaffe.it\/en\/\",\"name\":\"Italcaff\u00e8\",\"description\":\"50 Anni insieme\",\"potentialAction\":[{\"@type\":\"SearchAction\",\"target\":{\"@type\":\"EntryPoint\",\"urlTemplate\":\"https:\/\/italcaffe.it\/en\/?s={search_term_string}\"},\"query-input\":{\"@type\":\"PropertyValueSpecification\",\"valueRequired\":true,\"valueName\":\"search_term_string\"}}],\"inLanguage\":\"en-US\"}]}<\/script>\n<!-- \/ Yoast SEO plugin. -->","yoast_head_json":{"title":"Gran Gusto Coffee Beans Italcaff\u00e8 Espresso Bar 1kg | Whole bean coffee","description":"Discover Gran Gusto Coffee Beans Italcaff\u00e8 Espresso Bar: a precious Italian blend with a sweet, creamy aroma and a delicious rich taste. Whole bean coffee.","robots":{"index":"index","follow":"follow","max-snippet":"max-snippet:-1","max-image-preview":"max-image-preview:large","max-video-preview":"max-video-preview:-1"},"canonical":"https:\/\/italcaffe.it\/en\/shop\/coffee-beans\/italian-espresso\/gran-gusto-coffee-beans-italcaffe-espresso-bar-1kg\/","og_locale":"en_US","og_type":"article","og_title":"Gran Gusto Coffee Beans Italcaff\u00e8 Espresso Bar 1kg | Whole bean coffee","og_description":"Discover Gran Gusto Coffee Beans Italcaff\u00e8 Espresso Bar: a precious Italian blend with a sweet, creamy aroma and a delicious rich taste. Whole bean coffee.","og_url":"https:\/\/italcaffe.it\/en\/shop\/coffee-beans\/italian-espresso\/gran-gusto-coffee-beans-italcaffe-espresso-bar-1kg\/","og_site_name":"Italcaff\u00e8","article_modified_time":"2022-12-08T20:22:46+00:00","og_image":[{"width":825,"height":1100,"url":"https:\/\/italcaffe.it\/wp-content\/uploads\/2020\/02\/11-grangusto.jpg","type":"image\/jpeg"}],"twitter_card":"summary_large_image","twitter_misc":{"Est. reading time":"3 minutes"},"schema":{"@context":"https:\/\/schema.org","@graph":[{"@type":"WebPage","@id":"https:\/\/italcaffe.it\/en\/shop\/coffee-beans\/italian-espresso\/gran-gusto-coffee-beans-italcaffe-espresso-bar-1kg\/","url":"https:\/\/italcaffe.it\/en\/shop\/coffee-beans\/italian-espresso\/gran-gusto-coffee-beans-italcaffe-espresso-bar-1kg\/","name":"Gran Gusto Coffee Beans Italcaff\u00e8 Espresso Bar 1kg | Whole bean coffee","isPartOf":{"@id":"https:\/\/italcaffe.it\/en\/#website"},"primaryImageOfPage":{"@id":"https:\/\/italcaffe.it\/en\/shop\/coffee-beans\/italian-espresso\/gran-gusto-coffee-beans-italcaffe-espresso-bar-1kg\/#primaryimage"},"image":{"@id":"https:\/\/italcaffe.it\/en\/shop\/coffee-beans\/italian-espresso\/gran-gusto-coffee-beans-italcaffe-espresso-bar-1kg\/#primaryimage"},"thumbnailUrl":"https:\/\/italcaffe.it\/wp-content\/uploads\/2020\/02\/11-grangusto.jpg","datePublished":"2020-02-26T14:38:06+00:00","dateModified":"2022-12-08T20:22:46+00:00","description":"Discover Gran Gusto Coffee Beans Italcaff\u00e8 Espresso Bar: a precious Italian blend with a sweet, creamy aroma and a delicious rich taste. Whole bean coffee.","breadcrumb":{"@id":"https:\/\/italcaffe.it\/en\/shop\/coffee-beans\/italian-espresso\/gran-gusto-coffee-beans-italcaffe-espresso-bar-1kg\/#breadcrumb"},"inLanguage":"en-US","potentialAction":[{"@type":"ReadAction","target":["https:\/\/italcaffe.it\/en\/shop\/coffee-beans\/italian-espresso\/gran-gusto-coffee-beans-italcaffe-espresso-bar-1kg\/"]}]},{"@type":"ImageObject","inLanguage":"en-US","@id":"https:\/\/italcaffe.it\/en\/shop\/coffee-beans\/italian-espresso\/gran-gusto-coffee-beans-italcaffe-espresso-bar-1kg\/#primaryimage","url":"https:\/\/italcaffe.it\/wp-content\/uploads\/2020\/02\/11-grangusto.jpg","contentUrl":"https:\/\/italcaffe.it\/wp-content\/uploads\/2020\/02\/11-grangusto.jpg","width":825,"height":1100,"caption":"Gran Gusto Coffee Beans Italcaff\u00e8 Espresso Bar 1kg | kaffeb\u00f6nor Espresso Kaffe | kaffeb\u00f8nner"},{"@type":"BreadcrumbList","@id":"https:\/\/italcaffe.it\/en\/shop\/coffee-beans\/italian-espresso\/gran-gusto-coffee-beans-italcaffe-espresso-bar-1kg\/#breadcrumb","itemListElement":[{"@type":"ListItem","position":1,"name":"Home","item":"https:\/\/italcaffe.it\/en\/"},{"@type":"ListItem","position":2,"name":"Shop","item":"https:\/\/italcaffe.it\/en\/shop\/"},{"@type":"ListItem","position":3,"name":"Gran Gusto Coffee Beans Italcaff\u00e8 Espresso Bar 1kg"}]},{"@type":"WebSite","@id":"https:\/\/italcaffe.it\/en\/#website","url":"https:\/\/italcaffe.it\/en\/","name":"Italcaff\u00e8","description":"50 Anni insieme","potentialAction":[{"@type":"SearchAction","target":{"@type":"EntryPoint","urlTemplate":"https:\/\/italcaffe.it\/en\/?s={search_term_string}"},"query-input":{"@type":"PropertyValueSpecification","valueRequired":true,"valueName":"search_term_string"}}],"inLanguage":"en-US"}]}},"_links":{"self":[{"href":"https:\/\/italcaffe.it\/en\/wp-json\/wp\/v2\/product\/22852","targetHints":{"allow":["GET"]}}],"collection":[{"href":"https:\/\/italcaffe.it\/en\/wp-json\/wp\/v2\/product"}],"about":[{"href":"https:\/\/italcaffe.it\/en\/wp-json\/wp\/v2\/types\/product"}],"wp:featuredmedia":[{"embeddable":true,"href":"https:\/\/italcaffe.it\/en\/wp-json\/wp\/v2\/media\/20734"}],"wp:attachment":[{"href":"https:\/\/italcaffe.it\/en\/wp-json\/wp\/v2\/media?parent=22852"}],"wp:term":[{"taxonomy":"product_brand","embeddable":true,"href":"https:\/\/italcaffe.it\/en\/wp-json\/wp\/v2\/product_brand?post=22852"},{"taxonomy":"product_cat","embeddable":true,"href":"https:\/\/italcaffe.it\/en\/wp-json\/wp\/v2\/product_cat?post=22852"},{"taxonomy":"product_tag","embeddable":true,"href":"https:\/\/italcaffe.it\/en\/wp-json\/wp\/v2\/product_tag?post=22852"}],"curies":[{"name":"wp","href":"https:\/\/api.w.org\/{rel}","templated":true}]}}