{"id":22871,"date":"2020-02-26T15:59:28","date_gmt":"2020-02-26T14:38:11","guid":{"rendered":"https:\/\/www.italcaffe.it\/product\/espresso-coffee-beans-italcaffe-prestige-bar-1kg\/"},"modified":"2022-12-19T15:31:49","modified_gmt":"2022-12-19T14:31:49","slug":"prestige-espresso-roasted-coffee-beans-1kg","status":"publish","type":"product","link":"https:\/\/italcaffe.it\/en\/shop\/coffee-beans\/italian-espresso\/prestige-espresso-roasted-coffee-beans-1kg\/","title":{"rendered":"Prestige Espresso Roasted Coffee Beans Italcaff\u00e8 1kg"},"content":{"rendered":"<h2 class=\"product_title entry-title text-uppercase pt__35\">Features of Prestige Espresso Roasted Coffee Beans Italcaff\u00e8 1kg<\/h2>\n<p class=\"product_title entry-title text-uppercase pt__35\"><a href=\"https:\/\/youtube.com\/shorts\/MJxji8HnIrA\">Prestige<\/a> <a href=\"https:\/\/www.facebook.com\/italcaffe\/photos\/pb.100063601539418.-2207520000.\/10158357552473106\/?type=3\">Espresso<\/a> Roasted Coffee Beans <a href=\"https:\/\/www.italcaffe.it\/en\/the-roastery\/\">Italcaff\u00e8<\/a>\u00a0<span style=\"color: #000000;\"> is composed by the most precious coffee varieties Arabica and Robusta are mixed by Italcaffe to obtain a blend with a pleasant aroma and sweet cream.\u00a0<\/span><span style=\"color: #000000;\">A full bodied, sweet, chocolaty, creamy aromatic cup of espresso. Intense and satisfying. Suitable for espresso machines as well as bean to cup machines. Medium roast. <\/span><\/p>\n<p style=\"text-align: justify;\"><span style=\"color: #000000;\"><a href=\"https:\/\/youtube.com\/shorts\/MJxji8HnIrA\">Prestige<\/a> <a href=\"https:\/\/www.facebook.com\/italcaffe\/photos\/pb.100063601539418.-2207520000.\/10158357552473106\/?type=3\">Espresso<\/a> Roasted Coffee Beans <a href=\"https:\/\/www.italcaffe.it\/en\/the-roastery\/\">Italcaff\u00e8<\/a>\u00a0 1kg is packaged in a protective atmosphere to conserve taste and freshness. <\/span><span style=\"color: #000000;\">This is a bag of 1kg with one-way degassing valve.\u00a0<\/span><span style=\"color: #ff0000;\"><span style=\"color: #000000;\">These features guarantee a better preservation over time as well as greater quality of the product compared to the usual coffee bags that you find on the market. <\/span><\/span>That&#8217;s why this makes these beans some of the most versatile on the market and is why they are so popular.<br \/>\nThey are the best Italian espresso beans and make you feel like you are sipping them at a cafe in Italy.<\/p>\n<h2 class=\"product_title entry-title text-uppercase pt__35\">Who we are<\/h2>\n<p align=\"justify\"><span style=\"color: #000000;\">Italcaff\u00e8 S.p.A. is an Italian coffee-roasting company whose factory and head office are located near La Spezia in Italy.<br \/>\nItalcaff\u00e8 S.p.A, established in 1969 draw on almost 40 years of traditional Italian expertise in the roasting and blending of fine coffees.<br \/>\nIts activity consists in importing green coffee directly from the markets of origin of the raw material.<br \/>\n<\/span><span style=\"color: #000000;\">Subsequently coffee is then roasted according to the best Italian tradition and packed very carefully.<br \/>\nEventually thanks to our advanced equipments, we package our roasted coffee beans in special flexible package. These bags are then filled with a protective atmosphere (Nitrogen), with the addition of a unidirectional valve for the gas emission ( Aroma ).<br \/>\nThe roasting of the harmonious combinations of differing coffee varieties unites the old artisan-care with advanced technology.<\/span><\/p>\n<h2 class=\"product_title entry-title text-uppercase pt__35\">The words coffee beans in other languages<\/h2>\n<p align=\"justify\">kaffeb\u00f8nner (Danmark, Norge) | koffiebonen (Nederland) | ziarna kawy (Polska)| kaffeb\u00f6nor (Sverige) | kahvipavut (Suomi) | Kafijas pupi\u0146as (Latvija)| kohvioad (Eesti) | kavos pupel\u0117s (Lietuva) | \u041a\u043e\u0444\u0435\u0439\u043d\u044b\u0435 \u0437\u0435\u0440\u043d\u0430 (\u0420\u043e\u0441\u0441\u0438\u044f) | cafea boabe (Rom\u00e2nia) | k\u00e1v\u00e9bab (Magyarorsz\u00e1g) | \u041a\u0430\u0444\u0435\u043d\u0438 \u0437\u044a\u0440\u043d\u0430 (\u0411\u044a\u043b\u0433\u0430\u0440\u0438\u044f) | \u0417\u0440\u043d\u0430 \u043a\u0430\u0444\u0435 (\u043c\u0430\u043a\u0435\u0434\u043e\u043d\u0438\u0458\u0430) | zrna kave (Hrvatska) | zrna kafe ( Serbia ) | \u039a\u03cc\u03ba\u03ba\u03bf\u03b9 \u03ba\u03b1\u03c6\u03ad (\u0395\u03bb\u03bb\u03ac\u03b4\u03b1) | caf\u00e9 en grano (Espa\u00f1a) | caf\u00e9 em gr\u00e3o (Portugal)<\/p>\n","protected":false},"excerpt":{"rendered":"<p style=\"text-align: justify;\"><span style=\"color: #000000;\"><a href=\"https:\/\/youtube.com\/shorts\/MJxji8HnIrA\">Prestige<\/a> <a href=\"https:\/\/www.facebook.com\/italcaffe\/photos\/pb.100063601539418.-2207520000.\/10158357552473106\/?type=3\">Espresso<\/a> Roasted Coffee Beans <a href=\"https:\/\/www.italcaffe.it\/en\/the-roastery\/\">Italcaff\u00e8<\/a> 1kg is composed by the most precious coffee varieties Arabica and Robusta are mixed by Italcaffe to obtain a blend with a pleasant aroma and sweet cream.\u00a0<\/span><span style=\"color: #000000;\">A full bodied, sweet, chocolaty, creamy aromatic cup of espresso from italcaff\u00e8. Intense and satisfying.<br \/>\nSuitable for espresso machines as well as bean to cup machines. Medium roast.\u00a0<\/span><span style=\"color: #000000;\"><a href=\"https:\/\/youtube.com\/shorts\/MJxji8HnIrA\">Prestige<\/a> <a href=\"https:\/\/www.facebook.com\/italcaffe\/photos\/pb.100063601539418.-2207520000.\/10158357552473106\/?type=3\">Espresso<\/a> Roasted Coffee Beans <a href=\"https:\/\/www.italcaffe.it\/en\/the-roastery\/\">Italcaff\u00e8<\/a>\u00a0 is packaged in a protective atmosphere to conserve taste and freshness.\u00a0 These Italcaff\u00e8 espresso beans are flavorful with a thick, velvety crema. Flavors include honey, almonds, and dried fruit.<\/span><span style=\"color: #000000;\"><br \/>\nThis is a bag of 1kg with one-way degassing valve.\u00a0<\/span><span style=\"color: #ff0000;\"><span style=\"color: #000000;\">These features guarantee a better preservation over time as well as greater quality of the product compared to the usual coffee bags that you find on the market.<\/span><span style=\"color: #0000ff;\"><span style=\"color: #000000;\"><br \/>\n<\/span><\/span><\/span><\/p>\n","protected":false},"featured_media":8388,"template":"","meta":{"_acf_changed":false},"product_brand":[],"product_cat":[251,252],"product_tag":[],"class_list":{"0":"post-22871","1":"product","2":"type-product","3":"status-publish","4":"has-post-thumbnail","6":"product_cat-coffee-beans","7":"product_cat-italian-espresso","9":"first","10":"instock","11":"taxable","12":"shipping-taxable","13":"product-type-grouped"},"acf":[],"yoast_head":"<!-- This site is optimized with the Yoast SEO plugin v27.0 - https:\/\/yoast.com\/product\/yoast-seo-wordpress\/ -->\n<title>Prestige Espresso Roasted Coffee Beans Italcaff\u00e8\u00a01kg Italian coffee<\/title>\n<meta name=\"description\" content=\"Prestige Espresso Roasted Coffee Beans is perfect for those looking for a high quality, intense and aromatic cup of espresso. Whole roasted coffee beans\" \/>\n<meta name=\"robots\" content=\"index, follow, max-snippet:-1, max-image-preview:large, max-video-preview:-1\" \/>\n<link rel=\"canonical\" href=\"https:\/\/italcaffe.it\/en\/shop\/coffee-beans\/italian-espresso\/prestige-espresso-roasted-coffee-beans-1kg\/\" \/>\n<meta property=\"og:locale\" content=\"en_US\" \/>\n<meta property=\"og:type\" content=\"article\" \/>\n<meta property=\"og:title\" content=\"Prestige Espresso Roasted Coffee Beans Italcaff\u00e8\u00a01kg Italian coffee\" \/>\n<meta property=\"og:description\" content=\"Prestige Espresso Roasted Coffee Beans is perfect for those looking for a high quality, intense and aromatic cup of espresso. Whole roasted coffee beans\" \/>\n<meta property=\"og:url\" content=\"https:\/\/italcaffe.it\/en\/shop\/coffee-beans\/italian-espresso\/prestige-espresso-roasted-coffee-beans-1kg\/\" \/>\n<meta property=\"og:site_name\" content=\"Italcaff\u00e8\" \/>\n<meta property=\"article:modified_time\" content=\"2022-12-19T14:31:49+00:00\" \/>\n<meta property=\"og:image\" content=\"https:\/\/italcaffe.it\/wp-content\/uploads\/2019\/10\/15-prestige.jpg\" \/>\n\t<meta property=\"og:image:width\" content=\"825\" \/>\n\t<meta property=\"og:image:height\" content=\"1100\" \/>\n\t<meta property=\"og:image:type\" content=\"image\/jpeg\" \/>\n<meta name=\"twitter:card\" content=\"summary_large_image\" \/>\n<meta name=\"twitter:label1\" content=\"Est. reading time\" \/>\n\t<meta name=\"twitter:data1\" content=\"2 minutes\" \/>\n<script type=\"application\/ld+json\" class=\"yoast-schema-graph\">{\"@context\":\"https:\/\/schema.org\",\"@graph\":[{\"@type\":\"WebPage\",\"@id\":\"https:\/\/italcaffe.it\/en\/shop\/coffee-beans\/italian-espresso\/prestige-espresso-roasted-coffee-beans-1kg\/\",\"url\":\"https:\/\/italcaffe.it\/en\/shop\/coffee-beans\/italian-espresso\/prestige-espresso-roasted-coffee-beans-1kg\/\",\"name\":\"Prestige Espresso Roasted Coffee Beans Italcaff\u00e8\u00a01kg Italian coffee\",\"isPartOf\":{\"@id\":\"https:\/\/italcaffe.it\/en\/#website\"},\"primaryImageOfPage\":{\"@id\":\"https:\/\/italcaffe.it\/en\/shop\/coffee-beans\/italian-espresso\/prestige-espresso-roasted-coffee-beans-1kg\/#primaryimage\"},\"image\":{\"@id\":\"https:\/\/italcaffe.it\/en\/shop\/coffee-beans\/italian-espresso\/prestige-espresso-roasted-coffee-beans-1kg\/#primaryimage\"},\"thumbnailUrl\":\"https:\/\/italcaffe.it\/wp-content\/uploads\/2019\/10\/15-prestige.jpg\",\"datePublished\":\"2020-02-26T14:38:11+00:00\",\"dateModified\":\"2022-12-19T14:31:49+00:00\",\"description\":\"Prestige Espresso Roasted Coffee Beans is perfect for those looking for a high quality, intense and aromatic cup of espresso. Whole roasted coffee beans\",\"breadcrumb\":{\"@id\":\"https:\/\/italcaffe.it\/en\/shop\/coffee-beans\/italian-espresso\/prestige-espresso-roasted-coffee-beans-1kg\/#breadcrumb\"},\"inLanguage\":\"en-US\",\"potentialAction\":[{\"@type\":\"ReadAction\",\"target\":[\"https:\/\/italcaffe.it\/en\/shop\/coffee-beans\/italian-espresso\/prestige-espresso-roasted-coffee-beans-1kg\/\"]}]},{\"@type\":\"ImageObject\",\"inLanguage\":\"en-US\",\"@id\":\"https:\/\/italcaffe.it\/en\/shop\/coffee-beans\/italian-espresso\/prestige-espresso-roasted-coffee-beans-1kg\/#primaryimage\",\"url\":\"https:\/\/italcaffe.it\/wp-content\/uploads\/2019\/10\/15-prestige.jpg\",\"contentUrl\":\"https:\/\/italcaffe.it\/wp-content\/uploads\/2019\/10\/15-prestige.jpg\",\"width\":825,\"height\":1100,\"caption\":\"Prestige Espresso Roasted Coffee Beans Italcaff\u00e8 1kg | Whole Bean\"},{\"@type\":\"BreadcrumbList\",\"@id\":\"https:\/\/italcaffe.it\/en\/shop\/coffee-beans\/italian-espresso\/prestige-espresso-roasted-coffee-beans-1kg\/#breadcrumb\",\"itemListElement\":[{\"@type\":\"ListItem\",\"position\":1,\"name\":\"Home\",\"item\":\"https:\/\/italcaffe.it\/en\/\"},{\"@type\":\"ListItem\",\"position\":2,\"name\":\"Shop\",\"item\":\"https:\/\/italcaffe.it\/en\/shop\/\"},{\"@type\":\"ListItem\",\"position\":3,\"name\":\"Prestige Espresso Roasted Coffee Beans Italcaff\u00e8 1kg\"}]},{\"@type\":\"WebSite\",\"@id\":\"https:\/\/italcaffe.it\/en\/#website\",\"url\":\"https:\/\/italcaffe.it\/en\/\",\"name\":\"Italcaff\u00e8\",\"description\":\"50 Anni insieme\",\"potentialAction\":[{\"@type\":\"SearchAction\",\"target\":{\"@type\":\"EntryPoint\",\"urlTemplate\":\"https:\/\/italcaffe.it\/en\/?s={search_term_string}\"},\"query-input\":{\"@type\":\"PropertyValueSpecification\",\"valueRequired\":true,\"valueName\":\"search_term_string\"}}],\"inLanguage\":\"en-US\"}]}<\/script>\n<!-- \/ Yoast SEO plugin. -->","yoast_head_json":{"title":"Prestige Espresso Roasted Coffee Beans Italcaff\u00e8\u00a01kg Italian coffee","description":"Prestige Espresso Roasted Coffee Beans is perfect for those looking for a high quality, intense and aromatic cup of espresso. Whole roasted coffee beans","robots":{"index":"index","follow":"follow","max-snippet":"max-snippet:-1","max-image-preview":"max-image-preview:large","max-video-preview":"max-video-preview:-1"},"canonical":"https:\/\/italcaffe.it\/en\/shop\/coffee-beans\/italian-espresso\/prestige-espresso-roasted-coffee-beans-1kg\/","og_locale":"en_US","og_type":"article","og_title":"Prestige Espresso Roasted Coffee Beans Italcaff\u00e8\u00a01kg Italian coffee","og_description":"Prestige Espresso Roasted Coffee Beans is perfect for those looking for a high quality, intense and aromatic cup of espresso. Whole roasted coffee beans","og_url":"https:\/\/italcaffe.it\/en\/shop\/coffee-beans\/italian-espresso\/prestige-espresso-roasted-coffee-beans-1kg\/","og_site_name":"Italcaff\u00e8","article_modified_time":"2022-12-19T14:31:49+00:00","og_image":[{"width":825,"height":1100,"url":"https:\/\/italcaffe.it\/wp-content\/uploads\/2019\/10\/15-prestige.jpg","type":"image\/jpeg"}],"twitter_card":"summary_large_image","twitter_misc":{"Est. reading time":"2 minutes"},"schema":{"@context":"https:\/\/schema.org","@graph":[{"@type":"WebPage","@id":"https:\/\/italcaffe.it\/en\/shop\/coffee-beans\/italian-espresso\/prestige-espresso-roasted-coffee-beans-1kg\/","url":"https:\/\/italcaffe.it\/en\/shop\/coffee-beans\/italian-espresso\/prestige-espresso-roasted-coffee-beans-1kg\/","name":"Prestige Espresso Roasted Coffee Beans Italcaff\u00e8\u00a01kg Italian coffee","isPartOf":{"@id":"https:\/\/italcaffe.it\/en\/#website"},"primaryImageOfPage":{"@id":"https:\/\/italcaffe.it\/en\/shop\/coffee-beans\/italian-espresso\/prestige-espresso-roasted-coffee-beans-1kg\/#primaryimage"},"image":{"@id":"https:\/\/italcaffe.it\/en\/shop\/coffee-beans\/italian-espresso\/prestige-espresso-roasted-coffee-beans-1kg\/#primaryimage"},"thumbnailUrl":"https:\/\/italcaffe.it\/wp-content\/uploads\/2019\/10\/15-prestige.jpg","datePublished":"2020-02-26T14:38:11+00:00","dateModified":"2022-12-19T14:31:49+00:00","description":"Prestige Espresso Roasted Coffee Beans is perfect for those looking for a high quality, intense and aromatic cup of espresso. Whole roasted coffee beans","breadcrumb":{"@id":"https:\/\/italcaffe.it\/en\/shop\/coffee-beans\/italian-espresso\/prestige-espresso-roasted-coffee-beans-1kg\/#breadcrumb"},"inLanguage":"en-US","potentialAction":[{"@type":"ReadAction","target":["https:\/\/italcaffe.it\/en\/shop\/coffee-beans\/italian-espresso\/prestige-espresso-roasted-coffee-beans-1kg\/"]}]},{"@type":"ImageObject","inLanguage":"en-US","@id":"https:\/\/italcaffe.it\/en\/shop\/coffee-beans\/italian-espresso\/prestige-espresso-roasted-coffee-beans-1kg\/#primaryimage","url":"https:\/\/italcaffe.it\/wp-content\/uploads\/2019\/10\/15-prestige.jpg","contentUrl":"https:\/\/italcaffe.it\/wp-content\/uploads\/2019\/10\/15-prestige.jpg","width":825,"height":1100,"caption":"Prestige Espresso Roasted Coffee Beans Italcaff\u00e8 1kg | Whole Bean"},{"@type":"BreadcrumbList","@id":"https:\/\/italcaffe.it\/en\/shop\/coffee-beans\/italian-espresso\/prestige-espresso-roasted-coffee-beans-1kg\/#breadcrumb","itemListElement":[{"@type":"ListItem","position":1,"name":"Home","item":"https:\/\/italcaffe.it\/en\/"},{"@type":"ListItem","position":2,"name":"Shop","item":"https:\/\/italcaffe.it\/en\/shop\/"},{"@type":"ListItem","position":3,"name":"Prestige Espresso Roasted Coffee Beans Italcaff\u00e8 1kg"}]},{"@type":"WebSite","@id":"https:\/\/italcaffe.it\/en\/#website","url":"https:\/\/italcaffe.it\/en\/","name":"Italcaff\u00e8","description":"50 Anni insieme","potentialAction":[{"@type":"SearchAction","target":{"@type":"EntryPoint","urlTemplate":"https:\/\/italcaffe.it\/en\/?s={search_term_string}"},"query-input":{"@type":"PropertyValueSpecification","valueRequired":true,"valueName":"search_term_string"}}],"inLanguage":"en-US"}]}},"_links":{"self":[{"href":"https:\/\/italcaffe.it\/en\/wp-json\/wp\/v2\/product\/22871","targetHints":{"allow":["GET"]}}],"collection":[{"href":"https:\/\/italcaffe.it\/en\/wp-json\/wp\/v2\/product"}],"about":[{"href":"https:\/\/italcaffe.it\/en\/wp-json\/wp\/v2\/types\/product"}],"wp:featuredmedia":[{"embeddable":true,"href":"https:\/\/italcaffe.it\/en\/wp-json\/wp\/v2\/media\/8388"}],"wp:attachment":[{"href":"https:\/\/italcaffe.it\/en\/wp-json\/wp\/v2\/media?parent=22871"}],"wp:term":[{"taxonomy":"product_brand","embeddable":true,"href":"https:\/\/italcaffe.it\/en\/wp-json\/wp\/v2\/product_brand?post=22871"},{"taxonomy":"product_cat","embeddable":true,"href":"https:\/\/italcaffe.it\/en\/wp-json\/wp\/v2\/product_cat?post=22871"},{"taxonomy":"product_tag","embeddable":true,"href":"https:\/\/italcaffe.it\/en\/wp-json\/wp\/v2\/product_tag?post=22871"}],"curies":[{"name":"wp","href":"https:\/\/api.w.org\/{rel}","templated":true}]}}